{"id":2380,"date":"2025-07-07T07:14:48","date_gmt":"2025-07-07T07:14:48","guid":{"rendered":"https:\/\/customizedwaterbottles.com\/?page_id=2380"},"modified":"2025-10-21T03:15:56","modified_gmt":"2025-10-21T03:15:56","slug":"material-guide-for-flasks-and-tumblers","status":"publish","type":"page","link":"https:\/\/customizedwaterbottles.com\/de\/material-guide-for-flasks-and-tumblers\/","title":{"rendered":"Materialleitfaden f\u00fcr Trinkgeschirr"},"content":{"rendered":"<section class=\"section dark\" id=\"section_30643216\">\n\t\t<div class=\"section-bg fill\" >\n\t\t\t\t\t\t\t\t\t\n\t\t\t\n\n\t\t<\/div>\n\n\t\t\n\n\t\t<div class=\"section-content relative\">\n\t\t\t\n\n<div class=\"row row-full-width align-center\"  id=\"row-1682256286\">\n\n\n\t<div id=\"col-359685094\" class=\"col b0 small-12 large-12\"  >\n\t\t\t\t<div class=\"col-inner text-center\"  >\n\t\t\t\n\t\t\t\n\n\t\t<div class=\"seopress_breadcrumbs\">\n\t\t\t\t\n\n<span><span><a href=\"https:\/\/customizedwaterbottles.com\/de\/\">Startseite<\/a><\/span><\/span>\n\t\t<\/div>\n\t\n\n\t\t<\/div>\n\t\t\t\t\t<\/div>\n\n\t\n\n<\/div>\n\n\t\t<\/div>\n\n\t\t\n<style>\n#section_30643216 {\n  padding-top: 12px;\n  padding-bottom: 12px;\n  background-color: #0252b9;\n}\n<\/style>\n\t<\/section>\n\t\n\n\n\t<section class=\"section\" id=\"section_2089810589\">\n\t\t<div class=\"section-bg fill\" >\n\t\t\t\t\t\t\t\t\t\n\t\t\t\n\n\t\t<\/div>\n\n\t\t\n\n\t\t<div class=\"section-content relative\">\n\t\t\t\n<div><div class=\"row\"  id=\"row-314877104\">\n\t<div id=\"col-1985901943\" class=\"col b0 small-12 large-12\"  >\n\t\t\t\t<div class=\"col-inner\"  >\n\t\t\t\n\t\t\t\n\t<div id=\"text-312222069\" class=\"text\">\n\t\t\n<h2>Material-Leitfaden<\/h2>\n\t\t\n<style>\n#text-312222069 {\n  font-size: 1rem;\n  text-align: left;\n}\n@media (min-width:550px) {\n  #text-312222069 {\n    font-size: 1rem;\n  }\n}\n@media (min-width:850px) {\n  #text-312222069 {\n    font-size: 1.2rem;\n  }\n}\n<\/style>\n\t<\/div>\n\t\n<p>Als zuverl\u00e4ssiger OEM\/ODM-Hersteller von Premium-Getr\u00e4nkeartikeln bieten wir eine gro\u00dfe Auswahl an hochwertigen Materialien, darunter Edelstahl, Tritan\u2122, Glas und Silikon, f\u00fcr die Herstellung Ihrer individuell gestalteten Wasserflaschen, Becher, Reisebecher, Lebensmittelbeh\u00e4lter und Getr\u00e4nkebeh\u00e4lter.<\/p>\n<div class=\"is-divider divider clearfix\" style=\"height:4px;background-color:rgb(35, 119, 248);\"><\/div>\n<div class=\"row\"  id=\"row-1631963224\">\n\n\t<div id=\"col-1799890828\" class=\"col medium-3 small-12 large-3\"  >\n\t\t\t\t<div class=\"col-inner text-center\"  >\n\t\t\t\n\t\t\t\n\t<div class=\"img has-hover x md-x lg-x y md-y lg-y\" id=\"image_1523822730\">\n\t\t\t\t\t\t\t\t<div class=\"img-inner image-cover dark\" style=\"padding-top:100%;\">\n\t\t\t<img decoding=\"async\" width=\"1000\" height=\"1000\" src=\"https:\/\/customizedwaterbottles.com\/wp-content\/uploads\/2025\/07\/silicone-water-bottle-material.webp\" class=\"attachment-large size-large\" alt=\"Material der Silikon-Wasserflasche\" srcset=\"https:\/\/customizedwaterbottles.com\/wp-content\/uploads\/2025\/07\/silicone-water-bottle-material.webp 1000w, https:\/\/customizedwaterbottles.com\/wp-content\/uploads\/2025\/07\/silicone-water-bottle-material-768x768.webp 768w, https:\/\/customizedwaterbottles.com\/wp-content\/uploads\/2025\/07\/silicone-water-bottle-material-300x300.webp 300w, https:\/\/customizedwaterbottles.com\/wp-content\/uploads\/2025\/07\/silicone-water-bottle-material-600x600.webp 600w, https:\/\/customizedwaterbottles.com\/wp-content\/uploads\/2025\/07\/silicone-water-bottle-material-100x100.webp 100w\" sizes=\"(max-width: 1000px) 100vw, 1000px\" \/>\t\t\t\t\t\t\n\t\t\t\t\t<\/div>\n\t\t\t\t\t\t\t\t\n<style>\n#image_1523822730 {\n  width: 100%;\n}\n<\/style>\n\t<\/div>\n\t\n<p><strong>Silikon<\/strong><\/p>\n<p style=\"text-align: left;\">Flexibel, zusammenklappbar und ultra-portabel - unsere Trinkgef\u00e4\u00dfe aus Silikon sind perfekt f\u00fcr den Lebensstil unterwegs.<\/p>\n<p style=\"text-align: left;\">Silikon ist hitzebest\u00e4ndig, leicht zu reinigen und umweltfreundlich und sorgt f\u00fcr mehr Komfort, ohne die Qualit\u00e4t zu beeintr\u00e4chtigen.<\/p>\n\t\t<\/div>\n\t\t\t\t\t<\/div>\n\n\t\n\n\t<div id=\"col-1800725357\" class=\"col medium-3 small-12 large-3\"  >\n\t\t\t\t<div class=\"col-inner text-center\"  >\n\t\t\t\n\t\t\t\n\t<div class=\"img has-hover x md-x lg-x y md-y lg-y\" id=\"image_42069903\">\n\t\t\t\t\t\t\t\t<div class=\"img-inner image-cover dark\" style=\"padding-top:100%;\">\n\t\t\t<img decoding=\"async\" width=\"1000\" height=\"1000\" src=\"https:\/\/customizedwaterbottles.com\/wp-content\/uploads\/2025\/07\/glass-water-bottlesmaterial.webp\" class=\"attachment-large size-large\" alt=\"Glas-WasserflaschenMaterial\" srcset=\"https:\/\/customizedwaterbottles.com\/wp-content\/uploads\/2025\/07\/glass-water-bottlesmaterial.webp 1000w, https:\/\/customizedwaterbottles.com\/wp-content\/uploads\/2025\/07\/glass-water-bottlesmaterial-768x768.webp 768w, https:\/\/customizedwaterbottles.com\/wp-content\/uploads\/2025\/07\/glass-water-bottlesmaterial-300x300.webp 300w, https:\/\/customizedwaterbottles.com\/wp-content\/uploads\/2025\/07\/glass-water-bottlesmaterial-600x600.webp 600w, https:\/\/customizedwaterbottles.com\/wp-content\/uploads\/2025\/07\/glass-water-bottlesmaterial-100x100.webp 100w\" sizes=\"(max-width: 1000px) 100vw, 1000px\" \/>\t\t\t\t\t\t\n\t\t\t\t\t<\/div>\n\t\t\t\t\t\t\t\t\n<style>\n#image_42069903 {\n  width: 100%;\n}\n<\/style>\n\t<\/div>\n\t\n<p style=\"text-align: center;\"><strong>Glas<\/strong><\/p>\n<p style=\"text-align: left;\">F\u00fcr diejenigen, die Reinheit und Eleganz sch\u00e4tzen, bieten unsere Glasflaschen und -becher eine saubere, porenfreie Oberfl\u00e4che, die den Geschmack bewahrt.<\/p>\n<p style=\"text-align: left;\">Zusammen mit den Silikonschutzh\u00fcllen bieten sie sowohl Raffinesse als auch Sicherheit.<\/p>\n\t\t<\/div>\n\t\t\t\t\t<\/div>\n\n\t\n\n\t<div id=\"col-833341921\" class=\"col medium-3 small-12 large-3\"  >\n\t\t\t\t<div class=\"col-inner text-center\"  >\n\t\t\t\n\t\t\t\n\t<div class=\"img has-hover x md-x lg-x y md-y lg-y\" id=\"image_477371724\">\n\t\t\t\t\t\t\t\t<div class=\"img-inner image-cover dark\" style=\"padding-top:100%;\">\n\t\t\t<img decoding=\"async\" width=\"1000\" height=\"1000\" src=\"https:\/\/customizedwaterbottles.com\/wp-content\/uploads\/2025\/07\/material-of-stainless-steel-tumbers.webp\" class=\"attachment-large size-large\" alt=\"Material der Edelstahltrommeln\" srcset=\"https:\/\/customizedwaterbottles.com\/wp-content\/uploads\/2025\/07\/material-of-stainless-steel-tumbers.webp 1000w, https:\/\/customizedwaterbottles.com\/wp-content\/uploads\/2025\/07\/material-of-stainless-steel-tumbers-768x768.webp 768w, https:\/\/customizedwaterbottles.com\/wp-content\/uploads\/2025\/07\/material-of-stainless-steel-tumbers-300x300.webp 300w, https:\/\/customizedwaterbottles.com\/wp-content\/uploads\/2025\/07\/material-of-stainless-steel-tumbers-600x600.webp 600w, https:\/\/customizedwaterbottles.com\/wp-content\/uploads\/2025\/07\/material-of-stainless-steel-tumbers-100x100.webp 100w\" sizes=\"(max-width: 1000px) 100vw, 1000px\" \/>\t\t\t\t\t\t\n\t\t\t\t\t<\/div>\n\t\t\t\t\t\t\t\t\n<style>\n#image_477371724 {\n  width: 100%;\n}\n<\/style>\n\t<\/div>\n\t\n<p><strong><b>Rostfreier Stahl<\/b><\/strong><\/p>\n<p style=\"text-align: left;\">Unsere Flaschen und Becher aus rostfreiem Stahl sind langlebig, temperaturbest\u00e4ndig (hei\u00df oder kalt) und rostbest\u00e4ndig.<\/p>\n<p style=\"text-align: left;\">Perfekt f\u00fcr Outdoor-Abenteuer, Fitnessstudio-Sessions oder den t\u00e4glichen Gebrauch - h\u00e4lt Ihre Getr\u00e4nke stundenlang auf der idealen Temperatur.<\/p>\n\t\t<\/div>\n\t\t\t\t\t<\/div>\n\n\t\n\n\t<div id=\"col-1447212375\" class=\"col medium-3 small-12 large-3\"  >\n\t\t\t\t<div class=\"col-inner text-center\"  >\n\t\t\t\n\t\t\t\n\t<div class=\"img has-hover x md-x lg-x y md-y lg-y\" id=\"image_476786428\">\n\t\t\t\t\t\t\t\t<div class=\"img-inner image-cover dark\" style=\"padding-top:100%;\">\n\t\t\t<img decoding=\"async\" width=\"1000\" height=\"1000\" src=\"https:\/\/customizedwaterbottles.com\/wp-content\/uploads\/2025\/07\/tritan-water-bottles-material.webp\" class=\"attachment-large size-large\" alt=\"Material der Tritan-Wasserflaschen\" srcset=\"https:\/\/customizedwaterbottles.com\/wp-content\/uploads\/2025\/07\/tritan-water-bottles-material.webp 1000w, https:\/\/customizedwaterbottles.com\/wp-content\/uploads\/2025\/07\/tritan-water-bottles-material-768x768.webp 768w, https:\/\/customizedwaterbottles.com\/wp-content\/uploads\/2025\/07\/tritan-water-bottles-material-300x300.webp 300w, https:\/\/customizedwaterbottles.com\/wp-content\/uploads\/2025\/07\/tritan-water-bottles-material-600x600.webp 600w, https:\/\/customizedwaterbottles.com\/wp-content\/uploads\/2025\/07\/tritan-water-bottles-material-100x100.webp 100w\" sizes=\"(max-width: 1000px) 100vw, 1000px\" \/>\t\t\t\t\t\t\n\t\t\t\t\t<\/div>\n\t\t\t\t\t\t\t\t\n<style>\n#image_476786428 {\n  width: 100%;\n}\n<\/style>\n\t<\/div>\n\t\n<p><strong>Tritan\u2122 Copolyester<\/strong><\/p>\n<p style=\"text-align: left;\">Das leichte, kristallklare und 100% BPA-freie Tritan\u2122 garantiert einen reinen Geschmack ohne sch\u00e4dliche Chemikalien.<\/p>\n<p style=\"text-align: left;\">Unser Tritan\u2122-Getr\u00e4nkegeschirr ist bruchsicher und sp\u00fclmaschinenfest und eignet sich ideal f\u00fcr Kinder, Reisende und gesundheitsbewusste Benutzer.<\/p>\n\t\t<\/div>\n\t\t\t\t\t<\/div>\n\n\t\n<\/div>\n\t\t<\/div>\n\t\t\t\t\t<\/div>\n\n\t\n<\/div>\n\t\t<\/div>\n\n\t\t\n<style>\n#section_2089810589 {\n  padding-top: 10px;\n  padding-bottom: 10px;\n}\n@media (min-width:550px) {\n  #section_2089810589 {\n    padding-top: 30px;\n    padding-bottom: 30px;\n  }\n}\n@media (min-width:850px) {\n  #section_2089810589 {\n    padding-top: 30px;\n    padding-bottom: 30px;\n  }\n}\n<\/style>\n\t<\/section>\n\t\n\n\t<section class=\"section\" id=\"section_95610861\">\n\t\t<div class=\"section-bg fill\" >\n\t\t\t\t\t\t\t\t\t\n\t\t\t\n\n\t\t<\/div>\n\n\t\t\n\n\t\t<div class=\"section-content relative\">\n\t\t\t\n<div class=\"row\"  id=\"row-562596472\">\n\n\t<div id=\"col-1093110163\" class=\"col small-12 large-12\"  >\n\t\t\t\t<div class=\"col-inner\"  >\n\t\t\t\n\t\t\t\n\t<div id=\"text-4037533115\" class=\"text\">\n\t\t\n<h2>Alle unsere Materialien werden rigoros getestet, um dies zu gew\u00e4hrleisten:<\/h2>\n\t\t\n<style>\n#text-4037533115 {\n  font-size: 1rem;\n  text-align: center;\n}\n@media (min-width:550px) {\n  #text-4037533115 {\n    font-size: 1.2rem;\n  }\n}\n<\/style>\n\t<\/div>\n\t\n\t<div id=\"text-3432960080\" class=\"text\">\n\t\t\n<p><strong><b>Lebensmittelechte Sicherheit<\/b><\/strong>\u00a0- Zertifiziert f\u00fcr direkten Lebensmittelkontakt<br \/>\n<strong><b>FDA-konform<\/b><\/strong>\u00a0- Erf\u00fcllt die Standards der U.S. Food and Drug Administration<br \/>\n<strong><b>EU LFGB zertifiziert<\/b><\/strong>\u00a0- Sicher f\u00fcr die Verwendung in Lebensmitteln und Getr\u00e4nken in Europa<br \/>\n<strong><b>Kalifornien Prop 65-konform<\/b><\/strong>\u00a0- Frei von sch\u00e4dlichen Chemikalien<br \/>\n<strong><b>BPA-frei und ungiftig<\/b><\/strong>\u00a0- Keine endokrin wirksamen Zusatzstoffe<br \/>\n<strong><b>Umweltbewusste Optionen<\/b><\/strong>\u00a0- Recycelbare und nachhaltige Materialauswahl<\/p>\n\t\t\n<style>\n#text-3432960080 {\n  color: rgb(0,0,0);\n}\n#text-3432960080 > * {\n  color: rgb(0,0,0);\n}\n<\/style>\n\t<\/div>\n\t\n\t<div id=\"text-946134935\" class=\"text\">\n\t\t\n<p>Ganz gleich, ob Sie haltbaren Edelstahl zur Temperaturerhaltung, ultraleichtes Tritan\u2122 f\u00fcr kristallklare Sicht oder flexibles Silikon f\u00fcr faltbare Designs ben\u00f6tigen - wir liefern Leistung, Sicherheit und Stil, die auf Ihre Marke zugeschnitten sind.<br \/>\n\t\t\n<style>\n#text-946134935 {\n  font-size: 0.75rem;\n  text-align: center;\n}\n@media (min-width:550px) {\n  #text-946134935 {\n    font-size: 1rem;\n  }\n}\n<\/style>\n\t<\/div>\n\t\n\t\t<\/div>\n\t\t\t\t\t<\/div>\n\n\t\n<\/div>\n<div class=\"row align-equal\"  id=\"row-1847380563\">\n<\/div>\n\t\t<\/div>\n\n\t\t\n<style>\n#section_95610861 {\n  padding-top: 60px;\n  padding-bottom: 60px;\n  background-color: rgb(243, 243, 243);\n}\n<\/style>\n\t<\/section>\n\t\n<\/div>","protected":false},"excerpt":{"rendered":"","protected":false},"author":1,"featured_media":0,"parent":0,"menu_order":0,"comment_status":"closed","ping_status":"closed","template":"page-blank.php","meta":{"footnotes":""},"class_list":["post-2380","page","type-page","status-publish","hentry"],"yoast_head":"<!-- This site is optimized with the Yoast SEO plugin v25.4 - https:\/\/yoast.com\/wordpress\/plugins\/seo\/ -->\n<title>Custom Drink Bottle Manufacturing | Material Guide for Flasks &amp; Tumblers<\/title>\n<meta name=\"description\" content=\"Anhui Ifun offers a comprehensive material guide for custom drinkware manufacturing. Discover high-quality materials for your branded water bottles, flasks, cups, and tumblers. Ideal for creating durable, stylish, and eco-friendly drinkware solutions.\" \/>\n<meta name=\"robots\" content=\"index, follow, max-snippet:-1, max-image-preview:large, max-video-preview:-1\" \/>\n<link rel=\"canonical\" href=\"https:\/\/customizedwaterbottles.com\/de\/material-guide-for-flasks-and-tumblers\/\" \/>\n<meta property=\"og:locale\" content=\"de_DE\" \/>\n<meta property=\"og:type\" content=\"article\" \/>\n<meta property=\"og:title\" content=\"Custom Drink Bottle Manufacturing | Material Guide for Flasks &amp; Tumblers\" \/>\n<meta property=\"og:description\" content=\"Anhui Ifun offers a comprehensive material guide for custom drinkware manufacturing. Discover high-quality materials for your branded water bottles, flasks, cups, and tumblers. Ideal for creating durable, stylish, and eco-friendly drinkware solutions.\" \/>\n<meta property=\"og:url\" content=\"https:\/\/customizedwaterbottles.com\/de\/material-guide-for-flasks-and-tumblers\/\" \/>\n<meta property=\"og:site_name\" content=\"iFun\" \/>\n<meta property=\"article:modified_time\" content=\"2025-10-21T03:15:56+00:00\" \/>\n<meta name=\"twitter:card\" content=\"summary_large_image\" \/>\n<meta name=\"twitter:label1\" content=\"Gesch\u00e4tzte Lesezeit\" \/>\n\t<meta name=\"twitter:data1\" content=\"2\u00a0Minuten\" \/>\n<script type=\"application\/ld+json\" class=\"yoast-schema-graph\">{\"@context\":\"https:\/\/schema.org\",\"@graph\":[{\"@type\":\"WebPage\",\"@id\":\"https:\/\/customizedwaterbottles.com\/material-guide-for-flasks-and-tumblers\/\",\"url\":\"https:\/\/customizedwaterbottles.com\/material-guide-for-flasks-and-tumblers\/\",\"name\":\"Custom Drink Bottle Manufacturing | Material Guide for Flasks & Tumblers\",\"isPartOf\":{\"@id\":\"https:\/\/customizedwaterbottles.com\/#website\"},\"datePublished\":\"2025-07-07T07:14:48+00:00\",\"dateModified\":\"2025-10-21T03:15:56+00:00\",\"description\":\"Anhui Ifun offers a comprehensive material guide for custom drinkware manufacturing. Discover high-quality materials for your branded water bottles, flasks, cups, and tumblers. Ideal for creating durable, stylish, and eco-friendly drinkware solutions.\",\"breadcrumb\":{\"@id\":\"https:\/\/customizedwaterbottles.com\/material-guide-for-flasks-and-tumblers\/#breadcrumb\"},\"inLanguage\":\"de\",\"potentialAction\":[{\"@type\":\"ReadAction\",\"target\":[\"https:\/\/customizedwaterbottles.com\/material-guide-for-flasks-and-tumblers\/\"]}]},{\"@type\":\"BreadcrumbList\",\"@id\":\"https:\/\/customizedwaterbottles.com\/material-guide-for-flasks-and-tumblers\/#breadcrumb\",\"itemListElement\":[{\"@type\":\"ListItem\",\"position\":1,\"name\":\"Home\",\"item\":\"https:\/\/customizedwaterbottles.com\/\"},{\"@type\":\"ListItem\",\"position\":2,\"name\":\"Material Guide for Drinkware\"}]},{\"@type\":\"WebSite\",\"@id\":\"https:\/\/customizedwaterbottles.com\/#website\",\"url\":\"https:\/\/customizedwaterbottles.com\/\",\"name\":\"iFun\",\"description\":\"Water Bottles Stainless Steel Vacuum Flask\",\"potentialAction\":[{\"@type\":\"SearchAction\",\"target\":{\"@type\":\"EntryPoint\",\"urlTemplate\":\"https:\/\/customizedwaterbottles.com\/?s={search_term_string}\"},\"query-input\":{\"@type\":\"PropertyValueSpecification\",\"valueRequired\":true,\"valueName\":\"search_term_string\"}}],\"inLanguage\":\"de\"}]}<\/script>\n<!-- \/ Yoast SEO plugin. -->","yoast_head_json":{"title":"Custom Drink Bottle Manufacturing | Material Guide for Flasks & Tumblers","description":"Anhui Ifun offers a comprehensive material guide for custom drinkware manufacturing. Discover high-quality materials for your branded water bottles, flasks, cups, and tumblers. Ideal for creating durable, stylish, and eco-friendly drinkware solutions.","robots":{"index":"index","follow":"follow","max-snippet":"max-snippet:-1","max-image-preview":"max-image-preview:large","max-video-preview":"max-video-preview:-1"},"canonical":"https:\/\/customizedwaterbottles.com\/de\/material-guide-for-flasks-and-tumblers\/","og_locale":"de_DE","og_type":"article","og_title":"Custom Drink Bottle Manufacturing | Material Guide for Flasks & Tumblers","og_description":"Anhui Ifun offers a comprehensive material guide for custom drinkware manufacturing. Discover high-quality materials for your branded water bottles, flasks, cups, and tumblers. Ideal for creating durable, stylish, and eco-friendly drinkware solutions.","og_url":"https:\/\/customizedwaterbottles.com\/de\/material-guide-for-flasks-and-tumblers\/","og_site_name":"iFun","article_modified_time":"2025-10-21T03:15:56+00:00","twitter_card":"summary_large_image","twitter_misc":{"Gesch\u00e4tzte Lesezeit":"2\u00a0Minuten"},"schema":{"@context":"https:\/\/schema.org","@graph":[{"@type":"WebPage","@id":"https:\/\/customizedwaterbottles.com\/material-guide-for-flasks-and-tumblers\/","url":"https:\/\/customizedwaterbottles.com\/material-guide-for-flasks-and-tumblers\/","name":"Custom Drink Bottle Manufacturing | Material Guide for Flasks & Tumblers","isPartOf":{"@id":"https:\/\/customizedwaterbottles.com\/#website"},"datePublished":"2025-07-07T07:14:48+00:00","dateModified":"2025-10-21T03:15:56+00:00","description":"Anhui Ifun offers a comprehensive material guide for custom drinkware manufacturing. Discover high-quality materials for your branded water bottles, flasks, cups, and tumblers. Ideal for creating durable, stylish, and eco-friendly drinkware solutions.","breadcrumb":{"@id":"https:\/\/customizedwaterbottles.com\/material-guide-for-flasks-and-tumblers\/#breadcrumb"},"inLanguage":"de","potentialAction":[{"@type":"ReadAction","target":["https:\/\/customizedwaterbottles.com\/material-guide-for-flasks-and-tumblers\/"]}]},{"@type":"BreadcrumbList","@id":"https:\/\/customizedwaterbottles.com\/material-guide-for-flasks-and-tumblers\/#breadcrumb","itemListElement":[{"@type":"ListItem","position":1,"name":"Home","item":"https:\/\/customizedwaterbottles.com\/"},{"@type":"ListItem","position":2,"name":"Material Guide for Drinkware"}]},{"@type":"WebSite","@id":"https:\/\/customizedwaterbottles.com\/#website","url":"https:\/\/customizedwaterbottles.com\/","name":"iFun","description":"Water Bottles Stainless Steel Vacuum Flask","potentialAction":[{"@type":"SearchAction","target":{"@type":"EntryPoint","urlTemplate":"https:\/\/customizedwaterbottles.com\/?s={search_term_string}"},"query-input":{"@type":"PropertyValueSpecification","valueRequired":true,"valueName":"search_term_string"}}],"inLanguage":"de"}]}},"_links":{"self":[{"href":"https:\/\/customizedwaterbottles.com\/de\/wp-json\/wp\/v2\/pages\/2380","targetHints":{"allow":["GET"]}}],"collection":[{"href":"https:\/\/customizedwaterbottles.com\/de\/wp-json\/wp\/v2\/pages"}],"about":[{"href":"https:\/\/customizedwaterbottles.com\/de\/wp-json\/wp\/v2\/types\/page"}],"author":[{"embeddable":true,"href":"https:\/\/customizedwaterbottles.com\/de\/wp-json\/wp\/v2\/users\/1"}],"replies":[{"embeddable":true,"href":"https:\/\/customizedwaterbottles.com\/de\/wp-json\/wp\/v2\/comments?post=2380"}],"version-history":[{"count":11,"href":"https:\/\/customizedwaterbottles.com\/de\/wp-json\/wp\/v2\/pages\/2380\/revisions"}],"predecessor-version":[{"id":3880,"href":"https:\/\/customizedwaterbottles.com\/de\/wp-json\/wp\/v2\/pages\/2380\/revisions\/3880"}],"wp:attachment":[{"href":"https:\/\/customizedwaterbottles.com\/de\/wp-json\/wp\/v2\/media?parent=2380"}],"curies":[{"name":"wp","href":"https:\/\/api.w.org\/{rel}","templated":true}]}}