{"id":1279,"date":"2025-06-30T05:08:00","date_gmt":"2025-06-30T05:08:00","guid":{"rendered":"https:\/\/customizedwaterbottles.com\/?post_type=product&#038;p=1279"},"modified":"2025-07-11T06:26:56","modified_gmt":"2025-07-11T06:26:56","slug":"protein-shaker-bottle-with-mixer-ball-and-detachable-storage-cup","status":"publish","type":"product","link":"https:\/\/customizedwaterbottles.com\/de\/product\/protein-shaker-bottle-with-mixer-ball-and-detachable-storage-cup\/","title":{"rendered":"Kundenspezifische 700ml auslaufsichere BPA-freie Edelstahl-Protein-Shaker-Flasche mit Mixer-Ball und abnehmbarem Aufbewahrungsbecher 1081602P"},"content":{"rendered":"<table>\n<tbody>\n<tr>\n<td width=\"426\">Name des Produkts<\/td>\n<td width=\"426\">Sch\u00fcttelflaschen aus rostfreiem Stahl<\/td>\n<\/tr>\n<tr>\n<td width=\"426\">Kapazit\u00e4t<\/td>\n<td width=\"426\">700ml<\/td>\n<\/tr>\n<tr>\n<td width=\"426\">Material<\/td>\n<td width=\"426\">Doppelwandiger Edelstahl<\/td>\n<\/tr>\n<tr>\n<td width=\"426\">Farbe<\/td>\n<td width=\"426\">Hochglanzlackierung, Mattlackierung, Pulverbeschichtung, etc.<\/td>\n<\/tr>\n<tr>\n<td width=\"426\">Logo<\/td>\n<td width=\"426\">Siebdruck, Thermotransferdruck, Lasergravur, Wassertransfer, etc.<\/td>\n<\/tr>\n<tr>\n<td width=\"426\">MOQ<\/td>\n<td width=\"426\">50St\u00fcck<\/td>\n<\/tr>\n<tr>\n<td width=\"426\">Probezeit<\/td>\n<td width=\"426\">3- 7 Tage f\u00fcr individuelle Gestaltung<\/td>\n<\/tr>\n<tr>\n<td width=\"426\">Zertifizierung<\/td>\n<td width=\"426\">FDA, LFGB<\/td>\n<\/tr>\n<tr>\n<td width=\"426\">Verpacken<\/td>\n<td width=\"426\">Wei\u00dfe Box, farbige Box oder Box mit individuellem Design<\/td>\n<\/tr>\n<tr>\n<td width=\"426\">Produktionskapazit\u00e4t<\/td>\n<td width=\"426\">500.000 Exemplare pro Monat<\/td>\n<\/tr>\n<tr>\n<td width=\"426\">Lieferfrist<\/td>\n<td width=\"426\">25- 35 Tage f\u00fcr Mengen unter 20.000 St\u00fcck<\/td>\n<\/tr>\n<\/tbody>\n<\/table>\n<h2><strong>Warum sollten Sie sich f\u00fcr die Ifun-Edelstahl-Protein-Shaker-Flasche entscheiden?<\/strong><\/h2>\n<p><strong>1. Hochwertiger 304-Edelstahl-Konstruktion<\/strong><\/p>\n<p>Die Protein Shaker Bottle von Ifun ist aus lebensmittelechtem 304er Edelstahl gefertigt und garantiert Langlebigkeit, einfache Reinigung und lang anhaltende Leistung. Der 100% BPA-freie Deckel garantiert ein sicheres und gesundes Trinkerlebnis, frei von sch\u00e4dlichen Chemikalien.<\/p>\n<p><strong>2. Eingebautes praktisches Aufbewahrungsfach f\u00fcr die Ern\u00e4hrung unterwegs<\/strong><\/p>\n<p>Diese verbesserte Shaker-Flasche verf\u00fcgt \u00fcber ein integriertes Aufbewahrungsfach, das sich perfekt f\u00fcr Proteinpulver, Babynahrung, Nahrungserg\u00e4nzungsmittel, Samen oder Snacks eignet. So haben Sie Ihre wichtigsten Utensilien immer und \u00fcberall griffbereit - ideal f\u00fcr Fitnessbegeisterte, Reisende und Berufst\u00e4tige.<\/p>\n<p><strong>3. Lecksicheres Design\u00a0<\/strong><\/p>\n<p>Ifun Der Deckel mit Drehverschluss sorgt f\u00fcr einen sicheren, auslaufsicheren Verschluss, w\u00e4hrend der Pull-to-Open-Sipper einen schnellen, einh\u00e4ndigen Zugriff erm\u00f6glicht. Dieser leichte und tragbare Shaker ist der ideale Begleiter f\u00fcr das Fitnessstudio, Wandern, Radfahren, Camping oder das B\u00fcro.<\/p>\n<p><strong>4. m\u00fcheloses Mischen mit dem Schneebesen und klaren Messwerten<\/strong><\/p>\n<p>Mit einem gro\u00dfz\u00fcgigen Fassungsverm\u00f6gen von 800 ml (27 oz) verf\u00fcgt diese Shaker-Flasche \u00fcber eine integrierte Edelstahl-Schneebesen-Kugel f\u00fcr glatte, klumpenfreie Shakes. Dank der transparenten Messmarkierungen auf der Au\u00dfenseite kannst du deine Fl\u00fcssigkeitszufuhr ganz einfach nachverfolgen, was sie perfekt f\u00fcr Proteinshakes, Pre-Workout-Drinks und mehr macht.<\/p>\n<p><strong>5. Schwei\u00dffreies \u00c4u\u00dferes<\/strong><\/p>\n<p>Unsere vakuumisolierte Isolierflasche h\u00e4lt nicht nur die Getr\u00e4nke kalt, sondern auch die Au\u00dfenseite trocken. Sie m\u00fcssen sich keine Sorgen machen, dass Kondenswasser von kalten Getr\u00e4nken Ihre H\u00e4nde oder Ihren Tisch nass macht.<\/p>\n<p><strong>6.15 Jahre+ Erfahrung in der Produktion<\/strong><\/p>\n<p>Ifun konzentriert sich seit mehr als 15 Jahren auf Getr\u00e4nkeprodukte. Zu unseren Produkten geh\u00f6ren Becher aus Edelstahl, vakuumisolierte Wasserflaschen, Reisebecher, Thermosbecher, usw. Wir haben professionelle Teams, um die Produkte in hoher Qualit\u00e4t zu gew\u00e4hrleisten.<\/p>\n<p>&nbsp;<\/p>\n<p><img decoding=\"async\" class=\"wp-image-1284\" src=\"https:\/\/customizedwaterbottles.com\/wp-content\/uploads\/2025\/06\/protein-shaker-bottles-1.webp\" alt=\"Brauch 700ml auslaufsicher bpa frei Edelstahl Protein Shaker Flasche mit Mixer Ball und abnehmbare Lagerung Tasse 1081602p\" width=\"935\" height=\"935\" srcset=\"https:\/\/customizedwaterbottles.com\/wp-content\/uploads\/2025\/06\/protein-shaker-bottles-1.webp 750w, https:\/\/customizedwaterbottles.com\/wp-content\/uploads\/2025\/06\/protein-shaker-bottles-1-300x300.webp 300w, https:\/\/customizedwaterbottles.com\/wp-content\/uploads\/2025\/06\/protein-shaker-bottles-1-600x600.webp 600w, https:\/\/customizedwaterbottles.com\/wp-content\/uploads\/2025\/06\/protein-shaker-bottles-1-100x100.webp 100w\" sizes=\"(max-width: 935px) 100vw, 935px\" \/><\/p>\n<p><img decoding=\"async\" class=\"size-full wp-image-1283\" src=\"https:\/\/customizedwaterbottles.com\/wp-content\/uploads\/2025\/06\/protein-shaker-bottles-8.webp\" alt=\"Brauch 700ml auslaufsicher bpa frei Edelstahl Protein Shaker Flasche mit Mixer Ball und abnehmbare Lagerung Tasse 1081602p\" width=\"1000\" height=\"1000\" srcset=\"https:\/\/customizedwaterbottles.com\/wp-content\/uploads\/2025\/06\/protein-shaker-bottles-8.webp 1000w, https:\/\/customizedwaterbottles.com\/wp-content\/uploads\/2025\/06\/protein-shaker-bottles-8-768x768.webp 768w, https:\/\/customizedwaterbottles.com\/wp-content\/uploads\/2025\/06\/protein-shaker-bottles-8-300x300.webp 300w, https:\/\/customizedwaterbottles.com\/wp-content\/uploads\/2025\/06\/protein-shaker-bottles-8-600x600.webp 600w, https:\/\/customizedwaterbottles.com\/wp-content\/uploads\/2025\/06\/protein-shaker-bottles-8-100x100.webp 100w\" sizes=\"(max-width: 1000px) 100vw, 1000px\" \/><\/p>\n<p><img decoding=\"async\" class=\"size-full wp-image-1282\" src=\"https:\/\/customizedwaterbottles.com\/wp-content\/uploads\/2025\/06\/protein-shaker-bottles-7.webp\" alt=\"Brauch 700ml auslaufsicher bpa frei Edelstahl Protein Shaker Flasche mit Mixer Ball und abnehmbare Lagerung Tasse 1081602p\" width=\"1000\" height=\"1000\" srcset=\"https:\/\/customizedwaterbottles.com\/wp-content\/uploads\/2025\/06\/protein-shaker-bottles-7.webp 1000w, https:\/\/customizedwaterbottles.com\/wp-content\/uploads\/2025\/06\/protein-shaker-bottles-7-768x768.webp 768w, https:\/\/customizedwaterbottles.com\/wp-content\/uploads\/2025\/06\/protein-shaker-bottles-7-300x300.webp 300w, https:\/\/customizedwaterbottles.com\/wp-content\/uploads\/2025\/06\/protein-shaker-bottles-7-600x600.webp 600w, https:\/\/customizedwaterbottles.com\/wp-content\/uploads\/2025\/06\/protein-shaker-bottles-7-100x100.webp 100w\" sizes=\"(max-width: 1000px) 100vw, 1000px\" \/><\/p>\n<figure id=\"attachment_1281\" aria-describedby=\"caption-attachment-1281\" style=\"width: 1000px\" class=\"wp-caption alignnone\"><img decoding=\"async\" class=\"size-full wp-image-1281\" src=\"https:\/\/customizedwaterbottles.com\/wp-content\/uploads\/2025\/06\/protein-shaker-bottles-6.webp\" alt=\"Brauch 700ml auslaufsicher bpa frei Edelstahl Protein Shaker Flasche mit Mixer Ball und abnehmbare Lagerung Tasse 1081602p\" width=\"1000\" height=\"1000\" srcset=\"https:\/\/customizedwaterbottles.com\/wp-content\/uploads\/2025\/06\/protein-shaker-bottles-6.webp 1000w, https:\/\/customizedwaterbottles.com\/wp-content\/uploads\/2025\/06\/protein-shaker-bottles-6-768x768.webp 768w, https:\/\/customizedwaterbottles.com\/wp-content\/uploads\/2025\/06\/protein-shaker-bottles-6-300x300.webp 300w, https:\/\/customizedwaterbottles.com\/wp-content\/uploads\/2025\/06\/protein-shaker-bottles-6-600x600.webp 600w, https:\/\/customizedwaterbottles.com\/wp-content\/uploads\/2025\/06\/protein-shaker-bottles-6-100x100.webp 100w\" sizes=\"(max-width: 1000px) 100vw, 1000px\" \/><figcaption id=\"caption-attachment-1281\" class=\"wp-caption-text\">Brauch 700ml auslaufsicher bpa frei Edelstahl Protein Shaker Flasche mit Mixer Ball und abnehmbare Lagerung Tasse 1081602p<\/figcaption><\/figure>\n<p><img decoding=\"async\" class=\"size-full wp-image-1280\" src=\"https:\/\/customizedwaterbottles.com\/wp-content\/uploads\/2025\/06\/protein-shaker-bottles-5.webp\" alt=\"Brauch 700ml auslaufsicher bpa frei Edelstahl Protein Shaker Flasche mit Mixer Ball und abnehmbare Lagerung Tasse 1081602p\" width=\"1000\" height=\"1000\" srcset=\"https:\/\/customizedwaterbottles.com\/wp-content\/uploads\/2025\/06\/protein-shaker-bottles-5.webp 1000w, https:\/\/customizedwaterbottles.com\/wp-content\/uploads\/2025\/06\/protein-shaker-bottles-5-768x768.webp 768w, https:\/\/customizedwaterbottles.com\/wp-content\/uploads\/2025\/06\/protein-shaker-bottles-5-300x300.webp 300w, https:\/\/customizedwaterbottles.com\/wp-content\/uploads\/2025\/06\/protein-shaker-bottles-5-600x600.webp 600w, https:\/\/customizedwaterbottles.com\/wp-content\/uploads\/2025\/06\/protein-shaker-bottles-5-100x100.webp 100w\" sizes=\"(max-width: 1000px) 100vw, 1000px\" \/><\/p>","protected":false},"excerpt":{"rendered":"<h3><strong>Produktmerkmale:<\/strong><\/h3>\n<ul>\n<li><strong>Hervorragende Temperaturspeicherung: <\/strong>Die Ifun-Thermoskanne verf\u00fcgt \u00fcber eine fortschrittliche doppelwandige Vakuum-Isolierungstechnologie, die Getr\u00e4nke bis zu 24 Stunden hei\u00df oder eisgek\u00fchlte Getr\u00e4nke bis zu 24 Stunden kalt h\u00e4lt und so den ganzen Tag \u00fcber f\u00fcr einen perfekten Genuss sorgt.<\/li>\n<li><strong>Konstruktion aus hochwertigem 304-Edelstahl:<\/strong> Sowohl die Innen- als auch die Au\u00dfenw\u00e4nde sind aus hochwertigem, lebensmittelechtem Edelstahl gefertigt. Dies gew\u00e4hrleistet eine hervorragende Korrosionsbest\u00e4ndigkeit, verhindert die \u00dcbertragung von Aromen und garantiert die Reinheit des Getr\u00e4nks und eine lange Lebensdauer.<\/li>\n<li><strong>Auslaufsicherer und auslaufsicherer Deckel:<\/strong> Mit einem pr\u00e4zisionsgefertigten Schraubdeckel mit lebensmittelechter Silikondichtung. Diese Vakuumflasche verhindert Auslaufen, Versch\u00fctten oder Tropfen, Sie m\u00fcssen sich keine Sorgen machen, wenn Sie drau\u00dfen unterwegs sind.<\/li>\n<li><strong>Schwei\u00dffestes \u00c4u\u00dferes:<\/strong>\u00a0Die Vakuum-Isolationstechnologie h\u00e4lt nicht nur die Temperatur, sondern sorgt auch daf\u00fcr, dass die Au\u00dfenfl\u00e4che kondensationsfrei bleibt. Keine nassen H\u00e4nde, Taschen oder Oberfl\u00e4chen mehr.<\/li>\n<li><strong>Weitmundige \u00d6ffnung:<\/strong> Die Ifun-Isolierflasche l\u00e4sst sich leicht mit Fl\u00fcssigkeiten oder Eisw\u00fcrfeln bef\u00fcllen, m\u00fchelos mit der Hand oder einer B\u00fcrste reinigen und bequem direkt aus der Flasche trinken.<\/li>\n<li><strong>Integrierter, sicherer Tragegriff:<\/strong> Der robuste, ergonomisch geformte Tragegriff aus Edelstahl ist nahtlos mit dem Deckel verbunden und bietet einen bequemen und zuverl\u00e4ssigen Griff f\u00fcr den einfachen Transport unterwegs.<\/li>\n<li><strong>Leicht zu reinigendes Design:<\/strong> Die breite \u00d6ffnung und die glatte, porenfreie Innenseite aus Edelstahl 304 erm\u00f6glichen eine m\u00fchelose Reinigung. Leicht von Hand zu waschen.<\/li>\n<li><strong>Mehrere Gr\u00f6\u00dfen verf\u00fcgbar:<\/strong>1000ml, 1200ml, 1400ml oder individuell.<\/li>\n<\/ul>\n<h3><strong>Kundenspezifische Dienstleistungen:<\/strong><\/h3>\n<ul>\n<li><strong>Logo und Gestaltung:<\/strong> Ifun Edelstahl Thermoskanne Unterst\u00fctzung benutzerdefinierte Ihr Markenlogo. Wir k\u00f6nnen Ihr Logo &amp; Design mit Siebdruck, Lasergravur, W\u00e4rme\u00fcbertragung, 3D-Druck, UV-Druck usw. machen.<\/li>\n<li><strong>Farbe:<\/strong> Die Farben k\u00f6nnen entsprechend der Pantone-Farbnummer angepasst werden, wir k\u00f6nnen sie mit matter Oberfl\u00e4che, gl\u00e4nzender Lackierung, Pulverbeschichtung usw. ausf\u00fchren.<\/li>\n<li><strong>Kapazit\u00e4t:<\/strong> Wir haben 1000ml, 1200ml, 1400ml, andere Kapazit\u00e4t k\u00f6nnen wir auch f\u00fcr Sie anpassen.<\/li>\n<li><strong>Deckel: <\/strong>Wir haben Griffdeckel, Strohhalmdeckel, Klappdeckel, Becherdeckel f\u00fcr Ihre Wahl, die Farbe kann angepasst werden.<\/li>\n<li><strong>Paket: <\/strong>Farbige Schachtel, wei\u00dfe Schachtel, Geschenkschachtel, braune Kartonschachtel, Zylinderschachtel usw.<\/li>\n<\/ul>","protected":false},"featured_media":1285,"comment_status":"open","ping_status":"closed","template":"","meta":[],"product_brand":[],"product_cat":[25],"product_tag":[51,48,50],"class_list":{"0":"post-1279","1":"product","2":"type-product","3":"status-publish","4":"has-post-thumbnail","6":"product_cat-protein-shaker-bottles","7":"product_tag-protein-shaker-bottles","8":"product_tag-sports-water-bottles","9":"product_tag-stainless-steel-shaker-bottles","11":"first","12":"instock","13":"shipping-taxable","14":"product-type-simple"},"yoast_head":"<!-- This site is optimized with the Yoast SEO plugin v25.4 - https:\/\/yoast.com\/wordpress\/plugins\/seo\/ -->\n<title>Custom 700ml Leak-Proof BPA-Free Stainless Steel Protein Shaker Bottle With Mixer Ball And Detachable Storage Cup 1081602P - iFun<\/title>\n<meta name=\"description\" content=\"Ifun Protein Shaker Bottle is crafted from food-grade 304 stainless steel, ensuring durability, easy cleaning, and long-lasting performance.\" \/>\n<meta name=\"robots\" content=\"index, follow, max-snippet:-1, max-image-preview:large, max-video-preview:-1\" \/>\n<link rel=\"canonical\" href=\"https:\/\/customizedwaterbottles.com\/de\/product\/protein-shaker-bottle-with-mixer-ball-and-detachable-storage-cup\/\" \/>\n<meta property=\"og:locale\" content=\"de_DE\" \/>\n<meta property=\"og:type\" content=\"article\" \/>\n<meta property=\"og:title\" content=\"Custom 700ml Leak-Proof BPA-Free Stainless Steel Protein Shaker Bottle With Mixer Ball And Detachable Storage Cup 1081602P - iFun\" \/>\n<meta property=\"og:description\" content=\"Ifun Protein Shaker Bottle is crafted from food-grade 304 stainless steel, ensuring durability, easy cleaning, and long-lasting performance.\" \/>\n<meta property=\"og:url\" content=\"https:\/\/customizedwaterbottles.com\/de\/product\/protein-shaker-bottle-with-mixer-ball-and-detachable-storage-cup\/\" \/>\n<meta property=\"og:site_name\" content=\"iFun\" \/>\n<meta property=\"article:modified_time\" content=\"2025-07-11T06:26:56+00:00\" \/>\n<meta property=\"og:image\" content=\"https:\/\/customizedwaterbottles.com\/wp-content\/uploads\/2025\/06\/protein-shaker-bottles-9.webp\" \/>\n\t<meta property=\"og:image:width\" content=\"1000\" \/>\n\t<meta property=\"og:image:height\" content=\"1000\" \/>\n\t<meta property=\"og:image:type\" content=\"image\/webp\" \/>\n<meta name=\"twitter:card\" content=\"summary_large_image\" \/>\n<meta name=\"twitter:label1\" content=\"Gesch\u00e4tzte Lesezeit\" \/>\n\t<meta name=\"twitter:data1\" content=\"3\u00a0Minuten\" \/>\n<script type=\"application\/ld+json\" class=\"yoast-schema-graph\">{\"@context\":\"https:\/\/schema.org\",\"@graph\":[{\"@type\":\"WebPage\",\"@id\":\"https:\/\/customizedwaterbottles.com\/product\/protein-shaker-bottle-with-mixer-ball-and-detachable-storage-cup\/\",\"url\":\"https:\/\/customizedwaterbottles.com\/product\/protein-shaker-bottle-with-mixer-ball-and-detachable-storage-cup\/\",\"name\":\"Custom 700ml Leak-Proof BPA-Free Stainless Steel Protein Shaker Bottle With Mixer Ball And Detachable Storage Cup 1081602P - iFun\",\"isPartOf\":{\"@id\":\"https:\/\/customizedwaterbottles.com\/#website\"},\"primaryImageOfPage\":{\"@id\":\"https:\/\/customizedwaterbottles.com\/product\/protein-shaker-bottle-with-mixer-ball-and-detachable-storage-cup\/#primaryimage\"},\"image\":{\"@id\":\"https:\/\/customizedwaterbottles.com\/product\/protein-shaker-bottle-with-mixer-ball-and-detachable-storage-cup\/#primaryimage\"},\"thumbnailUrl\":\"https:\/\/customizedwaterbottles.com\/wp-content\/uploads\/2025\/06\/protein-shaker-bottles-9.webp\",\"datePublished\":\"2025-06-30T05:08:00+00:00\",\"dateModified\":\"2025-07-11T06:26:56+00:00\",\"description\":\"Ifun Protein Shaker Bottle is crafted from food-grade 304 stainless steel, ensuring durability, easy cleaning, and long-lasting performance.\",\"breadcrumb\":{\"@id\":\"https:\/\/customizedwaterbottles.com\/product\/protein-shaker-bottle-with-mixer-ball-and-detachable-storage-cup\/#breadcrumb\"},\"inLanguage\":\"de\",\"potentialAction\":[{\"@type\":\"ReadAction\",\"target\":[\"https:\/\/customizedwaterbottles.com\/product\/protein-shaker-bottle-with-mixer-ball-and-detachable-storage-cup\/\"]}]},{\"@type\":\"ImageObject\",\"inLanguage\":\"de\",\"@id\":\"https:\/\/customizedwaterbottles.com\/product\/protein-shaker-bottle-with-mixer-ball-and-detachable-storage-cup\/#primaryimage\",\"url\":\"https:\/\/customizedwaterbottles.com\/wp-content\/uploads\/2025\/06\/protein-shaker-bottles-9.webp\",\"contentUrl\":\"https:\/\/customizedwaterbottles.com\/wp-content\/uploads\/2025\/06\/protein-shaker-bottles-9.webp\",\"width\":1000,\"height\":1000,\"caption\":\"custom 700ml leak proof bpa free stainless steel protein shaker bottle with mixer ball and detachable storage cup 1081602p\"},{\"@type\":\"BreadcrumbList\",\"@id\":\"https:\/\/customizedwaterbottles.com\/product\/protein-shaker-bottle-with-mixer-ball-and-detachable-storage-cup\/#breadcrumb\",\"itemListElement\":[{\"@type\":\"ListItem\",\"position\":1,\"name\":\"Home\",\"item\":\"https:\/\/customizedwaterbottles.com\/\"},{\"@type\":\"ListItem\",\"position\":2,\"name\":\"Products\",\"item\":\"https:\/\/customizedwaterbottles.com\/wholesale-drinkware-manufacturer-water-bottles-tumblers\/\"},{\"@type\":\"ListItem\",\"position\":3,\"name\":\"Custom 700ml Leak-Proof BPA-Free Stainless Steel Protein Shaker Bottle With Mixer Ball And Detachable Storage Cup 1081602P\"}]},{\"@type\":\"WebSite\",\"@id\":\"https:\/\/customizedwaterbottles.com\/#website\",\"url\":\"https:\/\/customizedwaterbottles.com\/\",\"name\":\"iFun\",\"description\":\"Water Bottles Stainless Steel Vacuum Flask\",\"potentialAction\":[{\"@type\":\"SearchAction\",\"target\":{\"@type\":\"EntryPoint\",\"urlTemplate\":\"https:\/\/customizedwaterbottles.com\/?s={search_term_string}\"},\"query-input\":{\"@type\":\"PropertyValueSpecification\",\"valueRequired\":true,\"valueName\":\"search_term_string\"}}],\"inLanguage\":\"de\"}]}<\/script>\n<!-- \/ Yoast SEO plugin. -->","yoast_head_json":{"title":"Custom 700ml Leak-Proof BPA-Free Stainless Steel Protein Shaker Bottle With Mixer Ball And Detachable Storage Cup 1081602P - iFun","description":"Ifun Protein Shaker Bottle is crafted from food-grade 304 stainless steel, ensuring durability, easy cleaning, and long-lasting performance.","robots":{"index":"index","follow":"follow","max-snippet":"max-snippet:-1","max-image-preview":"max-image-preview:large","max-video-preview":"max-video-preview:-1"},"canonical":"https:\/\/customizedwaterbottles.com\/de\/product\/protein-shaker-bottle-with-mixer-ball-and-detachable-storage-cup\/","og_locale":"de_DE","og_type":"article","og_title":"Custom 700ml Leak-Proof BPA-Free Stainless Steel Protein Shaker Bottle With Mixer Ball And Detachable Storage Cup 1081602P - iFun","og_description":"Ifun Protein Shaker Bottle is crafted from food-grade 304 stainless steel, ensuring durability, easy cleaning, and long-lasting performance.","og_url":"https:\/\/customizedwaterbottles.com\/de\/product\/protein-shaker-bottle-with-mixer-ball-and-detachable-storage-cup\/","og_site_name":"iFun","article_modified_time":"2025-07-11T06:26:56+00:00","og_image":[{"width":1000,"height":1000,"url":"https:\/\/customizedwaterbottles.com\/wp-content\/uploads\/2025\/06\/protein-shaker-bottles-9.webp","type":"image\/webp"}],"twitter_card":"summary_large_image","twitter_misc":{"Gesch\u00e4tzte Lesezeit":"3\u00a0Minuten"},"schema":{"@context":"https:\/\/schema.org","@graph":[{"@type":"WebPage","@id":"https:\/\/customizedwaterbottles.com\/product\/protein-shaker-bottle-with-mixer-ball-and-detachable-storage-cup\/","url":"https:\/\/customizedwaterbottles.com\/product\/protein-shaker-bottle-with-mixer-ball-and-detachable-storage-cup\/","name":"Custom 700ml Leak-Proof BPA-Free Stainless Steel Protein Shaker Bottle With Mixer Ball And Detachable Storage Cup 1081602P - iFun","isPartOf":{"@id":"https:\/\/customizedwaterbottles.com\/#website"},"primaryImageOfPage":{"@id":"https:\/\/customizedwaterbottles.com\/product\/protein-shaker-bottle-with-mixer-ball-and-detachable-storage-cup\/#primaryimage"},"image":{"@id":"https:\/\/customizedwaterbottles.com\/product\/protein-shaker-bottle-with-mixer-ball-and-detachable-storage-cup\/#primaryimage"},"thumbnailUrl":"https:\/\/customizedwaterbottles.com\/wp-content\/uploads\/2025\/06\/protein-shaker-bottles-9.webp","datePublished":"2025-06-30T05:08:00+00:00","dateModified":"2025-07-11T06:26:56+00:00","description":"Ifun Protein Shaker Bottle is crafted from food-grade 304 stainless steel, ensuring durability, easy cleaning, and long-lasting performance.","breadcrumb":{"@id":"https:\/\/customizedwaterbottles.com\/product\/protein-shaker-bottle-with-mixer-ball-and-detachable-storage-cup\/#breadcrumb"},"inLanguage":"de","potentialAction":[{"@type":"ReadAction","target":["https:\/\/customizedwaterbottles.com\/product\/protein-shaker-bottle-with-mixer-ball-and-detachable-storage-cup\/"]}]},{"@type":"ImageObject","inLanguage":"de","@id":"https:\/\/customizedwaterbottles.com\/product\/protein-shaker-bottle-with-mixer-ball-and-detachable-storage-cup\/#primaryimage","url":"https:\/\/customizedwaterbottles.com\/wp-content\/uploads\/2025\/06\/protein-shaker-bottles-9.webp","contentUrl":"https:\/\/customizedwaterbottles.com\/wp-content\/uploads\/2025\/06\/protein-shaker-bottles-9.webp","width":1000,"height":1000,"caption":"custom 700ml leak proof bpa free stainless steel protein shaker bottle with mixer ball and detachable storage cup 1081602p"},{"@type":"BreadcrumbList","@id":"https:\/\/customizedwaterbottles.com\/product\/protein-shaker-bottle-with-mixer-ball-and-detachable-storage-cup\/#breadcrumb","itemListElement":[{"@type":"ListItem","position":1,"name":"Home","item":"https:\/\/customizedwaterbottles.com\/"},{"@type":"ListItem","position":2,"name":"Products","item":"https:\/\/customizedwaterbottles.com\/wholesale-drinkware-manufacturer-water-bottles-tumblers\/"},{"@type":"ListItem","position":3,"name":"Custom 700ml Leak-Proof BPA-Free Stainless Steel Protein Shaker Bottle With Mixer Ball And Detachable Storage Cup 1081602P"}]},{"@type":"WebSite","@id":"https:\/\/customizedwaterbottles.com\/#website","url":"https:\/\/customizedwaterbottles.com\/","name":"iFun","description":"Water Bottles Stainless Steel Vacuum Flask","potentialAction":[{"@type":"SearchAction","target":{"@type":"EntryPoint","urlTemplate":"https:\/\/customizedwaterbottles.com\/?s={search_term_string}"},"query-input":{"@type":"PropertyValueSpecification","valueRequired":true,"valueName":"search_term_string"}}],"inLanguage":"de"}]}},"_links":{"self":[{"href":"https:\/\/customizedwaterbottles.com\/de\/wp-json\/wp\/v2\/product\/1279","targetHints":{"allow":["GET"]}}],"collection":[{"href":"https:\/\/customizedwaterbottles.com\/de\/wp-json\/wp\/v2\/product"}],"about":[{"href":"https:\/\/customizedwaterbottles.com\/de\/wp-json\/wp\/v2\/types\/product"}],"replies":[{"embeddable":true,"href":"https:\/\/customizedwaterbottles.com\/de\/wp-json\/wp\/v2\/comments?post=1279"}],"wp:featuredmedia":[{"embeddable":true,"href":"https:\/\/customizedwaterbottles.com\/de\/wp-json\/wp\/v2\/media\/1285"}],"wp:attachment":[{"href":"https:\/\/customizedwaterbottles.com\/de\/wp-json\/wp\/v2\/media?parent=1279"}],"wp:term":[{"taxonomy":"product_brand","embeddable":true,"href":"https:\/\/customizedwaterbottles.com\/de\/wp-json\/wp\/v2\/product_brand?post=1279"},{"taxonomy":"product_cat","embeddable":true,"href":"https:\/\/customizedwaterbottles.com\/de\/wp-json\/wp\/v2\/product_cat?post=1279"},{"taxonomy":"product_tag","embeddable":true,"href":"https:\/\/customizedwaterbottles.com\/de\/wp-json\/wp\/v2\/product_tag?post=1279"}],"curies":[{"name":"wp","href":"https:\/\/api.w.org\/{rel}","templated":true}]}}