{"id":1306,"date":"2025-06-30T09:35:31","date_gmt":"2025-06-30T09:35:31","guid":{"rendered":"https:\/\/customizedwaterbottles.com\/?post_type=product&#038;p=1306"},"modified":"2025-07-11T06:28:56","modified_gmt":"2025-07-11T06:28:56","slug":"double-walled-vacuum-insulated-stainless-steel-shaker-bottle-bpa-free-and-leak-proof-stainless-steel-thermal-bottle-for-protein","status":"publish","type":"product","link":"https:\/\/customizedwaterbottles.com\/de\/product\/double-walled-vacuum-insulated-stainless-steel-shaker-bottle-bpa-free-and-leak-proof-stainless-steel-thermal-bottle-for-protein\/","title":{"rendered":"Doppelwandige vakuumisolierte Edelstahl-Shaker-Flasche BPA-frei und auslaufsichere Edelstahl-Thermoflasche f\u00fcr Proteine 1081603P"},"content":{"rendered":"<table>\n<tbody>\n<tr>\n<td width=\"426\">Name des Produkts<\/td>\n<td width=\"426\">750 ml\u00a0 Protein Shaker with Strainer Shaker Stainless Steel Protein Shaker Double-Walled Vacuum Insulated BPA Free and Leak-Proof Stainless Steel Thermal Bottle for Protein<\/td>\n<\/tr>\n<tr>\n<td width=\"426\">Kapazit\u00e4t<\/td>\n<td width=\"426\">750ml<\/td>\n<\/tr>\n<tr>\n<td width=\"426\">Material<\/td>\n<td width=\"426\">Doppelwandiger Edelstahl<\/td>\n<\/tr>\n<tr>\n<td width=\"426\">Farbe<\/td>\n<td width=\"426\">Hochglanzlackierung, Mattlackierung, Pulverbeschichtung, etc.<\/td>\n<\/tr>\n<tr>\n<td width=\"426\">Logo<\/td>\n<td width=\"426\">Siebdruck, Thermotransferdruck, Lasergravur, Wassertransfer, etc.<\/td>\n<\/tr>\n<tr>\n<td width=\"426\">MOQ<\/td>\n<td width=\"426\">50St\u00fcck<\/td>\n<\/tr>\n<tr>\n<td width=\"426\">Probezeit<\/td>\n<td width=\"426\">3- 7 Tage f\u00fcr individuelle Gestaltung<\/td>\n<\/tr>\n<tr>\n<td width=\"426\">Zertifizierung<\/td>\n<td width=\"426\">FDA, LFGB<\/td>\n<\/tr>\n<tr>\n<td width=\"426\">Verpacken<\/td>\n<td width=\"426\">Wei\u00dfe Box, farbige Box oder Box mit individuellem Design<\/td>\n<\/tr>\n<tr>\n<td width=\"426\">Produktionskapazit\u00e4t<\/td>\n<td width=\"426\">500.000 Exemplare pro Monat<\/td>\n<\/tr>\n<tr>\n<td width=\"426\">Lieferfrist<\/td>\n<td width=\"426\">25- 35 Tage f\u00fcr Mengen unter 20.000 St\u00fcck<\/td>\n<\/tr>\n<\/tbody>\n<\/table>\n<h2><strong>Warum sollten Sie sich f\u00fcr die Ifun-Edelstahl-Protein-Shaker-Flasche entscheiden?<\/strong><\/h2>\n<p><strong>1. Hochwertiger 304-Edelstahl-Konstruktion<\/strong><\/p>\n<p>Die Protein Shaker Bottle von Ifun ist aus lebensmittelechtem 304er Edelstahl gefertigt und garantiert Langlebigkeit, einfache Reinigung und lang anhaltende Leistung. Der 100% BPA-freie Deckel garantiert ein sicheres und gesundes Trinkerlebnis, frei von sch\u00e4dlichen Chemikalien.<\/p>\n<p><strong>2. Eingebautes praktisches Aufbewahrungsfach f\u00fcr die Ern\u00e4hrung unterwegs<\/strong><\/p>\n<p>Diese verbesserte Shaker-Flasche verf\u00fcgt \u00fcber ein integriertes Aufbewahrungsfach, das sich perfekt f\u00fcr Proteinpulver, Babynahrung, Nahrungserg\u00e4nzungsmittel, Samen oder Snacks eignet. So haben Sie Ihre wichtigsten Utensilien immer und \u00fcberall griffbereit - ideal f\u00fcr Fitnessbegeisterte, Reisende und Berufst\u00e4tige.<\/p>\n<p><strong>3. Lecksicheres Design\u00a0<\/strong><\/p>\n<p>Ifun Der Deckel mit Drehverschluss sorgt f\u00fcr einen sicheren, auslaufsicheren Verschluss, w\u00e4hrend der Pull-to-Open-Sipper einen schnellen, einh\u00e4ndigen Zugriff erm\u00f6glicht. Dieser leichte und tragbare Shaker ist der ideale Begleiter f\u00fcr das Fitnessstudio, Wandern, Radfahren, Camping oder das B\u00fcro.<\/p>\n<p><strong>4. m\u00fcheloses Mischen mit dem Schneebesen und klaren Messwerten<\/strong><\/p>\n<p>Mit einem gro\u00dfz\u00fcgigen Fassungsverm\u00f6gen von 800 ml (27 oz) verf\u00fcgt diese Shaker-Flasche \u00fcber eine integrierte Edelstahl-Schneebesen-Kugel f\u00fcr glatte, klumpenfreie Shakes. Dank der transparenten Messmarkierungen auf der Au\u00dfenseite kannst du deine Fl\u00fcssigkeitszufuhr ganz einfach nachverfolgen, was sie perfekt f\u00fcr Proteinshakes, Pre-Workout-Drinks und mehr macht.<\/p>\n<p><strong>5. Schwei\u00dffreies \u00c4u\u00dferes<\/strong><\/p>\n<p>Unsere vakuumisolierte Isolierflasche h\u00e4lt nicht nur die Getr\u00e4nke kalt, sondern auch die Au\u00dfenseite trocken. Sie m\u00fcssen sich keine Sorgen machen, dass Kondenswasser von kalten Getr\u00e4nken Ihre H\u00e4nde oder Ihren Tisch nass macht.<\/p>\n<p><strong>6.15 Jahre+ Erfahrung in der Produktion<\/strong><\/p>\n<p>Ifun konzentriert sich seit mehr als 15 Jahren auf Getr\u00e4nkeprodukte. Zu unseren Produkten geh\u00f6ren Becher aus Edelstahl, vakuumisolierte Wasserflaschen, Reisebecher, Thermosbecher, usw. Wir haben professionelle Teams, um die Produkte in hoher Qualit\u00e4t zu gew\u00e4hrleisten.<\/p>\n<p>&nbsp;<\/p>\n<p><img decoding=\"async\" class=\"size-full wp-image-1313\" src=\"https:\/\/customizedwaterbottles.com\/wp-content\/uploads\/2025\/06\/sports-shaker-bottles-with-handle-7.webp\" alt=\"doppelwandige vakuumisolierte edelstahl shaker flasche bpa frei und auslaufsicher edelstahl thermische flasche f\u00fcr protein 1081603p\" width=\"800\" height=\"800\" srcset=\"https:\/\/customizedwaterbottles.com\/wp-content\/uploads\/2025\/06\/sports-shaker-bottles-with-handle-7.webp 800w, https:\/\/customizedwaterbottles.com\/wp-content\/uploads\/2025\/06\/sports-shaker-bottles-with-handle-7-768x768.webp 768w, https:\/\/customizedwaterbottles.com\/wp-content\/uploads\/2025\/06\/sports-shaker-bottles-with-handle-7-300x300.webp 300w, https:\/\/customizedwaterbottles.com\/wp-content\/uploads\/2025\/06\/sports-shaker-bottles-with-handle-7-600x600.webp 600w, https:\/\/customizedwaterbottles.com\/wp-content\/uploads\/2025\/06\/sports-shaker-bottles-with-handle-7-100x100.webp 100w\" sizes=\"(max-width: 800px) 100vw, 800px\" \/><\/p>\n<p><img decoding=\"async\" class=\"size-full wp-image-1312\" src=\"https:\/\/customizedwaterbottles.com\/wp-content\/uploads\/2025\/06\/sports-shaker-bottles-with-handle-6.webp\" alt=\"doppelwandige vakuumisolierte edelstahl shaker flasche bpa frei und auslaufsicher edelstahl thermische flasche f\u00fcr protein 1081603p\" width=\"800\" height=\"800\" srcset=\"https:\/\/customizedwaterbottles.com\/wp-content\/uploads\/2025\/06\/sports-shaker-bottles-with-handle-6.webp 800w, https:\/\/customizedwaterbottles.com\/wp-content\/uploads\/2025\/06\/sports-shaker-bottles-with-handle-6-768x768.webp 768w, https:\/\/customizedwaterbottles.com\/wp-content\/uploads\/2025\/06\/sports-shaker-bottles-with-handle-6-300x300.webp 300w, https:\/\/customizedwaterbottles.com\/wp-content\/uploads\/2025\/06\/sports-shaker-bottles-with-handle-6-600x600.webp 600w, https:\/\/customizedwaterbottles.com\/wp-content\/uploads\/2025\/06\/sports-shaker-bottles-with-handle-6-100x100.webp 100w\" sizes=\"(max-width: 800px) 100vw, 800px\" \/><\/p>\n<p><img decoding=\"async\" class=\"size-full wp-image-1315\" src=\"https:\/\/customizedwaterbottles.com\/wp-content\/uploads\/2025\/06\/sports-shaker-bottles-with-handle-9.webp\" alt=\"doppelwandige vakuumisolierte edelstahl shaker flasche bpa frei und auslaufsicher edelstahl thermische flasche f\u00fcr protein 1081603p\" width=\"720\" height=\"720\" srcset=\"https:\/\/customizedwaterbottles.com\/wp-content\/uploads\/2025\/06\/sports-shaker-bottles-with-handle-9.webp 720w, https:\/\/customizedwaterbottles.com\/wp-content\/uploads\/2025\/06\/sports-shaker-bottles-with-handle-9-300x300.webp 300w, https:\/\/customizedwaterbottles.com\/wp-content\/uploads\/2025\/06\/sports-shaker-bottles-with-handle-9-600x600.webp 600w, https:\/\/customizedwaterbottles.com\/wp-content\/uploads\/2025\/06\/sports-shaker-bottles-with-handle-9-100x100.webp 100w\" sizes=\"(max-width: 720px) 100vw, 720px\" \/><\/p>\n<p><img decoding=\"async\" class=\"wp-image-1316\" src=\"https:\/\/customizedwaterbottles.com\/wp-content\/uploads\/2025\/06\/stainless-steel-protein-shaker-bottles-with-strainer-shaker-1.webp\" alt=\"doppelwandige vakuumisolierte edelstahl shaker flasche bpa frei und auslaufsicher edelstahl thermische flasche f\u00fcr protein 1081603p\" width=\"733\" height=\"733\" srcset=\"https:\/\/customizedwaterbottles.com\/wp-content\/uploads\/2025\/06\/stainless-steel-protein-shaker-bottles-with-strainer-shaker-1.webp 1000w, https:\/\/customizedwaterbottles.com\/wp-content\/uploads\/2025\/06\/stainless-steel-protein-shaker-bottles-with-strainer-shaker-1-768x768.webp 768w, https:\/\/customizedwaterbottles.com\/wp-content\/uploads\/2025\/06\/stainless-steel-protein-shaker-bottles-with-strainer-shaker-1-300x300.webp 300w, https:\/\/customizedwaterbottles.com\/wp-content\/uploads\/2025\/06\/stainless-steel-protein-shaker-bottles-with-strainer-shaker-1-600x600.webp 600w, https:\/\/customizedwaterbottles.com\/wp-content\/uploads\/2025\/06\/stainless-steel-protein-shaker-bottles-with-strainer-shaker-1-100x100.webp 100w\" sizes=\"(max-width: 733px) 100vw, 733px\" \/><\/p>\n<p>&nbsp;<\/p>\n<p><img decoding=\"async\" class=\"size-full wp-image-1310\" src=\"https:\/\/customizedwaterbottles.com\/wp-content\/uploads\/2025\/06\/sports-shaker-bottles-with-handle-3.webp\" alt=\"doppelwandige vakuumisolierte edelstahl shaker flasche bpa frei und auslaufsicher edelstahl thermische flasche f\u00fcr protein 1081603p\" width=\"720\" height=\"720\" srcset=\"https:\/\/customizedwaterbottles.com\/wp-content\/uploads\/2025\/06\/sports-shaker-bottles-with-handle-3.webp 720w, https:\/\/customizedwaterbottles.com\/wp-content\/uploads\/2025\/06\/sports-shaker-bottles-with-handle-3-300x300.webp 300w, https:\/\/customizedwaterbottles.com\/wp-content\/uploads\/2025\/06\/sports-shaker-bottles-with-handle-3-600x600.webp 600w, https:\/\/customizedwaterbottles.com\/wp-content\/uploads\/2025\/06\/sports-shaker-bottles-with-handle-3-100x100.webp 100w\" sizes=\"(max-width: 720px) 100vw, 720px\" \/><\/p>\n<p><img decoding=\"async\" class=\"wp-image-1308\" src=\"https:\/\/customizedwaterbottles.com\/wp-content\/uploads\/2025\/06\/sports-shaker-bottles-with-handle-1.webp\" alt=\"doppelwandige vakuumisolierte edelstahl shaker flasche bpa frei und auslaufsicher edelstahl thermische flasche f\u00fcr protein 1081603p\" width=\"754\" height=\"754\" srcset=\"https:\/\/customizedwaterbottles.com\/wp-content\/uploads\/2025\/06\/sports-shaker-bottles-with-handle-1.webp 800w, https:\/\/customizedwaterbottles.com\/wp-content\/uploads\/2025\/06\/sports-shaker-bottles-with-handle-1-768x768.webp 768w, https:\/\/customizedwaterbottles.com\/wp-content\/uploads\/2025\/06\/sports-shaker-bottles-with-handle-1-300x300.webp 300w, https:\/\/customizedwaterbottles.com\/wp-content\/uploads\/2025\/06\/sports-shaker-bottles-with-handle-1-600x600.webp 600w, https:\/\/customizedwaterbottles.com\/wp-content\/uploads\/2025\/06\/sports-shaker-bottles-with-handle-1-100x100.webp 100w\" sizes=\"(max-width: 754px) 100vw, 754px\" \/><\/p>","protected":false},"excerpt":{"rendered":"<h3><strong>Produktmerkmale:<\/strong><\/h3>\n<ul>\n<li><strong>Konstruktion aus hochwertigem 304-Edelstahl:<\/strong> Der Proteinshaker von Ifun besteht aus professionellem 304-Edelstahl und BPA-freien Materialien und ist f\u00fcr den t\u00e4glichen Gebrauch ausgelegt. Sein korrosionsbest\u00e4ndiges und rostfreies Design sorgt f\u00fcr lange Haltbarkeit, w\u00e4hrend seine sp\u00fclmaschinenfeste Konstruktion die Reinigung zum Kinderspiel macht.<\/li>\n<li><strong>Fortschrittliche Mischtechnik: :<\/strong> Verabschieden Sie sich von klumpigen, ungleichm\u00e4\u00dfigen Shakes! Unsere Premium-Proteinshaker-Flasche verf\u00fcgt \u00fcber modernste Mischtechnologie, einschlie\u00dflich eines abnehmbaren Edelstahl-Mischgitters und eines leisen Sch\u00fctteldesigns, das jedes Mal f\u00fcr glatte, klumpenfreie Shakes sorgt. Ganz gleich, ob Sie Molkenprotein, Mahlzeitenersatz oder Nahrungserg\u00e4nzungsmittel mixen, genie\u00dfen Sie ein perfekt gemischtes Getr\u00e4nk ohne Probleme.<\/li>\n<li><strong>Auslaufsicherer und auslaufsicherer Deckel:<\/strong> Mit einem pr\u00e4zisionsgefertigten Schraubdeckel mit lebensmittelechter Silikondichtung. Diese Vakuumflasche verhindert Auslaufen, Versch\u00fctten oder Tropfen, Sie m\u00fcssen sich keine Sorgen machen, wenn Sie drau\u00dfen unterwegs sind.<\/li>\n<li><strong>Schwei\u00dffestes \u00c4u\u00dferes:<\/strong>\u00a0Die Vakuum-Isolationstechnologie h\u00e4lt nicht nur die Temperatur, sondern sorgt auch daf\u00fcr, dass die Au\u00dfenfl\u00e4che kondensationsfrei bleibt. Keine nassen H\u00e4nde, Taschen oder Oberfl\u00e4chen mehr.<\/li>\n<li><strong>Weitmundige \u00d6ffnung:<\/strong> Die Ifun-Isolierflasche l\u00e4sst sich leicht mit Fl\u00fcssigkeiten oder Eisw\u00fcrfeln bef\u00fcllen, m\u00fchelos mit der Hand oder einer B\u00fcrste reinigen und bequem direkt aus der Flasche trinken.<\/li>\n<li><strong>Integrierter, sicherer Tragegriff:<\/strong> Der robuste, ergonomisch geformte Tragegriff aus Edelstahl ist nahtlos mit dem Deckel verbunden und bietet einen bequemen und zuverl\u00e4ssigen Griff f\u00fcr den einfachen Transport unterwegs.<\/li>\n<li><strong>Leicht zu reinigendes Design:<\/strong> Die breite \u00d6ffnung und die glatte, porenfreie Innenseite aus Edelstahl 304 erm\u00f6glichen eine m\u00fchelose Reinigung. Leicht von Hand zu waschen.<\/li>\n<li><strong>Mehrere Gr\u00f6\u00dfen verf\u00fcgbar:<\/strong>1000ml, 1200ml, 1400ml oder individuell.<\/li>\n<\/ul>\n<h3><strong>Kundenspezifische Dienstleistungen:<\/strong><\/h3>\n<ul>\n<li><strong>Logo und Gestaltung:<\/strong> Ifun Edelstahl Thermoskanne Unterst\u00fctzung benutzerdefinierte Ihr Markenlogo. Wir k\u00f6nnen Ihr Logo &amp; Design mit Siebdruck, Lasergravur, W\u00e4rme\u00fcbertragung, 3D-Druck, UV-Druck usw. machen.<\/li>\n<li><strong>Farbe:<\/strong> Die Farben k\u00f6nnen entsprechend der Pantone-Farbnummer angepasst werden, wir k\u00f6nnen sie mit matter Oberfl\u00e4che, gl\u00e4nzender Lackierung, Pulverbeschichtung usw. ausf\u00fchren.<\/li>\n<li><strong>Kapazit\u00e4t:<\/strong> Wir haben 1000ml, 1200ml, 1400ml, andere Kapazit\u00e4t k\u00f6nnen wir auch f\u00fcr Sie anpassen.<\/li>\n<li><strong>Deckel: <\/strong>Wir haben Griffdeckel, Strohhalmdeckel, Klappdeckel, Becherdeckel f\u00fcr Ihre Wahl, die Farbe kann angepasst werden.<\/li>\n<li><strong>Paket: <\/strong>Farbige Schachtel, wei\u00dfe Schachtel, Geschenkschachtel, braune Kartonschachtel, Zylinderschachtel usw.<\/li>\n<\/ul>","protected":false},"featured_media":1307,"comment_status":"open","ping_status":"closed","template":"","meta":[],"product_brand":[],"product_cat":[25],"product_tag":[51,48,50],"class_list":{"0":"post-1306","1":"product","2":"type-product","3":"status-publish","4":"has-post-thumbnail","6":"product_cat-protein-shaker-bottles","7":"product_tag-protein-shaker-bottles","8":"product_tag-sports-water-bottles","9":"product_tag-stainless-steel-shaker-bottles","11":"first","12":"instock","13":"shipping-taxable","14":"product-type-simple"},"yoast_head":"<!-- This site is optimized with the Yoast SEO plugin v25.4 - https:\/\/yoast.com\/wordpress\/plugins\/seo\/ -->\n<title>Double-Walled Vacuum Insulated Stainless Steel Shaker Bottle BPA Free and Leak-Proof Stainless Steel Thermal Bottle for Protein 1081603P - iFun<\/title>\n<meta name=\"description\" content=\"Double-Walled Vacuum Insulated Stainless Steel Shaker Bottle BPA Free and Leak-Proof Stainless Steel Thermal Bottle for Protein\" \/>\n<meta name=\"robots\" content=\"index, follow, max-snippet:-1, max-image-preview:large, max-video-preview:-1\" \/>\n<link rel=\"canonical\" href=\"https:\/\/customizedwaterbottles.com\/de\/product\/double-walled-vacuum-insulated-stainless-steel-shaker-bottle-bpa-free-and-leak-proof-stainless-steel-thermal-bottle-for-protein\/\" \/>\n<meta property=\"og:locale\" content=\"de_DE\" \/>\n<meta property=\"og:type\" content=\"article\" \/>\n<meta property=\"og:title\" content=\"Double-Walled Vacuum Insulated Stainless Steel Shaker Bottle BPA Free and Leak-Proof Stainless Steel Thermal Bottle for Protein 1081603P - iFun\" \/>\n<meta property=\"og:description\" content=\"Double-Walled Vacuum Insulated Stainless Steel Shaker Bottle BPA Free and Leak-Proof Stainless Steel Thermal Bottle for Protein\" \/>\n<meta property=\"og:url\" content=\"https:\/\/customizedwaterbottles.com\/de\/product\/double-walled-vacuum-insulated-stainless-steel-shaker-bottle-bpa-free-and-leak-proof-stainless-steel-thermal-bottle-for-protein\/\" \/>\n<meta property=\"og:site_name\" content=\"iFun\" \/>\n<meta property=\"article:modified_time\" content=\"2025-07-11T06:28:56+00:00\" \/>\n<meta property=\"og:image\" content=\"https:\/\/customizedwaterbottles.com\/wp-content\/uploads\/2025\/06\/sports-shaker-bottles-with-handle-5.webp\" \/>\n\t<meta property=\"og:image:width\" content=\"800\" \/>\n\t<meta property=\"og:image:height\" content=\"800\" \/>\n\t<meta property=\"og:image:type\" content=\"image\/webp\" \/>\n<meta name=\"twitter:card\" content=\"summary_large_image\" \/>\n<meta name=\"twitter:label1\" content=\"Gesch\u00e4tzte Lesezeit\" \/>\n\t<meta name=\"twitter:data1\" content=\"3\u00a0Minuten\" \/>\n<script type=\"application\/ld+json\" class=\"yoast-schema-graph\">{\"@context\":\"https:\/\/schema.org\",\"@graph\":[{\"@type\":\"WebPage\",\"@id\":\"https:\/\/customizedwaterbottles.com\/product\/double-walled-vacuum-insulated-stainless-steel-shaker-bottle-bpa-free-and-leak-proof-stainless-steel-thermal-bottle-for-protein\/\",\"url\":\"https:\/\/customizedwaterbottles.com\/product\/double-walled-vacuum-insulated-stainless-steel-shaker-bottle-bpa-free-and-leak-proof-stainless-steel-thermal-bottle-for-protein\/\",\"name\":\"Double-Walled Vacuum Insulated Stainless Steel Shaker Bottle BPA Free and Leak-Proof Stainless Steel Thermal Bottle for Protein 1081603P - iFun\",\"isPartOf\":{\"@id\":\"https:\/\/customizedwaterbottles.com\/#website\"},\"primaryImageOfPage\":{\"@id\":\"https:\/\/customizedwaterbottles.com\/product\/double-walled-vacuum-insulated-stainless-steel-shaker-bottle-bpa-free-and-leak-proof-stainless-steel-thermal-bottle-for-protein\/#primaryimage\"},\"image\":{\"@id\":\"https:\/\/customizedwaterbottles.com\/product\/double-walled-vacuum-insulated-stainless-steel-shaker-bottle-bpa-free-and-leak-proof-stainless-steel-thermal-bottle-for-protein\/#primaryimage\"},\"thumbnailUrl\":\"https:\/\/customizedwaterbottles.com\/wp-content\/uploads\/2025\/06\/sports-shaker-bottles-with-handle-5.webp\",\"datePublished\":\"2025-06-30T09:35:31+00:00\",\"dateModified\":\"2025-07-11T06:28:56+00:00\",\"description\":\"Double-Walled Vacuum Insulated Stainless Steel Shaker Bottle BPA Free and Leak-Proof Stainless Steel Thermal Bottle for Protein\",\"breadcrumb\":{\"@id\":\"https:\/\/customizedwaterbottles.com\/product\/double-walled-vacuum-insulated-stainless-steel-shaker-bottle-bpa-free-and-leak-proof-stainless-steel-thermal-bottle-for-protein\/#breadcrumb\"},\"inLanguage\":\"de\",\"potentialAction\":[{\"@type\":\"ReadAction\",\"target\":[\"https:\/\/customizedwaterbottles.com\/product\/double-walled-vacuum-insulated-stainless-steel-shaker-bottle-bpa-free-and-leak-proof-stainless-steel-thermal-bottle-for-protein\/\"]}]},{\"@type\":\"ImageObject\",\"inLanguage\":\"de\",\"@id\":\"https:\/\/customizedwaterbottles.com\/product\/double-walled-vacuum-insulated-stainless-steel-shaker-bottle-bpa-free-and-leak-proof-stainless-steel-thermal-bottle-for-protein\/#primaryimage\",\"url\":\"https:\/\/customizedwaterbottles.com\/wp-content\/uploads\/2025\/06\/sports-shaker-bottles-with-handle-5.webp\",\"contentUrl\":\"https:\/\/customizedwaterbottles.com\/wp-content\/uploads\/2025\/06\/sports-shaker-bottles-with-handle-5.webp\",\"width\":800,\"height\":800,\"caption\":\"double walled vacuum insulated stainless steel shaker bottle bpa free and leak proof stainless steel thermal bottle for protein 1081603p\"},{\"@type\":\"BreadcrumbList\",\"@id\":\"https:\/\/customizedwaterbottles.com\/product\/double-walled-vacuum-insulated-stainless-steel-shaker-bottle-bpa-free-and-leak-proof-stainless-steel-thermal-bottle-for-protein\/#breadcrumb\",\"itemListElement\":[{\"@type\":\"ListItem\",\"position\":1,\"name\":\"Home\",\"item\":\"https:\/\/customizedwaterbottles.com\/\"},{\"@type\":\"ListItem\",\"position\":2,\"name\":\"Products\",\"item\":\"https:\/\/customizedwaterbottles.com\/wholesale-drinkware-manufacturer-water-bottles-tumblers\/\"},{\"@type\":\"ListItem\",\"position\":3,\"name\":\"Double-Walled Vacuum Insulated Stainless Steel Shaker Bottle BPA Free and Leak-Proof Stainless Steel Thermal Bottle for Protein 1081603P\"}]},{\"@type\":\"WebSite\",\"@id\":\"https:\/\/customizedwaterbottles.com\/#website\",\"url\":\"https:\/\/customizedwaterbottles.com\/\",\"name\":\"iFun\",\"description\":\"Water Bottles Stainless Steel Vacuum Flask\",\"potentialAction\":[{\"@type\":\"SearchAction\",\"target\":{\"@type\":\"EntryPoint\",\"urlTemplate\":\"https:\/\/customizedwaterbottles.com\/?s={search_term_string}\"},\"query-input\":{\"@type\":\"PropertyValueSpecification\",\"valueRequired\":true,\"valueName\":\"search_term_string\"}}],\"inLanguage\":\"de\"}]}<\/script>\n<!-- \/ Yoast SEO plugin. -->","yoast_head_json":{"title":"Double-Walled Vacuum Insulated Stainless Steel Shaker Bottle BPA Free and Leak-Proof Stainless Steel Thermal Bottle for Protein 1081603P - iFun","description":"Double-Walled Vacuum Insulated Stainless Steel Shaker Bottle BPA Free and Leak-Proof Stainless Steel Thermal Bottle for Protein","robots":{"index":"index","follow":"follow","max-snippet":"max-snippet:-1","max-image-preview":"max-image-preview:large","max-video-preview":"max-video-preview:-1"},"canonical":"https:\/\/customizedwaterbottles.com\/de\/product\/double-walled-vacuum-insulated-stainless-steel-shaker-bottle-bpa-free-and-leak-proof-stainless-steel-thermal-bottle-for-protein\/","og_locale":"de_DE","og_type":"article","og_title":"Double-Walled Vacuum Insulated Stainless Steel Shaker Bottle BPA Free and Leak-Proof Stainless Steel Thermal Bottle for Protein 1081603P - iFun","og_description":"Double-Walled Vacuum Insulated Stainless Steel Shaker Bottle BPA Free and Leak-Proof Stainless Steel Thermal Bottle for Protein","og_url":"https:\/\/customizedwaterbottles.com\/de\/product\/double-walled-vacuum-insulated-stainless-steel-shaker-bottle-bpa-free-and-leak-proof-stainless-steel-thermal-bottle-for-protein\/","og_site_name":"iFun","article_modified_time":"2025-07-11T06:28:56+00:00","og_image":[{"width":800,"height":800,"url":"https:\/\/customizedwaterbottles.com\/wp-content\/uploads\/2025\/06\/sports-shaker-bottles-with-handle-5.webp","type":"image\/webp"}],"twitter_card":"summary_large_image","twitter_misc":{"Gesch\u00e4tzte Lesezeit":"3\u00a0Minuten"},"schema":{"@context":"https:\/\/schema.org","@graph":[{"@type":"WebPage","@id":"https:\/\/customizedwaterbottles.com\/product\/double-walled-vacuum-insulated-stainless-steel-shaker-bottle-bpa-free-and-leak-proof-stainless-steel-thermal-bottle-for-protein\/","url":"https:\/\/customizedwaterbottles.com\/product\/double-walled-vacuum-insulated-stainless-steel-shaker-bottle-bpa-free-and-leak-proof-stainless-steel-thermal-bottle-for-protein\/","name":"Double-Walled Vacuum Insulated Stainless Steel Shaker Bottle BPA Free and Leak-Proof Stainless Steel Thermal Bottle for Protein 1081603P - iFun","isPartOf":{"@id":"https:\/\/customizedwaterbottles.com\/#website"},"primaryImageOfPage":{"@id":"https:\/\/customizedwaterbottles.com\/product\/double-walled-vacuum-insulated-stainless-steel-shaker-bottle-bpa-free-and-leak-proof-stainless-steel-thermal-bottle-for-protein\/#primaryimage"},"image":{"@id":"https:\/\/customizedwaterbottles.com\/product\/double-walled-vacuum-insulated-stainless-steel-shaker-bottle-bpa-free-and-leak-proof-stainless-steel-thermal-bottle-for-protein\/#primaryimage"},"thumbnailUrl":"https:\/\/customizedwaterbottles.com\/wp-content\/uploads\/2025\/06\/sports-shaker-bottles-with-handle-5.webp","datePublished":"2025-06-30T09:35:31+00:00","dateModified":"2025-07-11T06:28:56+00:00","description":"Double-Walled Vacuum Insulated Stainless Steel Shaker Bottle BPA Free and Leak-Proof Stainless Steel Thermal Bottle for Protein","breadcrumb":{"@id":"https:\/\/customizedwaterbottles.com\/product\/double-walled-vacuum-insulated-stainless-steel-shaker-bottle-bpa-free-and-leak-proof-stainless-steel-thermal-bottle-for-protein\/#breadcrumb"},"inLanguage":"de","potentialAction":[{"@type":"ReadAction","target":["https:\/\/customizedwaterbottles.com\/product\/double-walled-vacuum-insulated-stainless-steel-shaker-bottle-bpa-free-and-leak-proof-stainless-steel-thermal-bottle-for-protein\/"]}]},{"@type":"ImageObject","inLanguage":"de","@id":"https:\/\/customizedwaterbottles.com\/product\/double-walled-vacuum-insulated-stainless-steel-shaker-bottle-bpa-free-and-leak-proof-stainless-steel-thermal-bottle-for-protein\/#primaryimage","url":"https:\/\/customizedwaterbottles.com\/wp-content\/uploads\/2025\/06\/sports-shaker-bottles-with-handle-5.webp","contentUrl":"https:\/\/customizedwaterbottles.com\/wp-content\/uploads\/2025\/06\/sports-shaker-bottles-with-handle-5.webp","width":800,"height":800,"caption":"double walled vacuum insulated stainless steel shaker bottle bpa free and leak proof stainless steel thermal bottle for protein 1081603p"},{"@type":"BreadcrumbList","@id":"https:\/\/customizedwaterbottles.com\/product\/double-walled-vacuum-insulated-stainless-steel-shaker-bottle-bpa-free-and-leak-proof-stainless-steel-thermal-bottle-for-protein\/#breadcrumb","itemListElement":[{"@type":"ListItem","position":1,"name":"Home","item":"https:\/\/customizedwaterbottles.com\/"},{"@type":"ListItem","position":2,"name":"Products","item":"https:\/\/customizedwaterbottles.com\/wholesale-drinkware-manufacturer-water-bottles-tumblers\/"},{"@type":"ListItem","position":3,"name":"Double-Walled Vacuum Insulated Stainless Steel Shaker Bottle BPA Free and Leak-Proof Stainless Steel Thermal Bottle for Protein 1081603P"}]},{"@type":"WebSite","@id":"https:\/\/customizedwaterbottles.com\/#website","url":"https:\/\/customizedwaterbottles.com\/","name":"iFun","description":"Water Bottles Stainless Steel Vacuum Flask","potentialAction":[{"@type":"SearchAction","target":{"@type":"EntryPoint","urlTemplate":"https:\/\/customizedwaterbottles.com\/?s={search_term_string}"},"query-input":{"@type":"PropertyValueSpecification","valueRequired":true,"valueName":"search_term_string"}}],"inLanguage":"de"}]}},"_links":{"self":[{"href":"https:\/\/customizedwaterbottles.com\/de\/wp-json\/wp\/v2\/product\/1306","targetHints":{"allow":["GET"]}}],"collection":[{"href":"https:\/\/customizedwaterbottles.com\/de\/wp-json\/wp\/v2\/product"}],"about":[{"href":"https:\/\/customizedwaterbottles.com\/de\/wp-json\/wp\/v2\/types\/product"}],"replies":[{"embeddable":true,"href":"https:\/\/customizedwaterbottles.com\/de\/wp-json\/wp\/v2\/comments?post=1306"}],"wp:featuredmedia":[{"embeddable":true,"href":"https:\/\/customizedwaterbottles.com\/de\/wp-json\/wp\/v2\/media\/1307"}],"wp:attachment":[{"href":"https:\/\/customizedwaterbottles.com\/de\/wp-json\/wp\/v2\/media?parent=1306"}],"wp:term":[{"taxonomy":"product_brand","embeddable":true,"href":"https:\/\/customizedwaterbottles.com\/de\/wp-json\/wp\/v2\/product_brand?post=1306"},{"taxonomy":"product_cat","embeddable":true,"href":"https:\/\/customizedwaterbottles.com\/de\/wp-json\/wp\/v2\/product_cat?post=1306"},{"taxonomy":"product_tag","embeddable":true,"href":"https:\/\/customizedwaterbottles.com\/de\/wp-json\/wp\/v2\/product_tag?post=1306"}],"curies":[{"name":"wp","href":"https:\/\/api.w.org\/{rel}","templated":true}]}}