{"id":2547,"date":"2025-07-08T07:30:01","date_gmt":"2025-07-08T07:30:01","guid":{"rendered":"https:\/\/customizedwaterbottles.com\/?post_type=product&#038;p=2547"},"modified":"2025-07-11T03:48:50","modified_gmt":"2025-07-11T03:48:50","slug":"100-leakproof-stainless-steel-40oz-tumblers-with-customized-logo","status":"publish","type":"product","link":"https:\/\/customizedwaterbottles.com\/de\/product\/100-leakproof-stainless-steel-40oz-tumblers-with-customized-logo\/","title":{"rendered":"100% Auslaufsichere Edelstahl 40oz Trinkgl\u00e4ser mit individuellem Logo 1081607T"},"content":{"rendered":"<table>\n<tbody>\n<tr>\n<td width=\"426\">Name des Produkts<\/td>\n<td width=\"426\">100% Leakproof Stainless Steel 40oz Tumblers with Customized Logo<\/td>\n<\/tr>\n<tr>\n<td width=\"426\">Kapazit\u00e4t<\/td>\n<td width=\"426\">40oz<\/td>\n<\/tr>\n<tr>\n<td width=\"426\">Material<\/td>\n<td width=\"426\">Doppelwandiger Edelstahl<\/td>\n<\/tr>\n<tr>\n<td width=\"426\">Farbe<\/td>\n<td width=\"426\">Gl\u00e4nzende Lackierung, matte Lackierung, Pulverbeschichtung usw.<\/td>\n<\/tr>\n<tr>\n<td width=\"426\">Logo<\/td>\n<td width=\"426\">Siebdruck, Thermotransferdruck, Lasergravur, Wassertransfer usw.<\/td>\n<\/tr>\n<tr>\n<td width=\"426\">MOQ<\/td>\n<td width=\"426\">50St\u00fcck<\/td>\n<\/tr>\n<tr>\n<td width=\"426\">Probezeit<\/td>\n<td width=\"426\">3-7 Tage f\u00fcr individuelle Gestaltung<\/td>\n<\/tr>\n<tr>\n<td width=\"426\">Zertifizierung<\/td>\n<td width=\"426\">FDA, LFGB<\/td>\n<\/tr>\n<tr>\n<td width=\"426\">Verpacken<\/td>\n<td width=\"426\">Wei\u00dfe Schachtel, farbige Schachtel oder Schachtel mit individuellem Design<\/td>\n<\/tr>\n<tr>\n<td width=\"426\">Produktionskapazit\u00e4t<\/td>\n<td width=\"426\">500.000 Exemplare pro Monat<\/td>\n<\/tr>\n<tr>\n<td width=\"426\">Lieferfrist<\/td>\n<td width=\"426\">25-35 Tage f\u00fcr Mengen unter 20.000 St\u00fcck<\/td>\n<\/tr>\n<\/tbody>\n<\/table>\n<h2><strong>Why Choose Ifun 40oz Insulated Coffee Tumblers?<\/strong><\/h2>\n<p><span style=\"color: #000000;\"><strong>1. ganzt\u00e4gige Temperaturkontrolle<\/strong><\/span><\/p>\n<p>Die doppelwandige Vakuumisolierung von Ifun h\u00e4lt die Temperatur viel l\u00e4nger aufrecht als herk\u00f6mmliche Flaschen. Ob bei der Arbeit, beim Lernen, auf Reisen oder bei Abenteuern im Freien - Sie k\u00f6nnen Ihre Getr\u00e4nke jederzeit bei der perfekten Temperatur genie\u00dfen.<\/p>\n<p><span style=\"color: #000000;\"><strong>2. robuste Bauweise mit hochwertigen Materialien<\/strong><\/span><\/p>\n<p>Innen und au\u00dfen aus hochwertigem, lebensmittelechtem 304er-Edelstahl gefertigt, ist er sicher f\u00fcr alle Getr\u00e4nke, hat keinen seltsamen Geschmack und ist besonders widerstandsf\u00e4hig gegen Dellen und Kratzer.<\/p>\n<p><span style=\"color: #000000;\"><strong>3. einzigartiges Deckeldesign<\/strong><\/span><\/p>\n<p>Ifun Wasserflaschen kommt mit auslaufsicheren Deckel, k\u00f6nnen Sie es im Freien f\u00fcr Reisen gehen, egal gehen \u00fcberall ohne Sorgen.<\/p>\n<p><span style=\"color: #000000;\"><strong>4. mehrere Kapazit\u00e4ten zur Auswahl<\/strong><\/span><\/p>\n<p>With the capacity of 40oz, this tumbler is perfect for heavy drinkers, fitness lovers, or desk-bound professionals.<\/p>\n<p><span style=\"color: #000000;\"><strong>5. schwei\u00dffreies \u00c4u\u00dferes<\/strong><\/span><\/p>\n<p>Unsere vakuumisolierte Isolierflasche h\u00e4lt nicht nur die Getr\u00e4nke kalt, sondern auch die Au\u00dfenseite trocken. Sie m\u00fcssen sich keine Sorgen machen, dass Kondenswasser von kalten Getr\u00e4nken Ihre H\u00e4nde oder den Tisch nass macht.<\/p>\n<p><span style=\"color: #000000;\"><strong>6.15Jahre+ Erfahrung in der Produktion<\/strong><\/span><\/p>\n<p>Ifun konzentriert sich seit mehr als 15 Jahren auf Getr\u00e4nkeprodukte. Zu unseren Produkten geh\u00f6ren Edelstahlbecher, vakuumisolierte Wasserflaschen, Reisebecher, Thermosbecher usw. Wir haben professionelle Teams, um sicherzustellen, dass die Produkte in hoher Qualit\u00e4t.<\/p>\n<p><span style=\"color: #000000;\"><strong>7. OEM &amp; ODM Service verf\u00fcgbar<\/strong><\/span><\/p>\n<p>Als Hersteller von Edelstahlflaschen bietet Ifun OEM- und ODM-Service f\u00fcr unsere Kunden. Egal Farben, Logos, Pakete oder Gr\u00f6\u00dfen, k\u00f6nnen wir auch f\u00fcr Sie anpassen.<\/p>\n<p><img decoding=\"async\" class=\"alignnone size-full wp-image-2567\" src=\"https:\/\/customizedwaterbottles.com\/wp-content\/uploads\/2025\/07\/tumbler-with-2-in-1-lid-13.webp\" alt=\"\" width=\"1200\" height=\"1200\" srcset=\"https:\/\/customizedwaterbottles.com\/wp-content\/uploads\/2025\/07\/tumbler-with-2-in-1-lid-13.webp 1200w, https:\/\/customizedwaterbottles.com\/wp-content\/uploads\/2025\/07\/tumbler-with-2-in-1-lid-13-1024x1024.webp 1024w, https:\/\/customizedwaterbottles.com\/wp-content\/uploads\/2025\/07\/tumbler-with-2-in-1-lid-13-768x768.webp 768w, https:\/\/customizedwaterbottles.com\/wp-content\/uploads\/2025\/07\/tumbler-with-2-in-1-lid-13-300x300.webp 300w, https:\/\/customizedwaterbottles.com\/wp-content\/uploads\/2025\/07\/tumbler-with-2-in-1-lid-13-600x600.webp 600w, https:\/\/customizedwaterbottles.com\/wp-content\/uploads\/2025\/07\/tumbler-with-2-in-1-lid-13-100x100.webp 100w\" sizes=\"(max-width: 1200px) 100vw, 1200px\" \/> <img decoding=\"async\" class=\"alignnone size-medium wp-image-2568\" src=\"https:\/\/customizedwaterbottles.com\/wp-content\/uploads\/2025\/07\/tumbler-with-2-in-1-lid-2.webp\" alt=\"\" width=\"1200\" height=\"1200\" srcset=\"https:\/\/customizedwaterbottles.com\/wp-content\/uploads\/2025\/07\/tumbler-with-2-in-1-lid-2.webp 1200w, https:\/\/customizedwaterbottles.com\/wp-content\/uploads\/2025\/07\/tumbler-with-2-in-1-lid-2-1024x1024.webp 1024w, https:\/\/customizedwaterbottles.com\/wp-content\/uploads\/2025\/07\/tumbler-with-2-in-1-lid-2-768x768.webp 768w, https:\/\/customizedwaterbottles.com\/wp-content\/uploads\/2025\/07\/tumbler-with-2-in-1-lid-2-300x300.webp 300w, https:\/\/customizedwaterbottles.com\/wp-content\/uploads\/2025\/07\/tumbler-with-2-in-1-lid-2-600x600.webp 600w, https:\/\/customizedwaterbottles.com\/wp-content\/uploads\/2025\/07\/tumbler-with-2-in-1-lid-2-100x100.webp 100w\" sizes=\"(max-width: 1200px) 100vw, 1200px\" \/> <img decoding=\"async\" class=\"alignnone size-medium wp-image-2569\" src=\"https:\/\/customizedwaterbottles.com\/wp-content\/uploads\/2025\/07\/tumbler-with-2-in-1-lid-4.webp\" alt=\"\" width=\"1200\" height=\"1200\" srcset=\"https:\/\/customizedwaterbottles.com\/wp-content\/uploads\/2025\/07\/tumbler-with-2-in-1-lid-4.webp 1200w, https:\/\/customizedwaterbottles.com\/wp-content\/uploads\/2025\/07\/tumbler-with-2-in-1-lid-4-1024x1024.webp 1024w, https:\/\/customizedwaterbottles.com\/wp-content\/uploads\/2025\/07\/tumbler-with-2-in-1-lid-4-768x768.webp 768w, https:\/\/customizedwaterbottles.com\/wp-content\/uploads\/2025\/07\/tumbler-with-2-in-1-lid-4-300x300.webp 300w, https:\/\/customizedwaterbottles.com\/wp-content\/uploads\/2025\/07\/tumbler-with-2-in-1-lid-4-600x600.webp 600w, https:\/\/customizedwaterbottles.com\/wp-content\/uploads\/2025\/07\/tumbler-with-2-in-1-lid-4-100x100.webp 100w\" sizes=\"(max-width: 1200px) 100vw, 1200px\" \/> <img decoding=\"async\" class=\"alignnone size-medium wp-image-2570\" src=\"https:\/\/customizedwaterbottles.com\/wp-content\/uploads\/2025\/07\/tumbler-with-2-in-1-lid-5.webp\" alt=\"\" width=\"1200\" height=\"1200\" srcset=\"https:\/\/customizedwaterbottles.com\/wp-content\/uploads\/2025\/07\/tumbler-with-2-in-1-lid-5.webp 1200w, https:\/\/customizedwaterbottles.com\/wp-content\/uploads\/2025\/07\/tumbler-with-2-in-1-lid-5-1024x1024.webp 1024w, https:\/\/customizedwaterbottles.com\/wp-content\/uploads\/2025\/07\/tumbler-with-2-in-1-lid-5-768x768.webp 768w, https:\/\/customizedwaterbottles.com\/wp-content\/uploads\/2025\/07\/tumbler-with-2-in-1-lid-5-300x300.webp 300w, https:\/\/customizedwaterbottles.com\/wp-content\/uploads\/2025\/07\/tumbler-with-2-in-1-lid-5-600x600.webp 600w, https:\/\/customizedwaterbottles.com\/wp-content\/uploads\/2025\/07\/tumbler-with-2-in-1-lid-5-100x100.webp 100w\" sizes=\"(max-width: 1200px) 100vw, 1200px\" \/> <img decoding=\"async\" class=\"alignnone size-medium wp-image-2571\" src=\"https:\/\/customizedwaterbottles.com\/wp-content\/uploads\/2025\/07\/tumbler-with-2-in-1-lid-6.webp\" alt=\"\" width=\"1200\" height=\"1200\" srcset=\"https:\/\/customizedwaterbottles.com\/wp-content\/uploads\/2025\/07\/tumbler-with-2-in-1-lid-6.webp 1200w, https:\/\/customizedwaterbottles.com\/wp-content\/uploads\/2025\/07\/tumbler-with-2-in-1-lid-6-1024x1024.webp 1024w, https:\/\/customizedwaterbottles.com\/wp-content\/uploads\/2025\/07\/tumbler-with-2-in-1-lid-6-768x768.webp 768w, https:\/\/customizedwaterbottles.com\/wp-content\/uploads\/2025\/07\/tumbler-with-2-in-1-lid-6-300x300.webp 300w, https:\/\/customizedwaterbottles.com\/wp-content\/uploads\/2025\/07\/tumbler-with-2-in-1-lid-6-600x600.webp 600w, https:\/\/customizedwaterbottles.com\/wp-content\/uploads\/2025\/07\/tumbler-with-2-in-1-lid-6-100x100.webp 100w\" sizes=\"(max-width: 1200px) 100vw, 1200px\" \/><\/p>","protected":false},"excerpt":{"rendered":"<h3><strong>Produktmerkmale:<\/strong><\/h3>\n<ul>\n<li><strong>Large 40oz Capacity:<\/strong> Perfectly sized for long drives, workdays, or outdoor adventures. This tumbler can keep enough drink to keep you hydrated for hours without constant refills.<\/li>\n<li><strong>Premium Food-Grade 304 Stainless Steel Construction:<\/strong> The 40oz tumbler ensures durability, rust resistance, and most importantly, <strong>prevents flavor transfer<\/strong>, keeping your beverages tasting pure \u2013 whether it&#8217;s water, coffee, tea, or smoothies.<\/li>\n<li><strong>Unique 2-in-1 Flip Lid Design:<\/strong> Seamlessly switch between two convenient drinking modes: Smooth Sip Straw: Integrated, durable straw for easy, spill-resistant sipping \u2013 ideal while driving; Wide-Mouth Chug Lid:\u00a0Flip open the cover for larger gulps, adding ice easily, or quick cleaning.<\/li>\n<li><strong>Fortschrittliche doppelwandige Vakuum-Isolierung:<\/strong>\u00a0Engineered to maintain your drink&#8217;s temperature for hours. Keeps\u00a0cold drinks icy cold for up to 24+ hours\u00a0and\u00a0hot beverages piping hot for up to 12+ hours.<\/li>\n<li><strong>Leak-Proof &amp; Spill-Resistant Design:<\/strong> Features a secure sealing within the 2-in-1 lid, specifically designed to prevent leaks and spills, even when put it in a car cup holder or tipped over.<\/li>\n<li><strong>Car Cup Holder Compatible Base:<\/strong>\u00a0Features a tapered,\u00a0standard-sized base designed to fit securely in most car cup holders, keeping your tumbler stable and accessible while driving.<\/li>\n<li><strong>Schwei\u00dffestes \u00c4u\u00dferes:<\/strong> The condensation-free design ensures the outer surface stays dry, protecting your car&#8217;s interior, desk, or bag from moisture.<\/li>\n<\/ul>\n<h3><strong>Kundenspezifische Dienstleistungen:<\/strong><\/h3>\n<ul>\n<li><strong>Logo und Gestaltung:<\/strong> Ifun-Edelstahlflaschen unterst\u00fctzen Ihr Markenlogo. Wir k\u00f6nnen Ihr Logo &amp; Design mit Siebdruck, Lasergravur, W\u00e4rme\u00fcbertragung, 3D-Druck, UV-Druck usw. machen.<\/li>\n<li><strong>Farbe:<\/strong> Die Farben k\u00f6nnen entsprechend der Pantone-Farbnummer angepasst werden, wir k\u00f6nnen sie mit matter Oberfl\u00e4che, gl\u00e4nzender Lackierung, Pulverbeschichtung usw. ausf\u00fchren.<\/li>\n<li><strong>Kapazit\u00e4t:<\/strong> We have 40oz capacity, other capacity we can also custom for you.<\/li>\n<li><strong>Deckel: <\/strong>100% BPA FREE auslaufsicherer Deckel, die Farbe kann angepasst werden.<\/li>\n<li><strong>Paket: <\/strong>Farbige Schachtel, wei\u00dfe Schachtel, Geschenkschachtel, braune Kartonschachtel, Zylinderschachtel usw.<\/li>\n<\/ul>","protected":false},"featured_media":2551,"comment_status":"open","ping_status":"closed","template":"","meta":[],"product_brand":[],"product_cat":[23],"product_tag":[83,85,84],"class_list":{"0":"post-2547","1":"product","2":"type-product","3":"status-publish","4":"has-post-thumbnail","6":"product_cat-insulated-tumblers-mugs","7":"product_tag-40oz-tumbler","8":"product_tag-leakproof-tumbler","9":"product_tag-tumbler-with-handle","11":"first","12":"instock","13":"shipping-taxable","14":"product-type-simple"},"yoast_head":"<!-- This site is optimized with the Yoast SEO plugin v25.4 - https:\/\/yoast.com\/wordpress\/plugins\/seo\/ -->\n<title>100% Leakproof Stainless Steel 40oz Tumblers with Customized Logo<\/title>\n<meta name=\"description\" content=\"Cup holder friendly stainless steel thermal insulated tumbler with foldable straw lid, easy for sipping, easy for ice cubes adding and cleaning.\" \/>\n<meta name=\"robots\" content=\"index, follow, max-snippet:-1, max-image-preview:large, max-video-preview:-1\" \/>\n<link rel=\"canonical\" href=\"https:\/\/customizedwaterbottles.com\/de\/product\/100-leakproof-stainless-steel-40oz-tumblers-with-customized-logo\/\" \/>\n<meta property=\"og:locale\" content=\"de_DE\" \/>\n<meta property=\"og:type\" content=\"article\" \/>\n<meta property=\"og:title\" content=\"100% Leakproof Stainless Steel 40oz Tumblers with Customized Logo\" \/>\n<meta property=\"og:description\" content=\"Cup holder friendly stainless steel thermal insulated tumbler with foldable straw lid, easy for sipping, easy for ice cubes adding and cleaning.\" \/>\n<meta property=\"og:url\" content=\"https:\/\/customizedwaterbottles.com\/de\/product\/100-leakproof-stainless-steel-40oz-tumblers-with-customized-logo\/\" \/>\n<meta property=\"og:site_name\" content=\"iFun\" \/>\n<meta property=\"article:modified_time\" content=\"2025-07-11T03:48:50+00:00\" \/>\n<meta property=\"og:image\" content=\"https:\/\/customizedwaterbottles.com\/wp-content\/uploads\/2025\/07\/tumbler-with-2-in-1-lid-1.webp\" \/>\n\t<meta property=\"og:image:width\" content=\"800\" \/>\n\t<meta property=\"og:image:height\" content=\"800\" \/>\n\t<meta property=\"og:image:type\" content=\"image\/webp\" \/>\n<meta name=\"twitter:card\" content=\"summary_large_image\" \/>\n<meta name=\"twitter:label1\" content=\"Gesch\u00e4tzte Lesezeit\" \/>\n\t<meta name=\"twitter:data1\" content=\"3\u00a0Minuten\" \/>\n<script type=\"application\/ld+json\" class=\"yoast-schema-graph\">{\"@context\":\"https:\/\/schema.org\",\"@graph\":[{\"@type\":\"WebPage\",\"@id\":\"https:\/\/customizedwaterbottles.com\/product\/100-leakproof-stainless-steel-40oz-tumblers-with-customized-logo\/\",\"url\":\"https:\/\/customizedwaterbottles.com\/product\/100-leakproof-stainless-steel-40oz-tumblers-with-customized-logo\/\",\"name\":\"100% Leakproof Stainless Steel 40oz Tumblers with Customized Logo\",\"isPartOf\":{\"@id\":\"https:\/\/customizedwaterbottles.com\/#website\"},\"primaryImageOfPage\":{\"@id\":\"https:\/\/customizedwaterbottles.com\/product\/100-leakproof-stainless-steel-40oz-tumblers-with-customized-logo\/#primaryimage\"},\"image\":{\"@id\":\"https:\/\/customizedwaterbottles.com\/product\/100-leakproof-stainless-steel-40oz-tumblers-with-customized-logo\/#primaryimage\"},\"thumbnailUrl\":\"https:\/\/customizedwaterbottles.com\/wp-content\/uploads\/2025\/07\/tumbler-with-2-in-1-lid-1.webp\",\"datePublished\":\"2025-07-08T07:30:01+00:00\",\"dateModified\":\"2025-07-11T03:48:50+00:00\",\"description\":\"Cup holder friendly stainless steel thermal insulated tumbler with foldable straw lid, easy for sipping, easy for ice cubes adding and cleaning.\",\"breadcrumb\":{\"@id\":\"https:\/\/customizedwaterbottles.com\/product\/100-leakproof-stainless-steel-40oz-tumblers-with-customized-logo\/#breadcrumb\"},\"inLanguage\":\"de\",\"potentialAction\":[{\"@type\":\"ReadAction\",\"target\":[\"https:\/\/customizedwaterbottles.com\/product\/100-leakproof-stainless-steel-40oz-tumblers-with-customized-logo\/\"]}]},{\"@type\":\"ImageObject\",\"inLanguage\":\"de\",\"@id\":\"https:\/\/customizedwaterbottles.com\/product\/100-leakproof-stainless-steel-40oz-tumblers-with-customized-logo\/#primaryimage\",\"url\":\"https:\/\/customizedwaterbottles.com\/wp-content\/uploads\/2025\/07\/tumbler-with-2-in-1-lid-1.webp\",\"contentUrl\":\"https:\/\/customizedwaterbottles.com\/wp-content\/uploads\/2025\/07\/tumbler-with-2-in-1-lid-1.webp\",\"width\":800,\"height\":800},{\"@type\":\"BreadcrumbList\",\"@id\":\"https:\/\/customizedwaterbottles.com\/product\/100-leakproof-stainless-steel-40oz-tumblers-with-customized-logo\/#breadcrumb\",\"itemListElement\":[{\"@type\":\"ListItem\",\"position\":1,\"name\":\"Home\",\"item\":\"https:\/\/customizedwaterbottles.com\/\"},{\"@type\":\"ListItem\",\"position\":2,\"name\":\"Products\",\"item\":\"https:\/\/customizedwaterbottles.com\/wholesale-drinkware-manufacturer-water-bottles-tumblers\/\"},{\"@type\":\"ListItem\",\"position\":3,\"name\":\"100% Leakproof Stainless Steel 40oz Tumblers with Customized Logo 1081607T\"}]},{\"@type\":\"WebSite\",\"@id\":\"https:\/\/customizedwaterbottles.com\/#website\",\"url\":\"https:\/\/customizedwaterbottles.com\/\",\"name\":\"iFun\",\"description\":\"Water Bottles Stainless Steel Vacuum Flask\",\"potentialAction\":[{\"@type\":\"SearchAction\",\"target\":{\"@type\":\"EntryPoint\",\"urlTemplate\":\"https:\/\/customizedwaterbottles.com\/?s={search_term_string}\"},\"query-input\":{\"@type\":\"PropertyValueSpecification\",\"valueRequired\":true,\"valueName\":\"search_term_string\"}}],\"inLanguage\":\"de\"}]}<\/script>\n<!-- \/ Yoast SEO plugin. -->","yoast_head_json":{"title":"100% Leakproof Stainless Steel 40oz Tumblers with Customized Logo","description":"Cup holder friendly stainless steel thermal insulated tumbler with foldable straw lid, easy for sipping, easy for ice cubes adding and cleaning.","robots":{"index":"index","follow":"follow","max-snippet":"max-snippet:-1","max-image-preview":"max-image-preview:large","max-video-preview":"max-video-preview:-1"},"canonical":"https:\/\/customizedwaterbottles.com\/de\/product\/100-leakproof-stainless-steel-40oz-tumblers-with-customized-logo\/","og_locale":"de_DE","og_type":"article","og_title":"100% Leakproof Stainless Steel 40oz Tumblers with Customized Logo","og_description":"Cup holder friendly stainless steel thermal insulated tumbler with foldable straw lid, easy for sipping, easy for ice cubes adding and cleaning.","og_url":"https:\/\/customizedwaterbottles.com\/de\/product\/100-leakproof-stainless-steel-40oz-tumblers-with-customized-logo\/","og_site_name":"iFun","article_modified_time":"2025-07-11T03:48:50+00:00","og_image":[{"width":800,"height":800,"url":"https:\/\/customizedwaterbottles.com\/wp-content\/uploads\/2025\/07\/tumbler-with-2-in-1-lid-1.webp","type":"image\/webp"}],"twitter_card":"summary_large_image","twitter_misc":{"Gesch\u00e4tzte Lesezeit":"3\u00a0Minuten"},"schema":{"@context":"https:\/\/schema.org","@graph":[{"@type":"WebPage","@id":"https:\/\/customizedwaterbottles.com\/product\/100-leakproof-stainless-steel-40oz-tumblers-with-customized-logo\/","url":"https:\/\/customizedwaterbottles.com\/product\/100-leakproof-stainless-steel-40oz-tumblers-with-customized-logo\/","name":"100% Leakproof Stainless Steel 40oz Tumblers with Customized Logo","isPartOf":{"@id":"https:\/\/customizedwaterbottles.com\/#website"},"primaryImageOfPage":{"@id":"https:\/\/customizedwaterbottles.com\/product\/100-leakproof-stainless-steel-40oz-tumblers-with-customized-logo\/#primaryimage"},"image":{"@id":"https:\/\/customizedwaterbottles.com\/product\/100-leakproof-stainless-steel-40oz-tumblers-with-customized-logo\/#primaryimage"},"thumbnailUrl":"https:\/\/customizedwaterbottles.com\/wp-content\/uploads\/2025\/07\/tumbler-with-2-in-1-lid-1.webp","datePublished":"2025-07-08T07:30:01+00:00","dateModified":"2025-07-11T03:48:50+00:00","description":"Cup holder friendly stainless steel thermal insulated tumbler with foldable straw lid, easy for sipping, easy for ice cubes adding and cleaning.","breadcrumb":{"@id":"https:\/\/customizedwaterbottles.com\/product\/100-leakproof-stainless-steel-40oz-tumblers-with-customized-logo\/#breadcrumb"},"inLanguage":"de","potentialAction":[{"@type":"ReadAction","target":["https:\/\/customizedwaterbottles.com\/product\/100-leakproof-stainless-steel-40oz-tumblers-with-customized-logo\/"]}]},{"@type":"ImageObject","inLanguage":"de","@id":"https:\/\/customizedwaterbottles.com\/product\/100-leakproof-stainless-steel-40oz-tumblers-with-customized-logo\/#primaryimage","url":"https:\/\/customizedwaterbottles.com\/wp-content\/uploads\/2025\/07\/tumbler-with-2-in-1-lid-1.webp","contentUrl":"https:\/\/customizedwaterbottles.com\/wp-content\/uploads\/2025\/07\/tumbler-with-2-in-1-lid-1.webp","width":800,"height":800},{"@type":"BreadcrumbList","@id":"https:\/\/customizedwaterbottles.com\/product\/100-leakproof-stainless-steel-40oz-tumblers-with-customized-logo\/#breadcrumb","itemListElement":[{"@type":"ListItem","position":1,"name":"Home","item":"https:\/\/customizedwaterbottles.com\/"},{"@type":"ListItem","position":2,"name":"Products","item":"https:\/\/customizedwaterbottles.com\/wholesale-drinkware-manufacturer-water-bottles-tumblers\/"},{"@type":"ListItem","position":3,"name":"100% Leakproof Stainless Steel 40oz Tumblers with Customized Logo 1081607T"}]},{"@type":"WebSite","@id":"https:\/\/customizedwaterbottles.com\/#website","url":"https:\/\/customizedwaterbottles.com\/","name":"iFun","description":"Water Bottles Stainless Steel Vacuum Flask","potentialAction":[{"@type":"SearchAction","target":{"@type":"EntryPoint","urlTemplate":"https:\/\/customizedwaterbottles.com\/?s={search_term_string}"},"query-input":{"@type":"PropertyValueSpecification","valueRequired":true,"valueName":"search_term_string"}}],"inLanguage":"de"}]}},"_links":{"self":[{"href":"https:\/\/customizedwaterbottles.com\/de\/wp-json\/wp\/v2\/product\/2547","targetHints":{"allow":["GET"]}}],"collection":[{"href":"https:\/\/customizedwaterbottles.com\/de\/wp-json\/wp\/v2\/product"}],"about":[{"href":"https:\/\/customizedwaterbottles.com\/de\/wp-json\/wp\/v2\/types\/product"}],"replies":[{"embeddable":true,"href":"https:\/\/customizedwaterbottles.com\/de\/wp-json\/wp\/v2\/comments?post=2547"}],"wp:featuredmedia":[{"embeddable":true,"href":"https:\/\/customizedwaterbottles.com\/de\/wp-json\/wp\/v2\/media\/2551"}],"wp:attachment":[{"href":"https:\/\/customizedwaterbottles.com\/de\/wp-json\/wp\/v2\/media?parent=2547"}],"wp:term":[{"taxonomy":"product_brand","embeddable":true,"href":"https:\/\/customizedwaterbottles.com\/de\/wp-json\/wp\/v2\/product_brand?post=2547"},{"taxonomy":"product_cat","embeddable":true,"href":"https:\/\/customizedwaterbottles.com\/de\/wp-json\/wp\/v2\/product_cat?post=2547"},{"taxonomy":"product_tag","embeddable":true,"href":"https:\/\/customizedwaterbottles.com\/de\/wp-json\/wp\/v2\/product_tag?post=2547"}],"curies":[{"name":"wp","href":"https:\/\/api.w.org\/{rel}","templated":true}]}}