{"id":2595,"date":"2025-07-08T09:20:12","date_gmt":"2025-07-08T09:20:12","guid":{"rendered":"https:\/\/customizedwaterbottles.com\/?post_type=product&#038;p=2595"},"modified":"2025-07-11T06:23:08","modified_gmt":"2025-07-11T06:23:08","slug":"custom-wholesale-yerba-mate-natural-gourd-tea-cup-set-brown-original-traditional-8oz-mate-cup","status":"publish","type":"product","link":"https:\/\/customizedwaterbottles.com\/de\/product\/custom-wholesale-yerba-mate-natural-gourd-tea-cup-set-brown-original-traditional-8oz-mate-cup\/","title":{"rendered":"Benutzerdefinierte Gro\u00dfhandel Yerba Mate nat\u00fcrlichen K\u00fcrbis\/Tee Cup Set braun Original traditionelle 8oz Mate Cup1081602M"},"content":{"rendered":"<table>\n<tbody>\n<tr>\n<td width=\"426\">Name des Produkts<\/td>\n<td width=\"426\">Custom Logo Wholesale Yerba Mate Natural Gourd\/Tea Cup Set Brown Original Traditional 8oz Mate Cup<\/td>\n<\/tr>\n<tr>\n<td width=\"426\">Kapazit\u00e4t<\/td>\n<td width=\"426\">8oz<\/td>\n<\/tr>\n<tr>\n<td width=\"426\">Material<\/td>\n<td width=\"426\">Doppelwandiger Edelstahl<\/td>\n<\/tr>\n<tr>\n<td width=\"426\">Farbe<\/td>\n<td width=\"426\">Hochglanzlackierung, Mattlackierung, Pulverbeschichtung, etc.<\/td>\n<\/tr>\n<tr>\n<td width=\"426\">Logo<\/td>\n<td width=\"426\">Siebdruck, Thermotransferdruck, Lasergravur, Wassertransfer, etc.<\/td>\n<\/tr>\n<tr>\n<td width=\"426\">MOQ<\/td>\n<td width=\"426\">50St\u00fcck<\/td>\n<\/tr>\n<tr>\n<td width=\"426\">Probezeit<\/td>\n<td width=\"426\">3- 7 Tage f\u00fcr individuelle Gestaltung<\/td>\n<\/tr>\n<tr>\n<td width=\"426\">Zertifizierung<\/td>\n<td width=\"426\">FDA, LFGB<\/td>\n<\/tr>\n<tr>\n<td width=\"426\">Verpacken<\/td>\n<td width=\"426\">Wei\u00dfe Box, farbige Box oder Box mit individuellem Design<\/td>\n<\/tr>\n<tr>\n<td width=\"426\">Produktionskapazit\u00e4t<\/td>\n<td width=\"426\">500.000 Exemplare pro Monat<\/td>\n<\/tr>\n<tr>\n<td width=\"426\">Lieferfrist<\/td>\n<td width=\"426\">25- 35 Tage f\u00fcr Mengen unter 20.000 St\u00fcck<\/td>\n<\/tr>\n<\/tbody>\n<\/table>\n<h2><strong>Why choose Custom Wholesale Yerba Mate Natural Gourd\/Tea Cup Set Brown Original Traditional 8oz Mate Cup ?<\/strong><\/h2>\n<p><strong>1. Hochwertiger 304-Edelstahl-Konstruktion<\/strong><\/p>\n<p>Ifun Stainless Steel Mate Tea Cups is crafted from food-grade 304 stainless steel, ensuring durability, easy cleaning, and long-lasting performance. The 100% BPA-free lid guarantees a safe and healthy drinking experience, free from harmful chemicals. made from premium, kitchen-grade stainess steel that will not absorb odors or stains, reduce your plastic use and microplastic exposure.<\/p>\n<p><strong>2. Sp\u00fclmaschinenfest Es ist sp\u00fclmaschinenfest und macht die Reinigung so viel einfacher und weniger m\u00fchsam.\u00a0<\/strong><\/p>\n<p>This upgraded wide mouth featuresVacuum Insulated Stainless Steel Tumbler Mate Tea Cups With Lid<\/p>\n<p><strong>3. Lecksicheres Design\u00a0<\/strong><\/p>\n<p>Ifun Large Capacity 64oz Vacuum Insulated Stainless Steel Tumbler Mate Tea Cups With Lid And Handle a flip-top cap against spilling and leaking and the lid won\u2019t burst open when dropped.<\/p>\n<p><strong>4.<\/strong><strong>wetterfestes \u00c4u\u00dferes<\/strong><\/p>\n<p>Unsere vakuumisolierte Isolierflasche h\u00e4lt nicht nur die Getr\u00e4nke kalt, sondern auch die Au\u00dfenseite trocken. Sie m\u00fcssen sich keine Sorgen machen, dass Kondenswasser von kalten Getr\u00e4nken Ihre H\u00e4nde oder Ihren Tisch nass macht.<\/p>\n<p><strong>6.15 Jahre+ Erfahrung in der Produktion<\/strong><\/p>\n<p>Ifun konzentriert sich seit mehr als 15 Jahren auf Getr\u00e4nkeprodukte. Zu unseren Produkten geh\u00f6ren Becher aus Edelstahl, vakuumisolierte Wasserflaschen, Reisebecher, Thermosbecher, usw. Wir haben professionelle Teams, um die Produkte in hoher Qualit\u00e4t zu gew\u00e4hrleisten.<\/p>\n<p>&nbsp;<\/p>\n<p><img decoding=\"async\" class=\"alignnone size-full wp-image-2603\" src=\"https:\/\/customizedwaterbottles.com\/wp-content\/uploads\/2025\/07\/yerba-mate-cups.webp\" alt=\"\" width=\"1080\" height=\"1080\" srcset=\"https:\/\/customizedwaterbottles.com\/wp-content\/uploads\/2025\/07\/yerba-mate-cups.webp 1080w, https:\/\/customizedwaterbottles.com\/wp-content\/uploads\/2025\/07\/yerba-mate-cups-1024x1024.webp 1024w, https:\/\/customizedwaterbottles.com\/wp-content\/uploads\/2025\/07\/yerba-mate-cups-768x768.webp 768w, https:\/\/customizedwaterbottles.com\/wp-content\/uploads\/2025\/07\/yerba-mate-cups-300x300.webp 300w, https:\/\/customizedwaterbottles.com\/wp-content\/uploads\/2025\/07\/yerba-mate-cups-600x600.webp 600w, https:\/\/customizedwaterbottles.com\/wp-content\/uploads\/2025\/07\/yerba-mate-cups-100x100.webp 100w\" sizes=\"(max-width: 1080px) 100vw, 1080px\" \/> <img decoding=\"async\" class=\"alignnone size-medium wp-image-2604\" src=\"https:\/\/customizedwaterbottles.com\/wp-content\/uploads\/2025\/07\/yerba-mate-cup-2.webp\" alt=\"\" width=\"1000\" height=\"1000\" srcset=\"https:\/\/customizedwaterbottles.com\/wp-content\/uploads\/2025\/07\/yerba-mate-cup-2.webp 1000w, https:\/\/customizedwaterbottles.com\/wp-content\/uploads\/2025\/07\/yerba-mate-cup-2-768x768.webp 768w, https:\/\/customizedwaterbottles.com\/wp-content\/uploads\/2025\/07\/yerba-mate-cup-2-300x300.webp 300w, https:\/\/customizedwaterbottles.com\/wp-content\/uploads\/2025\/07\/yerba-mate-cup-2-600x600.webp 600w, https:\/\/customizedwaterbottles.com\/wp-content\/uploads\/2025\/07\/yerba-mate-cup-2-100x100.webp 100w\" sizes=\"(max-width: 1000px) 100vw, 1000px\" \/> <img decoding=\"async\" class=\"alignnone size-medium wp-image-2605\" src=\"https:\/\/customizedwaterbottles.com\/wp-content\/uploads\/2025\/07\/yerba-mate-cup-3.webp\" alt=\"\" width=\"1002\" height=\"1002\" srcset=\"https:\/\/customizedwaterbottles.com\/wp-content\/uploads\/2025\/07\/yerba-mate-cup-3.webp 1002w, https:\/\/customizedwaterbottles.com\/wp-content\/uploads\/2025\/07\/yerba-mate-cup-3-768x768.webp 768w, https:\/\/customizedwaterbottles.com\/wp-content\/uploads\/2025\/07\/yerba-mate-cup-3-300x300.webp 300w, https:\/\/customizedwaterbottles.com\/wp-content\/uploads\/2025\/07\/yerba-mate-cup-3-600x600.webp 600w, https:\/\/customizedwaterbottles.com\/wp-content\/uploads\/2025\/07\/yerba-mate-cup-3-100x100.webp 100w\" sizes=\"(max-width: 1002px) 100vw, 1002px\" \/> <img decoding=\"async\" class=\"alignnone size-medium wp-image-2606\" src=\"https:\/\/customizedwaterbottles.com\/wp-content\/uploads\/2025\/07\/yerba-mate-cup-6.webp\" alt=\"\" width=\"800\" height=\"800\" srcset=\"https:\/\/customizedwaterbottles.com\/wp-content\/uploads\/2025\/07\/yerba-mate-cup-6.webp 800w, https:\/\/customizedwaterbottles.com\/wp-content\/uploads\/2025\/07\/yerba-mate-cup-6-768x768.webp 768w, https:\/\/customizedwaterbottles.com\/wp-content\/uploads\/2025\/07\/yerba-mate-cup-6-300x300.webp 300w, https:\/\/customizedwaterbottles.com\/wp-content\/uploads\/2025\/07\/yerba-mate-cup-6-600x600.webp 600w, https:\/\/customizedwaterbottles.com\/wp-content\/uploads\/2025\/07\/yerba-mate-cup-6-100x100.webp 100w\" sizes=\"(max-width: 800px) 100vw, 800px\" \/> <img decoding=\"async\" class=\"alignnone size-medium wp-image-2607\" src=\"https:\/\/customizedwaterbottles.com\/wp-content\/uploads\/2025\/07\/yerba-mate-cup-10.webp\" alt=\"\" width=\"1000\" height=\"1000\" srcset=\"https:\/\/customizedwaterbottles.com\/wp-content\/uploads\/2025\/07\/yerba-mate-cup-10.webp 1000w, https:\/\/customizedwaterbottles.com\/wp-content\/uploads\/2025\/07\/yerba-mate-cup-10-768x768.webp 768w, https:\/\/customizedwaterbottles.com\/wp-content\/uploads\/2025\/07\/yerba-mate-cup-10-300x300.webp 300w, https:\/\/customizedwaterbottles.com\/wp-content\/uploads\/2025\/07\/yerba-mate-cup-10-600x600.webp 600w, https:\/\/customizedwaterbottles.com\/wp-content\/uploads\/2025\/07\/yerba-mate-cup-10-100x100.webp 100w\" sizes=\"(max-width: 1000px) 100vw, 1000px\" \/><\/p>\n<p>&nbsp;<\/p>\n<p>&nbsp;<\/p>\n<p>&nbsp;<\/p>","protected":false},"excerpt":{"rendered":"<h3><strong>Produktmerkmale:<\/strong><\/h3>\n<ul>\n<li><strong>The ultimate insulated mate cups for hot and cold:<\/strong> Ifun Yerba Mate Natural Gourd\/Tea Cup Set Brown Original Traditional 8oz Mate Cup uses double-layer vacuum insulation to keep your favorite drinks for 12 hours or 24 hours for cold drinks. Vacuum insulation reduces temperature transfer and prevents hand burns. The ideal bottle for everyday use.<\/li>\n<li><strong>Auslaufsicherer und auslaufsicherer Deckel:<\/strong> Mit einem pr\u00e4zisionsgefertigten Schraubdeckel mit lebensmittelechter Silikondichtung. Diese Vakuumflasche verhindert Auslaufen, Versch\u00fctten oder Tropfen, Sie m\u00fcssen sich keine Sorgen machen, wenn Sie drau\u00dfen unterwegs sind.<\/li>\n<li><strong>Schwei\u00dffestes \u00c4u\u00dferes:<\/strong>\u00a0Die Vakuum-Isolationstechnologie h\u00e4lt nicht nur die Temperatur, sondern sorgt auch daf\u00fcr, dass die Au\u00dfenfl\u00e4che kondensationsfrei bleibt. Keine nassen H\u00e4nde, Taschen oder Oberfl\u00e4chen mehr.<\/li>\n<li><strong>Weitmundige \u00d6ffnung:<\/strong> Die Ifun-Isolierflasche l\u00e4sst sich leicht mit Fl\u00fcssigkeiten oder Eisw\u00fcrfeln bef\u00fcllen, m\u00fchelos mit der Hand oder einer B\u00fcrste reinigen und bequem direkt aus der Flasche trinken.<\/li>\n<li><strong>Integrierter, sicherer Tragegriff:<\/strong> Der robuste, ergonomisch geformte Tragegriff aus Edelstahl ist nahtlos mit dem Deckel verbunden und bietet einen bequemen und zuverl\u00e4ssigen Griff f\u00fcr den einfachen Transport unterwegs.<\/li>\n<li><strong>Leicht zu reinigendes Design:<\/strong> Die breite \u00d6ffnung und die glatte, porenfreie Innenseite aus Edelstahl 304 erm\u00f6glichen eine m\u00fchelose Reinigung. Leicht von Hand zu waschen.<\/li>\n<li><strong>Mehrere Gr\u00f6\u00dfen verf\u00fcgbar: <\/strong>550ml, 750ml or customized.<\/li>\n<\/ul>\n<h3><strong>Kundenspezifische Dienstleistungen:<\/strong><\/h3>\n<ul>\n<li><strong>Logo und Gestaltung:<\/strong> Ifun Custom Logo Wholesale Large Capacity 64oz Vacuum Insulated Stainless Steel Tumbler Mate Tea Cups With Lid And Handle support custom your brand logo. We can make your logo &amp; design with screen printing, laser engraved, heat transfer, 3D printing, UV printing etc.<\/li>\n<li><strong>Farbe:<\/strong> Die Farben k\u00f6nnen entsprechend der Pantone-Farbnummer angepasst werden, wir k\u00f6nnen sie mit matter Oberfl\u00e4che, gl\u00e4nzender Lackierung, Pulverbeschichtung usw. ausf\u00fchren.<\/li>\n<li><strong>Kapazit\u00e4t:<\/strong> We have 550ml, 750ml, other capacity we can also custom for you.<\/li>\n<li><strong>Deckel: <\/strong>Wir haben Griffdeckel, Strohhalmdeckel, Klappdeckel, Becherdeckel f\u00fcr Ihre Wahl, die Farbe kann angepasst werden.<\/li>\n<li><strong>Paket: <\/strong>Farbige Schachtel, wei\u00dfe Schachtel, Geschenkschachtel, braune Kartonschachtel, Zylinderschachtel usw.<\/li>\n<\/ul>","protected":false},"featured_media":2608,"comment_status":"open","ping_status":"closed","template":"","meta":[],"product_brand":[],"product_cat":[28],"product_tag":[90,86,89,87],"class_list":{"0":"post-2595","1":"product","2":"type-product","3":"status-publish","4":"has-post-thumbnail","6":"product_cat-mate-cups","7":"product_tag-custom-wholesale-yerba-mate-natural-gourd","8":"product_tag-mate-cups-set","9":"product_tag-traditional-8oz-mate-cup","10":"product_tag-yerba-mate-cup-set","12":"first","13":"instock","14":"shipping-taxable","15":"product-type-simple"},"yoast_head":"<!-- This site is optimized with the Yoast SEO plugin v25.4 - https:\/\/yoast.com\/wordpress\/plugins\/seo\/ -->\n<title>Custom Wholesale Yerba Mate Natural Gourd\/Tea Cup Set Brown Original Traditional 8oz Mate Cup1081602M - iFun<\/title>\n<meta name=\"description\" content=\"Custom Wholesale Yerba Mate Natural Gourd\/Tea Cup Set Brown Original Traditional 8oz Mate Cup\" \/>\n<meta name=\"robots\" content=\"index, follow, max-snippet:-1, max-image-preview:large, max-video-preview:-1\" \/>\n<link rel=\"canonical\" href=\"https:\/\/customizedwaterbottles.com\/de\/product\/custom-wholesale-yerba-mate-natural-gourd-tea-cup-set-brown-original-traditional-8oz-mate-cup\/\" \/>\n<meta property=\"og:locale\" content=\"de_DE\" \/>\n<meta property=\"og:type\" content=\"article\" \/>\n<meta property=\"og:title\" content=\"Custom Wholesale Yerba Mate Natural Gourd\/Tea Cup Set Brown Original Traditional 8oz Mate Cup1081602M - iFun\" \/>\n<meta property=\"og:description\" content=\"Custom Wholesale Yerba Mate Natural Gourd\/Tea Cup Set Brown Original Traditional 8oz Mate Cup\" \/>\n<meta property=\"og:url\" content=\"https:\/\/customizedwaterbottles.com\/de\/product\/custom-wholesale-yerba-mate-natural-gourd-tea-cup-set-brown-original-traditional-8oz-mate-cup\/\" \/>\n<meta property=\"og:site_name\" content=\"iFun\" \/>\n<meta property=\"article:modified_time\" content=\"2025-07-11T06:23:08+00:00\" \/>\n<meta property=\"og:image\" content=\"https:\/\/customizedwaterbottles.com\/wp-content\/uploads\/2025\/07\/yerba-mate-cup-1.webp\" \/>\n\t<meta property=\"og:image:width\" content=\"500\" \/>\n\t<meta property=\"og:image:height\" content=\"500\" \/>\n\t<meta property=\"og:image:type\" content=\"image\/webp\" \/>\n<meta name=\"twitter:card\" content=\"summary_large_image\" \/>\n<meta name=\"twitter:label1\" content=\"Gesch\u00e4tzte Lesezeit\" \/>\n\t<meta name=\"twitter:data1\" content=\"3\u00a0Minuten\" \/>\n<script type=\"application\/ld+json\" class=\"yoast-schema-graph\">{\"@context\":\"https:\/\/schema.org\",\"@graph\":[{\"@type\":\"WebPage\",\"@id\":\"https:\/\/customizedwaterbottles.com\/product\/custom-wholesale-yerba-mate-natural-gourd-tea-cup-set-brown-original-traditional-8oz-mate-cup\/\",\"url\":\"https:\/\/customizedwaterbottles.com\/product\/custom-wholesale-yerba-mate-natural-gourd-tea-cup-set-brown-original-traditional-8oz-mate-cup\/\",\"name\":\"Custom Wholesale Yerba Mate Natural Gourd\/Tea Cup Set Brown Original Traditional 8oz Mate Cup1081602M - iFun\",\"isPartOf\":{\"@id\":\"https:\/\/customizedwaterbottles.com\/#website\"},\"primaryImageOfPage\":{\"@id\":\"https:\/\/customizedwaterbottles.com\/product\/custom-wholesale-yerba-mate-natural-gourd-tea-cup-set-brown-original-traditional-8oz-mate-cup\/#primaryimage\"},\"image\":{\"@id\":\"https:\/\/customizedwaterbottles.com\/product\/custom-wholesale-yerba-mate-natural-gourd-tea-cup-set-brown-original-traditional-8oz-mate-cup\/#primaryimage\"},\"thumbnailUrl\":\"https:\/\/customizedwaterbottles.com\/wp-content\/uploads\/2025\/07\/yerba-mate-cup-1.webp\",\"datePublished\":\"2025-07-08T09:20:12+00:00\",\"dateModified\":\"2025-07-11T06:23:08+00:00\",\"description\":\"Custom Wholesale Yerba Mate Natural Gourd\/Tea Cup Set Brown Original Traditional 8oz Mate Cup\",\"breadcrumb\":{\"@id\":\"https:\/\/customizedwaterbottles.com\/product\/custom-wholesale-yerba-mate-natural-gourd-tea-cup-set-brown-original-traditional-8oz-mate-cup\/#breadcrumb\"},\"inLanguage\":\"de\",\"potentialAction\":[{\"@type\":\"ReadAction\",\"target\":[\"https:\/\/customizedwaterbottles.com\/product\/custom-wholesale-yerba-mate-natural-gourd-tea-cup-set-brown-original-traditional-8oz-mate-cup\/\"]}]},{\"@type\":\"ImageObject\",\"inLanguage\":\"de\",\"@id\":\"https:\/\/customizedwaterbottles.com\/product\/custom-wholesale-yerba-mate-natural-gourd-tea-cup-set-brown-original-traditional-8oz-mate-cup\/#primaryimage\",\"url\":\"https:\/\/customizedwaterbottles.com\/wp-content\/uploads\/2025\/07\/yerba-mate-cup-1.webp\",\"contentUrl\":\"https:\/\/customizedwaterbottles.com\/wp-content\/uploads\/2025\/07\/yerba-mate-cup-1.webp\",\"width\":500,\"height\":500},{\"@type\":\"BreadcrumbList\",\"@id\":\"https:\/\/customizedwaterbottles.com\/product\/custom-wholesale-yerba-mate-natural-gourd-tea-cup-set-brown-original-traditional-8oz-mate-cup\/#breadcrumb\",\"itemListElement\":[{\"@type\":\"ListItem\",\"position\":1,\"name\":\"Home\",\"item\":\"https:\/\/customizedwaterbottles.com\/\"},{\"@type\":\"ListItem\",\"position\":2,\"name\":\"Products\",\"item\":\"https:\/\/customizedwaterbottles.com\/wholesale-drinkware-manufacturer-water-bottles-tumblers\/\"},{\"@type\":\"ListItem\",\"position\":3,\"name\":\"Custom Wholesale Yerba Mate Natural Gourd\/Tea Cup Set Brown Original Traditional 8oz Mate Cup1081602M\"}]},{\"@type\":\"WebSite\",\"@id\":\"https:\/\/customizedwaterbottles.com\/#website\",\"url\":\"https:\/\/customizedwaterbottles.com\/\",\"name\":\"iFun\",\"description\":\"Water Bottles Stainless Steel Vacuum Flask\",\"potentialAction\":[{\"@type\":\"SearchAction\",\"target\":{\"@type\":\"EntryPoint\",\"urlTemplate\":\"https:\/\/customizedwaterbottles.com\/?s={search_term_string}\"},\"query-input\":{\"@type\":\"PropertyValueSpecification\",\"valueRequired\":true,\"valueName\":\"search_term_string\"}}],\"inLanguage\":\"de\"}]}<\/script>\n<!-- \/ Yoast SEO plugin. -->","yoast_head_json":{"title":"Custom Wholesale Yerba Mate Natural Gourd\/Tea Cup Set Brown Original Traditional 8oz Mate Cup1081602M - iFun","description":"Custom Wholesale Yerba Mate Natural Gourd\/Tea Cup Set Brown Original Traditional 8oz Mate Cup","robots":{"index":"index","follow":"follow","max-snippet":"max-snippet:-1","max-image-preview":"max-image-preview:large","max-video-preview":"max-video-preview:-1"},"canonical":"https:\/\/customizedwaterbottles.com\/de\/product\/custom-wholesale-yerba-mate-natural-gourd-tea-cup-set-brown-original-traditional-8oz-mate-cup\/","og_locale":"de_DE","og_type":"article","og_title":"Custom Wholesale Yerba Mate Natural Gourd\/Tea Cup Set Brown Original Traditional 8oz Mate Cup1081602M - iFun","og_description":"Custom Wholesale Yerba Mate Natural Gourd\/Tea Cup Set Brown Original Traditional 8oz Mate Cup","og_url":"https:\/\/customizedwaterbottles.com\/de\/product\/custom-wholesale-yerba-mate-natural-gourd-tea-cup-set-brown-original-traditional-8oz-mate-cup\/","og_site_name":"iFun","article_modified_time":"2025-07-11T06:23:08+00:00","og_image":[{"width":500,"height":500,"url":"https:\/\/customizedwaterbottles.com\/wp-content\/uploads\/2025\/07\/yerba-mate-cup-1.webp","type":"image\/webp"}],"twitter_card":"summary_large_image","twitter_misc":{"Gesch\u00e4tzte Lesezeit":"3\u00a0Minuten"},"schema":{"@context":"https:\/\/schema.org","@graph":[{"@type":"WebPage","@id":"https:\/\/customizedwaterbottles.com\/product\/custom-wholesale-yerba-mate-natural-gourd-tea-cup-set-brown-original-traditional-8oz-mate-cup\/","url":"https:\/\/customizedwaterbottles.com\/product\/custom-wholesale-yerba-mate-natural-gourd-tea-cup-set-brown-original-traditional-8oz-mate-cup\/","name":"Custom Wholesale Yerba Mate Natural Gourd\/Tea Cup Set Brown Original Traditional 8oz Mate Cup1081602M - iFun","isPartOf":{"@id":"https:\/\/customizedwaterbottles.com\/#website"},"primaryImageOfPage":{"@id":"https:\/\/customizedwaterbottles.com\/product\/custom-wholesale-yerba-mate-natural-gourd-tea-cup-set-brown-original-traditional-8oz-mate-cup\/#primaryimage"},"image":{"@id":"https:\/\/customizedwaterbottles.com\/product\/custom-wholesale-yerba-mate-natural-gourd-tea-cup-set-brown-original-traditional-8oz-mate-cup\/#primaryimage"},"thumbnailUrl":"https:\/\/customizedwaterbottles.com\/wp-content\/uploads\/2025\/07\/yerba-mate-cup-1.webp","datePublished":"2025-07-08T09:20:12+00:00","dateModified":"2025-07-11T06:23:08+00:00","description":"Custom Wholesale Yerba Mate Natural Gourd\/Tea Cup Set Brown Original Traditional 8oz Mate Cup","breadcrumb":{"@id":"https:\/\/customizedwaterbottles.com\/product\/custom-wholesale-yerba-mate-natural-gourd-tea-cup-set-brown-original-traditional-8oz-mate-cup\/#breadcrumb"},"inLanguage":"de","potentialAction":[{"@type":"ReadAction","target":["https:\/\/customizedwaterbottles.com\/product\/custom-wholesale-yerba-mate-natural-gourd-tea-cup-set-brown-original-traditional-8oz-mate-cup\/"]}]},{"@type":"ImageObject","inLanguage":"de","@id":"https:\/\/customizedwaterbottles.com\/product\/custom-wholesale-yerba-mate-natural-gourd-tea-cup-set-brown-original-traditional-8oz-mate-cup\/#primaryimage","url":"https:\/\/customizedwaterbottles.com\/wp-content\/uploads\/2025\/07\/yerba-mate-cup-1.webp","contentUrl":"https:\/\/customizedwaterbottles.com\/wp-content\/uploads\/2025\/07\/yerba-mate-cup-1.webp","width":500,"height":500},{"@type":"BreadcrumbList","@id":"https:\/\/customizedwaterbottles.com\/product\/custom-wholesale-yerba-mate-natural-gourd-tea-cup-set-brown-original-traditional-8oz-mate-cup\/#breadcrumb","itemListElement":[{"@type":"ListItem","position":1,"name":"Home","item":"https:\/\/customizedwaterbottles.com\/"},{"@type":"ListItem","position":2,"name":"Products","item":"https:\/\/customizedwaterbottles.com\/wholesale-drinkware-manufacturer-water-bottles-tumblers\/"},{"@type":"ListItem","position":3,"name":"Custom Wholesale Yerba Mate Natural Gourd\/Tea Cup Set Brown Original Traditional 8oz Mate Cup1081602M"}]},{"@type":"WebSite","@id":"https:\/\/customizedwaterbottles.com\/#website","url":"https:\/\/customizedwaterbottles.com\/","name":"iFun","description":"Water Bottles Stainless Steel Vacuum Flask","potentialAction":[{"@type":"SearchAction","target":{"@type":"EntryPoint","urlTemplate":"https:\/\/customizedwaterbottles.com\/?s={search_term_string}"},"query-input":{"@type":"PropertyValueSpecification","valueRequired":true,"valueName":"search_term_string"}}],"inLanguage":"de"}]}},"_links":{"self":[{"href":"https:\/\/customizedwaterbottles.com\/de\/wp-json\/wp\/v2\/product\/2595","targetHints":{"allow":["GET"]}}],"collection":[{"href":"https:\/\/customizedwaterbottles.com\/de\/wp-json\/wp\/v2\/product"}],"about":[{"href":"https:\/\/customizedwaterbottles.com\/de\/wp-json\/wp\/v2\/types\/product"}],"replies":[{"embeddable":true,"href":"https:\/\/customizedwaterbottles.com\/de\/wp-json\/wp\/v2\/comments?post=2595"}],"wp:featuredmedia":[{"embeddable":true,"href":"https:\/\/customizedwaterbottles.com\/de\/wp-json\/wp\/v2\/media\/2608"}],"wp:attachment":[{"href":"https:\/\/customizedwaterbottles.com\/de\/wp-json\/wp\/v2\/media?parent=2595"}],"wp:term":[{"taxonomy":"product_brand","embeddable":true,"href":"https:\/\/customizedwaterbottles.com\/de\/wp-json\/wp\/v2\/product_brand?post=2595"},{"taxonomy":"product_cat","embeddable":true,"href":"https:\/\/customizedwaterbottles.com\/de\/wp-json\/wp\/v2\/product_cat?post=2595"},{"taxonomy":"product_tag","embeddable":true,"href":"https:\/\/customizedwaterbottles.com\/de\/wp-json\/wp\/v2\/product_tag?post=2595"}],"curies":[{"name":"wp","href":"https:\/\/api.w.org\/{rel}","templated":true}]}}