{"id":2634,"date":"2025-07-08T09:54:47","date_gmt":"2025-07-08T09:54:47","guid":{"rendered":"https:\/\/customizedwaterbottles.com\/?post_type=product&#038;p=2634"},"modified":"2025-07-11T06:19:15","modified_gmt":"2025-07-11T06:19:15","slug":"wholesale-1l-stainless-steel-water-bottle-and-260ml-mate-cups-set","status":"publish","type":"product","link":"https:\/\/customizedwaterbottles.com\/de\/product\/wholesale-1l-stainless-steel-water-bottle-and-260ml-mate-cups-set\/","title":{"rendered":"Gro\u00dfhandel 1L Edelstahl Wasserflasche und 260ml Mate Tassen Set 1081604M"},"content":{"rendered":"<table>\n<tbody>\n<tr>\n<td width=\"426\">Name des Produkts<\/td>\n<td width=\"426\">Custom Logo Wholesale Yerba Mate Natural Gourd\/Tea Cup Set Original Traditional 8oz Mate Cup<\/td>\n<\/tr>\n<tr>\n<td width=\"426\">Kapazit\u00e4t<\/td>\n<td width=\"426\">8oz Stainless Steel Yerba Mate Set Complete Yerba Mate Kit Includes Mate Cup, Straw (Bombilla), 750ml Thermos<\/td>\n<\/tr>\n<tr>\n<td width=\"426\">Material<\/td>\n<td width=\"426\">Doppelwandiger Edelstahl<\/td>\n<\/tr>\n<tr>\n<td width=\"426\">Farbe<\/td>\n<td width=\"426\">Hochglanzlackierung, Mattlackierung, Pulverbeschichtung, etc.<\/td>\n<\/tr>\n<tr>\n<td width=\"426\">Logo<\/td>\n<td width=\"426\">Siebdruck, Thermotransferdruck, Lasergravur, Wassertransfer, etc.<\/td>\n<\/tr>\n<tr>\n<td width=\"426\">MOQ<\/td>\n<td width=\"426\">50St\u00fcck<\/td>\n<\/tr>\n<tr>\n<td width=\"426\">Probezeit<\/td>\n<td width=\"426\">3- 7 Tage f\u00fcr individuelle Gestaltung<\/td>\n<\/tr>\n<tr>\n<td width=\"426\">Zertifizierung<\/td>\n<td width=\"426\">FDA, LFGB<\/td>\n<\/tr>\n<tr>\n<td width=\"426\">Verpacken<\/td>\n<td width=\"426\">Wei\u00dfe Box, farbige Box oder Box mit individuellem Design<\/td>\n<\/tr>\n<tr>\n<td width=\"426\">Produktionskapazit\u00e4t<\/td>\n<td width=\"426\">500.000 Exemplare pro Monat<\/td>\n<\/tr>\n<tr>\n<td width=\"426\">Lieferfrist<\/td>\n<td width=\"426\">25- 35 Tage f\u00fcr Mengen unter 20.000 St\u00fcck<\/td>\n<\/tr>\n<\/tbody>\n<\/table>\n<h2><strong>Why choose Custom Wholesale Yerba Mate Natural Gourd\/Tea Cup Set Brown Original Traditional 8oz Mate Cup ?<\/strong><\/h2>\n<p><strong>1. Hochwertiger 304-Edelstahl-Konstruktion<\/strong><\/p>\n<p>Ifun Stainless Steel Mate Tea Cups is crafted from food-grade 304 stainless steel, ensuring durability, easy cleaning, and long-lasting performance. The 100% BPA-free lid guarantees a safe and healthy drinking experience, free from harmful chemicals.<\/p>\n<p><strong>2. Sp\u00fclmaschinenfest Es ist sp\u00fclmaschinenfest und macht die Reinigung so viel einfacher und weniger m\u00fchsam.\u00a0<\/strong><\/p>\n<p>This upgraded wide mouth features Large Capacity Vacuum Insulated Stainless Steel Tumbler Mate Tea Cups With Lid And Handle<\/p>\n<p><strong>3. Lecksicheres Design\u00a0<\/strong><\/p>\n<p>Ifun Vacuum Insulated Stainless Steel Tumbler Mate Tea Cups With Lid And Handle a flip-top cap against spilling and leaking and the lid won\u2019t burst open when dropped.<\/p>\n<p><strong>4.<\/strong><strong>wetterfestes \u00c4u\u00dferes<\/strong><\/p>\n<p>Unsere vakuumisolierte Isolierflasche h\u00e4lt nicht nur die Getr\u00e4nke kalt, sondern auch die Au\u00dfenseite trocken. Sie m\u00fcssen sich keine Sorgen machen, dass Kondenswasser von kalten Getr\u00e4nken Ihre H\u00e4nde oder Ihren Tisch nass macht.<\/p>\n<p><strong>6.15 Jahre+ Erfahrung in der Produktion<\/strong><\/p>\n<p>Ifun konzentriert sich seit mehr als 15 Jahren auf Getr\u00e4nkeprodukte. Zu unseren Produkten geh\u00f6ren Becher aus Edelstahl, vakuumisolierte Wasserflaschen, Reisebecher, Thermosbecher, usw. Wir haben professionelle Teams, um die Produkte in hoher Qualit\u00e4t zu gew\u00e4hrleisten.<\/p>\n<p>&nbsp;<\/p>\n<p><img decoding=\"async\" class=\"alignnone size-full wp-image-2635\" src=\"https:\/\/customizedwaterbottles.com\/wp-content\/uploads\/2025\/07\/vacuum-flask-and-mate-mugs-1.webp\" alt=\"\" width=\"818\" height=\"818\" srcset=\"https:\/\/customizedwaterbottles.com\/wp-content\/uploads\/2025\/07\/vacuum-flask-and-mate-mugs-1.webp 818w, https:\/\/customizedwaterbottles.com\/wp-content\/uploads\/2025\/07\/vacuum-flask-and-mate-mugs-1-768x768.webp 768w, https:\/\/customizedwaterbottles.com\/wp-content\/uploads\/2025\/07\/vacuum-flask-and-mate-mugs-1-300x300.webp 300w, https:\/\/customizedwaterbottles.com\/wp-content\/uploads\/2025\/07\/vacuum-flask-and-mate-mugs-1-600x600.webp 600w, https:\/\/customizedwaterbottles.com\/wp-content\/uploads\/2025\/07\/vacuum-flask-and-mate-mugs-1-100x100.webp 100w\" sizes=\"(max-width: 818px) 100vw, 818px\" \/> <img decoding=\"async\" class=\"alignnone size-medium wp-image-2636\" src=\"https:\/\/customizedwaterbottles.com\/wp-content\/uploads\/2025\/07\/vacuum-flask-and-mate-mugs-7.webp\" alt=\"\" width=\"1055\" height=\"1500\" srcset=\"https:\/\/customizedwaterbottles.com\/wp-content\/uploads\/2025\/07\/vacuum-flask-and-mate-mugs-7.webp 1055w, https:\/\/customizedwaterbottles.com\/wp-content\/uploads\/2025\/07\/vacuum-flask-and-mate-mugs-7-720x1024.webp 720w, https:\/\/customizedwaterbottles.com\/wp-content\/uploads\/2025\/07\/vacuum-flask-and-mate-mugs-7-768x1092.webp 768w, https:\/\/customizedwaterbottles.com\/wp-content\/uploads\/2025\/07\/vacuum-flask-and-mate-mugs-7-600x853.webp 600w\" sizes=\"(max-width: 1055px) 100vw, 1055px\" \/> <img decoding=\"async\" class=\"alignnone size-medium wp-image-2637\" src=\"https:\/\/customizedwaterbottles.com\/wp-content\/uploads\/2025\/07\/vacuum-flask-and-mate-mugs-8.webp\" alt=\"\" width=\"1000\" height=\"1000\" srcset=\"https:\/\/customizedwaterbottles.com\/wp-content\/uploads\/2025\/07\/vacuum-flask-and-mate-mugs-8.webp 1000w, https:\/\/customizedwaterbottles.com\/wp-content\/uploads\/2025\/07\/vacuum-flask-and-mate-mugs-8-768x768.webp 768w, https:\/\/customizedwaterbottles.com\/wp-content\/uploads\/2025\/07\/vacuum-flask-and-mate-mugs-8-300x300.webp 300w, https:\/\/customizedwaterbottles.com\/wp-content\/uploads\/2025\/07\/vacuum-flask-and-mate-mugs-8-600x600.webp 600w, https:\/\/customizedwaterbottles.com\/wp-content\/uploads\/2025\/07\/vacuum-flask-and-mate-mugs-8-100x100.webp 100w\" sizes=\"(max-width: 1000px) 100vw, 1000px\" \/> <img decoding=\"async\" class=\"alignnone size-medium wp-image-2638\" src=\"https:\/\/customizedwaterbottles.com\/wp-content\/uploads\/2025\/07\/vacuum-flask-and-mate-mugs-9.webp\" alt=\"\" width=\"1000\" height=\"1000\" srcset=\"https:\/\/customizedwaterbottles.com\/wp-content\/uploads\/2025\/07\/vacuum-flask-and-mate-mugs-9.webp 1000w, https:\/\/customizedwaterbottles.com\/wp-content\/uploads\/2025\/07\/vacuum-flask-and-mate-mugs-9-768x768.webp 768w, https:\/\/customizedwaterbottles.com\/wp-content\/uploads\/2025\/07\/vacuum-flask-and-mate-mugs-9-300x300.webp 300w, https:\/\/customizedwaterbottles.com\/wp-content\/uploads\/2025\/07\/vacuum-flask-and-mate-mugs-9-600x600.webp 600w, https:\/\/customizedwaterbottles.com\/wp-content\/uploads\/2025\/07\/vacuum-flask-and-mate-mugs-9-100x100.webp 100w\" sizes=\"(max-width: 1000px) 100vw, 1000px\" \/> <img decoding=\"async\" class=\"alignnone size-medium wp-image-2639\" src=\"https:\/\/customizedwaterbottles.com\/wp-content\/uploads\/2025\/07\/vacuum-flask-and-mate-mugs-10.webp\" alt=\"\" width=\"1000\" height=\"1000\" srcset=\"https:\/\/customizedwaterbottles.com\/wp-content\/uploads\/2025\/07\/vacuum-flask-and-mate-mugs-10.webp 1000w, https:\/\/customizedwaterbottles.com\/wp-content\/uploads\/2025\/07\/vacuum-flask-and-mate-mugs-10-768x768.webp 768w, https:\/\/customizedwaterbottles.com\/wp-content\/uploads\/2025\/07\/vacuum-flask-and-mate-mugs-10-300x300.webp 300w, https:\/\/customizedwaterbottles.com\/wp-content\/uploads\/2025\/07\/vacuum-flask-and-mate-mugs-10-600x600.webp 600w, https:\/\/customizedwaterbottles.com\/wp-content\/uploads\/2025\/07\/vacuum-flask-and-mate-mugs-10-100x100.webp 100w\" sizes=\"(max-width: 1000px) 100vw, 1000px\" \/><\/p>\n<p>&nbsp;<\/p>\n<p>&nbsp;<\/p>\n<p>&nbsp;<\/p>","protected":false},"excerpt":{"rendered":"<h3><strong>Produktmerkmale:<\/strong><\/h3>\n<ul>\n<li><strong>Stainless Steel Yerba Mate Set Complete Yerba Mate Kit:<\/strong><span class=\"a-list-item\">For an authentic experience this high-quality, functional, and eco-friendly yerba mate set provides all the necessary elements for enjoying the traditional South American beverage, including Includes Mate Cup, Straw (Bombilla), 750ml Thermos, making it the perfect gift for enthusiasts or beginners looking to immerse themselves in the culture and tradition of yerba mate.<\/span><\/li>\n<li><strong>H\u00e4lt Mate-Tee-Getr\u00e4nke hei\u00df&amp;kalt:<\/strong>\u00a0Ifun Yerba Mate Natural Gourd\/Tea Cup Set Original Traditional 8oz Mate Cup verwendet eine doppelschichtige Vakuumisolierung, um Ihre Lieblingsgetr\u00e4nke 12 Stunden lang oder 24 Stunden lang f\u00fcr kalte Getr\u00e4nke zu halten. Die Vakuumisolierung reduziert die Temperatur\u00fcbertragung und verhindert Handverbrennungen. Die ideale Flasche f\u00fcr den t\u00e4glichen Gebrauch.<\/li>\n<li><strong>Stainless Steel Mate Cup And Bombilla Set:<\/strong><span class=\"a-list-item\"> This yerba mate set includes an ergonomic stainless steel mate cup and bombilla, with a powder coat finish and engraved logo. The durable and stylish design provides an authentic yerba mate gourd and bombilla set experience.<\/span><\/li>\n<li><span class=\"a-list-item\"><strong>1L Stainless Steel Mate Theomos<\/strong>: Double-walled thermos with push-button lid, engraved logo, and insulation that keeps water hot for hours, allowing you to enjoy yerba mate anytime with this mate set.<\/span><\/li>\n<li><strong>Auslaufsicherer und auslaufsicherer Deckel:<\/strong> Mit einem pr\u00e4zisionsgefertigten Schraubdeckel mit lebensmittelechter Silikondichtung. Diese Vakuumflasche verhindert Auslaufen, Versch\u00fctten oder Tropfen, Sie m\u00fcssen sich keine Sorgen machen, wenn Sie drau\u00dfen unterwegs sind.<\/li>\n<li><strong>Schwei\u00dffestes \u00c4u\u00dferes:<\/strong>\u00a0Die Vakuum-Isolationstechnologie h\u00e4lt nicht nur die Temperatur, sondern sorgt auch daf\u00fcr, dass die Au\u00dfenfl\u00e4che kondensationsfrei bleibt. Keine nassen H\u00e4nde, Taschen oder Oberfl\u00e4chen mehr.<\/li>\n<li><strong>Weitmundige \u00d6ffnung:<\/strong> Die Ifun-Isolierflasche l\u00e4sst sich leicht mit Fl\u00fcssigkeiten oder Eisw\u00fcrfeln bef\u00fcllen, m\u00fchelos mit der Hand oder einer B\u00fcrste reinigen und bequem direkt aus der Flasche trinken.<\/li>\n<li><strong>Integrierter, sicherer Tragegriff:<\/strong> Der robuste, ergonomisch geformte Tragegriff aus Edelstahl ist nahtlos mit dem Deckel verbunden und bietet einen bequemen und zuverl\u00e4ssigen Griff f\u00fcr den einfachen Transport unterwegs.<\/li>\n<li><strong>Leicht zu reinigendes Design:<\/strong> Die breite \u00d6ffnung und die glatte, porenfreie Innenseite aus Edelstahl 304 erm\u00f6glichen eine m\u00fchelose Reinigung. Leicht von Hand zu waschen.<\/li>\n<li><strong>Mehrere Gr\u00f6\u00dfen verf\u00fcgbar: <\/strong>550ml, 750ml or customized.<\/li>\n<\/ul>\n<h3><strong>Kundenspezifische Dienstleistungen:<\/strong><\/h3>\n<ul>\n<li><strong>Logo und Gestaltung:<\/strong> Ifun Custom Logo Gro\u00dfhandel Vakuum isoliert Edelstahl Tumbler Mate Tee Tassen Set mit Deckel und Griff Unterst\u00fctzung benutzerdefinierte Ihr Markenlogo. Wir k\u00f6nnen Ihr Logo &amp; Design mit Siebdruck, Lasergravur, W\u00e4rme\u00fcbertragung, 3D-Druck, UV-Druck usw. machen.<\/li>\n<li><strong>Farbe:<\/strong> Die Farben k\u00f6nnen entsprechend der Pantone-Farbnummer angepasst werden, wir k\u00f6nnen sie mit matter Oberfl\u00e4che, gl\u00e4nzender Lackierung, Pulverbeschichtung usw. ausf\u00fchren.<\/li>\n<li><strong>Kapazit\u00e4t:<\/strong> Wir haben 8oz Kapazit\u00e4t k\u00f6nnen wir auch f\u00fcr Sie anpassen.<\/li>\n<li><strong>Deckel: <\/strong>Wir haben Griffdeckel, Strohhalmdeckel, Klappdeckel, Becherdeckel f\u00fcr Ihre Wahl, die Farbe kann angepasst werden.<\/li>\n<li><strong>Paket: <\/strong>Farbige Schachtel, wei\u00dfe Schachtel, Geschenkschachtel, braune Kartonschachtel, Zylinderschachtel usw.<\/li>\n<\/ul>","protected":false},"featured_media":2643,"comment_status":"open","ping_status":"closed","template":"","meta":[],"product_brand":[],"product_cat":[28],"product_tag":[90,86,89,87],"class_list":{"0":"post-2634","1":"product","2":"type-product","3":"status-publish","4":"has-post-thumbnail","6":"product_cat-mate-cups","7":"product_tag-custom-wholesale-yerba-mate-natural-gourd","8":"product_tag-mate-cups-set","9":"product_tag-traditional-8oz-mate-cup","10":"product_tag-yerba-mate-cup-set","12":"first","13":"instock","14":"shipping-taxable","15":"product-type-simple"},"yoast_head":"<!-- This site is optimized with the Yoast SEO plugin v25.4 - https:\/\/yoast.com\/wordpress\/plugins\/seo\/ -->\n<title>Wholesale 1L Stainless Steel Water Bottle And 260ml Mate Cups Set 1081604M - iFun<\/title>\n<meta name=\"description\" content=\"Custom Wholesale Yerba Mate Natural Gourd\/Tea Cup Set Original Traditional 8oz Mate Cup And 1L Mate Thermos\" \/>\n<meta name=\"robots\" content=\"index, follow, max-snippet:-1, max-image-preview:large, max-video-preview:-1\" \/>\n<link rel=\"canonical\" href=\"https:\/\/customizedwaterbottles.com\/de\/product\/wholesale-1l-stainless-steel-water-bottle-and-260ml-mate-cups-set\/\" \/>\n<meta property=\"og:locale\" content=\"de_DE\" \/>\n<meta property=\"og:type\" content=\"article\" \/>\n<meta property=\"og:title\" content=\"Wholesale 1L Stainless Steel Water Bottle And 260ml Mate Cups Set 1081604M - iFun\" \/>\n<meta property=\"og:description\" content=\"Custom Wholesale Yerba Mate Natural Gourd\/Tea Cup Set Original Traditional 8oz Mate Cup And 1L Mate Thermos\" \/>\n<meta property=\"og:url\" content=\"https:\/\/customizedwaterbottles.com\/de\/product\/wholesale-1l-stainless-steel-water-bottle-and-260ml-mate-cups-set\/\" \/>\n<meta property=\"og:site_name\" content=\"iFun\" \/>\n<meta property=\"article:modified_time\" content=\"2025-07-11T06:19:15+00:00\" \/>\n<meta property=\"og:image\" content=\"https:\/\/customizedwaterbottles.com\/wp-content\/uploads\/2025\/07\/vacuum-flask-and-mate-mugs-4.webp\" \/>\n\t<meta property=\"og:image:width\" content=\"1000\" \/>\n\t<meta property=\"og:image:height\" content=\"1000\" \/>\n\t<meta property=\"og:image:type\" content=\"image\/webp\" \/>\n<meta name=\"twitter:card\" content=\"summary_large_image\" \/>\n<meta name=\"twitter:label1\" content=\"Gesch\u00e4tzte Lesezeit\" \/>\n\t<meta name=\"twitter:data1\" content=\"3\u00a0Minuten\" \/>\n<script type=\"application\/ld+json\" class=\"yoast-schema-graph\">{\"@context\":\"https:\/\/schema.org\",\"@graph\":[{\"@type\":\"WebPage\",\"@id\":\"https:\/\/customizedwaterbottles.com\/product\/wholesale-1l-stainless-steel-water-bottle-and-260ml-mate-cups-set\/\",\"url\":\"https:\/\/customizedwaterbottles.com\/product\/wholesale-1l-stainless-steel-water-bottle-and-260ml-mate-cups-set\/\",\"name\":\"Wholesale 1L Stainless Steel Water Bottle And 260ml Mate Cups Set 1081604M - iFun\",\"isPartOf\":{\"@id\":\"https:\/\/customizedwaterbottles.com\/#website\"},\"primaryImageOfPage\":{\"@id\":\"https:\/\/customizedwaterbottles.com\/product\/wholesale-1l-stainless-steel-water-bottle-and-260ml-mate-cups-set\/#primaryimage\"},\"image\":{\"@id\":\"https:\/\/customizedwaterbottles.com\/product\/wholesale-1l-stainless-steel-water-bottle-and-260ml-mate-cups-set\/#primaryimage\"},\"thumbnailUrl\":\"https:\/\/customizedwaterbottles.com\/wp-content\/uploads\/2025\/07\/vacuum-flask-and-mate-mugs-4.webp\",\"datePublished\":\"2025-07-08T09:54:47+00:00\",\"dateModified\":\"2025-07-11T06:19:15+00:00\",\"description\":\"Custom Wholesale Yerba Mate Natural Gourd\/Tea Cup Set Original Traditional 8oz Mate Cup And 1L Mate Thermos\",\"breadcrumb\":{\"@id\":\"https:\/\/customizedwaterbottles.com\/product\/wholesale-1l-stainless-steel-water-bottle-and-260ml-mate-cups-set\/#breadcrumb\"},\"inLanguage\":\"de\",\"potentialAction\":[{\"@type\":\"ReadAction\",\"target\":[\"https:\/\/customizedwaterbottles.com\/product\/wholesale-1l-stainless-steel-water-bottle-and-260ml-mate-cups-set\/\"]}]},{\"@type\":\"ImageObject\",\"inLanguage\":\"de\",\"@id\":\"https:\/\/customizedwaterbottles.com\/product\/wholesale-1l-stainless-steel-water-bottle-and-260ml-mate-cups-set\/#primaryimage\",\"url\":\"https:\/\/customizedwaterbottles.com\/wp-content\/uploads\/2025\/07\/vacuum-flask-and-mate-mugs-4.webp\",\"contentUrl\":\"https:\/\/customizedwaterbottles.com\/wp-content\/uploads\/2025\/07\/vacuum-flask-and-mate-mugs-4.webp\",\"width\":1000,\"height\":1000},{\"@type\":\"BreadcrumbList\",\"@id\":\"https:\/\/customizedwaterbottles.com\/product\/wholesale-1l-stainless-steel-water-bottle-and-260ml-mate-cups-set\/#breadcrumb\",\"itemListElement\":[{\"@type\":\"ListItem\",\"position\":1,\"name\":\"Home\",\"item\":\"https:\/\/customizedwaterbottles.com\/\"},{\"@type\":\"ListItem\",\"position\":2,\"name\":\"Products\",\"item\":\"https:\/\/customizedwaterbottles.com\/wholesale-drinkware-manufacturer-water-bottles-tumblers\/\"},{\"@type\":\"ListItem\",\"position\":3,\"name\":\"Wholesale 1L Stainless Steel Water Bottle And 260ml Mate Cups Set 1081604M\"}]},{\"@type\":\"WebSite\",\"@id\":\"https:\/\/customizedwaterbottles.com\/#website\",\"url\":\"https:\/\/customizedwaterbottles.com\/\",\"name\":\"iFun\",\"description\":\"Water Bottles Stainless Steel Vacuum Flask\",\"potentialAction\":[{\"@type\":\"SearchAction\",\"target\":{\"@type\":\"EntryPoint\",\"urlTemplate\":\"https:\/\/customizedwaterbottles.com\/?s={search_term_string}\"},\"query-input\":{\"@type\":\"PropertyValueSpecification\",\"valueRequired\":true,\"valueName\":\"search_term_string\"}}],\"inLanguage\":\"de\"}]}<\/script>\n<!-- \/ Yoast SEO plugin. -->","yoast_head_json":{"title":"Wholesale 1L Stainless Steel Water Bottle And 260ml Mate Cups Set 1081604M - iFun","description":"Custom Wholesale Yerba Mate Natural Gourd\/Tea Cup Set Original Traditional 8oz Mate Cup And 1L Mate Thermos","robots":{"index":"index","follow":"follow","max-snippet":"max-snippet:-1","max-image-preview":"max-image-preview:large","max-video-preview":"max-video-preview:-1"},"canonical":"https:\/\/customizedwaterbottles.com\/de\/product\/wholesale-1l-stainless-steel-water-bottle-and-260ml-mate-cups-set\/","og_locale":"de_DE","og_type":"article","og_title":"Wholesale 1L Stainless Steel Water Bottle And 260ml Mate Cups Set 1081604M - iFun","og_description":"Custom Wholesale Yerba Mate Natural Gourd\/Tea Cup Set Original Traditional 8oz Mate Cup And 1L Mate Thermos","og_url":"https:\/\/customizedwaterbottles.com\/de\/product\/wholesale-1l-stainless-steel-water-bottle-and-260ml-mate-cups-set\/","og_site_name":"iFun","article_modified_time":"2025-07-11T06:19:15+00:00","og_image":[{"width":1000,"height":1000,"url":"https:\/\/customizedwaterbottles.com\/wp-content\/uploads\/2025\/07\/vacuum-flask-and-mate-mugs-4.webp","type":"image\/webp"}],"twitter_card":"summary_large_image","twitter_misc":{"Gesch\u00e4tzte Lesezeit":"3\u00a0Minuten"},"schema":{"@context":"https:\/\/schema.org","@graph":[{"@type":"WebPage","@id":"https:\/\/customizedwaterbottles.com\/product\/wholesale-1l-stainless-steel-water-bottle-and-260ml-mate-cups-set\/","url":"https:\/\/customizedwaterbottles.com\/product\/wholesale-1l-stainless-steel-water-bottle-and-260ml-mate-cups-set\/","name":"Wholesale 1L Stainless Steel Water Bottle And 260ml Mate Cups Set 1081604M - iFun","isPartOf":{"@id":"https:\/\/customizedwaterbottles.com\/#website"},"primaryImageOfPage":{"@id":"https:\/\/customizedwaterbottles.com\/product\/wholesale-1l-stainless-steel-water-bottle-and-260ml-mate-cups-set\/#primaryimage"},"image":{"@id":"https:\/\/customizedwaterbottles.com\/product\/wholesale-1l-stainless-steel-water-bottle-and-260ml-mate-cups-set\/#primaryimage"},"thumbnailUrl":"https:\/\/customizedwaterbottles.com\/wp-content\/uploads\/2025\/07\/vacuum-flask-and-mate-mugs-4.webp","datePublished":"2025-07-08T09:54:47+00:00","dateModified":"2025-07-11T06:19:15+00:00","description":"Custom Wholesale Yerba Mate Natural Gourd\/Tea Cup Set Original Traditional 8oz Mate Cup And 1L Mate Thermos","breadcrumb":{"@id":"https:\/\/customizedwaterbottles.com\/product\/wholesale-1l-stainless-steel-water-bottle-and-260ml-mate-cups-set\/#breadcrumb"},"inLanguage":"de","potentialAction":[{"@type":"ReadAction","target":["https:\/\/customizedwaterbottles.com\/product\/wholesale-1l-stainless-steel-water-bottle-and-260ml-mate-cups-set\/"]}]},{"@type":"ImageObject","inLanguage":"de","@id":"https:\/\/customizedwaterbottles.com\/product\/wholesale-1l-stainless-steel-water-bottle-and-260ml-mate-cups-set\/#primaryimage","url":"https:\/\/customizedwaterbottles.com\/wp-content\/uploads\/2025\/07\/vacuum-flask-and-mate-mugs-4.webp","contentUrl":"https:\/\/customizedwaterbottles.com\/wp-content\/uploads\/2025\/07\/vacuum-flask-and-mate-mugs-4.webp","width":1000,"height":1000},{"@type":"BreadcrumbList","@id":"https:\/\/customizedwaterbottles.com\/product\/wholesale-1l-stainless-steel-water-bottle-and-260ml-mate-cups-set\/#breadcrumb","itemListElement":[{"@type":"ListItem","position":1,"name":"Home","item":"https:\/\/customizedwaterbottles.com\/"},{"@type":"ListItem","position":2,"name":"Products","item":"https:\/\/customizedwaterbottles.com\/wholesale-drinkware-manufacturer-water-bottles-tumblers\/"},{"@type":"ListItem","position":3,"name":"Wholesale 1L Stainless Steel Water Bottle And 260ml Mate Cups Set 1081604M"}]},{"@type":"WebSite","@id":"https:\/\/customizedwaterbottles.com\/#website","url":"https:\/\/customizedwaterbottles.com\/","name":"iFun","description":"Water Bottles Stainless Steel Vacuum Flask","potentialAction":[{"@type":"SearchAction","target":{"@type":"EntryPoint","urlTemplate":"https:\/\/customizedwaterbottles.com\/?s={search_term_string}"},"query-input":{"@type":"PropertyValueSpecification","valueRequired":true,"valueName":"search_term_string"}}],"inLanguage":"de"}]}},"_links":{"self":[{"href":"https:\/\/customizedwaterbottles.com\/de\/wp-json\/wp\/v2\/product\/2634","targetHints":{"allow":["GET"]}}],"collection":[{"href":"https:\/\/customizedwaterbottles.com\/de\/wp-json\/wp\/v2\/product"}],"about":[{"href":"https:\/\/customizedwaterbottles.com\/de\/wp-json\/wp\/v2\/types\/product"}],"replies":[{"embeddable":true,"href":"https:\/\/customizedwaterbottles.com\/de\/wp-json\/wp\/v2\/comments?post=2634"}],"wp:featuredmedia":[{"embeddable":true,"href":"https:\/\/customizedwaterbottles.com\/de\/wp-json\/wp\/v2\/media\/2643"}],"wp:attachment":[{"href":"https:\/\/customizedwaterbottles.com\/de\/wp-json\/wp\/v2\/media?parent=2634"}],"wp:term":[{"taxonomy":"product_brand","embeddable":true,"href":"https:\/\/customizedwaterbottles.com\/de\/wp-json\/wp\/v2\/product_brand?post=2634"},{"taxonomy":"product_cat","embeddable":true,"href":"https:\/\/customizedwaterbottles.com\/de\/wp-json\/wp\/v2\/product_cat?post=2634"},{"taxonomy":"product_tag","embeddable":true,"href":"https:\/\/customizedwaterbottles.com\/de\/wp-json\/wp\/v2\/product_tag?post=2634"}],"curies":[{"name":"wp","href":"https:\/\/api.w.org\/{rel}","templated":true}]}}