{"id":2827,"date":"2025-07-12T08:51:22","date_gmt":"2025-07-12T08:51:22","guid":{"rendered":"https:\/\/customizedwaterbottles.com\/?post_type=product&#038;p=2827"},"modified":"2025-07-12T10:13:00","modified_gmt":"2025-07-12T10:13:00","slug":"ifun-premium-stainless-steel-yerba-container-with-spout","status":"publish","type":"product","link":"https:\/\/customizedwaterbottles.com\/de\/product\/ifun-premium-stainless-steel-yerba-container-with-spout\/","title":{"rendered":"Gro\u00dfhandel Yerbero Yerba Container mit Ausgie\u00dfer Edelstahl-Container Gie\u00dfen Deckel einfaches F\u00fcllen Mate Cup 1081610M"},"content":{"rendered":"<table>\n<tbody>\n<tr>\n<td width=\"426\">Name des Produkts<\/td>\n<td width=\"426\">OEM Wholesale Yerbero Yerba Container with Spout Stainless Steel Container Pouring Lid Easy Filling Mate Cup<\/td>\n<\/tr>\n<tr>\n<td width=\"426\">Kapazit\u00e4t<\/td>\n<td width=\"426\">8oz<\/td>\n<\/tr>\n<tr>\n<td width=\"426\">Material<\/td>\n<td width=\"426\">Doppelwandiger Edelstahl<\/td>\n<\/tr>\n<tr>\n<td width=\"426\">Farbe<\/td>\n<td width=\"426\">Hochglanzlackierung, Mattlackierung, Pulverbeschichtung, etc.<\/td>\n<\/tr>\n<tr>\n<td width=\"426\">Logo<\/td>\n<td width=\"426\">Siebdruck, Thermotransferdruck, Lasergravur, Wassertransfer, etc.<\/td>\n<\/tr>\n<tr>\n<td width=\"426\">MOQ<\/td>\n<td width=\"426\">50St\u00fcck<\/td>\n<\/tr>\n<tr>\n<td width=\"426\">Probezeit<\/td>\n<td width=\"426\">3- 7 Tage f\u00fcr individuelle Gestaltung<\/td>\n<\/tr>\n<tr>\n<td width=\"426\">Zertifizierung<\/td>\n<td width=\"426\">FDA, LFGB<\/td>\n<\/tr>\n<tr>\n<td width=\"426\">Verpacken<\/td>\n<td width=\"426\">Wei\u00dfe Box, farbige Box oder Box mit individuellem Design<\/td>\n<\/tr>\n<tr>\n<td width=\"426\">Produktionskapazit\u00e4t<\/td>\n<td width=\"426\">500.000 Exemplare pro Monat<\/td>\n<\/tr>\n<tr>\n<td width=\"426\">Lieferfrist<\/td>\n<td width=\"426\">25- 35 Tage f\u00fcr Mengen unter 20.000 St\u00fcck<\/td>\n<\/tr>\n<\/tbody>\n<\/table>\n<h2><strong>Why choose Wholesale Yerbero Yerba Container with Spout Stainless Steel Container Pouring Lid Easy Filling Mate Cup ?<\/strong><\/h2>\n<ol start=\"1\">\n<li>\n<p class=\"ds-markdown-paragraph\"><strong>IFUN Exclusive 304 Stainless Steel Build<\/strong><br \/>\nUnrivaled in the market! Our food-grade 304 stainless steel interior\u00a0<em>und<\/em>\u00a0exterior resists rust, dents &amp; stains \u2013 guaranteeing lifelong durability and flavor purity.<\/p>\n<\/li>\n<li>\n<p class=\"ds-markdown-paragraph\"><strong>Gift-Ready Premium Packaging<\/strong><br \/>\nPresented in a luxury box, the\u00a0<strong>IFUN Yerbero<\/strong>\u00a0is the\u00a0<em>ideal gift for every mate lover<\/em>. Surprise them with unmatched value only IFUN delivers!<\/p>\n<\/li>\n<li>\n<p class=\"ds-markdown-paragraph\"><strong>Perfect Large Capacity (900ml \/ 30oz)<\/strong><br \/>\nDesigned by mate experts at IFUN! Generously holds 30oz of yerba. Dimensions:\u00a0<strong>9.1cm D x 16.2cm H (3.5&#8243; x 6.3&#8243;)<\/strong>\u00a0\u2013 ideal for home, office, or travel.<\/p>\n<\/li>\n<li>\n<p class=\"ds-markdown-paragraph\"><strong>Spout for Effortless Mate Prep &amp; Serving<\/strong><br \/>\nIFUN\u2019s leak-proof lid features a precision spout \u2013 simplifying daily mate rituals with mess-free pouring directly into cups or gourds.<\/p>\n<\/li>\n<li>\n<p class=\"ds-markdown-paragraph\"><strong>Multi-Use &amp; Sustainable Freshness<\/strong><br \/>\nBeyond yerba: Perfectly stores flour, coffee, rice, pasta, nuts &amp; dry snacks. IFUN guarantees 100% food-safe, eco-friendly materials and satisfaction.<\/p>\n<\/li>\n<li><strong>15 years+ manufacturing experience<\/strong>Ifun konzentriert sich seit mehr als 15 Jahren auf Getr\u00e4nkeprodukte. Zu unseren Produkten geh\u00f6ren Becher aus Edelstahl, vakuumisolierte Wasserflaschen, Reisebecher, Thermosbecher, usw. Wir haben professionelle Teams, um die Produkte in hoher Qualit\u00e4t zu gew\u00e4hrleisten.<\/li>\n<\/ol>\n<p class=\"ds-markdown-paragraph\"><strong>WHY CHOOSE IFUN?<\/strong><\/p>\n<p class=\"ds-markdown-paragraph\"><em>&#8220;No one else provides more value to YOU than IFUN.&#8221;<\/em><\/p>\n<p class=\"ds-markdown-paragraph\"><strong>Satisfaction Guaranteed:<\/strong>\u00a0Contact us for hassle-free solutions \u2013 your happiness is IFUN\u2019s priority!<\/p>\n<p><img decoding=\"async\" class=\"alignnone size-medium wp-image-2829\" src=\"https:\/\/customizedwaterbottles.com\/wp-content\/uploads\/2025\/07\/BALIBETOV-Yerba-Container-with-Spout-2.webp\" alt=\"\" width=\"679\" height=\"679\" srcset=\"https:\/\/customizedwaterbottles.com\/wp-content\/uploads\/2025\/07\/BALIBETOV-Yerba-Container-with-Spout-2.webp 679w, https:\/\/customizedwaterbottles.com\/wp-content\/uploads\/2025\/07\/BALIBETOV-Yerba-Container-with-Spout-2-300x300.webp 300w, https:\/\/customizedwaterbottles.com\/wp-content\/uploads\/2025\/07\/BALIBETOV-Yerba-Container-with-Spout-2-600x600.webp 600w, https:\/\/customizedwaterbottles.com\/wp-content\/uploads\/2025\/07\/BALIBETOV-Yerba-Container-with-Spout-2-100x100.webp 100w\" sizes=\"(max-width: 679px) 100vw, 679px\" \/><\/p>\n<p><img decoding=\"async\" class=\"alignnone size-medium wp-image-2834\" src=\"https:\/\/customizedwaterbottles.com\/wp-content\/uploads\/2025\/07\/BALIBETOV-Yerba-Container-with-Spout-9.webp\" alt=\"\" width=\"800\" height=\"800\" srcset=\"https:\/\/customizedwaterbottles.com\/wp-content\/uploads\/2025\/07\/BALIBETOV-Yerba-Container-with-Spout-9.webp 800w, https:\/\/customizedwaterbottles.com\/wp-content\/uploads\/2025\/07\/BALIBETOV-Yerba-Container-with-Spout-9-768x768.webp 768w, https:\/\/customizedwaterbottles.com\/wp-content\/uploads\/2025\/07\/BALIBETOV-Yerba-Container-with-Spout-9-300x300.webp 300w, https:\/\/customizedwaterbottles.com\/wp-content\/uploads\/2025\/07\/BALIBETOV-Yerba-Container-with-Spout-9-600x600.webp 600w, https:\/\/customizedwaterbottles.com\/wp-content\/uploads\/2025\/07\/BALIBETOV-Yerba-Container-with-Spout-9-100x100.webp 100w\" sizes=\"(max-width: 800px) 100vw, 800px\" \/><\/p>\n<p><img decoding=\"async\" class=\"alignnone size-medium wp-image-2831\" src=\"https:\/\/customizedwaterbottles.com\/wp-content\/uploads\/2025\/07\/BALIBETOV-Yerba-Container-with-Spout-4.webp\" alt=\"\" width=\"679\" height=\"679\" srcset=\"https:\/\/customizedwaterbottles.com\/wp-content\/uploads\/2025\/07\/BALIBETOV-Yerba-Container-with-Spout-4.webp 679w, https:\/\/customizedwaterbottles.com\/wp-content\/uploads\/2025\/07\/BALIBETOV-Yerba-Container-with-Spout-4-300x300.webp 300w, https:\/\/customizedwaterbottles.com\/wp-content\/uploads\/2025\/07\/BALIBETOV-Yerba-Container-with-Spout-4-600x600.webp 600w, https:\/\/customizedwaterbottles.com\/wp-content\/uploads\/2025\/07\/BALIBETOV-Yerba-Container-with-Spout-4-100x100.webp 100w\" sizes=\"(max-width: 679px) 100vw, 679px\" \/> <img decoding=\"async\" class=\"alignnone size-medium wp-image-2832\" src=\"https:\/\/customizedwaterbottles.com\/wp-content\/uploads\/2025\/07\/BALIBETOV-Yerba-Container-with-Spout-5.webp\" alt=\"\" width=\"679\" height=\"679\" srcset=\"https:\/\/customizedwaterbottles.com\/wp-content\/uploads\/2025\/07\/BALIBETOV-Yerba-Container-with-Spout-5.webp 679w, https:\/\/customizedwaterbottles.com\/wp-content\/uploads\/2025\/07\/BALIBETOV-Yerba-Container-with-Spout-5-300x300.webp 300w, https:\/\/customizedwaterbottles.com\/wp-content\/uploads\/2025\/07\/BALIBETOV-Yerba-Container-with-Spout-5-600x600.webp 600w, https:\/\/customizedwaterbottles.com\/wp-content\/uploads\/2025\/07\/BALIBETOV-Yerba-Container-with-Spout-5-100x100.webp 100w\" sizes=\"(max-width: 679px) 100vw, 679px\" \/> <img decoding=\"async\" class=\"alignnone size-medium wp-image-2833\" src=\"https:\/\/customizedwaterbottles.com\/wp-content\/uploads\/2025\/07\/BALIBETOV-Yerba-Container-with-Spout-7.webp\" alt=\"\" width=\"800\" height=\"800\" srcset=\"https:\/\/customizedwaterbottles.com\/wp-content\/uploads\/2025\/07\/BALIBETOV-Yerba-Container-with-Spout-7.webp 800w, https:\/\/customizedwaterbottles.com\/wp-content\/uploads\/2025\/07\/BALIBETOV-Yerba-Container-with-Spout-7-768x768.webp 768w, https:\/\/customizedwaterbottles.com\/wp-content\/uploads\/2025\/07\/BALIBETOV-Yerba-Container-with-Spout-7-300x300.webp 300w, https:\/\/customizedwaterbottles.com\/wp-content\/uploads\/2025\/07\/BALIBETOV-Yerba-Container-with-Spout-7-600x600.webp 600w, https:\/\/customizedwaterbottles.com\/wp-content\/uploads\/2025\/07\/BALIBETOV-Yerba-Container-with-Spout-7-100x100.webp 100w\" sizes=\"(max-width: 800px) 100vw, 800px\" \/> <img decoding=\"async\" class=\"alignnone wp-image-2830\" src=\"https:\/\/customizedwaterbottles.com\/wp-content\/uploads\/2025\/07\/BALIBETOV-Yerba-Container-with-Spout-3.webp\" alt=\"\" width=\"688\" height=\"688\" srcset=\"https:\/\/customizedwaterbottles.com\/wp-content\/uploads\/2025\/07\/BALIBETOV-Yerba-Container-with-Spout-3.webp 1080w, https:\/\/customizedwaterbottles.com\/wp-content\/uploads\/2025\/07\/BALIBETOV-Yerba-Container-with-Spout-3-1024x1024.webp 1024w, https:\/\/customizedwaterbottles.com\/wp-content\/uploads\/2025\/07\/BALIBETOV-Yerba-Container-with-Spout-3-768x768.webp 768w, https:\/\/customizedwaterbottles.com\/wp-content\/uploads\/2025\/07\/BALIBETOV-Yerba-Container-with-Spout-3-300x300.webp 300w, https:\/\/customizedwaterbottles.com\/wp-content\/uploads\/2025\/07\/BALIBETOV-Yerba-Container-with-Spout-3-600x600.webp 600w, https:\/\/customizedwaterbottles.com\/wp-content\/uploads\/2025\/07\/BALIBETOV-Yerba-Container-with-Spout-3-100x100.webp 100w\" sizes=\"(max-width: 688px) 100vw, 688px\" \/><\/p>\n<p>&nbsp;<\/p>\n<p>&nbsp;<\/p>\n<p>&nbsp;<\/p>\n<p>&nbsp;<\/p>\n<p>&nbsp;<\/p>","protected":false},"excerpt":{"rendered":"<h3><strong>Produktmerkmale:<\/strong><\/h3>\n<ul>\n<li>\n<p class=\"ds-markdown-paragraph\"><strong>Premium-Edelstahlkonstruktion:<\/strong>\u00a0Crafted from durable, food-grade stainless steel, this yerba container resists rust, corrosion, and stains. It ensures long-lasting hygiene and preserves yerba mate flavor integrity, making it ideal for high-volume commercial use.<\/p>\n<\/li>\n<li>\n<p class=\"ds-markdown-paragraph\"><strong>Precision Pouring Spout &amp; Lid:<\/strong>\u00a0The integrated, specially designed spout and pouring lid offer perfect control and a clean, mess-free pour. Easily dispense yerba mate directly into mate gourds or cups without spillage or waste.<\/p>\n<\/li>\n<li>\n<p class=\"ds-markdown-paragraph\"><strong>Effortless Mate Cup Filling:<\/strong>\u00a0Engineered specifically for filling mate cups, the ergonomic design and smooth spout allow for quick, easy, and accurate portioning. Streamline service in cafes, restaurants, or during events.<\/p>\n<\/li>\n<li>\n<p class=\"ds-markdown-paragraph\"><strong>Optimal Yerba Mate Freshness:<\/strong>\u00a0The secure, airtight pouring lid effectively seals the container, protecting bulk yerba mate from moisture, air, and contaminants. This maintains optimal freshness, aroma, and flavor for extended periods.<\/p>\n<\/li>\n<li>\n<p class=\"ds-markdown-paragraph\"><strong>Commercial-Grade Durability &amp; Value:<\/strong>\u00a0Built for wholesale and frequent use, the robust stainless steel body withstands daily handling in demanding environments. It offers exceptional long-term value, reliability, and a professional appearance for businesses.<\/p>\n<\/li>\n<\/ul>\n<p><!--more--><\/p>\n<p><!--more--><\/p>\n<p><!--more--><\/p>\n<h3><strong>Kundenspezifische Dienstleistungen:<\/strong><\/h3>\n<ul>\n<li><strong>Logo und Gestaltung:<\/strong> Ifun Wholesale Yerbero Yerba Container with Spout Stainless Steel Container Pouring Lid Easy Filling Mate Cup support custom your brand logo. We can make your logo &amp; design with screen printing, laser engraved, heat transfer, 3D printing, UV printing etc.<\/li>\n<li><strong>Farbe:<\/strong> Die Farben k\u00f6nnen entsprechend der Pantone-Farbnummer angepasst werden, wir k\u00f6nnen sie mit matter Oberfl\u00e4che, gl\u00e4nzender Lackierung, Pulverbeschichtung usw. ausf\u00fchren.<\/li>\n<li><strong>Kapazit\u00e4t:<\/strong> Wir haben 8oz Kapazit\u00e4t k\u00f6nnen wir auch f\u00fcr Sie anpassen.<\/li>\n<li><strong>Deckel: <\/strong>Wir haben Griffdeckel, Strohhalmdeckel, Klappdeckel, Becherdeckel f\u00fcr Ihre Wahl, die Farbe kann angepasst werden.<\/li>\n<li><strong>Paket: <\/strong>Farbige Schachtel, wei\u00dfe Schachtel, Geschenkschachtel, braune Kartonschachtel, Zylinderschachtel usw.<\/li>\n<\/ul>","protected":false},"featured_media":2835,"comment_status":"open","ping_status":"closed","template":"","meta":[],"product_brand":[],"product_cat":[28],"product_tag":[100,101,102],"class_list":{"0":"post-2827","1":"product","2":"type-product","3":"status-publish","4":"has-post-thumbnail","6":"product_cat-mate-cups","7":"product_tag-balibetov-yerbero-yerba-container-with-spout","8":"product_tag-yerba-container-with-spout","9":"product_tag-yerba-mate-container-with-spout","11":"first","12":"instock","13":"shipping-taxable","14":"product-type-simple"},"yoast_head":"<!-- This site is optimized with the Yoast SEO plugin v25.4 - https:\/\/yoast.com\/wordpress\/plugins\/seo\/ -->\n<title>Wholesale Yerbero Yerba Container with Spout Stainless Steel Container Pouring Lid Easy Filling Mate Cup 1081610M - iFun<\/title>\n<meta name=\"description\" content=\"Keep yerba mate ultra-fresh with IFUN&#039;s premium 304 stainless steel yerba container! Features a precision spout for easy pouring, large 900ml capacity &amp; gift-ready packaging. Airtight storage for mate, coffee &amp; dry foods. Satisfaction guaranteed\" \/>\n<meta name=\"robots\" content=\"index, follow, max-snippet:-1, max-image-preview:large, max-video-preview:-1\" \/>\n<link rel=\"canonical\" href=\"https:\/\/customizedwaterbottles.com\/de\/product\/ifun-premium-stainless-steel-yerba-container-with-spout\/\" \/>\n<meta property=\"og:locale\" content=\"de_DE\" \/>\n<meta property=\"og:type\" content=\"article\" \/>\n<meta property=\"og:title\" content=\"Wholesale Yerbero Yerba Container with Spout Stainless Steel Container Pouring Lid Easy Filling Mate Cup 1081610M - iFun\" \/>\n<meta property=\"og:description\" content=\"Keep yerba mate ultra-fresh with IFUN&#039;s premium 304 stainless steel yerba container! Features a precision spout for easy pouring, large 900ml capacity &amp; gift-ready packaging. Airtight storage for mate, coffee &amp; dry foods. Satisfaction guaranteed\" \/>\n<meta property=\"og:url\" content=\"https:\/\/customizedwaterbottles.com\/de\/product\/ifun-premium-stainless-steel-yerba-container-with-spout\/\" \/>\n<meta property=\"og:site_name\" content=\"iFun\" \/>\n<meta property=\"article:modified_time\" content=\"2025-07-12T10:13:00+00:00\" \/>\n<meta property=\"og:image\" content=\"https:\/\/customizedwaterbottles.com\/wp-content\/uploads\/2025\/07\/BALIBETOV-Yerba-Container-with-Spout-1-1.webp\" \/>\n\t<meta property=\"og:image:width\" content=\"640\" \/>\n\t<meta property=\"og:image:height\" content=\"640\" \/>\n\t<meta property=\"og:image:type\" content=\"image\/webp\" \/>\n<meta name=\"twitter:card\" content=\"summary_large_image\" \/>\n<meta name=\"twitter:label1\" content=\"Gesch\u00e4tzte Lesezeit\" \/>\n\t<meta name=\"twitter:data1\" content=\"3\u00a0Minuten\" \/>\n<script type=\"application\/ld+json\" class=\"yoast-schema-graph\">{\"@context\":\"https:\/\/schema.org\",\"@graph\":[{\"@type\":\"WebPage\",\"@id\":\"https:\/\/customizedwaterbottles.com\/product\/ifun-premium-stainless-steel-yerba-container-with-spout\/\",\"url\":\"https:\/\/customizedwaterbottles.com\/product\/ifun-premium-stainless-steel-yerba-container-with-spout\/\",\"name\":\"Wholesale Yerbero Yerba Container with Spout Stainless Steel Container Pouring Lid Easy Filling Mate Cup 1081610M - iFun\",\"isPartOf\":{\"@id\":\"https:\/\/customizedwaterbottles.com\/#website\"},\"primaryImageOfPage\":{\"@id\":\"https:\/\/customizedwaterbottles.com\/product\/ifun-premium-stainless-steel-yerba-container-with-spout\/#primaryimage\"},\"image\":{\"@id\":\"https:\/\/customizedwaterbottles.com\/product\/ifun-premium-stainless-steel-yerba-container-with-spout\/#primaryimage\"},\"thumbnailUrl\":\"https:\/\/customizedwaterbottles.com\/wp-content\/uploads\/2025\/07\/BALIBETOV-Yerba-Container-with-Spout-1-1.webp\",\"datePublished\":\"2025-07-12T08:51:22+00:00\",\"dateModified\":\"2025-07-12T10:13:00+00:00\",\"description\":\"Keep yerba mate ultra-fresh with IFUN's premium 304 stainless steel yerba container! Features a precision spout for easy pouring, large 900ml capacity & gift-ready packaging. Airtight storage for mate, coffee & dry foods. Satisfaction guaranteed\",\"breadcrumb\":{\"@id\":\"https:\/\/customizedwaterbottles.com\/product\/ifun-premium-stainless-steel-yerba-container-with-spout\/#breadcrumb\"},\"inLanguage\":\"de\",\"potentialAction\":[{\"@type\":\"ReadAction\",\"target\":[\"https:\/\/customizedwaterbottles.com\/product\/ifun-premium-stainless-steel-yerba-container-with-spout\/\"]}]},{\"@type\":\"ImageObject\",\"inLanguage\":\"de\",\"@id\":\"https:\/\/customizedwaterbottles.com\/product\/ifun-premium-stainless-steel-yerba-container-with-spout\/#primaryimage\",\"url\":\"https:\/\/customizedwaterbottles.com\/wp-content\/uploads\/2025\/07\/BALIBETOV-Yerba-Container-with-Spout-1-1.webp\",\"contentUrl\":\"https:\/\/customizedwaterbottles.com\/wp-content\/uploads\/2025\/07\/BALIBETOV-Yerba-Container-with-Spout-1-1.webp\",\"width\":640,\"height\":640},{\"@type\":\"BreadcrumbList\",\"@id\":\"https:\/\/customizedwaterbottles.com\/product\/ifun-premium-stainless-steel-yerba-container-with-spout\/#breadcrumb\",\"itemListElement\":[{\"@type\":\"ListItem\",\"position\":1,\"name\":\"Home\",\"item\":\"https:\/\/customizedwaterbottles.com\/\"},{\"@type\":\"ListItem\",\"position\":2,\"name\":\"Products\",\"item\":\"https:\/\/customizedwaterbottles.com\/wholesale-drinkware-manufacturer-water-bottles-tumblers\/\"},{\"@type\":\"ListItem\",\"position\":3,\"name\":\"Wholesale Yerbero Yerba Container with Spout Stainless Steel Container Pouring Lid Easy Filling Mate Cup 1081610M\"}]},{\"@type\":\"WebSite\",\"@id\":\"https:\/\/customizedwaterbottles.com\/#website\",\"url\":\"https:\/\/customizedwaterbottles.com\/\",\"name\":\"iFun\",\"description\":\"Water Bottles Stainless Steel Vacuum Flask\",\"potentialAction\":[{\"@type\":\"SearchAction\",\"target\":{\"@type\":\"EntryPoint\",\"urlTemplate\":\"https:\/\/customizedwaterbottles.com\/?s={search_term_string}\"},\"query-input\":{\"@type\":\"PropertyValueSpecification\",\"valueRequired\":true,\"valueName\":\"search_term_string\"}}],\"inLanguage\":\"de\"}]}<\/script>\n<!-- \/ Yoast SEO plugin. -->","yoast_head_json":{"title":"Wholesale Yerbero Yerba Container with Spout Stainless Steel Container Pouring Lid Easy Filling Mate Cup 1081610M - iFun","description":"Keep yerba mate ultra-fresh with IFUN's premium 304 stainless steel yerba container! Features a precision spout for easy pouring, large 900ml capacity & gift-ready packaging. Airtight storage for mate, coffee & dry foods. Satisfaction guaranteed","robots":{"index":"index","follow":"follow","max-snippet":"max-snippet:-1","max-image-preview":"max-image-preview:large","max-video-preview":"max-video-preview:-1"},"canonical":"https:\/\/customizedwaterbottles.com\/de\/product\/ifun-premium-stainless-steel-yerba-container-with-spout\/","og_locale":"de_DE","og_type":"article","og_title":"Wholesale Yerbero Yerba Container with Spout Stainless Steel Container Pouring Lid Easy Filling Mate Cup 1081610M - iFun","og_description":"Keep yerba mate ultra-fresh with IFUN's premium 304 stainless steel yerba container! Features a precision spout for easy pouring, large 900ml capacity & gift-ready packaging. Airtight storage for mate, coffee & dry foods. Satisfaction guaranteed","og_url":"https:\/\/customizedwaterbottles.com\/de\/product\/ifun-premium-stainless-steel-yerba-container-with-spout\/","og_site_name":"iFun","article_modified_time":"2025-07-12T10:13:00+00:00","og_image":[{"width":640,"height":640,"url":"https:\/\/customizedwaterbottles.com\/wp-content\/uploads\/2025\/07\/BALIBETOV-Yerba-Container-with-Spout-1-1.webp","type":"image\/webp"}],"twitter_card":"summary_large_image","twitter_misc":{"Gesch\u00e4tzte Lesezeit":"3\u00a0Minuten"},"schema":{"@context":"https:\/\/schema.org","@graph":[{"@type":"WebPage","@id":"https:\/\/customizedwaterbottles.com\/product\/ifun-premium-stainless-steel-yerba-container-with-spout\/","url":"https:\/\/customizedwaterbottles.com\/product\/ifun-premium-stainless-steel-yerba-container-with-spout\/","name":"Wholesale Yerbero Yerba Container with Spout Stainless Steel Container Pouring Lid Easy Filling Mate Cup 1081610M - iFun","isPartOf":{"@id":"https:\/\/customizedwaterbottles.com\/#website"},"primaryImageOfPage":{"@id":"https:\/\/customizedwaterbottles.com\/product\/ifun-premium-stainless-steel-yerba-container-with-spout\/#primaryimage"},"image":{"@id":"https:\/\/customizedwaterbottles.com\/product\/ifun-premium-stainless-steel-yerba-container-with-spout\/#primaryimage"},"thumbnailUrl":"https:\/\/customizedwaterbottles.com\/wp-content\/uploads\/2025\/07\/BALIBETOV-Yerba-Container-with-Spout-1-1.webp","datePublished":"2025-07-12T08:51:22+00:00","dateModified":"2025-07-12T10:13:00+00:00","description":"Keep yerba mate ultra-fresh with IFUN's premium 304 stainless steel yerba container! Features a precision spout for easy pouring, large 900ml capacity & gift-ready packaging. Airtight storage for mate, coffee & dry foods. Satisfaction guaranteed","breadcrumb":{"@id":"https:\/\/customizedwaterbottles.com\/product\/ifun-premium-stainless-steel-yerba-container-with-spout\/#breadcrumb"},"inLanguage":"de","potentialAction":[{"@type":"ReadAction","target":["https:\/\/customizedwaterbottles.com\/product\/ifun-premium-stainless-steel-yerba-container-with-spout\/"]}]},{"@type":"ImageObject","inLanguage":"de","@id":"https:\/\/customizedwaterbottles.com\/product\/ifun-premium-stainless-steel-yerba-container-with-spout\/#primaryimage","url":"https:\/\/customizedwaterbottles.com\/wp-content\/uploads\/2025\/07\/BALIBETOV-Yerba-Container-with-Spout-1-1.webp","contentUrl":"https:\/\/customizedwaterbottles.com\/wp-content\/uploads\/2025\/07\/BALIBETOV-Yerba-Container-with-Spout-1-1.webp","width":640,"height":640},{"@type":"BreadcrumbList","@id":"https:\/\/customizedwaterbottles.com\/product\/ifun-premium-stainless-steel-yerba-container-with-spout\/#breadcrumb","itemListElement":[{"@type":"ListItem","position":1,"name":"Home","item":"https:\/\/customizedwaterbottles.com\/"},{"@type":"ListItem","position":2,"name":"Products","item":"https:\/\/customizedwaterbottles.com\/wholesale-drinkware-manufacturer-water-bottles-tumblers\/"},{"@type":"ListItem","position":3,"name":"Wholesale Yerbero Yerba Container with Spout Stainless Steel Container Pouring Lid Easy Filling Mate Cup 1081610M"}]},{"@type":"WebSite","@id":"https:\/\/customizedwaterbottles.com\/#website","url":"https:\/\/customizedwaterbottles.com\/","name":"iFun","description":"Water Bottles Stainless Steel Vacuum Flask","potentialAction":[{"@type":"SearchAction","target":{"@type":"EntryPoint","urlTemplate":"https:\/\/customizedwaterbottles.com\/?s={search_term_string}"},"query-input":{"@type":"PropertyValueSpecification","valueRequired":true,"valueName":"search_term_string"}}],"inLanguage":"de"}]}},"_links":{"self":[{"href":"https:\/\/customizedwaterbottles.com\/de\/wp-json\/wp\/v2\/product\/2827","targetHints":{"allow":["GET"]}}],"collection":[{"href":"https:\/\/customizedwaterbottles.com\/de\/wp-json\/wp\/v2\/product"}],"about":[{"href":"https:\/\/customizedwaterbottles.com\/de\/wp-json\/wp\/v2\/types\/product"}],"replies":[{"embeddable":true,"href":"https:\/\/customizedwaterbottles.com\/de\/wp-json\/wp\/v2\/comments?post=2827"}],"wp:featuredmedia":[{"embeddable":true,"href":"https:\/\/customizedwaterbottles.com\/de\/wp-json\/wp\/v2\/media\/2835"}],"wp:attachment":[{"href":"https:\/\/customizedwaterbottles.com\/de\/wp-json\/wp\/v2\/media?parent=2827"}],"wp:term":[{"taxonomy":"product_brand","embeddable":true,"href":"https:\/\/customizedwaterbottles.com\/de\/wp-json\/wp\/v2\/product_brand?post=2827"},{"taxonomy":"product_cat","embeddable":true,"href":"https:\/\/customizedwaterbottles.com\/de\/wp-json\/wp\/v2\/product_cat?post=2827"},{"taxonomy":"product_tag","embeddable":true,"href":"https:\/\/customizedwaterbottles.com\/de\/wp-json\/wp\/v2\/product_tag?post=2827"}],"curies":[{"name":"wp","href":"https:\/\/api.w.org\/{rel}","templated":true}]}}