{"id":2869,"date":"2025-07-15T07:00:27","date_gmt":"2025-07-15T07:00:27","guid":{"rendered":"https:\/\/customizedwaterbottles.com\/?post_type=product&#038;p=2869"},"modified":"2025-07-15T08:02:00","modified_gmt":"2025-07-15T08:02:00","slug":"50oz-all-day-hydration-vacuum-insulated-simple-tumbler-with-handle","status":"publish","type":"product","link":"https:\/\/customizedwaterbottles.com\/de\/product\/50oz-all-day-hydration-vacuum-insulated-simple-tumbler-with-handle\/","title":{"rendered":"50oz All Day Hydratation Vakuum isoliert einfache Becher mit Griff 1081611T"},"content":{"rendered":"<table>\n<tbody>\n<tr>\n<td width=\"426\">Name des Produkts<\/td>\n<td width=\"426\">50oz All Day Hydration Vacuum Insulated Simple Tumbler with Handle<\/td>\n<\/tr>\n<tr>\n<td width=\"426\">Kapazit\u00e4t<\/td>\n<td width=\"426\">50oz<\/td>\n<\/tr>\n<tr>\n<td width=\"426\">Material<\/td>\n<td width=\"426\">Doppelwandiger Edelstahl<\/td>\n<\/tr>\n<tr>\n<td width=\"426\">Farbe<\/td>\n<td width=\"426\">Gl\u00e4nzende Lackierung, matte Lackierung, Pulverbeschichtung usw.<\/td>\n<\/tr>\n<tr>\n<td width=\"426\">Logo<\/td>\n<td width=\"426\">Siebdruck, Thermotransferdruck, Lasergravur, Wassertransfer usw.<\/td>\n<\/tr>\n<tr>\n<td width=\"426\">MOQ<\/td>\n<td width=\"426\">50St\u00fcck<\/td>\n<\/tr>\n<tr>\n<td width=\"426\">Probezeit<\/td>\n<td width=\"426\">3-7 Tage f\u00fcr individuelle Gestaltung<\/td>\n<\/tr>\n<tr>\n<td width=\"426\">Zertifizierung<\/td>\n<td width=\"426\">FDA, LFGB<\/td>\n<\/tr>\n<tr>\n<td width=\"426\">Verpacken<\/td>\n<td width=\"426\">Wei\u00dfe Schachtel, farbige Schachtel oder Schachtel mit individuellem Design<\/td>\n<\/tr>\n<tr>\n<td width=\"426\">Produktionskapazit\u00e4t<\/td>\n<td width=\"426\">500.000 Exemplare pro Monat<\/td>\n<\/tr>\n<tr>\n<td width=\"426\">Lieferfrist<\/td>\n<td width=\"426\">25-35 Tage f\u00fcr Mengen unter 20.000 St\u00fcck<\/td>\n<\/tr>\n<\/tbody>\n<\/table>\n<h2><strong>Why Choose Ifun 50oz Modern Coffee Tumblers?<\/strong><\/h2>\n<p><span style=\"color: #000000;\"><strong>1. ganzt\u00e4gige Temperaturkontrolle<\/strong><\/span><\/p>\n<p>Die doppelwandige Vakuumisolierung von Ifun h\u00e4lt die Temperatur viel l\u00e4nger aufrecht als herk\u00f6mmliche Flaschen. Ob bei der Arbeit, beim Lernen, auf Reisen oder bei Abenteuern im Freien - Sie k\u00f6nnen Ihre Getr\u00e4nke jederzeit bei der perfekten Temperatur genie\u00dfen.<\/p>\n<p><span style=\"color: #000000;\"><strong>2. robuste Bauweise mit hochwertigen Materialien<\/strong><\/span><\/p>\n<p>Innen und au\u00dfen aus hochwertigem, lebensmittelechtem 304er-Edelstahl gefertigt, ist er sicher f\u00fcr alle Getr\u00e4nke, hat keinen seltsamen Geschmack und ist besonders widerstandsf\u00e4hig gegen Dellen und Kratzer.<\/p>\n<p><span style=\"color: #000000;\"><strong>3. einzigartiges Deckeldesign<\/strong><\/span><\/p>\n<p>Ifun Wasserflaschen kommt mit auslaufsicheren Deckel, k\u00f6nnen Sie es im Freien f\u00fcr Reisen gehen, egal gehen \u00fcberall ohne Sorgen.<\/p>\n<p><span style=\"color: #000000;\"><strong>4. mehrere Kapazit\u00e4ten zur Auswahl<\/strong><\/span><\/p>\n<p>With the capacity of 20oz, 30oz, 40oz, this tumbler is perfect for heavy drinkers, fitness lovers, or desk-bound professionals.<\/p>\n<p><span style=\"color: #000000;\"><strong>5. schwei\u00dffreies \u00c4u\u00dferes<\/strong><\/span><\/p>\n<p>Unsere vakuumisolierte Isolierflasche h\u00e4lt nicht nur die Getr\u00e4nke kalt, sondern auch die Au\u00dfenseite trocken. Sie m\u00fcssen sich keine Sorgen machen, dass Kondenswasser von kalten Getr\u00e4nken Ihre H\u00e4nde oder den Tisch nass macht.<\/p>\n<p><span style=\"color: #000000;\"><strong>6.15Jahre+ Erfahrung in der Produktion<\/strong><\/span><\/p>\n<p>Ifun konzentriert sich seit mehr als 15 Jahren auf Getr\u00e4nkeprodukte. Zu unseren Produkten geh\u00f6ren Edelstahlbecher, vakuumisolierte Wasserflaschen, Reisebecher, Thermosbecher usw. Wir haben professionelle Teams, um sicherzustellen, dass die Produkte in hoher Qualit\u00e4t.<\/p>\n<p><span style=\"color: #000000;\"><strong>7. OEM &amp; ODM Service verf\u00fcgbar<\/strong><\/span><\/p>\n<p>Als Hersteller von Edelstahlflaschen bietet Ifun OEM- und ODM-Service f\u00fcr unsere Kunden. Egal Farben, Logos, Pakete oder Gr\u00f6\u00dfen, k\u00f6nnen wir auch f\u00fcr Sie anpassen.<\/p>\n<p><img decoding=\"async\" class=\"alignnone size-full wp-image-2889\" src=\"https:\/\/customizedwaterbottles.com\/wp-content\/uploads\/2025\/07\/50oz-tumbler-3.webp\" alt=\"\" width=\"1200\" height=\"1200\" srcset=\"https:\/\/customizedwaterbottles.com\/wp-content\/uploads\/2025\/07\/50oz-tumbler-3.webp 1200w, https:\/\/customizedwaterbottles.com\/wp-content\/uploads\/2025\/07\/50oz-tumbler-3-1024x1024.webp 1024w, https:\/\/customizedwaterbottles.com\/wp-content\/uploads\/2025\/07\/50oz-tumbler-3-768x768.webp 768w, https:\/\/customizedwaterbottles.com\/wp-content\/uploads\/2025\/07\/50oz-tumbler-3-300x300.webp 300w, https:\/\/customizedwaterbottles.com\/wp-content\/uploads\/2025\/07\/50oz-tumbler-3-600x600.webp 600w, https:\/\/customizedwaterbottles.com\/wp-content\/uploads\/2025\/07\/50oz-tumbler-3-100x100.webp 100w\" sizes=\"(max-width: 1200px) 100vw, 1200px\" \/> <img decoding=\"async\" class=\"alignnone size-medium wp-image-2890\" src=\"https:\/\/customizedwaterbottles.com\/wp-content\/uploads\/2025\/07\/50oz-tumbler-5.webp\" alt=\"\" width=\"800\" height=\"800\" srcset=\"https:\/\/customizedwaterbottles.com\/wp-content\/uploads\/2025\/07\/50oz-tumbler-5.webp 800w, https:\/\/customizedwaterbottles.com\/wp-content\/uploads\/2025\/07\/50oz-tumbler-5-768x768.webp 768w, https:\/\/customizedwaterbottles.com\/wp-content\/uploads\/2025\/07\/50oz-tumbler-5-300x300.webp 300w, https:\/\/customizedwaterbottles.com\/wp-content\/uploads\/2025\/07\/50oz-tumbler-5-600x600.webp 600w, https:\/\/customizedwaterbottles.com\/wp-content\/uploads\/2025\/07\/50oz-tumbler-5-100x100.webp 100w\" sizes=\"(max-width: 800px) 100vw, 800px\" \/> <img decoding=\"async\" class=\"alignnone size-medium wp-image-2892\" src=\"https:\/\/customizedwaterbottles.com\/wp-content\/uploads\/2025\/07\/50oz-tumbler-13.webp\" alt=\"\" width=\"800\" height=\"800\" srcset=\"https:\/\/customizedwaterbottles.com\/wp-content\/uploads\/2025\/07\/50oz-tumbler-13.webp 800w, https:\/\/customizedwaterbottles.com\/wp-content\/uploads\/2025\/07\/50oz-tumbler-13-768x768.webp 768w, https:\/\/customizedwaterbottles.com\/wp-content\/uploads\/2025\/07\/50oz-tumbler-13-300x300.webp 300w, https:\/\/customizedwaterbottles.com\/wp-content\/uploads\/2025\/07\/50oz-tumbler-13-600x600.webp 600w, https:\/\/customizedwaterbottles.com\/wp-content\/uploads\/2025\/07\/50oz-tumbler-13-100x100.webp 100w\" sizes=\"(max-width: 800px) 100vw, 800px\" \/> <img decoding=\"async\" class=\"alignnone size-medium wp-image-2893\" src=\"https:\/\/customizedwaterbottles.com\/wp-content\/uploads\/2025\/07\/50oz-tumbler-8.webp\" alt=\"\" width=\"1200\" height=\"1200\" srcset=\"https:\/\/customizedwaterbottles.com\/wp-content\/uploads\/2025\/07\/50oz-tumbler-8.webp 1200w, https:\/\/customizedwaterbottles.com\/wp-content\/uploads\/2025\/07\/50oz-tumbler-8-1024x1024.webp 1024w, https:\/\/customizedwaterbottles.com\/wp-content\/uploads\/2025\/07\/50oz-tumbler-8-768x768.webp 768w, https:\/\/customizedwaterbottles.com\/wp-content\/uploads\/2025\/07\/50oz-tumbler-8-300x300.webp 300w, https:\/\/customizedwaterbottles.com\/wp-content\/uploads\/2025\/07\/50oz-tumbler-8-600x600.webp 600w, https:\/\/customizedwaterbottles.com\/wp-content\/uploads\/2025\/07\/50oz-tumbler-8-100x100.webp 100w\" sizes=\"(max-width: 1200px) 100vw, 1200px\" \/> <img decoding=\"async\" class=\"alignnone size-medium wp-image-2894\" src=\"https:\/\/customizedwaterbottles.com\/wp-content\/uploads\/2025\/07\/50oz-tumbler-9.webp\" alt=\"\" width=\"1200\" height=\"1200\" srcset=\"https:\/\/customizedwaterbottles.com\/wp-content\/uploads\/2025\/07\/50oz-tumbler-9.webp 1200w, https:\/\/customizedwaterbottles.com\/wp-content\/uploads\/2025\/07\/50oz-tumbler-9-1024x1024.webp 1024w, https:\/\/customizedwaterbottles.com\/wp-content\/uploads\/2025\/07\/50oz-tumbler-9-768x768.webp 768w, https:\/\/customizedwaterbottles.com\/wp-content\/uploads\/2025\/07\/50oz-tumbler-9-300x300.webp 300w, https:\/\/customizedwaterbottles.com\/wp-content\/uploads\/2025\/07\/50oz-tumbler-9-600x600.webp 600w, https:\/\/customizedwaterbottles.com\/wp-content\/uploads\/2025\/07\/50oz-tumbler-9-100x100.webp 100w\" sizes=\"(max-width: 1200px) 100vw, 1200px\" \/><\/p>","protected":false},"excerpt":{"rendered":"<h3><strong>Produktmerkmale:<\/strong><\/h3>\n<ul>\n<li><strong>50oz (1.5L) Capacity: <\/strong>This capacity is designed to minimize the need for frequent refills throughout the day, truly supporting the &#8220;All Day Hydration&#8221; concept. Whether it&#8217;s water, iced coffee, juice, or an energy drink, it holds enough to last for extended periods at work, outdoors, or during travel.<\/li>\n<li><strong>Advanced Vacuum Insulation Technology:<\/strong> The core technology involves a double-wall construction from the space between the inner and outer walls, creating a vacuum. This vacuum layer is a near-perfect insulator, drastically reducing heat transfer via conduction or convection. This is what enables exceptional temperature retention, keeping hot beverages hot and cold beverages icy cold for extended durations.<\/li>\n<li><strong>Exceptional Temperature Retention:<\/strong> Directly resulting from the vacuum insulation, this tumbler excels at maintaining temperatures. It keeps steaming beverages like coffee or tea hot for hours. Conversely, it keeps ice water, smoothies, or soda refreshingly cold all day long, resisting external heat and preventing rapid melting of ice. This ensures your drink tastes perfect hours.<\/li>\n<li><strong>Sweat-Free Exterior &amp; Condensation Prevention:<\/strong>The vacuum insulation not only keeps drinks hot\/cold but also prevents condensation from forming on the outer surface. Even when filled with ice-cold liquid on a humid day, the exterior remains completely dry.<\/li>\n<li><strong>Integrated Comfort-Grip Handle: <\/strong>A sturdy, ergonomic handle is securely attached to the tumbler body. This handle provides a comfortable and confident grip, making it much easier to carry the large, heavy tumbler.<\/li>\n<li><strong>Durable, Premium 18\/8 Stainless Steel Construction:<\/strong> The tumbler is constructed from high-quality 18\/8 stainless steel. This material is inherently resistant to rust, corrosion, and staining. It provides superior durability, protecting the tumbler from dents, scratches, and impacts during daily use.<\/li>\n<li><strong>Simple, User-Friendly &amp; Ergonomic Design: <\/strong>Ifun coffee tumbler focuses on essential functionality without unnecessary complexity. The combination of the large capacity, easy-grip handle, easy-sip lid, reliable, and comfortable everyday use.<\/li>\n<\/ul>\n<h3><strong>Kundenspezifische Dienstleistungen:<\/strong><\/h3>\n<ul>\n<li><strong>Logo und Gestaltung:<\/strong> Ifun-Edelstahlflaschen unterst\u00fctzen Ihr Markenlogo. Wir k\u00f6nnen Ihr Logo &amp; Design mit Siebdruck, Lasergravur, W\u00e4rme\u00fcbertragung, 3D-Druck, UV-Druck usw. machen.<\/li>\n<li><strong>Farbe:<\/strong> Die Farben k\u00f6nnen entsprechend der Pantone-Farbnummer angepasst werden, wir k\u00f6nnen sie mit matter Oberfl\u00e4che, gl\u00e4nzender Lackierung, Pulverbeschichtung usw. ausf\u00fchren.<\/li>\n<li><strong>Kapazit\u00e4t:<\/strong> We have 50oz capacity, other capacity we can also custom for you.<\/li>\n<li><strong>Deckel: <\/strong>100% BPA FREE auslaufsicherer Deckel, die Farbe kann angepasst werden.<\/li>\n<li><strong>Paket: <\/strong>Farbige Schachtel, wei\u00dfe Schachtel, Geschenkschachtel, braune Kartonschachtel, Zylinderschachtel usw.<\/li>\n<\/ul>","protected":false},"featured_media":2870,"comment_status":"open","ping_status":"closed","template":"","meta":[],"product_brand":[],"product_cat":[23],"product_tag":[108,106,107],"class_list":{"0":"post-2869","1":"product","2":"type-product","3":"status-publish","4":"has-post-thumbnail","6":"product_cat-insulated-tumblers-mugs","7":"product_tag-hydration-tumblers","8":"product_tag-sim-tumbler","9":"product_tag-simple-modern-coffee-cup","11":"first","12":"instock","13":"shipping-taxable","14":"product-type-simple"},"yoast_head":"<!-- This site is optimized with the Yoast SEO plugin v25.4 - https:\/\/yoast.com\/wordpress\/plugins\/seo\/ -->\n<title>50oz All Day Hydration Vacuum Insulated Simple Tumbler<\/title>\n<meta name=\"description\" content=\"50oz stainless steel thermal insulated tumbler, ergonomic handle with straw lid. It can meet your all day hydration needs, suitable for ice cubes adding.\" \/>\n<meta name=\"robots\" content=\"index, follow, max-snippet:-1, max-image-preview:large, max-video-preview:-1\" \/>\n<link rel=\"canonical\" href=\"https:\/\/customizedwaterbottles.com\/de\/product\/50oz-all-day-hydration-vacuum-insulated-simple-tumbler-with-handle\/\" \/>\n<meta property=\"og:locale\" content=\"de_DE\" \/>\n<meta property=\"og:type\" content=\"article\" \/>\n<meta property=\"og:title\" content=\"50oz All Day Hydration Vacuum Insulated Simple Tumbler\" \/>\n<meta property=\"og:description\" content=\"50oz stainless steel thermal insulated tumbler, ergonomic handle with straw lid. It can meet your all day hydration needs, suitable for ice cubes adding.\" \/>\n<meta property=\"og:url\" content=\"https:\/\/customizedwaterbottles.com\/de\/product\/50oz-all-day-hydration-vacuum-insulated-simple-tumbler-with-handle\/\" \/>\n<meta property=\"og:site_name\" content=\"iFun\" \/>\n<meta property=\"article:modified_time\" content=\"2025-07-15T08:02:00+00:00\" \/>\n<meta property=\"og:image\" content=\"https:\/\/customizedwaterbottles.com\/wp-content\/uploads\/2025\/07\/50oz-tumbler-4.webp\" \/>\n\t<meta property=\"og:image:width\" content=\"800\" \/>\n\t<meta property=\"og:image:height\" content=\"800\" \/>\n\t<meta property=\"og:image:type\" content=\"image\/webp\" \/>\n<meta name=\"twitter:card\" content=\"summary_large_image\" \/>\n<meta name=\"twitter:label1\" content=\"Gesch\u00e4tzte Lesezeit\" \/>\n\t<meta name=\"twitter:data1\" content=\"3\u00a0Minuten\" \/>\n<script type=\"application\/ld+json\" class=\"yoast-schema-graph\">{\"@context\":\"https:\/\/schema.org\",\"@graph\":[{\"@type\":\"WebPage\",\"@id\":\"https:\/\/customizedwaterbottles.com\/product\/50oz-all-day-hydration-vacuum-insulated-simple-tumbler-with-handle\/\",\"url\":\"https:\/\/customizedwaterbottles.com\/product\/50oz-all-day-hydration-vacuum-insulated-simple-tumbler-with-handle\/\",\"name\":\"50oz All Day Hydration Vacuum Insulated Simple Tumbler\",\"isPartOf\":{\"@id\":\"https:\/\/customizedwaterbottles.com\/#website\"},\"primaryImageOfPage\":{\"@id\":\"https:\/\/customizedwaterbottles.com\/product\/50oz-all-day-hydration-vacuum-insulated-simple-tumbler-with-handle\/#primaryimage\"},\"image\":{\"@id\":\"https:\/\/customizedwaterbottles.com\/product\/50oz-all-day-hydration-vacuum-insulated-simple-tumbler-with-handle\/#primaryimage\"},\"thumbnailUrl\":\"https:\/\/customizedwaterbottles.com\/wp-content\/uploads\/2025\/07\/50oz-tumbler-4.webp\",\"datePublished\":\"2025-07-15T07:00:27+00:00\",\"dateModified\":\"2025-07-15T08:02:00+00:00\",\"description\":\"50oz stainless steel thermal insulated tumbler, ergonomic handle with straw lid. It can meet your all day hydration needs, suitable for ice cubes adding.\",\"breadcrumb\":{\"@id\":\"https:\/\/customizedwaterbottles.com\/product\/50oz-all-day-hydration-vacuum-insulated-simple-tumbler-with-handle\/#breadcrumb\"},\"inLanguage\":\"de\",\"potentialAction\":[{\"@type\":\"ReadAction\",\"target\":[\"https:\/\/customizedwaterbottles.com\/product\/50oz-all-day-hydration-vacuum-insulated-simple-tumbler-with-handle\/\"]}]},{\"@type\":\"ImageObject\",\"inLanguage\":\"de\",\"@id\":\"https:\/\/customizedwaterbottles.com\/product\/50oz-all-day-hydration-vacuum-insulated-simple-tumbler-with-handle\/#primaryimage\",\"url\":\"https:\/\/customizedwaterbottles.com\/wp-content\/uploads\/2025\/07\/50oz-tumbler-4.webp\",\"contentUrl\":\"https:\/\/customizedwaterbottles.com\/wp-content\/uploads\/2025\/07\/50oz-tumbler-4.webp\",\"width\":800,\"height\":800},{\"@type\":\"BreadcrumbList\",\"@id\":\"https:\/\/customizedwaterbottles.com\/product\/50oz-all-day-hydration-vacuum-insulated-simple-tumbler-with-handle\/#breadcrumb\",\"itemListElement\":[{\"@type\":\"ListItem\",\"position\":1,\"name\":\"Home\",\"item\":\"https:\/\/customizedwaterbottles.com\/\"},{\"@type\":\"ListItem\",\"position\":2,\"name\":\"Products\",\"item\":\"https:\/\/customizedwaterbottles.com\/wholesale-drinkware-manufacturer-water-bottles-tumblers\/\"},{\"@type\":\"ListItem\",\"position\":3,\"name\":\"50oz All Day Hydration Vacuum Insulated Simple Tumbler with Handle 1081611T\"}]},{\"@type\":\"WebSite\",\"@id\":\"https:\/\/customizedwaterbottles.com\/#website\",\"url\":\"https:\/\/customizedwaterbottles.com\/\",\"name\":\"iFun\",\"description\":\"Water Bottles Stainless Steel Vacuum Flask\",\"potentialAction\":[{\"@type\":\"SearchAction\",\"target\":{\"@type\":\"EntryPoint\",\"urlTemplate\":\"https:\/\/customizedwaterbottles.com\/?s={search_term_string}\"},\"query-input\":{\"@type\":\"PropertyValueSpecification\",\"valueRequired\":true,\"valueName\":\"search_term_string\"}}],\"inLanguage\":\"de\"}]}<\/script>\n<!-- \/ Yoast SEO plugin. -->","yoast_head_json":{"title":"50oz All Day Hydration Vacuum Insulated Simple Tumbler","description":"50oz stainless steel thermal insulated tumbler, ergonomic handle with straw lid. It can meet your all day hydration needs, suitable for ice cubes adding.","robots":{"index":"index","follow":"follow","max-snippet":"max-snippet:-1","max-image-preview":"max-image-preview:large","max-video-preview":"max-video-preview:-1"},"canonical":"https:\/\/customizedwaterbottles.com\/de\/product\/50oz-all-day-hydration-vacuum-insulated-simple-tumbler-with-handle\/","og_locale":"de_DE","og_type":"article","og_title":"50oz All Day Hydration Vacuum Insulated Simple Tumbler","og_description":"50oz stainless steel thermal insulated tumbler, ergonomic handle with straw lid. It can meet your all day hydration needs, suitable for ice cubes adding.","og_url":"https:\/\/customizedwaterbottles.com\/de\/product\/50oz-all-day-hydration-vacuum-insulated-simple-tumbler-with-handle\/","og_site_name":"iFun","article_modified_time":"2025-07-15T08:02:00+00:00","og_image":[{"width":800,"height":800,"url":"https:\/\/customizedwaterbottles.com\/wp-content\/uploads\/2025\/07\/50oz-tumbler-4.webp","type":"image\/webp"}],"twitter_card":"summary_large_image","twitter_misc":{"Gesch\u00e4tzte Lesezeit":"3\u00a0Minuten"},"schema":{"@context":"https:\/\/schema.org","@graph":[{"@type":"WebPage","@id":"https:\/\/customizedwaterbottles.com\/product\/50oz-all-day-hydration-vacuum-insulated-simple-tumbler-with-handle\/","url":"https:\/\/customizedwaterbottles.com\/product\/50oz-all-day-hydration-vacuum-insulated-simple-tumbler-with-handle\/","name":"50oz All Day Hydration Vacuum Insulated Simple Tumbler","isPartOf":{"@id":"https:\/\/customizedwaterbottles.com\/#website"},"primaryImageOfPage":{"@id":"https:\/\/customizedwaterbottles.com\/product\/50oz-all-day-hydration-vacuum-insulated-simple-tumbler-with-handle\/#primaryimage"},"image":{"@id":"https:\/\/customizedwaterbottles.com\/product\/50oz-all-day-hydration-vacuum-insulated-simple-tumbler-with-handle\/#primaryimage"},"thumbnailUrl":"https:\/\/customizedwaterbottles.com\/wp-content\/uploads\/2025\/07\/50oz-tumbler-4.webp","datePublished":"2025-07-15T07:00:27+00:00","dateModified":"2025-07-15T08:02:00+00:00","description":"50oz stainless steel thermal insulated tumbler, ergonomic handle with straw lid. It can meet your all day hydration needs, suitable for ice cubes adding.","breadcrumb":{"@id":"https:\/\/customizedwaterbottles.com\/product\/50oz-all-day-hydration-vacuum-insulated-simple-tumbler-with-handle\/#breadcrumb"},"inLanguage":"de","potentialAction":[{"@type":"ReadAction","target":["https:\/\/customizedwaterbottles.com\/product\/50oz-all-day-hydration-vacuum-insulated-simple-tumbler-with-handle\/"]}]},{"@type":"ImageObject","inLanguage":"de","@id":"https:\/\/customizedwaterbottles.com\/product\/50oz-all-day-hydration-vacuum-insulated-simple-tumbler-with-handle\/#primaryimage","url":"https:\/\/customizedwaterbottles.com\/wp-content\/uploads\/2025\/07\/50oz-tumbler-4.webp","contentUrl":"https:\/\/customizedwaterbottles.com\/wp-content\/uploads\/2025\/07\/50oz-tumbler-4.webp","width":800,"height":800},{"@type":"BreadcrumbList","@id":"https:\/\/customizedwaterbottles.com\/product\/50oz-all-day-hydration-vacuum-insulated-simple-tumbler-with-handle\/#breadcrumb","itemListElement":[{"@type":"ListItem","position":1,"name":"Home","item":"https:\/\/customizedwaterbottles.com\/"},{"@type":"ListItem","position":2,"name":"Products","item":"https:\/\/customizedwaterbottles.com\/wholesale-drinkware-manufacturer-water-bottles-tumblers\/"},{"@type":"ListItem","position":3,"name":"50oz All Day Hydration Vacuum Insulated Simple Tumbler with Handle 1081611T"}]},{"@type":"WebSite","@id":"https:\/\/customizedwaterbottles.com\/#website","url":"https:\/\/customizedwaterbottles.com\/","name":"iFun","description":"Water Bottles Stainless Steel Vacuum Flask","potentialAction":[{"@type":"SearchAction","target":{"@type":"EntryPoint","urlTemplate":"https:\/\/customizedwaterbottles.com\/?s={search_term_string}"},"query-input":{"@type":"PropertyValueSpecification","valueRequired":true,"valueName":"search_term_string"}}],"inLanguage":"de"}]}},"_links":{"self":[{"href":"https:\/\/customizedwaterbottles.com\/de\/wp-json\/wp\/v2\/product\/2869","targetHints":{"allow":["GET"]}}],"collection":[{"href":"https:\/\/customizedwaterbottles.com\/de\/wp-json\/wp\/v2\/product"}],"about":[{"href":"https:\/\/customizedwaterbottles.com\/de\/wp-json\/wp\/v2\/types\/product"}],"replies":[{"embeddable":true,"href":"https:\/\/customizedwaterbottles.com\/de\/wp-json\/wp\/v2\/comments?post=2869"}],"wp:featuredmedia":[{"embeddable":true,"href":"https:\/\/customizedwaterbottles.com\/de\/wp-json\/wp\/v2\/media\/2870"}],"wp:attachment":[{"href":"https:\/\/customizedwaterbottles.com\/de\/wp-json\/wp\/v2\/media?parent=2869"}],"wp:term":[{"taxonomy":"product_brand","embeddable":true,"href":"https:\/\/customizedwaterbottles.com\/de\/wp-json\/wp\/v2\/product_brand?post=2869"},{"taxonomy":"product_cat","embeddable":true,"href":"https:\/\/customizedwaterbottles.com\/de\/wp-json\/wp\/v2\/product_cat?post=2869"},{"taxonomy":"product_tag","embeddable":true,"href":"https:\/\/customizedwaterbottles.com\/de\/wp-json\/wp\/v2\/product_tag?post=2869"}],"curies":[{"name":"wp","href":"https:\/\/api.w.org\/{rel}","templated":true}]}}