{"id":2912,"date":"2025-07-16T03:20:01","date_gmt":"2025-07-16T03:20:01","guid":{"rendered":"https:\/\/customizedwaterbottles.com\/?post_type=product&#038;p=2912"},"modified":"2025-07-16T04:47:41","modified_gmt":"2025-07-16T04:47:41","slug":"classic-vacuum-insulated-500ml-coffee-cups-with-flip-up-lid","status":"publish","type":"product","link":"https:\/\/customizedwaterbottles.com\/de\/product\/classic-vacuum-insulated-500ml-coffee-cups-with-flip-up-lid\/","title":{"rendered":"Klassische vakuumisolierte 500-ml-Kaffeetassen mit Flip-up-Deckel 1081614T"},"content":{"rendered":"<table>\n<tbody>\n<tr>\n<td width=\"426\">Name des Produkts<\/td>\n<td width=\"426\">Classic Vacuum Insulated 500ml Coffee Cups With Flip Up Lid<\/td>\n<\/tr>\n<tr>\n<td width=\"426\">Kapazit\u00e4t<\/td>\n<td width=\"426\">450ml<\/td>\n<\/tr>\n<tr>\n<td width=\"426\">Material<\/td>\n<td width=\"426\">Doppelwandiger Edelstahl<\/td>\n<\/tr>\n<tr>\n<td width=\"426\">Farbe<\/td>\n<td width=\"426\">Gl\u00e4nzende Lackierung, matte Lackierung, Pulverbeschichtung usw.<\/td>\n<\/tr>\n<tr>\n<td width=\"426\">Logo<\/td>\n<td width=\"426\">Siebdruck, Thermotransferdruck, Lasergravur, Wassertransfer usw.<\/td>\n<\/tr>\n<tr>\n<td width=\"426\">MOQ<\/td>\n<td width=\"426\">50St\u00fcck<\/td>\n<\/tr>\n<tr>\n<td width=\"426\">Probezeit<\/td>\n<td width=\"426\">3-7 Tage f\u00fcr individuelle Gestaltung<\/td>\n<\/tr>\n<tr>\n<td width=\"426\">Zertifizierung<\/td>\n<td width=\"426\">FDA, LFGB<\/td>\n<\/tr>\n<tr>\n<td width=\"426\">Verpacken<\/td>\n<td width=\"426\">Wei\u00dfe Schachtel, farbige Schachtel oder Schachtel mit individuellem Design<\/td>\n<\/tr>\n<tr>\n<td width=\"426\">Produktionskapazit\u00e4t<\/td>\n<td width=\"426\">500.000 Exemplare pro Monat<\/td>\n<\/tr>\n<tr>\n<td width=\"426\">Lieferfrist<\/td>\n<td width=\"426\">25-35 Tage f\u00fcr Mengen unter 20.000 St\u00fcck<\/td>\n<\/tr>\n<\/tbody>\n<\/table>\n<h2><strong>Why Choose Ifun Thermos Coffee Cups?<\/strong><\/h2>\n<p><span style=\"color: #000000;\"><strong>1. ganzt\u00e4gige Temperaturkontrolle<\/strong><\/span><\/p>\n<p>Die doppelwandige Vakuumisolierung von Ifun h\u00e4lt die Temperatur viel l\u00e4nger aufrecht als herk\u00f6mmliche Flaschen. Ob bei der Arbeit, beim Lernen, auf Reisen oder bei Abenteuern im Freien - Sie k\u00f6nnen Ihre Getr\u00e4nke jederzeit bei der perfekten Temperatur genie\u00dfen.<\/p>\n<p><span style=\"color: #000000;\"><strong>2. robuste Bauweise mit hochwertigen Materialien<\/strong><\/span><\/p>\n<p>Innen und au\u00dfen aus hochwertigem, lebensmittelechtem 304er-Edelstahl gefertigt, ist er sicher f\u00fcr alle Getr\u00e4nke, hat keinen seltsamen Geschmack und ist besonders widerstandsf\u00e4hig gegen Dellen und Kratzer.<\/p>\n<p><span style=\"color: #000000;\"><strong>3. einzigartiges Deckeldesign<\/strong><\/span><\/p>\n<p>Ifun Wasserflaschen kommt mit auslaufsicheren Deckel, k\u00f6nnen Sie es im Freien f\u00fcr Reisen gehen, egal gehen \u00fcberall ohne Sorgen.<\/p>\n<p><span style=\"color: #000000;\"><strong>4. mehrere Kapazit\u00e4ten zur Auswahl<\/strong><\/span><\/p>\n<p>With the capacity of 450ml, this tumbler is perfect for heavy drinkers, fitness lovers, or desk-bound professionals.<\/p>\n<p><span style=\"color: #000000;\"><strong>5. schwei\u00dffreies \u00c4u\u00dferes<\/strong><\/span><\/p>\n<p>Unsere vakuumisolierte Isolierflasche h\u00e4lt nicht nur die Getr\u00e4nke kalt, sondern auch die Au\u00dfenseite trocken. Sie m\u00fcssen sich keine Sorgen machen, dass Kondenswasser von kalten Getr\u00e4nken Ihre H\u00e4nde oder den Tisch nass macht.<\/p>\n<p><span style=\"color: #000000;\"><strong>6.15Jahre+ Erfahrung in der Produktion<\/strong><\/span><\/p>\n<p>Ifun konzentriert sich seit mehr als 15 Jahren auf Getr\u00e4nkeprodukte. Zu unseren Produkten geh\u00f6ren Edelstahlbecher, vakuumisolierte Wasserflaschen, Reisebecher, Thermosbecher usw. Wir haben professionelle Teams, um sicherzustellen, dass die Produkte in hoher Qualit\u00e4t.<\/p>\n<p><span style=\"color: #000000;\"><strong>7. OEM &amp; ODM Service verf\u00fcgbar<\/strong><\/span><\/p>\n<p>Als Hersteller von Edelstahlflaschen bietet Ifun OEM- und ODM-Service f\u00fcr unsere Kunden. Egal Farben, Logos, Pakete oder Gr\u00f6\u00dfen, k\u00f6nnen wir auch f\u00fcr Sie anpassen.<\/p>\n<p><img decoding=\"async\" class=\"alignnone size-medium wp-image-2921\" src=\"https:\/\/customizedwaterbottles.com\/wp-content\/uploads\/2025\/07\/coffee-cups-4.webp\" alt=\"\" width=\"790\" height=\"632\" srcset=\"https:\/\/customizedwaterbottles.com\/wp-content\/uploads\/2025\/07\/coffee-cups-4.webp 790w, https:\/\/customizedwaterbottles.com\/wp-content\/uploads\/2025\/07\/coffee-cups-4-768x614.webp 768w, https:\/\/customizedwaterbottles.com\/wp-content\/uploads\/2025\/07\/coffee-cups-4-600x480.webp 600w\" sizes=\"(max-width: 790px) 100vw, 790px\" \/> <img decoding=\"async\" class=\"alignnone size-medium wp-image-2922\" src=\"https:\/\/customizedwaterbottles.com\/wp-content\/uploads\/2025\/07\/coffee-cups-11.webp\" alt=\"\" width=\"1080\" height=\"1080\" srcset=\"https:\/\/customizedwaterbottles.com\/wp-content\/uploads\/2025\/07\/coffee-cups-11.webp 1080w, https:\/\/customizedwaterbottles.com\/wp-content\/uploads\/2025\/07\/coffee-cups-11-1024x1024.webp 1024w, https:\/\/customizedwaterbottles.com\/wp-content\/uploads\/2025\/07\/coffee-cups-11-768x768.webp 768w, https:\/\/customizedwaterbottles.com\/wp-content\/uploads\/2025\/07\/coffee-cups-11-300x300.webp 300w, https:\/\/customizedwaterbottles.com\/wp-content\/uploads\/2025\/07\/coffee-cups-11-600x600.webp 600w, https:\/\/customizedwaterbottles.com\/wp-content\/uploads\/2025\/07\/coffee-cups-11-100x100.webp 100w\" sizes=\"(max-width: 1080px) 100vw, 1080px\" \/> <img decoding=\"async\" class=\"alignnone size-medium wp-image-2923\" src=\"https:\/\/customizedwaterbottles.com\/wp-content\/uploads\/2025\/07\/coffee-cups-12.webp\" alt=\"\" width=\"1080\" height=\"1080\" srcset=\"https:\/\/customizedwaterbottles.com\/wp-content\/uploads\/2025\/07\/coffee-cups-12.webp 1080w, https:\/\/customizedwaterbottles.com\/wp-content\/uploads\/2025\/07\/coffee-cups-12-1024x1024.webp 1024w, https:\/\/customizedwaterbottles.com\/wp-content\/uploads\/2025\/07\/coffee-cups-12-768x768.webp 768w, https:\/\/customizedwaterbottles.com\/wp-content\/uploads\/2025\/07\/coffee-cups-12-300x300.webp 300w, https:\/\/customizedwaterbottles.com\/wp-content\/uploads\/2025\/07\/coffee-cups-12-600x600.webp 600w, https:\/\/customizedwaterbottles.com\/wp-content\/uploads\/2025\/07\/coffee-cups-12-100x100.webp 100w\" sizes=\"(max-width: 1080px) 100vw, 1080px\" \/> <img decoding=\"async\" class=\"alignnone size-medium wp-image-2924\" src=\"https:\/\/customizedwaterbottles.com\/wp-content\/uploads\/2025\/07\/coffee-cups-13.webp\" alt=\"\" width=\"1080\" height=\"1080\" srcset=\"https:\/\/customizedwaterbottles.com\/wp-content\/uploads\/2025\/07\/coffee-cups-13.webp 1080w, https:\/\/customizedwaterbottles.com\/wp-content\/uploads\/2025\/07\/coffee-cups-13-1024x1024.webp 1024w, https:\/\/customizedwaterbottles.com\/wp-content\/uploads\/2025\/07\/coffee-cups-13-768x768.webp 768w, https:\/\/customizedwaterbottles.com\/wp-content\/uploads\/2025\/07\/coffee-cups-13-300x300.webp 300w, https:\/\/customizedwaterbottles.com\/wp-content\/uploads\/2025\/07\/coffee-cups-13-600x600.webp 600w, https:\/\/customizedwaterbottles.com\/wp-content\/uploads\/2025\/07\/coffee-cups-13-100x100.webp 100w\" sizes=\"(max-width: 1080px) 100vw, 1080px\" \/> <img decoding=\"async\" class=\"alignnone size-medium wp-image-2925\" src=\"https:\/\/customizedwaterbottles.com\/wp-content\/uploads\/2025\/07\/coffee-cups-14.webp\" alt=\"\" width=\"1000\" height=\"1000\" srcset=\"https:\/\/customizedwaterbottles.com\/wp-content\/uploads\/2025\/07\/coffee-cups-14.webp 1000w, https:\/\/customizedwaterbottles.com\/wp-content\/uploads\/2025\/07\/coffee-cups-14-768x768.webp 768w, https:\/\/customizedwaterbottles.com\/wp-content\/uploads\/2025\/07\/coffee-cups-14-300x300.webp 300w, https:\/\/customizedwaterbottles.com\/wp-content\/uploads\/2025\/07\/coffee-cups-14-600x600.webp 600w, https:\/\/customizedwaterbottles.com\/wp-content\/uploads\/2025\/07\/coffee-cups-14-100x100.webp 100w\" sizes=\"(max-width: 1000px) 100vw, 1000px\" \/><img decoding=\"async\" class=\"alignnone size-medium wp-image-2920\" src=\"https:\/\/customizedwaterbottles.com\/wp-content\/uploads\/2025\/07\/coffee-cups-2.webp\" alt=\"\" width=\"750\" height=\"750\" srcset=\"https:\/\/customizedwaterbottles.com\/wp-content\/uploads\/2025\/07\/coffee-cups-2.webp 750w, https:\/\/customizedwaterbottles.com\/wp-content\/uploads\/2025\/07\/coffee-cups-2-300x300.webp 300w, https:\/\/customizedwaterbottles.com\/wp-content\/uploads\/2025\/07\/coffee-cups-2-600x600.webp 600w, https:\/\/customizedwaterbottles.com\/wp-content\/uploads\/2025\/07\/coffee-cups-2-100x100.webp 100w\" sizes=\"(max-width: 750px) 100vw, 750px\" \/><\/p>","protected":false},"excerpt":{"rendered":"<h3><strong>Produktmerkmale:<\/strong><\/h3>\n<ul>\n<li><strong>Hervorragende Temperaturspeicherung:<\/strong> Features double-wall vacuum insulation technology, effectively keeping hot beverages like coffee hot for hours and cold drinks chilled for hours too.<\/li>\n<li><strong>Convenient Flip-Up Lid:<\/strong> Equipped with an easy-to-use, flip up lid that flips open smoothly with one hand for drinking and snaps securely shut to prevent leaks during travel.<\/li>\n<li><strong>500ml Capacity:<\/strong> Offers a substantial 450ml volume, perfect for coffee, tea, or other beverage, reducing the need for frequent refills.<\/li>\n<li><strong>Leak-Proof Design:<\/strong> Designed with a secure silicone seal inside the lid, ensuring a tight closure to prevent leaks and spills when closed, even when tipped over.<\/li>\n<li><strong>Langlebige Konstruktion aus rostfreiem Stahl:<\/strong> Hergestellt aus hochwertigem, lebensmittelechtem 18\/8-Edelstahl, der rost- und korrosionsbest\u00e4ndig ist, keine Dellen aufweist und keinen Geschmack oder Geruch annimmt.<\/li>\n<li><strong>Schwei\u00dffestes \u00c4u\u00dferes:<\/strong> Die vakuumisolierte Struktur verhindert die Bildung von Kondenswasser an der Au\u00dfenwand. So bleiben die H\u00e4nde trocken und die Oberfl\u00e4chen sauber, egal ob man ein kaltes oder ein hei\u00dfes Getr\u00e4nk in der Hand h\u00e4lt.<\/li>\n<\/ul>\n<h3><strong>Kundenspezifische Dienstleistungen:<\/strong><\/h3>\n<ul>\n<li><strong>Logo und Gestaltung:<\/strong> Ifun-Edelstahlflaschen unterst\u00fctzen Ihr Markenlogo. Wir k\u00f6nnen Ihr Logo &amp; Design mit Siebdruck, Lasergravur, W\u00e4rme\u00fcbertragung, 3D-Druck, UV-Druck usw. machen.<\/li>\n<li><strong>Farbe:<\/strong> Die Farben k\u00f6nnen entsprechend der Pantone-Farbnummer angepasst werden, wir k\u00f6nnen sie mit matter Oberfl\u00e4che, gl\u00e4nzender Lackierung, Pulverbeschichtung usw. ausf\u00fchren.<\/li>\n<li><strong>Kapazit\u00e4t:<\/strong> We have 450ml capacity, other capacity we can also custom for you.<\/li>\n<li><strong>Deckel: <\/strong>100% BPA FREE auslaufsicherer Deckel, die Farbe kann angepasst werden.<\/li>\n<li><strong>Paket: <\/strong>Farbige Schachtel, wei\u00dfe Schachtel, Geschenkschachtel, braune Kartonschachtel, Zylinderschachtel usw.<\/li>\n<\/ul>","protected":false},"featured_media":2913,"comment_status":"open","ping_status":"closed","template":"","meta":[],"product_brand":[],"product_cat":[23],"product_tag":[112,113,114],"class_list":{"0":"post-2912","1":"product","2":"type-product","3":"status-publish","4":"has-post-thumbnail","6":"product_cat-insulated-tumblers-mugs","7":"product_tag-450ml-coffee-cups","8":"product_tag-stainless-steel-coffee-mugs","9":"product_tag-vacuum-bottles","11":"first","12":"instock","13":"shipping-taxable","14":"product-type-simple"},"yoast_head":"<!-- This site is optimized with the Yoast SEO plugin v25.4 - https:\/\/yoast.com\/wordpress\/plugins\/seo\/ -->\n<title>Classic Vacuum Insulated 500ml Coffee Cups With Flip Up Lid<\/title>\n<meta name=\"description\" content=\"Classic design coffee cups, double wall thermal insulation structure, which can keep drinks hot or cold for several hours. Flip up lid is very convenient.\" \/>\n<meta name=\"robots\" content=\"index, follow, max-snippet:-1, max-image-preview:large, max-video-preview:-1\" \/>\n<link rel=\"canonical\" href=\"https:\/\/customizedwaterbottles.com\/de\/product\/classic-vacuum-insulated-500ml-coffee-cups-with-flip-up-lid\/\" \/>\n<meta property=\"og:locale\" content=\"de_DE\" \/>\n<meta property=\"og:type\" content=\"article\" \/>\n<meta property=\"og:title\" content=\"Classic Vacuum Insulated 500ml Coffee Cups With Flip Up Lid\" \/>\n<meta property=\"og:description\" content=\"Classic design coffee cups, double wall thermal insulation structure, which can keep drinks hot or cold for several hours. Flip up lid is very convenient.\" \/>\n<meta property=\"og:url\" content=\"https:\/\/customizedwaterbottles.com\/de\/product\/classic-vacuum-insulated-500ml-coffee-cups-with-flip-up-lid\/\" \/>\n<meta property=\"og:site_name\" content=\"iFun\" \/>\n<meta property=\"article:modified_time\" content=\"2025-07-16T04:47:41+00:00\" \/>\n<meta property=\"og:image\" content=\"https:\/\/customizedwaterbottles.com\/wp-content\/uploads\/2025\/07\/coffee-cups-10.webp\" \/>\n\t<meta property=\"og:image:width\" content=\"1000\" \/>\n\t<meta property=\"og:image:height\" content=\"1000\" \/>\n\t<meta property=\"og:image:type\" content=\"image\/webp\" \/>\n<meta name=\"twitter:card\" content=\"summary_large_image\" \/>\n<meta name=\"twitter:label1\" content=\"Gesch\u00e4tzte Lesezeit\" \/>\n\t<meta name=\"twitter:data1\" content=\"3\u00a0Minuten\" \/>\n<script type=\"application\/ld+json\" class=\"yoast-schema-graph\">{\"@context\":\"https:\/\/schema.org\",\"@graph\":[{\"@type\":\"WebPage\",\"@id\":\"https:\/\/customizedwaterbottles.com\/product\/classic-vacuum-insulated-500ml-coffee-cups-with-flip-up-lid\/\",\"url\":\"https:\/\/customizedwaterbottles.com\/product\/classic-vacuum-insulated-500ml-coffee-cups-with-flip-up-lid\/\",\"name\":\"Classic Vacuum Insulated 500ml Coffee Cups With Flip Up Lid\",\"isPartOf\":{\"@id\":\"https:\/\/customizedwaterbottles.com\/#website\"},\"primaryImageOfPage\":{\"@id\":\"https:\/\/customizedwaterbottles.com\/product\/classic-vacuum-insulated-500ml-coffee-cups-with-flip-up-lid\/#primaryimage\"},\"image\":{\"@id\":\"https:\/\/customizedwaterbottles.com\/product\/classic-vacuum-insulated-500ml-coffee-cups-with-flip-up-lid\/#primaryimage\"},\"thumbnailUrl\":\"https:\/\/customizedwaterbottles.com\/wp-content\/uploads\/2025\/07\/coffee-cups-10.webp\",\"datePublished\":\"2025-07-16T03:20:01+00:00\",\"dateModified\":\"2025-07-16T04:47:41+00:00\",\"description\":\"Classic design coffee cups, double wall thermal insulation structure, which can keep drinks hot or cold for several hours. Flip up lid is very convenient.\",\"breadcrumb\":{\"@id\":\"https:\/\/customizedwaterbottles.com\/product\/classic-vacuum-insulated-500ml-coffee-cups-with-flip-up-lid\/#breadcrumb\"},\"inLanguage\":\"de\",\"potentialAction\":[{\"@type\":\"ReadAction\",\"target\":[\"https:\/\/customizedwaterbottles.com\/product\/classic-vacuum-insulated-500ml-coffee-cups-with-flip-up-lid\/\"]}]},{\"@type\":\"ImageObject\",\"inLanguage\":\"de\",\"@id\":\"https:\/\/customizedwaterbottles.com\/product\/classic-vacuum-insulated-500ml-coffee-cups-with-flip-up-lid\/#primaryimage\",\"url\":\"https:\/\/customizedwaterbottles.com\/wp-content\/uploads\/2025\/07\/coffee-cups-10.webp\",\"contentUrl\":\"https:\/\/customizedwaterbottles.com\/wp-content\/uploads\/2025\/07\/coffee-cups-10.webp\",\"width\":1000,\"height\":1000},{\"@type\":\"BreadcrumbList\",\"@id\":\"https:\/\/customizedwaterbottles.com\/product\/classic-vacuum-insulated-500ml-coffee-cups-with-flip-up-lid\/#breadcrumb\",\"itemListElement\":[{\"@type\":\"ListItem\",\"position\":1,\"name\":\"Home\",\"item\":\"https:\/\/customizedwaterbottles.com\/\"},{\"@type\":\"ListItem\",\"position\":2,\"name\":\"Products\",\"item\":\"https:\/\/customizedwaterbottles.com\/wholesale-drinkware-manufacturer-water-bottles-tumblers\/\"},{\"@type\":\"ListItem\",\"position\":3,\"name\":\"Classic Vacuum Insulated 500ml Coffee Cups With Flip Up Lid 1081614T\"}]},{\"@type\":\"WebSite\",\"@id\":\"https:\/\/customizedwaterbottles.com\/#website\",\"url\":\"https:\/\/customizedwaterbottles.com\/\",\"name\":\"iFun\",\"description\":\"Water Bottles Stainless Steel Vacuum Flask\",\"potentialAction\":[{\"@type\":\"SearchAction\",\"target\":{\"@type\":\"EntryPoint\",\"urlTemplate\":\"https:\/\/customizedwaterbottles.com\/?s={search_term_string}\"},\"query-input\":{\"@type\":\"PropertyValueSpecification\",\"valueRequired\":true,\"valueName\":\"search_term_string\"}}],\"inLanguage\":\"de\"}]}<\/script>\n<!-- \/ Yoast SEO plugin. -->","yoast_head_json":{"title":"Classic Vacuum Insulated 500ml Coffee Cups With Flip Up Lid","description":"Classic design coffee cups, double wall thermal insulation structure, which can keep drinks hot or cold for several hours. Flip up lid is very convenient.","robots":{"index":"index","follow":"follow","max-snippet":"max-snippet:-1","max-image-preview":"max-image-preview:large","max-video-preview":"max-video-preview:-1"},"canonical":"https:\/\/customizedwaterbottles.com\/de\/product\/classic-vacuum-insulated-500ml-coffee-cups-with-flip-up-lid\/","og_locale":"de_DE","og_type":"article","og_title":"Classic Vacuum Insulated 500ml Coffee Cups With Flip Up Lid","og_description":"Classic design coffee cups, double wall thermal insulation structure, which can keep drinks hot or cold for several hours. Flip up lid is very convenient.","og_url":"https:\/\/customizedwaterbottles.com\/de\/product\/classic-vacuum-insulated-500ml-coffee-cups-with-flip-up-lid\/","og_site_name":"iFun","article_modified_time":"2025-07-16T04:47:41+00:00","og_image":[{"width":1000,"height":1000,"url":"https:\/\/customizedwaterbottles.com\/wp-content\/uploads\/2025\/07\/coffee-cups-10.webp","type":"image\/webp"}],"twitter_card":"summary_large_image","twitter_misc":{"Gesch\u00e4tzte Lesezeit":"3\u00a0Minuten"},"schema":{"@context":"https:\/\/schema.org","@graph":[{"@type":"WebPage","@id":"https:\/\/customizedwaterbottles.com\/product\/classic-vacuum-insulated-500ml-coffee-cups-with-flip-up-lid\/","url":"https:\/\/customizedwaterbottles.com\/product\/classic-vacuum-insulated-500ml-coffee-cups-with-flip-up-lid\/","name":"Classic Vacuum Insulated 500ml Coffee Cups With Flip Up Lid","isPartOf":{"@id":"https:\/\/customizedwaterbottles.com\/#website"},"primaryImageOfPage":{"@id":"https:\/\/customizedwaterbottles.com\/product\/classic-vacuum-insulated-500ml-coffee-cups-with-flip-up-lid\/#primaryimage"},"image":{"@id":"https:\/\/customizedwaterbottles.com\/product\/classic-vacuum-insulated-500ml-coffee-cups-with-flip-up-lid\/#primaryimage"},"thumbnailUrl":"https:\/\/customizedwaterbottles.com\/wp-content\/uploads\/2025\/07\/coffee-cups-10.webp","datePublished":"2025-07-16T03:20:01+00:00","dateModified":"2025-07-16T04:47:41+00:00","description":"Classic design coffee cups, double wall thermal insulation structure, which can keep drinks hot or cold for several hours. Flip up lid is very convenient.","breadcrumb":{"@id":"https:\/\/customizedwaterbottles.com\/product\/classic-vacuum-insulated-500ml-coffee-cups-with-flip-up-lid\/#breadcrumb"},"inLanguage":"de","potentialAction":[{"@type":"ReadAction","target":["https:\/\/customizedwaterbottles.com\/product\/classic-vacuum-insulated-500ml-coffee-cups-with-flip-up-lid\/"]}]},{"@type":"ImageObject","inLanguage":"de","@id":"https:\/\/customizedwaterbottles.com\/product\/classic-vacuum-insulated-500ml-coffee-cups-with-flip-up-lid\/#primaryimage","url":"https:\/\/customizedwaterbottles.com\/wp-content\/uploads\/2025\/07\/coffee-cups-10.webp","contentUrl":"https:\/\/customizedwaterbottles.com\/wp-content\/uploads\/2025\/07\/coffee-cups-10.webp","width":1000,"height":1000},{"@type":"BreadcrumbList","@id":"https:\/\/customizedwaterbottles.com\/product\/classic-vacuum-insulated-500ml-coffee-cups-with-flip-up-lid\/#breadcrumb","itemListElement":[{"@type":"ListItem","position":1,"name":"Home","item":"https:\/\/customizedwaterbottles.com\/"},{"@type":"ListItem","position":2,"name":"Products","item":"https:\/\/customizedwaterbottles.com\/wholesale-drinkware-manufacturer-water-bottles-tumblers\/"},{"@type":"ListItem","position":3,"name":"Classic Vacuum Insulated 500ml Coffee Cups With Flip Up Lid 1081614T"}]},{"@type":"WebSite","@id":"https:\/\/customizedwaterbottles.com\/#website","url":"https:\/\/customizedwaterbottles.com\/","name":"iFun","description":"Water Bottles Stainless Steel Vacuum Flask","potentialAction":[{"@type":"SearchAction","target":{"@type":"EntryPoint","urlTemplate":"https:\/\/customizedwaterbottles.com\/?s={search_term_string}"},"query-input":{"@type":"PropertyValueSpecification","valueRequired":true,"valueName":"search_term_string"}}],"inLanguage":"de"}]}},"_links":{"self":[{"href":"https:\/\/customizedwaterbottles.com\/de\/wp-json\/wp\/v2\/product\/2912","targetHints":{"allow":["GET"]}}],"collection":[{"href":"https:\/\/customizedwaterbottles.com\/de\/wp-json\/wp\/v2\/product"}],"about":[{"href":"https:\/\/customizedwaterbottles.com\/de\/wp-json\/wp\/v2\/types\/product"}],"replies":[{"embeddable":true,"href":"https:\/\/customizedwaterbottles.com\/de\/wp-json\/wp\/v2\/comments?post=2912"}],"wp:featuredmedia":[{"embeddable":true,"href":"https:\/\/customizedwaterbottles.com\/de\/wp-json\/wp\/v2\/media\/2913"}],"wp:attachment":[{"href":"https:\/\/customizedwaterbottles.com\/de\/wp-json\/wp\/v2\/media?parent=2912"}],"wp:term":[{"taxonomy":"product_brand","embeddable":true,"href":"https:\/\/customizedwaterbottles.com\/de\/wp-json\/wp\/v2\/product_brand?post=2912"},{"taxonomy":"product_cat","embeddable":true,"href":"https:\/\/customizedwaterbottles.com\/de\/wp-json\/wp\/v2\/product_cat?post=2912"},{"taxonomy":"product_tag","embeddable":true,"href":"https:\/\/customizedwaterbottles.com\/de\/wp-json\/wp\/v2\/product_tag?post=2912"}],"curies":[{"name":"wp","href":"https:\/\/api.w.org\/{rel}","templated":true}]}}