{"id":2984,"date":"2025-07-17T02:56:17","date_gmt":"2025-07-17T02:56:17","guid":{"rendered":"https:\/\/customizedwaterbottles.com\/?post_type=product&#038;p=2984"},"modified":"2025-07-17T03:45:53","modified_gmt":"2025-07-17T03:45:53","slug":"kids-insulation-stainless-steel-tumbler-with-spill-resistant-flexible-straw","status":"publish","type":"product","link":"https:\/\/customizedwaterbottles.com\/de\/product\/kids-insulation-stainless-steel-tumbler-with-spill-resistant-flexible-straw\/","title":{"rendered":"Kinder Isolierung Edelstahl Becher mit auslaufsicheren flexiblen Strohhalm 1081612T"},"content":{"rendered":"<table>\n<tbody>\n<tr>\n<td width=\"426\">Name des Produkts<\/td>\n<td width=\"426\">Kinder Isolierung Edelstahl Becher mit Spill Resistant Flexible Straw<\/td>\n<\/tr>\n<tr>\n<td width=\"426\">Kapazit\u00e4t<\/td>\n<td width=\"426\">12oz<\/td>\n<\/tr>\n<tr>\n<td width=\"426\">Material<\/td>\n<td width=\"426\">Doppelwandiger Edelstahl<\/td>\n<\/tr>\n<tr>\n<td width=\"426\">Farbe<\/td>\n<td width=\"426\">Gl\u00e4nzende Lackierung, matte Lackierung, Pulverbeschichtung usw.<\/td>\n<\/tr>\n<tr>\n<td width=\"426\">Logo<\/td>\n<td width=\"426\">Siebdruck, Thermotransferdruck, Lasergravur, Wassertransfer usw.<\/td>\n<\/tr>\n<tr>\n<td width=\"426\">MOQ<\/td>\n<td width=\"426\">50St\u00fcck<\/td>\n<\/tr>\n<tr>\n<td width=\"426\">Probezeit<\/td>\n<td width=\"426\">3-7 Tage f\u00fcr individuelle Gestaltung<\/td>\n<\/tr>\n<tr>\n<td width=\"426\">Zertifizierung<\/td>\n<td width=\"426\">FDA, LFGB<\/td>\n<\/tr>\n<tr>\n<td width=\"426\">Verpacken<\/td>\n<td width=\"426\">Wei\u00dfe Schachtel, farbige Schachtel oder Schachtel mit individuellem Design<\/td>\n<\/tr>\n<tr>\n<td width=\"426\">Produktionskapazit\u00e4t<\/td>\n<td width=\"426\">500.000 Exemplare pro Monat<\/td>\n<\/tr>\n<tr>\n<td width=\"426\">Lieferfrist<\/td>\n<td width=\"426\">25-35 Tage f\u00fcr Mengen unter 20.000 St\u00fcck<\/td>\n<\/tr>\n<\/tbody>\n<\/table>\n<h2><strong>Why Choose Ifun Kids Insulation Stainless Steel Tumbler with Spill Resistant Flexible Straw?<\/strong><\/h2>\n<p><span style=\"color: #000000;\"><strong>1. ganzt\u00e4gige Temperaturkontrolle<\/strong><\/span><\/p>\n<p>Die doppelwandige Vakuumisolierung von Ifun h\u00e4lt die Temperatur viel l\u00e4nger aufrecht als herk\u00f6mmliche Flaschen. Ob bei der Arbeit, beim Lernen, auf Reisen oder bei Abenteuern im Freien - Sie k\u00f6nnen Ihre Getr\u00e4nke jederzeit bei der perfekten Temperatur genie\u00dfen.<\/p>\n<p><span style=\"color: #000000;\"><strong>2. robuste Bauweise mit hochwertigen Materialien<\/strong><\/span><\/p>\n<p>Innen und au\u00dfen aus hochwertigem, lebensmittelechtem 304er-Edelstahl gefertigt, ist er sicher f\u00fcr alle Getr\u00e4nke, hat keinen seltsamen Geschmack und ist besonders widerstandsf\u00e4hig gegen Dellen und Kratzer.<span class=\"a-list-item\">Insulated stainless steel keeps drinks cold during playtime and adventures, keep your cool this tumblr is not for use with hot, carbonated, or perishable liquids.<\/span><\/p>\n<p><span style=\"color: #000000;\"><strong>3. einzigartiges Deckeldesign<\/strong><\/span><\/p>\n<p>Ifun 12-ounce insulated stainless-steel tumbler that\u2019s easy to sip and easy to clean<br \/>\nSpill-resistant lid for less mess and stress; perfect for home, sipping in the booster seat, and chillin in the stroller cup holder.<br \/>\nRemovable, reusable straw that&#8217;s easy to clean: To remove the straw gasket, remove the lid, then push the straw through the lid from the top, and clean away, It&#8217;s that easy!<\/p>\n<p><span style=\"color: #000000;\"><strong>4. mehrere Kapazit\u00e4ten zur Auswahl<\/strong><\/span><\/p>\n<p>With the capacity of 450ml, this tumbler is perfect for heavy drinkers, fitness lovers, or desk-bound professionals.<\/p>\n<p><span style=\"color: #000000;\"><strong>5. schwei\u00dffreies \u00c4u\u00dferes<\/strong><\/span><\/p>\n<p>Unsere vakuumisolierte Isolierflasche h\u00e4lt nicht nur die Getr\u00e4nke kalt, sondern auch die Au\u00dfenseite trocken. Sie m\u00fcssen sich keine Sorgen machen, dass Kondenswasser von kalten Getr\u00e4nken Ihre H\u00e4nde oder den Tisch nass macht.<\/p>\n<p><span style=\"color: #000000;\"><strong>6.15Jahre+ Erfahrung in der Produktion<\/strong><\/span><\/p>\n<p>Ifun konzentriert sich seit mehr als 15 Jahren auf Getr\u00e4nkeprodukte. Zu unseren Produkten geh\u00f6ren Edelstahlbecher, vakuumisolierte Wasserflaschen, Reisebecher, Thermosbecher usw. Wir haben professionelle Teams, um sicherzustellen, dass die Produkte in hoher Qualit\u00e4t.<\/p>\n<p><span style=\"color: #000000;\"><strong>7. OEM &amp; ODM Service verf\u00fcgbar<\/strong><\/span><\/p>\n<p>Als Hersteller von Edelstahlflaschen bietet Ifun OEM- und ODM-Service f\u00fcr unsere Kunden. Egal Farben, Logos, Pakete oder Gr\u00f6\u00dfen, k\u00f6nnen wir auch f\u00fcr Sie anpassen.<\/p>\n<p><img decoding=\"async\" class=\"alignnone  wp-image-2987\" src=\"https:\/\/customizedwaterbottles.com\/wp-content\/uploads\/2025\/07\/owala-kids-tumbler-3.webp\" alt=\"\" width=\"799\" height=\"799\" srcset=\"https:\/\/customizedwaterbottles.com\/wp-content\/uploads\/2025\/07\/owala-kids-tumbler-3.webp 1200w, https:\/\/customizedwaterbottles.com\/wp-content\/uploads\/2025\/07\/owala-kids-tumbler-3-1024x1024.webp 1024w, https:\/\/customizedwaterbottles.com\/wp-content\/uploads\/2025\/07\/owala-kids-tumbler-3-768x768.webp 768w, https:\/\/customizedwaterbottles.com\/wp-content\/uploads\/2025\/07\/owala-kids-tumbler-3-300x300.webp 300w, https:\/\/customizedwaterbottles.com\/wp-content\/uploads\/2025\/07\/owala-kids-tumbler-3-600x600.webp 600w, https:\/\/customizedwaterbottles.com\/wp-content\/uploads\/2025\/07\/owala-kids-tumbler-3-100x100.webp 100w\" sizes=\"(max-width: 799px) 100vw, 799px\" \/><\/p>\n<p><img decoding=\"async\" class=\"alignnone size-medium wp-image-2986\" src=\"https:\/\/customizedwaterbottles.com\/wp-content\/uploads\/2025\/07\/owala-kids-tumbler-2.webp\" alt=\"\" width=\"800\" height=\"800\" srcset=\"https:\/\/customizedwaterbottles.com\/wp-content\/uploads\/2025\/07\/owala-kids-tumbler-2.webp 800w, https:\/\/customizedwaterbottles.com\/wp-content\/uploads\/2025\/07\/owala-kids-tumbler-2-768x768.webp 768w, https:\/\/customizedwaterbottles.com\/wp-content\/uploads\/2025\/07\/owala-kids-tumbler-2-300x300.webp 300w, https:\/\/customizedwaterbottles.com\/wp-content\/uploads\/2025\/07\/owala-kids-tumbler-2-600x600.webp 600w, https:\/\/customizedwaterbottles.com\/wp-content\/uploads\/2025\/07\/owala-kids-tumbler-2-100x100.webp 100w\" sizes=\"(max-width: 800px) 100vw, 800px\" \/> \u00a0<img decoding=\"async\" class=\"alignnone size-medium wp-image-2988\" src=\"https:\/\/customizedwaterbottles.com\/wp-content\/uploads\/2025\/07\/owala-kids-tumbler-4.webp\" alt=\"\" width=\"800\" height=\"800\" srcset=\"https:\/\/customizedwaterbottles.com\/wp-content\/uploads\/2025\/07\/owala-kids-tumbler-4.webp 800w, https:\/\/customizedwaterbottles.com\/wp-content\/uploads\/2025\/07\/owala-kids-tumbler-4-768x768.webp 768w, https:\/\/customizedwaterbottles.com\/wp-content\/uploads\/2025\/07\/owala-kids-tumbler-4-300x300.webp 300w, https:\/\/customizedwaterbottles.com\/wp-content\/uploads\/2025\/07\/owala-kids-tumbler-4-600x600.webp 600w, https:\/\/customizedwaterbottles.com\/wp-content\/uploads\/2025\/07\/owala-kids-tumbler-4-100x100.webp 100w\" sizes=\"(max-width: 800px) 100vw, 800px\" \/> <img decoding=\"async\" class=\"alignnone size-medium wp-image-2989\" src=\"https:\/\/customizedwaterbottles.com\/wp-content\/uploads\/2025\/07\/owala-kids-tumbler-5.webp\" alt=\"\" width=\"800\" height=\"800\" srcset=\"https:\/\/customizedwaterbottles.com\/wp-content\/uploads\/2025\/07\/owala-kids-tumbler-5.webp 800w, https:\/\/customizedwaterbottles.com\/wp-content\/uploads\/2025\/07\/owala-kids-tumbler-5-768x768.webp 768w, https:\/\/customizedwaterbottles.com\/wp-content\/uploads\/2025\/07\/owala-kids-tumbler-5-300x300.webp 300w, https:\/\/customizedwaterbottles.com\/wp-content\/uploads\/2025\/07\/owala-kids-tumbler-5-600x600.webp 600w, https:\/\/customizedwaterbottles.com\/wp-content\/uploads\/2025\/07\/owala-kids-tumbler-5-100x100.webp 100w\" sizes=\"(max-width: 800px) 100vw, 800px\" \/> <img decoding=\"async\" class=\"alignnone size-medium wp-image-2990\" src=\"https:\/\/customizedwaterbottles.com\/wp-content\/uploads\/2025\/07\/owala-kids-tumbler-6.webp\" alt=\"\" width=\"800\" height=\"800\" srcset=\"https:\/\/customizedwaterbottles.com\/wp-content\/uploads\/2025\/07\/owala-kids-tumbler-6.webp 800w, https:\/\/customizedwaterbottles.com\/wp-content\/uploads\/2025\/07\/owala-kids-tumbler-6-768x768.webp 768w, https:\/\/customizedwaterbottles.com\/wp-content\/uploads\/2025\/07\/owala-kids-tumbler-6-300x300.webp 300w, https:\/\/customizedwaterbottles.com\/wp-content\/uploads\/2025\/07\/owala-kids-tumbler-6-600x600.webp 600w, https:\/\/customizedwaterbottles.com\/wp-content\/uploads\/2025\/07\/owala-kids-tumbler-6-100x100.webp 100w\" sizes=\"(max-width: 800px) 100vw, 800px\" \/> <img decoding=\"async\" class=\"alignnone size-full wp-image-2985\" src=\"https:\/\/customizedwaterbottles.com\/wp-content\/uploads\/2025\/07\/owala-kids-tumbler-1.webp\" alt=\"\" width=\"800\" height=\"800\" srcset=\"https:\/\/customizedwaterbottles.com\/wp-content\/uploads\/2025\/07\/owala-kids-tumbler-1.webp 800w, https:\/\/customizedwaterbottles.com\/wp-content\/uploads\/2025\/07\/owala-kids-tumbler-1-768x768.webp 768w, https:\/\/customizedwaterbottles.com\/wp-content\/uploads\/2025\/07\/owala-kids-tumbler-1-300x300.webp 300w, https:\/\/customizedwaterbottles.com\/wp-content\/uploads\/2025\/07\/owala-kids-tumbler-1-600x600.webp 600w, https:\/\/customizedwaterbottles.com\/wp-content\/uploads\/2025\/07\/owala-kids-tumbler-1-100x100.webp 100w\" sizes=\"(max-width: 800px) 100vw, 800px\" \/><\/p>","protected":false},"excerpt":{"rendered":"<h3><strong>Produktmerkmale:<\/strong><\/h3>\n<ul>\n<li><strong>Hervorragende Temperaturspeicherung:<\/strong> Features double-wall vacuum insulation technology, effectively keeping hot beverages like coffee hot for hours and cold drinks chilled for hours too.<\/li>\n<li><strong>Convenient Flip-Up Lid:<\/strong> Equipped with an easy-to-use, flip up lid that flips open smoothly with one hand for drinking and snaps securely shut to prevent leaks during travel.<\/li>\n<li><strong>500ml Capacity:<\/strong> Offers a substantial 450ml volume, perfect for coffee, tea, or other beverage, reducing the need for frequent refills.<\/li>\n<li><strong>Leak-Proof Design:<\/strong> Designed with a secure silicone seal inside the lid, ensuring a tight closure to prevent leaks and spills when closed, even when tipped over.<\/li>\n<li><strong>Langlebige Konstruktion aus rostfreiem Stahl:<\/strong> Hergestellt aus hochwertigem, lebensmittelechtem 18\/8-Edelstahl, der rost- und korrosionsbest\u00e4ndig ist, keine Dellen aufweist und keinen Geschmack oder Geruch annimmt.<\/li>\n<li><strong>Schwei\u00dffestes \u00c4u\u00dferes:<\/strong> Die vakuumisolierte Struktur verhindert die Bildung von Kondenswasser an der Au\u00dfenwand. So bleiben die H\u00e4nde trocken und die Oberfl\u00e4chen sauber, egal ob man ein kaltes oder ein hei\u00dfes Getr\u00e4nk in der Hand h\u00e4lt.<\/li>\n<\/ul>\n<h3><strong>Kundenspezifische Dienstleistungen:<\/strong><\/h3>\n<ul>\n<li><strong>Logo und Gestaltung:<\/strong> Ifun-Edelstahlflaschen unterst\u00fctzen Ihr Markenlogo. Wir k\u00f6nnen Ihr Logo &amp; Design mit Siebdruck, Lasergravur, W\u00e4rme\u00fcbertragung, 3D-Druck, UV-Druck usw. machen.<\/li>\n<li><strong>Farbe:<\/strong> Die Farben k\u00f6nnen entsprechend der Pantone-Farbnummer angepasst werden, wir k\u00f6nnen sie mit matter Oberfl\u00e4che, gl\u00e4nzender Lackierung, Pulverbeschichtung usw. ausf\u00fchren.<\/li>\n<li><strong>Kapazit\u00e4t:<\/strong> We have 450ml capacity, other capacity we can also custom for you.<\/li>\n<li><strong>Deckel: <\/strong>100% BPA FREE auslaufsicherer Deckel, die Farbe kann angepasst werden.<\/li>\n<li><strong>Paket: <\/strong>Farbige Schachtel, wei\u00dfe Schachtel, Geschenkschachtel, braune Kartonschachtel, Zylinderschachtel usw.<\/li>\n<\/ul>","protected":false},"featured_media":2993,"comment_status":"open","ping_status":"closed","template":"","meta":[],"product_brand":[],"product_cat":[23,34],"product_tag":[116,117,115],"class_list":{"0":"post-2984","1":"product","2":"type-product","3":"status-publish","4":"has-post-thumbnail","6":"product_cat-insulated-tumblers-mugs","7":"product_cat-kids-drinkware","8":"product_tag-kids-insulation-stainless-steel-tumbler-with-spill-resistant-flexible-straw","9":"product_tag-kids-insulation-tumbler","10":"product_tag-kids-tumbler","12":"first","13":"instock","14":"shipping-taxable","15":"product-type-simple"},"yoast_head":"<!-- This site is optimized with the Yoast SEO plugin v25.4 - https:\/\/yoast.com\/wordpress\/plugins\/seo\/ -->\n<title>Kids Insulation Stainless Steel Tumbler with Spill Resistant Flexible Straw<\/title>\n<meta name=\"description\" content=\"12oz insulated stainless steel kids tumbler with spill-resistant flexible straw. Easy to clean, dishwasher safe &amp; perfect for travel. Keep drinks cold on the go!\" \/>\n<meta name=\"robots\" content=\"index, follow, max-snippet:-1, max-image-preview:large, max-video-preview:-1\" \/>\n<link rel=\"canonical\" href=\"https:\/\/customizedwaterbottles.com\/de\/product\/kids-insulation-stainless-steel-tumbler-with-spill-resistant-flexible-straw\/\" \/>\n<meta property=\"og:locale\" content=\"de_DE\" \/>\n<meta property=\"og:type\" content=\"article\" \/>\n<meta property=\"og:title\" content=\"Kids Insulation Stainless Steel Tumbler with Spill Resistant Flexible Straw\" \/>\n<meta property=\"og:description\" content=\"12oz insulated stainless steel kids tumbler with spill-resistant flexible straw. Easy to clean, dishwasher safe &amp; perfect for travel. Keep drinks cold on the go!\" \/>\n<meta property=\"og:url\" content=\"https:\/\/customizedwaterbottles.com\/de\/product\/kids-insulation-stainless-steel-tumbler-with-spill-resistant-flexible-straw\/\" \/>\n<meta property=\"og:site_name\" content=\"iFun\" \/>\n<meta property=\"article:modified_time\" content=\"2025-07-17T03:45:53+00:00\" \/>\n<meta property=\"og:image\" content=\"https:\/\/customizedwaterbottles.com\/wp-content\/uploads\/2025\/07\/owala-kids-tumbler-9.webp\" \/>\n\t<meta property=\"og:image:width\" content=\"1600\" \/>\n\t<meta property=\"og:image:height\" content=\"1600\" \/>\n\t<meta property=\"og:image:type\" content=\"image\/webp\" \/>\n<meta name=\"twitter:card\" content=\"summary_large_image\" \/>\n<meta name=\"twitter:label1\" content=\"Gesch\u00e4tzte Lesezeit\" \/>\n\t<meta name=\"twitter:data1\" content=\"3\u00a0Minuten\" \/>\n<script type=\"application\/ld+json\" class=\"yoast-schema-graph\">{\"@context\":\"https:\/\/schema.org\",\"@graph\":[{\"@type\":\"WebPage\",\"@id\":\"https:\/\/customizedwaterbottles.com\/product\/kids-insulation-stainless-steel-tumbler-with-spill-resistant-flexible-straw\/\",\"url\":\"https:\/\/customizedwaterbottles.com\/product\/kids-insulation-stainless-steel-tumbler-with-spill-resistant-flexible-straw\/\",\"name\":\"Kids Insulation Stainless Steel Tumbler with Spill Resistant Flexible Straw\",\"isPartOf\":{\"@id\":\"https:\/\/customizedwaterbottles.com\/#website\"},\"primaryImageOfPage\":{\"@id\":\"https:\/\/customizedwaterbottles.com\/product\/kids-insulation-stainless-steel-tumbler-with-spill-resistant-flexible-straw\/#primaryimage\"},\"image\":{\"@id\":\"https:\/\/customizedwaterbottles.com\/product\/kids-insulation-stainless-steel-tumbler-with-spill-resistant-flexible-straw\/#primaryimage\"},\"thumbnailUrl\":\"https:\/\/customizedwaterbottles.com\/wp-content\/uploads\/2025\/07\/owala-kids-tumbler-9.webp\",\"datePublished\":\"2025-07-17T02:56:17+00:00\",\"dateModified\":\"2025-07-17T03:45:53+00:00\",\"description\":\"12oz insulated stainless steel kids tumbler with spill-resistant flexible straw. Easy to clean, dishwasher safe & perfect for travel. Keep drinks cold on the go!\",\"breadcrumb\":{\"@id\":\"https:\/\/customizedwaterbottles.com\/product\/kids-insulation-stainless-steel-tumbler-with-spill-resistant-flexible-straw\/#breadcrumb\"},\"inLanguage\":\"de\",\"potentialAction\":[{\"@type\":\"ReadAction\",\"target\":[\"https:\/\/customizedwaterbottles.com\/product\/kids-insulation-stainless-steel-tumbler-with-spill-resistant-flexible-straw\/\"]}]},{\"@type\":\"ImageObject\",\"inLanguage\":\"de\",\"@id\":\"https:\/\/customizedwaterbottles.com\/product\/kids-insulation-stainless-steel-tumbler-with-spill-resistant-flexible-straw\/#primaryimage\",\"url\":\"https:\/\/customizedwaterbottles.com\/wp-content\/uploads\/2025\/07\/owala-kids-tumbler-9.webp\",\"contentUrl\":\"https:\/\/customizedwaterbottles.com\/wp-content\/uploads\/2025\/07\/owala-kids-tumbler-9.webp\",\"width\":1600,\"height\":1600},{\"@type\":\"BreadcrumbList\",\"@id\":\"https:\/\/customizedwaterbottles.com\/product\/kids-insulation-stainless-steel-tumbler-with-spill-resistant-flexible-straw\/#breadcrumb\",\"itemListElement\":[{\"@type\":\"ListItem\",\"position\":1,\"name\":\"Home\",\"item\":\"https:\/\/customizedwaterbottles.com\/\"},{\"@type\":\"ListItem\",\"position\":2,\"name\":\"Products\",\"item\":\"https:\/\/customizedwaterbottles.com\/wholesale-drinkware-manufacturer-water-bottles-tumblers\/\"},{\"@type\":\"ListItem\",\"position\":3,\"name\":\"Kids Insulation Stainless Steel Tumbler with Spill Resistant Flexible Straw 1081612T\"}]},{\"@type\":\"WebSite\",\"@id\":\"https:\/\/customizedwaterbottles.com\/#website\",\"url\":\"https:\/\/customizedwaterbottles.com\/\",\"name\":\"iFun\",\"description\":\"Water Bottles Stainless Steel Vacuum Flask\",\"potentialAction\":[{\"@type\":\"SearchAction\",\"target\":{\"@type\":\"EntryPoint\",\"urlTemplate\":\"https:\/\/customizedwaterbottles.com\/?s={search_term_string}\"},\"query-input\":{\"@type\":\"PropertyValueSpecification\",\"valueRequired\":true,\"valueName\":\"search_term_string\"}}],\"inLanguage\":\"de\"}]}<\/script>\n<!-- \/ Yoast SEO plugin. -->","yoast_head_json":{"title":"Kids Insulation Stainless Steel Tumbler with Spill Resistant Flexible Straw","description":"12oz insulated stainless steel kids tumbler with spill-resistant flexible straw. Easy to clean, dishwasher safe & perfect for travel. Keep drinks cold on the go!","robots":{"index":"index","follow":"follow","max-snippet":"max-snippet:-1","max-image-preview":"max-image-preview:large","max-video-preview":"max-video-preview:-1"},"canonical":"https:\/\/customizedwaterbottles.com\/de\/product\/kids-insulation-stainless-steel-tumbler-with-spill-resistant-flexible-straw\/","og_locale":"de_DE","og_type":"article","og_title":"Kids Insulation Stainless Steel Tumbler with Spill Resistant Flexible Straw","og_description":"12oz insulated stainless steel kids tumbler with spill-resistant flexible straw. Easy to clean, dishwasher safe & perfect for travel. Keep drinks cold on the go!","og_url":"https:\/\/customizedwaterbottles.com\/de\/product\/kids-insulation-stainless-steel-tumbler-with-spill-resistant-flexible-straw\/","og_site_name":"iFun","article_modified_time":"2025-07-17T03:45:53+00:00","og_image":[{"width":1600,"height":1600,"url":"https:\/\/customizedwaterbottles.com\/wp-content\/uploads\/2025\/07\/owala-kids-tumbler-9.webp","type":"image\/webp"}],"twitter_card":"summary_large_image","twitter_misc":{"Gesch\u00e4tzte Lesezeit":"3\u00a0Minuten"},"schema":{"@context":"https:\/\/schema.org","@graph":[{"@type":"WebPage","@id":"https:\/\/customizedwaterbottles.com\/product\/kids-insulation-stainless-steel-tumbler-with-spill-resistant-flexible-straw\/","url":"https:\/\/customizedwaterbottles.com\/product\/kids-insulation-stainless-steel-tumbler-with-spill-resistant-flexible-straw\/","name":"Kids Insulation Stainless Steel Tumbler with Spill Resistant Flexible Straw","isPartOf":{"@id":"https:\/\/customizedwaterbottles.com\/#website"},"primaryImageOfPage":{"@id":"https:\/\/customizedwaterbottles.com\/product\/kids-insulation-stainless-steel-tumbler-with-spill-resistant-flexible-straw\/#primaryimage"},"image":{"@id":"https:\/\/customizedwaterbottles.com\/product\/kids-insulation-stainless-steel-tumbler-with-spill-resistant-flexible-straw\/#primaryimage"},"thumbnailUrl":"https:\/\/customizedwaterbottles.com\/wp-content\/uploads\/2025\/07\/owala-kids-tumbler-9.webp","datePublished":"2025-07-17T02:56:17+00:00","dateModified":"2025-07-17T03:45:53+00:00","description":"12oz insulated stainless steel kids tumbler with spill-resistant flexible straw. Easy to clean, dishwasher safe & perfect for travel. Keep drinks cold on the go!","breadcrumb":{"@id":"https:\/\/customizedwaterbottles.com\/product\/kids-insulation-stainless-steel-tumbler-with-spill-resistant-flexible-straw\/#breadcrumb"},"inLanguage":"de","potentialAction":[{"@type":"ReadAction","target":["https:\/\/customizedwaterbottles.com\/product\/kids-insulation-stainless-steel-tumbler-with-spill-resistant-flexible-straw\/"]}]},{"@type":"ImageObject","inLanguage":"de","@id":"https:\/\/customizedwaterbottles.com\/product\/kids-insulation-stainless-steel-tumbler-with-spill-resistant-flexible-straw\/#primaryimage","url":"https:\/\/customizedwaterbottles.com\/wp-content\/uploads\/2025\/07\/owala-kids-tumbler-9.webp","contentUrl":"https:\/\/customizedwaterbottles.com\/wp-content\/uploads\/2025\/07\/owala-kids-tumbler-9.webp","width":1600,"height":1600},{"@type":"BreadcrumbList","@id":"https:\/\/customizedwaterbottles.com\/product\/kids-insulation-stainless-steel-tumbler-with-spill-resistant-flexible-straw\/#breadcrumb","itemListElement":[{"@type":"ListItem","position":1,"name":"Home","item":"https:\/\/customizedwaterbottles.com\/"},{"@type":"ListItem","position":2,"name":"Products","item":"https:\/\/customizedwaterbottles.com\/wholesale-drinkware-manufacturer-water-bottles-tumblers\/"},{"@type":"ListItem","position":3,"name":"Kids Insulation Stainless Steel Tumbler with Spill Resistant Flexible Straw 1081612T"}]},{"@type":"WebSite","@id":"https:\/\/customizedwaterbottles.com\/#website","url":"https:\/\/customizedwaterbottles.com\/","name":"iFun","description":"Water Bottles Stainless Steel Vacuum Flask","potentialAction":[{"@type":"SearchAction","target":{"@type":"EntryPoint","urlTemplate":"https:\/\/customizedwaterbottles.com\/?s={search_term_string}"},"query-input":{"@type":"PropertyValueSpecification","valueRequired":true,"valueName":"search_term_string"}}],"inLanguage":"de"}]}},"_links":{"self":[{"href":"https:\/\/customizedwaterbottles.com\/de\/wp-json\/wp\/v2\/product\/2984","targetHints":{"allow":["GET"]}}],"collection":[{"href":"https:\/\/customizedwaterbottles.com\/de\/wp-json\/wp\/v2\/product"}],"about":[{"href":"https:\/\/customizedwaterbottles.com\/de\/wp-json\/wp\/v2\/types\/product"}],"replies":[{"embeddable":true,"href":"https:\/\/customizedwaterbottles.com\/de\/wp-json\/wp\/v2\/comments?post=2984"}],"wp:featuredmedia":[{"embeddable":true,"href":"https:\/\/customizedwaterbottles.com\/de\/wp-json\/wp\/v2\/media\/2993"}],"wp:attachment":[{"href":"https:\/\/customizedwaterbottles.com\/de\/wp-json\/wp\/v2\/media?parent=2984"}],"wp:term":[{"taxonomy":"product_brand","embeddable":true,"href":"https:\/\/customizedwaterbottles.com\/de\/wp-json\/wp\/v2\/product_brand?post=2984"},{"taxonomy":"product_cat","embeddable":true,"href":"https:\/\/customizedwaterbottles.com\/de\/wp-json\/wp\/v2\/product_cat?post=2984"},{"taxonomy":"product_tag","embeddable":true,"href":"https:\/\/customizedwaterbottles.com\/de\/wp-json\/wp\/v2\/product_tag?post=2984"}],"curies":[{"name":"wp","href":"https:\/\/api.w.org\/{rel}","templated":true}]}}