{"id":3157,"date":"2025-07-21T04:22:05","date_gmt":"2025-07-21T04:22:05","guid":{"rendered":"https:\/\/customizedwaterbottles.com\/?post_type=product&#038;p=3157"},"modified":"2025-08-26T06:36:33","modified_gmt":"2025-08-26T06:36:33","slug":"custom-insulated-stainless-steel-water-bottle-with-straw-spout-lids-paracord-handle","status":"publish","type":"product","link":"https:\/\/customizedwaterbottles.com\/de\/product\/custom-insulated-stainless-steel-water-bottle-with-straw-spout-lids-paracord-handle\/","title":{"rendered":"Custom isoliert Edelstahl Wasserflasche mit Strohhalm &amp; Spout Deckel, Paracord Griff 1081613W"},"content":{"rendered":"<table>\n<tbody>\n<tr>\n<td width=\"426\">Name des Produkts<\/td>\n<td width=\"426\">Custom Insulated Stainless Steel Water Bottle With Straw &amp; Spout Lids, Paracord Handle<\/td>\n<\/tr>\n<tr>\n<td width=\"426\">Kapazit\u00e4t<\/td>\n<td width=\"426\">18oz 22oz 24oz 32oz 40oz<\/td>\n<\/tr>\n<tr>\n<td width=\"426\">Material<\/td>\n<td width=\"426\">Doppelwandiger Edelstahl<\/td>\n<\/tr>\n<tr>\n<td width=\"426\">Farbe<\/td>\n<td width=\"426\">Gl\u00e4nzende Lackierung, matte Lackierung, Pulverbeschichtung usw.<\/td>\n<\/tr>\n<tr>\n<td width=\"426\">Logo<\/td>\n<td width=\"426\">Siebdruck, Thermotransferdruck, Lasergravur, Wassertransfer usw.<\/td>\n<\/tr>\n<tr>\n<td width=\"426\">MOQ<\/td>\n<td width=\"426\">50St\u00fcck<\/td>\n<\/tr>\n<tr>\n<td width=\"426\">Probezeit<\/td>\n<td width=\"426\">3-7 Tage f\u00fcr individuelle Gestaltung<\/td>\n<\/tr>\n<tr>\n<td width=\"426\">Zertifizierung<\/td>\n<td width=\"426\">FDA, LFGB<\/td>\n<\/tr>\n<tr>\n<td width=\"426\">Verpacken<\/td>\n<td width=\"426\">Wei\u00dfe Schachtel, farbige Schachtel oder Schachtel mit individuellem Design<\/td>\n<\/tr>\n<tr>\n<td width=\"426\">Produktionskapazit\u00e4t<\/td>\n<td width=\"426\">500.000 Exemplare pro Monat<\/td>\n<\/tr>\n<tr>\n<td width=\"426\">Lieferfrist<\/td>\n<td width=\"426\">25-35 Tage f\u00fcr Mengen unter 20.000 St\u00fcck<\/td>\n<\/tr>\n<\/tbody>\n<\/table>\n<h2><strong>Why Choose Ifun Custom <\/strong><strong>Vacuum <\/strong><strong>Insulated Stainless Steel Water Bottle With Straw &amp; Spout Lids, Paracord Handle?<\/strong><\/h2>\n<p><strong>1. ganzt\u00e4gige Temperaturkontrolle<\/strong><\/p>\n<p>Die doppelwandige Vakuumisolierung von Ifun h\u00e4lt die Temperatur viel l\u00e4nger aufrecht als herk\u00f6mmliche Flaschen. Ob bei der Arbeit, beim Lernen, auf Reisen oder bei Abenteuern im Freien - Sie k\u00f6nnen Ihre Getr\u00e4nke jederzeit bei der perfekten Temperatur genie\u00dfen.<\/p>\n<p><strong>2. robuste Bauweise mit hochwertigen Materialien<\/strong><\/p>\n<p>Innen und au\u00dfen aus hochwertigem, lebensmittelechtem 304er-Edelstahl gefertigt, ist er sicher f\u00fcr alle Getr\u00e4nke, hat keinen seltsamen Geschmack und ist besonders widerstandsf\u00e4hig gegen Dellen und Kratzer.<\/p>\n<p><strong>3.Unique Convenient Paracord Handle Carry Rope Design<\/strong><\/p>\n<p>Bright color paracord matches the flask water bottle to give you a youthful vibe while adding a personal style. With a compass, safety loop, metal carabiner, flint, igniter and whistle to become your survival tool, making the 32 oz stainless steel water bottle with paracord an ideal survival kit for expeditions in the wild<\/p>\n<p><span class=\"a-list-item\">Sch\u00fctzender, auslaufsicherer Drehverschluss; praktische Trageschlaufe f\u00fcr einfachen Transport<\/span><\/p>\n<p><strong>4.2 Kapazit\u00e4t, weniger Nachf\u00fcllungen<\/strong><\/p>\n<p>Mit einem Fassungsverm\u00f6gen von 18 oz 24 oz l\u00f6scht sie Ihren Durst einen halben Tag lang! Diese Thermoskanne ist perfekt f\u00fcr Vieltrinker, Fitnessliebhaber oder Berufst\u00e4tige, die am Schreibtisch sitzen. Einmal bef\u00fcllen und ohne st\u00e4ndiges Nachf\u00fcllen hydriert bleiben - praktisch und effizient.<\/p>\n<p><strong>5. schwei\u00dffreies \u00c4u\u00dferes<\/strong><\/p>\n<p>Unsere vakuumisolierte Isolierflasche h\u00e4lt nicht nur die Getr\u00e4nke kalt, sondern auch die Au\u00dfenseite trocken. Sie m\u00fcssen sich keine Sorgen machen, dass Kondenswasser von kalten Getr\u00e4nken Ihre H\u00e4nde oder den Tisch nass macht.<\/p>\n<p><strong>6.15Jahre+ Erfahrung in der Produktion<\/strong><\/p>\n<p>Ifun konzentriert sich seit mehr als 15 Jahren auf Getr\u00e4nkeprodukte. Zu unseren Produkten geh\u00f6ren Edelstahlbecher, vakuumisolierte Wasserflaschen, Reisebecher, Thermosbecher usw. Wir haben professionelle Teams, um sicherzustellen, dass die Produkte in hoher Qualit\u00e4t.<\/p>\n<p>7. OEM &amp; ODM Service verf\u00fcgbar<\/p>\n<p>Als Hersteller von Edelstahlflaschen bietet Ifun OEM- und ODM-Service f\u00fcr unsere Kunden. Egal Farben, Logos, Pakete oder Gr\u00f6\u00dfen, k\u00f6nnen wir auch f\u00fcr Sie anpassen.<\/p>\n[post-link-list]\n<p><img decoding=\"async\" class=\"alignnone size-full wp-image-3158\" src=\"https:\/\/customizedwaterbottles.com\/wp-content\/uploads\/2025\/07\/Insulated-Stainless-Steel-Water-Bottle-With-Paracord-Handle-2.webp\" alt=\"\" width=\"750\" height=\"750\" srcset=\"https:\/\/customizedwaterbottles.com\/wp-content\/uploads\/2025\/07\/Insulated-Stainless-Steel-Water-Bottle-With-Paracord-Handle-2.webp 750w, https:\/\/customizedwaterbottles.com\/wp-content\/uploads\/2025\/07\/Insulated-Stainless-Steel-Water-Bottle-With-Paracord-Handle-2-300x300.webp 300w, https:\/\/customizedwaterbottles.com\/wp-content\/uploads\/2025\/07\/Insulated-Stainless-Steel-Water-Bottle-With-Paracord-Handle-2-600x600.webp 600w, https:\/\/customizedwaterbottles.com\/wp-content\/uploads\/2025\/07\/Insulated-Stainless-Steel-Water-Bottle-With-Paracord-Handle-2-100x100.webp 100w\" sizes=\"(max-width: 750px) 100vw, 750px\" \/> <img decoding=\"async\" class=\"alignnone size-medium wp-image-3159\" src=\"https:\/\/customizedwaterbottles.com\/wp-content\/uploads\/2025\/07\/Insulated-Stainless-Steel-Water-Bottle-With-Paracord-Handle-3.webp\" alt=\"\" width=\"750\" height=\"750\" srcset=\"https:\/\/customizedwaterbottles.com\/wp-content\/uploads\/2025\/07\/Insulated-Stainless-Steel-Water-Bottle-With-Paracord-Handle-3.webp 750w, https:\/\/customizedwaterbottles.com\/wp-content\/uploads\/2025\/07\/Insulated-Stainless-Steel-Water-Bottle-With-Paracord-Handle-3-300x300.webp 300w, https:\/\/customizedwaterbottles.com\/wp-content\/uploads\/2025\/07\/Insulated-Stainless-Steel-Water-Bottle-With-Paracord-Handle-3-600x600.webp 600w, https:\/\/customizedwaterbottles.com\/wp-content\/uploads\/2025\/07\/Insulated-Stainless-Steel-Water-Bottle-With-Paracord-Handle-3-100x100.webp 100w\" sizes=\"(max-width: 750px) 100vw, 750px\" \/> <img decoding=\"async\" class=\"alignnone size-medium wp-image-3160\" src=\"https:\/\/customizedwaterbottles.com\/wp-content\/uploads\/2025\/07\/Insulated-Stainless-Steel-Water-Bottle-With-Paracord-Handle-8.webp\" alt=\"\" width=\"750\" height=\"750\" srcset=\"https:\/\/customizedwaterbottles.com\/wp-content\/uploads\/2025\/07\/Insulated-Stainless-Steel-Water-Bottle-With-Paracord-Handle-8.webp 750w, https:\/\/customizedwaterbottles.com\/wp-content\/uploads\/2025\/07\/Insulated-Stainless-Steel-Water-Bottle-With-Paracord-Handle-8-300x300.webp 300w, https:\/\/customizedwaterbottles.com\/wp-content\/uploads\/2025\/07\/Insulated-Stainless-Steel-Water-Bottle-With-Paracord-Handle-8-600x600.webp 600w, https:\/\/customizedwaterbottles.com\/wp-content\/uploads\/2025\/07\/Insulated-Stainless-Steel-Water-Bottle-With-Paracord-Handle-8-100x100.webp 100w\" sizes=\"(max-width: 750px) 100vw, 750px\" \/> <img decoding=\"async\" class=\"alignnone size-medium wp-image-3161\" src=\"https:\/\/customizedwaterbottles.com\/wp-content\/uploads\/2025\/07\/Insulated-Stainless-Steel-Water-Bottle-With-Paracord-Handle-9.webp\" alt=\"\" width=\"750\" height=\"750\" srcset=\"https:\/\/customizedwaterbottles.com\/wp-content\/uploads\/2025\/07\/Insulated-Stainless-Steel-Water-Bottle-With-Paracord-Handle-9.webp 750w, https:\/\/customizedwaterbottles.com\/wp-content\/uploads\/2025\/07\/Insulated-Stainless-Steel-Water-Bottle-With-Paracord-Handle-9-300x300.webp 300w, https:\/\/customizedwaterbottles.com\/wp-content\/uploads\/2025\/07\/Insulated-Stainless-Steel-Water-Bottle-With-Paracord-Handle-9-600x600.webp 600w, https:\/\/customizedwaterbottles.com\/wp-content\/uploads\/2025\/07\/Insulated-Stainless-Steel-Water-Bottle-With-Paracord-Handle-9-100x100.webp 100w\" sizes=\"(max-width: 750px) 100vw, 750px\" \/> <img decoding=\"async\" class=\"alignnone size-medium wp-image-3162\" src=\"https:\/\/customizedwaterbottles.com\/wp-content\/uploads\/2025\/07\/Insulated-Stainless-Steel-Water-Bottle-With-Paracord-Handle-10.webp\" alt=\"\" width=\"750\" height=\"750\" srcset=\"https:\/\/customizedwaterbottles.com\/wp-content\/uploads\/2025\/07\/Insulated-Stainless-Steel-Water-Bottle-With-Paracord-Handle-10.webp 750w, https:\/\/customizedwaterbottles.com\/wp-content\/uploads\/2025\/07\/Insulated-Stainless-Steel-Water-Bottle-With-Paracord-Handle-10-300x300.webp 300w, https:\/\/customizedwaterbottles.com\/wp-content\/uploads\/2025\/07\/Insulated-Stainless-Steel-Water-Bottle-With-Paracord-Handle-10-600x600.webp 600w, https:\/\/customizedwaterbottles.com\/wp-content\/uploads\/2025\/07\/Insulated-Stainless-Steel-Water-Bottle-With-Paracord-Handle-10-100x100.webp 100w\" sizes=\"(max-width: 750px) 100vw, 750px\" \/> <img decoding=\"async\" class=\"alignnone size-medium wp-image-3163\" src=\"https:\/\/customizedwaterbottles.com\/wp-content\/uploads\/2025\/07\/Insulated-Stainless-Steel-Water-Bottle-With-Paracord-Handle-12.webp\" alt=\"\" width=\"750\" height=\"750\" srcset=\"https:\/\/customizedwaterbottles.com\/wp-content\/uploads\/2025\/07\/Insulated-Stainless-Steel-Water-Bottle-With-Paracord-Handle-12.webp 750w, https:\/\/customizedwaterbottles.com\/wp-content\/uploads\/2025\/07\/Insulated-Stainless-Steel-Water-Bottle-With-Paracord-Handle-12-300x300.webp 300w, https:\/\/customizedwaterbottles.com\/wp-content\/uploads\/2025\/07\/Insulated-Stainless-Steel-Water-Bottle-With-Paracord-Handle-12-600x600.webp 600w, https:\/\/customizedwaterbottles.com\/wp-content\/uploads\/2025\/07\/Insulated-Stainless-Steel-Water-Bottle-With-Paracord-Handle-12-100x100.webp 100w\" sizes=\"(max-width: 750px) 100vw, 750px\" \/><\/p>","protected":false},"excerpt":{"rendered":"<h3><strong>Produktmerkmale:<\/strong><\/h3>\n<ul>\n<li><strong>Erstklassige Konstruktion aus lebensmittelechtem 18\/8-Edelstahl: <\/strong>Ifun-Wasserflaschen aus hochwertigem, korrosionsbest\u00e4ndigem 18\/8 (304)-Edelstahl. Dies gew\u00e4hrleistet absolute Reinheit. Es ist BPA-frei, phthalatfrei und ungiftig, was eine sichere Fl\u00fcssigkeitszufuhr garantiert. Das robuste Material widersteht Beulen, Kratzern und den Strapazen von Outdoor-Abenteuern und \u00fcberdauert Plastik- oder Aluminiumflaschen deutlich.<\/li>\n<li><strong>Fortschrittliche doppelwandige Vakuum-Isolierung: <\/strong>Ifun-Thermoskanne mit \u00fcberlegener Vakuumversiegelungstechnologie zwischen doppelten Edelstahlw\u00e4nden. Dadurch entsteht eine nahezu perfekte thermische Barriere, die Getr\u00e4nke bis zu 24+ Stunden eiskalt oder bis zu 12+ Stunden hei\u00df h\u00e4lt.<\/li>\n<li><strong>Unerreichte Vielseitigkeit in der Kapazit\u00e4t:<\/strong> Diese Vakuumflasche kann Ihre Fl\u00fcssigkeitszufuhr zu jeder Aktivit\u00e4t erf\u00fcllen. Wir bieten eine umfassende Palette von Gr\u00f6\u00dfen, in der Regel von kompakten 12 oz, 16oz, 18oz f\u00fcr schnelle L\u00e4ufe oder Kinder, durch beliebte 22oz, 25oz f\u00fcr Tageswanderungen und Fitness-Studio-Sitzungen, bis zu 32oz, 40oz oder gr\u00f6\u00dfer f\u00fcr ausgedehnte Expeditionen, Rucksacktourismus, oder minimiert Nachf\u00fcllen.<\/li>\n<li><strong>Auswechselbarer und funktionaler Deckel: <\/strong>Sie k\u00f6nnen den Deckel frei w\u00e4hlen, der zu Ihrer T\u00e4tigkeit passt. Typische Optionen sind: auslaufsicherer Flip-up-Deckel, aufschraubbarer Strohhalmdeckel, Weithalsdeckel, Griffdeckel usw. Alle Deckel verf\u00fcgen \u00fcber sichere Verschlussmechanismen und zuverl\u00e4ssige Silikondichtungen f\u00fcr garantierte Auslaufsicherheit in Rucks\u00e4cken.<\/li>\n<li><strong>Langlebige Struktur:<\/strong> Das robuste Geh\u00e4use aus rostfreiem Stahl widersteht St\u00fcrzen, St\u00f6\u00dfen und Sch\u00fcrfwunden, die bei Wanderungen, Klettertouren oder Radtouren auftreten. Es ist eine langfristige Investition, die unz\u00e4hlige Abenteuer \u00fcbersteht.<\/li>\n<li><strong>Pers\u00f6nliche Farb- und Logoanpassung:<\/strong> Machen Sie Ihre Flasche zu einem Unikat oder zur Markenwerbung. Sie k\u00f6nnen aus Pantone-Farbnummern w\u00e4hlen, die zu Ihrem Stil oder Ihren Markenfarben passen. Au\u00dferdem bieten wir professionelle Logoanpassungen wie Lasergravur, Siebdruck, 3D-Druck, UV-Druck usw. Perfekt f\u00fcr Firmengeschenke, Teamartikel, Veranstaltungen oder personalisierte Ausr\u00fcstung.<\/li>\n<li><strong>Tragbares Design:<\/strong> Es gibt eine integrierte Schlaufe oder einen aufklappbaren Griff zur einfachen Befestigung an Rucks\u00e4cken, Karabinern oder zum einfachen Tragen.<\/li>\n<li><strong>Einfache Pflege und Geruchsresistenz:<\/strong> Die weiten \u00d6ffnungen erm\u00f6glichen die Reinigung von Hand oder in der Sp\u00fclmaschine. Hochwertiger Edelstahl ist von Natur aus resistent gegen den Geschmack und Geruch fr\u00fcherer Getr\u00e4nke und sorgt daf\u00fcr, dass jedes Getr\u00e4nk frisch schmeckt.<\/li>\n<\/ul>\n<h3><strong>Kundenspezifische Dienstleistungen:<\/strong><\/h3>\n<ul>\n<li><strong>Logo und Gestaltung:<\/strong> Ifun Edelstahl Thermosflaschen Unterst\u00fctzung benutzerdefinierte Ihr Markenlogo. Wir k\u00f6nnen Ihr Logo &amp; Design mit Siebdruck, Lasergravur, W\u00e4rme\u00fcbertragung, 3D-Druck, UV-Druck usw. machen.<\/li>\n<li><strong>Farbe:<\/strong> Die Farben k\u00f6nnen entsprechend der Pantone-Farbnummer angepasst werden, wir k\u00f6nnen sie mit matter Oberfl\u00e4che, gl\u00e4nzender Lackierung, Pulverbeschichtung usw. ausf\u00fchren.<\/li>\n<li><strong>Kapazit\u00e4t:<\/strong> Wir haben 12 oz, 16 oz, 18 oz, 22 oz, 25 oz, 32 oz, 40 oz, andere Kapazit\u00e4t k\u00f6nnen wir auch f\u00fcr Sie anpassen.<\/li>\n<li><strong>Deckel: <\/strong>100% BPA FREE auslaufsicherer Deckel, die Farbe kann angepasst werden.<\/li>\n<li><strong>Paket: <\/strong>Farbige Schachtel, wei\u00dfe Schachtel, Geschenkschachtel, braune Kartonschachtel, Zylinderschachtel usw.<\/li>\n<\/ul>","protected":false},"featured_media":3164,"comment_status":"open","ping_status":"closed","template":"","meta":[],"product_brand":[],"product_cat":[152,24],"product_tag":[132],"class_list":{"0":"post-3157","1":"product","2":"type-product","3":"status-publish","4":"has-post-thumbnail","6":"product_cat-custom-hydro-flask-manufacturer","7":"product_cat-water-bottles","8":"product_tag-insulated-stainless-steel-water-bottle","10":"first","11":"instock","12":"shipping-taxable","13":"product-type-simple"},"yoast_head":"<!-- This site is optimized with the Yoast SEO plugin v25.4 - https:\/\/yoast.com\/wordpress\/plugins\/seo\/ -->\n<title>Custom Insulated Stainless Steel Water Bottle With Straw &amp; Spout Lids, Paracord Handle 1081613W - iFun<\/title>\n<meta name=\"description\" content=\"Insulated Stainless Steel Water Bottle w\/ Straw &amp; Spout Lids. Leakproof, 24H Cold Retention, Paracord Handle &amp; Pouch. Perfect for Gym\/Hiking!\" \/>\n<meta name=\"robots\" content=\"index, follow, max-snippet:-1, max-image-preview:large, max-video-preview:-1\" \/>\n<link rel=\"canonical\" href=\"https:\/\/customizedwaterbottles.com\/de\/product\/custom-insulated-stainless-steel-water-bottle-with-straw-spout-lids-paracord-handle\/\" \/>\n<meta property=\"og:locale\" content=\"de_DE\" \/>\n<meta property=\"og:type\" content=\"article\" \/>\n<meta property=\"og:title\" content=\"Custom Insulated Stainless Steel Water Bottle With Straw &amp; Spout Lids, Paracord Handle 1081613W - iFun\" \/>\n<meta property=\"og:description\" content=\"Insulated Stainless Steel Water Bottle w\/ Straw &amp; Spout Lids. Leakproof, 24H Cold Retention, Paracord Handle &amp; Pouch. Perfect for Gym\/Hiking!\" \/>\n<meta property=\"og:url\" content=\"https:\/\/customizedwaterbottles.com\/de\/product\/custom-insulated-stainless-steel-water-bottle-with-straw-spout-lids-paracord-handle\/\" \/>\n<meta property=\"og:site_name\" content=\"iFun\" \/>\n<meta property=\"article:modified_time\" content=\"2025-08-26T06:36:33+00:00\" \/>\n<meta property=\"og:image\" content=\"https:\/\/customizedwaterbottles.com\/wp-content\/uploads\/2025\/07\/Insulated-Stainless-Steel-Water-Bottle-With-Paracord-Handle-1.webp\" \/>\n\t<meta property=\"og:image:width\" content=\"750\" \/>\n\t<meta property=\"og:image:height\" content=\"750\" \/>\n\t<meta property=\"og:image:type\" content=\"image\/webp\" \/>\n<meta name=\"twitter:card\" content=\"summary_large_image\" \/>\n<meta name=\"twitter:label1\" content=\"Gesch\u00e4tzte Lesezeit\" \/>\n\t<meta name=\"twitter:data1\" content=\"4\u00a0Minuten\" \/>\n<script type=\"application\/ld+json\" class=\"yoast-schema-graph\">{\"@context\":\"https:\/\/schema.org\",\"@graph\":[{\"@type\":\"WebPage\",\"@id\":\"https:\/\/customizedwaterbottles.com\/product\/custom-insulated-stainless-steel-water-bottle-with-straw-spout-lids-paracord-handle\/\",\"url\":\"https:\/\/customizedwaterbottles.com\/product\/custom-insulated-stainless-steel-water-bottle-with-straw-spout-lids-paracord-handle\/\",\"name\":\"Custom Insulated Stainless Steel Water Bottle With Straw & Spout Lids, Paracord Handle 1081613W - iFun\",\"isPartOf\":{\"@id\":\"https:\/\/customizedwaterbottles.com\/#website\"},\"primaryImageOfPage\":{\"@id\":\"https:\/\/customizedwaterbottles.com\/product\/custom-insulated-stainless-steel-water-bottle-with-straw-spout-lids-paracord-handle\/#primaryimage\"},\"image\":{\"@id\":\"https:\/\/customizedwaterbottles.com\/product\/custom-insulated-stainless-steel-water-bottle-with-straw-spout-lids-paracord-handle\/#primaryimage\"},\"thumbnailUrl\":\"https:\/\/customizedwaterbottles.com\/wp-content\/uploads\/2025\/07\/Insulated-Stainless-Steel-Water-Bottle-With-Paracord-Handle-1.webp\",\"datePublished\":\"2025-07-21T04:22:05+00:00\",\"dateModified\":\"2025-08-26T06:36:33+00:00\",\"description\":\"Insulated Stainless Steel Water Bottle w\/ Straw & Spout Lids. Leakproof, 24H Cold Retention, Paracord Handle & Pouch. Perfect for Gym\/Hiking!\",\"breadcrumb\":{\"@id\":\"https:\/\/customizedwaterbottles.com\/product\/custom-insulated-stainless-steel-water-bottle-with-straw-spout-lids-paracord-handle\/#breadcrumb\"},\"inLanguage\":\"de\",\"potentialAction\":[{\"@type\":\"ReadAction\",\"target\":[\"https:\/\/customizedwaterbottles.com\/product\/custom-insulated-stainless-steel-water-bottle-with-straw-spout-lids-paracord-handle\/\"]}]},{\"@type\":\"ImageObject\",\"inLanguage\":\"de\",\"@id\":\"https:\/\/customizedwaterbottles.com\/product\/custom-insulated-stainless-steel-water-bottle-with-straw-spout-lids-paracord-handle\/#primaryimage\",\"url\":\"https:\/\/customizedwaterbottles.com\/wp-content\/uploads\/2025\/07\/Insulated-Stainless-Steel-Water-Bottle-With-Paracord-Handle-1.webp\",\"contentUrl\":\"https:\/\/customizedwaterbottles.com\/wp-content\/uploads\/2025\/07\/Insulated-Stainless-Steel-Water-Bottle-With-Paracord-Handle-1.webp\",\"width\":750,\"height\":750},{\"@type\":\"BreadcrumbList\",\"@id\":\"https:\/\/customizedwaterbottles.com\/product\/custom-insulated-stainless-steel-water-bottle-with-straw-spout-lids-paracord-handle\/#breadcrumb\",\"itemListElement\":[{\"@type\":\"ListItem\",\"position\":1,\"name\":\"Home\",\"item\":\"https:\/\/customizedwaterbottles.com\/\"},{\"@type\":\"ListItem\",\"position\":2,\"name\":\"Products\",\"item\":\"https:\/\/customizedwaterbottles.com\/wholesale-drinkware-manufacturer-water-bottles-tumblers\/\"},{\"@type\":\"ListItem\",\"position\":3,\"name\":\"Custom Insulated Stainless Steel Water Bottle With Straw &#038; Spout Lids, Paracord Handle 1081613W\"}]},{\"@type\":\"WebSite\",\"@id\":\"https:\/\/customizedwaterbottles.com\/#website\",\"url\":\"https:\/\/customizedwaterbottles.com\/\",\"name\":\"iFun\",\"description\":\"Water Bottles Stainless Steel Vacuum Flask\",\"potentialAction\":[{\"@type\":\"SearchAction\",\"target\":{\"@type\":\"EntryPoint\",\"urlTemplate\":\"https:\/\/customizedwaterbottles.com\/?s={search_term_string}\"},\"query-input\":{\"@type\":\"PropertyValueSpecification\",\"valueRequired\":true,\"valueName\":\"search_term_string\"}}],\"inLanguage\":\"de\"}]}<\/script>\n<!-- \/ Yoast SEO plugin. -->","yoast_head_json":{"title":"Custom Insulated Stainless Steel Water Bottle With Straw & Spout Lids, Paracord Handle 1081613W - iFun","description":"Insulated Stainless Steel Water Bottle w\/ Straw & Spout Lids. Leakproof, 24H Cold Retention, Paracord Handle & Pouch. Perfect for Gym\/Hiking!","robots":{"index":"index","follow":"follow","max-snippet":"max-snippet:-1","max-image-preview":"max-image-preview:large","max-video-preview":"max-video-preview:-1"},"canonical":"https:\/\/customizedwaterbottles.com\/de\/product\/custom-insulated-stainless-steel-water-bottle-with-straw-spout-lids-paracord-handle\/","og_locale":"de_DE","og_type":"article","og_title":"Custom Insulated Stainless Steel Water Bottle With Straw & Spout Lids, Paracord Handle 1081613W - iFun","og_description":"Insulated Stainless Steel Water Bottle w\/ Straw & Spout Lids. Leakproof, 24H Cold Retention, Paracord Handle & Pouch. Perfect for Gym\/Hiking!","og_url":"https:\/\/customizedwaterbottles.com\/de\/product\/custom-insulated-stainless-steel-water-bottle-with-straw-spout-lids-paracord-handle\/","og_site_name":"iFun","article_modified_time":"2025-08-26T06:36:33+00:00","og_image":[{"width":750,"height":750,"url":"https:\/\/customizedwaterbottles.com\/wp-content\/uploads\/2025\/07\/Insulated-Stainless-Steel-Water-Bottle-With-Paracord-Handle-1.webp","type":"image\/webp"}],"twitter_card":"summary_large_image","twitter_misc":{"Gesch\u00e4tzte Lesezeit":"4\u00a0Minuten"},"schema":{"@context":"https:\/\/schema.org","@graph":[{"@type":"WebPage","@id":"https:\/\/customizedwaterbottles.com\/product\/custom-insulated-stainless-steel-water-bottle-with-straw-spout-lids-paracord-handle\/","url":"https:\/\/customizedwaterbottles.com\/product\/custom-insulated-stainless-steel-water-bottle-with-straw-spout-lids-paracord-handle\/","name":"Custom Insulated Stainless Steel Water Bottle With Straw & Spout Lids, Paracord Handle 1081613W - iFun","isPartOf":{"@id":"https:\/\/customizedwaterbottles.com\/#website"},"primaryImageOfPage":{"@id":"https:\/\/customizedwaterbottles.com\/product\/custom-insulated-stainless-steel-water-bottle-with-straw-spout-lids-paracord-handle\/#primaryimage"},"image":{"@id":"https:\/\/customizedwaterbottles.com\/product\/custom-insulated-stainless-steel-water-bottle-with-straw-spout-lids-paracord-handle\/#primaryimage"},"thumbnailUrl":"https:\/\/customizedwaterbottles.com\/wp-content\/uploads\/2025\/07\/Insulated-Stainless-Steel-Water-Bottle-With-Paracord-Handle-1.webp","datePublished":"2025-07-21T04:22:05+00:00","dateModified":"2025-08-26T06:36:33+00:00","description":"Insulated Stainless Steel Water Bottle w\/ Straw & Spout Lids. Leakproof, 24H Cold Retention, Paracord Handle & Pouch. Perfect for Gym\/Hiking!","breadcrumb":{"@id":"https:\/\/customizedwaterbottles.com\/product\/custom-insulated-stainless-steel-water-bottle-with-straw-spout-lids-paracord-handle\/#breadcrumb"},"inLanguage":"de","potentialAction":[{"@type":"ReadAction","target":["https:\/\/customizedwaterbottles.com\/product\/custom-insulated-stainless-steel-water-bottle-with-straw-spout-lids-paracord-handle\/"]}]},{"@type":"ImageObject","inLanguage":"de","@id":"https:\/\/customizedwaterbottles.com\/product\/custom-insulated-stainless-steel-water-bottle-with-straw-spout-lids-paracord-handle\/#primaryimage","url":"https:\/\/customizedwaterbottles.com\/wp-content\/uploads\/2025\/07\/Insulated-Stainless-Steel-Water-Bottle-With-Paracord-Handle-1.webp","contentUrl":"https:\/\/customizedwaterbottles.com\/wp-content\/uploads\/2025\/07\/Insulated-Stainless-Steel-Water-Bottle-With-Paracord-Handle-1.webp","width":750,"height":750},{"@type":"BreadcrumbList","@id":"https:\/\/customizedwaterbottles.com\/product\/custom-insulated-stainless-steel-water-bottle-with-straw-spout-lids-paracord-handle\/#breadcrumb","itemListElement":[{"@type":"ListItem","position":1,"name":"Home","item":"https:\/\/customizedwaterbottles.com\/"},{"@type":"ListItem","position":2,"name":"Products","item":"https:\/\/customizedwaterbottles.com\/wholesale-drinkware-manufacturer-water-bottles-tumblers\/"},{"@type":"ListItem","position":3,"name":"Custom Insulated Stainless Steel Water Bottle With Straw &#038; Spout Lids, Paracord Handle 1081613W"}]},{"@type":"WebSite","@id":"https:\/\/customizedwaterbottles.com\/#website","url":"https:\/\/customizedwaterbottles.com\/","name":"iFun","description":"Water Bottles Stainless Steel Vacuum Flask","potentialAction":[{"@type":"SearchAction","target":{"@type":"EntryPoint","urlTemplate":"https:\/\/customizedwaterbottles.com\/?s={search_term_string}"},"query-input":{"@type":"PropertyValueSpecification","valueRequired":true,"valueName":"search_term_string"}}],"inLanguage":"de"}]}},"_links":{"self":[{"href":"https:\/\/customizedwaterbottles.com\/de\/wp-json\/wp\/v2\/product\/3157","targetHints":{"allow":["GET"]}}],"collection":[{"href":"https:\/\/customizedwaterbottles.com\/de\/wp-json\/wp\/v2\/product"}],"about":[{"href":"https:\/\/customizedwaterbottles.com\/de\/wp-json\/wp\/v2\/types\/product"}],"replies":[{"embeddable":true,"href":"https:\/\/customizedwaterbottles.com\/de\/wp-json\/wp\/v2\/comments?post=3157"}],"wp:featuredmedia":[{"embeddable":true,"href":"https:\/\/customizedwaterbottles.com\/de\/wp-json\/wp\/v2\/media\/3164"}],"wp:attachment":[{"href":"https:\/\/customizedwaterbottles.com\/de\/wp-json\/wp\/v2\/media?parent=3157"}],"wp:term":[{"taxonomy":"product_brand","embeddable":true,"href":"https:\/\/customizedwaterbottles.com\/de\/wp-json\/wp\/v2\/product_brand?post=3157"},{"taxonomy":"product_cat","embeddable":true,"href":"https:\/\/customizedwaterbottles.com\/de\/wp-json\/wp\/v2\/product_cat?post=3157"},{"taxonomy":"product_tag","embeddable":true,"href":"https:\/\/customizedwaterbottles.com\/de\/wp-json\/wp\/v2\/product_tag?post=3157"}],"curies":[{"name":"wp","href":"https:\/\/api.w.org\/{rel}","templated":true}]}}