{"id":3454,"date":"2025-08-28T08:58:19","date_gmt":"2025-08-28T08:58:19","guid":{"rendered":"https:\/\/customizedwaterbottles.com\/?post_type=product&#038;p=3454"},"modified":"2025-08-28T09:09:27","modified_gmt":"2025-08-28T09:09:27","slug":"owala-12-oz-smooth-sip","status":"publish","type":"product","link":"https:\/\/customizedwaterbottles.com\/de\/product\/owala-12-oz-smooth-sip\/","title":{"rendered":"Glatte Sip Slider 12 oz Becher f\u00fcr Kaffee in China 1081624T"},"content":{"rendered":"<p><strong>\u00a0 \u00a0 \u00a0 Product Name\uff1aSmooth Sip Slider 12 oz Tumbler For Coffee<\/strong><strong><br \/>\n<\/strong><strong>\u00a0 \u00a0 \u00a0 Kapazit\u00e4t\uff1a<\/strong>12oz, 20oz<br \/>\n<strong>\u00a0 \u00a0 \u00a0 Material\uff1a<\/strong>Rostfreier Stahl<br \/>\n<strong>\u00a0 \u00a0 \u00a0 Farbe\uff1a<\/strong>Gl\u00e4nzende Lackierung, matte Lackierung, Pulverbeschichtung usw.<br \/>\n<strong>\u00a0 \u00a0 \u00a0 Logo\uff1a<\/strong>Siebdruck, Thermotransferdruck, Lasergravur, Wassertransfer usw.<br \/>\n<strong>\u00a0 \u00a0 \u00a0 MOQ\uff1a<\/strong>300St\u00fcck<br \/>\n<strong>\u00a0 \u00a0 \u00a0 Probezeit\uff1a<\/strong>3-7 Tage f\u00fcr individuelle Gestaltung<br \/>\n<strong>\u00a0 \u00a0 \u00a0 Zertifizierung\uff1a<\/strong>FDA, LFGB<br \/>\n<strong>\u00a0 \u00a0 \u00a0 Verpacken<\/strong>\uff1aWei\u00dfe Schachtel, farbige Schachtel oder Schachtel mit individuellem Design<br \/>\n<strong>\u00a0 \u00a0 \u00a0 Produktionskapazit\u00e4t\uff1a<\/strong>500.000 Exemplare pro Monat<br \/>\n<strong>\u00a0 \u00a0 \u00a0 Lieferzeit\uff1a<\/strong>5-35 Tage f\u00fcr Mengen unter 20.000 St\u00fcck<\/p>\n<h2><strong>Why Choose Ifun Smooth Sip 12oz Travel Mug\uff1f<\/strong><\/h2>\n<ol>\n<li><strong>Zertifizierte Qualit\u00e4t und Sicherheit<\/strong><br \/>\nOur Smooth Sip 12oz, Travel Mug, and drinkware meet international standards (CE, FDA, CA65\/Prop65, LFGB), ensuring BPA-free, durable, and safe products for your customers.<\/li>\n<li><strong style=\"color: #555555;\">\u00a0Herausragend mit individuellen Designs<br \/>\n<\/strong>Your brand deserves unique drinkware that captures attention. With Anhui iFun\u2019s stylish and customizable designs, your 12oz Travel Mug will reflect your brand identity and help you stand out in a competitive market.<\/li>\n<li><strong style=\"color: #555555;\">Strenge Qualit\u00e4tskontrolle<br \/>\n<\/strong>Quality is at the heart of our manufacturing process. Our dedicated team of inspectors ensures every 12oz Travel Mug meets strict standards before reaching your customers worldwide.<\/li>\n<li><strong style=\"color: #555555;\">Sch\u00fctzen Sie Ihre Marke und Ideen<br \/>\n<\/strong>Wir respektieren geistiges Eigentum und Vertraulichkeit. Bei Bedarf unterzeichnen wir gerne NDAs oder NNN-Vereinbarungen, um Ihre OEM\/ODM-Designs zu sch\u00fctzen.<\/li>\n<li><strong style=\"color: #555555;\">Effiziente, automatisierte Produktion<br \/>\n<\/strong>Wir haben uns auf die Herstellung von Getr\u00e4nken spezialisiert und nutzen fortschrittliche Produktionslinien und Industrie 4.0-Technologien, um kosteng\u00fcnstige, hochwertige Produkte zu wettbewerbsf\u00e4higen Preisen zu liefern.<\/li>\n<li><strong style=\"color: #555555;\">OEM\/ODM-Kompetenz<br \/>\n<\/strong>Unsere erfahrenen Ingenieure mit mehr als 20 Jahren Erfahrung in der Herstellung von Trinkgef\u00e4\u00dfen k\u00f6nnen Ihre Ideen in marktreife Hydra Flask Bike Bottles umsetzen und Ihnen dabei helfen, Bestseller zu kreieren.<\/li>\n<li><strong style=\"color: #555555;\">Vollst\u00e4ndige Anpassung der Dienstleistungen<br \/>\n<\/strong>Von der Formgebung bis zur Verpackung bieten wir eine durchg\u00e4ngige Anpassung an die Bed\u00fcrfnisse Ihrer Marke:<br \/>\n<strong style=\"color: #555555;\">Kundenspezifische Formgebung<\/strong><span style=\"color: #555555;\"> - <\/span><a href=\"https:\/\/customizedwaterbottles.com\/de\/custom-water-bottle-mold-maker-bpa-free-vacuum-flask-oem\/\" target=\"_blank\" rel=\"noopener\">https:\/\/customizedwaterbottles.com\/custom-water-bottle-mold-maker-bpa-free-vacuum-flask-oem\/<\/a><br \/>\n<strong style=\"color: #555555;\">Dekorieren nach Ma\u00df<\/strong><span style=\"color: #555555;\"> -<\/span><a href=\"https:\/\/customizedwaterbottles.com\/de\/graphic-design-water-bottles-custom-stainless-steel-oem\/\" target=\"_blank\" rel=\"noopener\"> https:\/\/customizedwaterbottles.com\/graphic-design-water-bottles-custom-stainless-steel-oem\/<\/a><br \/>\n<strong style=\"color: #555555;\">Individuelle Logos und Verpackungen<\/strong><span style=\"color: #555555;\"> - <\/span><a href=\"https:\/\/customizedwaterbottles.com\/de\/wholesale-custom-packaging-for-water-bottles-tumblers\/\" target=\"_blank\" rel=\"noopener\">https:\/\/customizedwaterbottles.com\/wholesale-custom-packaging-for-water-bottles-tumblers\/<\/a><br \/>\n<strong style=\"color: #555555;\">Individuelles Geschenk<\/strong><span style=\"color: #555555;\"> - <\/span><a href=\"https:\/\/customizedwaterbottles.com\/de\/promotional-drinkware-for-businesses-custom-branded-gifts\/\" target=\"_blank\" rel=\"noopener\">https:\/\/customizedwaterbottles.com\/promotional-drinkware-for-businesses-custom-branded-gifts\/<\/a><\/li>\n<\/ol>\n[post-link-list]\n<p><img decoding=\"async\" class=\"alignnone size-full wp-image-3438\" src=\"https:\/\/customizedwaterbottles.com\/wp-content\/uploads\/2025\/08\/owala-smooth-sip-candy-coated.webp\" alt=\"owala smooth sip candy coated\" width=\"750\" height=\"611\" srcset=\"https:\/\/customizedwaterbottles.com\/wp-content\/uploads\/2025\/08\/owala-smooth-sip-candy-coated.webp 750w, https:\/\/customizedwaterbottles.com\/wp-content\/uploads\/2025\/08\/owala-smooth-sip-candy-coated-600x489.webp 600w\" sizes=\"(max-width: 750px) 100vw, 750px\" \/> <img decoding=\"async\" class=\"alignnone size-full wp-image-3439\" src=\"https:\/\/customizedwaterbottles.com\/wp-content\/uploads\/2025\/08\/owala-cup.webp\" alt=\"Owala-Becher\" width=\"750\" height=\"750\" srcset=\"https:\/\/customizedwaterbottles.com\/wp-content\/uploads\/2025\/08\/owala-cup.webp 750w, https:\/\/customizedwaterbottles.com\/wp-content\/uploads\/2025\/08\/owala-cup-300x300.webp 300w, https:\/\/customizedwaterbottles.com\/wp-content\/uploads\/2025\/08\/owala-cup-600x600.webp 600w, https:\/\/customizedwaterbottles.com\/wp-content\/uploads\/2025\/08\/owala-cup-100x100.webp 100w\" sizes=\"(max-width: 750px) 100vw, 750px\" \/><img decoding=\"async\" class=\"alignnone size-full wp-image-3458\" src=\"https:\/\/customizedwaterbottles.com\/wp-content\/uploads\/2025\/08\/owala-12-oz-smooth-sip.webp\" alt=\"owala 12 oz smooth sip\" width=\"1200\" height=\"1200\" srcset=\"https:\/\/customizedwaterbottles.com\/wp-content\/uploads\/2025\/08\/owala-12-oz-smooth-sip.webp 1200w, https:\/\/customizedwaterbottles.com\/wp-content\/uploads\/2025\/08\/owala-12-oz-smooth-sip-1024x1024.webp 1024w, https:\/\/customizedwaterbottles.com\/wp-content\/uploads\/2025\/08\/owala-12-oz-smooth-sip-768x768.webp 768w, https:\/\/customizedwaterbottles.com\/wp-content\/uploads\/2025\/08\/owala-12-oz-smooth-sip-300x300.webp 300w, https:\/\/customizedwaterbottles.com\/wp-content\/uploads\/2025\/08\/owala-12-oz-smooth-sip-600x600.webp 600w, https:\/\/customizedwaterbottles.com\/wp-content\/uploads\/2025\/08\/owala-12-oz-smooth-sip-100x100.webp 100w\" sizes=\"(max-width: 1200px) 100vw, 1200px\" \/><\/p>\n<p>&nbsp;<\/p>","protected":false},"excerpt":{"rendered":"<h3><strong>\u00a0 \u00a0 \u00a0 \u00a0Produktmerkmale:<\/strong><\/h3>\n<ul>\n<li><strong>Produktmerkmale:<\/strong><br \/>\nPerfect Travel Companion: The 12oz capacity of the Smooth Sip stainless steel slider coffee tumbler is designed for everyday hydration, offering a lightweight and portable solution for commuters and travelers.<\/li>\n<li><strong>Premium-Edelstahl:<\/strong> Der Smooth Sip Reisebecher ist aus hochwertigem 18\/8-Edelstahl gefertigt, der rostfrei, korrosionsbest\u00e4ndig und dellenfest ist und eine lange Lebensdauer garantiert.<\/li>\n<li><strong>Fortschrittliche Isolierung:<\/strong> Die doppelwandige Vakuumisolierung h\u00e4lt Getr\u00e4nke bis zu 12 Stunden kalt und bis zu 6 Stunden warm und ist damit ideal f\u00fcr stressige Arbeitstage und Outdoor-Abenteuer.<\/li>\n<li><strong>Auslaufsicherer Schiebedeckel:<\/strong> The secure, spill-resistant slider lid prevents leaks and spills, making the 12 oz Smooth Sip tumbler safe for bags and on-the-go use.<\/li>\n<li><strong>Griffiges Design:<\/strong> Der ergonomisch geformte Reisebecher passt perfekt in die Hand und in den Becherhalter im Auto und l\u00e4sst sich problemlos mitnehmen.<\/li>\n<li><strong>Breite Mund\u00f6ffnung:<\/strong> Die weite \u00d6ffnung erm\u00f6glicht ein einfaches Bef\u00fcllen, Reinigen und Hinzuf\u00fcgen von Eisw\u00fcrfeln und bietet Komfort f\u00fcr den t\u00e4glichen Gebrauch.<\/li>\n<li><strong>Umweltfreundlich und sicher:<\/strong> Made from BPA-free, non-toxic materials, the Smooth Sip 12 oz stainless steel tumbler ensures a healthy and sustainable hydration experience.<\/li>\n<\/ul>\n<h3><strong>\u00a0 \u00a0 Kundenspezifische Dienstleistungen:<\/strong><\/h3>\n<ul>\n<li><strong>Logo und Gestaltung:<\/strong> Customize your Smooth Sip 12 oz travel mug with logos and designs using techniques like screen printing, laser engraving, heat transfer, 3D printing, or UV printing.<\/li>\n<li><strong>Farboptionen:<\/strong> W\u00e4hlen Sie aus Pantone-angepassten Farben mit Oberfl\u00e4chen wie matt, gl\u00e4nzend oder Pulverbeschichtung, um Ihre Markenidentit\u00e4t zu unterstreichen.<\/li>\n<li><strong>Kapazit\u00e4tsvielfalt:<\/strong> Erh\u00e4ltlich in 12 oz, 20 oz, mit Optionen f\u00fcr individuelle Kapazit\u00e4ten.<\/li>\n<li><strong>Anpassung des Deckels:<\/strong> W\u00e4hlen Sie aus 100% BPA-freien auslaufsicheren Deckeln in anpassbaren Farben.<\/li>\n<li><strong>Verpackungsl\u00f6sungen:<\/strong> Zu den Optionen geh\u00f6ren farbige Kartons, wei\u00dfe Kartons, Geschenkkartons, braune Kartons und auf Ihre Bed\u00fcrfnisse zugeschnittene Zylinderkartons.<\/li>\n<\/ul>","protected":false},"featured_media":3462,"comment_status":"open","ping_status":"closed","template":"","meta":[],"product_brand":[],"product_cat":[23],"product_tag":[193,194,195],"class_list":{"0":"post-3454","1":"product","2":"type-product","3":"status-publish","4":"has-post-thumbnail","6":"product_cat-insulated-tumblers-mugs","7":"product_tag-owala-12-oz","8":"product_tag-owala-12-oz-smooth-sip","9":"product_tag-owala-12-oz-tumbler","11":"first","12":"instock","13":"shipping-taxable","14":"product-type-simple"},"yoast_head":"<!-- This site is optimized with the Yoast SEO plugin v25.4 - https:\/\/yoast.com\/wordpress\/plugins\/seo\/ -->\n<title>Smooth Sip Slider 12 oz Tumbler For Coffee In China<\/title>\n<meta name=\"description\" content=\"Customize 12oz Smooth Sip coffee tumblers in China. OEM manufacturer of stainless steel travel mugs with logo printing. Direct factory pricing for bulk.\" \/>\n<meta name=\"robots\" content=\"index, follow, max-snippet:-1, max-image-preview:large, max-video-preview:-1\" \/>\n<link rel=\"canonical\" href=\"https:\/\/customizedwaterbottles.com\/de\/product\/owala-12-oz-smooth-sip\/\" \/>\n<meta property=\"og:locale\" content=\"de_DE\" \/>\n<meta property=\"og:type\" content=\"article\" \/>\n<meta property=\"og:title\" content=\"Smooth Sip Slider 12 oz Tumbler For Coffee In China\" \/>\n<meta property=\"og:description\" content=\"Customize 12oz Smooth Sip coffee tumblers in China. OEM manufacturer of stainless steel travel mugs with logo printing. Direct factory pricing for bulk.\" \/>\n<meta property=\"og:url\" content=\"https:\/\/customizedwaterbottles.com\/de\/product\/owala-12-oz-smooth-sip\/\" \/>\n<meta property=\"og:site_name\" content=\"iFun\" \/>\n<meta property=\"article:modified_time\" content=\"2025-08-28T09:09:27+00:00\" \/>\n<meta property=\"og:image\" content=\"https:\/\/customizedwaterbottles.com\/wp-content\/uploads\/2025\/08\/owala-smooth-sip-slider-12-oz.webp\" \/>\n\t<meta property=\"og:image:width\" content=\"1200\" \/>\n\t<meta property=\"og:image:height\" content=\"1200\" \/>\n\t<meta property=\"og:image:type\" content=\"image\/webp\" \/>\n<meta name=\"twitter:card\" content=\"summary_large_image\" \/>\n<meta name=\"twitter:label1\" content=\"Gesch\u00e4tzte Lesezeit\" \/>\n\t<meta name=\"twitter:data1\" content=\"2\u00a0Minuten\" \/>\n<script type=\"application\/ld+json\" class=\"yoast-schema-graph\">{\"@context\":\"https:\/\/schema.org\",\"@graph\":[{\"@type\":\"WebPage\",\"@id\":\"https:\/\/customizedwaterbottles.com\/product\/owala-12-oz-smooth-sip\/\",\"url\":\"https:\/\/customizedwaterbottles.com\/product\/owala-12-oz-smooth-sip\/\",\"name\":\"Smooth Sip Slider 12 oz Tumbler For Coffee In China\",\"isPartOf\":{\"@id\":\"https:\/\/customizedwaterbottles.com\/#website\"},\"primaryImageOfPage\":{\"@id\":\"https:\/\/customizedwaterbottles.com\/product\/owala-12-oz-smooth-sip\/#primaryimage\"},\"image\":{\"@id\":\"https:\/\/customizedwaterbottles.com\/product\/owala-12-oz-smooth-sip\/#primaryimage\"},\"thumbnailUrl\":\"https:\/\/customizedwaterbottles.com\/wp-content\/uploads\/2025\/08\/owala-smooth-sip-slider-12-oz.webp\",\"datePublished\":\"2025-08-28T08:58:19+00:00\",\"dateModified\":\"2025-08-28T09:09:27+00:00\",\"description\":\"Customize 12oz Smooth Sip coffee tumblers in China. OEM manufacturer of stainless steel travel mugs with logo printing. Direct factory pricing for bulk.\",\"breadcrumb\":{\"@id\":\"https:\/\/customizedwaterbottles.com\/product\/owala-12-oz-smooth-sip\/#breadcrumb\"},\"inLanguage\":\"de\",\"potentialAction\":[{\"@type\":\"ReadAction\",\"target\":[\"https:\/\/customizedwaterbottles.com\/product\/owala-12-oz-smooth-sip\/\"]}]},{\"@type\":\"ImageObject\",\"inLanguage\":\"de\",\"@id\":\"https:\/\/customizedwaterbottles.com\/product\/owala-12-oz-smooth-sip\/#primaryimage\",\"url\":\"https:\/\/customizedwaterbottles.com\/wp-content\/uploads\/2025\/08\/owala-smooth-sip-slider-12-oz.webp\",\"contentUrl\":\"https:\/\/customizedwaterbottles.com\/wp-content\/uploads\/2025\/08\/owala-smooth-sip-slider-12-oz.webp\",\"width\":1200,\"height\":1200,\"caption\":\"Smooth Sip Slider 12 oz Tumbler For Coffee\"},{\"@type\":\"BreadcrumbList\",\"@id\":\"https:\/\/customizedwaterbottles.com\/product\/owala-12-oz-smooth-sip\/#breadcrumb\",\"itemListElement\":[{\"@type\":\"ListItem\",\"position\":1,\"name\":\"Home\",\"item\":\"https:\/\/customizedwaterbottles.com\/\"},{\"@type\":\"ListItem\",\"position\":2,\"name\":\"Products\",\"item\":\"https:\/\/customizedwaterbottles.com\/wholesale-drinkware-manufacturer-water-bottles-tumblers\/\"},{\"@type\":\"ListItem\",\"position\":3,\"name\":\"Smooth Sip Slider 12 oz Tumbler For Coffee In China 1081624T\"}]},{\"@type\":\"WebSite\",\"@id\":\"https:\/\/customizedwaterbottles.com\/#website\",\"url\":\"https:\/\/customizedwaterbottles.com\/\",\"name\":\"iFun\",\"description\":\"Water Bottles Stainless Steel Vacuum Flask\",\"potentialAction\":[{\"@type\":\"SearchAction\",\"target\":{\"@type\":\"EntryPoint\",\"urlTemplate\":\"https:\/\/customizedwaterbottles.com\/?s={search_term_string}\"},\"query-input\":{\"@type\":\"PropertyValueSpecification\",\"valueRequired\":true,\"valueName\":\"search_term_string\"}}],\"inLanguage\":\"de\"}]}<\/script>\n<!-- \/ Yoast SEO plugin. -->","yoast_head_json":{"title":"Smooth Sip Slider 12 oz Tumbler For Coffee In China","description":"Customize 12oz Smooth Sip coffee tumblers in China. OEM manufacturer of stainless steel travel mugs with logo printing. Direct factory pricing for bulk.","robots":{"index":"index","follow":"follow","max-snippet":"max-snippet:-1","max-image-preview":"max-image-preview:large","max-video-preview":"max-video-preview:-1"},"canonical":"https:\/\/customizedwaterbottles.com\/de\/product\/owala-12-oz-smooth-sip\/","og_locale":"de_DE","og_type":"article","og_title":"Smooth Sip Slider 12 oz Tumbler For Coffee In China","og_description":"Customize 12oz Smooth Sip coffee tumblers in China. OEM manufacturer of stainless steel travel mugs with logo printing. Direct factory pricing for bulk.","og_url":"https:\/\/customizedwaterbottles.com\/de\/product\/owala-12-oz-smooth-sip\/","og_site_name":"iFun","article_modified_time":"2025-08-28T09:09:27+00:00","og_image":[{"width":1200,"height":1200,"url":"https:\/\/customizedwaterbottles.com\/wp-content\/uploads\/2025\/08\/owala-smooth-sip-slider-12-oz.webp","type":"image\/webp"}],"twitter_card":"summary_large_image","twitter_misc":{"Gesch\u00e4tzte Lesezeit":"2\u00a0Minuten"},"schema":{"@context":"https:\/\/schema.org","@graph":[{"@type":"WebPage","@id":"https:\/\/customizedwaterbottles.com\/product\/owala-12-oz-smooth-sip\/","url":"https:\/\/customizedwaterbottles.com\/product\/owala-12-oz-smooth-sip\/","name":"Smooth Sip Slider 12 oz Tumbler For Coffee In China","isPartOf":{"@id":"https:\/\/customizedwaterbottles.com\/#website"},"primaryImageOfPage":{"@id":"https:\/\/customizedwaterbottles.com\/product\/owala-12-oz-smooth-sip\/#primaryimage"},"image":{"@id":"https:\/\/customizedwaterbottles.com\/product\/owala-12-oz-smooth-sip\/#primaryimage"},"thumbnailUrl":"https:\/\/customizedwaterbottles.com\/wp-content\/uploads\/2025\/08\/owala-smooth-sip-slider-12-oz.webp","datePublished":"2025-08-28T08:58:19+00:00","dateModified":"2025-08-28T09:09:27+00:00","description":"Customize 12oz Smooth Sip coffee tumblers in China. OEM manufacturer of stainless steel travel mugs with logo printing. Direct factory pricing for bulk.","breadcrumb":{"@id":"https:\/\/customizedwaterbottles.com\/product\/owala-12-oz-smooth-sip\/#breadcrumb"},"inLanguage":"de","potentialAction":[{"@type":"ReadAction","target":["https:\/\/customizedwaterbottles.com\/product\/owala-12-oz-smooth-sip\/"]}]},{"@type":"ImageObject","inLanguage":"de","@id":"https:\/\/customizedwaterbottles.com\/product\/owala-12-oz-smooth-sip\/#primaryimage","url":"https:\/\/customizedwaterbottles.com\/wp-content\/uploads\/2025\/08\/owala-smooth-sip-slider-12-oz.webp","contentUrl":"https:\/\/customizedwaterbottles.com\/wp-content\/uploads\/2025\/08\/owala-smooth-sip-slider-12-oz.webp","width":1200,"height":1200,"caption":"Smooth Sip Slider 12 oz Tumbler For Coffee"},{"@type":"BreadcrumbList","@id":"https:\/\/customizedwaterbottles.com\/product\/owala-12-oz-smooth-sip\/#breadcrumb","itemListElement":[{"@type":"ListItem","position":1,"name":"Home","item":"https:\/\/customizedwaterbottles.com\/"},{"@type":"ListItem","position":2,"name":"Products","item":"https:\/\/customizedwaterbottles.com\/wholesale-drinkware-manufacturer-water-bottles-tumblers\/"},{"@type":"ListItem","position":3,"name":"Smooth Sip Slider 12 oz Tumbler For Coffee In China 1081624T"}]},{"@type":"WebSite","@id":"https:\/\/customizedwaterbottles.com\/#website","url":"https:\/\/customizedwaterbottles.com\/","name":"iFun","description":"Water Bottles Stainless Steel Vacuum Flask","potentialAction":[{"@type":"SearchAction","target":{"@type":"EntryPoint","urlTemplate":"https:\/\/customizedwaterbottles.com\/?s={search_term_string}"},"query-input":{"@type":"PropertyValueSpecification","valueRequired":true,"valueName":"search_term_string"}}],"inLanguage":"de"}]}},"_links":{"self":[{"href":"https:\/\/customizedwaterbottles.com\/de\/wp-json\/wp\/v2\/product\/3454","targetHints":{"allow":["GET"]}}],"collection":[{"href":"https:\/\/customizedwaterbottles.com\/de\/wp-json\/wp\/v2\/product"}],"about":[{"href":"https:\/\/customizedwaterbottles.com\/de\/wp-json\/wp\/v2\/types\/product"}],"replies":[{"embeddable":true,"href":"https:\/\/customizedwaterbottles.com\/de\/wp-json\/wp\/v2\/comments?post=3454"}],"wp:featuredmedia":[{"embeddable":true,"href":"https:\/\/customizedwaterbottles.com\/de\/wp-json\/wp\/v2\/media\/3462"}],"wp:attachment":[{"href":"https:\/\/customizedwaterbottles.com\/de\/wp-json\/wp\/v2\/media?parent=3454"}],"wp:term":[{"taxonomy":"product_brand","embeddable":true,"href":"https:\/\/customizedwaterbottles.com\/de\/wp-json\/wp\/v2\/product_brand?post=3454"},{"taxonomy":"product_cat","embeddable":true,"href":"https:\/\/customizedwaterbottles.com\/de\/wp-json\/wp\/v2\/product_cat?post=3454"},{"taxonomy":"product_tag","embeddable":true,"href":"https:\/\/customizedwaterbottles.com\/de\/wp-json\/wp\/v2\/product_tag?post=3454"}],"curies":[{"name":"wp","href":"https:\/\/api.w.org\/{rel}","templated":true}]}}