{"id":3521,"date":"2025-09-02T08:36:11","date_gmt":"2025-09-02T08:36:11","guid":{"rendered":"https:\/\/customizedwaterbottles.com\/?post_type=product&#038;p=3521"},"modified":"2025-09-02T09:14:39","modified_gmt":"2025-09-02T09:14:39","slug":"customize-20oz-insulated-tumbler-with-convenient-braided-carrystrap","status":"publish","type":"product","link":"https:\/\/customizedwaterbottles.com\/de\/product\/customize-20oz-insulated-tumbler-with-convenient-braided-carrystrap\/","title":{"rendered":"Customize 20oz isoliert Becher mit bequemen geflochtenen Trageriemen1081626T"},"content":{"rendered":"<p><strong>\u00a0Product Name\uff1aCustomize tumbler\u00a0 Quick Custom 20oz Travel Tumbler &#8211; Detachable Braided Strap, Dishwasher Safe<\/strong><strong><br \/>\n<\/strong><strong>\u00a0Kapazit\u00e4t\uff1a<\/strong>20oz<br \/>\n<strong>\u00a0Zubeh\u00f6r\uff1a <\/strong>WITH LID And Straw<strong><br \/>\nMaterial der Flasche: <\/strong>18\/8 food-grade stainless steel (SUS304 stainless steel)<strong><br \/>\nMaterial des Deckels: <\/strong>SS + PP + Silicone<strong><br \/>\nFarbe\uff1a<\/strong>Glossy painting,matte painting, powder coating etc<strong>.<br \/>\nLogo\uff1a<\/strong>Kundenspezifisches Logo Acceptabl. Siebdruck, Thermotransferdruck, Lasergravur, Wasser\u00fcbertragung etc.<strong><br \/>\nType \uff1a<\/strong>Cup<strong><br \/>\nFeature\uff1a<\/strong>Spill Proof<strong><br \/>\nInsulation Performance: <\/strong>Keep cold up to 24 hours\/ keep hot up to 12 hours<strong><br \/>\nBPA-frei: <\/strong>Ja<strong><br \/>\nPhthalat-frei: <\/strong>Ja<strong><br \/>\nBleifrei:<\/strong> Ja<strong><br \/>\nUmweltfreundlich: <\/strong>Ja<strong><br \/>\nOEM OEM: <\/strong>Begr\u00fc\u00dft<strong><br \/>\n<\/strong><strong>\u00a0 \u00a0 \u00a0 MOQ\uff1a<\/strong>300St\u00fcck<br \/>\n<strong>\u00a0 \u00a0 \u00a0 Probezeit\uff1a<\/strong>3-7 Tage f\u00fcr individuelle Gestaltung<br \/>\n<strong>\u00a0 \u00a0 \u00a0 Zertifizierung\uff1a<\/strong>FDA, LFGB<br \/>\n<strong>\u00a0 \u00a0 \u00a0 Verpacken<\/strong>\uff1aWei\u00dfe Schachtel, farbige Schachtel oder Schachtel mit individuellem Design<br \/>\n<strong>\u00a0 \u00a0 \u00a0 Produktionskapazit\u00e4t\uff1a<\/strong>500.000 Exemplare pro Monat<br \/>\n<strong>\u00a0 \u00a0 \u00a0 Lieferzeit\uff1a<\/strong>5-35 Tage f\u00fcr Mengen unter 20.000 St\u00fcck<\/p>\n<h3><strong>Why Choose IfunCustom 20oz Travel Tumbler &#8211; Detachable Braided Strap\uff1f<\/strong><\/h3>\n<ol>\n<li><strong>Zertifizierte Qualit\u00e4t und Sicherheit<\/strong><br \/>\nOur Sippy Cup, Travel Mug, and drinkware meet international standards (CE, FDA, CA65\/Prop65, LFGB), ensuring BPA-free, durable, andsafe products for your customers.<\/li>\n<li><strong style=\"color: #555555;\">\u00a0Herausragend mit individuellen Designs<br \/>\n<\/strong>Your brand deserves unique drinkware that captures attention. With Anhui iFun\u2019s stylish and customizable designs, your 12oz kids tumblers will reflect your brand identity and help you stand out in a competitive market.<\/li>\n<li><strong style=\"color: #555555;\">Strenge Qualit\u00e4tskontrolle<br \/>\n<\/strong>Quality is at the heart of our manufacturing process. Our dedicated team of inspectors ensures every Sippy Cup strict standards before reaching your customers worldwide.<\/li>\n<li><strong style=\"color: #555555;\">Sch\u00fctzen Sie Ihre Marke und Ideen<br \/>\n<\/strong>Wir respektieren geistiges Eigentum und Vertraulichkeit. Bei Bedarf unterzeichnen wir gerne NDAs oder NNN-Vereinbarungen, um Ihre OEM\/ODM-Designs zu sch\u00fctzen.<\/li>\n<li><strong style=\"color: #555555;\">Effiziente, automatisierte Produktion<br \/>\n<\/strong>Wir haben uns auf die Herstellung von Getr\u00e4nken spezialisiert und nutzen fortschrittliche Produktionslinien und Industrie 4.0-Technologien, um kosteng\u00fcnstige, hochwertige Produkte zu wettbewerbsf\u00e4higen Preisen zu liefern.<\/li>\n<li><strong style=\"color: #555555;\">OEM\/ODM-Kompetenz<br \/>\n<\/strong>Unsere erfahrenen Ingenieure mit mehr als 20 Jahren Erfahrung in der Herstellung von Trinkgef\u00e4\u00dfen k\u00f6nnen Ihre Ideen in marktreife Hydra Flask Bike Bottles umsetzen und Ihnen dabei helfen, Bestseller zu kreieren.<\/li>\n<li><strong style=\"color: #555555;\">Vollst\u00e4ndige Anpassung der Dienstleistungen<br \/>\n<\/strong>Von der Formgebung bis zur Verpackung bieten wir eine durchg\u00e4ngige Anpassung an die Bed\u00fcrfnisse Ihrer Marke:<br \/>\n<strong style=\"color: #555555;\">Kundenspezifische Formgebung<\/strong><span style=\"color: #555555;\"> - <\/span><a href=\"https:\/\/customizedwaterbottles.com\/de\/custom-water-bottle-mold-maker-bpa-free-vacuum-flask-oem\/\" target=\"_blank\" rel=\"noopener\">https:\/\/customizedwaterbottles.com\/custom-water-bottle-mold-maker-bpa-free-vacuum-flask-oem\/<\/a><br \/>\n<strong style=\"color: #555555;\">Dekorieren nach Ma\u00df<\/strong><span style=\"color: #555555;\"> -<\/span><a href=\"https:\/\/customizedwaterbottles.com\/de\/graphic-design-water-bottles-custom-stainless-steel-oem\/\" target=\"_blank\" rel=\"noopener\"> https:\/\/customizedwaterbottles.com\/graphic-design-water-bottles-custom-stainless-steel-oem\/<\/a><br \/>\n<strong style=\"color: #555555;\">Individuelle Logos und Verpackungen<\/strong><span style=\"color: #555555;\"> - <\/span><a href=\"https:\/\/customizedwaterbottles.com\/de\/wholesale-custom-packaging-for-water-bottles-tumblers\/\" target=\"_blank\" rel=\"noopener\">https:\/\/customizedwaterbottles.com\/wholesale-custom-packaging-for-water-bottles-tumblers\/<\/a><br \/>\n<strong style=\"color: #555555;\">Individuelles Geschenk<\/strong><span style=\"color: #555555;\"> - <\/span><a href=\"https:\/\/customizedwaterbottles.com\/de\/promotional-drinkware-for-businesses-custom-branded-gifts\/\" target=\"_blank\" rel=\"noopener\">https:\/\/customizedwaterbottles.com\/promotional-drinkware-for-businesses-custom-branded-gifts\/<\/a><\/li>\n<\/ol>\n[post-link-list]\n<p><img decoding=\"async\" class=\"alignnone size-medium wp-image-3531\" src=\"https:\/\/customizedwaterbottles.com\/wp-content\/uploads\/2025\/09\/20oz-tumbler-3.webp\" alt=\"\" width=\"750\" height=\"1000\" srcset=\"https:\/\/customizedwaterbottles.com\/wp-content\/uploads\/2025\/09\/20oz-tumbler-3.webp 750w, https:\/\/customizedwaterbottles.com\/wp-content\/uploads\/2025\/09\/20oz-tumbler-3-600x800.webp 600w\" sizes=\"(max-width: 750px) 100vw, 750px\" \/> <img decoding=\"async\" class=\"alignnone size-medium wp-image-3532\" src=\"https:\/\/customizedwaterbottles.com\/wp-content\/uploads\/2025\/09\/20oz-tumbler-4.webp\" alt=\"\" width=\"750\" height=\"1000\" srcset=\"https:\/\/customizedwaterbottles.com\/wp-content\/uploads\/2025\/09\/20oz-tumbler-4.webp 750w, https:\/\/customizedwaterbottles.com\/wp-content\/uploads\/2025\/09\/20oz-tumbler-4-600x800.webp 600w\" sizes=\"(max-width: 750px) 100vw, 750px\" \/> <img decoding=\"async\" class=\"alignnone size-medium wp-image-3533\" src=\"https:\/\/customizedwaterbottles.com\/wp-content\/uploads\/2025\/09\/20oz-tumbler-5.webp\" alt=\"\" width=\"800\" height=\"800\" srcset=\"https:\/\/customizedwaterbottles.com\/wp-content\/uploads\/2025\/09\/20oz-tumbler-5.webp 800w, https:\/\/customizedwaterbottles.com\/wp-content\/uploads\/2025\/09\/20oz-tumbler-5-768x768.webp 768w, https:\/\/customizedwaterbottles.com\/wp-content\/uploads\/2025\/09\/20oz-tumbler-5-300x300.webp 300w, https:\/\/customizedwaterbottles.com\/wp-content\/uploads\/2025\/09\/20oz-tumbler-5-600x600.webp 600w, https:\/\/customizedwaterbottles.com\/wp-content\/uploads\/2025\/09\/20oz-tumbler-5-100x100.webp 100w\" sizes=\"(max-width: 800px) 100vw, 800px\" \/><\/p>\n<p><img decoding=\"async\" class=\"alignnone size-medium wp-image-3530\" src=\"https:\/\/customizedwaterbottles.com\/wp-content\/uploads\/2025\/09\/20oz-tumbler-2.webp\" alt=\"\" width=\"750\" height=\"1000\" srcset=\"https:\/\/customizedwaterbottles.com\/wp-content\/uploads\/2025\/09\/20oz-tumbler-2.webp 750w, https:\/\/customizedwaterbottles.com\/wp-content\/uploads\/2025\/09\/20oz-tumbler-2-600x800.webp 600w\" sizes=\"(max-width: 750px) 100vw, 750px\" \/><\/p>","protected":false},"excerpt":{"rendered":"<h3><strong>\u00a0 \u00a0 \u00a0 \u00a0Produktmerkmale:<\/strong><\/h3>\n<ul>\n<li><strong>Ideal for Little Hands &amp; Big Adventures<\/strong><br \/>\nOur 20oz Stainless Steel Tumbler &#8211; Braided Carry Strap, Personalized for Coffee Lovers is perfectly sized for toddlers, offering a smooth, easy-to-sip experience and a hassle-free, easy-to-clean design for parents.<\/li>\n<li><strong>Spill-Resistant for Peace of Mind<\/strong><br \/>\nThe secure, spill-resistant lid minimizes mess and stress, making this children&#8217;s sippy cup perfect for use at home, in the booster seat, or chilling in the stroller cup holder.<\/li>\n<li><strong>Easy-Clean, Removable Straw<\/strong><br \/>\nFeatures a removable, reusable straw that&#8217;s incredibly easy to clean: simply remove the lid, push the straw through from the top, and rinse. It\u2019s that easy!<\/li>\n<li><strong>Keeps Drinks Cool &amp; Refreshing<\/strong><br \/>\nThe insulated stainless steel construction keeps beverages cold during playtime and adventures. Please note: This tumbler is designed to keep cold drinks cold and is not for use with hot, carbonated, or perishable liquids.<\/li>\n<li><strong>Built to Withstand Toddler Life<\/strong><br \/>\nCrafted from durable materials that can survive a tumble or two. This sippy cup with straw is 100% BPA, lead, and phthalate-free. For care, hand wash the cup; the lid is dishwasher-safe.<\/p>\n<h3><strong>\u00a0Kundenspezifische Dienstleistungen:<\/strong><\/h3>\n<\/li>\n<li><strong>Logo &amp; Design\uff1a<\/strong>Customize your children&#8217;s sippy cups with logos and designs using techniques like screen printing, laser engraving, heat transfer, 3D printing, or UV printing.<\/li>\n<li><strong>Color Options\uff1a<\/strong>W\u00e4hlen Sie aus Pantone-angepassten Farben mit Oberfl\u00e4chen wie matt, gl\u00e4nzend oder Pulverbeschichtung, um Ihre Markenidentit\u00e4t zu unterstreichen.<\/li>\n<li><strong>Capacity Variety\uff1b<\/strong>Available in 12oz, with options for custom capacities to meet specific needs.<\/li>\n<li><strong>Lid Customization\uff1a<\/strong>W\u00e4hlen Sie aus 100% BPA-freien auslaufsicheren Deckeln in anpassbaren Farben.<\/li>\n<li><strong>Packaging Solutions\uff1a<\/strong>Zu den Optionen geh\u00f6ren farbige Kartons, wei\u00dfe Kartons, Geschenkkartons, braune Kartons und auf Ihre Bed\u00fcrfnisse zugeschnittene Zylinderkartons.<\/li>\n<\/ul>","protected":false},"featured_media":3537,"comment_status":"open","ping_status":"closed","template":"","meta":[],"product_brand":[216,214,215],"product_cat":[23],"product_tag":[221,218,217,219,220],"class_list":{"0":"post-3521","1":"product","2":"type-product","3":"status-publish","4":"has-post-thumbnail","6":"product_brand-20oz-tumbler-manufacture","7":"product_brand-customize-tumbler-20oz","8":"product_brand-wholesale-insulated-tumbler-20oz","9":"product_cat-insulated-tumblers-mugs","10":"product_tag-20oz-tumblers","11":"product_tag-custom-tumbler","12":"product_tag-customize-tumbler","13":"product_tag-tumblers-factory","14":"product_tag-wholesale-tumbler-manufacturer","16":"first","17":"instock","18":"shipping-taxable","19":"product-type-simple"},"yoast_head":"<!-- This site is optimized with the Yoast SEO plugin v25.4 - https:\/\/yoast.com\/wordpress\/plugins\/seo\/ -->\n<title>Quick Custom 20oz Travel Tumbler - Detachable Braided Strap<\/title>\n<meta name=\"description\" content=\"China OEM Tumbler Factory: Custom 20oz Insulated Tumbler With Convenient Braided Carrystrap. Bulk order &amp; wholesale pricing.\" \/>\n<meta name=\"robots\" content=\"index, follow, max-snippet:-1, max-image-preview:large, max-video-preview:-1\" \/>\n<link rel=\"canonical\" href=\"https:\/\/customizedwaterbottles.com\/de\/product\/customize-20oz-insulated-tumbler-with-convenient-braided-carrystrap\/\" \/>\n<meta property=\"og:locale\" content=\"de_DE\" \/>\n<meta property=\"og:type\" content=\"article\" \/>\n<meta property=\"og:title\" content=\"Quick Custom 20oz Travel Tumbler - Detachable Braided Strap\" \/>\n<meta property=\"og:description\" content=\"China OEM Tumbler Factory: Custom 20oz Insulated Tumbler With Convenient Braided Carrystrap. Bulk order &amp; wholesale pricing.\" \/>\n<meta property=\"og:url\" content=\"https:\/\/customizedwaterbottles.com\/de\/product\/customize-20oz-insulated-tumbler-with-convenient-braided-carrystrap\/\" \/>\n<meta property=\"og:site_name\" content=\"iFun\" \/>\n<meta property=\"article:modified_time\" content=\"2025-09-02T09:14:39+00:00\" \/>\n<meta property=\"og:image\" content=\"https:\/\/customizedwaterbottles.com\/wp-content\/uploads\/2025\/09\/20oz-tumbler-9.webp\" \/>\n\t<meta property=\"og:image:width\" content=\"800\" \/>\n\t<meta property=\"og:image:height\" content=\"800\" \/>\n\t<meta property=\"og:image:type\" content=\"image\/webp\" \/>\n<meta name=\"twitter:card\" content=\"summary_large_image\" \/>\n<meta name=\"twitter:label1\" content=\"Gesch\u00e4tzte Lesezeit\" \/>\n\t<meta name=\"twitter:data1\" content=\"3\u00a0Minuten\" \/>\n<script type=\"application\/ld+json\" class=\"yoast-schema-graph\">{\"@context\":\"https:\/\/schema.org\",\"@graph\":[{\"@type\":\"WebPage\",\"@id\":\"https:\/\/customizedwaterbottles.com\/product\/customize-20oz-insulated-tumbler-with-convenient-braided-carrystrap\/\",\"url\":\"https:\/\/customizedwaterbottles.com\/product\/customize-20oz-insulated-tumbler-with-convenient-braided-carrystrap\/\",\"name\":\"Quick Custom 20oz Travel Tumbler - Detachable Braided Strap\",\"isPartOf\":{\"@id\":\"https:\/\/customizedwaterbottles.com\/#website\"},\"primaryImageOfPage\":{\"@id\":\"https:\/\/customizedwaterbottles.com\/product\/customize-20oz-insulated-tumbler-with-convenient-braided-carrystrap\/#primaryimage\"},\"image\":{\"@id\":\"https:\/\/customizedwaterbottles.com\/product\/customize-20oz-insulated-tumbler-with-convenient-braided-carrystrap\/#primaryimage\"},\"thumbnailUrl\":\"https:\/\/customizedwaterbottles.com\/wp-content\/uploads\/2025\/09\/20oz-tumbler-9.webp\",\"datePublished\":\"2025-09-02T08:36:11+00:00\",\"dateModified\":\"2025-09-02T09:14:39+00:00\",\"description\":\"China OEM Tumbler Factory: Custom 20oz Insulated Tumbler With Convenient Braided Carrystrap. Bulk order & wholesale pricing.\",\"breadcrumb\":{\"@id\":\"https:\/\/customizedwaterbottles.com\/product\/customize-20oz-insulated-tumbler-with-convenient-braided-carrystrap\/#breadcrumb\"},\"inLanguage\":\"de\",\"potentialAction\":[{\"@type\":\"ReadAction\",\"target\":[\"https:\/\/customizedwaterbottles.com\/product\/customize-20oz-insulated-tumbler-with-convenient-braided-carrystrap\/\"]}]},{\"@type\":\"ImageObject\",\"inLanguage\":\"de\",\"@id\":\"https:\/\/customizedwaterbottles.com\/product\/customize-20oz-insulated-tumbler-with-convenient-braided-carrystrap\/#primaryimage\",\"url\":\"https:\/\/customizedwaterbottles.com\/wp-content\/uploads\/2025\/09\/20oz-tumbler-9.webp\",\"contentUrl\":\"https:\/\/customizedwaterbottles.com\/wp-content\/uploads\/2025\/09\/20oz-tumbler-9.webp\",\"width\":800,\"height\":800,\"caption\":\"Customize 20oz Insulated Tumbler With Convenient Braided Carrystrap\"},{\"@type\":\"BreadcrumbList\",\"@id\":\"https:\/\/customizedwaterbottles.com\/product\/customize-20oz-insulated-tumbler-with-convenient-braided-carrystrap\/#breadcrumb\",\"itemListElement\":[{\"@type\":\"ListItem\",\"position\":1,\"name\":\"Home\",\"item\":\"https:\/\/customizedwaterbottles.com\/\"},{\"@type\":\"ListItem\",\"position\":2,\"name\":\"Products\",\"item\":\"https:\/\/customizedwaterbottles.com\/wholesale-drinkware-manufacturer-water-bottles-tumblers\/\"},{\"@type\":\"ListItem\",\"position\":3,\"name\":\"Customize 20oz Insulated Tumbler With Convenient Braided Carrystrap1081626T\"}]},{\"@type\":\"WebSite\",\"@id\":\"https:\/\/customizedwaterbottles.com\/#website\",\"url\":\"https:\/\/customizedwaterbottles.com\/\",\"name\":\"iFun\",\"description\":\"Water Bottles Stainless Steel Vacuum Flask\",\"potentialAction\":[{\"@type\":\"SearchAction\",\"target\":{\"@type\":\"EntryPoint\",\"urlTemplate\":\"https:\/\/customizedwaterbottles.com\/?s={search_term_string}\"},\"query-input\":{\"@type\":\"PropertyValueSpecification\",\"valueRequired\":true,\"valueName\":\"search_term_string\"}}],\"inLanguage\":\"de\"}]}<\/script>\n<!-- \/ Yoast SEO plugin. -->","yoast_head_json":{"title":"Quick Custom 20oz Travel Tumbler - Detachable Braided Strap","description":"China OEM Tumbler Factory: Custom 20oz Insulated Tumbler With Convenient Braided Carrystrap. Bulk order & wholesale pricing.","robots":{"index":"index","follow":"follow","max-snippet":"max-snippet:-1","max-image-preview":"max-image-preview:large","max-video-preview":"max-video-preview:-1"},"canonical":"https:\/\/customizedwaterbottles.com\/de\/product\/customize-20oz-insulated-tumbler-with-convenient-braided-carrystrap\/","og_locale":"de_DE","og_type":"article","og_title":"Quick Custom 20oz Travel Tumbler - Detachable Braided Strap","og_description":"China OEM Tumbler Factory: Custom 20oz Insulated Tumbler With Convenient Braided Carrystrap. Bulk order & wholesale pricing.","og_url":"https:\/\/customizedwaterbottles.com\/de\/product\/customize-20oz-insulated-tumbler-with-convenient-braided-carrystrap\/","og_site_name":"iFun","article_modified_time":"2025-09-02T09:14:39+00:00","og_image":[{"width":800,"height":800,"url":"https:\/\/customizedwaterbottles.com\/wp-content\/uploads\/2025\/09\/20oz-tumbler-9.webp","type":"image\/webp"}],"twitter_card":"summary_large_image","twitter_misc":{"Gesch\u00e4tzte Lesezeit":"3\u00a0Minuten"},"schema":{"@context":"https:\/\/schema.org","@graph":[{"@type":"WebPage","@id":"https:\/\/customizedwaterbottles.com\/product\/customize-20oz-insulated-tumbler-with-convenient-braided-carrystrap\/","url":"https:\/\/customizedwaterbottles.com\/product\/customize-20oz-insulated-tumbler-with-convenient-braided-carrystrap\/","name":"Quick Custom 20oz Travel Tumbler - Detachable Braided Strap","isPartOf":{"@id":"https:\/\/customizedwaterbottles.com\/#website"},"primaryImageOfPage":{"@id":"https:\/\/customizedwaterbottles.com\/product\/customize-20oz-insulated-tumbler-with-convenient-braided-carrystrap\/#primaryimage"},"image":{"@id":"https:\/\/customizedwaterbottles.com\/product\/customize-20oz-insulated-tumbler-with-convenient-braided-carrystrap\/#primaryimage"},"thumbnailUrl":"https:\/\/customizedwaterbottles.com\/wp-content\/uploads\/2025\/09\/20oz-tumbler-9.webp","datePublished":"2025-09-02T08:36:11+00:00","dateModified":"2025-09-02T09:14:39+00:00","description":"China OEM Tumbler Factory: Custom 20oz Insulated Tumbler With Convenient Braided Carrystrap. Bulk order & wholesale pricing.","breadcrumb":{"@id":"https:\/\/customizedwaterbottles.com\/product\/customize-20oz-insulated-tumbler-with-convenient-braided-carrystrap\/#breadcrumb"},"inLanguage":"de","potentialAction":[{"@type":"ReadAction","target":["https:\/\/customizedwaterbottles.com\/product\/customize-20oz-insulated-tumbler-with-convenient-braided-carrystrap\/"]}]},{"@type":"ImageObject","inLanguage":"de","@id":"https:\/\/customizedwaterbottles.com\/product\/customize-20oz-insulated-tumbler-with-convenient-braided-carrystrap\/#primaryimage","url":"https:\/\/customizedwaterbottles.com\/wp-content\/uploads\/2025\/09\/20oz-tumbler-9.webp","contentUrl":"https:\/\/customizedwaterbottles.com\/wp-content\/uploads\/2025\/09\/20oz-tumbler-9.webp","width":800,"height":800,"caption":"Customize 20oz Insulated Tumbler With Convenient Braided Carrystrap"},{"@type":"BreadcrumbList","@id":"https:\/\/customizedwaterbottles.com\/product\/customize-20oz-insulated-tumbler-with-convenient-braided-carrystrap\/#breadcrumb","itemListElement":[{"@type":"ListItem","position":1,"name":"Home","item":"https:\/\/customizedwaterbottles.com\/"},{"@type":"ListItem","position":2,"name":"Products","item":"https:\/\/customizedwaterbottles.com\/wholesale-drinkware-manufacturer-water-bottles-tumblers\/"},{"@type":"ListItem","position":3,"name":"Customize 20oz Insulated Tumbler With Convenient Braided Carrystrap1081626T"}]},{"@type":"WebSite","@id":"https:\/\/customizedwaterbottles.com\/#website","url":"https:\/\/customizedwaterbottles.com\/","name":"iFun","description":"Water Bottles Stainless Steel Vacuum Flask","potentialAction":[{"@type":"SearchAction","target":{"@type":"EntryPoint","urlTemplate":"https:\/\/customizedwaterbottles.com\/?s={search_term_string}"},"query-input":{"@type":"PropertyValueSpecification","valueRequired":true,"valueName":"search_term_string"}}],"inLanguage":"de"}]}},"_links":{"self":[{"href":"https:\/\/customizedwaterbottles.com\/de\/wp-json\/wp\/v2\/product\/3521","targetHints":{"allow":["GET"]}}],"collection":[{"href":"https:\/\/customizedwaterbottles.com\/de\/wp-json\/wp\/v2\/product"}],"about":[{"href":"https:\/\/customizedwaterbottles.com\/de\/wp-json\/wp\/v2\/types\/product"}],"replies":[{"embeddable":true,"href":"https:\/\/customizedwaterbottles.com\/de\/wp-json\/wp\/v2\/comments?post=3521"}],"wp:featuredmedia":[{"embeddable":true,"href":"https:\/\/customizedwaterbottles.com\/de\/wp-json\/wp\/v2\/media\/3537"}],"wp:attachment":[{"href":"https:\/\/customizedwaterbottles.com\/de\/wp-json\/wp\/v2\/media?parent=3521"}],"wp:term":[{"taxonomy":"product_brand","embeddable":true,"href":"https:\/\/customizedwaterbottles.com\/de\/wp-json\/wp\/v2\/product_brand?post=3521"},{"taxonomy":"product_cat","embeddable":true,"href":"https:\/\/customizedwaterbottles.com\/de\/wp-json\/wp\/v2\/product_cat?post=3521"},{"taxonomy":"product_tag","embeddable":true,"href":"https:\/\/customizedwaterbottles.com\/de\/wp-json\/wp\/v2\/product_tag?post=3521"}],"curies":[{"name":"wp","href":"https:\/\/api.w.org\/{rel}","templated":true}]}}