{"id":3970,"date":"2025-10-28T06:12:11","date_gmt":"2025-10-28T06:12:11","guid":{"rendered":"https:\/\/customizedwaterbottles.com\/?post_type=product&#038;p=3970"},"modified":"2025-10-28T06:49:03","modified_gmt":"2025-10-28T06:49:03","slug":"stainless-steel-thermo-cup-with-push-button-lid","status":"publish","type":"product","link":"https:\/\/customizedwaterbottles.com\/de\/product\/stainless-steel-thermo-cup-with-push-button-lid\/","title":{"rendered":"BURI Stainless Steel Thermo Cup 0.4 L with Travel Beaker Mug And Press Stud 1081634T"},"content":{"rendered":"<p><strong>\u00a0 \u00a0 \u00a0 <span style=\"color: #000000;\">Product Name\uff1aStainless Steel Thermo Cup 0.4 L with Travel Beaker Mug and Push-button Lid<\/span><\/strong><span style=\"color: #000000;\"><strong><br \/>\n<\/strong><strong>\u00a0 \u00a0 \u00a0 Kapazit\u00e4t\uff1a<\/strong>400ml<strong><br \/>\n<\/strong><strong>\u00a0 \u00a0 \u00a0 Material\uff1a<\/strong>Rostfreier Stahl<\/span><br \/>\n<span style=\"color: #000000;\"><strong>\u00a0 \u00a0 \u00a0 Farbe\uff1a<\/strong>Gl\u00e4nzende Lackierung, matte Lackierung, Pulverbeschichtung usw.<\/span><br \/>\n<span style=\"color: #000000;\"><strong>\u00a0 \u00a0 \u00a0 Logo\uff1a<\/strong>Siebdruck, Thermotransferdruck, Lasergravur, Wassertransfer usw.<\/span><br \/>\n<span style=\"color: #000000;\"><strong>\u00a0 \u00a0 \u00a0 MOQ\uff1a<\/strong>300St\u00fcck<\/span><br \/>\n<span style=\"color: #000000;\"><strong>\u00a0 \u00a0 \u00a0 Probezeit\uff1a<\/strong>3-7 Tage f\u00fcr individuelle Gestaltung<\/span><br \/>\n<span style=\"color: #000000;\"><strong>\u00a0 \u00a0 \u00a0 Zertifizierung\uff1a<\/strong>FDA, LFGB<\/span><br \/>\n<span style=\"color: #000000;\"><strong>\u00a0 \u00a0 \u00a0 Verpacken<\/strong>\uff1aWei\u00dfe Schachtel, farbige Schachtel oder Schachtel mit individuellem Design<\/span><br \/>\n<span style=\"color: #000000;\"><strong>\u00a0 \u00a0 \u00a0 Produktionskapazit\u00e4t\uff1a<\/strong>500.000 Exemplare pro Monat<\/span><br \/>\n<span style=\"color: #000000;\"><strong>\u00a0 \u00a0 \u00a0 Lieferzeit\uff1a<\/strong>5-35 Tage f\u00fcr Mengen unter 20.000 St\u00fcck<\/span><\/p>\n<h2><strong>Why Choose Ifun Travel Beaker Mug\uff1f<\/strong><\/h2>\n<ol>\n<li><span style=\"color: #000000;\"><strong>Zertifizierte Qualit\u00e4t und Sicherheit<\/strong><\/span><br \/>\n<span style=\"color: #000000;\">Our OEM tumbler, and drinkware meet international standards (CE, FDA, CA65\/Prop65, LFGB), ensuring BPA-free, durable, and safe products for your customers.<\/span><\/li>\n<li><span style=\"color: #000000;\"><strong>Herausragend mit individuellen Designs<br \/>\n<\/strong>Your brand deserves unique drinkware that captures attention. With Anhui iFun\u2019s stylish and customizable designs, your OEM tumbler will reflect your brand identity and help you stand out in a competitive market.<\/span><\/li>\n<li><span style=\"color: #000000;\"><strong>Strenge Qualit\u00e4tskontrolle<br \/>\n<\/strong>Quality is at the heart of our manufacturing process. Our dedicated team of inspectors ensures every leakproof tumbler meets strict standards before reaching your customers worldwide.<\/span><\/li>\n<li><span style=\"color: #000000;\"><strong>Sch\u00fctzen Sie Ihre Marke und Ideen<br \/>\n<\/strong>Wir respektieren geistiges Eigentum und Vertraulichkeit. Bei Bedarf unterzeichnen wir gerne NDAs oder NNN-Vereinbarungen, um Ihre OEM\/ODM-Designs zu sch\u00fctzen.<\/span><\/li>\n<li><span style=\"color: #000000;\"><strong>Effiziente, automatisierte Produktion<br \/>\n<\/strong>Wir haben uns auf die Herstellung von Getr\u00e4nken spezialisiert und nutzen fortschrittliche Produktionslinien und Industrie 4.0-Technologien, um kosteng\u00fcnstige, hochwertige Produkte zu wettbewerbsf\u00e4higen Preisen zu liefern.<\/span><\/li>\n<li><span style=\"color: #000000;\"><strong>OEM\/ODM-Kompetenz<br \/>\n<\/strong>Our experienced engineers, with over 20 years in drinkware manufacturing, can transform your ideas into market-ready OEM tumbler\u2014helping you create best sellers.<\/span><\/li>\n<li><span style=\"color: #000000;\"><strong>Vollst\u00e4ndige Anpassung der Dienstleistungen<br \/>\n<\/strong>Von der Formgebung bis zur Verpackung bieten wir eine durchg\u00e4ngige Anpassung an die Bed\u00fcrfnisse Ihrer Marke:<\/span><br \/>\n<strong style=\"color: #555555;\">Kundenspezifische Formgebung<\/strong><span style=\"color: #555555;\"> - <\/span><a href=\"https:\/\/customizedwaterbottles.com\/de\/custom-water-bottle-mold-maker-bpa-free-vacuum-flask-oem\/\" target=\"_blank\" rel=\"noopener\">https:\/\/customizedwaterbottles.com\/custom-water-bottle-mold-maker-bpa-free-vacuum-flask-oem\/<\/a><br \/>\n<strong style=\"color: #555555;\">Dekorieren nach Ma\u00df<\/strong><span style=\"color: #555555;\"> -<\/span><a href=\"https:\/\/customizedwaterbottles.com\/de\/graphic-design-water-bottles-custom-stainless-steel-oem\/\" target=\"_blank\" rel=\"noopener\"> https:\/\/customizedwaterbottles.com\/graphic-design-water-bottles-custom-stainless-steel-oem\/<\/a><br \/>\n<strong style=\"color: #555555;\">Individuelle Logos und Verpackungen<\/strong><span style=\"color: #555555;\"> - <\/span><a href=\"https:\/\/customizedwaterbottles.com\/de\/wholesale-custom-packaging-for-water-bottles-tumblers\/\" target=\"_blank\" rel=\"noopener\">https:\/\/customizedwaterbottles.com\/wholesale-custom-packaging-for-water-bottles-tumblers\/<\/a><br \/>\n<strong style=\"color: #555555;\">Individuelles Geschenk<\/strong><span style=\"color: #555555;\"> - <\/span><a href=\"https:\/\/customizedwaterbottles.com\/de\/promotional-drinkware-for-businesses-custom-branded-gifts\/\" target=\"_blank\" rel=\"noopener\">https:\/\/customizedwaterbottles.com\/promotional-drinkware-for-businesses-custom-branded-gifts\/<\/a><\/li>\n<\/ol>\n[post-link-list]\n<p><img decoding=\"async\" class=\"alignnone wp-image-3971\" src=\"https:\/\/customizedwaterbottles.com\/wp-content\/uploads\/2025\/10\/UPPSALA-Double-wall-travel-cup-350-ml.webp\" alt=\"UPPSALA - Double wall travel cup 350 ml\" width=\"375\" height=\"375\" \/> <img decoding=\"async\" class=\"alignnone wp-image-3974\" src=\"https:\/\/customizedwaterbottles.com\/wp-content\/uploads\/2025\/10\/Double-wall-travel-cup-350-ml-UPPSALA.webp\" alt=\"Double wall travel cup 350 ml UPPSALA\" width=\"382\" height=\"382\" \/> <img decoding=\"async\" class=\"alignnone wp-image-3976\" src=\"https:\/\/customizedwaterbottles.com\/wp-content\/uploads\/2025\/10\/BURI-0.4-Litre-Stainless-Steel-Vacuum-Insulated-Mug-with.webp\" alt=\"BURI 0.4 Litre Stainless Steel Vacuum Insulated Mug with\" width=\"390\" height=\"390\" \/> <img decoding=\"async\" class=\"alignnone wp-image-3975\" src=\"https:\/\/customizedwaterbottles.com\/wp-content\/uploads\/2025\/10\/DOUBLE-WALL-TRAVEL-CUP-350-ML-in-Silver.webp\" alt=\"DOUBLE WALL TRAVEL CUP 350 ML in Silver\" width=\"369\" height=\"369\" \/> <img decoding=\"async\" class=\"alignnone  wp-image-3977\" src=\"https:\/\/customizedwaterbottles.com\/wp-content\/uploads\/2025\/10\/420ml-Stainless-Steel-Drinks-Coffee-Directing-Travel-Mug.webp\" alt=\"420ml Stainless Steel Drinks Coffee Directing Travel Mug\" width=\"577\" height=\"577\" srcset=\"https:\/\/customizedwaterbottles.com\/wp-content\/uploads\/2025\/10\/420ml-Stainless-Steel-Drinks-Coffee-Directing-Travel-Mug.webp 800w, https:\/\/customizedwaterbottles.com\/wp-content\/uploads\/2025\/10\/420ml-Stainless-Steel-Drinks-Coffee-Directing-Travel-Mug-768x768.webp 768w, https:\/\/customizedwaterbottles.com\/wp-content\/uploads\/2025\/10\/420ml-Stainless-Steel-Drinks-Coffee-Directing-Travel-Mug-300x300.webp 300w, https:\/\/customizedwaterbottles.com\/wp-content\/uploads\/2025\/10\/420ml-Stainless-Steel-Drinks-Coffee-Directing-Travel-Mug-600x600.webp 600w, https:\/\/customizedwaterbottles.com\/wp-content\/uploads\/2025\/10\/420ml-Stainless-Steel-Drinks-Coffee-Directing-Travel-Mug-100x100.webp 100w\" sizes=\"(max-width: 577px) 100vw, 577px\" \/> <img decoding=\"async\" class=\"alignnone  wp-image-3972\" src=\"https:\/\/customizedwaterbottles.com\/wp-content\/uploads\/2025\/10\/Thermal-Mug-LId.webp\" alt=\"Thermal Mug LId\" width=\"579\" height=\"579\" srcset=\"https:\/\/customizedwaterbottles.com\/wp-content\/uploads\/2025\/10\/Thermal-Mug-LId.webp 800w, https:\/\/customizedwaterbottles.com\/wp-content\/uploads\/2025\/10\/Thermal-Mug-LId-768x768.webp 768w, https:\/\/customizedwaterbottles.com\/wp-content\/uploads\/2025\/10\/Thermal-Mug-LId-300x300.webp 300w, https:\/\/customizedwaterbottles.com\/wp-content\/uploads\/2025\/10\/Thermal-Mug-LId-600x600.webp 600w, https:\/\/customizedwaterbottles.com\/wp-content\/uploads\/2025\/10\/Thermal-Mug-LId-100x100.webp 100w\" sizes=\"(max-width: 579px) 100vw, 579px\" \/><\/p>\n<p>&nbsp;<\/p>","protected":false},"excerpt":{"rendered":"<h3><span style=\"color: #000000;\"><strong>\u00a0 \u00a0Produktmerkmale:<\/strong><\/span><\/h3>\n<ul>\n<li><span style=\"color: #000000;\"><strong>Extraordinary Design and Quality Materials<\/strong><\/span><br \/>\n<span style=\"color: #000000;\">This 0.4 L stainless steel thermal mug with push-button lid offers an extraordinary design and high-quality materials. Perfect for anyone who wants to combine style and functionality in their daily routine.<\/span><\/li>\n<li><span style=\"color: #000000;\"><strong>Reliable and Long-Lasting<\/strong><\/span><br \/>\n<span style=\"color: #000000;\">Designed to meet the highest standards, this thermal mug ensures durability and a long service life, making it a dependable choice for everyday use.<\/span><\/li>\n<li><span style=\"color: #000000;\"><strong>Versatile Use for Any Occasion<\/strong><\/span><br \/>\n<span style=\"color: #000000;\">Whether at home, in the office, or on the go, this travel mug impresses with its versatility, reliability, and practical design.<\/span><\/li>\n<\/ul>\n<h3><span style=\"color: #000000;\"><strong>Kundenspezifische Dienstleistungen:<\/strong><\/span><\/h3>\n<ul>\n<li><span style=\"color: #000000;\"><strong>Logo und Gestaltung:<\/strong> Ifun OEM tumbler can custom your brand logo. We can make your logo &amp; design with screen printing, laser engraved, heat transfer, 3D printing, UV printing etc.<\/span><\/li>\n<li><span style=\"color: #000000;\"><strong>Farbe:<\/strong> Die Farben k\u00f6nnen entsprechend der Pantone-Farbnummer angepasst werden, wir k\u00f6nnen sie mit matter Oberfl\u00e4che, gl\u00e4nzender Lackierung, Pulverbeschichtung usw. ausf\u00fchren.<\/span><\/li>\n<li><span style=\"color: #000000;\"><strong>Kapazit\u00e4t:<\/strong> We have 400ml and other capacity we can also custom for you.<\/span><\/li>\n<li><span style=\"color: #000000;\"><strong>Deckel: <\/strong>100% BPA FREE auslaufsicherer Deckel, die Farbe kann angepasst werden.<\/span><\/li>\n<li><span style=\"color: #000000;\"><strong>Paket: <\/strong>Farbige Schachtel, wei\u00dfe Schachtel, Geschenkschachtel, braune Kartonschachtel, Zylinderschachtel usw.<\/span><\/li>\n<\/ul>","protected":false},"featured_media":3975,"comment_status":"open","ping_status":"closed","template":"","meta":[],"product_brand":[],"product_cat":[23],"product_tag":[257],"class_list":{"0":"post-3970","1":"product","2":"type-product","3":"status-publish","4":"has-post-thumbnail","6":"product_cat-insulated-tumblers-mugs","7":"product_tag-buri-insulated-mug","9":"first","10":"instock","11":"shipping-taxable","12":"product-type-simple"},"yoast_head":"<!-- This site is optimized with the Yoast SEO plugin v25.4 - https:\/\/yoast.com\/wordpress\/plugins\/seo\/ -->\n<title>BURI Stainless Steel Thermo Cup 0.4 L with push-button lid<\/title>\n<meta name=\"description\" content=\"Custom 0.4 L stainless steel thermal mug. Factory direct, reliable, stylish, and ideal for bulk B2B orders, branding, and corporate giveaways.\" \/>\n<meta name=\"robots\" content=\"index, follow, max-snippet:-1, max-image-preview:large, max-video-preview:-1\" \/>\n<link rel=\"canonical\" href=\"https:\/\/customizedwaterbottles.com\/de\/product\/stainless-steel-thermo-cup-with-push-button-lid\/\" \/>\n<meta property=\"og:locale\" content=\"de_DE\" \/>\n<meta property=\"og:type\" content=\"article\" \/>\n<meta property=\"og:title\" content=\"BURI Stainless Steel Thermo Cup 0.4 L with push-button lid\" \/>\n<meta property=\"og:description\" content=\"Custom 0.4 L stainless steel thermal mug. Factory direct, reliable, stylish, and ideal for bulk B2B orders, branding, and corporate giveaways.\" \/>\n<meta property=\"og:url\" content=\"https:\/\/customizedwaterbottles.com\/de\/product\/stainless-steel-thermo-cup-with-push-button-lid\/\" \/>\n<meta property=\"og:site_name\" content=\"iFun\" \/>\n<meta property=\"article:modified_time\" content=\"2025-10-28T06:49:03+00:00\" \/>\n<meta property=\"og:image\" content=\"https:\/\/customizedwaterbottles.com\/wp-content\/uploads\/2025\/10\/DOUBLE-WALL-TRAVEL-CUP-350-ML-in-Silver-e1761634095123.webp\" \/>\n\t<meta property=\"og:image:width\" content=\"836\" \/>\n\t<meta property=\"og:image:height\" content=\"865\" \/>\n\t<meta property=\"og:image:type\" content=\"image\/webp\" \/>\n<meta name=\"twitter:card\" content=\"summary_large_image\" \/>\n<meta name=\"twitter:label1\" content=\"Gesch\u00e4tzte Lesezeit\" \/>\n\t<meta name=\"twitter:data1\" content=\"3\u00a0Minuten\" \/>\n<script type=\"application\/ld+json\" class=\"yoast-schema-graph\">{\"@context\":\"https:\/\/schema.org\",\"@graph\":[{\"@type\":\"WebPage\",\"@id\":\"https:\/\/customizedwaterbottles.com\/product\/stainless-steel-thermo-cup-with-push-button-lid\/\",\"url\":\"https:\/\/customizedwaterbottles.com\/product\/stainless-steel-thermo-cup-with-push-button-lid\/\",\"name\":\"BURI Stainless Steel Thermo Cup 0.4 L with push-button lid\",\"isPartOf\":{\"@id\":\"https:\/\/customizedwaterbottles.com\/#website\"},\"primaryImageOfPage\":{\"@id\":\"https:\/\/customizedwaterbottles.com\/product\/stainless-steel-thermo-cup-with-push-button-lid\/#primaryimage\"},\"image\":{\"@id\":\"https:\/\/customizedwaterbottles.com\/product\/stainless-steel-thermo-cup-with-push-button-lid\/#primaryimage\"},\"thumbnailUrl\":\"https:\/\/customizedwaterbottles.com\/wp-content\/uploads\/2025\/10\/DOUBLE-WALL-TRAVEL-CUP-350-ML-in-Silver-e1761634095123.webp\",\"datePublished\":\"2025-10-28T06:12:11+00:00\",\"dateModified\":\"2025-10-28T06:49:03+00:00\",\"description\":\"Custom 0.4 L stainless steel thermal mug. Factory direct, reliable, stylish, and ideal for bulk B2B orders, branding, and corporate giveaways.\",\"breadcrumb\":{\"@id\":\"https:\/\/customizedwaterbottles.com\/product\/stainless-steel-thermo-cup-with-push-button-lid\/#breadcrumb\"},\"inLanguage\":\"de\",\"potentialAction\":[{\"@type\":\"ReadAction\",\"target\":[\"https:\/\/customizedwaterbottles.com\/product\/stainless-steel-thermo-cup-with-push-button-lid\/\"]}]},{\"@type\":\"ImageObject\",\"inLanguage\":\"de\",\"@id\":\"https:\/\/customizedwaterbottles.com\/product\/stainless-steel-thermo-cup-with-push-button-lid\/#primaryimage\",\"url\":\"https:\/\/customizedwaterbottles.com\/wp-content\/uploads\/2025\/10\/DOUBLE-WALL-TRAVEL-CUP-350-ML-in-Silver-e1761634095123.webp\",\"contentUrl\":\"https:\/\/customizedwaterbottles.com\/wp-content\/uploads\/2025\/10\/DOUBLE-WALL-TRAVEL-CUP-350-ML-in-Silver-e1761634095123.webp\",\"width\":836,\"height\":865,\"caption\":\"DOUBLE WALL TRAVEL CUP 350 ML in Silver\"},{\"@type\":\"BreadcrumbList\",\"@id\":\"https:\/\/customizedwaterbottles.com\/product\/stainless-steel-thermo-cup-with-push-button-lid\/#breadcrumb\",\"itemListElement\":[{\"@type\":\"ListItem\",\"position\":1,\"name\":\"Home\",\"item\":\"https:\/\/customizedwaterbottles.com\/\"},{\"@type\":\"ListItem\",\"position\":2,\"name\":\"Products\",\"item\":\"https:\/\/customizedwaterbottles.com\/wholesale-drinkware-manufacturer-water-bottles-tumblers\/\"},{\"@type\":\"ListItem\",\"position\":3,\"name\":\"BURI Stainless Steel Thermo Cup 0.4 L with Travel Beaker Mug And Press Stud 1081634T\"}]},{\"@type\":\"WebSite\",\"@id\":\"https:\/\/customizedwaterbottles.com\/#website\",\"url\":\"https:\/\/customizedwaterbottles.com\/\",\"name\":\"iFun\",\"description\":\"Water Bottles Stainless Steel Vacuum Flask\",\"potentialAction\":[{\"@type\":\"SearchAction\",\"target\":{\"@type\":\"EntryPoint\",\"urlTemplate\":\"https:\/\/customizedwaterbottles.com\/?s={search_term_string}\"},\"query-input\":{\"@type\":\"PropertyValueSpecification\",\"valueRequired\":true,\"valueName\":\"search_term_string\"}}],\"inLanguage\":\"de\"}]}<\/script>\n<!-- \/ Yoast SEO plugin. -->","yoast_head_json":{"title":"BURI Stainless Steel Thermo Cup 0.4 L with push-button lid","description":"Custom 0.4 L stainless steel thermal mug. Factory direct, reliable, stylish, and ideal for bulk B2B orders, branding, and corporate giveaways.","robots":{"index":"index","follow":"follow","max-snippet":"max-snippet:-1","max-image-preview":"max-image-preview:large","max-video-preview":"max-video-preview:-1"},"canonical":"https:\/\/customizedwaterbottles.com\/de\/product\/stainless-steel-thermo-cup-with-push-button-lid\/","og_locale":"de_DE","og_type":"article","og_title":"BURI Stainless Steel Thermo Cup 0.4 L with push-button lid","og_description":"Custom 0.4 L stainless steel thermal mug. Factory direct, reliable, stylish, and ideal for bulk B2B orders, branding, and corporate giveaways.","og_url":"https:\/\/customizedwaterbottles.com\/de\/product\/stainless-steel-thermo-cup-with-push-button-lid\/","og_site_name":"iFun","article_modified_time":"2025-10-28T06:49:03+00:00","og_image":[{"width":836,"height":865,"url":"https:\/\/customizedwaterbottles.com\/wp-content\/uploads\/2025\/10\/DOUBLE-WALL-TRAVEL-CUP-350-ML-in-Silver-e1761634095123.webp","type":"image\/webp"}],"twitter_card":"summary_large_image","twitter_misc":{"Gesch\u00e4tzte Lesezeit":"3\u00a0Minuten"},"schema":{"@context":"https:\/\/schema.org","@graph":[{"@type":"WebPage","@id":"https:\/\/customizedwaterbottles.com\/product\/stainless-steel-thermo-cup-with-push-button-lid\/","url":"https:\/\/customizedwaterbottles.com\/product\/stainless-steel-thermo-cup-with-push-button-lid\/","name":"BURI Stainless Steel Thermo Cup 0.4 L with push-button lid","isPartOf":{"@id":"https:\/\/customizedwaterbottles.com\/#website"},"primaryImageOfPage":{"@id":"https:\/\/customizedwaterbottles.com\/product\/stainless-steel-thermo-cup-with-push-button-lid\/#primaryimage"},"image":{"@id":"https:\/\/customizedwaterbottles.com\/product\/stainless-steel-thermo-cup-with-push-button-lid\/#primaryimage"},"thumbnailUrl":"https:\/\/customizedwaterbottles.com\/wp-content\/uploads\/2025\/10\/DOUBLE-WALL-TRAVEL-CUP-350-ML-in-Silver-e1761634095123.webp","datePublished":"2025-10-28T06:12:11+00:00","dateModified":"2025-10-28T06:49:03+00:00","description":"Custom 0.4 L stainless steel thermal mug. Factory direct, reliable, stylish, and ideal for bulk B2B orders, branding, and corporate giveaways.","breadcrumb":{"@id":"https:\/\/customizedwaterbottles.com\/product\/stainless-steel-thermo-cup-with-push-button-lid\/#breadcrumb"},"inLanguage":"de","potentialAction":[{"@type":"ReadAction","target":["https:\/\/customizedwaterbottles.com\/product\/stainless-steel-thermo-cup-with-push-button-lid\/"]}]},{"@type":"ImageObject","inLanguage":"de","@id":"https:\/\/customizedwaterbottles.com\/product\/stainless-steel-thermo-cup-with-push-button-lid\/#primaryimage","url":"https:\/\/customizedwaterbottles.com\/wp-content\/uploads\/2025\/10\/DOUBLE-WALL-TRAVEL-CUP-350-ML-in-Silver-e1761634095123.webp","contentUrl":"https:\/\/customizedwaterbottles.com\/wp-content\/uploads\/2025\/10\/DOUBLE-WALL-TRAVEL-CUP-350-ML-in-Silver-e1761634095123.webp","width":836,"height":865,"caption":"DOUBLE WALL TRAVEL CUP 350 ML in Silver"},{"@type":"BreadcrumbList","@id":"https:\/\/customizedwaterbottles.com\/product\/stainless-steel-thermo-cup-with-push-button-lid\/#breadcrumb","itemListElement":[{"@type":"ListItem","position":1,"name":"Home","item":"https:\/\/customizedwaterbottles.com\/"},{"@type":"ListItem","position":2,"name":"Products","item":"https:\/\/customizedwaterbottles.com\/wholesale-drinkware-manufacturer-water-bottles-tumblers\/"},{"@type":"ListItem","position":3,"name":"BURI Stainless Steel Thermo Cup 0.4 L with Travel Beaker Mug And Press Stud 1081634T"}]},{"@type":"WebSite","@id":"https:\/\/customizedwaterbottles.com\/#website","url":"https:\/\/customizedwaterbottles.com\/","name":"iFun","description":"Water Bottles Stainless Steel Vacuum Flask","potentialAction":[{"@type":"SearchAction","target":{"@type":"EntryPoint","urlTemplate":"https:\/\/customizedwaterbottles.com\/?s={search_term_string}"},"query-input":{"@type":"PropertyValueSpecification","valueRequired":true,"valueName":"search_term_string"}}],"inLanguage":"de"}]}},"_links":{"self":[{"href":"https:\/\/customizedwaterbottles.com\/de\/wp-json\/wp\/v2\/product\/3970","targetHints":{"allow":["GET"]}}],"collection":[{"href":"https:\/\/customizedwaterbottles.com\/de\/wp-json\/wp\/v2\/product"}],"about":[{"href":"https:\/\/customizedwaterbottles.com\/de\/wp-json\/wp\/v2\/types\/product"}],"replies":[{"embeddable":true,"href":"https:\/\/customizedwaterbottles.com\/de\/wp-json\/wp\/v2\/comments?post=3970"}],"wp:featuredmedia":[{"embeddable":true,"href":"https:\/\/customizedwaterbottles.com\/de\/wp-json\/wp\/v2\/media\/3975"}],"wp:attachment":[{"href":"https:\/\/customizedwaterbottles.com\/de\/wp-json\/wp\/v2\/media?parent=3970"}],"wp:term":[{"taxonomy":"product_brand","embeddable":true,"href":"https:\/\/customizedwaterbottles.com\/de\/wp-json\/wp\/v2\/product_brand?post=3970"},{"taxonomy":"product_cat","embeddable":true,"href":"https:\/\/customizedwaterbottles.com\/de\/wp-json\/wp\/v2\/product_cat?post=3970"},{"taxonomy":"product_tag","embeddable":true,"href":"https:\/\/customizedwaterbottles.com\/de\/wp-json\/wp\/v2\/product_tag?post=3970"}],"curies":[{"name":"wp","href":"https:\/\/api.w.org\/{rel}","templated":true}]}}