{"id":4039,"date":"2025-11-06T07:48:36","date_gmt":"2025-11-06T07:48:36","guid":{"rendered":"https:\/\/customizedwaterbottles.com\/?post_type=product&#038;p=4039"},"modified":"2025-11-07T05:45:17","modified_gmt":"2025-11-07T05:45:17","slug":"brumate-era-40-oz-tumbler-with-handle-and-straw","status":"publish","type":"product","link":"https:\/\/customizedwaterbottles.com\/de\/product\/brumate-era-40-oz-tumbler-with-handle-and-straw\/","title":{"rendered":"Br\u00fcMate Era 40 oz Becher mit Griff und Strohhalm 1081639T"},"content":{"rendered":"<p><strong>\u00a0 \u00a0 \u00a0 <span style=\"color: #000000;\">Product Name\uff1aBr\u00fcMate Era 40 oz Tumbler with Handle and Straw<\/span><\/strong><span style=\"color: #000000;\"><strong><br \/>\n<\/strong><strong>\u00a0 \u00a0 \u00a0 Capacity\uff1a40oz<\/strong><strong><br \/>\n<\/strong><strong>\u00a0 \u00a0 \u00a0 Material\uff1a<\/strong>Rostfreier Stahl<\/span><br \/>\n<span style=\"color: #000000;\"><strong>\u00a0 \u00a0 \u00a0 Farbe\uff1a<\/strong>Gl\u00e4nzende Lackierung, matte Lackierung, Pulverbeschichtung usw.<\/span><br \/>\n<span style=\"color: #000000;\"><strong>\u00a0 \u00a0 \u00a0 Logo\uff1a<\/strong>Siebdruck, Thermotransferdruck, Lasergravur, Wassertransfer usw.<\/span><br \/>\n<span style=\"color: #000000;\"><strong>\u00a0 \u00a0 \u00a0 MOQ\uff1a<\/strong>300St\u00fcck<\/span><br \/>\n<span style=\"color: #000000;\"><strong>\u00a0 \u00a0 \u00a0 Probezeit\uff1a<\/strong>3-7 Tage f\u00fcr individuelle Gestaltung<\/span><br \/>\n<span style=\"color: #000000;\"><strong>\u00a0 \u00a0 \u00a0 Zertifizierung\uff1a<\/strong>FDA, LFGB<\/span><br \/>\n<span style=\"color: #000000;\"><strong>\u00a0 \u00a0 \u00a0 Verpacken<\/strong>\uff1aWei\u00dfe Schachtel, farbige Schachtel oder Schachtel mit individuellem Design<\/span><br \/>\n<span style=\"color: #000000;\"><strong>\u00a0 \u00a0 \u00a0 Produktionskapazit\u00e4t\uff1a<\/strong>500.000 Exemplare pro Monat<\/span><br \/>\n<span style=\"color: #000000;\"><strong>\u00a0 \u00a0 \u00a0 Lieferzeit\uff1a<\/strong>5-35 Tage f\u00fcr Mengen unter 20.000 St\u00fcck<\/span><\/p>\n<h2><strong>Why Choose 100% Leakproof Insulated Water Bottle Tumbler with Lid and Flexible SoftSip Straw \uff1f<\/strong><\/h2>\n<ol>\n<li><span style=\"color: #000000;\"><strong>Zertifizierte Qualit\u00e4t und Sicherheit<\/strong><\/span><br \/>\n<span style=\"color: #000000;\">Our OEM tumbler, and drinkware meet international standards (CE, FDA, CA65\/Prop65, LFGB), ensuring BPA-free, durable, and safe products for your customers.<\/span><\/li>\n<li><span style=\"color: #000000;\"><strong>Herausragend mit individuellen Designs<br \/>\n<\/strong>Your brand deserves unique drinkware that captures attention. With Anhui iFun\u2019s stylish and customizable designs, your OEM tumbler will reflect your brand identity and help you stand out in a competitive market.<\/span><\/li>\n<li><span style=\"color: #000000;\"><strong>Strenge Qualit\u00e4tskontrolle<br \/>\n<\/strong>Quality is at the heart of our manufacturing process. Our dedicated team of inspectors ensures every leakproof tumbler meets strict standards before reaching your customers worldwide.<\/span><\/li>\n<li><span style=\"color: #000000;\"><strong>Sch\u00fctzen Sie Ihre Marke und Ideen<br \/>\n<\/strong>Wir respektieren geistiges Eigentum und Vertraulichkeit. Bei Bedarf unterzeichnen wir gerne NDAs oder NNN-Vereinbarungen, um Ihre OEM\/ODM-Designs zu sch\u00fctzen.<\/span><\/li>\n<li><span style=\"color: #000000;\"><strong>Effiziente, automatisierte Produktion<br \/>\n<\/strong>Wir haben uns auf die Herstellung von Getr\u00e4nken spezialisiert und nutzen fortschrittliche Produktionslinien und Industrie 4.0-Technologien, um kosteng\u00fcnstige, hochwertige Produkte zu wettbewerbsf\u00e4higen Preisen zu liefern.<\/span><\/li>\n<li><span style=\"color: #000000;\"><strong>OEM\/ODM-Kompetenz<br \/>\n<\/strong>Our experienced engineers, with over 20 years in drinkware manufacturing, can transform your ideas into market-ready OEM tumbler\u2014helping you create best sellers.<\/span><\/li>\n<li><span style=\"color: #000000;\"><strong>Vollst\u00e4ndige Anpassung der Dienstleistungen<br \/>\n<\/strong>Von der Formgebung bis zur Verpackung bieten wir eine durchg\u00e4ngige Anpassung an die Bed\u00fcrfnisse Ihrer Marke:<\/span><br \/>\n<strong style=\"color: #555555;\">Kundenspezifische Formgebung<\/strong><span style=\"color: #555555;\"> - <\/span><a href=\"https:\/\/customizedwaterbottles.com\/de\/custom-water-bottle-mold-maker-bpa-free-vacuum-flask-oem\/\" target=\"_blank\" rel=\"noopener\">https:\/\/customizedwaterbottles.com\/custom-water-bottle-mold-maker-bpa-free-vacuum-flask-oem\/<\/a><br \/>\n<strong style=\"color: #555555;\">Dekorieren nach Ma\u00df<\/strong><span style=\"color: #555555;\"> -<\/span><a href=\"https:\/\/customizedwaterbottles.com\/de\/graphic-design-water-bottles-custom-stainless-steel-oem\/\" target=\"_blank\" rel=\"noopener\"> https:\/\/customizedwaterbottles.com\/graphic-design-water-bottles-custom-stainless-steel-oem\/<\/a><br \/>\n<strong style=\"color: #555555;\">Individuelle Logos und Verpackungen<\/strong><span style=\"color: #555555;\"> - <\/span><a href=\"https:\/\/customizedwaterbottles.com\/de\/wholesale-custom-packaging-for-water-bottles-tumblers\/\" target=\"_blank\" rel=\"noopener\">https:\/\/customizedwaterbottles.com\/wholesale-custom-packaging-for-water-bottles-tumblers\/<\/a><br \/>\n<strong style=\"color: #555555;\">Individuelles Geschenk<\/strong><span style=\"color: #555555;\"> - <\/span><a href=\"https:\/\/customizedwaterbottles.com\/de\/promotional-drinkware-for-businesses-custom-branded-gifts\/\" target=\"_blank\" rel=\"noopener\">https:\/\/customizedwaterbottles.com\/promotional-drinkware-for-businesses-custom-branded-gifts\/<\/a><\/li>\n<\/ol>\n[post-link-list]\n<p><img decoding=\"async\" class=\"alignnone size-full wp-image-4040\" src=\"https:\/\/customizedwaterbottles.com\/wp-content\/uploads\/2025\/11\/BruMate-Era-40-oz-Tumbler-6.webp\" alt=\"Magetic detachable lid for Brumate\" width=\"1280\" height=\"1280\" srcset=\"https:\/\/customizedwaterbottles.com\/wp-content\/uploads\/2025\/11\/BruMate-Era-40-oz-Tumbler-6.webp 1280w, https:\/\/customizedwaterbottles.com\/wp-content\/uploads\/2025\/11\/BruMate-Era-40-oz-Tumbler-6-1024x1024.webp 1024w, https:\/\/customizedwaterbottles.com\/wp-content\/uploads\/2025\/11\/BruMate-Era-40-oz-Tumbler-6-768x768.webp 768w, https:\/\/customizedwaterbottles.com\/wp-content\/uploads\/2025\/11\/BruMate-Era-40-oz-Tumbler-6-300x300.webp 300w, https:\/\/customizedwaterbottles.com\/wp-content\/uploads\/2025\/11\/BruMate-Era-40-oz-Tumbler-6-600x600.webp 600w, https:\/\/customizedwaterbottles.com\/wp-content\/uploads\/2025\/11\/BruMate-Era-40-oz-Tumbler-6-100x100.webp 100w\" sizes=\"(max-width: 1280px) 100vw, 1280px\" \/> <img decoding=\"async\" class=\"alignnone size-full wp-image-4041\" src=\"https:\/\/customizedwaterbottles.com\/wp-content\/uploads\/2025\/11\/BruMate-Era-40-oz-Tumbler-7.webp\" alt=\"Custom Brumate Tumbler\" width=\"1280\" height=\"1280\" srcset=\"https:\/\/customizedwaterbottles.com\/wp-content\/uploads\/2025\/11\/BruMate-Era-40-oz-Tumbler-7.webp 1280w, https:\/\/customizedwaterbottles.com\/wp-content\/uploads\/2025\/11\/BruMate-Era-40-oz-Tumbler-7-1024x1024.webp 1024w, https:\/\/customizedwaterbottles.com\/wp-content\/uploads\/2025\/11\/BruMate-Era-40-oz-Tumbler-7-768x768.webp 768w, https:\/\/customizedwaterbottles.com\/wp-content\/uploads\/2025\/11\/BruMate-Era-40-oz-Tumbler-7-300x300.webp 300w, https:\/\/customizedwaterbottles.com\/wp-content\/uploads\/2025\/11\/BruMate-Era-40-oz-Tumbler-7-600x600.webp 600w, https:\/\/customizedwaterbottles.com\/wp-content\/uploads\/2025\/11\/BruMate-Era-40-oz-Tumbler-7-100x100.webp 100w\" sizes=\"(max-width: 1280px) 100vw, 1280px\" \/> <img decoding=\"async\" class=\"alignnone size-full wp-image-4042\" src=\"https:\/\/customizedwaterbottles.com\/wp-content\/uploads\/2025\/11\/BruMate-Era-40-oz-Tumbler-2.webp\" alt=\"Brumate tumblers\" width=\"800\" height=\"800\" srcset=\"https:\/\/customizedwaterbottles.com\/wp-content\/uploads\/2025\/11\/BruMate-Era-40-oz-Tumbler-2.webp 800w, https:\/\/customizedwaterbottles.com\/wp-content\/uploads\/2025\/11\/BruMate-Era-40-oz-Tumbler-2-768x768.webp 768w, https:\/\/customizedwaterbottles.com\/wp-content\/uploads\/2025\/11\/BruMate-Era-40-oz-Tumbler-2-300x300.webp 300w, https:\/\/customizedwaterbottles.com\/wp-content\/uploads\/2025\/11\/BruMate-Era-40-oz-Tumbler-2-600x600.webp 600w, https:\/\/customizedwaterbottles.com\/wp-content\/uploads\/2025\/11\/BruMate-Era-40-oz-Tumbler-2-100x100.webp 100w\" sizes=\"(max-width: 800px) 100vw, 800px\" \/> <img decoding=\"async\" class=\"alignnone size-full wp-image-4043\" src=\"https:\/\/customizedwaterbottles.com\/wp-content\/uploads\/2025\/11\/BruMate-Era-40-oz-Tumbler-3-scaled.webp\" alt=\"Details of Brumate tumbler with Magetic detachable lid \" width=\"2560\" height=\"2560\" srcset=\"https:\/\/customizedwaterbottles.com\/wp-content\/uploads\/2025\/11\/BruMate-Era-40-oz-Tumbler-3-scaled.webp 2560w, https:\/\/customizedwaterbottles.com\/wp-content\/uploads\/2025\/11\/BruMate-Era-40-oz-Tumbler-3-1024x1024.webp 1024w, https:\/\/customizedwaterbottles.com\/wp-content\/uploads\/2025\/11\/BruMate-Era-40-oz-Tumbler-3-768x768.webp 768w, https:\/\/customizedwaterbottles.com\/wp-content\/uploads\/2025\/11\/BruMate-Era-40-oz-Tumbler-3-1536x1536.webp 1536w, https:\/\/customizedwaterbottles.com\/wp-content\/uploads\/2025\/11\/BruMate-Era-40-oz-Tumbler-3-2048x2048.webp 2048w, https:\/\/customizedwaterbottles.com\/wp-content\/uploads\/2025\/11\/BruMate-Era-40-oz-Tumbler-3-300x300.webp 300w, https:\/\/customizedwaterbottles.com\/wp-content\/uploads\/2025\/11\/BruMate-Era-40-oz-Tumbler-3-600x600.webp 600w, https:\/\/customizedwaterbottles.com\/wp-content\/uploads\/2025\/11\/BruMate-Era-40-oz-Tumbler-3-100x100.webp 100w\" sizes=\"(max-width: 2560px) 100vw, 2560px\" \/> <img decoding=\"async\" class=\"alignnone size-full wp-image-4044\" src=\"https:\/\/customizedwaterbottles.com\/wp-content\/uploads\/2025\/11\/BruMate-Era-40-oz-Tumbler-4.webp\" alt=\"Brumate Becher mit abnehmbarem Magetic Deckel \" width=\"1920\" height=\"1920\" srcset=\"https:\/\/customizedwaterbottles.com\/wp-content\/uploads\/2025\/11\/BruMate-Era-40-oz-Tumbler-4.webp 1920w, https:\/\/customizedwaterbottles.com\/wp-content\/uploads\/2025\/11\/BruMate-Era-40-oz-Tumbler-4-1024x1024.webp 1024w, https:\/\/customizedwaterbottles.com\/wp-content\/uploads\/2025\/11\/BruMate-Era-40-oz-Tumbler-4-768x768.webp 768w, https:\/\/customizedwaterbottles.com\/wp-content\/uploads\/2025\/11\/BruMate-Era-40-oz-Tumbler-4-1536x1536.webp 1536w, https:\/\/customizedwaterbottles.com\/wp-content\/uploads\/2025\/11\/BruMate-Era-40-oz-Tumbler-4-300x300.webp 300w, https:\/\/customizedwaterbottles.com\/wp-content\/uploads\/2025\/11\/BruMate-Era-40-oz-Tumbler-4-600x600.webp 600w, https:\/\/customizedwaterbottles.com\/wp-content\/uploads\/2025\/11\/BruMate-Era-40-oz-Tumbler-4-100x100.webp 100w\" sizes=\"(max-width: 1920px) 100vw, 1920px\" \/><\/p>\n<p>&nbsp;<\/p>","protected":false},"excerpt":{"rendered":"<h3><span style=\"color: #000000;\"><strong>\u00a0 \u00a0Produktmerkmale:<\/strong><\/span><\/h3>\n<ul>\n<li>\n<p class=\"ds-markdown-paragraph\"><strong>1. 100% Leakproof Guarantee with \u00dc-Turn Technology<\/strong><br \/>\nThe Era series is the\u00a0<strong>only 100% leakproof straw tumbler<\/strong>\u00a0engineered to securely hold both cold and carbonated beverages. Its\u00a0<strong>patent-pending \u00dc-Turn technology<\/strong>\u00a0ensures a spill-proof experience, so you can confidently toss it into your bag and carry it on the go\u2014without worrying about leaks.<\/p>\n<p class=\"ds-markdown-paragraph\"><strong>2. ColdKey Metal Straw for a Sustainable &amp; Luxurious Sip<\/strong><br \/>\nExperience the\u00a0<strong>Era Series ColdKey stainless steel straw<\/strong>, designed to\u00a0<strong>minimize plastic exposure<\/strong>\u00a0while delivering a crisp, refreshing sip. Topped with a\u00a0<strong>SoftSip silicone tip<\/strong>, it combines sustainability and comfort for a smooth, luxurious drinking experience every time.<\/p>\n<p class=\"ds-markdown-paragraph\"><strong>3. 24+ Hours of Cold Retention with BevGuard Insulation<\/strong><br \/>\nEnjoy ice-cold drinks all day and night with the\u00a0<strong>Era tumbler\u2019s advanced BevGuard insulation<\/strong>. Whether it\u2019s iced coffee, water, or your favorite refresher, this tumbler keeps beverages chilled for\u00a0<strong>24 hours or more<\/strong>.<\/p>\n<p class=\"ds-markdown-paragraph\"><strong>4. Dishwasher Safe &amp; Cup-Holder Friendly Design<\/strong><br \/>\nThe Era tumbler features a\u00a0<strong>sleek, tapered design<\/strong>\u00a0that fits seamlessly into\u00a0<strong>standard cup holders<\/strong>. For easy cleaning, most bodies are\u00a0<strong>dishwasher safe<\/strong>, and all lids and straws are\u00a0<strong>top-rack dishwasher safe<\/strong>.<\/p>\n<p class=\"ds-markdown-paragraph\"><strong>5. Versatile and Reliable for Everyday Use<\/strong><br \/>\nFrom morning iced coffee to sparkling afternoon beverages, the Era Series is designed to perform. Its\u00a0<strong>100% leakproof guarantee<\/strong>, durable stainless steel straw, and long-lasting temperature control make it the perfect tumbler for an active, on-the-go lifestyle.<\/p>\n<\/li>\n<\/ul>\n<p><strong style=\"color: #000000; font-size: 20.16px;\">Kundenspezifische Dienstleistungen:<\/strong><\/p>\n<ul>\n<li><span style=\"color: #000000;\"><strong>Logo und Gestaltung:<\/strong> Ifun OEM tumbler can custom your brand logo. We can make your logo &amp; design with screen printing, laser engraved, heat transfer, 3D printing, UV printing etc.<\/span><\/li>\n<li><span style=\"color: #000000;\"><strong>Farbe:<\/strong> Die Farben k\u00f6nnen entsprechend der Pantone-Farbnummer angepasst werden, wir k\u00f6nnen sie mit matter Oberfl\u00e4che, gl\u00e4nzender Lackierung, Pulverbeschichtung usw. ausf\u00fchren.<\/span><\/li>\n<li><span style=\"color: #000000;\"><strong>Kapazit\u00e4t:<\/strong> We have 40oz and other capacity we can also custom for you.<\/span><\/li>\n<li><span style=\"color: #000000;\"><strong>Deckel: <\/strong>100% BPA FREE auslaufsicherer Deckel, die Farbe kann angepasst werden.<\/span><\/li>\n<li><span style=\"color: #000000;\"><strong>Paket: <\/strong>Farbige Schachtel, wei\u00dfe Schachtel, Geschenkschachtel, braune Kartonschachtel, Zylinderschachtel usw.<\/span><\/li>\n<\/ul>","protected":false},"featured_media":4045,"comment_status":"open","ping_status":"closed","template":"","meta":[],"product_brand":[258],"product_cat":[23],"product_tag":[261],"class_list":{"0":"post-4039","1":"product","2":"type-product","3":"status-publish","4":"has-post-thumbnail","6":"product_brand-brumate-tumbler-with-magetic-detachable-lid","7":"product_cat-insulated-tumblers-mugs","8":"product_tag-brumate-era-40-oz-tumbler-with-handle-and-straw","10":"first","11":"instock","12":"shipping-taxable","13":"product-type-simple"},"yoast_head":"<!-- This site is optimized with the Yoast SEO plugin v25.4 - https:\/\/yoast.com\/wordpress\/plugins\/seo\/ -->\n<title>100% Leakproof Straw Br\u00fcMateTumbler<\/title>\n<meta name=\"description\" content=\"Custom Br\u00fcMate Tumbler Supplier: Get the guaranteed leakproof Era Series direct from our factory. Perfect for branding, it fits cup holders dishwasher-safe\" \/>\n<meta name=\"robots\" content=\"index, follow, max-snippet:-1, max-image-preview:large, max-video-preview:-1\" \/>\n<link rel=\"canonical\" href=\"https:\/\/customizedwaterbottles.com\/de\/product\/brumate-era-40-oz-tumbler-with-handle-and-straw\/\" \/>\n<meta property=\"og:locale\" content=\"de_DE\" \/>\n<meta property=\"og:type\" content=\"article\" \/>\n<meta property=\"og:title\" content=\"100% Leakproof Straw Br\u00fcMateTumbler\" \/>\n<meta property=\"og:description\" content=\"Custom Br\u00fcMate Tumbler Supplier: Get the guaranteed leakproof Era Series direct from our factory. Perfect for branding, it fits cup holders dishwasher-safe\" \/>\n<meta property=\"og:url\" content=\"https:\/\/customizedwaterbottles.com\/de\/product\/brumate-era-40-oz-tumbler-with-handle-and-straw\/\" \/>\n<meta property=\"og:site_name\" content=\"iFun\" \/>\n<meta property=\"article:modified_time\" content=\"2025-11-07T05:45:17+00:00\" \/>\n<meta property=\"og:image\" content=\"https:\/\/customizedwaterbottles.com\/wp-content\/uploads\/2025\/11\/BruMate-Era-40-oz-Tumbler-1.webp\" \/>\n\t<meta property=\"og:image:width\" content=\"1500\" \/>\n\t<meta property=\"og:image:height\" content=\"1500\" \/>\n\t<meta property=\"og:image:type\" content=\"image\/webp\" \/>\n<meta name=\"twitter:card\" content=\"summary_large_image\" \/>\n<meta name=\"twitter:label1\" content=\"Gesch\u00e4tzte Lesezeit\" \/>\n\t<meta name=\"twitter:data1\" content=\"3\u00a0Minuten\" \/>\n<script type=\"application\/ld+json\" class=\"yoast-schema-graph\">{\"@context\":\"https:\/\/schema.org\",\"@graph\":[{\"@type\":\"WebPage\",\"@id\":\"https:\/\/customizedwaterbottles.com\/product\/brumate-era-40-oz-tumbler-with-handle-and-straw\/\",\"url\":\"https:\/\/customizedwaterbottles.com\/product\/brumate-era-40-oz-tumbler-with-handle-and-straw\/\",\"name\":\"100% Leakproof Straw Br\u00fcMateTumbler\",\"isPartOf\":{\"@id\":\"https:\/\/customizedwaterbottles.com\/#website\"},\"primaryImageOfPage\":{\"@id\":\"https:\/\/customizedwaterbottles.com\/product\/brumate-era-40-oz-tumbler-with-handle-and-straw\/#primaryimage\"},\"image\":{\"@id\":\"https:\/\/customizedwaterbottles.com\/product\/brumate-era-40-oz-tumbler-with-handle-and-straw\/#primaryimage\"},\"thumbnailUrl\":\"https:\/\/customizedwaterbottles.com\/wp-content\/uploads\/2025\/11\/BruMate-Era-40-oz-Tumbler-1.webp\",\"datePublished\":\"2025-11-06T07:48:36+00:00\",\"dateModified\":\"2025-11-07T05:45:17+00:00\",\"description\":\"Custom Br\u00fcMate Tumbler Supplier: Get the guaranteed leakproof Era Series direct from our factory. Perfect for branding, it fits cup holders dishwasher-safe\",\"breadcrumb\":{\"@id\":\"https:\/\/customizedwaterbottles.com\/product\/brumate-era-40-oz-tumbler-with-handle-and-straw\/#breadcrumb\"},\"inLanguage\":\"de\",\"potentialAction\":[{\"@type\":\"ReadAction\",\"target\":[\"https:\/\/customizedwaterbottles.com\/product\/brumate-era-40-oz-tumbler-with-handle-and-straw\/\"]}]},{\"@type\":\"ImageObject\",\"inLanguage\":\"de\",\"@id\":\"https:\/\/customizedwaterbottles.com\/product\/brumate-era-40-oz-tumbler-with-handle-and-straw\/#primaryimage\",\"url\":\"https:\/\/customizedwaterbottles.com\/wp-content\/uploads\/2025\/11\/BruMate-Era-40-oz-Tumbler-1.webp\",\"contentUrl\":\"https:\/\/customizedwaterbottles.com\/wp-content\/uploads\/2025\/11\/BruMate-Era-40-oz-Tumbler-1.webp\",\"width\":1500,\"height\":1500,\"caption\":\"Brumate tumbler with Magetic detachable lid\"},{\"@type\":\"BreadcrumbList\",\"@id\":\"https:\/\/customizedwaterbottles.com\/product\/brumate-era-40-oz-tumbler-with-handle-and-straw\/#breadcrumb\",\"itemListElement\":[{\"@type\":\"ListItem\",\"position\":1,\"name\":\"Home\",\"item\":\"https:\/\/customizedwaterbottles.com\/\"},{\"@type\":\"ListItem\",\"position\":2,\"name\":\"Products\",\"item\":\"https:\/\/customizedwaterbottles.com\/wholesale-drinkware-manufacturer-water-bottles-tumblers\/\"},{\"@type\":\"ListItem\",\"position\":3,\"name\":\"Br\u00fcMate Era 40 oz Tumbler with Handle and Straw 1081639T\"}]},{\"@type\":\"WebSite\",\"@id\":\"https:\/\/customizedwaterbottles.com\/#website\",\"url\":\"https:\/\/customizedwaterbottles.com\/\",\"name\":\"iFun\",\"description\":\"Water Bottles Stainless Steel Vacuum Flask\",\"potentialAction\":[{\"@type\":\"SearchAction\",\"target\":{\"@type\":\"EntryPoint\",\"urlTemplate\":\"https:\/\/customizedwaterbottles.com\/?s={search_term_string}\"},\"query-input\":{\"@type\":\"PropertyValueSpecification\",\"valueRequired\":true,\"valueName\":\"search_term_string\"}}],\"inLanguage\":\"de\"}]}<\/script>\n<!-- \/ Yoast SEO plugin. -->","yoast_head_json":{"title":"100% Leakproof Straw Br\u00fcMateTumbler","description":"Custom Br\u00fcMate Tumbler Supplier: Get the guaranteed leakproof Era Series direct from our factory. Perfect for branding, it fits cup holders dishwasher-safe","robots":{"index":"index","follow":"follow","max-snippet":"max-snippet:-1","max-image-preview":"max-image-preview:large","max-video-preview":"max-video-preview:-1"},"canonical":"https:\/\/customizedwaterbottles.com\/de\/product\/brumate-era-40-oz-tumbler-with-handle-and-straw\/","og_locale":"de_DE","og_type":"article","og_title":"100% Leakproof Straw Br\u00fcMateTumbler","og_description":"Custom Br\u00fcMate Tumbler Supplier: Get the guaranteed leakproof Era Series direct from our factory. Perfect for branding, it fits cup holders dishwasher-safe","og_url":"https:\/\/customizedwaterbottles.com\/de\/product\/brumate-era-40-oz-tumbler-with-handle-and-straw\/","og_site_name":"iFun","article_modified_time":"2025-11-07T05:45:17+00:00","og_image":[{"width":1500,"height":1500,"url":"https:\/\/customizedwaterbottles.com\/wp-content\/uploads\/2025\/11\/BruMate-Era-40-oz-Tumbler-1.webp","type":"image\/webp"}],"twitter_card":"summary_large_image","twitter_misc":{"Gesch\u00e4tzte Lesezeit":"3\u00a0Minuten"},"schema":{"@context":"https:\/\/schema.org","@graph":[{"@type":"WebPage","@id":"https:\/\/customizedwaterbottles.com\/product\/brumate-era-40-oz-tumbler-with-handle-and-straw\/","url":"https:\/\/customizedwaterbottles.com\/product\/brumate-era-40-oz-tumbler-with-handle-and-straw\/","name":"100% Leakproof Straw Br\u00fcMateTumbler","isPartOf":{"@id":"https:\/\/customizedwaterbottles.com\/#website"},"primaryImageOfPage":{"@id":"https:\/\/customizedwaterbottles.com\/product\/brumate-era-40-oz-tumbler-with-handle-and-straw\/#primaryimage"},"image":{"@id":"https:\/\/customizedwaterbottles.com\/product\/brumate-era-40-oz-tumbler-with-handle-and-straw\/#primaryimage"},"thumbnailUrl":"https:\/\/customizedwaterbottles.com\/wp-content\/uploads\/2025\/11\/BruMate-Era-40-oz-Tumbler-1.webp","datePublished":"2025-11-06T07:48:36+00:00","dateModified":"2025-11-07T05:45:17+00:00","description":"Custom Br\u00fcMate Tumbler Supplier: Get the guaranteed leakproof Era Series direct from our factory. Perfect for branding, it fits cup holders dishwasher-safe","breadcrumb":{"@id":"https:\/\/customizedwaterbottles.com\/product\/brumate-era-40-oz-tumbler-with-handle-and-straw\/#breadcrumb"},"inLanguage":"de","potentialAction":[{"@type":"ReadAction","target":["https:\/\/customizedwaterbottles.com\/product\/brumate-era-40-oz-tumbler-with-handle-and-straw\/"]}]},{"@type":"ImageObject","inLanguage":"de","@id":"https:\/\/customizedwaterbottles.com\/product\/brumate-era-40-oz-tumbler-with-handle-and-straw\/#primaryimage","url":"https:\/\/customizedwaterbottles.com\/wp-content\/uploads\/2025\/11\/BruMate-Era-40-oz-Tumbler-1.webp","contentUrl":"https:\/\/customizedwaterbottles.com\/wp-content\/uploads\/2025\/11\/BruMate-Era-40-oz-Tumbler-1.webp","width":1500,"height":1500,"caption":"Brumate tumbler with Magetic detachable lid"},{"@type":"BreadcrumbList","@id":"https:\/\/customizedwaterbottles.com\/product\/brumate-era-40-oz-tumbler-with-handle-and-straw\/#breadcrumb","itemListElement":[{"@type":"ListItem","position":1,"name":"Home","item":"https:\/\/customizedwaterbottles.com\/"},{"@type":"ListItem","position":2,"name":"Products","item":"https:\/\/customizedwaterbottles.com\/wholesale-drinkware-manufacturer-water-bottles-tumblers\/"},{"@type":"ListItem","position":3,"name":"Br\u00fcMate Era 40 oz Tumbler with Handle and Straw 1081639T"}]},{"@type":"WebSite","@id":"https:\/\/customizedwaterbottles.com\/#website","url":"https:\/\/customizedwaterbottles.com\/","name":"iFun","description":"Water Bottles Stainless Steel Vacuum Flask","potentialAction":[{"@type":"SearchAction","target":{"@type":"EntryPoint","urlTemplate":"https:\/\/customizedwaterbottles.com\/?s={search_term_string}"},"query-input":{"@type":"PropertyValueSpecification","valueRequired":true,"valueName":"search_term_string"}}],"inLanguage":"de"}]}},"_links":{"self":[{"href":"https:\/\/customizedwaterbottles.com\/de\/wp-json\/wp\/v2\/product\/4039","targetHints":{"allow":["GET"]}}],"collection":[{"href":"https:\/\/customizedwaterbottles.com\/de\/wp-json\/wp\/v2\/product"}],"about":[{"href":"https:\/\/customizedwaterbottles.com\/de\/wp-json\/wp\/v2\/types\/product"}],"replies":[{"embeddable":true,"href":"https:\/\/customizedwaterbottles.com\/de\/wp-json\/wp\/v2\/comments?post=4039"}],"wp:featuredmedia":[{"embeddable":true,"href":"https:\/\/customizedwaterbottles.com\/de\/wp-json\/wp\/v2\/media\/4045"}],"wp:attachment":[{"href":"https:\/\/customizedwaterbottles.com\/de\/wp-json\/wp\/v2\/media?parent=4039"}],"wp:term":[{"taxonomy":"product_brand","embeddable":true,"href":"https:\/\/customizedwaterbottles.com\/de\/wp-json\/wp\/v2\/product_brand?post=4039"},{"taxonomy":"product_cat","embeddable":true,"href":"https:\/\/customizedwaterbottles.com\/de\/wp-json\/wp\/v2\/product_cat?post=4039"},{"taxonomy":"product_tag","embeddable":true,"href":"https:\/\/customizedwaterbottles.com\/de\/wp-json\/wp\/v2\/product_tag?post=4039"}],"curies":[{"name":"wp","href":"https:\/\/api.w.org\/{rel}","templated":true}]}}