{"id":4053,"date":"2025-11-07T02:30:07","date_gmt":"2025-11-07T02:30:07","guid":{"rendered":"https:\/\/customizedwaterbottles.com\/?post_type=product&#038;p=4053"},"modified":"2025-11-17T04:33:59","modified_gmt":"2025-11-17T04:33:59","slug":"wholesale-350ml-500ml-starbucks-reserve-tumblers","status":"publish","type":"product","link":"https:\/\/customizedwaterbottles.com\/de\/product\/wholesale-350ml-500ml-starbucks-reserve-tumblers\/","title":{"rendered":"Gro\u00dfhandel Starbucks Reserve Trinkgl\u00e4ser 1081640T"},"content":{"rendered":"<p><strong>\u00a0 \u00a0 \u00a0 <span style=\"color: #000000;\">Product Name\uff1aWholesale Starbucks Reserve Tumblers <\/span><\/strong><span style=\"color: #000000;\"><strong><br \/>\n<\/strong><strong>\u00a0 \u00a0 \u00a0 Capacity\uff1a12oz 16oz<\/strong><strong><br \/>\n<\/strong><strong>\u00a0 \u00a0 \u00a0 Material\uff1a<\/strong>Rostfreier Stahl<\/span><br \/>\n<span style=\"color: #000000;\"><strong>\u00a0 \u00a0 \u00a0 Farbe\uff1a<\/strong>Gl\u00e4nzende Lackierung, matte Lackierung, Pulverbeschichtung usw.<\/span><br class=\"yoast-text-mark\" \/><span style=\"color: #000000;\"><strong>\u00a0 \u00a0 \u00a0 Logo\uff1a<\/strong>Siebdruck, Thermotransferdruck, Lasergravur, Wassertransfer usw.<\/span><br class=\"yoast-text-mark\" \/><span style=\"color: #000000;\"><strong>\u00a0 \u00a0 \u00a0MOQ\uff1a<\/strong>300St\u00fcck<\/span><br \/>\n<span style=\"color: #000000;\"><strong>\u00a0 \u00a0 \u00a0 Probezeit\uff1a<\/strong>3-7 Tage f\u00fcr individuelle Gestaltung<\/span><br \/>\n<span style=\"color: #000000;\"><strong>\u00a0 \u00a0 \u00a0 Zertifizierung\uff1a<\/strong>FDA, LFGB<\/span><br \/>\n<span style=\"color: #000000;\"><strong>\u00a0 \u00a0 \u00a0 Verpacken<\/strong>\uff1aWei\u00dfe Schachtel, farbige Schachtel oder Schachtel mit individuellem Design<\/span><br \/>\n<span style=\"color: #000000;\"><strong>\u00a0 \u00a0 \u00a0 Produktionskapazit\u00e4t\uff1a<\/strong>500.000 Exemplare pro Monat<\/span><br \/>\n<span style=\"color: #000000;\"><strong>\u00a0 \u00a0 \u00a0 Lieferzeit\uff1a<\/strong>5-35 Tage f\u00fcr Mengen unter 20.000 St\u00fcck<\/span><\/p>\n<h2><strong>Why Choose Wholesale Starbucks Reserve Tumblers \uff1f<\/strong><\/h2>\n<ol>\n<li><strong>Zertifizierte Qualit\u00e4t und Sicherheit<\/strong><br \/>\n<span style=\"color: #000000;\">Our OEM tumbler, and drinkware meet international standards (CE, FDA, CA65\/Prop65, LFGB), ensuring BPA-free, durable, and safe <\/span>products for your customers.<\/li>\n<li><span style=\"color: #000000;\"><strong>Herausragend mit individuellen Designs<br \/>\n<\/strong>Your brand deserves unique drinkware that captures attention. With Anhui iFun\u2019s stylish and customizable designs, your OEM tumbler will reflect your brand identity and help you stand out in a competitive market.<\/span><\/li>\n<li><span style=\"color: #000000;\"><strong>Strenge Qualit\u00e4tskontrolle<br \/>\n<\/strong>Quality is at the heart of our manufacturing process. Our dedicated team of inspectors ensures every leakproof tumbler meets strict standards before reaching your customers worldwide.<\/span><\/li>\n<li><span style=\"color: #000000;\"><strong>Sch\u00fctzen Sie Ihre Marke und Ideen<br \/>\n<\/strong>Wir respektieren geistiges Eigentum und Vertraulichkeit. Bei Bedarf unterzeichnen wir gerne NDAs oder NNN-Vereinbarungen, um Ihre OEM\/ODM-Designs zu sch\u00fctzen.<\/span><\/li>\n<li><strong>Effiziente, automatisierte Produktion<br \/>\n<\/strong>Wir haben uns auf die Herstellung von Getr\u00e4nken spezialisiert und nutzen fortschrittliche Produktionslinien und Industrie 4.0-Technologien, um kosteng\u00fcnstige, hochwertige Produkte zu wettbewerbsf\u00e4higen Preisen zu liefern.<\/li>\n<li><strong>OEM\/ODM-Kompetenz<br \/>\n<\/strong>Our experienced engineers, with over 20 years in drinkware manufacturing, can transform your ideas into market-ready OEM tumbler\u2014helping you create best sellers.<\/li>\n<li><strong>Vollst\u00e4ndige Anpassung der Dienstleistungen<br \/>\n<\/strong>Von der Formgebung bis zur Verpackung bieten wir eine durchg\u00e4ngige Anpassung an die Bed\u00fcrfnisse Ihrer Marke:<br \/>\n<strong style=\"color: #555555;\">Kundenspezifische Formgebung<\/strong><span style=\"color: #555555;\"> - <\/span><a href=\"https:\/\/customizedwaterbottles.com\/de\/custom-water-bottle-mold-maker-bpa-free-vacuum-flask-oem\/\" target=\"_blank\" rel=\"noopener\">https:\/\/customizedwaterbottles.com\/custom-water-bottle-mold-maker-bpa-free-vacuum-flask-oem\/<\/a><br \/>\n<strong style=\"color: #555555;\">Dekorieren nach Ma\u00df<\/strong><span style=\"color: #555555;\"> -<\/span><a href=\"https:\/\/customizedwaterbottles.com\/de\/graphic-design-water-bottles-custom-stainless-steel-oem\/\" target=\"_blank\" rel=\"noopener\"> https:\/\/customizedwaterbottles.com\/graphic-design-water-bottles-custom-stainless-steel-oem\/<\/a><br \/>\n<strong style=\"color: #555555;\">Individuelle Logos und Verpackungen<\/strong><span style=\"color: #555555;\"> - <\/span><a href=\"https:\/\/customizedwaterbottles.com\/de\/wholesale-custom-packaging-for-water-bottles-tumblers\/\" target=\"_blank\" rel=\"noopener\">https:\/\/customizedwaterbottles.com\/wholesale-custom-packaging-for-water-bottles-tumblers\/<\/a><br \/>\n<strong style=\"color: #555555;\">Individuelles Geschenk<\/strong><span style=\"color: #555555;\"> - <\/span><a href=\"https:\/\/customizedwaterbottles.com\/de\/promotional-drinkware-for-businesses-custom-branded-gifts\/\" target=\"_blank\" rel=\"noopener\">https:\/\/customizedwaterbottles.com\/promotional-drinkware-for-busi<\/a>nesses-custom-branded-gifts\/<\/li>\n<\/ol>\n[post-link-list]\n<p><img decoding=\"async\" class=\"alignnone size-full wp-image-4064\" src=\"https:\/\/customizedwaterbottles.com\/wp-content\/uploads\/2025\/11\/350ml-500ml-Starbucks-Reserve-Tumblers-11.webp\" alt=\"Starbucks Trinkgl\u00e4ser\" width=\"1920\" height=\"1920\" srcset=\"https:\/\/customizedwaterbottles.com\/wp-content\/uploads\/2025\/11\/350ml-500ml-Starbucks-Reserve-Tumblers-11.webp 1920w, https:\/\/customizedwaterbottles.com\/wp-content\/uploads\/2025\/11\/350ml-500ml-Starbucks-Reserve-Tumblers-11-1024x1024.webp 1024w, https:\/\/customizedwaterbottles.com\/wp-content\/uploads\/2025\/11\/350ml-500ml-Starbucks-Reserve-Tumblers-11-768x768.webp 768w, https:\/\/customizedwaterbottles.com\/wp-content\/uploads\/2025\/11\/350ml-500ml-Starbucks-Reserve-Tumblers-11-1536x1536.webp 1536w, https:\/\/customizedwaterbottles.com\/wp-content\/uploads\/2025\/11\/350ml-500ml-Starbucks-Reserve-Tumblers-11-300x300.webp 300w, https:\/\/customizedwaterbottles.com\/wp-content\/uploads\/2025\/11\/350ml-500ml-Starbucks-Reserve-Tumblers-11-600x600.webp 600w, https:\/\/customizedwaterbottles.com\/wp-content\/uploads\/2025\/11\/350ml-500ml-Starbucks-Reserve-Tumblers-11-100x100.webp 100w\" sizes=\"(max-width: 1920px) 100vw, 1920px\" \/><img decoding=\"async\" class=\"alignnone size-full wp-image-4055\" src=\"https:\/\/customizedwaterbottles.com\/wp-content\/uploads\/2025\/11\/350ml-500ml-Starbucks-Reserve-Tumblers-2.webp\" alt=\"Detaills of Starbucks Tumblers\" width=\"800\" height=\"800\" srcset=\"https:\/\/customizedwaterbottles.com\/wp-content\/uploads\/2025\/11\/350ml-500ml-Starbucks-Reserve-Tumblers-2.webp 800w, https:\/\/customizedwaterbottles.com\/wp-content\/uploads\/2025\/11\/350ml-500ml-Starbucks-Reserve-Tumblers-2-768x768.webp 768w, https:\/\/customizedwaterbottles.com\/wp-content\/uploads\/2025\/11\/350ml-500ml-Starbucks-Reserve-Tumblers-2-300x300.webp 300w, https:\/\/customizedwaterbottles.com\/wp-content\/uploads\/2025\/11\/350ml-500ml-Starbucks-Reserve-Tumblers-2-600x600.webp 600w, https:\/\/customizedwaterbottles.com\/wp-content\/uploads\/2025\/11\/350ml-500ml-Starbucks-Reserve-Tumblers-2-100x100.webp 100w\" sizes=\"(max-width: 800px) 100vw, 800px\" \/> <img decoding=\"async\" class=\"alignnone size-full wp-image-4057\" src=\"https:\/\/customizedwaterbottles.com\/wp-content\/uploads\/2025\/11\/350ml-500ml-Starbucks-Reserve-Tumblers-4.webp\" alt=\"Details Starbucks Tumblers\" width=\"1600\" height=\"1600\" srcset=\"https:\/\/customizedwaterbottles.com\/wp-content\/uploads\/2025\/11\/350ml-500ml-Starbucks-Reserve-Tumblers-4.webp 1600w, https:\/\/customizedwaterbottles.com\/wp-content\/uploads\/2025\/11\/350ml-500ml-Starbucks-Reserve-Tumblers-4-1024x1024.webp 1024w, https:\/\/customizedwaterbottles.com\/wp-content\/uploads\/2025\/11\/350ml-500ml-Starbucks-Reserve-Tumblers-4-768x768.webp 768w, https:\/\/customizedwaterbottles.com\/wp-content\/uploads\/2025\/11\/350ml-500ml-Starbucks-Reserve-Tumblers-4-1536x1536.webp 1536w, https:\/\/customizedwaterbottles.com\/wp-content\/uploads\/2025\/11\/350ml-500ml-Starbucks-Reserve-Tumblers-4-300x300.webp 300w, https:\/\/customizedwaterbottles.com\/wp-content\/uploads\/2025\/11\/350ml-500ml-Starbucks-Reserve-Tumblers-4-600x600.webp 600w, https:\/\/customizedwaterbottles.com\/wp-content\/uploads\/2025\/11\/350ml-500ml-Starbucks-Reserve-Tumblers-4-100x100.webp 100w\" sizes=\"(max-width: 1600px) 100vw, 1600px\" \/> <img decoding=\"async\" class=\"alignnone size-full wp-image-4056\" src=\"https:\/\/customizedwaterbottles.com\/wp-content\/uploads\/2025\/11\/350ml-500ml-Starbucks-Reserve-Tumblers-3.webp\" alt=\"Leakproof Starbucks Tumblers\" width=\"1600\" height=\"1600\" srcset=\"https:\/\/customizedwaterbottles.com\/wp-content\/uploads\/2025\/11\/350ml-500ml-Starbucks-Reserve-Tumblers-3.webp 1600w, https:\/\/customizedwaterbottles.com\/wp-content\/uploads\/2025\/11\/350ml-500ml-Starbucks-Reserve-Tumblers-3-1024x1024.webp 1024w, https:\/\/customizedwaterbottles.com\/wp-content\/uploads\/2025\/11\/350ml-500ml-Starbucks-Reserve-Tumblers-3-768x768.webp 768w, https:\/\/customizedwaterbottles.com\/wp-content\/uploads\/2025\/11\/350ml-500ml-Starbucks-Reserve-Tumblers-3-1536x1536.webp 1536w, https:\/\/customizedwaterbottles.com\/wp-content\/uploads\/2025\/11\/350ml-500ml-Starbucks-Reserve-Tumblers-3-300x300.webp 300w, https:\/\/customizedwaterbottles.com\/wp-content\/uploads\/2025\/11\/350ml-500ml-Starbucks-Reserve-Tumblers-3-600x600.webp 600w, https:\/\/customizedwaterbottles.com\/wp-content\/uploads\/2025\/11\/350ml-500ml-Starbucks-Reserve-Tumblers-3-100x100.webp 100w\" sizes=\"(max-width: 1600px) 100vw, 1600px\" \/> <img decoding=\"async\" class=\"alignnone size-full wp-image-4062\" src=\"https:\/\/customizedwaterbottles.com\/wp-content\/uploads\/2025\/11\/350ml-500ml-Starbucks-Reserve-Tumblers-9.webp\" alt=\"Brand logo Starbucks Tumblers\" width=\"1200\" height=\"1200\" srcset=\"https:\/\/customizedwaterbottles.com\/wp-content\/uploads\/2025\/11\/350ml-500ml-Starbucks-Reserve-Tumblers-9.webp 1200w, https:\/\/customizedwaterbottles.com\/wp-content\/uploads\/2025\/11\/350ml-500ml-Starbucks-Reserve-Tumblers-9-1024x1024.webp 1024w, https:\/\/customizedwaterbottles.com\/wp-content\/uploads\/2025\/11\/350ml-500ml-Starbucks-Reserve-Tumblers-9-768x768.webp 768w, https:\/\/customizedwaterbottles.com\/wp-content\/uploads\/2025\/11\/350ml-500ml-Starbucks-Reserve-Tumblers-9-300x300.webp 300w, https:\/\/customizedwaterbottles.com\/wp-content\/uploads\/2025\/11\/350ml-500ml-Starbucks-Reserve-Tumblers-9-600x600.webp 600w, https:\/\/customizedwaterbottles.com\/wp-content\/uploads\/2025\/11\/350ml-500ml-Starbucks-Reserve-Tumblers-9-100x100.webp 100w\" sizes=\"(max-width: 1200px) 100vw, 1200px\" \/> \u00a0<img decoding=\"async\" class=\"alignnone size-full wp-image-4054\" src=\"https:\/\/customizedwaterbottles.com\/wp-content\/uploads\/2025\/11\/350ml-500ml-Starbucks-Reserve-Tumblers-1.webp\" alt=\"Colorful Starbucks Tumblers\" width=\"1600\" height=\"1600\" srcset=\"https:\/\/customizedwaterbottles.com\/wp-content\/uploads\/2025\/11\/350ml-500ml-Starbucks-Reserve-Tumblers-1.webp 1600w, https:\/\/customizedwaterbottles.com\/wp-content\/uploads\/2025\/11\/350ml-500ml-Starbucks-Reserve-Tumblers-1-1024x1024.webp 1024w, https:\/\/customizedwaterbottles.com\/wp-content\/uploads\/2025\/11\/350ml-500ml-Starbucks-Reserve-Tumblers-1-768x768.webp 768w, https:\/\/customizedwaterbottles.com\/wp-content\/uploads\/2025\/11\/350ml-500ml-Starbucks-Reserve-Tumblers-1-1536x1536.webp 1536w, https:\/\/customizedwaterbottles.com\/wp-content\/uploads\/2025\/11\/350ml-500ml-Starbucks-Reserve-Tumblers-1-300x300.webp 300w, https:\/\/customizedwaterbottles.com\/wp-content\/uploads\/2025\/11\/350ml-500ml-Starbucks-Reserve-Tumblers-1-600x600.webp 600w, https:\/\/customizedwaterbottles.com\/wp-content\/uploads\/2025\/11\/350ml-500ml-Starbucks-Reserve-Tumblers-1-100x100.webp 100w\" sizes=\"(max-width: 1600px) 100vw, 1600px\" \/><\/p>\n<p>&nbsp;<\/p>","protected":false},"excerpt":{"rendered":"<h3><span class=\"yoast-text-mark\"><strong>Produktmerkmale:<\/strong><\/span><\/h3>\n<ul>\n<li style=\"list-style-type: none;\">\n<ol start=\"1\">\n<li>\n<p class=\"ds-markdown-paragraph\"><strong>Vibrant Pineapple Design:<\/strong> Showcase your tropical style with this eye-catching Starbucks tumbler<\/p>\n<\/li>\n<li>\n<p class=\"ds-markdown-paragraph\"><strong>Advanced Temperature Retention:<\/strong>\u00a0Enjoy your drinks at the ideal temperature, hot or cold. The insulated interior effectively keeps cold brew iced and tea steaming hot for hours, ensuring perfect flavor from first sip to last.<\/p>\n<\/li>\n<li>\n<p class=\"ds-markdown-paragraph\"><strong>Durable Stainless Steel Build:<\/strong>\u00a0Crafted from high-quality stainless steel, this 16oz tumbler is designed for everyday durability. It resists dents and scratches, making it a long-lasting companion for your on-the-go lifestyle.<\/p>\n<\/li>\n<li>\n<p class=\"ds-markdown-paragraph\"><strong>Versatile 12oz 16oz Capacity:<\/strong>\u00a0The perfect size for all your favorite beverages. This 16-ounce cup is ideal for a morning coffee run, an afternoon iced tea, or even an evening glass of wine, fitting seamlessly into your daily routine.<\/p>\n<\/li>\n<li>\n<p class=\"ds-markdown-paragraph\">&lt;strong&gt;Effortless Cleaning &amp; Maintenance:&nbsp;Designed with a simple, cylindrical shape, this Starbucks cup is incredibly easy to clean by hand or on the top rack of your dishwasher, making maintenance quick and hassle-free.<\/p>\n<\/li>\n<\/ol>\n<\/li>\n<\/ul>\n<p><strong style=\"color: #000000; font-size: 20.16px;\">Kundenspezifische Dienstleistungen:<\/strong><\/p>\n<ul>\n<li><span style=\"color: #000000;\"><strong>Logo &amp;amp; Design:<\/strong> Ifun OEM tumbler can custom your brand logo. We can make your logo &amp; design with screen printing, laser engraved, heat transfer, 3D printing, UV printing etc.<\/span><\/li>\n<li><span style=\"color: #000000;\"><strong>Farbe:<\/strong> Die Farben k\u00f6nnen entsprechend der Pantone-Farbnummer angepasst werden, wir k\u00f6nnen sie mit matter Oberfl\u00e4che, gl\u00e4nzender Lackierung, Pulverbeschichtung usw. ausf\u00fchren.<\/span><\/li>\n<li><span style=\"color: #000000;\"><strong>Kapazit\u00e4t:<\/strong> We have 12oz 16oz and other capacity we can also custom for you.<\/span><\/li>\n<li><span style=\"color: #000000;\"><strong>Deckel: <\/strong>100% BPA FREE auslaufsicherer Deckel, die Farbe kann angepasst werden.<\/span><\/li>\n<li><span style=\"color: #000000;\"><strong>Paket: <\/strong>Farbige Schachtel, wei\u00dfe Schachtel, Geschenkschachtel, braune Kartonschachtel, Zylinderschachtel usw.<\/span><\/li>\n<\/ul>","protected":false},"featured_media":4063,"comment_status":"open","ping_status":"closed","template":"","meta":[],"product_brand":[259],"product_cat":[23],"product_tag":[260],"class_list":{"0":"post-4053","1":"product","2":"type-product","3":"status-publish","4":"has-post-thumbnail","6":"product_brand-starbucks-reserve-tumblers","7":"product_cat-insulated-tumblers-mugs","8":"product_tag-starbucks-reserve-tumblers","10":"first","11":"instock","12":"shipping-taxable","13":"product-type-simple"},"yoast_head":"<!-- This site is optimized with the Yoast SEO plugin v25.4 - https:\/\/yoast.com\/wordpress\/plugins\/seo\/ -->\n<title>100% Leakproof Wholesale Starbucks Reserve Tumblers<\/title>\n<meta name=\"description\" content=\"Source 350ml &amp; 500ml Starbucks Reserve Tumblers direct from our factory. We specialize in wholesale orders with custom logo printing, OEM &amp; ODM services.\" \/>\n<meta name=\"robots\" content=\"index, follow, max-snippet:-1, max-image-preview:large, max-video-preview:-1\" \/>\n<link rel=\"canonical\" href=\"https:\/\/customizedwaterbottles.com\/de\/product\/wholesale-350ml-500ml-starbucks-reserve-tumblers\/\" \/>\n<meta property=\"og:locale\" content=\"de_DE\" \/>\n<meta property=\"og:type\" content=\"article\" \/>\n<meta property=\"og:title\" content=\"100% Leakproof Wholesale Starbucks Reserve Tumblers\" \/>\n<meta property=\"og:description\" content=\"Source 350ml &amp; 500ml Starbucks Reserve Tumblers direct from our factory. We specialize in wholesale orders with custom logo printing, OEM &amp; ODM services.\" \/>\n<meta property=\"og:url\" content=\"https:\/\/customizedwaterbottles.com\/de\/product\/wholesale-350ml-500ml-starbucks-reserve-tumblers\/\" \/>\n<meta property=\"og:site_name\" content=\"iFun\" \/>\n<meta property=\"article:modified_time\" content=\"2025-11-17T04:33:59+00:00\" \/>\n<meta property=\"og:image\" content=\"https:\/\/customizedwaterbottles.com\/wp-content\/uploads\/2025\/11\/350ml-500ml-Starbucks-Reserve-Tumblers-10.webp\" \/>\n\t<meta property=\"og:image:width\" content=\"1920\" \/>\n\t<meta property=\"og:image:height\" content=\"1920\" \/>\n\t<meta property=\"og:image:type\" content=\"image\/webp\" \/>\n<meta name=\"twitter:card\" content=\"summary_large_image\" \/>\n<meta name=\"twitter:label1\" content=\"Gesch\u00e4tzte Lesezeit\" \/>\n\t<meta name=\"twitter:data1\" content=\"3\u00a0Minuten\" \/>\n<script type=\"application\/ld+json\" class=\"yoast-schema-graph\">{\"@context\":\"https:\/\/schema.org\",\"@graph\":[{\"@type\":\"WebPage\",\"@id\":\"https:\/\/customizedwaterbottles.com\/product\/wholesale-350ml-500ml-starbucks-reserve-tumblers\/\",\"url\":\"https:\/\/customizedwaterbottles.com\/product\/wholesale-350ml-500ml-starbucks-reserve-tumblers\/\",\"name\":\"100% Leakproof Wholesale Starbucks Reserve Tumblers\",\"isPartOf\":{\"@id\":\"https:\/\/customizedwaterbottles.com\/#website\"},\"primaryImageOfPage\":{\"@id\":\"https:\/\/customizedwaterbottles.com\/product\/wholesale-350ml-500ml-starbucks-reserve-tumblers\/#primaryimage\"},\"image\":{\"@id\":\"https:\/\/customizedwaterbottles.com\/product\/wholesale-350ml-500ml-starbucks-reserve-tumblers\/#primaryimage\"},\"thumbnailUrl\":\"https:\/\/customizedwaterbottles.com\/wp-content\/uploads\/2025\/11\/350ml-500ml-Starbucks-Reserve-Tumblers-10.webp\",\"datePublished\":\"2025-11-07T02:30:07+00:00\",\"dateModified\":\"2025-11-17T04:33:59+00:00\",\"description\":\"Source 350ml & 500ml Starbucks Reserve Tumblers direct from our factory. We specialize in wholesale orders with custom logo printing, OEM & ODM services.\",\"breadcrumb\":{\"@id\":\"https:\/\/customizedwaterbottles.com\/product\/wholesale-350ml-500ml-starbucks-reserve-tumblers\/#breadcrumb\"},\"inLanguage\":\"de\",\"potentialAction\":[{\"@type\":\"ReadAction\",\"target\":[\"https:\/\/customizedwaterbottles.com\/product\/wholesale-350ml-500ml-starbucks-reserve-tumblers\/\"]}]},{\"@type\":\"ImageObject\",\"inLanguage\":\"de\",\"@id\":\"https:\/\/customizedwaterbottles.com\/product\/wholesale-350ml-500ml-starbucks-reserve-tumblers\/#primaryimage\",\"url\":\"https:\/\/customizedwaterbottles.com\/wp-content\/uploads\/2025\/11\/350ml-500ml-Starbucks-Reserve-Tumblers-10.webp\",\"contentUrl\":\"https:\/\/customizedwaterbottles.com\/wp-content\/uploads\/2025\/11\/350ml-500ml-Starbucks-Reserve-Tumblers-10.webp\",\"width\":1920,\"height\":1920,\"caption\":\"Starbucks Tumblers\"},{\"@type\":\"BreadcrumbList\",\"@id\":\"https:\/\/customizedwaterbottles.com\/product\/wholesale-350ml-500ml-starbucks-reserve-tumblers\/#breadcrumb\",\"itemListElement\":[{\"@type\":\"ListItem\",\"position\":1,\"name\":\"Home\",\"item\":\"https:\/\/customizedwaterbottles.com\/\"},{\"@type\":\"ListItem\",\"position\":2,\"name\":\"Products\",\"item\":\"https:\/\/customizedwaterbottles.com\/wholesale-drinkware-manufacturer-water-bottles-tumblers\/\"},{\"@type\":\"ListItem\",\"position\":3,\"name\":\"Wholesale Starbucks Reserve Tumblers 1081640T\"}]},{\"@type\":\"WebSite\",\"@id\":\"https:\/\/customizedwaterbottles.com\/#website\",\"url\":\"https:\/\/customizedwaterbottles.com\/\",\"name\":\"iFun\",\"description\":\"Water Bottles Stainless Steel Vacuum Flask\",\"potentialAction\":[{\"@type\":\"SearchAction\",\"target\":{\"@type\":\"EntryPoint\",\"urlTemplate\":\"https:\/\/customizedwaterbottles.com\/?s={search_term_string}\"},\"query-input\":{\"@type\":\"PropertyValueSpecification\",\"valueRequired\":true,\"valueName\":\"search_term_string\"}}],\"inLanguage\":\"de\"}]}<\/script>\n<!-- \/ Yoast SEO plugin. -->","yoast_head_json":{"title":"100% Leakproof Wholesale Starbucks Reserve Tumblers","description":"Source 350ml & 500ml Starbucks Reserve Tumblers direct from our factory. We specialize in wholesale orders with custom logo printing, OEM & ODM services.","robots":{"index":"index","follow":"follow","max-snippet":"max-snippet:-1","max-image-preview":"max-image-preview:large","max-video-preview":"max-video-preview:-1"},"canonical":"https:\/\/customizedwaterbottles.com\/de\/product\/wholesale-350ml-500ml-starbucks-reserve-tumblers\/","og_locale":"de_DE","og_type":"article","og_title":"100% Leakproof Wholesale Starbucks Reserve Tumblers","og_description":"Source 350ml & 500ml Starbucks Reserve Tumblers direct from our factory. We specialize in wholesale orders with custom logo printing, OEM & ODM services.","og_url":"https:\/\/customizedwaterbottles.com\/de\/product\/wholesale-350ml-500ml-starbucks-reserve-tumblers\/","og_site_name":"iFun","article_modified_time":"2025-11-17T04:33:59+00:00","og_image":[{"width":1920,"height":1920,"url":"https:\/\/customizedwaterbottles.com\/wp-content\/uploads\/2025\/11\/350ml-500ml-Starbucks-Reserve-Tumblers-10.webp","type":"image\/webp"}],"twitter_card":"summary_large_image","twitter_misc":{"Gesch\u00e4tzte Lesezeit":"3\u00a0Minuten"},"schema":{"@context":"https:\/\/schema.org","@graph":[{"@type":"WebPage","@id":"https:\/\/customizedwaterbottles.com\/product\/wholesale-350ml-500ml-starbucks-reserve-tumblers\/","url":"https:\/\/customizedwaterbottles.com\/product\/wholesale-350ml-500ml-starbucks-reserve-tumblers\/","name":"100% Leakproof Wholesale Starbucks Reserve Tumblers","isPartOf":{"@id":"https:\/\/customizedwaterbottles.com\/#website"},"primaryImageOfPage":{"@id":"https:\/\/customizedwaterbottles.com\/product\/wholesale-350ml-500ml-starbucks-reserve-tumblers\/#primaryimage"},"image":{"@id":"https:\/\/customizedwaterbottles.com\/product\/wholesale-350ml-500ml-starbucks-reserve-tumblers\/#primaryimage"},"thumbnailUrl":"https:\/\/customizedwaterbottles.com\/wp-content\/uploads\/2025\/11\/350ml-500ml-Starbucks-Reserve-Tumblers-10.webp","datePublished":"2025-11-07T02:30:07+00:00","dateModified":"2025-11-17T04:33:59+00:00","description":"Source 350ml & 500ml Starbucks Reserve Tumblers direct from our factory. We specialize in wholesale orders with custom logo printing, OEM & ODM services.","breadcrumb":{"@id":"https:\/\/customizedwaterbottles.com\/product\/wholesale-350ml-500ml-starbucks-reserve-tumblers\/#breadcrumb"},"inLanguage":"de","potentialAction":[{"@type":"ReadAction","target":["https:\/\/customizedwaterbottles.com\/product\/wholesale-350ml-500ml-starbucks-reserve-tumblers\/"]}]},{"@type":"ImageObject","inLanguage":"de","@id":"https:\/\/customizedwaterbottles.com\/product\/wholesale-350ml-500ml-starbucks-reserve-tumblers\/#primaryimage","url":"https:\/\/customizedwaterbottles.com\/wp-content\/uploads\/2025\/11\/350ml-500ml-Starbucks-Reserve-Tumblers-10.webp","contentUrl":"https:\/\/customizedwaterbottles.com\/wp-content\/uploads\/2025\/11\/350ml-500ml-Starbucks-Reserve-Tumblers-10.webp","width":1920,"height":1920,"caption":"Starbucks Tumblers"},{"@type":"BreadcrumbList","@id":"https:\/\/customizedwaterbottles.com\/product\/wholesale-350ml-500ml-starbucks-reserve-tumblers\/#breadcrumb","itemListElement":[{"@type":"ListItem","position":1,"name":"Home","item":"https:\/\/customizedwaterbottles.com\/"},{"@type":"ListItem","position":2,"name":"Products","item":"https:\/\/customizedwaterbottles.com\/wholesale-drinkware-manufacturer-water-bottles-tumblers\/"},{"@type":"ListItem","position":3,"name":"Wholesale Starbucks Reserve Tumblers 1081640T"}]},{"@type":"WebSite","@id":"https:\/\/customizedwaterbottles.com\/#website","url":"https:\/\/customizedwaterbottles.com\/","name":"iFun","description":"Water Bottles Stainless Steel Vacuum Flask","potentialAction":[{"@type":"SearchAction","target":{"@type":"EntryPoint","urlTemplate":"https:\/\/customizedwaterbottles.com\/?s={search_term_string}"},"query-input":{"@type":"PropertyValueSpecification","valueRequired":true,"valueName":"search_term_string"}}],"inLanguage":"de"}]}},"_links":{"self":[{"href":"https:\/\/customizedwaterbottles.com\/de\/wp-json\/wp\/v2\/product\/4053","targetHints":{"allow":["GET"]}}],"collection":[{"href":"https:\/\/customizedwaterbottles.com\/de\/wp-json\/wp\/v2\/product"}],"about":[{"href":"https:\/\/customizedwaterbottles.com\/de\/wp-json\/wp\/v2\/types\/product"}],"replies":[{"embeddable":true,"href":"https:\/\/customizedwaterbottles.com\/de\/wp-json\/wp\/v2\/comments?post=4053"}],"wp:featuredmedia":[{"embeddable":true,"href":"https:\/\/customizedwaterbottles.com\/de\/wp-json\/wp\/v2\/media\/4063"}],"wp:attachment":[{"href":"https:\/\/customizedwaterbottles.com\/de\/wp-json\/wp\/v2\/media?parent=4053"}],"wp:term":[{"taxonomy":"product_brand","embeddable":true,"href":"https:\/\/customizedwaterbottles.com\/de\/wp-json\/wp\/v2\/product_brand?post=4053"},{"taxonomy":"product_cat","embeddable":true,"href":"https:\/\/customizedwaterbottles.com\/de\/wp-json\/wp\/v2\/product_cat?post=4053"},{"taxonomy":"product_tag","embeddable":true,"href":"https:\/\/customizedwaterbottles.com\/de\/wp-json\/wp\/v2\/product_tag?post=4053"}],"curies":[{"name":"wp","href":"https:\/\/api.w.org\/{rel}","templated":true}]}}