{"id":4994,"date":"2026-01-09T06:20:00","date_gmt":"2026-01-09T06:20:00","guid":{"rendered":"https:\/\/customizedwaterbottles.com\/?post_type=product&#038;p=4994"},"modified":"2026-01-09T06:48:14","modified_gmt":"2026-01-09T06:48:14","slug":"brand-fifa-world-cup-2026-edition-32ozstainless-steel-sports-water-bottle","status":"publish","type":"product","link":"https:\/\/customizedwaterbottles.com\/de\/product\/brand-fifa-world-cup-2026-edition-32ozstainless-steel-sports-water-bottle\/","title":{"rendered":"Marke FIFA World Cup 2026 Edition 32oz Edelstahl Sport Wasserflasche 1081642W"},"content":{"rendered":"<p><span style=\"color: #000000;\"><strong>\u00a0 \u00a0 \u00a0 Produktname\uff1a Benutzerdefinierte FIFA Weltmeisterschaft 2026 Wasserflaschen<\/strong><strong><br \/>\n<\/strong><strong>\u00a0 \u00a0 \u00a0 Kapazit\u00e4t\uff1a<\/strong>32oz<\/span><br \/>\n<span style=\"color: #000000;\"><strong>\u00a0 \u00a0 \u00a0 Farbe\uff1a<\/strong>Gl\u00e4nzende Lackierung, matte Lackierung, Pulverbeschichtung usw.<\/span><br \/>\n<span style=\"color: #000000;\"><strong>\u00a0 \u00a0 \u00a0 Logo\uff1a<\/strong>Siebdruck, Thermotransferdruck, Lasergravur, Wassertransfer usw.<\/span><br \/>\n<span style=\"color: #000000;\"><strong>\u00a0 \u00a0 \u00a0 MOQ\uff1a<\/strong>500St\u00fcck<\/span><br \/>\n<span style=\"color: #000000;\"><strong>\u00a0 \u00a0 \u00a0 Probezeit\uff1a<\/strong>3-7 Tage f\u00fcr individuelle Gestaltung<\/span><br \/>\n<span style=\"color: #000000;\"><strong>\u00a0 \u00a0 \u00a0 Zertifizierung\uff1a<\/strong>FDA, LFGB<\/span><br \/>\n<span style=\"color: #000000;\"><strong>\u00a0 \u00a0 \u00a0 Verpacken<\/strong>\uff1aWei\u00dfe Schachtel, farbige Schachtel oder Schachtel mit individuellem Design<\/span><br \/>\n<span style=\"color: #000000;\"><strong>\u00a0 \u00a0 \u00a0 Produktionskapazit\u00e4t\uff1a<\/strong>500.000 Exemplare pro Monat<\/span><br \/>\n<span style=\"color: #000000;\"><strong>\u00a0 \u00a0 \u00a0 Lieferzeit\uff1a<\/strong>5-25 Tage f\u00fcr Mengen unter 20.000 St\u00fcck<\/span><\/p>\n<p><img decoding=\"async\" class=\"alignnone size-full wp-image-5000\" src=\"https:\/\/customizedwaterbottles.com\/wp-content\/uploads\/2026\/01\/Brand-FIFA-World-Cup-2026-Edition-32ozStainless-Steel-Sports-Water-Bottles-5.webp\" alt=\"Wasserflaschen f\u00fcr die Weltmeisterschaft\" width=\"720\" height=\"720\" srcset=\"https:\/\/customizedwaterbottles.com\/wp-content\/uploads\/2026\/01\/Brand-FIFA-World-Cup-2026-Edition-32ozStainless-Steel-Sports-Water-Bottles-5.webp 720w, https:\/\/customizedwaterbottles.com\/wp-content\/uploads\/2026\/01\/Brand-FIFA-World-Cup-2026-Edition-32ozStainless-Steel-Sports-Water-Bottles-5-12x12.webp 12w, https:\/\/customizedwaterbottles.com\/wp-content\/uploads\/2026\/01\/Brand-FIFA-World-Cup-2026-Edition-32ozStainless-Steel-Sports-Water-Bottles-5-300x300.webp 300w, https:\/\/customizedwaterbottles.com\/wp-content\/uploads\/2026\/01\/Brand-FIFA-World-Cup-2026-Edition-32ozStainless-Steel-Sports-Water-Bottles-5-600x600.webp 600w, https:\/\/customizedwaterbottles.com\/wp-content\/uploads\/2026\/01\/Brand-FIFA-World-Cup-2026-Edition-32ozStainless-Steel-Sports-Water-Bottles-5-100x100.webp 100w\" sizes=\"(max-width: 720px) 100vw, 720px\" \/><\/p>\n<p><img decoding=\"async\" class=\"alignnone size-full wp-image-4999\" src=\"https:\/\/customizedwaterbottles.com\/wp-content\/uploads\/2026\/01\/Brand-FIFA-World-Cup-2026-Edition-32ozStainless-Steel-Sports-Water-Bottles-4.webp\" alt=\"Wasserflaschen f\u00fcr die Weltmeisterschaft\" width=\"800\" height=\"800\" srcset=\"https:\/\/customizedwaterbottles.com\/wp-content\/uploads\/2026\/01\/Brand-FIFA-World-Cup-2026-Edition-32ozStainless-Steel-Sports-Water-Bottles-4.webp 800w, https:\/\/customizedwaterbottles.com\/wp-content\/uploads\/2026\/01\/Brand-FIFA-World-Cup-2026-Edition-32ozStainless-Steel-Sports-Water-Bottles-4-768x768.webp 768w, https:\/\/customizedwaterbottles.com\/wp-content\/uploads\/2026\/01\/Brand-FIFA-World-Cup-2026-Edition-32ozStainless-Steel-Sports-Water-Bottles-4-12x12.webp 12w, https:\/\/customizedwaterbottles.com\/wp-content\/uploads\/2026\/01\/Brand-FIFA-World-Cup-2026-Edition-32ozStainless-Steel-Sports-Water-Bottles-4-300x300.webp 300w, https:\/\/customizedwaterbottles.com\/wp-content\/uploads\/2026\/01\/Brand-FIFA-World-Cup-2026-Edition-32ozStainless-Steel-Sports-Water-Bottles-4-600x600.webp 600w, https:\/\/customizedwaterbottles.com\/wp-content\/uploads\/2026\/01\/Brand-FIFA-World-Cup-2026-Edition-32ozStainless-Steel-Sports-Water-Bottles-4-100x100.webp 100w\" sizes=\"(max-width: 800px) 100vw, 800px\" \/><img decoding=\"async\" class=\"alignnone size-full wp-image-4998\" src=\"https:\/\/customizedwaterbottles.com\/wp-content\/uploads\/2026\/01\/Brand-FIFA-World-Cup-2026-Edition-32ozStainless-Steel-Sports-Water-Bottles-3.webp\" alt=\"Wasserflaschen f\u00fcr die Weltmeisterschaft\" width=\"1200\" height=\"1200\" srcset=\"https:\/\/customizedwaterbottles.com\/wp-content\/uploads\/2026\/01\/Brand-FIFA-World-Cup-2026-Edition-32ozStainless-Steel-Sports-Water-Bottles-3.webp 1200w, https:\/\/customizedwaterbottles.com\/wp-content\/uploads\/2026\/01\/Brand-FIFA-World-Cup-2026-Edition-32ozStainless-Steel-Sports-Water-Bottles-3-1024x1024.webp 1024w, https:\/\/customizedwaterbottles.com\/wp-content\/uploads\/2026\/01\/Brand-FIFA-World-Cup-2026-Edition-32ozStainless-Steel-Sports-Water-Bottles-3-768x768.webp 768w, https:\/\/customizedwaterbottles.com\/wp-content\/uploads\/2026\/01\/Brand-FIFA-World-Cup-2026-Edition-32ozStainless-Steel-Sports-Water-Bottles-3-12x12.webp 12w, https:\/\/customizedwaterbottles.com\/wp-content\/uploads\/2026\/01\/Brand-FIFA-World-Cup-2026-Edition-32ozStainless-Steel-Sports-Water-Bottles-3-300x300.webp 300w, https:\/\/customizedwaterbottles.com\/wp-content\/uploads\/2026\/01\/Brand-FIFA-World-Cup-2026-Edition-32ozStainless-Steel-Sports-Water-Bottles-3-600x600.webp 600w, https:\/\/customizedwaterbottles.com\/wp-content\/uploads\/2026\/01\/Brand-FIFA-World-Cup-2026-Edition-32ozStainless-Steel-Sports-Water-Bottles-3-100x100.webp 100w\" sizes=\"(max-width: 1200px) 100vw, 1200px\" \/><\/p>\n<p>&nbsp;<\/p>\n<h2><span style=\"color: #000000;\"><strong>Warum FIFA World Cup 2026 Fu\u00dfball Fan Wasserflasche\uff1f w\u00e4hlen<\/strong><\/span><\/h2>\n<ol>\n<li><span style=\"color: #000000;\"><strong>Zertifizierte Qualit\u00e4t und Sicherheit<\/strong><\/span><br \/>\n<span style=\"color: #000000;\">Unsere Autospout Water Bottle, Wasserflaschen und Trinkgef\u00e4\u00dfe entsprechen internationalen Standards (CE, FDA, CA65\/Prop65, LFGB) und gew\u00e4hrleisten BPA-freie, langlebige und sichere Produkte f\u00fcr Ihre Kunden.<\/span><\/li>\n<li><span style=\"color: #000000;\"><strong>\u00a0Herausragend mit individuellen Designs<br \/>\n<\/strong>Ihre Marke verdient einzigartiges Trinkgeschirr, das Aufmerksamkeit erregt. Mit den stilvollen und anpassbaren Designs von Anhui iFun spiegelt Ihre Autospout-Wasserflasche aus Metall Ihre Markenidentit\u00e4t wider und hilft Ihnen, sich auf einem wettbewerbsintensiven Markt abzuheben.<\/span><\/li>\n<li><span style=\"color: #000000;\"><strong>Strenge Qualit\u00e4tskontrolle<br \/>\n<\/strong>Qualit\u00e4t steht im Mittelpunkt unseres Herstellungsprozesses. Unser engagiertes Inspektorenteam stellt sicher, dass jede Autospout-Wasserflasche aus Metall strenge Standards erf\u00fcllt, bevor sie Ihre Kunden weltweit erreicht.<\/span><\/li>\n<li><span style=\"color: #000000;\"><strong>Sch\u00fctzen Sie Ihre Marke und Ideen<br \/>\n<\/strong>Wir respektieren geistiges Eigentum und Vertraulichkeit. Bei Bedarf unterzeichnen wir gerne NDAs oder NNN-Vereinbarungen, um Ihre OEM\/ODM-Designs zu sch\u00fctzen.<\/span><\/li>\n<li><span style=\"color: #000000;\"><strong>Effiziente, automatisierte Produktion<br \/>\n<\/strong>Wir haben uns auf die Herstellung von Getr\u00e4nken spezialisiert und nutzen fortschrittliche Produktionslinien und Industrie 4.0-Technologien, um kosteng\u00fcnstige, hochwertige Produkte zu wettbewerbsf\u00e4higen Preisen zu liefern.<\/span><\/li>\n<li><span style=\"color: #000000;\"><strong>OEM\/ODM-Kompetenz<br \/>\n<\/strong>Unsere erfahrenen Ingenieure mit mehr als 20 Jahren Erfahrung in der Herstellung von Trinkgef\u00e4\u00dfen k\u00f6nnen Ihre Ideen in marktreife Hydro-Mini-Flaschen umsetzen und Ihnen helfen, Bestseller zu kreieren.<\/span><\/li>\n<li><span style=\"color: #000000;\"><strong>Vollst\u00e4ndige Anpassung der Dienstleistungen<br \/>\n<\/strong>Von der Formgebung bis zur Verpackung bieten wir eine durchg\u00e4ngige Anpassung an die Bed\u00fcrfnisse Ihrer Marke:<\/span><br \/>\n<span style=\"color: #000000;\"><strong>Kundenspezifische Formgebung<\/strong> - <a style=\"color: #000000;\" href=\"https:\/\/customizedwaterbottles.com\/de\/custom-water-bottle-mold-maker-bpa-free-vacuum-flask-oem\/\" target=\"_blank\" rel=\"noopener\">https:\/\/customizedwaterbottles.com\/custom-water-bottle-mold-maker-bpa-free-vacuum-flask-oem\/<\/a><\/span><br \/>\n<span style=\"color: #000000;\"><strong>Dekorieren nach Ma\u00df<\/strong> -<a style=\"color: #000000;\" href=\"https:\/\/customizedwaterbottles.com\/de\/graphic-design-water-bottles-custom-stainless-steel-oem\/\" target=\"_blank\" rel=\"noopener\"> https:\/\/customizedwaterbottles.com\/graphic-design-water-bottles-custom-stainless-steel-oem\/<\/a><\/span><br \/>\n<span style=\"color: #000000;\"><strong>Individuelle Logos und Verpackungen<\/strong> - <a style=\"color: #000000;\" href=\"https:\/\/customizedwaterbottles.com\/de\/wholesale-custom-packaging-for-water-bottles-tumblers\/\" target=\"_blank\" rel=\"noopener\">https:\/\/customizedwaterbottles.com\/wholesale-custom-packaging-for-water-bottles-tumblers\/<\/a><\/span><br \/>\n<span style=\"color: #000000;\"><strong>Individuelles Geschenk<\/strong> - <a style=\"color: #000000;\" href=\"https:\/\/customizedwaterbottles.com\/de\/promotional-drinkware-for-businesses-custom-branded-gifts\/\" target=\"_blank\" rel=\"noopener\">https:\/\/customizedwaterbottles.com\/promotional-drinkware-for-businesses-custom-branded-gifts\/<\/a><\/span><\/li>\n<\/ol>\n<p><span style=\"color: #000000;\">[post-link-list]<\/span><\/p>\n<p><span style=\"color: #000000;\">\u00a0\u00a0 \u00a0 \u00a0<\/span><\/p>","protected":false},"excerpt":{"rendered":"<h3><strong><span style=\"color: #000000;\">Produktmerkmale:<\/span><\/strong><\/h3>\n<p>Brand FIFA World Cup 2026 Edition 32ozStainless Steel Sports Water Bottle<\/p>\n<ul class=\"a-unordered-list a-vertical a-spacing-mini\">\n<li class=\"a-spacing-mini\"><span class=\"a-list-item\">Durable and Versatile: These water bottles are made from premium food grade stainless steel. Available with a straw lid or a chug lid, choose the one that suits your needs. Perfect as a gym water bottle, travel water bottle or for everyday use.<\/span><\/li>\n<li class=\"a-spacing-mini\"><span class=\"a-list-item\">Double Wall Insulation: Our 32 oz insulated water bottle keeps drinks cold for up to 24 hours and hot for up to 12 hours. Ideal for all seasons, it is the best water bottle for maintaining your drink&#8217;s temperature.<\/span><\/li>\n<li class=\"a-spacing-mini\"><span class=\"a-list-item\">Variety of Sizes: These water bottles come in three sizes to fit your needs: 26oz, 32oz, and 40oz. The 26oz size is cupholder friendly, making it an excellent travel companion. The 40 oz water bottle is perfect for those needing more hydration.<\/span><\/li>\n<li class=\"a-spacing-mini\"><span class=\"a-list-item\">Leak and Spill Proof: Insulated bottles designed with a leak proof and spill proof lid. Each bottle lid has an integrated carry handle for easy transportation. The water bottle with straw is a convenient option for active individuals.<\/span><\/li>\n<li class=\"a-spacing-mini\"><span class=\"a-list-item\">High Quality and Stylish: A high quality insulated bottle with a color matched lid and boot. Includes a protective rubber boot for durability. Choose our canteen water bottle for a combination of style and practicality.<\/span><\/li>\n<\/ul>\n<h3><strong>Kundenspezifische Dienstleistungen: \u00a0<\/strong><\/h3>\n<ul>\n<li><strong>Logo und Gestaltung:<\/strong> Ifun Custom FIFA World Cup 2026 Wasserflaschen benutzerdefinierte Ihr Markenlogo. Wir k\u00f6nnen Ihr Logo &amp; Design mit Siebdruck, Lasergravur, W\u00e4rme\u00fcbertragung, 3D-Druck, UV-Druck usw. machen.<\/li>\n<li><strong>Farbe:<\/strong> Die Farben k\u00f6nnen entsprechend der Pantone-Farbnummer angepasst werden, wir k\u00f6nnen sie mit matter Oberfl\u00e4che, gl\u00e4nzender Lackierung, Pulverbeschichtung usw. ausf\u00fchren.<\/li>\n<li><strong>Kapazit\u00e4t:<\/strong> We have Brand 32oz sport water bottles for FIFT WORLD CUP other capacity we can also custom for you.<\/li>\n<li><strong>Deckel: <\/strong>100% BPA FREE auslaufsicherer Deckel, die Farbe kann angepasst werden.<\/li>\n<li><strong>Paket: <\/strong>Farbige Schachtel, wei\u00dfe Schachtel, Geschenkschachtel, braune Kartonschachtel, Zylinderschachtel usw.<\/li>\n<\/ul>","protected":false},"featured_media":4996,"comment_status":"open","ping_status":"closed","template":"","meta":[],"product_brand":[],"product_cat":[24],"product_tag":[304],"class_list":{"0":"post-4994","1":"product","2":"type-product","3":"status-publish","4":"has-post-thumbnail","6":"product_cat-water-bottles","7":"product_tag-fifa-world-cup-2026-water-bottles","9":"first","10":"instock","11":"shipping-taxable","12":"product-type-simple"},"yoast_head":"<!-- This site is optimized with the Yoast SEO plugin v25.4 - https:\/\/yoast.com\/wordpress\/plugins\/seo\/ -->\n<title>FIFA World Cup 2026 Soccer Fan Water Bottle<\/title>\n<meta name=\"description\" content=\"Stay hydrated while cheering at the FIFA World Cup 2026. Discover the best soccer fan custom logo Brand BPA-free Stainless Steel Sports Water Bottle\" \/>\n<meta name=\"robots\" content=\"index, follow, max-snippet:-1, max-image-preview:large, max-video-preview:-1\" \/>\n<link rel=\"canonical\" href=\"https:\/\/customizedwaterbottles.com\/de\/product\/brand-fifa-world-cup-2026-edition-32ozstainless-steel-sports-water-bottle\/\" \/>\n<meta property=\"og:locale\" content=\"de_DE\" \/>\n<meta property=\"og:type\" content=\"article\" \/>\n<meta property=\"og:title\" content=\"FIFA World Cup 2026 Soccer Fan Water Bottle\" \/>\n<meta property=\"og:description\" content=\"Stay hydrated while cheering at the FIFA World Cup 2026. Discover the best soccer fan custom logo Brand BPA-free Stainless Steel Sports Water Bottle\" \/>\n<meta property=\"og:url\" content=\"https:\/\/customizedwaterbottles.com\/de\/product\/brand-fifa-world-cup-2026-edition-32ozstainless-steel-sports-water-bottle\/\" \/>\n<meta property=\"og:site_name\" content=\"iFun\" \/>\n<meta property=\"article:modified_time\" content=\"2026-01-09T06:48:14+00:00\" \/>\n<meta property=\"og:image\" content=\"https:\/\/customizedwaterbottles.com\/wp-content\/uploads\/2026\/01\/Brand-FIFA-World-Cup-2026-Edition-32ozStainless-Steel-Sports-Water-Bottles-1.webp\" \/>\n\t<meta property=\"og:image:width\" content=\"1200\" \/>\n\t<meta property=\"og:image:height\" content=\"896\" \/>\n\t<meta property=\"og:image:type\" content=\"image\/webp\" \/>\n<meta name=\"twitter:card\" content=\"summary_large_image\" \/>\n<meta name=\"twitter:label1\" content=\"Gesch\u00e4tzte Lesezeit\" \/>\n\t<meta name=\"twitter:data1\" content=\"2\u00a0Minuten\" \/>\n<script type=\"application\/ld+json\" class=\"yoast-schema-graph\">{\"@context\":\"https:\/\/schema.org\",\"@graph\":[{\"@type\":\"WebPage\",\"@id\":\"https:\/\/customizedwaterbottles.com\/product\/brand-fifa-world-cup-2026-edition-32ozstainless-steel-sports-water-bottle\/\",\"url\":\"https:\/\/customizedwaterbottles.com\/product\/brand-fifa-world-cup-2026-edition-32ozstainless-steel-sports-water-bottle\/\",\"name\":\"FIFA World Cup 2026 Soccer Fan Water Bottle\",\"isPartOf\":{\"@id\":\"https:\/\/customizedwaterbottles.com\/#website\"},\"primaryImageOfPage\":{\"@id\":\"https:\/\/customizedwaterbottles.com\/product\/brand-fifa-world-cup-2026-edition-32ozstainless-steel-sports-water-bottle\/#primaryimage\"},\"image\":{\"@id\":\"https:\/\/customizedwaterbottles.com\/product\/brand-fifa-world-cup-2026-edition-32ozstainless-steel-sports-water-bottle\/#primaryimage\"},\"thumbnailUrl\":\"https:\/\/customizedwaterbottles.com\/wp-content\/uploads\/2026\/01\/Brand-FIFA-World-Cup-2026-Edition-32ozStainless-Steel-Sports-Water-Bottles-1.webp\",\"datePublished\":\"2026-01-09T06:20:00+00:00\",\"dateModified\":\"2026-01-09T06:48:14+00:00\",\"description\":\"Stay hydrated while cheering at the FIFA World Cup 2026. Discover the best soccer fan custom logo Brand BPA-free Stainless Steel Sports Water Bottle\",\"breadcrumb\":{\"@id\":\"https:\/\/customizedwaterbottles.com\/product\/brand-fifa-world-cup-2026-edition-32ozstainless-steel-sports-water-bottle\/#breadcrumb\"},\"inLanguage\":\"de\",\"potentialAction\":[{\"@type\":\"ReadAction\",\"target\":[\"https:\/\/customizedwaterbottles.com\/product\/brand-fifa-world-cup-2026-edition-32ozstainless-steel-sports-water-bottle\/\"]}]},{\"@type\":\"ImageObject\",\"inLanguage\":\"de\",\"@id\":\"https:\/\/customizedwaterbottles.com\/product\/brand-fifa-world-cup-2026-edition-32ozstainless-steel-sports-water-bottle\/#primaryimage\",\"url\":\"https:\/\/customizedwaterbottles.com\/wp-content\/uploads\/2026\/01\/Brand-FIFA-World-Cup-2026-Edition-32ozStainless-Steel-Sports-Water-Bottles-1.webp\",\"contentUrl\":\"https:\/\/customizedwaterbottles.com\/wp-content\/uploads\/2026\/01\/Brand-FIFA-World-Cup-2026-Edition-32ozStainless-Steel-Sports-Water-Bottles-1.webp\",\"width\":1200,\"height\":896,\"caption\":\"World cup water bottles\"},{\"@type\":\"BreadcrumbList\",\"@id\":\"https:\/\/customizedwaterbottles.com\/product\/brand-fifa-world-cup-2026-edition-32ozstainless-steel-sports-water-bottle\/#breadcrumb\",\"itemListElement\":[{\"@type\":\"ListItem\",\"position\":1,\"name\":\"Home\",\"item\":\"https:\/\/customizedwaterbottles.com\/\"},{\"@type\":\"ListItem\",\"position\":2,\"name\":\"Products\",\"item\":\"https:\/\/customizedwaterbottles.com\/wholesale-drinkware-manufacturer-water-bottles-tumblers\/\"},{\"@type\":\"ListItem\",\"position\":3,\"name\":\"Brand FIFA World Cup 2026 Edition 32oz Stainless Steel Sports Water Bottle 1081642W\"}]},{\"@type\":\"WebSite\",\"@id\":\"https:\/\/customizedwaterbottles.com\/#website\",\"url\":\"https:\/\/customizedwaterbottles.com\/\",\"name\":\"iFun\",\"description\":\"Water Bottles Stainless Steel Vacuum Flask\",\"potentialAction\":[{\"@type\":\"SearchAction\",\"target\":{\"@type\":\"EntryPoint\",\"urlTemplate\":\"https:\/\/customizedwaterbottles.com\/?s={search_term_string}\"},\"query-input\":{\"@type\":\"PropertyValueSpecification\",\"valueRequired\":true,\"valueName\":\"search_term_string\"}}],\"inLanguage\":\"de\"}]}<\/script>\n<!-- \/ Yoast SEO plugin. -->","yoast_head_json":{"title":"FIFA World Cup 2026 Soccer Fan Water Bottle","description":"Stay hydrated while cheering at the FIFA World Cup 2026. Discover the best soccer fan custom logo Brand BPA-free Stainless Steel Sports Water Bottle","robots":{"index":"index","follow":"follow","max-snippet":"max-snippet:-1","max-image-preview":"max-image-preview:large","max-video-preview":"max-video-preview:-1"},"canonical":"https:\/\/customizedwaterbottles.com\/de\/product\/brand-fifa-world-cup-2026-edition-32ozstainless-steel-sports-water-bottle\/","og_locale":"de_DE","og_type":"article","og_title":"FIFA World Cup 2026 Soccer Fan Water Bottle","og_description":"Stay hydrated while cheering at the FIFA World Cup 2026. Discover the best soccer fan custom logo Brand BPA-free Stainless Steel Sports Water Bottle","og_url":"https:\/\/customizedwaterbottles.com\/de\/product\/brand-fifa-world-cup-2026-edition-32ozstainless-steel-sports-water-bottle\/","og_site_name":"iFun","article_modified_time":"2026-01-09T06:48:14+00:00","og_image":[{"width":1200,"height":896,"url":"https:\/\/customizedwaterbottles.com\/wp-content\/uploads\/2026\/01\/Brand-FIFA-World-Cup-2026-Edition-32ozStainless-Steel-Sports-Water-Bottles-1.webp","type":"image\/webp"}],"twitter_card":"summary_large_image","twitter_misc":{"Gesch\u00e4tzte Lesezeit":"2\u00a0Minuten"},"schema":{"@context":"https:\/\/schema.org","@graph":[{"@type":"WebPage","@id":"https:\/\/customizedwaterbottles.com\/product\/brand-fifa-world-cup-2026-edition-32ozstainless-steel-sports-water-bottle\/","url":"https:\/\/customizedwaterbottles.com\/product\/brand-fifa-world-cup-2026-edition-32ozstainless-steel-sports-water-bottle\/","name":"FIFA World Cup 2026 Soccer Fan Water Bottle","isPartOf":{"@id":"https:\/\/customizedwaterbottles.com\/#website"},"primaryImageOfPage":{"@id":"https:\/\/customizedwaterbottles.com\/product\/brand-fifa-world-cup-2026-edition-32ozstainless-steel-sports-water-bottle\/#primaryimage"},"image":{"@id":"https:\/\/customizedwaterbottles.com\/product\/brand-fifa-world-cup-2026-edition-32ozstainless-steel-sports-water-bottle\/#primaryimage"},"thumbnailUrl":"https:\/\/customizedwaterbottles.com\/wp-content\/uploads\/2026\/01\/Brand-FIFA-World-Cup-2026-Edition-32ozStainless-Steel-Sports-Water-Bottles-1.webp","datePublished":"2026-01-09T06:20:00+00:00","dateModified":"2026-01-09T06:48:14+00:00","description":"Stay hydrated while cheering at the FIFA World Cup 2026. Discover the best soccer fan custom logo Brand BPA-free Stainless Steel Sports Water Bottle","breadcrumb":{"@id":"https:\/\/customizedwaterbottles.com\/product\/brand-fifa-world-cup-2026-edition-32ozstainless-steel-sports-water-bottle\/#breadcrumb"},"inLanguage":"de","potentialAction":[{"@type":"ReadAction","target":["https:\/\/customizedwaterbottles.com\/product\/brand-fifa-world-cup-2026-edition-32ozstainless-steel-sports-water-bottle\/"]}]},{"@type":"ImageObject","inLanguage":"de","@id":"https:\/\/customizedwaterbottles.com\/product\/brand-fifa-world-cup-2026-edition-32ozstainless-steel-sports-water-bottle\/#primaryimage","url":"https:\/\/customizedwaterbottles.com\/wp-content\/uploads\/2026\/01\/Brand-FIFA-World-Cup-2026-Edition-32ozStainless-Steel-Sports-Water-Bottles-1.webp","contentUrl":"https:\/\/customizedwaterbottles.com\/wp-content\/uploads\/2026\/01\/Brand-FIFA-World-Cup-2026-Edition-32ozStainless-Steel-Sports-Water-Bottles-1.webp","width":1200,"height":896,"caption":"World cup water bottles"},{"@type":"BreadcrumbList","@id":"https:\/\/customizedwaterbottles.com\/product\/brand-fifa-world-cup-2026-edition-32ozstainless-steel-sports-water-bottle\/#breadcrumb","itemListElement":[{"@type":"ListItem","position":1,"name":"Home","item":"https:\/\/customizedwaterbottles.com\/"},{"@type":"ListItem","position":2,"name":"Products","item":"https:\/\/customizedwaterbottles.com\/wholesale-drinkware-manufacturer-water-bottles-tumblers\/"},{"@type":"ListItem","position":3,"name":"Brand FIFA World Cup 2026 Edition 32oz Stainless Steel Sports Water Bottle 1081642W"}]},{"@type":"WebSite","@id":"https:\/\/customizedwaterbottles.com\/#website","url":"https:\/\/customizedwaterbottles.com\/","name":"iFun","description":"Water Bottles Stainless Steel Vacuum Flask","potentialAction":[{"@type":"SearchAction","target":{"@type":"EntryPoint","urlTemplate":"https:\/\/customizedwaterbottles.com\/?s={search_term_string}"},"query-input":{"@type":"PropertyValueSpecification","valueRequired":true,"valueName":"search_term_string"}}],"inLanguage":"de"}]}},"_links":{"self":[{"href":"https:\/\/customizedwaterbottles.com\/de\/wp-json\/wp\/v2\/product\/4994","targetHints":{"allow":["GET"]}}],"collection":[{"href":"https:\/\/customizedwaterbottles.com\/de\/wp-json\/wp\/v2\/product"}],"about":[{"href":"https:\/\/customizedwaterbottles.com\/de\/wp-json\/wp\/v2\/types\/product"}],"replies":[{"embeddable":true,"href":"https:\/\/customizedwaterbottles.com\/de\/wp-json\/wp\/v2\/comments?post=4994"}],"wp:featuredmedia":[{"embeddable":true,"href":"https:\/\/customizedwaterbottles.com\/de\/wp-json\/wp\/v2\/media\/4996"}],"wp:attachment":[{"href":"https:\/\/customizedwaterbottles.com\/de\/wp-json\/wp\/v2\/media?parent=4994"}],"wp:term":[{"taxonomy":"product_brand","embeddable":true,"href":"https:\/\/customizedwaterbottles.com\/de\/wp-json\/wp\/v2\/product_brand?post=4994"},{"taxonomy":"product_cat","embeddable":true,"href":"https:\/\/customizedwaterbottles.com\/de\/wp-json\/wp\/v2\/product_cat?post=4994"},{"taxonomy":"product_tag","embeddable":true,"href":"https:\/\/customizedwaterbottles.com\/de\/wp-json\/wp\/v2\/product_tag?post=4994"}],"curies":[{"name":"wp","href":"https:\/\/api.w.org\/{rel}","templated":true}]}}