{"id":5840,"date":"2026-04-27T03:43:36","date_gmt":"2026-04-27T03:43:36","guid":{"rendered":"https:\/\/customizedwaterbottles.com\/?post_type=product&#038;p=5840"},"modified":"2026-04-27T04:00:28","modified_gmt":"2026-04-27T04:00:28","slug":"wholesale-20oz-insulated-coffee-tumblers-with-handle-and-straw","status":"publish","type":"product","link":"https:\/\/customizedwaterbottles.com\/de\/product\/wholesale-20oz-insulated-coffee-tumblers-with-handle-and-straw\/","title":{"rendered":"Wholesale 20oz Insulated Coffee Tumblers With Handle And Straw 1081655T"},"content":{"rendered":"<p><span style=\"color: #000000;\"><strong>\u00a0 \u00a0 \u00a0 Product Name\uff1aWholesale 20oz Insulated Coffee Tumblers With Handle And Straw<\/strong><strong><br \/>\n<\/strong><strong>\u00a0 \u00a0 \u00a0 Kapazit\u00e4t\uff1a<\/strong>20oz<\/span><br \/>\n<span style=\"color: #000000;\"><strong>\u00a0 \u00a0 \u00a0 Farbe\uff1a<\/strong>Gl\u00e4nzende Lackierung, matte Lackierung, Pulverbeschichtung usw.<\/span><br \/>\n<span style=\"color: #000000;\"><strong>\u00a0 \u00a0 \u00a0 Logo\uff1a<\/strong>Siebdruck, Thermotransferdruck, Lasergravur, Wassertransfer usw.<\/span><br \/>\n<span style=\"color: #000000;\"><strong>\u00a0 \u00a0 \u00a0 MOQ\uff1a<\/strong>100St\u00fcck<\/span><br \/>\n<span style=\"color: #000000;\"><strong>\u00a0 \u00a0 \u00a0 Probezeit\uff1a<\/strong>3-7 Tage f\u00fcr individuelle Gestaltung<\/span><br \/>\n<span style=\"color: #000000;\"><strong>\u00a0 \u00a0 \u00a0 Zertifizierung\uff1a<\/strong>FDA, LFGB<\/span><br \/>\n<span style=\"color: #000000;\"><strong>\u00a0 \u00a0 \u00a0 Verpacken<\/strong>\uff1aWei\u00dfe Schachtel, farbige Schachtel oder Schachtel mit individuellem Design<\/span><br \/>\n<span style=\"color: #000000;\"><strong>\u00a0 \u00a0 \u00a0 Produktionskapazit\u00e4t\uff1a<\/strong>500.000 Exemplare pro Monat<\/span><br \/>\n<span style=\"color: #000000;\"><strong>\u00a0 \u00a0 \u00a0 Lieferzeit\uff1a<\/strong>5-25 Tage f\u00fcr Mengen unter 20.000 St\u00fcck<\/span><\/p>\n<h2><span style=\"color: #000000;\"><strong>Why Choose Ifun Wholesale 20oz Insulated Coffee Tumblers With Handle And Straw \uff1f<\/strong><\/span><\/h2>\n<ol>\n<li><span style=\"color: #000000;\"><strong>Zertifizierte Qualit\u00e4t und Sicherheit<\/strong><\/span><br \/>\n<span style=\"color: #000000;\"><span style=\"color: #000000;\">Our Brand cute coffee tumblers <\/span><\/span><span style=\"color: #000000;\">erf\u00fcllen internationale Normen (CE, FDA, CA65\/Prop65, LFGB) und gew\u00e4hrleisten BPA-freie, langlebige und sichere Produkte f\u00fcr Ihre Kunden.<\/span><\/li>\n<li><span style=\"color: #000000;\"><strong>\u00a0Herausragend mit individuellen Designs<br \/>\n<\/strong>Your brand deserves unique drinkware that captures attention. With Anhui iFun\u2019s stylish and customizable designs, your cute coffee tumblers will reflect your brand identity and help you stand out in a competitive market.<\/span><\/li>\n<li><span style=\"color: #000000;\"><strong>Strenge Qualit\u00e4tskontrolle<br \/>\n<\/strong>Quality is at the heart of our manufacturing process. Our dedicated team of inspectors ensures every cute coffee tumblers meets strict standards before reaching your customers worldwide.<\/span><\/li>\n<li><span style=\"color: #000000;\"><strong>Sch\u00fctzen Sie Ihre Marke und Ideen<br \/>\n<\/strong>Wir respektieren geistiges Eigentum und Vertraulichkeit. Bei Bedarf unterzeichnen wir gerne NDAs oder NNN-Vereinbarungen, um Ihre OEM\/ODM-Designs zu sch\u00fctzen.<\/span><\/li>\n<li><span style=\"color: #000000;\"><strong>Effiziente, automatisierte Produktion<br \/>\n<\/strong>Wir haben uns auf die Herstellung von Getr\u00e4nken spezialisiert und nutzen fortschrittliche Produktionslinien und Industrie 4.0-Technologien, um kosteng\u00fcnstige, hochwertige Produkte zu wettbewerbsf\u00e4higen Preisen zu liefern.<\/span><\/li>\n<li><span style=\"color: #000000;\"><strong>OEM\/ODM-Kompetenz<br \/>\n<\/strong>Our experienced engineers, with over 20 years in drinkware manufacturing, can transform your ideas into market-ready cute coffee tumblers\u2014helping you create bestsellers.<\/span><\/li>\n<li><span style=\"color: #000000;\"><strong>Vollst\u00e4ndige Anpassung der Dienstleistungen<br \/>\n<\/strong>Von der Formgebung bis zur Verpackung bieten wir eine durchg\u00e4ngige Anpassung an die Bed\u00fcrfnisse Ihrer Marke:<\/span><br \/>\n<span style=\"color: #000000;\"><strong>Kundenspezifische Formgebung<\/strong> - <a style=\"color: #000000;\" href=\"https:\/\/customizedwaterbottles.com\/de\/custom-water-bottle-mold-maker-bpa-free-vacuum-flask-oem\/\" target=\"_blank\" rel=\"noopener\">https:\/\/customizedwaterbottles.com\/custom-water-bottle-mold-maker-bpa-free-vacuum-flask-oem\/<\/a><\/span><br \/>\n<span style=\"color: #000000;\"><strong>Dekorieren nach Ma\u00df<\/strong> -<a style=\"color: #000000;\" href=\"https:\/\/customizedwaterbottles.com\/de\/graphic-design-water-bottles-custom-stainless-steel-oem\/\" target=\"_blank\" rel=\"noopener\"> https:\/\/customizedwaterbottles.com\/graphic-design-water-bottles-custom-stainless-steel-oem\/<\/a><\/span><br \/>\n<span style=\"color: #000000;\"><strong>Individuelle Logos und Verpackungen<\/strong> - <a style=\"color: #000000;\" href=\"https:\/\/customizedwaterbottles.com\/de\/wholesale-custom-packaging-for-water-bottles-tumblers\/\" target=\"_blank\" rel=\"noopener\">https:\/\/customizedwaterbottles.com\/wholesale-custom-packaging-for-water-bottles-tumblers\/<\/a><\/span><br \/>\n<span style=\"color: #000000;\"><strong>Individuelles Geschenk<\/strong> - <a style=\"color: #000000;\" href=\"https:\/\/customizedwaterbottles.com\/de\/promotional-drinkware-for-businesses-custom-branded-gifts\/\" target=\"_blank\" rel=\"noopener\">https:\/\/customizedwaterbottles.com\/promotional-drinkware-for-businesses-custom-branded-gifts\/<\/a><\/span><\/li>\n<\/ol>\n<p><span style=\"color: #000000;\">[post-link-list]<\/span><\/p>\n<p><span style=\"color: #000000;\">\u00a0 \u00a0 <img decoding=\"async\" class=\"alignnone size-full wp-image-5848\" src=\"https:\/\/customizedwaterbottles.com\/wp-content\/uploads\/2026\/04\/stainless-steel-tumbler-with-ceramic-coating-4.webp\" alt=\"wholesale 20oz tumbler with handle and straw\" width=\"1024\" height=\"1024\" srcset=\"https:\/\/customizedwaterbottles.com\/wp-content\/uploads\/2026\/04\/stainless-steel-tumbler-with-ceramic-coating-4.webp 1024w, https:\/\/customizedwaterbottles.com\/wp-content\/uploads\/2026\/04\/stainless-steel-tumbler-with-ceramic-coating-4-768x768.webp 768w, https:\/\/customizedwaterbottles.com\/wp-content\/uploads\/2026\/04\/stainless-steel-tumbler-with-ceramic-coating-4-12x12.webp 12w, https:\/\/customizedwaterbottles.com\/wp-content\/uploads\/2026\/04\/stainless-steel-tumbler-with-ceramic-coating-4-300x300.webp 300w, https:\/\/customizedwaterbottles.com\/wp-content\/uploads\/2026\/04\/stainless-steel-tumbler-with-ceramic-coating-4-600x600.webp 600w, https:\/\/customizedwaterbottles.com\/wp-content\/uploads\/2026\/04\/stainless-steel-tumbler-with-ceramic-coating-4-100x100.webp 100w\" sizes=\"(max-width: 1024px) 100vw, 1024px\" \/> <img decoding=\"async\" class=\"alignnone size-full wp-image-5845\" src=\"https:\/\/customizedwaterbottles.com\/wp-content\/uploads\/2026\/04\/20oz-tumbler-with-handle.webp\" alt=\"20oz tumbler with handle and straw\" width=\"800\" height=\"800\" srcset=\"https:\/\/customizedwaterbottles.com\/wp-content\/uploads\/2026\/04\/20oz-tumbler-with-handle.webp 800w, https:\/\/customizedwaterbottles.com\/wp-content\/uploads\/2026\/04\/20oz-tumbler-with-handle-768x768.webp 768w, https:\/\/customizedwaterbottles.com\/wp-content\/uploads\/2026\/04\/20oz-tumbler-with-handle-12x12.webp 12w, https:\/\/customizedwaterbottles.com\/wp-content\/uploads\/2026\/04\/20oz-tumbler-with-handle-300x300.webp 300w, https:\/\/customizedwaterbottles.com\/wp-content\/uploads\/2026\/04\/20oz-tumbler-with-handle-600x600.webp 600w, https:\/\/customizedwaterbottles.com\/wp-content\/uploads\/2026\/04\/20oz-tumbler-with-handle-100x100.webp 100w\" sizes=\"(max-width: 800px) 100vw, 800px\" \/> <img decoding=\"async\" class=\"alignnone size-full wp-image-5843\" src=\"https:\/\/customizedwaterbottles.com\/wp-content\/uploads\/2026\/04\/vacuum-insulated-tumbler-1.webp\" alt=\"OEM tumbler with handle and straw\" width=\"1254\" height=\"1254\" srcset=\"https:\/\/customizedwaterbottles.com\/wp-content\/uploads\/2026\/04\/vacuum-insulated-tumbler-1.webp 1254w, https:\/\/customizedwaterbottles.com\/wp-content\/uploads\/2026\/04\/vacuum-insulated-tumbler-1-1024x1024.webp 1024w, https:\/\/customizedwaterbottles.com\/wp-content\/uploads\/2026\/04\/vacuum-insulated-tumbler-1-768x768.webp 768w, https:\/\/customizedwaterbottles.com\/wp-content\/uploads\/2026\/04\/vacuum-insulated-tumbler-1-12x12.webp 12w, https:\/\/customizedwaterbottles.com\/wp-content\/uploads\/2026\/04\/vacuum-insulated-tumbler-1-300x300.webp 300w, https:\/\/customizedwaterbottles.com\/wp-content\/uploads\/2026\/04\/vacuum-insulated-tumbler-1-600x600.webp 600w, https:\/\/customizedwaterbottles.com\/wp-content\/uploads\/2026\/04\/vacuum-insulated-tumbler-1-100x100.webp 100w\" sizes=\"(max-width: 1254px) 100vw, 1254px\" \/> \u00a0\u00a0<\/span><\/p>","protected":false},"excerpt":{"rendered":"<h3><span style=\"color: #000000;\"><strong>Produktmerkmale:<\/strong><\/span><\/h3>\n<p class=\"ds-markdown-paragraph\"><span style=\"color: #000000;\">Brand new design makes these cute coffee tumblers stand out with vibrant colors and charming patterns.<\/span><\/p>\n<p class=\"ds-markdown-paragraph\"><span style=\"color: #000000;\">Double wall insulation keeps drinks hot or cold for hours, ensuring these cute coffee tumblers perform perfectly during long travel.<\/span><\/p>\n<p class=\"ds-markdown-paragraph\"><span style=\"color: #000000;\">Customizable surface allows logos or names to be added, making these cute coffee tumblers ideal for gifts or brand promotion.<\/span><\/p>\n<p class=\"ds-markdown-paragraph\"><span style=\"color: #000000;\">Complete accessories include a straw lid, cleaning brush, and spare gasket, enhancing the usability of these cute coffee tumblers.<\/span><\/p>\n<p class=\"ds-markdown-paragraph\"><span style=\"color: #000000;\">Leak proof and travel friendly size let these cute coffee tumblers fit in car cup holders and backpacks with ease.<\/span><\/p>\n<h3><span style=\"color: #000000;\"><strong>Kundenspezifische Dienstleistungen: \u00a0<\/strong><\/span><\/h3>\n<ul>\n<li><span style=\"color: #000000;\"><strong>Logo und Gestaltung:<\/strong> Ifun cute coffee tumblers custom your brand logo. We can make your logo &amp; design with screen printing, laser engraved, heat transfer, 3D printing, UV printing etc.<\/span><\/li>\n<li><span style=\"color: #000000;\"><strong>Farbe:<\/strong> Die Farben k\u00f6nnen entsprechend der Pantone-Farbnummer angepasst werden, wir k\u00f6nnen sie mit matter Oberfl\u00e4che, gl\u00e4nzender Lackierung, Pulverbeschichtung usw. ausf\u00fchren.<\/span><\/li>\n<li><span style=\"color: #000000;\"><strong>Kapazit\u00e4t:<\/strong> We have cute coffee tumblers capacity of 900ml, we can also custom other capacity for you.<\/span><\/li>\n<li><span style=\"color: #000000;\"><strong>Deckel: <\/strong>100% BPA FREE auslaufsicherer Deckel, die Farbe kann angepasst werden.<\/span><\/li>\n<li><span style=\"color: #000000;\"><strong>Paket: <\/strong>Farbige Schachtel, wei\u00dfe Schachtel, Geschenkschachtel, braune Kartonschachtel, Zylinderschachtel usw.<\/span><\/li>\n<\/ul>","protected":false},"featured_media":5844,"comment_status":"open","ping_status":"closed","template":"","meta":[],"product_brand":[],"product_cat":[23],"product_tag":[103],"class_list":{"0":"post-5840","1":"product","2":"type-product","3":"status-publish","4":"has-post-thumbnail","6":"product_cat-insulated-tumblers-mugs","7":"product_tag-coffee-tumblers","9":"first","10":"instock","11":"shipping-taxable","12":"product-type-simple"},"yoast_head":"<!-- This site is optimized with the Yoast SEO plugin v25.4 - https:\/\/yoast.com\/wordpress\/plugins\/seo\/ -->\n<title>Wholesale 20oz Insulated Coffee Tumblers With Handle And Straw<\/title>\n<meta name=\"description\" content=\"Wholesale 20oz Insulated Coffee Tumblers With Handle And Straw, Factory Price Fast Delivery Low MOQ Professional Sales Support And One Stop Service Help You Win More Market Share Trusted Manufacturing Partner For Your Brand Growth\" \/>\n<meta name=\"robots\" content=\"index, follow, max-snippet:-1, max-image-preview:large, max-video-preview:-1\" \/>\n<link rel=\"canonical\" href=\"https:\/\/customizedwaterbottles.com\/de\/product\/wholesale-20oz-insulated-coffee-tumblers-with-handle-and-straw\/\" \/>\n<meta property=\"og:locale\" content=\"de_DE\" \/>\n<meta property=\"og:type\" content=\"article\" \/>\n<meta property=\"og:title\" content=\"Wholesale 20oz Insulated Coffee Tumblers With Handle And Straw\" \/>\n<meta property=\"og:description\" content=\"Wholesale 20oz Insulated Coffee Tumblers With Handle And Straw, Factory Price Fast Delivery Low MOQ Professional Sales Support And One Stop Service Help You Win More Market Share Trusted Manufacturing Partner For Your Brand Growth\" \/>\n<meta property=\"og:url\" content=\"https:\/\/customizedwaterbottles.com\/de\/product\/wholesale-20oz-insulated-coffee-tumblers-with-handle-and-straw\/\" \/>\n<meta property=\"og:site_name\" content=\"iFun\" \/>\n<meta property=\"article:modified_time\" content=\"2026-04-27T04:00:28+00:00\" \/>\n<meta property=\"og:image\" content=\"https:\/\/customizedwaterbottles.com\/wp-content\/uploads\/2026\/04\/20oz-Purple-tumbler-with-handle-straw-lid.webp\" \/>\n\t<meta property=\"og:image:width\" content=\"800\" \/>\n\t<meta property=\"og:image:height\" content=\"800\" \/>\n\t<meta property=\"og:image:type\" content=\"image\/webp\" \/>\n<meta name=\"twitter:card\" content=\"summary_large_image\" \/>\n<meta name=\"twitter:label1\" content=\"Gesch\u00e4tzte Lesezeit\" \/>\n\t<meta name=\"twitter:data1\" content=\"2\u00a0Minuten\" \/>\n<script type=\"application\/ld+json\" class=\"yoast-schema-graph\">{\"@context\":\"https:\/\/schema.org\",\"@graph\":[{\"@type\":\"WebPage\",\"@id\":\"https:\/\/customizedwaterbottles.com\/product\/wholesale-20oz-insulated-coffee-tumblers-with-handle-and-straw\/\",\"url\":\"https:\/\/customizedwaterbottles.com\/product\/wholesale-20oz-insulated-coffee-tumblers-with-handle-and-straw\/\",\"name\":\"Wholesale 20oz Insulated Coffee Tumblers With Handle And Straw\",\"isPartOf\":{\"@id\":\"https:\/\/customizedwaterbottles.com\/#website\"},\"primaryImageOfPage\":{\"@id\":\"https:\/\/customizedwaterbottles.com\/product\/wholesale-20oz-insulated-coffee-tumblers-with-handle-and-straw\/#primaryimage\"},\"image\":{\"@id\":\"https:\/\/customizedwaterbottles.com\/product\/wholesale-20oz-insulated-coffee-tumblers-with-handle-and-straw\/#primaryimage\"},\"thumbnailUrl\":\"https:\/\/customizedwaterbottles.com\/wp-content\/uploads\/2026\/04\/20oz-Purple-tumbler-with-handle-straw-lid.webp\",\"datePublished\":\"2026-04-27T03:43:36+00:00\",\"dateModified\":\"2026-04-27T04:00:28+00:00\",\"description\":\"Wholesale 20oz Insulated Coffee Tumblers With Handle And Straw, Factory Price Fast Delivery Low MOQ Professional Sales Support And One Stop Service Help You Win More Market Share Trusted Manufacturing Partner For Your Brand Growth\",\"breadcrumb\":{\"@id\":\"https:\/\/customizedwaterbottles.com\/product\/wholesale-20oz-insulated-coffee-tumblers-with-handle-and-straw\/#breadcrumb\"},\"inLanguage\":\"de\",\"potentialAction\":[{\"@type\":\"ReadAction\",\"target\":[\"https:\/\/customizedwaterbottles.com\/product\/wholesale-20oz-insulated-coffee-tumblers-with-handle-and-straw\/\"]}]},{\"@type\":\"ImageObject\",\"inLanguage\":\"de\",\"@id\":\"https:\/\/customizedwaterbottles.com\/product\/wholesale-20oz-insulated-coffee-tumblers-with-handle-and-straw\/#primaryimage\",\"url\":\"https:\/\/customizedwaterbottles.com\/wp-content\/uploads\/2026\/04\/20oz-Purple-tumbler-with-handle-straw-lid.webp\",\"contentUrl\":\"https:\/\/customizedwaterbottles.com\/wp-content\/uploads\/2026\/04\/20oz-Purple-tumbler-with-handle-straw-lid.webp\",\"width\":800,\"height\":800},{\"@type\":\"BreadcrumbList\",\"@id\":\"https:\/\/customizedwaterbottles.com\/product\/wholesale-20oz-insulated-coffee-tumblers-with-handle-and-straw\/#breadcrumb\",\"itemListElement\":[{\"@type\":\"ListItem\",\"position\":1,\"name\":\"Home\",\"item\":\"https:\/\/customizedwaterbottles.com\/\"},{\"@type\":\"ListItem\",\"position\":2,\"name\":\"Products\",\"item\":\"https:\/\/customizedwaterbottles.com\/wholesale-drinkware-manufacturer-water-bottles-tumblers\/\"},{\"@type\":\"ListItem\",\"position\":3,\"name\":\"Wholesale 20oz Insulated Coffee Tumblers With Handle And Straw 1081655T\"}]},{\"@type\":\"WebSite\",\"@id\":\"https:\/\/customizedwaterbottles.com\/#website\",\"url\":\"https:\/\/customizedwaterbottles.com\/\",\"name\":\"iFun\",\"description\":\"Water Bottles Stainless Steel Vacuum Flask\",\"potentialAction\":[{\"@type\":\"SearchAction\",\"target\":{\"@type\":\"EntryPoint\",\"urlTemplate\":\"https:\/\/customizedwaterbottles.com\/?s={search_term_string}\"},\"query-input\":{\"@type\":\"PropertyValueSpecification\",\"valueRequired\":true,\"valueName\":\"search_term_string\"}}],\"inLanguage\":\"de\"}]}<\/script>\n<!-- \/ Yoast SEO plugin. -->","yoast_head_json":{"title":"Wholesale 20oz Insulated Coffee Tumblers With Handle And Straw","description":"Wholesale 20oz Insulated Coffee Tumblers With Handle And Straw, Factory Price Fast Delivery Low MOQ Professional Sales Support And One Stop Service Help You Win More Market Share Trusted Manufacturing Partner For Your Brand Growth","robots":{"index":"index","follow":"follow","max-snippet":"max-snippet:-1","max-image-preview":"max-image-preview:large","max-video-preview":"max-video-preview:-1"},"canonical":"https:\/\/customizedwaterbottles.com\/de\/product\/wholesale-20oz-insulated-coffee-tumblers-with-handle-and-straw\/","og_locale":"de_DE","og_type":"article","og_title":"Wholesale 20oz Insulated Coffee Tumblers With Handle And Straw","og_description":"Wholesale 20oz Insulated Coffee Tumblers With Handle And Straw, Factory Price Fast Delivery Low MOQ Professional Sales Support And One Stop Service Help You Win More Market Share Trusted Manufacturing Partner For Your Brand Growth","og_url":"https:\/\/customizedwaterbottles.com\/de\/product\/wholesale-20oz-insulated-coffee-tumblers-with-handle-and-straw\/","og_site_name":"iFun","article_modified_time":"2026-04-27T04:00:28+00:00","og_image":[{"width":800,"height":800,"url":"https:\/\/customizedwaterbottles.com\/wp-content\/uploads\/2026\/04\/20oz-Purple-tumbler-with-handle-straw-lid.webp","type":"image\/webp"}],"twitter_card":"summary_large_image","twitter_misc":{"Gesch\u00e4tzte Lesezeit":"2\u00a0Minuten"},"schema":{"@context":"https:\/\/schema.org","@graph":[{"@type":"WebPage","@id":"https:\/\/customizedwaterbottles.com\/product\/wholesale-20oz-insulated-coffee-tumblers-with-handle-and-straw\/","url":"https:\/\/customizedwaterbottles.com\/product\/wholesale-20oz-insulated-coffee-tumblers-with-handle-and-straw\/","name":"Wholesale 20oz Insulated Coffee Tumblers With Handle And Straw","isPartOf":{"@id":"https:\/\/customizedwaterbottles.com\/#website"},"primaryImageOfPage":{"@id":"https:\/\/customizedwaterbottles.com\/product\/wholesale-20oz-insulated-coffee-tumblers-with-handle-and-straw\/#primaryimage"},"image":{"@id":"https:\/\/customizedwaterbottles.com\/product\/wholesale-20oz-insulated-coffee-tumblers-with-handle-and-straw\/#primaryimage"},"thumbnailUrl":"https:\/\/customizedwaterbottles.com\/wp-content\/uploads\/2026\/04\/20oz-Purple-tumbler-with-handle-straw-lid.webp","datePublished":"2026-04-27T03:43:36+00:00","dateModified":"2026-04-27T04:00:28+00:00","description":"Wholesale 20oz Insulated Coffee Tumblers With Handle And Straw, Factory Price Fast Delivery Low MOQ Professional Sales Support And One Stop Service Help You Win More Market Share Trusted Manufacturing Partner For Your Brand Growth","breadcrumb":{"@id":"https:\/\/customizedwaterbottles.com\/product\/wholesale-20oz-insulated-coffee-tumblers-with-handle-and-straw\/#breadcrumb"},"inLanguage":"de","potentialAction":[{"@type":"ReadAction","target":["https:\/\/customizedwaterbottles.com\/product\/wholesale-20oz-insulated-coffee-tumblers-with-handle-and-straw\/"]}]},{"@type":"ImageObject","inLanguage":"de","@id":"https:\/\/customizedwaterbottles.com\/product\/wholesale-20oz-insulated-coffee-tumblers-with-handle-and-straw\/#primaryimage","url":"https:\/\/customizedwaterbottles.com\/wp-content\/uploads\/2026\/04\/20oz-Purple-tumbler-with-handle-straw-lid.webp","contentUrl":"https:\/\/customizedwaterbottles.com\/wp-content\/uploads\/2026\/04\/20oz-Purple-tumbler-with-handle-straw-lid.webp","width":800,"height":800},{"@type":"BreadcrumbList","@id":"https:\/\/customizedwaterbottles.com\/product\/wholesale-20oz-insulated-coffee-tumblers-with-handle-and-straw\/#breadcrumb","itemListElement":[{"@type":"ListItem","position":1,"name":"Home","item":"https:\/\/customizedwaterbottles.com\/"},{"@type":"ListItem","position":2,"name":"Products","item":"https:\/\/customizedwaterbottles.com\/wholesale-drinkware-manufacturer-water-bottles-tumblers\/"},{"@type":"ListItem","position":3,"name":"Wholesale 20oz Insulated Coffee Tumblers With Handle And Straw 1081655T"}]},{"@type":"WebSite","@id":"https:\/\/customizedwaterbottles.com\/#website","url":"https:\/\/customizedwaterbottles.com\/","name":"iFun","description":"Water Bottles Stainless Steel Vacuum Flask","potentialAction":[{"@type":"SearchAction","target":{"@type":"EntryPoint","urlTemplate":"https:\/\/customizedwaterbottles.com\/?s={search_term_string}"},"query-input":{"@type":"PropertyValueSpecification","valueRequired":true,"valueName":"search_term_string"}}],"inLanguage":"de"}]}},"_links":{"self":[{"href":"https:\/\/customizedwaterbottles.com\/de\/wp-json\/wp\/v2\/product\/5840","targetHints":{"allow":["GET"]}}],"collection":[{"href":"https:\/\/customizedwaterbottles.com\/de\/wp-json\/wp\/v2\/product"}],"about":[{"href":"https:\/\/customizedwaterbottles.com\/de\/wp-json\/wp\/v2\/types\/product"}],"replies":[{"embeddable":true,"href":"https:\/\/customizedwaterbottles.com\/de\/wp-json\/wp\/v2\/comments?post=5840"}],"wp:featuredmedia":[{"embeddable":true,"href":"https:\/\/customizedwaterbottles.com\/de\/wp-json\/wp\/v2\/media\/5844"}],"wp:attachment":[{"href":"https:\/\/customizedwaterbottles.com\/de\/wp-json\/wp\/v2\/media?parent=5840"}],"wp:term":[{"taxonomy":"product_brand","embeddable":true,"href":"https:\/\/customizedwaterbottles.com\/de\/wp-json\/wp\/v2\/product_brand?post=5840"},{"taxonomy":"product_cat","embeddable":true,"href":"https:\/\/customizedwaterbottles.com\/de\/wp-json\/wp\/v2\/product_cat?post=5840"},{"taxonomy":"product_tag","embeddable":true,"href":"https:\/\/customizedwaterbottles.com\/de\/wp-json\/wp\/v2\/product_tag?post=5840"}],"curies":[{"name":"wp","href":"https:\/\/api.w.org\/{rel}","templated":true}]}}