{"id":1809,"date":"2025-07-02T04:02:56","date_gmt":"2025-07-02T04:02:56","guid":{"rendered":"https:\/\/customizedwaterbottles.com\/?post_type=product&#038;p=1809"},"modified":"2025-07-18T08:39:38","modified_gmt":"2025-07-18T08:39:38","slug":"double-walled-insulated-stainless-steel-sports-fitness-water-bottle-protein-shaker-with-stirring-ball","status":"publish","type":"product","link":"https:\/\/customizedwaterbottles.com\/es\/product\/double-walled-insulated-stainless-steel-sports-fitness-water-bottle-protein-shaker-with-stirring-ball\/","title":{"rendered":"550ML 750ML Doble Pared Aislado Acero Inoxidable Deportes Fitness Botella de Agua Protein Shaker con Bola Agitadora 1081605P"},"content":{"rendered":"<table>\n<tbody>\n<tr>\n<td width=\"426\">Nombre del producto<\/td>\n<td width=\"426\">\u00a0Double Walled Insulated Stainless Steel Sports Fitness Water Bottle Protein Shaker with Stirring Ball<\/td>\n<\/tr>\n<tr>\n<td width=\"426\">Capacidad<\/td>\n<td width=\"426\">550ML 750ML<\/td>\n<\/tr>\n<tr>\n<td width=\"426\">Material<\/td>\n<td width=\"426\">Doble pared de acero inoxidable<\/td>\n<\/tr>\n<tr>\n<td width=\"426\">Color<\/td>\n<td width=\"426\">Pintura brillante, pintura mate, recubrimiento en polvo, etc.<\/td>\n<\/tr>\n<tr>\n<td width=\"426\">Logotipo<\/td>\n<td width=\"426\">Serigraf\u00eda, impresi\u00f3n por transferencia t\u00e9rmica, grabado por l\u00e1ser, transferencia por agua, etc.<\/td>\n<\/tr>\n<tr>\n<td width=\"426\">MOQ<\/td>\n<td width=\"426\">50 unidades<\/td>\n<\/tr>\n<tr>\n<td width=\"426\">Tiempo de muestreo<\/td>\n<td width=\"426\">3- 7 d\u00edas para dise\u00f1os personalizados<\/td>\n<\/tr>\n<tr>\n<td width=\"426\">Certificaci\u00f3n<\/td>\n<td width=\"426\">FDA, LFGB<\/td>\n<\/tr>\n<tr>\n<td width=\"426\">Embalaje<\/td>\n<td width=\"426\">Caja blanca, caja de color o caja con dise\u00f1o personalizado<\/td>\n<\/tr>\n<tr>\n<td width=\"426\">Capacidad de producci\u00f3n<\/td>\n<td width=\"426\">500.000 unidades al mes<\/td>\n<\/tr>\n<tr>\n<td width=\"426\">Plazo de entrega<\/td>\n<td width=\"426\">25- 35 d\u00edas para cantidades inferiores a 20.000 unidades<\/td>\n<\/tr>\n<\/tbody>\n<\/table>\n<h2><strong>\u00bfPor qu\u00e9 elegir Ifun Stainless Steel Protein Shaker Bottle?<\/strong><\/h2>\n<p><strong>1. Construcci\u00f3n de acero inoxidable 304 de alta calidad<\/strong><\/p>\n<p>El biber\u00f3n mezclador de prote\u00ednas Ifun est\u00e1 fabricado en acero inoxidable 304 de calidad alimentaria, lo que garantiza su durabilidad, f\u00e1cil limpieza y rendimiento duradero. La tapa 100% sin BPA garantiza una experiencia de consumo segura y saludable, libre de productos qu\u00edmicos nocivos.<\/p>\n<p><strong>2. Diswash safe Shaker bottle and lid can be washed in a dishwasher. It\u2019s dishwasher safe making clean-up so much easier and less hassle. &#8211;\u00a0<\/strong><\/p>\n<p>Esta botella mezcladora mejorada cuenta con un compartimento de almacenamiento integrado, perfecto para guardar prote\u00ednas en polvo, leche de f\u00f3rmula para beb\u00e9s, suplementos, semillas o aperitivos. Mantenga sus productos esenciales organizados y listos para mezclar en cualquier momento y lugar, ideal para entusiastas del fitness, viajeros y profesionales ocupados.<\/p>\n<p><strong>3. Dise\u00f1o a prueba de fugas\u00a0<\/strong><\/p>\n<p>Ifun Shaker Bottle It is proven that a twist-on cap is at least two times more secure than a flip-top cap against spilling and leaking and the lid won\u2019t burst open when dropped. No more accidental leaking\/spilling leaving a mess and ruining your day. Our exclusive patented twist-on cap can be used for hot beverages because the inside air pressure can be released\/ \u2018gas off\u2019 through the sides of the twist-on cap while opening it slowly whereas flip-top can\u2019t withhold shaking hot drinks.<\/p>\n<p><strong>4.Mezcla sin esfuerzo con batidor de alambre y medidas claras<\/strong><\/p>\n<p>Con una generosa capacidad de 800 ml, esta botella mezcladora incluye una bola batidora de acero inoxidable integrada para obtener batidos suaves y sin grumos. Las marcas de medici\u00f3n transparentes del exterior te permiten controlar tu ingesta de l\u00edquidos con facilidad, por lo que es perfecta para batidos de prote\u00ednas, bebidas pre-entrenamiento y mucho m\u00e1s.<\/p>\n<p><strong>5. Exterior sin sudor<\/strong><\/p>\n<p>Nuestro termo con aislamiento al vac\u00edo no s\u00f3lo mantiene fr\u00edas las bebidas, sino que tambi\u00e9n mantiene seco el exterior. No tiene que preocuparse de que la condensaci\u00f3n de las bebidas fr\u00edas le moje las manos o la mesa.<\/p>\n<p><strong>6,15 a\u00f1os o m\u00e1s de experiencia en fabricaci\u00f3n<\/strong><\/p>\n<p>Ifun se dedica a la producci\u00f3n de bebidas desde hace m\u00e1s de 15 a\u00f1os. Nuestros productos incluyen vasos de acero inoxidable, botellas de agua con aislamiento al vac\u00edo, tazas de viaje, tazas t\u00e9rmicas, etc. Contamos con equipos profesionales para garantizar los productos de alta calidad.<\/p>\n<p>&nbsp;<\/p>\n<p><img decoding=\"async\" class=\"size-full wp-image-1846\" src=\"https:\/\/customizedwaterbottles.com\/wp-content\/uploads\/2025\/07\/550ml-750ml-stainless-steel-protein-shaker-bottles-1.webp\" alt=\"550ml 750ml doble pared aislada acero inoxidable deportes fitness botella de agua agitador de prote\u00ednas con bola agitadora 1081605p\" width=\"800\" height=\"800\" srcset=\"https:\/\/customizedwaterbottles.com\/wp-content\/uploads\/2025\/07\/550ml-750ml-stainless-steel-protein-shaker-bottles-1.webp 800w, https:\/\/customizedwaterbottles.com\/wp-content\/uploads\/2025\/07\/550ml-750ml-stainless-steel-protein-shaker-bottles-1-768x768.webp 768w, https:\/\/customizedwaterbottles.com\/wp-content\/uploads\/2025\/07\/550ml-750ml-stainless-steel-protein-shaker-bottles-1-300x300.webp 300w, https:\/\/customizedwaterbottles.com\/wp-content\/uploads\/2025\/07\/550ml-750ml-stainless-steel-protein-shaker-bottles-1-600x600.webp 600w, https:\/\/customizedwaterbottles.com\/wp-content\/uploads\/2025\/07\/550ml-750ml-stainless-steel-protein-shaker-bottles-1-100x100.webp 100w\" sizes=\"(max-width: 800px) 100vw, 800px\" \/><\/p>\n<p><img decoding=\"async\" class=\"size-full wp-image-1850\" src=\"https:\/\/customizedwaterbottles.com\/wp-content\/uploads\/2025\/07\/550ml-750ml-stainless-steel-protein-shaker-bottles-6-1.webp\" alt=\"550ml 750ml doble pared aislada acero inoxidable deportes fitness botella de agua agitador de prote\u00ednas con bola agitadora 1081605p\" width=\"800\" height=\"800\" srcset=\"https:\/\/customizedwaterbottles.com\/wp-content\/uploads\/2025\/07\/550ml-750ml-stainless-steel-protein-shaker-bottles-6-1.webp 800w, https:\/\/customizedwaterbottles.com\/wp-content\/uploads\/2025\/07\/550ml-750ml-stainless-steel-protein-shaker-bottles-6-1-768x768.webp 768w, https:\/\/customizedwaterbottles.com\/wp-content\/uploads\/2025\/07\/550ml-750ml-stainless-steel-protein-shaker-bottles-6-1-300x300.webp 300w, https:\/\/customizedwaterbottles.com\/wp-content\/uploads\/2025\/07\/550ml-750ml-stainless-steel-protein-shaker-bottles-6-1-600x600.webp 600w, https:\/\/customizedwaterbottles.com\/wp-content\/uploads\/2025\/07\/550ml-750ml-stainless-steel-protein-shaker-bottles-6-1-100x100.webp 100w\" sizes=\"(max-width: 800px) 100vw, 800px\" \/><\/p>\n<p><img decoding=\"async\" class=\"size-full wp-image-1847\" src=\"https:\/\/customizedwaterbottles.com\/wp-content\/uploads\/2025\/07\/550ml-750ml-stainless-steel-protein-shaker-bottles-5-1.webp\" alt=\"550ml 750ml doble pared aislada acero inoxidable deportes fitness botella de agua agitador de prote\u00ednas con bola agitadora 1081605p\" width=\"750\" height=\"750\" srcset=\"https:\/\/customizedwaterbottles.com\/wp-content\/uploads\/2025\/07\/550ml-750ml-stainless-steel-protein-shaker-bottles-5-1.webp 750w, https:\/\/customizedwaterbottles.com\/wp-content\/uploads\/2025\/07\/550ml-750ml-stainless-steel-protein-shaker-bottles-5-1-300x300.webp 300w, https:\/\/customizedwaterbottles.com\/wp-content\/uploads\/2025\/07\/550ml-750ml-stainless-steel-protein-shaker-bottles-5-1-600x600.webp 600w, https:\/\/customizedwaterbottles.com\/wp-content\/uploads\/2025\/07\/550ml-750ml-stainless-steel-protein-shaker-bottles-5-1-100x100.webp 100w\" sizes=\"(max-width: 750px) 100vw, 750px\" \/><\/p>\n<p><img decoding=\"async\" class=\"size-full wp-image-1848\" src=\"https:\/\/customizedwaterbottles.com\/wp-content\/uploads\/2025\/07\/550ml-750ml-stainless-steel-protein-shaker-bottles-8-1.webp\" alt=\"550ml 750ml doble pared aislada acero inoxidable deportes fitness botella de agua agitador de prote\u00ednas con bola agitadora 1081605p\" width=\"800\" height=\"800\" srcset=\"https:\/\/customizedwaterbottles.com\/wp-content\/uploads\/2025\/07\/550ml-750ml-stainless-steel-protein-shaker-bottles-8-1.webp 800w, https:\/\/customizedwaterbottles.com\/wp-content\/uploads\/2025\/07\/550ml-750ml-stainless-steel-protein-shaker-bottles-8-1-768x768.webp 768w, https:\/\/customizedwaterbottles.com\/wp-content\/uploads\/2025\/07\/550ml-750ml-stainless-steel-protein-shaker-bottles-8-1-300x300.webp 300w, https:\/\/customizedwaterbottles.com\/wp-content\/uploads\/2025\/07\/550ml-750ml-stainless-steel-protein-shaker-bottles-8-1-600x600.webp 600w, https:\/\/customizedwaterbottles.com\/wp-content\/uploads\/2025\/07\/550ml-750ml-stainless-steel-protein-shaker-bottles-8-1-100x100.webp 100w\" sizes=\"(max-width: 800px) 100vw, 800px\" \/><\/p>\n<p><img decoding=\"async\" class=\"size-full wp-image-1849\" src=\"https:\/\/customizedwaterbottles.com\/wp-content\/uploads\/2025\/07\/550ml-750ml-stainless-steel-protein-shaker-bottles-9.webp\" alt=\"550ml 750ml doble pared aislada acero inoxidable deportes fitness botella de agua agitador de prote\u00ednas con bola agitadora 1081605p\" width=\"800\" height=\"800\" srcset=\"https:\/\/customizedwaterbottles.com\/wp-content\/uploads\/2025\/07\/550ml-750ml-stainless-steel-protein-shaker-bottles-9.webp 800w, https:\/\/customizedwaterbottles.com\/wp-content\/uploads\/2025\/07\/550ml-750ml-stainless-steel-protein-shaker-bottles-9-768x768.webp 768w, https:\/\/customizedwaterbottles.com\/wp-content\/uploads\/2025\/07\/550ml-750ml-stainless-steel-protein-shaker-bottles-9-300x300.webp 300w, https:\/\/customizedwaterbottles.com\/wp-content\/uploads\/2025\/07\/550ml-750ml-stainless-steel-protein-shaker-bottles-9-600x600.webp 600w, https:\/\/customizedwaterbottles.com\/wp-content\/uploads\/2025\/07\/550ml-750ml-stainless-steel-protein-shaker-bottles-9-100x100.webp 100w\" sizes=\"(max-width: 800px) 100vw, 800px\" \/><\/p>","protected":false},"excerpt":{"rendered":"<h3><strong>Caracter\u00edsticas del producto:<\/strong><\/h3>\n<ul>\n<li><strong>The ultimate insulated water bottle for hot and cold:<\/strong> Ifun stainless steel water bottle uses double-layer vacuum insulation to keep your favorite drinks for 12 hours or 24 hours for cold drinks. Vacuum insulation reduces temperature transfer and prevents hand burns. The ideal bottle for everyday use.<\/li>\n<li><strong>Advanced mixing technology: :<\/strong> Say goodbye to clumpy, uneven shakes! Our premium protein shaker bottle features state-of-the-art mixing technology, including a removable stainless steel mixing grid and a silent shaking design that delivers smooth, lump-free shakes every time. Whether you&#8217;re blending whey protein, meal replacements, or supplements, enjoy a perfectly mixed drink with zero hassle.<\/li>\n<li><strong>Tapa a prueba de fugas y derrames:<\/strong> Cuenta con una tapa de rosca de precisi\u00f3n con un sello de silicona de calidad alimentaria. Este frasco de vac\u00edo evitar fugas, derrames o goteos, usted no necesita preocuparse cuando se viaja fuera.<\/li>\n<li><strong>Exterior a prueba de sudor:<\/strong>\u00a0La tecnolog\u00eda de aislamiento al vac\u00edo no s\u00f3lo mantiene la temperatura, sino que tambi\u00e9n garantiza que la superficie exterior permanezca sin condensaci\u00f3n. Se acabaron las manos, las bolsas y las superficies mojadas.<\/li>\n<li><strong>Apertura de boca ancha:<\/strong> Petaca aislante Ifun f\u00e1cil de llenar con l\u00edquidos o cubitos de hielo, se limpia sin esfuerzo con la mano o con un cepillo y permite beber c\u00f3modamente directamente de la petaca.<\/li>\n<li><strong>Asa de transporte integrada y segura:<\/strong> Dispone de un asa de transporte de acero inoxidable, resistente y ergon\u00f3mica, perfectamente unida a la tapa, que proporciona un agarre c\u00f3modo y fiable para facilitar su transporte.<\/li>\n<li><strong>Dise\u00f1o de f\u00e1cil limpieza:<\/strong> La boca ancha y el interior liso y no poroso de acero inoxidable 304 permiten una limpieza sin esfuerzo. Se lava f\u00e1cilmente a mano.<\/li>\n<li><strong>Disponible en varios tama\u00f1os:<\/strong>550 ml, 750 ml o personalizado.<\/li>\n<\/ul>\n<h3><strong>Servicios personalizados:<\/strong><\/h3>\n<ul>\n<li><strong>Logotipo y dise\u00f1o:<\/strong> Ifun termo de acero inoxidable apoyo personalizado su logotipo de la marca. Podemos hacer que su logotipo y el dise\u00f1o con serigraf\u00eda, grabado l\u00e1ser, transferencia de calor, impresi\u00f3n 3D, impresi\u00f3n UV, etc.<\/li>\n<li><strong>Color:<\/strong> Los colores se pueden personalizar seg\u00fan el n\u00famero de color pantone, podemos hacerlo con acabado mate, pintura brillante, recubrimiento en polvo, etc.<\/li>\n<li><strong>Capacidad:<\/strong> We have 550ml, 750ml, other capacity we can also custom for you.<\/li>\n<li><strong>Tapas: <\/strong>Disponemos de tapa con asa, tapa con pajita, tapa abatible, tapa de vaso para su elecci\u00f3n, el color se puede personalizar.<\/li>\n<li><strong>Paquete: <\/strong>Caja de color, caja blanca, caja de regalo, caja de cart\u00f3n marr\u00f3n, caja cil\u00edndrica, etc.<\/li>\n<\/ul>","protected":false},"featured_media":1838,"comment_status":"open","ping_status":"closed","template":"","meta":[],"product_brand":[],"product_cat":[25],"product_tag":[61,60,59],"class_list":{"0":"post-1809","1":"product","2":"type-product","3":"status-publish","4":"has-post-thumbnail","6":"product_cat-protein-shaker-bottles","7":"product_tag-bpa-free-20-oz-shaker-bottles","8":"product_tag-insulated-shaker-bottles","9":"product_tag-stainless-steel-protein-shaker-bottle","11":"first","12":"instock","13":"shipping-taxable","14":"product-type-simple"},"yoast_head":"<!-- This site is optimized with the Yoast SEO plugin v25.4 - https:\/\/yoast.com\/wordpress\/plugins\/seo\/ -->\n<title>550ML 750ML Double Walled Insulated Stainless Steel Sports Fitness Water Bottle Protein Shaker with Stirring Ball 1081605P - iFun<\/title>\n<meta name=\"description\" content=\"Looking for Supplier of double-walled-insulated-stainless-steel-sports-fitness-water-bottle-protein-shaker-with-stirring-ball\" \/>\n<meta name=\"robots\" content=\"index, follow, max-snippet:-1, max-image-preview:large, max-video-preview:-1\" \/>\n<link rel=\"canonical\" href=\"https:\/\/customizedwaterbottles.com\/es\/product\/double-walled-insulated-stainless-steel-sports-fitness-water-bottle-protein-shaker-with-stirring-ball\/\" \/>\n<meta property=\"og:locale\" content=\"es_ES\" \/>\n<meta property=\"og:type\" content=\"article\" \/>\n<meta property=\"og:title\" content=\"550ML 750ML Double Walled Insulated Stainless Steel Sports Fitness Water Bottle Protein Shaker with Stirring Ball 1081605P - iFun\" \/>\n<meta property=\"og:description\" content=\"Looking for Supplier of double-walled-insulated-stainless-steel-sports-fitness-water-bottle-protein-shaker-with-stirring-ball\" \/>\n<meta property=\"og:url\" content=\"https:\/\/customizedwaterbottles.com\/es\/product\/double-walled-insulated-stainless-steel-sports-fitness-water-bottle-protein-shaker-with-stirring-ball\/\" \/>\n<meta property=\"og:site_name\" content=\"iFun\" \/>\n<meta property=\"article:modified_time\" content=\"2025-07-18T08:39:38+00:00\" \/>\n<meta property=\"og:image\" content=\"https:\/\/customizedwaterbottles.com\/wp-content\/uploads\/2025\/07\/550ml-750ml-stainless-steel-shaker-bottles.webp\" \/>\n\t<meta property=\"og:image:width\" content=\"800\" \/>\n\t<meta property=\"og:image:height\" content=\"800\" \/>\n\t<meta property=\"og:image:type\" content=\"image\/webp\" \/>\n<meta name=\"twitter:card\" content=\"summary_large_image\" \/>\n<meta name=\"twitter:label1\" content=\"Tiempo de lectura\" \/>\n\t<meta name=\"twitter:data1\" content=\"3 minutos\" \/>\n<script type=\"application\/ld+json\" class=\"yoast-schema-graph\">{\"@context\":\"https:\/\/schema.org\",\"@graph\":[{\"@type\":\"WebPage\",\"@id\":\"https:\/\/customizedwaterbottles.com\/product\/double-walled-insulated-stainless-steel-sports-fitness-water-bottle-protein-shaker-with-stirring-ball\/\",\"url\":\"https:\/\/customizedwaterbottles.com\/product\/double-walled-insulated-stainless-steel-sports-fitness-water-bottle-protein-shaker-with-stirring-ball\/\",\"name\":\"550ML 750ML Double Walled Insulated Stainless Steel Sports Fitness Water Bottle Protein Shaker with Stirring Ball 1081605P - iFun\",\"isPartOf\":{\"@id\":\"https:\/\/customizedwaterbottles.com\/#website\"},\"primaryImageOfPage\":{\"@id\":\"https:\/\/customizedwaterbottles.com\/product\/double-walled-insulated-stainless-steel-sports-fitness-water-bottle-protein-shaker-with-stirring-ball\/#primaryimage\"},\"image\":{\"@id\":\"https:\/\/customizedwaterbottles.com\/product\/double-walled-insulated-stainless-steel-sports-fitness-water-bottle-protein-shaker-with-stirring-ball\/#primaryimage\"},\"thumbnailUrl\":\"https:\/\/customizedwaterbottles.com\/wp-content\/uploads\/2025\/07\/550ml-750ml-stainless-steel-shaker-bottles.webp\",\"datePublished\":\"2025-07-02T04:02:56+00:00\",\"dateModified\":\"2025-07-18T08:39:38+00:00\",\"description\":\"Looking for Supplier of double-walled-insulated-stainless-steel-sports-fitness-water-bottle-protein-shaker-with-stirring-ball\",\"breadcrumb\":{\"@id\":\"https:\/\/customizedwaterbottles.com\/product\/double-walled-insulated-stainless-steel-sports-fitness-water-bottle-protein-shaker-with-stirring-ball\/#breadcrumb\"},\"inLanguage\":\"es\",\"potentialAction\":[{\"@type\":\"ReadAction\",\"target\":[\"https:\/\/customizedwaterbottles.com\/product\/double-walled-insulated-stainless-steel-sports-fitness-water-bottle-protein-shaker-with-stirring-ball\/\"]}]},{\"@type\":\"ImageObject\",\"inLanguage\":\"es\",\"@id\":\"https:\/\/customizedwaterbottles.com\/product\/double-walled-insulated-stainless-steel-sports-fitness-water-bottle-protein-shaker-with-stirring-ball\/#primaryimage\",\"url\":\"https:\/\/customizedwaterbottles.com\/wp-content\/uploads\/2025\/07\/550ml-750ml-stainless-steel-shaker-bottles.webp\",\"contentUrl\":\"https:\/\/customizedwaterbottles.com\/wp-content\/uploads\/2025\/07\/550ml-750ml-stainless-steel-shaker-bottles.webp\",\"width\":800,\"height\":800,\"caption\":\"550ml 750ml double walled insulated stainless steel sports fitness water bottle protein shaker with stirring ball 1081605p\"},{\"@type\":\"BreadcrumbList\",\"@id\":\"https:\/\/customizedwaterbottles.com\/product\/double-walled-insulated-stainless-steel-sports-fitness-water-bottle-protein-shaker-with-stirring-ball\/#breadcrumb\",\"itemListElement\":[{\"@type\":\"ListItem\",\"position\":1,\"name\":\"Home\",\"item\":\"https:\/\/customizedwaterbottles.com\/\"},{\"@type\":\"ListItem\",\"position\":2,\"name\":\"Products\",\"item\":\"https:\/\/customizedwaterbottles.com\/wholesale-drinkware-manufacturer-water-bottles-tumblers\/\"},{\"@type\":\"ListItem\",\"position\":3,\"name\":\"550ML 750ML Double Walled Insulated Stainless Steel Sports Fitness Water Bottle Protein Shaker with Stirring Ball 1081605P\"}]},{\"@type\":\"WebSite\",\"@id\":\"https:\/\/customizedwaterbottles.com\/#website\",\"url\":\"https:\/\/customizedwaterbottles.com\/\",\"name\":\"iFun\",\"description\":\"Water Bottles Stainless Steel Vacuum Flask\",\"potentialAction\":[{\"@type\":\"SearchAction\",\"target\":{\"@type\":\"EntryPoint\",\"urlTemplate\":\"https:\/\/customizedwaterbottles.com\/?s={search_term_string}\"},\"query-input\":{\"@type\":\"PropertyValueSpecification\",\"valueRequired\":true,\"valueName\":\"search_term_string\"}}],\"inLanguage\":\"es\"}]}<\/script>\n<!-- \/ Yoast SEO plugin. -->","yoast_head_json":{"title":"550ML 750ML Double Walled Insulated Stainless Steel Sports Fitness Water Bottle Protein Shaker with Stirring Ball 1081605P - iFun","description":"Looking for Supplier of double-walled-insulated-stainless-steel-sports-fitness-water-bottle-protein-shaker-with-stirring-ball","robots":{"index":"index","follow":"follow","max-snippet":"max-snippet:-1","max-image-preview":"max-image-preview:large","max-video-preview":"max-video-preview:-1"},"canonical":"https:\/\/customizedwaterbottles.com\/es\/product\/double-walled-insulated-stainless-steel-sports-fitness-water-bottle-protein-shaker-with-stirring-ball\/","og_locale":"es_ES","og_type":"article","og_title":"550ML 750ML Double Walled Insulated Stainless Steel Sports Fitness Water Bottle Protein Shaker with Stirring Ball 1081605P - iFun","og_description":"Looking for Supplier of double-walled-insulated-stainless-steel-sports-fitness-water-bottle-protein-shaker-with-stirring-ball","og_url":"https:\/\/customizedwaterbottles.com\/es\/product\/double-walled-insulated-stainless-steel-sports-fitness-water-bottle-protein-shaker-with-stirring-ball\/","og_site_name":"iFun","article_modified_time":"2025-07-18T08:39:38+00:00","og_image":[{"width":800,"height":800,"url":"https:\/\/customizedwaterbottles.com\/wp-content\/uploads\/2025\/07\/550ml-750ml-stainless-steel-shaker-bottles.webp","type":"image\/webp"}],"twitter_card":"summary_large_image","twitter_misc":{"Tiempo de lectura":"3 minutos"},"schema":{"@context":"https:\/\/schema.org","@graph":[{"@type":"WebPage","@id":"https:\/\/customizedwaterbottles.com\/product\/double-walled-insulated-stainless-steel-sports-fitness-water-bottle-protein-shaker-with-stirring-ball\/","url":"https:\/\/customizedwaterbottles.com\/product\/double-walled-insulated-stainless-steel-sports-fitness-water-bottle-protein-shaker-with-stirring-ball\/","name":"550ML 750ML Double Walled Insulated Stainless Steel Sports Fitness Water Bottle Protein Shaker with Stirring Ball 1081605P - iFun","isPartOf":{"@id":"https:\/\/customizedwaterbottles.com\/#website"},"primaryImageOfPage":{"@id":"https:\/\/customizedwaterbottles.com\/product\/double-walled-insulated-stainless-steel-sports-fitness-water-bottle-protein-shaker-with-stirring-ball\/#primaryimage"},"image":{"@id":"https:\/\/customizedwaterbottles.com\/product\/double-walled-insulated-stainless-steel-sports-fitness-water-bottle-protein-shaker-with-stirring-ball\/#primaryimage"},"thumbnailUrl":"https:\/\/customizedwaterbottles.com\/wp-content\/uploads\/2025\/07\/550ml-750ml-stainless-steel-shaker-bottles.webp","datePublished":"2025-07-02T04:02:56+00:00","dateModified":"2025-07-18T08:39:38+00:00","description":"Looking for Supplier of double-walled-insulated-stainless-steel-sports-fitness-water-bottle-protein-shaker-with-stirring-ball","breadcrumb":{"@id":"https:\/\/customizedwaterbottles.com\/product\/double-walled-insulated-stainless-steel-sports-fitness-water-bottle-protein-shaker-with-stirring-ball\/#breadcrumb"},"inLanguage":"es","potentialAction":[{"@type":"ReadAction","target":["https:\/\/customizedwaterbottles.com\/product\/double-walled-insulated-stainless-steel-sports-fitness-water-bottle-protein-shaker-with-stirring-ball\/"]}]},{"@type":"ImageObject","inLanguage":"es","@id":"https:\/\/customizedwaterbottles.com\/product\/double-walled-insulated-stainless-steel-sports-fitness-water-bottle-protein-shaker-with-stirring-ball\/#primaryimage","url":"https:\/\/customizedwaterbottles.com\/wp-content\/uploads\/2025\/07\/550ml-750ml-stainless-steel-shaker-bottles.webp","contentUrl":"https:\/\/customizedwaterbottles.com\/wp-content\/uploads\/2025\/07\/550ml-750ml-stainless-steel-shaker-bottles.webp","width":800,"height":800,"caption":"550ml 750ml double walled insulated stainless steel sports fitness water bottle protein shaker with stirring ball 1081605p"},{"@type":"BreadcrumbList","@id":"https:\/\/customizedwaterbottles.com\/product\/double-walled-insulated-stainless-steel-sports-fitness-water-bottle-protein-shaker-with-stirring-ball\/#breadcrumb","itemListElement":[{"@type":"ListItem","position":1,"name":"Home","item":"https:\/\/customizedwaterbottles.com\/"},{"@type":"ListItem","position":2,"name":"Products","item":"https:\/\/customizedwaterbottles.com\/wholesale-drinkware-manufacturer-water-bottles-tumblers\/"},{"@type":"ListItem","position":3,"name":"550ML 750ML Double Walled Insulated Stainless Steel Sports Fitness Water Bottle Protein Shaker with Stirring Ball 1081605P"}]},{"@type":"WebSite","@id":"https:\/\/customizedwaterbottles.com\/#website","url":"https:\/\/customizedwaterbottles.com\/","name":"iFun","description":"Water Bottles Stainless Steel Vacuum Flask","potentialAction":[{"@type":"SearchAction","target":{"@type":"EntryPoint","urlTemplate":"https:\/\/customizedwaterbottles.com\/?s={search_term_string}"},"query-input":{"@type":"PropertyValueSpecification","valueRequired":true,"valueName":"search_term_string"}}],"inLanguage":"es"}]}},"_links":{"self":[{"href":"https:\/\/customizedwaterbottles.com\/es\/wp-json\/wp\/v2\/product\/1809","targetHints":{"allow":["GET"]}}],"collection":[{"href":"https:\/\/customizedwaterbottles.com\/es\/wp-json\/wp\/v2\/product"}],"about":[{"href":"https:\/\/customizedwaterbottles.com\/es\/wp-json\/wp\/v2\/types\/product"}],"replies":[{"embeddable":true,"href":"https:\/\/customizedwaterbottles.com\/es\/wp-json\/wp\/v2\/comments?post=1809"}],"wp:featuredmedia":[{"embeddable":true,"href":"https:\/\/customizedwaterbottles.com\/es\/wp-json\/wp\/v2\/media\/1838"}],"wp:attachment":[{"href":"https:\/\/customizedwaterbottles.com\/es\/wp-json\/wp\/v2\/media?parent=1809"}],"wp:term":[{"taxonomy":"product_brand","embeddable":true,"href":"https:\/\/customizedwaterbottles.com\/es\/wp-json\/wp\/v2\/product_brand?post=1809"},{"taxonomy":"product_cat","embeddable":true,"href":"https:\/\/customizedwaterbottles.com\/es\/wp-json\/wp\/v2\/product_cat?post=1809"},{"taxonomy":"product_tag","embeddable":true,"href":"https:\/\/customizedwaterbottles.com\/es\/wp-json\/wp\/v2\/product_tag?post=1809"}],"curies":[{"name":"wp","href":"https:\/\/api.w.org\/{rel}","templated":true}]}}