{"id":1861,"date":"2025-07-02T06:36:14","date_gmt":"2025-07-02T06:36:14","guid":{"rendered":"https:\/\/customizedwaterbottles.com\/?post_type=product&#038;p=1861"},"modified":"2025-07-03T04:10:07","modified_gmt":"2025-07-03T04:10:07","slug":"american-style-unique-wide-open-stainless-steel-insulated-flask","status":"publish","type":"product","link":"https:\/\/customizedwaterbottles.com\/es\/product\/american-style-unique-wide-open-stainless-steel-insulated-flask\/","title":{"rendered":"Petaca aislada de acero inoxidable con abertura ancha American Style Unique 1081607W"},"content":{"rendered":"<table>\n<tbody>\n<tr>\n<td width=\"426\">Nombre del producto<\/td>\n<td width=\"426\">American Style Unique Wide Open Stainless Steel Insulated Flask<\/td>\n<\/tr>\n<tr>\n<td width=\"426\">Capacidad<\/td>\n<td width=\"426\">350ml, 500ml, 600ml, 750ml, 1000ml<\/td>\n<\/tr>\n<tr>\n<td width=\"426\">Material<\/td>\n<td width=\"426\">Doble pared de acero inoxidable<\/td>\n<\/tr>\n<tr>\n<td width=\"426\">Color<\/td>\n<td width=\"426\">Pintura brillante, pintura mate, recubrimiento en polvo, etc.<\/td>\n<\/tr>\n<tr>\n<td width=\"426\">Logotipo<\/td>\n<td width=\"426\">Serigraf\u00eda, impresi\u00f3n por transferencia t\u00e9rmica, grabado por l\u00e1ser, transferencia por agua, etc.<\/td>\n<\/tr>\n<tr>\n<td width=\"426\">MOQ<\/td>\n<td width=\"426\">50 unidades<\/td>\n<\/tr>\n<tr>\n<td width=\"426\">Tiempo de muestreo<\/td>\n<td width=\"426\">3-7 d\u00edas para dise\u00f1os personalizados<\/td>\n<\/tr>\n<tr>\n<td width=\"426\">Certificaci\u00f3n<\/td>\n<td width=\"426\">FDA, LFGB<\/td>\n<\/tr>\n<tr>\n<td width=\"426\">Embalaje<\/td>\n<td width=\"426\">Caja blanca, caja de color o caja con dise\u00f1o personalizado<\/td>\n<\/tr>\n<tr>\n<td width=\"426\">Capacidad de producci\u00f3n<\/td>\n<td width=\"426\">500.000 unidades al mes<\/td>\n<\/tr>\n<tr>\n<td width=\"426\">Plazo de entrega<\/td>\n<td width=\"426\">25-35 d\u00edas para cantidades inferiores a 20.000 unidades<\/td>\n<\/tr>\n<\/tbody>\n<\/table>\n<h2><strong>Why Choose Ifun custom insulated stainless steel bottles?<\/strong><\/h2>\n<p><span style=\"color: #000000\"><strong>1.Control de temperatura durante todo el d\u00eda<\/strong><\/span><\/p>\n<p>El aislamiento al vac\u00edo de doble pared de Ifun mantiene la temperatura durante mucho m\u00e1s tiempo que las botellas normales. Tanto si est\u00e1s trabajando, estudiando, viajando o aventur\u00e1ndote al aire libre, disfruta de tus bebidas a la temperatura perfecta en cualquier momento.<\/p>\n<p><span style=\"color: #000000\"><strong>2.Fabricado con materiales de primera calidad<\/strong><\/span><\/p>\n<p>Fabricado por dentro y por fuera con acero inoxidable 304 de alta calidad apto para uso alimentario, es seguro para todo tipo de bebidas, no tiene sabores extra\u00f1os y es muy resistente a golpes y ara\u00f1azos.<\/p>\n<p><span style=\"color: #000000\"><strong>3.Dise\u00f1o \u00fanico de la tapa<\/strong><\/span><\/p>\n<p>Ifun botellas de agua viene con tapa a prueba de fugas, se puede tomar al aire libre para viajar no importa ir a cualquier parte sin preocupaciones.<\/p>\n<p><span style=\"color: #000000\"><strong>4.Gran capacidad, menos recambios<\/strong><\/span><\/p>\n<p>With the capacity of 350ml, 500ml, 600ml, 750ml, 1000ml, it quenches your thirst for half a day! This thermos flask is perfect for heavy drinkers, fitness lovers, or desk-bound professionals. Fill once and stay hydrated without constant refill runs\u2014convenient and efficient.<\/p>\n<p><span style=\"color: #000000\"><strong>5.Exterior sin sudor<\/strong><\/span><\/p>\n<p>Nuestro termo con aislamiento al vac\u00edo no s\u00f3lo mantiene fr\u00edas las bebidas, sino que tambi\u00e9n mantiene seco el exterior. Ya no tendr\u00e1 que preocuparse de que la condensaci\u00f3n de las bebidas fr\u00edas le moje las manos o la mesa.<\/p>\n<p><span style=\"color: #000000\"><strong>6. M\u00e1s de 15 a\u00f1os de experiencia en fabricaci\u00f3n<\/strong><\/span><\/p>\n<p>Ifun centrarse en productos drinkware m\u00e1s de 15years, nuestro producto incluye vaso de acero inoxidable, botellas de agua aisladas al vac\u00edo, tazas de viaje, tazas termo etc.. Tenemos equipos profesionales para asegurarse de que los productos de alta calidad.<\/p>\n<p><span style=\"color: #000000\"><strong>7.Servicio OEM y ODM disponible<\/strong><\/span><\/p>\n<p>Como fabricante de botellas de acero inoxidable, Ifun ofrece servicios OEM y ODM a nuestros clientes. No importa colores, logotipos, envases o tama\u00f1os, tambi\u00e9n podemos personalizar para usted.<\/p>\n<p><img decoding=\"async\" class=\"size-full wp-image-1978\" src=\"https:\/\/customizedwaterbottles.com\/wp-content\/uploads\/2025\/07\/vacuum-flask-16.webp\" alt=\"petaca isot\u00e9rmica de acero inoxidable estilo americano 1081607w\" width=\"800\" height=\"800\" srcset=\"https:\/\/customizedwaterbottles.com\/wp-content\/uploads\/2025\/07\/vacuum-flask-16.webp 800w, https:\/\/customizedwaterbottles.com\/wp-content\/uploads\/2025\/07\/vacuum-flask-16-768x768.webp 768w, https:\/\/customizedwaterbottles.com\/wp-content\/uploads\/2025\/07\/vacuum-flask-16-300x300.webp 300w, https:\/\/customizedwaterbottles.com\/wp-content\/uploads\/2025\/07\/vacuum-flask-16-600x600.webp 600w, https:\/\/customizedwaterbottles.com\/wp-content\/uploads\/2025\/07\/vacuum-flask-16-100x100.webp 100w\" sizes=\"(max-width: 800px) 100vw, 800px\" \/><\/p>\n<p><img decoding=\"async\" class=\"size-full wp-image-1979\" src=\"https:\/\/customizedwaterbottles.com\/wp-content\/uploads\/2025\/07\/vacuum-flask-17.webp\" alt=\"petaca isot\u00e9rmica de acero inoxidable estilo americano 1081607w\" width=\"1000\" height=\"1000\" srcset=\"https:\/\/customizedwaterbottles.com\/wp-content\/uploads\/2025\/07\/vacuum-flask-17.webp 1000w, https:\/\/customizedwaterbottles.com\/wp-content\/uploads\/2025\/07\/vacuum-flask-17-768x768.webp 768w, https:\/\/customizedwaterbottles.com\/wp-content\/uploads\/2025\/07\/vacuum-flask-17-300x300.webp 300w, https:\/\/customizedwaterbottles.com\/wp-content\/uploads\/2025\/07\/vacuum-flask-17-600x600.webp 600w, https:\/\/customizedwaterbottles.com\/wp-content\/uploads\/2025\/07\/vacuum-flask-17-100x100.webp 100w\" sizes=\"(max-width: 1000px) 100vw, 1000px\" \/><\/p>","protected":false},"excerpt":{"rendered":"<h3><strong>Caracter\u00edsticas del producto:<\/strong><\/h3>\n<ul>\n<li><strong>All-Day Temperature Keep:<\/strong> This thermos flask keeps your coffee hot for over 12 hours and iced drinks refreshingly cold for up to 24 hours. Perfect for your longest workday or weekend adventure.<\/li>\n<li><strong>Wide &amp; Easy Access:<\/strong> The wide mouth makes adding ice cubes a breeze, allows easy scooping for smoothies or fruit infusions, and simplifies cleaning!<\/li>\n<li><strong>Built Tough, Durable Material:<\/strong> Ifun vacuum flask crafted with premium 18\/8 stainless steel, it shrugs off dings, drops, and daily wear-and-tear. You can take it wherever you go.<\/li>\n<li><strong>No Sweat, No Mess:<\/strong>\u00a0Advanced double-wall vacuum insulation means no condensation &#8220;sweat&#8221; on the outside. Keeps your hands dry and your car cup holders\/desk safe from water rings.<\/li>\n<li><strong>Truly Leakproof Confidence:<\/strong> Engineered seals ensure it won&#8217;t leak in your bag, backpack, or car cup holder. Toss it in confidently after sealing \u2013 no spills!<\/li>\n<li><strong>Pure Taste, Zero Rust:<\/strong>\u00a0Made from food-grade 304 stainless steel interior. Preserves your drink&#8217;s true flavor without metallic aftertastes and resists rust or stains for lasting use.<\/li>\n<li><strong>Comfort Grip:<\/strong> A textured, easy-grip body makes holding it comfortable, it is very convenient to take it out for travelling, camping or sporting.<\/li>\n<\/ul>\n<h3><strong>Servicios personalizados:<\/strong><\/h3>\n<ul>\n<li><strong>Logotipo y dise\u00f1o:<\/strong> Las botellas de acero inoxidable Ifun admiten el logotipo personalizado de su marca. Podemos hacer que su logotipo y el dise\u00f1o con serigraf\u00eda, grabado l\u00e1ser, transferencia de calor, impresi\u00f3n 3D, impresi\u00f3n UV, etc.<\/li>\n<li><strong>Color:<\/strong> Los colores se pueden personalizar seg\u00fan el n\u00famero de color pantone, podemos hacerlo con acabado mate, pintura brillante, recubrimiento en polvo, etc.<\/li>\n<li><strong>Capacidad:<\/strong> We have 350ml, 500ml, 600ml, 750ml, 1000ml, other capacity we can also custom for you.<\/li>\n<li><strong>Tapas: <\/strong>100% Tapa herm\u00e9tica BPA FREE, el color se puede personalizar.<\/li>\n<li><strong>Paquete: <\/strong>Caja de color, caja blanca, caja de regalo, caja de cart\u00f3n marr\u00f3n, caja cil\u00edndrica, etc.<\/li>\n<\/ul>","protected":false},"featured_media":1970,"comment_status":"open","ping_status":"closed","template":"","meta":[],"product_brand":[],"product_cat":[24],"product_tag":[65,67,66],"class_list":{"0":"post-1861","1":"product","2":"type-product","3":"status-publish","4":"has-post-thumbnail","6":"product_cat-water-bottles","7":"product_tag-iron-flask","8":"product_tag-thermal-water-bottles","9":"product_tag-tiger-thermos-bottle","11":"first","12":"instock","13":"shipping-taxable","14":"product-type-simple"},"yoast_head":"<!-- This site is optimized with the Yoast SEO plugin v25.4 - https:\/\/yoast.com\/wordpress\/plugins\/seo\/ -->\n<title>American Style Unique Wide Open Stainless Steel Insulated Flask 1081607W - iFun<\/title>\n<meta name=\"robots\" content=\"index, follow, max-snippet:-1, max-image-preview:large, max-video-preview:-1\" \/>\n<link rel=\"canonical\" href=\"https:\/\/customizedwaterbottles.com\/es\/product\/american-style-unique-wide-open-stainless-steel-insulated-flask\/\" \/>\n<meta property=\"og:locale\" content=\"es_ES\" \/>\n<meta property=\"og:type\" content=\"article\" \/>\n<meta property=\"og:title\" content=\"American Style Unique Wide Open Stainless Steel Insulated Flask 1081607W - iFun\" \/>\n<meta property=\"og:description\" content=\"Product Features:   All-Day Temperature Keep: This thermos flask keeps your coffee hot for over 12 hours and iced drinks refreshingly cold for up to 24 hours. Perfect for your longest workday or weekend adventure.  Wide &amp; Easy Access: The wide mouth makes adding ice cubes a breeze, allows easy scooping for smoothies or fruit infusions, and simplifies cleaning!  Built Tough, Durable Material: Ifun vacuum flask crafted with premium 18\/8 stainless steel, it shrugs off dings, drops, and daily wear-and-tear. You can take it wherever you go.  No Sweat, No Mess:\u00a0Advanced double-wall vacuum insulation means no condensation &quot;sweat&quot; on the outside. Keeps your hands dry and your car cup holders\/desk safe from water rings.  Truly Leakproof Confidence: Engineered seals ensure it won&#039;t leak in your bag, backpack, or car cup holder. Toss it in confidently after sealing \u2013 no spills!  Pure Taste, Zero Rust:\u00a0Made from food-grade 304 stainless steel interior. Preserves your drink&#039;s true flavor without metallic aftertastes and resists rust or stains for lasting use.  Comfort Grip: A textured, easy-grip body makes holding it comfortable, it is very convenient to take it out for travelling, camping or sporting.  Custom Services:   Logo &amp; Design: Ifun stainless steel bottles support custom your brand logo. We can make your logo &amp; design with screen printing, laser engraved, heat transfer, 3D printing, UV printing etc.  Color: The colors can be customized according to the pantone color number, we can do it with matte finish, glossy painting, powder coating etc.  Capacity: We have 350ml, 500ml, 600ml, 750ml, 1000ml, other capacity we can also custom for you.  Lids: 100% BPA FREE leakproof lid, the color can be customized.  Package: Color box, white box, gift box, brown cardboard box, cylinder box etc.\" \/>\n<meta property=\"og:url\" content=\"https:\/\/customizedwaterbottles.com\/es\/product\/american-style-unique-wide-open-stainless-steel-insulated-flask\/\" \/>\n<meta property=\"og:site_name\" content=\"iFun\" \/>\n<meta property=\"article:modified_time\" content=\"2025-07-03T04:10:07+00:00\" \/>\n<meta property=\"og:image\" content=\"https:\/\/customizedwaterbottles.com\/wp-content\/uploads\/2025\/07\/vacuum-flask-1.webp\" \/>\n\t<meta property=\"og:image:width\" content=\"800\" \/>\n\t<meta property=\"og:image:height\" content=\"800\" \/>\n\t<meta property=\"og:image:type\" content=\"image\/webp\" \/>\n<meta name=\"twitter:card\" content=\"summary_large_image\" \/>\n<meta name=\"twitter:label1\" content=\"Tiempo de lectura\" \/>\n\t<meta name=\"twitter:data1\" content=\"2 minutos\" \/>\n<script type=\"application\/ld+json\" class=\"yoast-schema-graph\">{\"@context\":\"https:\/\/schema.org\",\"@graph\":[{\"@type\":\"WebPage\",\"@id\":\"https:\/\/customizedwaterbottles.com\/product\/american-style-unique-wide-open-stainless-steel-insulated-flask\/\",\"url\":\"https:\/\/customizedwaterbottles.com\/product\/american-style-unique-wide-open-stainless-steel-insulated-flask\/\",\"name\":\"American Style Unique Wide Open Stainless Steel Insulated Flask 1081607W - iFun\",\"isPartOf\":{\"@id\":\"https:\/\/customizedwaterbottles.com\/#website\"},\"primaryImageOfPage\":{\"@id\":\"https:\/\/customizedwaterbottles.com\/product\/american-style-unique-wide-open-stainless-steel-insulated-flask\/#primaryimage\"},\"image\":{\"@id\":\"https:\/\/customizedwaterbottles.com\/product\/american-style-unique-wide-open-stainless-steel-insulated-flask\/#primaryimage\"},\"thumbnailUrl\":\"https:\/\/customizedwaterbottles.com\/wp-content\/uploads\/2025\/07\/vacuum-flask-1.webp\",\"datePublished\":\"2025-07-02T06:36:14+00:00\",\"dateModified\":\"2025-07-03T04:10:07+00:00\",\"breadcrumb\":{\"@id\":\"https:\/\/customizedwaterbottles.com\/product\/american-style-unique-wide-open-stainless-steel-insulated-flask\/#breadcrumb\"},\"inLanguage\":\"es\",\"potentialAction\":[{\"@type\":\"ReadAction\",\"target\":[\"https:\/\/customizedwaterbottles.com\/product\/american-style-unique-wide-open-stainless-steel-insulated-flask\/\"]}]},{\"@type\":\"ImageObject\",\"inLanguage\":\"es\",\"@id\":\"https:\/\/customizedwaterbottles.com\/product\/american-style-unique-wide-open-stainless-steel-insulated-flask\/#primaryimage\",\"url\":\"https:\/\/customizedwaterbottles.com\/wp-content\/uploads\/2025\/07\/vacuum-flask-1.webp\",\"contentUrl\":\"https:\/\/customizedwaterbottles.com\/wp-content\/uploads\/2025\/07\/vacuum-flask-1.webp\",\"width\":800,\"height\":800,\"caption\":\"american style unique wide open stainless steel insulated flask 1081607w\"},{\"@type\":\"BreadcrumbList\",\"@id\":\"https:\/\/customizedwaterbottles.com\/product\/american-style-unique-wide-open-stainless-steel-insulated-flask\/#breadcrumb\",\"itemListElement\":[{\"@type\":\"ListItem\",\"position\":1,\"name\":\"Home\",\"item\":\"https:\/\/customizedwaterbottles.com\/\"},{\"@type\":\"ListItem\",\"position\":2,\"name\":\"Products\",\"item\":\"https:\/\/customizedwaterbottles.com\/wholesale-drinkware-manufacturer-water-bottles-tumblers\/\"},{\"@type\":\"ListItem\",\"position\":3,\"name\":\"American Style Unique Wide Open Stainless Steel Insulated Flask 1081607W\"}]},{\"@type\":\"WebSite\",\"@id\":\"https:\/\/customizedwaterbottles.com\/#website\",\"url\":\"https:\/\/customizedwaterbottles.com\/\",\"name\":\"iFun\",\"description\":\"Water Bottles Stainless Steel Vacuum Flask\",\"potentialAction\":[{\"@type\":\"SearchAction\",\"target\":{\"@type\":\"EntryPoint\",\"urlTemplate\":\"https:\/\/customizedwaterbottles.com\/?s={search_term_string}\"},\"query-input\":{\"@type\":\"PropertyValueSpecification\",\"valueRequired\":true,\"valueName\":\"search_term_string\"}}],\"inLanguage\":\"es\"}]}<\/script>\n<!-- \/ Yoast SEO plugin. -->","yoast_head_json":{"title":"American Style Unique Wide Open Stainless Steel Insulated Flask 1081607W - iFun","robots":{"index":"index","follow":"follow","max-snippet":"max-snippet:-1","max-image-preview":"max-image-preview:large","max-video-preview":"max-video-preview:-1"},"canonical":"https:\/\/customizedwaterbottles.com\/es\/product\/american-style-unique-wide-open-stainless-steel-insulated-flask\/","og_locale":"es_ES","og_type":"article","og_title":"American Style Unique Wide Open Stainless Steel Insulated Flask 1081607W - iFun","og_description":"Product Features:   All-Day Temperature Keep: This thermos flask keeps your coffee hot for over 12 hours and iced drinks refreshingly cold for up to 24 hours. Perfect for your longest workday or weekend adventure.  Wide &amp; Easy Access: The wide mouth makes adding ice cubes a breeze, allows easy scooping for smoothies or fruit infusions, and simplifies cleaning!  Built Tough, Durable Material: Ifun vacuum flask crafted with premium 18\/8 stainless steel, it shrugs off dings, drops, and daily wear-and-tear. You can take it wherever you go.  No Sweat, No Mess:\u00a0Advanced double-wall vacuum insulation means no condensation \"sweat\" on the outside. Keeps your hands dry and your car cup holders\/desk safe from water rings.  Truly Leakproof Confidence: Engineered seals ensure it won't leak in your bag, backpack, or car cup holder. Toss it in confidently after sealing \u2013 no spills!  Pure Taste, Zero Rust:\u00a0Made from food-grade 304 stainless steel interior. Preserves your drink's true flavor without metallic aftertastes and resists rust or stains for lasting use.  Comfort Grip: A textured, easy-grip body makes holding it comfortable, it is very convenient to take it out for travelling, camping or sporting.  Custom Services:   Logo &amp; Design: Ifun stainless steel bottles support custom your brand logo. We can make your logo &amp; design with screen printing, laser engraved, heat transfer, 3D printing, UV printing etc.  Color: The colors can be customized according to the pantone color number, we can do it with matte finish, glossy painting, powder coating etc.  Capacity: We have 350ml, 500ml, 600ml, 750ml, 1000ml, other capacity we can also custom for you.  Lids: 100% BPA FREE leakproof lid, the color can be customized.  Package: Color box, white box, gift box, brown cardboard box, cylinder box etc.","og_url":"https:\/\/customizedwaterbottles.com\/es\/product\/american-style-unique-wide-open-stainless-steel-insulated-flask\/","og_site_name":"iFun","article_modified_time":"2025-07-03T04:10:07+00:00","og_image":[{"width":800,"height":800,"url":"https:\/\/customizedwaterbottles.com\/wp-content\/uploads\/2025\/07\/vacuum-flask-1.webp","type":"image\/webp"}],"twitter_card":"summary_large_image","twitter_misc":{"Tiempo de lectura":"2 minutos"},"schema":{"@context":"https:\/\/schema.org","@graph":[{"@type":"WebPage","@id":"https:\/\/customizedwaterbottles.com\/product\/american-style-unique-wide-open-stainless-steel-insulated-flask\/","url":"https:\/\/customizedwaterbottles.com\/product\/american-style-unique-wide-open-stainless-steel-insulated-flask\/","name":"American Style Unique Wide Open Stainless Steel Insulated Flask 1081607W - iFun","isPartOf":{"@id":"https:\/\/customizedwaterbottles.com\/#website"},"primaryImageOfPage":{"@id":"https:\/\/customizedwaterbottles.com\/product\/american-style-unique-wide-open-stainless-steel-insulated-flask\/#primaryimage"},"image":{"@id":"https:\/\/customizedwaterbottles.com\/product\/american-style-unique-wide-open-stainless-steel-insulated-flask\/#primaryimage"},"thumbnailUrl":"https:\/\/customizedwaterbottles.com\/wp-content\/uploads\/2025\/07\/vacuum-flask-1.webp","datePublished":"2025-07-02T06:36:14+00:00","dateModified":"2025-07-03T04:10:07+00:00","breadcrumb":{"@id":"https:\/\/customizedwaterbottles.com\/product\/american-style-unique-wide-open-stainless-steel-insulated-flask\/#breadcrumb"},"inLanguage":"es","potentialAction":[{"@type":"ReadAction","target":["https:\/\/customizedwaterbottles.com\/product\/american-style-unique-wide-open-stainless-steel-insulated-flask\/"]}]},{"@type":"ImageObject","inLanguage":"es","@id":"https:\/\/customizedwaterbottles.com\/product\/american-style-unique-wide-open-stainless-steel-insulated-flask\/#primaryimage","url":"https:\/\/customizedwaterbottles.com\/wp-content\/uploads\/2025\/07\/vacuum-flask-1.webp","contentUrl":"https:\/\/customizedwaterbottles.com\/wp-content\/uploads\/2025\/07\/vacuum-flask-1.webp","width":800,"height":800,"caption":"american style unique wide open stainless steel insulated flask 1081607w"},{"@type":"BreadcrumbList","@id":"https:\/\/customizedwaterbottles.com\/product\/american-style-unique-wide-open-stainless-steel-insulated-flask\/#breadcrumb","itemListElement":[{"@type":"ListItem","position":1,"name":"Home","item":"https:\/\/customizedwaterbottles.com\/"},{"@type":"ListItem","position":2,"name":"Products","item":"https:\/\/customizedwaterbottles.com\/wholesale-drinkware-manufacturer-water-bottles-tumblers\/"},{"@type":"ListItem","position":3,"name":"American Style Unique Wide Open Stainless Steel Insulated Flask 1081607W"}]},{"@type":"WebSite","@id":"https:\/\/customizedwaterbottles.com\/#website","url":"https:\/\/customizedwaterbottles.com\/","name":"iFun","description":"Water Bottles Stainless Steel Vacuum Flask","potentialAction":[{"@type":"SearchAction","target":{"@type":"EntryPoint","urlTemplate":"https:\/\/customizedwaterbottles.com\/?s={search_term_string}"},"query-input":{"@type":"PropertyValueSpecification","valueRequired":true,"valueName":"search_term_string"}}],"inLanguage":"es"}]}},"_links":{"self":[{"href":"https:\/\/customizedwaterbottles.com\/es\/wp-json\/wp\/v2\/product\/1861","targetHints":{"allow":["GET"]}}],"collection":[{"href":"https:\/\/customizedwaterbottles.com\/es\/wp-json\/wp\/v2\/product"}],"about":[{"href":"https:\/\/customizedwaterbottles.com\/es\/wp-json\/wp\/v2\/types\/product"}],"replies":[{"embeddable":true,"href":"https:\/\/customizedwaterbottles.com\/es\/wp-json\/wp\/v2\/comments?post=1861"}],"wp:featuredmedia":[{"embeddable":true,"href":"https:\/\/customizedwaterbottles.com\/es\/wp-json\/wp\/v2\/media\/1970"}],"wp:attachment":[{"href":"https:\/\/customizedwaterbottles.com\/es\/wp-json\/wp\/v2\/media?parent=1861"}],"wp:term":[{"taxonomy":"product_brand","embeddable":true,"href":"https:\/\/customizedwaterbottles.com\/es\/wp-json\/wp\/v2\/product_brand?post=1861"},{"taxonomy":"product_cat","embeddable":true,"href":"https:\/\/customizedwaterbottles.com\/es\/wp-json\/wp\/v2\/product_cat?post=1861"},{"taxonomy":"product_tag","embeddable":true,"href":"https:\/\/customizedwaterbottles.com\/es\/wp-json\/wp\/v2\/product_tag?post=1861"}],"curies":[{"name":"wp","href":"https:\/\/api.w.org\/{rel}","templated":true}]}}