{"id":2480,"date":"2025-07-07T13:54:19","date_gmt":"2025-07-07T13:54:19","guid":{"rendered":"https:\/\/customizedwaterbottles.com\/?post_type=product&#038;p=2480"},"modified":"2025-07-11T03:45:12","modified_gmt":"2025-07-11T03:45:12","slug":"wholesale-stainless-steel-40oz-tumbler-with-handle-and-straw-lid","status":"publish","type":"product","link":"https:\/\/customizedwaterbottles.com\/es\/product\/wholesale-stainless-steel-40oz-tumbler-with-handle-and-straw-lid\/","title":{"rendered":"Mayorista Vaso de Acero Inoxidable de 40oz con Asa y Tapa de Pajita 1081605T"},"content":{"rendered":"<table>\n<tbody>\n<tr>\n<td width=\"426\">Nombre del producto<\/td>\n<td width=\"426\">Wholesale Stainless Steel 40oz Tumbler With Handle and Straw Lid<\/td>\n<\/tr>\n<tr>\n<td width=\"426\">Capacidad<\/td>\n<td width=\"426\">14oz 20oz 30oz 40oz<\/td>\n<\/tr>\n<tr>\n<td width=\"426\">Material<\/td>\n<td width=\"426\">Doble pared de acero inoxidable<\/td>\n<\/tr>\n<tr>\n<td width=\"426\">Color<\/td>\n<td width=\"426\">Pintura brillante, pintura mate, recubrimiento en polvo, etc.<\/td>\n<\/tr>\n<tr>\n<td width=\"426\">Logotipo<\/td>\n<td width=\"426\">Serigraf\u00eda, impresi\u00f3n por transferencia t\u00e9rmica, grabado por l\u00e1ser, transferencia por agua, etc.<\/td>\n<\/tr>\n<tr>\n<td width=\"426\">MOQ<\/td>\n<td width=\"426\">50 unidades<\/td>\n<\/tr>\n<tr>\n<td width=\"426\">Tiempo de muestreo<\/td>\n<td width=\"426\">3-7 d\u00edas para dise\u00f1os personalizados<\/td>\n<\/tr>\n<tr>\n<td width=\"426\">Certificaci\u00f3n<\/td>\n<td width=\"426\">FDA, LFGB<\/td>\n<\/tr>\n<tr>\n<td width=\"426\">Embalaje<\/td>\n<td width=\"426\">Caja blanca, caja de color o caja con dise\u00f1o personalizado<\/td>\n<\/tr>\n<tr>\n<td width=\"426\">Capacidad de producci\u00f3n<\/td>\n<td width=\"426\">500.000 unidades al mes<\/td>\n<\/tr>\n<tr>\n<td width=\"426\">Plazo de entrega<\/td>\n<td width=\"426\">25-35 d\u00edas para cantidades inferiores a 20.000 unidades<\/td>\n<\/tr>\n<\/tbody>\n<\/table>\n<h2><strong>Why Choose Ifun 40oz Customized Insulated Tumblers?<\/strong><\/h2>\n<p><span style=\"color: #000000;\"><strong>1.Control de temperatura durante todo el d\u00eda<\/strong><\/span><\/p>\n<p>El aislamiento al vac\u00edo de doble pared de Ifun mantiene la temperatura durante mucho m\u00e1s tiempo que las botellas normales. Tanto si est\u00e1s trabajando, estudiando, viajando o aventur\u00e1ndote al aire libre, disfruta de tus bebidas a la temperatura perfecta en cualquier momento.<\/p>\n<p><span style=\"color: #000000;\"><strong>2.Fabricado con materiales de primera calidad<\/strong><\/span><\/p>\n<p>Fabricado por dentro y por fuera con acero inoxidable 304 de alta calidad apto para uso alimentario, es seguro para todo tipo de bebidas, no tiene sabores extra\u00f1os y es muy resistente a golpes y ara\u00f1azos.<\/p>\n<p><span style=\"color: #000000;\"><strong>3.Dise\u00f1o \u00fanico de la tapa<\/strong><\/span><\/p>\n<p>Ifun botellas de agua viene con tapa a prueba de fugas, se puede tomar al aire libre para viajar no importa ir a cualquier parte sin preocupaciones.<\/p>\n<p><span style=\"color: #000000;\"><strong>4.Elecci\u00f3n de capacidad m\u00faltiple<\/strong><\/span><\/p>\n<p>With the capacity of 14oz, 20oz, 30oz, 40oz, this tumbler is perfect for heavy drinkers, fitness lovers, or desk-bound professionals.<\/p>\n<p><span style=\"color: #000000;\"><strong>5.Exterior sin sudor<\/strong><\/span><\/p>\n<p>Nuestro termo con aislamiento al vac\u00edo no s\u00f3lo mantiene fr\u00edas las bebidas, sino que tambi\u00e9n mantiene seco el exterior. Ya no tendr\u00e1 que preocuparse de que la condensaci\u00f3n de las bebidas fr\u00edas le moje las manos o la mesa.<\/p>\n<p><span style=\"color: #000000;\"><strong>6. M\u00e1s de 15 a\u00f1os de experiencia en fabricaci\u00f3n<\/strong><\/span><\/p>\n<p>Ifun centrarse en productos drinkware m\u00e1s de 15years, nuestro producto incluye vaso de acero inoxidable, botellas de agua aisladas al vac\u00edo, tazas de viaje, tazas termo etc.. Tenemos equipos profesionales para asegurarse de que los productos de alta calidad.<\/p>\n<p><span style=\"color: #000000;\"><strong>7.Servicio OEM y ODM disponible<\/strong><\/span><\/p>\n<p>Como fabricante de botellas de acero inoxidable, Ifun ofrece servicios OEM y ODM a nuestros clientes. No importa colores, logotipos, envases o tama\u00f1os, tambi\u00e9n podemos personalizar para usted.<\/p>\n<p><img decoding=\"async\" class=\"size-medium wp-image-2488\" src=\"https:\/\/customizedwaterbottles.com\/wp-content\/uploads\/2025\/07\/40oz-tumbler-9.webp\" alt=\"mayorista vaso de acero inoxidable 40oz con asa y tapa pajita 1081605t\" width=\"800\" height=\"800\" srcset=\"https:\/\/customizedwaterbottles.com\/wp-content\/uploads\/2025\/07\/40oz-tumbler-9.webp 800w, https:\/\/customizedwaterbottles.com\/wp-content\/uploads\/2025\/07\/40oz-tumbler-9-768x768.webp 768w, https:\/\/customizedwaterbottles.com\/wp-content\/uploads\/2025\/07\/40oz-tumbler-9-300x300.webp 300w, https:\/\/customizedwaterbottles.com\/wp-content\/uploads\/2025\/07\/40oz-tumbler-9-600x600.webp 600w, https:\/\/customizedwaterbottles.com\/wp-content\/uploads\/2025\/07\/40oz-tumbler-9-100x100.webp 100w\" sizes=\"(max-width: 800px) 100vw, 800px\" \/><\/p>\n<p><img decoding=\"async\" class=\"size-medium wp-image-2489\" src=\"https:\/\/customizedwaterbottles.com\/wp-content\/uploads\/2025\/07\/40oz-tumbler-10.webp\" alt=\"mayorista vaso de acero inoxidable 40oz con asa y tapa pajita 1081605t\" width=\"800\" height=\"800\" srcset=\"https:\/\/customizedwaterbottles.com\/wp-content\/uploads\/2025\/07\/40oz-tumbler-10.webp 800w, https:\/\/customizedwaterbottles.com\/wp-content\/uploads\/2025\/07\/40oz-tumbler-10-768x768.webp 768w, https:\/\/customizedwaterbottles.com\/wp-content\/uploads\/2025\/07\/40oz-tumbler-10-300x300.webp 300w, https:\/\/customizedwaterbottles.com\/wp-content\/uploads\/2025\/07\/40oz-tumbler-10-600x600.webp 600w, https:\/\/customizedwaterbottles.com\/wp-content\/uploads\/2025\/07\/40oz-tumbler-10-100x100.webp 100w\" sizes=\"(max-width: 800px) 100vw, 800px\" \/><\/p>\n<p><img decoding=\"async\" class=\"size-medium wp-image-2490\" src=\"https:\/\/customizedwaterbottles.com\/wp-content\/uploads\/2025\/07\/40oz-tumbler-11.webp\" alt=\"mayorista vaso de acero inoxidable 40oz con asa y tapa pajita 1081605t\" width=\"800\" height=\"800\" srcset=\"https:\/\/customizedwaterbottles.com\/wp-content\/uploads\/2025\/07\/40oz-tumbler-11.webp 800w, https:\/\/customizedwaterbottles.com\/wp-content\/uploads\/2025\/07\/40oz-tumbler-11-768x768.webp 768w, https:\/\/customizedwaterbottles.com\/wp-content\/uploads\/2025\/07\/40oz-tumbler-11-300x300.webp 300w, https:\/\/customizedwaterbottles.com\/wp-content\/uploads\/2025\/07\/40oz-tumbler-11-600x600.webp 600w, https:\/\/customizedwaterbottles.com\/wp-content\/uploads\/2025\/07\/40oz-tumbler-11-100x100.webp 100w\" sizes=\"(max-width: 800px) 100vw, 800px\" \/><\/p>","protected":false},"excerpt":{"rendered":"<h3><strong>Caracter\u00edsticas del producto:<\/strong><\/h3>\n<ul>\n<li><strong>40oz Large Capacity: <\/strong>Ifun 40oz tumbler engineered for all-day hydration without refills. Ideal for long commutes, road trips, or worksite use.<\/li>\n<li><strong>2-in-1 Handle &amp; Straw Lid: <\/strong>Features an oversized, ergonomic handle integrated with a screw-on lid. You can enjoy the drinks directly or sip it from the straw lid.<\/li>\n<li><strong>Aislamiento de doble pared al vac\u00edo: <\/strong>Advanced insulation maintains ice retention and hot drinks for hours\u00a0\u2013 outperforms competitors in extreme car temperatures.<\/li>\n<li><strong>Shock-Absorbing Anti-Tip Base: <\/strong>Reinforced, tapered base with non-slip silicone ring fits 95% of car cup holders. Weighted design prevents wobbling on sharp turns.<\/li>\n<li><strong>High-Grade Durability: <\/strong>Crafted from 304 stainless steel with scratch-resistant powder coating.<\/li>\n<\/ul>\n<h3><strong>Servicios personalizados:<\/strong><\/h3>\n<ul>\n<li><strong>Logotipo y dise\u00f1o:<\/strong> Las botellas de acero inoxidable Ifun admiten el logotipo personalizado de su marca. Podemos hacer que su logotipo y el dise\u00f1o con serigraf\u00eda, grabado l\u00e1ser, transferencia de calor, impresi\u00f3n 3D, impresi\u00f3n UV, etc.<\/li>\n<li><strong>Color:<\/strong> Los colores se pueden personalizar seg\u00fan el n\u00famero de color pantone, podemos hacerlo con acabado mate, pintura brillante, recubrimiento en polvo, etc.<\/li>\n<li><strong>Capacidad:<\/strong> We have 14oz 20oz 30oz 40oz, other capacity we can also custom for you.<\/li>\n<li><strong>Tapas: <\/strong>100% Tapa herm\u00e9tica BPA FREE, el color se puede personalizar.<\/li>\n<li><strong>Paquete: <\/strong>Caja de color, caja blanca, caja de regalo, caja de cart\u00f3n marr\u00f3n, caja cil\u00edndrica, etc.<\/li>\n<\/ul>","protected":false},"featured_media":2481,"comment_status":"open","ping_status":"closed","template":"","meta":[],"product_brand":[],"product_cat":[23],"product_tag":[81,82,80],"class_list":{"0":"post-2480","1":"product","2":"type-product","3":"status-publish","4":"has-post-thumbnail","6":"product_cat-insulated-tumblers-mugs","7":"product_tag-40oz-adventure-tumbler","8":"product_tag-40oz-vacuum-tumblers","9":"product_tag-quencher-tumbler","11":"first","12":"instock","13":"shipping-taxable","14":"product-type-simple"},"yoast_head":"<!-- This site is optimized with the Yoast SEO plugin v25.4 - https:\/\/yoast.com\/wordpress\/plugins\/seo\/ -->\n<title>Wholesale Stainless Steel 40oz Tumbler With Handle and Straw Lid 1081605T - iFun<\/title>\n<meta name=\"description\" content=\"Hot selling 40oz stainless steel vacuum insulated tumbler, durable material, ergonomic handle, straw lid design. Portable design for outdoor travelling.\" \/>\n<meta name=\"robots\" content=\"index, follow, max-snippet:-1, max-image-preview:large, max-video-preview:-1\" \/>\n<link rel=\"canonical\" href=\"https:\/\/customizedwaterbottles.com\/es\/product\/wholesale-stainless-steel-40oz-tumbler-with-handle-and-straw-lid\/\" \/>\n<meta property=\"og:locale\" content=\"es_ES\" \/>\n<meta property=\"og:type\" content=\"article\" \/>\n<meta property=\"og:title\" content=\"Wholesale Stainless Steel 40oz Tumbler With Handle and Straw Lid 1081605T - iFun\" \/>\n<meta property=\"og:description\" content=\"Hot selling 40oz stainless steel vacuum insulated tumbler, durable material, ergonomic handle, straw lid design. Portable design for outdoor travelling.\" \/>\n<meta property=\"og:url\" content=\"https:\/\/customizedwaterbottles.com\/es\/product\/wholesale-stainless-steel-40oz-tumbler-with-handle-and-straw-lid\/\" \/>\n<meta property=\"og:site_name\" content=\"iFun\" \/>\n<meta property=\"article:modified_time\" content=\"2025-07-11T03:45:12+00:00\" \/>\n<meta property=\"og:image\" content=\"https:\/\/customizedwaterbottles.com\/wp-content\/uploads\/2025\/07\/40oz-tumbler-1-scaled.webp\" \/>\n\t<meta property=\"og:image:width\" content=\"2560\" \/>\n\t<meta property=\"og:image:height\" content=\"2560\" \/>\n\t<meta property=\"og:image:type\" content=\"image\/webp\" \/>\n<meta name=\"twitter:card\" content=\"summary_large_image\" \/>\n<meta name=\"twitter:label1\" content=\"Tiempo de lectura\" \/>\n\t<meta name=\"twitter:data1\" content=\"3 minutos\" \/>\n<script type=\"application\/ld+json\" class=\"yoast-schema-graph\">{\"@context\":\"https:\/\/schema.org\",\"@graph\":[{\"@type\":\"WebPage\",\"@id\":\"https:\/\/customizedwaterbottles.com\/product\/wholesale-stainless-steel-40oz-tumbler-with-handle-and-straw-lid\/\",\"url\":\"https:\/\/customizedwaterbottles.com\/product\/wholesale-stainless-steel-40oz-tumbler-with-handle-and-straw-lid\/\",\"name\":\"Wholesale Stainless Steel 40oz Tumbler With Handle and Straw Lid 1081605T - iFun\",\"isPartOf\":{\"@id\":\"https:\/\/customizedwaterbottles.com\/#website\"},\"primaryImageOfPage\":{\"@id\":\"https:\/\/customizedwaterbottles.com\/product\/wholesale-stainless-steel-40oz-tumbler-with-handle-and-straw-lid\/#primaryimage\"},\"image\":{\"@id\":\"https:\/\/customizedwaterbottles.com\/product\/wholesale-stainless-steel-40oz-tumbler-with-handle-and-straw-lid\/#primaryimage\"},\"thumbnailUrl\":\"https:\/\/customizedwaterbottles.com\/wp-content\/uploads\/2025\/07\/40oz-tumbler-1-scaled.webp\",\"datePublished\":\"2025-07-07T13:54:19+00:00\",\"dateModified\":\"2025-07-11T03:45:12+00:00\",\"description\":\"Hot selling 40oz stainless steel vacuum insulated tumbler, durable material, ergonomic handle, straw lid design. Portable design for outdoor travelling.\",\"breadcrumb\":{\"@id\":\"https:\/\/customizedwaterbottles.com\/product\/wholesale-stainless-steel-40oz-tumbler-with-handle-and-straw-lid\/#breadcrumb\"},\"inLanguage\":\"es\",\"potentialAction\":[{\"@type\":\"ReadAction\",\"target\":[\"https:\/\/customizedwaterbottles.com\/product\/wholesale-stainless-steel-40oz-tumbler-with-handle-and-straw-lid\/\"]}]},{\"@type\":\"ImageObject\",\"inLanguage\":\"es\",\"@id\":\"https:\/\/customizedwaterbottles.com\/product\/wholesale-stainless-steel-40oz-tumbler-with-handle-and-straw-lid\/#primaryimage\",\"url\":\"https:\/\/customizedwaterbottles.com\/wp-content\/uploads\/2025\/07\/40oz-tumbler-1-scaled.webp\",\"contentUrl\":\"https:\/\/customizedwaterbottles.com\/wp-content\/uploads\/2025\/07\/40oz-tumbler-1-scaled.webp\",\"width\":2560,\"height\":2560,\"caption\":\"wholesale stainless steel 40oz tumbler with handle and straw lid 1081605t\"},{\"@type\":\"BreadcrumbList\",\"@id\":\"https:\/\/customizedwaterbottles.com\/product\/wholesale-stainless-steel-40oz-tumbler-with-handle-and-straw-lid\/#breadcrumb\",\"itemListElement\":[{\"@type\":\"ListItem\",\"position\":1,\"name\":\"Home\",\"item\":\"https:\/\/customizedwaterbottles.com\/\"},{\"@type\":\"ListItem\",\"position\":2,\"name\":\"Products\",\"item\":\"https:\/\/customizedwaterbottles.com\/wholesale-drinkware-manufacturer-water-bottles-tumblers\/\"},{\"@type\":\"ListItem\",\"position\":3,\"name\":\"Wholesale Stainless Steel 40oz Tumbler With Handle and Straw Lid 1081605T\"}]},{\"@type\":\"WebSite\",\"@id\":\"https:\/\/customizedwaterbottles.com\/#website\",\"url\":\"https:\/\/customizedwaterbottles.com\/\",\"name\":\"iFun\",\"description\":\"Water Bottles Stainless Steel Vacuum Flask\",\"potentialAction\":[{\"@type\":\"SearchAction\",\"target\":{\"@type\":\"EntryPoint\",\"urlTemplate\":\"https:\/\/customizedwaterbottles.com\/?s={search_term_string}\"},\"query-input\":{\"@type\":\"PropertyValueSpecification\",\"valueRequired\":true,\"valueName\":\"search_term_string\"}}],\"inLanguage\":\"es\"}]}<\/script>\n<!-- \/ Yoast SEO plugin. -->","yoast_head_json":{"title":"Wholesale Stainless Steel 40oz Tumbler With Handle and Straw Lid 1081605T - iFun","description":"Hot selling 40oz stainless steel vacuum insulated tumbler, durable material, ergonomic handle, straw lid design. Portable design for outdoor travelling.","robots":{"index":"index","follow":"follow","max-snippet":"max-snippet:-1","max-image-preview":"max-image-preview:large","max-video-preview":"max-video-preview:-1"},"canonical":"https:\/\/customizedwaterbottles.com\/es\/product\/wholesale-stainless-steel-40oz-tumbler-with-handle-and-straw-lid\/","og_locale":"es_ES","og_type":"article","og_title":"Wholesale Stainless Steel 40oz Tumbler With Handle and Straw Lid 1081605T - iFun","og_description":"Hot selling 40oz stainless steel vacuum insulated tumbler, durable material, ergonomic handle, straw lid design. Portable design for outdoor travelling.","og_url":"https:\/\/customizedwaterbottles.com\/es\/product\/wholesale-stainless-steel-40oz-tumbler-with-handle-and-straw-lid\/","og_site_name":"iFun","article_modified_time":"2025-07-11T03:45:12+00:00","og_image":[{"width":2560,"height":2560,"url":"https:\/\/customizedwaterbottles.com\/wp-content\/uploads\/2025\/07\/40oz-tumbler-1-scaled.webp","type":"image\/webp"}],"twitter_card":"summary_large_image","twitter_misc":{"Tiempo de lectura":"3 minutos"},"schema":{"@context":"https:\/\/schema.org","@graph":[{"@type":"WebPage","@id":"https:\/\/customizedwaterbottles.com\/product\/wholesale-stainless-steel-40oz-tumbler-with-handle-and-straw-lid\/","url":"https:\/\/customizedwaterbottles.com\/product\/wholesale-stainless-steel-40oz-tumbler-with-handle-and-straw-lid\/","name":"Wholesale Stainless Steel 40oz Tumbler With Handle and Straw Lid 1081605T - iFun","isPartOf":{"@id":"https:\/\/customizedwaterbottles.com\/#website"},"primaryImageOfPage":{"@id":"https:\/\/customizedwaterbottles.com\/product\/wholesale-stainless-steel-40oz-tumbler-with-handle-and-straw-lid\/#primaryimage"},"image":{"@id":"https:\/\/customizedwaterbottles.com\/product\/wholesale-stainless-steel-40oz-tumbler-with-handle-and-straw-lid\/#primaryimage"},"thumbnailUrl":"https:\/\/customizedwaterbottles.com\/wp-content\/uploads\/2025\/07\/40oz-tumbler-1-scaled.webp","datePublished":"2025-07-07T13:54:19+00:00","dateModified":"2025-07-11T03:45:12+00:00","description":"Hot selling 40oz stainless steel vacuum insulated tumbler, durable material, ergonomic handle, straw lid design. Portable design for outdoor travelling.","breadcrumb":{"@id":"https:\/\/customizedwaterbottles.com\/product\/wholesale-stainless-steel-40oz-tumbler-with-handle-and-straw-lid\/#breadcrumb"},"inLanguage":"es","potentialAction":[{"@type":"ReadAction","target":["https:\/\/customizedwaterbottles.com\/product\/wholesale-stainless-steel-40oz-tumbler-with-handle-and-straw-lid\/"]}]},{"@type":"ImageObject","inLanguage":"es","@id":"https:\/\/customizedwaterbottles.com\/product\/wholesale-stainless-steel-40oz-tumbler-with-handle-and-straw-lid\/#primaryimage","url":"https:\/\/customizedwaterbottles.com\/wp-content\/uploads\/2025\/07\/40oz-tumbler-1-scaled.webp","contentUrl":"https:\/\/customizedwaterbottles.com\/wp-content\/uploads\/2025\/07\/40oz-tumbler-1-scaled.webp","width":2560,"height":2560,"caption":"wholesale stainless steel 40oz tumbler with handle and straw lid 1081605t"},{"@type":"BreadcrumbList","@id":"https:\/\/customizedwaterbottles.com\/product\/wholesale-stainless-steel-40oz-tumbler-with-handle-and-straw-lid\/#breadcrumb","itemListElement":[{"@type":"ListItem","position":1,"name":"Home","item":"https:\/\/customizedwaterbottles.com\/"},{"@type":"ListItem","position":2,"name":"Products","item":"https:\/\/customizedwaterbottles.com\/wholesale-drinkware-manufacturer-water-bottles-tumblers\/"},{"@type":"ListItem","position":3,"name":"Wholesale Stainless Steel 40oz Tumbler With Handle and Straw Lid 1081605T"}]},{"@type":"WebSite","@id":"https:\/\/customizedwaterbottles.com\/#website","url":"https:\/\/customizedwaterbottles.com\/","name":"iFun","description":"Water Bottles Stainless Steel Vacuum Flask","potentialAction":[{"@type":"SearchAction","target":{"@type":"EntryPoint","urlTemplate":"https:\/\/customizedwaterbottles.com\/?s={search_term_string}"},"query-input":{"@type":"PropertyValueSpecification","valueRequired":true,"valueName":"search_term_string"}}],"inLanguage":"es"}]}},"_links":{"self":[{"href":"https:\/\/customizedwaterbottles.com\/es\/wp-json\/wp\/v2\/product\/2480","targetHints":{"allow":["GET"]}}],"collection":[{"href":"https:\/\/customizedwaterbottles.com\/es\/wp-json\/wp\/v2\/product"}],"about":[{"href":"https:\/\/customizedwaterbottles.com\/es\/wp-json\/wp\/v2\/types\/product"}],"replies":[{"embeddable":true,"href":"https:\/\/customizedwaterbottles.com\/es\/wp-json\/wp\/v2\/comments?post=2480"}],"wp:featuredmedia":[{"embeddable":true,"href":"https:\/\/customizedwaterbottles.com\/es\/wp-json\/wp\/v2\/media\/2481"}],"wp:attachment":[{"href":"https:\/\/customizedwaterbottles.com\/es\/wp-json\/wp\/v2\/media?parent=2480"}],"wp:term":[{"taxonomy":"product_brand","embeddable":true,"href":"https:\/\/customizedwaterbottles.com\/es\/wp-json\/wp\/v2\/product_brand?post=2480"},{"taxonomy":"product_cat","embeddable":true,"href":"https:\/\/customizedwaterbottles.com\/es\/wp-json\/wp\/v2\/product_cat?post=2480"},{"taxonomy":"product_tag","embeddable":true,"href":"https:\/\/customizedwaterbottles.com\/es\/wp-json\/wp\/v2\/product_tag?post=2480"}],"curies":[{"name":"wp","href":"https:\/\/api.w.org\/{rel}","templated":true}]}}