{"id":2634,"date":"2025-07-08T09:54:47","date_gmt":"2025-07-08T09:54:47","guid":{"rendered":"https:\/\/customizedwaterbottles.com\/?post_type=product&#038;p=2634"},"modified":"2025-07-11T06:19:15","modified_gmt":"2025-07-11T06:19:15","slug":"wholesale-1l-stainless-steel-water-bottle-and-260ml-mate-cups-set","status":"publish","type":"product","link":"https:\/\/customizedwaterbottles.com\/es\/product\/wholesale-1l-stainless-steel-water-bottle-and-260ml-mate-cups-set\/","title":{"rendered":"Mayorista Juego de Botella de Agua de Acero Inoxidable de 1L y Tazas de Mate de 260ml 1081604M"},"content":{"rendered":"<table>\n<tbody>\n<tr>\n<td width=\"426\">Nombre del producto<\/td>\n<td width=\"426\">Custom Logo Wholesale Yerba Mate Natural Gourd\/Tea Cup Set Original Traditional 8oz Mate Cup<\/td>\n<\/tr>\n<tr>\n<td width=\"426\">Capacidad<\/td>\n<td width=\"426\">8oz Stainless Steel Yerba Mate Set Complete Yerba Mate Kit Includes Mate Cup, Straw (Bombilla), 750ml Thermos<\/td>\n<\/tr>\n<tr>\n<td width=\"426\">Material<\/td>\n<td width=\"426\">Doble pared de acero inoxidable<\/td>\n<\/tr>\n<tr>\n<td width=\"426\">Color<\/td>\n<td width=\"426\">Pintura brillante, pintura mate, recubrimiento en polvo, etc.<\/td>\n<\/tr>\n<tr>\n<td width=\"426\">Logotipo<\/td>\n<td width=\"426\">Serigraf\u00eda, impresi\u00f3n por transferencia t\u00e9rmica, grabado por l\u00e1ser, transferencia por agua, etc.<\/td>\n<\/tr>\n<tr>\n<td width=\"426\">MOQ<\/td>\n<td width=\"426\">50 unidades<\/td>\n<\/tr>\n<tr>\n<td width=\"426\">Tiempo de muestreo<\/td>\n<td width=\"426\">3- 7 d\u00edas para dise\u00f1os personalizados<\/td>\n<\/tr>\n<tr>\n<td width=\"426\">Certificaci\u00f3n<\/td>\n<td width=\"426\">FDA, LFGB<\/td>\n<\/tr>\n<tr>\n<td width=\"426\">Embalaje<\/td>\n<td width=\"426\">Caja blanca, caja de color o caja con dise\u00f1o personalizado<\/td>\n<\/tr>\n<tr>\n<td width=\"426\">Capacidad de producci\u00f3n<\/td>\n<td width=\"426\">500.000 unidades al mes<\/td>\n<\/tr>\n<tr>\n<td width=\"426\">Plazo de entrega<\/td>\n<td width=\"426\">25- 35 d\u00edas para cantidades inferiores a 20.000 unidades<\/td>\n<\/tr>\n<\/tbody>\n<\/table>\n<h2><strong>Why choose Custom Wholesale Yerba Mate Natural Gourd\/Tea Cup Set Brown Original Traditional 8oz Mate Cup ?<\/strong><\/h2>\n<p><strong>1. Construcci\u00f3n de acero inoxidable 304 de alta calidad<\/strong><\/p>\n<p>Ifun Stainless Steel Mate Tea Cups is crafted from food-grade 304 stainless steel, ensuring durability, easy cleaning, and long-lasting performance. The 100% BPA-free lid guarantees a safe and healthy drinking experience, free from harmful chemicals.<\/p>\n<p><strong>2. Se puede lavar en el lavavajillas, lo que facilita la limpieza.\u00a0<\/strong><\/p>\n<p>Esta boca ancha mejorada cuenta con gran capacidad de acero inoxidable aislado al vac\u00edo Vaso Mate Tazas de t\u00e9 con tapa y asa<\/p>\n<p><strong>3. Dise\u00f1o a prueba de fugas\u00a0<\/strong><\/p>\n<p>Ifun Vaso de Acero Inoxidable Aislado al Vac\u00edo Tazas de T\u00e9 Mate Con Tapa y Asa una tapa abatible contra derrames y fugas y la tapa no se abrir\u00e1 de golpe cuando se caiga.<\/p>\n<p><strong>4.<\/strong><strong>Exterior resistente a la intemperie<\/strong><\/p>\n<p>Nuestro termo con aislamiento al vac\u00edo no s\u00f3lo mantiene fr\u00edas las bebidas, sino que tambi\u00e9n mantiene seco el exterior. No tiene que preocuparse de que la condensaci\u00f3n de las bebidas fr\u00edas le moje las manos o la mesa.<\/p>\n<p><strong>6,15 a\u00f1os o m\u00e1s de experiencia en fabricaci\u00f3n<\/strong><\/p>\n<p>Ifun se dedica a la producci\u00f3n de bebidas desde hace m\u00e1s de 15 a\u00f1os. Nuestros productos incluyen vasos de acero inoxidable, botellas de agua con aislamiento al vac\u00edo, tazas de viaje, tazas t\u00e9rmicas, etc. Contamos con equipos profesionales para garantizar los productos de alta calidad.<\/p>\n<p>&nbsp;<\/p>\n<p><img decoding=\"async\" class=\"alignnone size-full wp-image-2635\" src=\"https:\/\/customizedwaterbottles.com\/wp-content\/uploads\/2025\/07\/vacuum-flask-and-mate-mugs-1.webp\" alt=\"\" width=\"818\" height=\"818\" srcset=\"https:\/\/customizedwaterbottles.com\/wp-content\/uploads\/2025\/07\/vacuum-flask-and-mate-mugs-1.webp 818w, https:\/\/customizedwaterbottles.com\/wp-content\/uploads\/2025\/07\/vacuum-flask-and-mate-mugs-1-768x768.webp 768w, https:\/\/customizedwaterbottles.com\/wp-content\/uploads\/2025\/07\/vacuum-flask-and-mate-mugs-1-300x300.webp 300w, https:\/\/customizedwaterbottles.com\/wp-content\/uploads\/2025\/07\/vacuum-flask-and-mate-mugs-1-600x600.webp 600w, https:\/\/customizedwaterbottles.com\/wp-content\/uploads\/2025\/07\/vacuum-flask-and-mate-mugs-1-100x100.webp 100w\" sizes=\"(max-width: 818px) 100vw, 818px\" \/> <img decoding=\"async\" class=\"alignnone size-medium wp-image-2636\" src=\"https:\/\/customizedwaterbottles.com\/wp-content\/uploads\/2025\/07\/vacuum-flask-and-mate-mugs-7.webp\" alt=\"\" width=\"1055\" height=\"1500\" srcset=\"https:\/\/customizedwaterbottles.com\/wp-content\/uploads\/2025\/07\/vacuum-flask-and-mate-mugs-7.webp 1055w, https:\/\/customizedwaterbottles.com\/wp-content\/uploads\/2025\/07\/vacuum-flask-and-mate-mugs-7-720x1024.webp 720w, https:\/\/customizedwaterbottles.com\/wp-content\/uploads\/2025\/07\/vacuum-flask-and-mate-mugs-7-768x1092.webp 768w, https:\/\/customizedwaterbottles.com\/wp-content\/uploads\/2025\/07\/vacuum-flask-and-mate-mugs-7-600x853.webp 600w\" sizes=\"(max-width: 1055px) 100vw, 1055px\" \/> <img decoding=\"async\" class=\"alignnone size-medium wp-image-2637\" src=\"https:\/\/customizedwaterbottles.com\/wp-content\/uploads\/2025\/07\/vacuum-flask-and-mate-mugs-8.webp\" alt=\"\" width=\"1000\" height=\"1000\" srcset=\"https:\/\/customizedwaterbottles.com\/wp-content\/uploads\/2025\/07\/vacuum-flask-and-mate-mugs-8.webp 1000w, https:\/\/customizedwaterbottles.com\/wp-content\/uploads\/2025\/07\/vacuum-flask-and-mate-mugs-8-768x768.webp 768w, https:\/\/customizedwaterbottles.com\/wp-content\/uploads\/2025\/07\/vacuum-flask-and-mate-mugs-8-300x300.webp 300w, https:\/\/customizedwaterbottles.com\/wp-content\/uploads\/2025\/07\/vacuum-flask-and-mate-mugs-8-600x600.webp 600w, https:\/\/customizedwaterbottles.com\/wp-content\/uploads\/2025\/07\/vacuum-flask-and-mate-mugs-8-100x100.webp 100w\" sizes=\"(max-width: 1000px) 100vw, 1000px\" \/> <img decoding=\"async\" class=\"alignnone size-medium wp-image-2638\" src=\"https:\/\/customizedwaterbottles.com\/wp-content\/uploads\/2025\/07\/vacuum-flask-and-mate-mugs-9.webp\" alt=\"\" width=\"1000\" height=\"1000\" srcset=\"https:\/\/customizedwaterbottles.com\/wp-content\/uploads\/2025\/07\/vacuum-flask-and-mate-mugs-9.webp 1000w, https:\/\/customizedwaterbottles.com\/wp-content\/uploads\/2025\/07\/vacuum-flask-and-mate-mugs-9-768x768.webp 768w, https:\/\/customizedwaterbottles.com\/wp-content\/uploads\/2025\/07\/vacuum-flask-and-mate-mugs-9-300x300.webp 300w, https:\/\/customizedwaterbottles.com\/wp-content\/uploads\/2025\/07\/vacuum-flask-and-mate-mugs-9-600x600.webp 600w, https:\/\/customizedwaterbottles.com\/wp-content\/uploads\/2025\/07\/vacuum-flask-and-mate-mugs-9-100x100.webp 100w\" sizes=\"(max-width: 1000px) 100vw, 1000px\" \/> <img decoding=\"async\" class=\"alignnone size-medium wp-image-2639\" src=\"https:\/\/customizedwaterbottles.com\/wp-content\/uploads\/2025\/07\/vacuum-flask-and-mate-mugs-10.webp\" alt=\"\" width=\"1000\" height=\"1000\" srcset=\"https:\/\/customizedwaterbottles.com\/wp-content\/uploads\/2025\/07\/vacuum-flask-and-mate-mugs-10.webp 1000w, https:\/\/customizedwaterbottles.com\/wp-content\/uploads\/2025\/07\/vacuum-flask-and-mate-mugs-10-768x768.webp 768w, https:\/\/customizedwaterbottles.com\/wp-content\/uploads\/2025\/07\/vacuum-flask-and-mate-mugs-10-300x300.webp 300w, https:\/\/customizedwaterbottles.com\/wp-content\/uploads\/2025\/07\/vacuum-flask-and-mate-mugs-10-600x600.webp 600w, https:\/\/customizedwaterbottles.com\/wp-content\/uploads\/2025\/07\/vacuum-flask-and-mate-mugs-10-100x100.webp 100w\" sizes=\"(max-width: 1000px) 100vw, 1000px\" \/><\/p>\n<p>&nbsp;<\/p>\n<p>&nbsp;<\/p>\n<p>&nbsp;<\/p>","protected":false},"excerpt":{"rendered":"<h3><strong>Caracter\u00edsticas del producto:<\/strong><\/h3>\n<ul>\n<li><strong>Set de Yerba Mate de Acero Inoxidable Kit Completo de Yerba Mate:<\/strong><span class=\"a-list-item\">Para una experiencia aut\u00e9ntica, este set de yerba mate de alta calidad, funcional y ecol\u00f3gico proporciona todos los elementos necesarios para disfrutar de la tradicional bebida sudamericana, incluyendo Taza de Mate, Pajita (Bombilla), Termo de 750ml, convirti\u00e9ndolo en el regalo perfecto para entusiastas o principiantes que buscan sumergirse en la cultura y tradici\u00f3n de la yerba mate.<\/span><\/li>\n<li><strong>Mantiene calientes y fr\u00edas las bebidas a base de mate:<\/strong>\u00a0Ifun Yerba Mate Natural Juego de Taza de Calabaza\/T\u00e9 Taza de Mate Tradicional Original de 8oz utiliza aislamiento al vac\u00edo de doble capa para mantener sus bebidas favoritas durante 12 horas o 24 horas para bebidas fr\u00edas. El aislamiento al vac\u00edo reduce la transferencia de temperatura y evita quemaduras en las manos. La botella ideal para el uso diario.<\/li>\n<li><strong>Juego de Mate y Bombilla de Acero Inoxidable:<\/strong><span class=\"a-list-item\"> Este set de yerba mate incluye un mate ergon\u00f3mico de acero inoxidable y bombilla, con un acabado de pintura en polvo y el logotipo grabado. El dise\u00f1o duradero y elegante proporciona una aut\u00e9ntica experiencia de juego de mate y bombilla.<\/span><\/li>\n<li><span class=\"a-list-item\"><strong>Mate de acero inoxidable 1L Theomos<\/strong>: Termo de doble pared con tapa de bot\u00f3n, logo grabado y aislante que mantiene el agua caliente durante horas, permiti\u00e9ndote disfrutar de la yerba mate en cualquier momento con este set de mate.<\/span><\/li>\n<li><strong>Tapa a prueba de fugas y derrames:<\/strong> Cuenta con una tapa de rosca de precisi\u00f3n con un sello de silicona de calidad alimentaria. Este frasco de vac\u00edo evitar fugas, derrames o goteos, usted no necesita preocuparse cuando se viaja fuera.<\/li>\n<li><strong>Exterior a prueba de sudor:<\/strong>\u00a0La tecnolog\u00eda de aislamiento al vac\u00edo no s\u00f3lo mantiene la temperatura, sino que tambi\u00e9n garantiza que la superficie exterior permanezca sin condensaci\u00f3n. Se acabaron las manos, las bolsas y las superficies mojadas.<\/li>\n<li><strong>Apertura de boca ancha:<\/strong> Petaca aislante Ifun f\u00e1cil de llenar con l\u00edquidos o cubitos de hielo, se limpia sin esfuerzo con la mano o con un cepillo y permite beber c\u00f3modamente directamente de la petaca.<\/li>\n<li><strong>Asa de transporte integrada y segura:<\/strong> Dispone de un asa de transporte de acero inoxidable, resistente y ergon\u00f3mica, perfectamente unida a la tapa, que proporciona un agarre c\u00f3modo y fiable para facilitar su transporte.<\/li>\n<li><strong>Dise\u00f1o de f\u00e1cil limpieza:<\/strong> La boca ancha y el interior liso y no poroso de acero inoxidable 304 permiten una limpieza sin esfuerzo. Se lava f\u00e1cilmente a mano.<\/li>\n<li><strong>Disponible en varios tama\u00f1os: <\/strong>550 ml, 750 ml o personalizado.<\/li>\n<\/ul>\n<h3><strong>Servicios personalizados:<\/strong><\/h3>\n<ul>\n<li><strong>Logotipo y dise\u00f1o:<\/strong> Ifun Custom Logo Wholesale Vacuum Insulated Stainless Steel Tumbler Mate Tea Cups Set With Lid And Handle support custom your brand logo. Podemos hacer su logotipo y dise\u00f1o con serigraf\u00eda, grabado l\u00e1ser, transferencia de calor, impresi\u00f3n 3D, impresi\u00f3n UV etc..<\/li>\n<li><strong>Color:<\/strong> Los colores se pueden personalizar seg\u00fan el n\u00famero de color pantone, podemos hacerlo con acabado mate, pintura brillante, recubrimiento en polvo, etc.<\/li>\n<li><strong>Capacidad:<\/strong> Tenemos 8 oz de capacidad tambi\u00e9n podemos personalizar para usted.<\/li>\n<li><strong>Tapas: <\/strong>Disponemos de tapa con asa, tapa con pajita, tapa abatible, tapa de vaso para su elecci\u00f3n, el color se puede personalizar.<\/li>\n<li><strong>Paquete: <\/strong>Caja de color, caja blanca, caja de regalo, caja de cart\u00f3n marr\u00f3n, caja cil\u00edndrica, etc.<\/li>\n<\/ul>","protected":false},"featured_media":2643,"comment_status":"open","ping_status":"closed","template":"","meta":[],"product_brand":[],"product_cat":[28],"product_tag":[90,86,89,87],"class_list":{"0":"post-2634","1":"product","2":"type-product","3":"status-publish","4":"has-post-thumbnail","6":"product_cat-mate-cups","7":"product_tag-custom-wholesale-yerba-mate-natural-gourd","8":"product_tag-mate-cups-set","9":"product_tag-traditional-8oz-mate-cup","10":"product_tag-yerba-mate-cup-set","12":"first","13":"instock","14":"shipping-taxable","15":"product-type-simple"},"yoast_head":"<!-- This site is optimized with the Yoast SEO plugin v25.4 - https:\/\/yoast.com\/wordpress\/plugins\/seo\/ -->\n<title>Wholesale 1L Stainless Steel Water Bottle And 260ml Mate Cups Set 1081604M - iFun<\/title>\n<meta name=\"description\" content=\"Custom Wholesale Yerba Mate Natural Gourd\/Tea Cup Set Original Traditional 8oz Mate Cup And 1L Mate Thermos\" \/>\n<meta name=\"robots\" content=\"index, follow, max-snippet:-1, max-image-preview:large, max-video-preview:-1\" \/>\n<link rel=\"canonical\" href=\"https:\/\/customizedwaterbottles.com\/es\/product\/wholesale-1l-stainless-steel-water-bottle-and-260ml-mate-cups-set\/\" \/>\n<meta property=\"og:locale\" content=\"es_ES\" \/>\n<meta property=\"og:type\" content=\"article\" \/>\n<meta property=\"og:title\" content=\"Wholesale 1L Stainless Steel Water Bottle And 260ml Mate Cups Set 1081604M - iFun\" \/>\n<meta property=\"og:description\" content=\"Custom Wholesale Yerba Mate Natural Gourd\/Tea Cup Set Original Traditional 8oz Mate Cup And 1L Mate Thermos\" \/>\n<meta property=\"og:url\" content=\"https:\/\/customizedwaterbottles.com\/es\/product\/wholesale-1l-stainless-steel-water-bottle-and-260ml-mate-cups-set\/\" \/>\n<meta property=\"og:site_name\" content=\"iFun\" \/>\n<meta property=\"article:modified_time\" content=\"2025-07-11T06:19:15+00:00\" \/>\n<meta property=\"og:image\" content=\"https:\/\/customizedwaterbottles.com\/wp-content\/uploads\/2025\/07\/vacuum-flask-and-mate-mugs-4.webp\" \/>\n\t<meta property=\"og:image:width\" content=\"1000\" \/>\n\t<meta property=\"og:image:height\" content=\"1000\" \/>\n\t<meta property=\"og:image:type\" content=\"image\/webp\" \/>\n<meta name=\"twitter:card\" content=\"summary_large_image\" \/>\n<meta name=\"twitter:label1\" content=\"Tiempo de lectura\" \/>\n\t<meta name=\"twitter:data1\" content=\"3 minutos\" \/>\n<script type=\"application\/ld+json\" class=\"yoast-schema-graph\">{\"@context\":\"https:\/\/schema.org\",\"@graph\":[{\"@type\":\"WebPage\",\"@id\":\"https:\/\/customizedwaterbottles.com\/product\/wholesale-1l-stainless-steel-water-bottle-and-260ml-mate-cups-set\/\",\"url\":\"https:\/\/customizedwaterbottles.com\/product\/wholesale-1l-stainless-steel-water-bottle-and-260ml-mate-cups-set\/\",\"name\":\"Wholesale 1L Stainless Steel Water Bottle And 260ml Mate Cups Set 1081604M - iFun\",\"isPartOf\":{\"@id\":\"https:\/\/customizedwaterbottles.com\/#website\"},\"primaryImageOfPage\":{\"@id\":\"https:\/\/customizedwaterbottles.com\/product\/wholesale-1l-stainless-steel-water-bottle-and-260ml-mate-cups-set\/#primaryimage\"},\"image\":{\"@id\":\"https:\/\/customizedwaterbottles.com\/product\/wholesale-1l-stainless-steel-water-bottle-and-260ml-mate-cups-set\/#primaryimage\"},\"thumbnailUrl\":\"https:\/\/customizedwaterbottles.com\/wp-content\/uploads\/2025\/07\/vacuum-flask-and-mate-mugs-4.webp\",\"datePublished\":\"2025-07-08T09:54:47+00:00\",\"dateModified\":\"2025-07-11T06:19:15+00:00\",\"description\":\"Custom Wholesale Yerba Mate Natural Gourd\/Tea Cup Set Original Traditional 8oz Mate Cup And 1L Mate Thermos\",\"breadcrumb\":{\"@id\":\"https:\/\/customizedwaterbottles.com\/product\/wholesale-1l-stainless-steel-water-bottle-and-260ml-mate-cups-set\/#breadcrumb\"},\"inLanguage\":\"es\",\"potentialAction\":[{\"@type\":\"ReadAction\",\"target\":[\"https:\/\/customizedwaterbottles.com\/product\/wholesale-1l-stainless-steel-water-bottle-and-260ml-mate-cups-set\/\"]}]},{\"@type\":\"ImageObject\",\"inLanguage\":\"es\",\"@id\":\"https:\/\/customizedwaterbottles.com\/product\/wholesale-1l-stainless-steel-water-bottle-and-260ml-mate-cups-set\/#primaryimage\",\"url\":\"https:\/\/customizedwaterbottles.com\/wp-content\/uploads\/2025\/07\/vacuum-flask-and-mate-mugs-4.webp\",\"contentUrl\":\"https:\/\/customizedwaterbottles.com\/wp-content\/uploads\/2025\/07\/vacuum-flask-and-mate-mugs-4.webp\",\"width\":1000,\"height\":1000},{\"@type\":\"BreadcrumbList\",\"@id\":\"https:\/\/customizedwaterbottles.com\/product\/wholesale-1l-stainless-steel-water-bottle-and-260ml-mate-cups-set\/#breadcrumb\",\"itemListElement\":[{\"@type\":\"ListItem\",\"position\":1,\"name\":\"Home\",\"item\":\"https:\/\/customizedwaterbottles.com\/\"},{\"@type\":\"ListItem\",\"position\":2,\"name\":\"Products\",\"item\":\"https:\/\/customizedwaterbottles.com\/wholesale-drinkware-manufacturer-water-bottles-tumblers\/\"},{\"@type\":\"ListItem\",\"position\":3,\"name\":\"Wholesale 1L Stainless Steel Water Bottle And 260ml Mate Cups Set 1081604M\"}]},{\"@type\":\"WebSite\",\"@id\":\"https:\/\/customizedwaterbottles.com\/#website\",\"url\":\"https:\/\/customizedwaterbottles.com\/\",\"name\":\"iFun\",\"description\":\"Water Bottles Stainless Steel Vacuum Flask\",\"potentialAction\":[{\"@type\":\"SearchAction\",\"target\":{\"@type\":\"EntryPoint\",\"urlTemplate\":\"https:\/\/customizedwaterbottles.com\/?s={search_term_string}\"},\"query-input\":{\"@type\":\"PropertyValueSpecification\",\"valueRequired\":true,\"valueName\":\"search_term_string\"}}],\"inLanguage\":\"es\"}]}<\/script>\n<!-- \/ Yoast SEO plugin. -->","yoast_head_json":{"title":"Wholesale 1L Stainless Steel Water Bottle And 260ml Mate Cups Set 1081604M - iFun","description":"Custom Wholesale Yerba Mate Natural Gourd\/Tea Cup Set Original Traditional 8oz Mate Cup And 1L Mate Thermos","robots":{"index":"index","follow":"follow","max-snippet":"max-snippet:-1","max-image-preview":"max-image-preview:large","max-video-preview":"max-video-preview:-1"},"canonical":"https:\/\/customizedwaterbottles.com\/es\/product\/wholesale-1l-stainless-steel-water-bottle-and-260ml-mate-cups-set\/","og_locale":"es_ES","og_type":"article","og_title":"Wholesale 1L Stainless Steel Water Bottle And 260ml Mate Cups Set 1081604M - iFun","og_description":"Custom Wholesale Yerba Mate Natural Gourd\/Tea Cup Set Original Traditional 8oz Mate Cup And 1L Mate Thermos","og_url":"https:\/\/customizedwaterbottles.com\/es\/product\/wholesale-1l-stainless-steel-water-bottle-and-260ml-mate-cups-set\/","og_site_name":"iFun","article_modified_time":"2025-07-11T06:19:15+00:00","og_image":[{"width":1000,"height":1000,"url":"https:\/\/customizedwaterbottles.com\/wp-content\/uploads\/2025\/07\/vacuum-flask-and-mate-mugs-4.webp","type":"image\/webp"}],"twitter_card":"summary_large_image","twitter_misc":{"Tiempo de lectura":"3 minutos"},"schema":{"@context":"https:\/\/schema.org","@graph":[{"@type":"WebPage","@id":"https:\/\/customizedwaterbottles.com\/product\/wholesale-1l-stainless-steel-water-bottle-and-260ml-mate-cups-set\/","url":"https:\/\/customizedwaterbottles.com\/product\/wholesale-1l-stainless-steel-water-bottle-and-260ml-mate-cups-set\/","name":"Wholesale 1L Stainless Steel Water Bottle And 260ml Mate Cups Set 1081604M - iFun","isPartOf":{"@id":"https:\/\/customizedwaterbottles.com\/#website"},"primaryImageOfPage":{"@id":"https:\/\/customizedwaterbottles.com\/product\/wholesale-1l-stainless-steel-water-bottle-and-260ml-mate-cups-set\/#primaryimage"},"image":{"@id":"https:\/\/customizedwaterbottles.com\/product\/wholesale-1l-stainless-steel-water-bottle-and-260ml-mate-cups-set\/#primaryimage"},"thumbnailUrl":"https:\/\/customizedwaterbottles.com\/wp-content\/uploads\/2025\/07\/vacuum-flask-and-mate-mugs-4.webp","datePublished":"2025-07-08T09:54:47+00:00","dateModified":"2025-07-11T06:19:15+00:00","description":"Custom Wholesale Yerba Mate Natural Gourd\/Tea Cup Set Original Traditional 8oz Mate Cup And 1L Mate Thermos","breadcrumb":{"@id":"https:\/\/customizedwaterbottles.com\/product\/wholesale-1l-stainless-steel-water-bottle-and-260ml-mate-cups-set\/#breadcrumb"},"inLanguage":"es","potentialAction":[{"@type":"ReadAction","target":["https:\/\/customizedwaterbottles.com\/product\/wholesale-1l-stainless-steel-water-bottle-and-260ml-mate-cups-set\/"]}]},{"@type":"ImageObject","inLanguage":"es","@id":"https:\/\/customizedwaterbottles.com\/product\/wholesale-1l-stainless-steel-water-bottle-and-260ml-mate-cups-set\/#primaryimage","url":"https:\/\/customizedwaterbottles.com\/wp-content\/uploads\/2025\/07\/vacuum-flask-and-mate-mugs-4.webp","contentUrl":"https:\/\/customizedwaterbottles.com\/wp-content\/uploads\/2025\/07\/vacuum-flask-and-mate-mugs-4.webp","width":1000,"height":1000},{"@type":"BreadcrumbList","@id":"https:\/\/customizedwaterbottles.com\/product\/wholesale-1l-stainless-steel-water-bottle-and-260ml-mate-cups-set\/#breadcrumb","itemListElement":[{"@type":"ListItem","position":1,"name":"Home","item":"https:\/\/customizedwaterbottles.com\/"},{"@type":"ListItem","position":2,"name":"Products","item":"https:\/\/customizedwaterbottles.com\/wholesale-drinkware-manufacturer-water-bottles-tumblers\/"},{"@type":"ListItem","position":3,"name":"Wholesale 1L Stainless Steel Water Bottle And 260ml Mate Cups Set 1081604M"}]},{"@type":"WebSite","@id":"https:\/\/customizedwaterbottles.com\/#website","url":"https:\/\/customizedwaterbottles.com\/","name":"iFun","description":"Water Bottles Stainless Steel Vacuum Flask","potentialAction":[{"@type":"SearchAction","target":{"@type":"EntryPoint","urlTemplate":"https:\/\/customizedwaterbottles.com\/?s={search_term_string}"},"query-input":{"@type":"PropertyValueSpecification","valueRequired":true,"valueName":"search_term_string"}}],"inLanguage":"es"}]}},"_links":{"self":[{"href":"https:\/\/customizedwaterbottles.com\/es\/wp-json\/wp\/v2\/product\/2634","targetHints":{"allow":["GET"]}}],"collection":[{"href":"https:\/\/customizedwaterbottles.com\/es\/wp-json\/wp\/v2\/product"}],"about":[{"href":"https:\/\/customizedwaterbottles.com\/es\/wp-json\/wp\/v2\/types\/product"}],"replies":[{"embeddable":true,"href":"https:\/\/customizedwaterbottles.com\/es\/wp-json\/wp\/v2\/comments?post=2634"}],"wp:featuredmedia":[{"embeddable":true,"href":"https:\/\/customizedwaterbottles.com\/es\/wp-json\/wp\/v2\/media\/2643"}],"wp:attachment":[{"href":"https:\/\/customizedwaterbottles.com\/es\/wp-json\/wp\/v2\/media?parent=2634"}],"wp:term":[{"taxonomy":"product_brand","embeddable":true,"href":"https:\/\/customizedwaterbottles.com\/es\/wp-json\/wp\/v2\/product_brand?post=2634"},{"taxonomy":"product_cat","embeddable":true,"href":"https:\/\/customizedwaterbottles.com\/es\/wp-json\/wp\/v2\/product_cat?post=2634"},{"taxonomy":"product_tag","embeddable":true,"href":"https:\/\/customizedwaterbottles.com\/es\/wp-json\/wp\/v2\/product_tag?post=2634"}],"curies":[{"name":"wp","href":"https:\/\/api.w.org\/{rel}","templated":true}]}}