{"id":2703,"date":"2025-07-11T03:05:02","date_gmt":"2025-07-11T03:05:02","guid":{"rendered":"https:\/\/customizedwaterbottles.com\/?post_type=product&#038;p=2703"},"modified":"2025-07-11T06:14:11","modified_gmt":"2025-07-11T06:14:11","slug":"factory-wholesale-1l-stainless-steel-matethermos-bottle-and-260ml-yerba-mate-cups-set","status":"publish","type":"product","link":"https:\/\/customizedwaterbottles.com\/es\/product\/factory-wholesale-1l-stainless-steel-matethermos-bottle-and-260ml-yerba-mate-cups-set\/","title":{"rendered":"Venta al por mayor de la f\u00e1brica 1L botella de acero inoxidable MateThermos y 260ml Yerba Mate Tazas Set 1081607M"},"content":{"rendered":"<table>\n<tbody>\n<tr>\n<td width=\"426\">Nombre del producto<\/td>\n<td width=\"426\">Venta al por mayor de la f\u00e1brica 1L botella de acero inoxidable MateThermos y 260ml Yerba Mate Tazas Set<\/td>\n<\/tr>\n<tr>\n<td width=\"426\">Capacidad<\/td>\n<td width=\"426\">8oz Stainless Steel Yerba Mate Set Complete Yerba Mate Kit Includes Mate Cup, Straw (Bombilla), 750ml Thermos<\/td>\n<\/tr>\n<tr>\n<td width=\"426\">Material<\/td>\n<td width=\"426\">Doble pared de acero inoxidable<\/td>\n<\/tr>\n<tr>\n<td width=\"426\">Color<\/td>\n<td width=\"426\">Pintura brillante, pintura mate, recubrimiento en polvo, etc.<\/td>\n<\/tr>\n<tr>\n<td width=\"426\">Logotipo<\/td>\n<td width=\"426\">Serigraf\u00eda, impresi\u00f3n por transferencia t\u00e9rmica, grabado por l\u00e1ser, transferencia por agua, etc.<\/td>\n<\/tr>\n<tr>\n<td width=\"426\">MOQ<\/td>\n<td width=\"426\">50 unidades<\/td>\n<\/tr>\n<tr>\n<td width=\"426\">Tiempo de muestreo<\/td>\n<td width=\"426\">3- 7 d\u00edas para dise\u00f1os personalizados<\/td>\n<\/tr>\n<tr>\n<td width=\"426\">Certificaci\u00f3n<\/td>\n<td width=\"426\">FDA, LFGB<\/td>\n<\/tr>\n<tr>\n<td width=\"426\">Embalaje<\/td>\n<td width=\"426\">Caja blanca, caja de color o caja con dise\u00f1o personalizado<\/td>\n<\/tr>\n<tr>\n<td width=\"426\">Capacidad de producci\u00f3n<\/td>\n<td width=\"426\">500.000 unidades al mes<\/td>\n<\/tr>\n<tr>\n<td width=\"426\">Plazo de entrega<\/td>\n<td width=\"426\">25- 35 d\u00edas para cantidades inferiores a 20.000 unidades<\/td>\n<\/tr>\n<\/tbody>\n<\/table>\n<h2><strong>\u00bfPor qu\u00e9 elegir al por mayor Yerba Mate Natural Juego de Taza de Mate Original Tradicional de 8oz?<\/strong><\/h2>\n<p><strong>1. Construcci\u00f3n de acero inoxidable 304 de alta calidad<\/strong><\/p>\n<p>Las tazas de t\u00e9 Ifun Stainless Steel Mate est\u00e1n fabricadas en acero inoxidable 304 apto para uso alimentario, lo que garantiza su durabilidad, f\u00e1cil limpieza y larga vida \u00fatil. La tapa sin BPA 100% garantiza una experiencia de consumo segura y saludable, libre de productos qu\u00edmicos nocivos.Fabricado en acero inoxidable de primera calidad, de grado de cocina que no absorbe olores ni manchas, reduce el uso de pl\u00e1stico y la exposici\u00f3n a micropl\u00e1sticos.<\/p>\n<p><strong>2. Se puede lavar en el lavavajillas, lo que facilita la limpieza.\u00a0<\/strong><\/p>\n<p>Esta boca ancha mejorada cuenta con gran capacidad de acero inoxidable aislado al vac\u00edo Vaso Mate Tazas de t\u00e9 con tapa y asa<\/p>\n<p><strong>3. Dise\u00f1o a prueba de fugas\u00a0<\/strong><\/p>\n<p>Ifun Vaso de Acero Inoxidable Aislado al Vac\u00edo Tazas de T\u00e9 Mate Con Tapa y Asa una tapa abatible contra derrames y fugas y la tapa no se abrir\u00e1 de golpe cuando se caiga.<\/p>\n<p><strong>4.<\/strong><strong>Exterior resistente a la intemperie<\/strong><\/p>\n<p>Nuestro termo con aislamiento al vac\u00edo no s\u00f3lo mantiene fr\u00edas las bebidas, sino que tambi\u00e9n mantiene seco el exterior. No tiene que preocuparse de que la condensaci\u00f3n de las bebidas fr\u00edas le moje las manos o la mesa.<\/p>\n<p><strong>6,15 a\u00f1os o m\u00e1s de experiencia en fabricaci\u00f3n<\/strong><\/p>\n<p>Ifun se dedica a la producci\u00f3n de bebidas desde hace m\u00e1s de 15 a\u00f1os. Nuestros productos incluyen vasos de acero inoxidable, botellas de agua con aislamiento al vac\u00edo, tazas de viaje, tazas t\u00e9rmicas, etc. Contamos con equipos profesionales para garantizar los productos de alta calidad.<\/p>\n<p>&nbsp;<\/p>\n<p><img decoding=\"async\" class=\"alignnone size-full wp-image-2709\" src=\"https:\/\/customizedwaterbottles.com\/wp-content\/uploads\/2025\/07\/Factory-Wholesale-1L-Stainless-Steel-MateThermos-Bottle-And-260ml-Yerba-Mate-Cups-Set-1.webp\" alt=\"\" width=\"800\" height=\"800\" srcset=\"https:\/\/customizedwaterbottles.com\/wp-content\/uploads\/2025\/07\/Factory-Wholesale-1L-Stainless-Steel-MateThermos-Bottle-And-260ml-Yerba-Mate-Cups-Set-1.webp 800w, https:\/\/customizedwaterbottles.com\/wp-content\/uploads\/2025\/07\/Factory-Wholesale-1L-Stainless-Steel-MateThermos-Bottle-And-260ml-Yerba-Mate-Cups-Set-1-768x768.webp 768w, https:\/\/customizedwaterbottles.com\/wp-content\/uploads\/2025\/07\/Factory-Wholesale-1L-Stainless-Steel-MateThermos-Bottle-And-260ml-Yerba-Mate-Cups-Set-1-300x300.webp 300w, https:\/\/customizedwaterbottles.com\/wp-content\/uploads\/2025\/07\/Factory-Wholesale-1L-Stainless-Steel-MateThermos-Bottle-And-260ml-Yerba-Mate-Cups-Set-1-600x600.webp 600w, https:\/\/customizedwaterbottles.com\/wp-content\/uploads\/2025\/07\/Factory-Wholesale-1L-Stainless-Steel-MateThermos-Bottle-And-260ml-Yerba-Mate-Cups-Set-1-100x100.webp 100w\" sizes=\"(max-width: 800px) 100vw, 800px\" \/> <img decoding=\"async\" class=\"alignnone size-medium wp-image-2710\" src=\"https:\/\/customizedwaterbottles.com\/wp-content\/uploads\/2025\/07\/Factory-Wholesale-1L-Stainless-Steel-MateThermos-Bottle-And-260ml-Yerba-Mate-Cups-Set-2.webp\" alt=\"\" width=\"800\" height=\"800\" srcset=\"https:\/\/customizedwaterbottles.com\/wp-content\/uploads\/2025\/07\/Factory-Wholesale-1L-Stainless-Steel-MateThermos-Bottle-And-260ml-Yerba-Mate-Cups-Set-2.webp 800w, https:\/\/customizedwaterbottles.com\/wp-content\/uploads\/2025\/07\/Factory-Wholesale-1L-Stainless-Steel-MateThermos-Bottle-And-260ml-Yerba-Mate-Cups-Set-2-768x768.webp 768w, https:\/\/customizedwaterbottles.com\/wp-content\/uploads\/2025\/07\/Factory-Wholesale-1L-Stainless-Steel-MateThermos-Bottle-And-260ml-Yerba-Mate-Cups-Set-2-300x300.webp 300w, https:\/\/customizedwaterbottles.com\/wp-content\/uploads\/2025\/07\/Factory-Wholesale-1L-Stainless-Steel-MateThermos-Bottle-And-260ml-Yerba-Mate-Cups-Set-2-600x600.webp 600w, https:\/\/customizedwaterbottles.com\/wp-content\/uploads\/2025\/07\/Factory-Wholesale-1L-Stainless-Steel-MateThermos-Bottle-And-260ml-Yerba-Mate-Cups-Set-2-100x100.webp 100w\" sizes=\"(max-width: 800px) 100vw, 800px\" \/> <img decoding=\"async\" class=\"alignnone size-medium wp-image-2711\" src=\"https:\/\/customizedwaterbottles.com\/wp-content\/uploads\/2025\/07\/Factory-Wholesale-1L-Stainless-Steel-MateThermos-Bottle-And-260ml-Yerba-Mate-Cups-Set-3.webp\" alt=\"\" width=\"800\" height=\"800\" srcset=\"https:\/\/customizedwaterbottles.com\/wp-content\/uploads\/2025\/07\/Factory-Wholesale-1L-Stainless-Steel-MateThermos-Bottle-And-260ml-Yerba-Mate-Cups-Set-3.webp 800w, https:\/\/customizedwaterbottles.com\/wp-content\/uploads\/2025\/07\/Factory-Wholesale-1L-Stainless-Steel-MateThermos-Bottle-And-260ml-Yerba-Mate-Cups-Set-3-768x768.webp 768w, https:\/\/customizedwaterbottles.com\/wp-content\/uploads\/2025\/07\/Factory-Wholesale-1L-Stainless-Steel-MateThermos-Bottle-And-260ml-Yerba-Mate-Cups-Set-3-300x300.webp 300w, https:\/\/customizedwaterbottles.com\/wp-content\/uploads\/2025\/07\/Factory-Wholesale-1L-Stainless-Steel-MateThermos-Bottle-And-260ml-Yerba-Mate-Cups-Set-3-600x600.webp 600w, https:\/\/customizedwaterbottles.com\/wp-content\/uploads\/2025\/07\/Factory-Wholesale-1L-Stainless-Steel-MateThermos-Bottle-And-260ml-Yerba-Mate-Cups-Set-3-100x100.webp 100w\" sizes=\"(max-width: 800px) 100vw, 800px\" \/> <img decoding=\"async\" class=\"alignnone size-medium wp-image-2712\" src=\"https:\/\/customizedwaterbottles.com\/wp-content\/uploads\/2025\/07\/Factory-Wholesale-1L-Stainless-Steel-MateThermos-Bottle-And-260ml-Yerba-Mate-Cups-Set-4.webp\" alt=\"\" width=\"800\" height=\"800\" srcset=\"https:\/\/customizedwaterbottles.com\/wp-content\/uploads\/2025\/07\/Factory-Wholesale-1L-Stainless-Steel-MateThermos-Bottle-And-260ml-Yerba-Mate-Cups-Set-4.webp 800w, https:\/\/customizedwaterbottles.com\/wp-content\/uploads\/2025\/07\/Factory-Wholesale-1L-Stainless-Steel-MateThermos-Bottle-And-260ml-Yerba-Mate-Cups-Set-4-768x768.webp 768w, https:\/\/customizedwaterbottles.com\/wp-content\/uploads\/2025\/07\/Factory-Wholesale-1L-Stainless-Steel-MateThermos-Bottle-And-260ml-Yerba-Mate-Cups-Set-4-300x300.webp 300w, https:\/\/customizedwaterbottles.com\/wp-content\/uploads\/2025\/07\/Factory-Wholesale-1L-Stainless-Steel-MateThermos-Bottle-And-260ml-Yerba-Mate-Cups-Set-4-600x600.webp 600w, https:\/\/customizedwaterbottles.com\/wp-content\/uploads\/2025\/07\/Factory-Wholesale-1L-Stainless-Steel-MateThermos-Bottle-And-260ml-Yerba-Mate-Cups-Set-4-100x100.webp 100w\" sizes=\"(max-width: 800px) 100vw, 800px\" \/> <img decoding=\"async\" class=\"alignnone size-medium wp-image-2713\" src=\"https:\/\/customizedwaterbottles.com\/wp-content\/uploads\/2025\/07\/Factory-Wholesale-1L-Stainless-Steel-MateThermos-Bottle-And-260ml-Yerba-Mate-Cups-Set-5.webp\" alt=\"\" width=\"800\" height=\"860\" srcset=\"https:\/\/customizedwaterbottles.com\/wp-content\/uploads\/2025\/07\/Factory-Wholesale-1L-Stainless-Steel-MateThermos-Bottle-And-260ml-Yerba-Mate-Cups-Set-5.webp 800w, https:\/\/customizedwaterbottles.com\/wp-content\/uploads\/2025\/07\/Factory-Wholesale-1L-Stainless-Steel-MateThermos-Bottle-And-260ml-Yerba-Mate-Cups-Set-5-768x826.webp 768w, https:\/\/customizedwaterbottles.com\/wp-content\/uploads\/2025\/07\/Factory-Wholesale-1L-Stainless-Steel-MateThermos-Bottle-And-260ml-Yerba-Mate-Cups-Set-5-600x645.webp 600w\" sizes=\"(max-width: 800px) 100vw, 800px\" \/><\/p>\n<p>&nbsp;<\/p>\n<p>&nbsp;<\/p>\n<p>&nbsp;<\/p>\n<div id=\"gtx-trans\" style=\"position: absolute; left: 358px; top: 660.32px;\">\n<div class=\"gtx-trans-icon\"><\/div>\n<\/div>","protected":false},"excerpt":{"rendered":"<h3><strong>Caracter\u00edsticas del producto:<\/strong><\/h3>\n<ul>\n<li><strong>Set de Yerba Mate de Acero Inoxidable Kit Completo de Yerba Mate:<\/strong><span class=\"a-list-item\">Para una experiencia aut\u00e9ntica, este set de yerba mate de alta calidad, funcional y ecol\u00f3gico proporciona todos los elementos necesarios para disfrutar de la tradicional bebida sudamericana, incluyendo Taza de Mate, Pajita (Bombilla), Termo de 750ml, convirti\u00e9ndolo en el regalo perfecto para entusiastas o principiantes que buscan sumergirse en la cultura y tradici\u00f3n de la yerba mate.<\/span><\/li>\n<li><strong>Mantiene calientes y fr\u00edas las bebidas a base de mate:<\/strong>\u00a0Ifun Yerba Mate Natural Juego de Taza de Calabaza\/T\u00e9 Taza de Mate Tradicional Original de 8oz utiliza aislamiento al vac\u00edo de doble capa para mantener sus bebidas favoritas durante 12 horas o 24 horas para bebidas fr\u00edas. El aislamiento al vac\u00edo reduce la transferencia de temperatura y evita quemaduras en las manos. La botella ideal para el uso diario.<\/li>\n<li><strong>Juego de Mate y Bombilla de Acero Inoxidable:<\/strong><span class=\"a-list-item\"> Este set de yerba mate incluye un mate ergon\u00f3mico de acero inoxidable y bombilla, con un acabado de pintura en polvo y el logotipo grabado. El dise\u00f1o duradero y elegante proporciona una aut\u00e9ntica experiencia de juego de mate y bombilla.<\/span><\/li>\n<li><span class=\"a-list-item\"><strong>Mate de acero inoxidable 1L Theomos<\/strong>: Termo de doble pared con tapa de bot\u00f3n, logo grabado y aislante que mantiene el agua caliente durante horas, permiti\u00e9ndote disfrutar de la yerba mate en cualquier momento con este set de mate.<\/span><\/li>\n<li><strong>Tapa a prueba de fugas y derrames:<\/strong> Cuenta con una tapa de rosca de precisi\u00f3n con un sello de silicona de calidad alimentaria. Este frasco de vac\u00edo evitar fugas, derrames o goteos, usted no necesita preocuparse cuando se viaja fuera.<\/li>\n<li><strong>Exterior a prueba de sudor:<\/strong>\u00a0La tecnolog\u00eda de aislamiento al vac\u00edo no s\u00f3lo mantiene la temperatura, sino que tambi\u00e9n garantiza que la superficie exterior permanezca sin condensaci\u00f3n. Se acabaron las manos, las bolsas y las superficies mojadas.<\/li>\n<li><strong>Apertura de boca ancha:<\/strong> Petaca aislante Ifun f\u00e1cil de llenar con l\u00edquidos o cubitos de hielo, se limpia sin esfuerzo con la mano o con un cepillo y permite beber c\u00f3modamente directamente de la petaca.<\/li>\n<li><strong>Asa de transporte integrada y segura:<\/strong> Dispone de un asa de transporte de acero inoxidable, resistente y ergon\u00f3mica, perfectamente unida a la tapa, que proporciona un agarre c\u00f3modo y fiable para facilitar su transporte.<\/li>\n<li><strong>Dise\u00f1o de f\u00e1cil limpieza:<\/strong> La boca ancha y el interior liso y no poroso de acero inoxidable 304 permiten una limpieza sin esfuerzo. Se lava f\u00e1cilmente a mano.<\/li>\n<li><strong>Disponible en varios tama\u00f1os: <\/strong>550 ml, 750 ml o personalizado.<\/li>\n<\/ul>\n<h3><strong>Servicios personalizados:<\/strong><\/h3>\n<ul>\n<li><strong>Logotipo y dise\u00f1o:<\/strong> Ifun Custom Logo Wholesale Vacuum Insulated Stainless Steel Tumbler Mate Tea Cups Set With Lid And Handle support custom your brand logo. Podemos hacer su logotipo y dise\u00f1o con serigraf\u00eda, grabado l\u00e1ser, transferencia de calor, impresi\u00f3n 3D, impresi\u00f3n UV etc..<\/li>\n<li><strong>Color:<\/strong> Los colores se pueden personalizar seg\u00fan el n\u00famero de color pantone, podemos hacerlo con acabado mate, pintura brillante, recubrimiento en polvo, etc.<\/li>\n<li><strong>Capacidad:<\/strong> Tenemos 8 oz de capacidad tambi\u00e9n podemos personalizar para usted.<\/li>\n<li><strong>Tapas: <\/strong>Disponemos de tapa con asa, tapa con pajita, tapa abatible, tapa de vaso para su elecci\u00f3n, el color se puede personalizar.<\/li>\n<li><strong>Paquete: <\/strong>Caja de color, caja blanca, caja de regalo, caja de cart\u00f3n marr\u00f3n, caja cil\u00edndrica, etc.<\/li>\n<\/ul>","protected":false},"featured_media":2714,"comment_status":"open","ping_status":"closed","template":"","meta":[],"product_brand":[],"product_cat":[28],"product_tag":[90,86,89,87],"class_list":{"0":"post-2703","1":"product","2":"type-product","3":"status-publish","4":"has-post-thumbnail","6":"product_cat-mate-cups","7":"product_tag-custom-wholesale-yerba-mate-natural-gourd","8":"product_tag-mate-cups-set","9":"product_tag-traditional-8oz-mate-cup","10":"product_tag-yerba-mate-cup-set","12":"first","13":"instock","14":"shipping-taxable","15":"product-type-simple"},"yoast_head":"<!-- This site is optimized with the Yoast SEO plugin v25.4 - https:\/\/yoast.com\/wordpress\/plugins\/seo\/ -->\n<title>Factory Wholesale 1L Stainless Steel MateThermos Bottle And 260ml Yerba Mate Cups Set 1081607M - iFun<\/title>\n<meta name=\"description\" content=\"Custom Wholesale Yerba Mate Natural Gourd\/Tea Cup Set Inclcuding Factory Wholesale 1L Stainless Steel MateThermos Bottle And 260ml Yerba Mate Cups Set\" \/>\n<meta name=\"robots\" content=\"index, follow, max-snippet:-1, max-image-preview:large, max-video-preview:-1\" \/>\n<link rel=\"canonical\" href=\"https:\/\/customizedwaterbottles.com\/es\/product\/factory-wholesale-1l-stainless-steel-matethermos-bottle-and-260ml-yerba-mate-cups-set\/\" \/>\n<meta property=\"og:locale\" content=\"es_ES\" \/>\n<meta property=\"og:type\" content=\"article\" \/>\n<meta property=\"og:title\" content=\"Factory Wholesale 1L Stainless Steel MateThermos Bottle And 260ml Yerba Mate Cups Set 1081607M - iFun\" \/>\n<meta property=\"og:description\" content=\"Custom Wholesale Yerba Mate Natural Gourd\/Tea Cup Set Inclcuding Factory Wholesale 1L Stainless Steel MateThermos Bottle And 260ml Yerba Mate Cups Set\" \/>\n<meta property=\"og:url\" content=\"https:\/\/customizedwaterbottles.com\/es\/product\/factory-wholesale-1l-stainless-steel-matethermos-bottle-and-260ml-yerba-mate-cups-set\/\" \/>\n<meta property=\"og:site_name\" content=\"iFun\" \/>\n<meta property=\"article:modified_time\" content=\"2025-07-11T06:14:11+00:00\" \/>\n<meta property=\"og:image\" content=\"https:\/\/customizedwaterbottles.com\/wp-content\/uploads\/2025\/07\/Factory-Wholesale-1L-Stainless-Steel-MateThermos-Bottle-And-260ml-Yerba-Mate-Cups-Set-4-1.webp\" \/>\n\t<meta property=\"og:image:width\" content=\"800\" \/>\n\t<meta property=\"og:image:height\" content=\"800\" \/>\n\t<meta property=\"og:image:type\" content=\"image\/webp\" \/>\n<meta name=\"twitter:card\" content=\"summary_large_image\" \/>\n<meta name=\"twitter:label1\" content=\"Tiempo de lectura\" \/>\n\t<meta name=\"twitter:data1\" content=\"3 minutos\" \/>\n<script type=\"application\/ld+json\" class=\"yoast-schema-graph\">{\"@context\":\"https:\/\/schema.org\",\"@graph\":[{\"@type\":\"WebPage\",\"@id\":\"https:\/\/customizedwaterbottles.com\/product\/factory-wholesale-1l-stainless-steel-matethermos-bottle-and-260ml-yerba-mate-cups-set\/\",\"url\":\"https:\/\/customizedwaterbottles.com\/product\/factory-wholesale-1l-stainless-steel-matethermos-bottle-and-260ml-yerba-mate-cups-set\/\",\"name\":\"Factory Wholesale 1L Stainless Steel MateThermos Bottle And 260ml Yerba Mate Cups Set 1081607M - iFun\",\"isPartOf\":{\"@id\":\"https:\/\/customizedwaterbottles.com\/#website\"},\"primaryImageOfPage\":{\"@id\":\"https:\/\/customizedwaterbottles.com\/product\/factory-wholesale-1l-stainless-steel-matethermos-bottle-and-260ml-yerba-mate-cups-set\/#primaryimage\"},\"image\":{\"@id\":\"https:\/\/customizedwaterbottles.com\/product\/factory-wholesale-1l-stainless-steel-matethermos-bottle-and-260ml-yerba-mate-cups-set\/#primaryimage\"},\"thumbnailUrl\":\"https:\/\/customizedwaterbottles.com\/wp-content\/uploads\/2025\/07\/Factory-Wholesale-1L-Stainless-Steel-MateThermos-Bottle-And-260ml-Yerba-Mate-Cups-Set-4-1.webp\",\"datePublished\":\"2025-07-11T03:05:02+00:00\",\"dateModified\":\"2025-07-11T06:14:11+00:00\",\"description\":\"Custom Wholesale Yerba Mate Natural Gourd\/Tea Cup Set Inclcuding Factory Wholesale 1L Stainless Steel MateThermos Bottle And 260ml Yerba Mate Cups Set\",\"breadcrumb\":{\"@id\":\"https:\/\/customizedwaterbottles.com\/product\/factory-wholesale-1l-stainless-steel-matethermos-bottle-and-260ml-yerba-mate-cups-set\/#breadcrumb\"},\"inLanguage\":\"es\",\"potentialAction\":[{\"@type\":\"ReadAction\",\"target\":[\"https:\/\/customizedwaterbottles.com\/product\/factory-wholesale-1l-stainless-steel-matethermos-bottle-and-260ml-yerba-mate-cups-set\/\"]}]},{\"@type\":\"ImageObject\",\"inLanguage\":\"es\",\"@id\":\"https:\/\/customizedwaterbottles.com\/product\/factory-wholesale-1l-stainless-steel-matethermos-bottle-and-260ml-yerba-mate-cups-set\/#primaryimage\",\"url\":\"https:\/\/customizedwaterbottles.com\/wp-content\/uploads\/2025\/07\/Factory-Wholesale-1L-Stainless-Steel-MateThermos-Bottle-And-260ml-Yerba-Mate-Cups-Set-4-1.webp\",\"contentUrl\":\"https:\/\/customizedwaterbottles.com\/wp-content\/uploads\/2025\/07\/Factory-Wholesale-1L-Stainless-Steel-MateThermos-Bottle-And-260ml-Yerba-Mate-Cups-Set-4-1.webp\",\"width\":800,\"height\":800},{\"@type\":\"BreadcrumbList\",\"@id\":\"https:\/\/customizedwaterbottles.com\/product\/factory-wholesale-1l-stainless-steel-matethermos-bottle-and-260ml-yerba-mate-cups-set\/#breadcrumb\",\"itemListElement\":[{\"@type\":\"ListItem\",\"position\":1,\"name\":\"Home\",\"item\":\"https:\/\/customizedwaterbottles.com\/\"},{\"@type\":\"ListItem\",\"position\":2,\"name\":\"Products\",\"item\":\"https:\/\/customizedwaterbottles.com\/wholesale-drinkware-manufacturer-water-bottles-tumblers\/\"},{\"@type\":\"ListItem\",\"position\":3,\"name\":\"Factory Wholesale 1L Stainless Steel MateThermos Bottle And 260ml Yerba Mate Cups Set 1081607M\"}]},{\"@type\":\"WebSite\",\"@id\":\"https:\/\/customizedwaterbottles.com\/#website\",\"url\":\"https:\/\/customizedwaterbottles.com\/\",\"name\":\"iFun\",\"description\":\"Water Bottles Stainless Steel Vacuum Flask\",\"potentialAction\":[{\"@type\":\"SearchAction\",\"target\":{\"@type\":\"EntryPoint\",\"urlTemplate\":\"https:\/\/customizedwaterbottles.com\/?s={search_term_string}\"},\"query-input\":{\"@type\":\"PropertyValueSpecification\",\"valueRequired\":true,\"valueName\":\"search_term_string\"}}],\"inLanguage\":\"es\"}]}<\/script>\n<!-- \/ Yoast SEO plugin. -->","yoast_head_json":{"title":"Factory Wholesale 1L Stainless Steel MateThermos Bottle And 260ml Yerba Mate Cups Set 1081607M - iFun","description":"Custom Wholesale Yerba Mate Natural Gourd\/Tea Cup Set Inclcuding Factory Wholesale 1L Stainless Steel MateThermos Bottle And 260ml Yerba Mate Cups Set","robots":{"index":"index","follow":"follow","max-snippet":"max-snippet:-1","max-image-preview":"max-image-preview:large","max-video-preview":"max-video-preview:-1"},"canonical":"https:\/\/customizedwaterbottles.com\/es\/product\/factory-wholesale-1l-stainless-steel-matethermos-bottle-and-260ml-yerba-mate-cups-set\/","og_locale":"es_ES","og_type":"article","og_title":"Factory Wholesale 1L Stainless Steel MateThermos Bottle And 260ml Yerba Mate Cups Set 1081607M - iFun","og_description":"Custom Wholesale Yerba Mate Natural Gourd\/Tea Cup Set Inclcuding Factory Wholesale 1L Stainless Steel MateThermos Bottle And 260ml Yerba Mate Cups Set","og_url":"https:\/\/customizedwaterbottles.com\/es\/product\/factory-wholesale-1l-stainless-steel-matethermos-bottle-and-260ml-yerba-mate-cups-set\/","og_site_name":"iFun","article_modified_time":"2025-07-11T06:14:11+00:00","og_image":[{"width":800,"height":800,"url":"https:\/\/customizedwaterbottles.com\/wp-content\/uploads\/2025\/07\/Factory-Wholesale-1L-Stainless-Steel-MateThermos-Bottle-And-260ml-Yerba-Mate-Cups-Set-4-1.webp","type":"image\/webp"}],"twitter_card":"summary_large_image","twitter_misc":{"Tiempo de lectura":"3 minutos"},"schema":{"@context":"https:\/\/schema.org","@graph":[{"@type":"WebPage","@id":"https:\/\/customizedwaterbottles.com\/product\/factory-wholesale-1l-stainless-steel-matethermos-bottle-and-260ml-yerba-mate-cups-set\/","url":"https:\/\/customizedwaterbottles.com\/product\/factory-wholesale-1l-stainless-steel-matethermos-bottle-and-260ml-yerba-mate-cups-set\/","name":"Factory Wholesale 1L Stainless Steel MateThermos Bottle And 260ml Yerba Mate Cups Set 1081607M - iFun","isPartOf":{"@id":"https:\/\/customizedwaterbottles.com\/#website"},"primaryImageOfPage":{"@id":"https:\/\/customizedwaterbottles.com\/product\/factory-wholesale-1l-stainless-steel-matethermos-bottle-and-260ml-yerba-mate-cups-set\/#primaryimage"},"image":{"@id":"https:\/\/customizedwaterbottles.com\/product\/factory-wholesale-1l-stainless-steel-matethermos-bottle-and-260ml-yerba-mate-cups-set\/#primaryimage"},"thumbnailUrl":"https:\/\/customizedwaterbottles.com\/wp-content\/uploads\/2025\/07\/Factory-Wholesale-1L-Stainless-Steel-MateThermos-Bottle-And-260ml-Yerba-Mate-Cups-Set-4-1.webp","datePublished":"2025-07-11T03:05:02+00:00","dateModified":"2025-07-11T06:14:11+00:00","description":"Custom Wholesale Yerba Mate Natural Gourd\/Tea Cup Set Inclcuding Factory Wholesale 1L Stainless Steel MateThermos Bottle And 260ml Yerba Mate Cups Set","breadcrumb":{"@id":"https:\/\/customizedwaterbottles.com\/product\/factory-wholesale-1l-stainless-steel-matethermos-bottle-and-260ml-yerba-mate-cups-set\/#breadcrumb"},"inLanguage":"es","potentialAction":[{"@type":"ReadAction","target":["https:\/\/customizedwaterbottles.com\/product\/factory-wholesale-1l-stainless-steel-matethermos-bottle-and-260ml-yerba-mate-cups-set\/"]}]},{"@type":"ImageObject","inLanguage":"es","@id":"https:\/\/customizedwaterbottles.com\/product\/factory-wholesale-1l-stainless-steel-matethermos-bottle-and-260ml-yerba-mate-cups-set\/#primaryimage","url":"https:\/\/customizedwaterbottles.com\/wp-content\/uploads\/2025\/07\/Factory-Wholesale-1L-Stainless-Steel-MateThermos-Bottle-And-260ml-Yerba-Mate-Cups-Set-4-1.webp","contentUrl":"https:\/\/customizedwaterbottles.com\/wp-content\/uploads\/2025\/07\/Factory-Wholesale-1L-Stainless-Steel-MateThermos-Bottle-And-260ml-Yerba-Mate-Cups-Set-4-1.webp","width":800,"height":800},{"@type":"BreadcrumbList","@id":"https:\/\/customizedwaterbottles.com\/product\/factory-wholesale-1l-stainless-steel-matethermos-bottle-and-260ml-yerba-mate-cups-set\/#breadcrumb","itemListElement":[{"@type":"ListItem","position":1,"name":"Home","item":"https:\/\/customizedwaterbottles.com\/"},{"@type":"ListItem","position":2,"name":"Products","item":"https:\/\/customizedwaterbottles.com\/wholesale-drinkware-manufacturer-water-bottles-tumblers\/"},{"@type":"ListItem","position":3,"name":"Factory Wholesale 1L Stainless Steel MateThermos Bottle And 260ml Yerba Mate Cups Set 1081607M"}]},{"@type":"WebSite","@id":"https:\/\/customizedwaterbottles.com\/#website","url":"https:\/\/customizedwaterbottles.com\/","name":"iFun","description":"Water Bottles Stainless Steel Vacuum Flask","potentialAction":[{"@type":"SearchAction","target":{"@type":"EntryPoint","urlTemplate":"https:\/\/customizedwaterbottles.com\/?s={search_term_string}"},"query-input":{"@type":"PropertyValueSpecification","valueRequired":true,"valueName":"search_term_string"}}],"inLanguage":"es"}]}},"_links":{"self":[{"href":"https:\/\/customizedwaterbottles.com\/es\/wp-json\/wp\/v2\/product\/2703","targetHints":{"allow":["GET"]}}],"collection":[{"href":"https:\/\/customizedwaterbottles.com\/es\/wp-json\/wp\/v2\/product"}],"about":[{"href":"https:\/\/customizedwaterbottles.com\/es\/wp-json\/wp\/v2\/types\/product"}],"replies":[{"embeddable":true,"href":"https:\/\/customizedwaterbottles.com\/es\/wp-json\/wp\/v2\/comments?post=2703"}],"wp:featuredmedia":[{"embeddable":true,"href":"https:\/\/customizedwaterbottles.com\/es\/wp-json\/wp\/v2\/media\/2714"}],"wp:attachment":[{"href":"https:\/\/customizedwaterbottles.com\/es\/wp-json\/wp\/v2\/media?parent=2703"}],"wp:term":[{"taxonomy":"product_brand","embeddable":true,"href":"https:\/\/customizedwaterbottles.com\/es\/wp-json\/wp\/v2\/product_brand?post=2703"},{"taxonomy":"product_cat","embeddable":true,"href":"https:\/\/customizedwaterbottles.com\/es\/wp-json\/wp\/v2\/product_cat?post=2703"},{"taxonomy":"product_tag","embeddable":true,"href":"https:\/\/customizedwaterbottles.com\/es\/wp-json\/wp\/v2\/product_tag?post=2703"}],"curies":[{"name":"wp","href":"https:\/\/api.w.org\/{rel}","templated":true}]}}