{"id":2827,"date":"2025-07-12T08:51:22","date_gmt":"2025-07-12T08:51:22","guid":{"rendered":"https:\/\/customizedwaterbottles.com\/?post_type=product&#038;p=2827"},"modified":"2025-07-12T10:13:00","modified_gmt":"2025-07-12T10:13:00","slug":"ifun-premium-stainless-steel-yerba-container-with-spout","status":"publish","type":"product","link":"https:\/\/customizedwaterbottles.com\/es\/product\/ifun-premium-stainless-steel-yerba-container-with-spout\/","title":{"rendered":"Mayorista Yerbero Recipiente para Yerba con Pitorro Recipiente de Acero Inoxidable Tapa Vertedora Taza para Mate F\u00e1cil de Llenar 1081610M"},"content":{"rendered":"<table>\n<tbody>\n<tr>\n<td width=\"426\">Nombre del producto<\/td>\n<td width=\"426\">OEM Mayorista Yerbero Recipiente de Yerba con Pitorro Recipiente de Acero Inoxidable Tapa Vertedora Taza de Mate F\u00e1cil de Llenar<\/td>\n<\/tr>\n<tr>\n<td width=\"426\">Capacidad<\/td>\n<td width=\"426\">8 onzas<\/td>\n<\/tr>\n<tr>\n<td width=\"426\">Material<\/td>\n<td width=\"426\">Doble pared de acero inoxidable<\/td>\n<\/tr>\n<tr>\n<td width=\"426\">Color<\/td>\n<td width=\"426\">Pintura brillante, pintura mate, recubrimiento en polvo, etc.<\/td>\n<\/tr>\n<tr>\n<td width=\"426\">Logotipo<\/td>\n<td width=\"426\">Serigraf\u00eda, impresi\u00f3n por transferencia t\u00e9rmica, grabado por l\u00e1ser, transferencia por agua, etc.<\/td>\n<\/tr>\n<tr>\n<td width=\"426\">MOQ<\/td>\n<td width=\"426\">50 unidades<\/td>\n<\/tr>\n<tr>\n<td width=\"426\">Tiempo de muestreo<\/td>\n<td width=\"426\">3- 7 d\u00edas para dise\u00f1os personalizados<\/td>\n<\/tr>\n<tr>\n<td width=\"426\">Certificaci\u00f3n<\/td>\n<td width=\"426\">FDA, LFGB<\/td>\n<\/tr>\n<tr>\n<td width=\"426\">Embalaje<\/td>\n<td width=\"426\">Caja blanca, caja de color o caja con dise\u00f1o personalizado<\/td>\n<\/tr>\n<tr>\n<td width=\"426\">Capacidad de producci\u00f3n<\/td>\n<td width=\"426\">500.000 unidades al mes<\/td>\n<\/tr>\n<tr>\n<td width=\"426\">Plazo de entrega<\/td>\n<td width=\"426\">25- 35 d\u00edas para cantidades inferiores a 20.000 unidades<\/td>\n<\/tr>\n<\/tbody>\n<\/table>\n<h2><strong>\u00bfPor qu\u00e9 elegir al por mayor Yerbero Recipiente para Yerba con Pitorro Recipiente de Acero Inoxidable Tapa Vertedora Taza para Mate de F\u00e1cil Llenado?<\/strong><\/h2>\n<ol start=\"1\">\n<li>\n<p class=\"ds-markdown-paragraph\"><strong>Construcci\u00f3n exclusiva IFUN en acero inoxidable 304<\/strong><br \/>\nSin rival en el mercado Nuestro interior de acero inoxidable 304 de calidad alimentaria\u00a0<em>y<\/em>\u00a0El exterior es resistente al \u00f3xido, las abolladuras y las manchas, lo que garantiza una larga vida \u00fatil y la pureza del sabor.<\/p>\n<\/li>\n<li>\n<p class=\"ds-markdown-paragraph\"><strong>Embalaje Premium listo para regalo<\/strong><br \/>\nPresentado en una caja de lujo, el\u00a0<strong>IFUN Yerbero<\/strong>\u00a0es el\u00a0<em>regalo ideal para todo amante del mate<\/em>. Sorpr\u00e9ndales con un valor inigualable que s\u00f3lo ofrece IFUN.<\/p>\n<\/li>\n<li>\n<p class=\"ds-markdown-paragraph\"><strong>Gran capacidad perfecta (900 ml)<\/strong><br \/>\n\u00a1Dise\u00f1ado por expertos en mate de IFUN! Con capacidad para 30oz de yerba. Dimensiones:\u00a0<strong>9,1 cm de profundidad x 16,2 cm de altura (3,5\u2033 x 6,3\u2033)<\/strong>\u00a0- ideal para casa, la oficina o de viaje.<\/p>\n<\/li>\n<li>\n<p class=\"ds-markdown-paragraph\"><strong>Boquilla para preparar y servir el mate sin esfuerzo<\/strong><br \/>\nLa tapa a prueba de fugas de IFUN cuenta con una boquilla de precisi\u00f3n que simplifica los rituales de mate diarios al verter sin complicaciones directamente en tazas o calabazas.<\/p>\n<\/li>\n<li>\n<p class=\"ds-markdown-paragraph\"><strong>Multiusos y frescura sostenible<\/strong><br \/>\nM\u00e1s all\u00e1 de la yerba: Almacena perfectamente harina, caf\u00e9, arroz, pasta, frutos secos y aperitivos secos. IFUN garantiza 100% alimentos seguros, materiales respetuosos del medio ambiente y la satisfacci\u00f3n.<\/p>\n<\/li>\n<li><strong>M\u00e1s de 15 a\u00f1os de experiencia en fabricaci\u00f3n<\/strong>Ifun se dedica a la producci\u00f3n de bebidas desde hace m\u00e1s de 15 a\u00f1os. Nuestros productos incluyen vasos de acero inoxidable, botellas de agua con aislamiento al vac\u00edo, tazas de viaje, tazas t\u00e9rmicas, etc. Contamos con equipos profesionales para garantizar los productos de alta calidad.<\/li>\n<\/ol>\n<p class=\"ds-markdown-paragraph\"><strong>\u00bfPOR QU\u00c9 ELEGIR IFUN?<\/strong><\/p>\n<p class=\"ds-markdown-paragraph\"><em>\"Nadie te aporta m\u00e1s valor que IFUN\".<\/em><\/p>\n<p class=\"ds-markdown-paragraph\"><strong>Satisfacci\u00f3n garantizada:<\/strong>\u00a0P\u00f3ngase en contacto con nosotros para obtener soluciones sin complicaciones: \u00a1su felicidad es la prioridad de IFUN!<\/p>\n<p><img decoding=\"async\" class=\"alignnone size-medium wp-image-2829\" src=\"https:\/\/customizedwaterbottles.com\/wp-content\/uploads\/2025\/07\/BALIBETOV-Yerba-Container-with-Spout-2.webp\" alt=\"\" width=\"679\" height=\"679\" srcset=\"https:\/\/customizedwaterbottles.com\/wp-content\/uploads\/2025\/07\/BALIBETOV-Yerba-Container-with-Spout-2.webp 679w, https:\/\/customizedwaterbottles.com\/wp-content\/uploads\/2025\/07\/BALIBETOV-Yerba-Container-with-Spout-2-300x300.webp 300w, https:\/\/customizedwaterbottles.com\/wp-content\/uploads\/2025\/07\/BALIBETOV-Yerba-Container-with-Spout-2-600x600.webp 600w, https:\/\/customizedwaterbottles.com\/wp-content\/uploads\/2025\/07\/BALIBETOV-Yerba-Container-with-Spout-2-100x100.webp 100w\" sizes=\"(max-width: 679px) 100vw, 679px\" \/><\/p>\n<p><img decoding=\"async\" class=\"alignnone size-medium wp-image-2834\" src=\"https:\/\/customizedwaterbottles.com\/wp-content\/uploads\/2025\/07\/BALIBETOV-Yerba-Container-with-Spout-9.webp\" alt=\"\" width=\"800\" height=\"800\" srcset=\"https:\/\/customizedwaterbottles.com\/wp-content\/uploads\/2025\/07\/BALIBETOV-Yerba-Container-with-Spout-9.webp 800w, https:\/\/customizedwaterbottles.com\/wp-content\/uploads\/2025\/07\/BALIBETOV-Yerba-Container-with-Spout-9-768x768.webp 768w, https:\/\/customizedwaterbottles.com\/wp-content\/uploads\/2025\/07\/BALIBETOV-Yerba-Container-with-Spout-9-300x300.webp 300w, https:\/\/customizedwaterbottles.com\/wp-content\/uploads\/2025\/07\/BALIBETOV-Yerba-Container-with-Spout-9-600x600.webp 600w, https:\/\/customizedwaterbottles.com\/wp-content\/uploads\/2025\/07\/BALIBETOV-Yerba-Container-with-Spout-9-100x100.webp 100w\" sizes=\"(max-width: 800px) 100vw, 800px\" \/><\/p>\n<p><img decoding=\"async\" class=\"alignnone size-medium wp-image-2831\" src=\"https:\/\/customizedwaterbottles.com\/wp-content\/uploads\/2025\/07\/BALIBETOV-Yerba-Container-with-Spout-4.webp\" alt=\"\" width=\"679\" height=\"679\" srcset=\"https:\/\/customizedwaterbottles.com\/wp-content\/uploads\/2025\/07\/BALIBETOV-Yerba-Container-with-Spout-4.webp 679w, https:\/\/customizedwaterbottles.com\/wp-content\/uploads\/2025\/07\/BALIBETOV-Yerba-Container-with-Spout-4-300x300.webp 300w, https:\/\/customizedwaterbottles.com\/wp-content\/uploads\/2025\/07\/BALIBETOV-Yerba-Container-with-Spout-4-600x600.webp 600w, https:\/\/customizedwaterbottles.com\/wp-content\/uploads\/2025\/07\/BALIBETOV-Yerba-Container-with-Spout-4-100x100.webp 100w\" sizes=\"(max-width: 679px) 100vw, 679px\" \/> <img decoding=\"async\" class=\"alignnone size-medium wp-image-2832\" src=\"https:\/\/customizedwaterbottles.com\/wp-content\/uploads\/2025\/07\/BALIBETOV-Yerba-Container-with-Spout-5.webp\" alt=\"\" width=\"679\" height=\"679\" srcset=\"https:\/\/customizedwaterbottles.com\/wp-content\/uploads\/2025\/07\/BALIBETOV-Yerba-Container-with-Spout-5.webp 679w, https:\/\/customizedwaterbottles.com\/wp-content\/uploads\/2025\/07\/BALIBETOV-Yerba-Container-with-Spout-5-300x300.webp 300w, https:\/\/customizedwaterbottles.com\/wp-content\/uploads\/2025\/07\/BALIBETOV-Yerba-Container-with-Spout-5-600x600.webp 600w, https:\/\/customizedwaterbottles.com\/wp-content\/uploads\/2025\/07\/BALIBETOV-Yerba-Container-with-Spout-5-100x100.webp 100w\" sizes=\"(max-width: 679px) 100vw, 679px\" \/> <img decoding=\"async\" class=\"alignnone size-medium wp-image-2833\" src=\"https:\/\/customizedwaterbottles.com\/wp-content\/uploads\/2025\/07\/BALIBETOV-Yerba-Container-with-Spout-7.webp\" alt=\"\" width=\"800\" height=\"800\" srcset=\"https:\/\/customizedwaterbottles.com\/wp-content\/uploads\/2025\/07\/BALIBETOV-Yerba-Container-with-Spout-7.webp 800w, https:\/\/customizedwaterbottles.com\/wp-content\/uploads\/2025\/07\/BALIBETOV-Yerba-Container-with-Spout-7-768x768.webp 768w, https:\/\/customizedwaterbottles.com\/wp-content\/uploads\/2025\/07\/BALIBETOV-Yerba-Container-with-Spout-7-300x300.webp 300w, https:\/\/customizedwaterbottles.com\/wp-content\/uploads\/2025\/07\/BALIBETOV-Yerba-Container-with-Spout-7-600x600.webp 600w, https:\/\/customizedwaterbottles.com\/wp-content\/uploads\/2025\/07\/BALIBETOV-Yerba-Container-with-Spout-7-100x100.webp 100w\" sizes=\"(max-width: 800px) 100vw, 800px\" \/> <img decoding=\"async\" class=\"alignnone wp-image-2830\" src=\"https:\/\/customizedwaterbottles.com\/wp-content\/uploads\/2025\/07\/BALIBETOV-Yerba-Container-with-Spout-3.webp\" alt=\"\" width=\"688\" height=\"688\" srcset=\"https:\/\/customizedwaterbottles.com\/wp-content\/uploads\/2025\/07\/BALIBETOV-Yerba-Container-with-Spout-3.webp 1080w, https:\/\/customizedwaterbottles.com\/wp-content\/uploads\/2025\/07\/BALIBETOV-Yerba-Container-with-Spout-3-1024x1024.webp 1024w, https:\/\/customizedwaterbottles.com\/wp-content\/uploads\/2025\/07\/BALIBETOV-Yerba-Container-with-Spout-3-768x768.webp 768w, https:\/\/customizedwaterbottles.com\/wp-content\/uploads\/2025\/07\/BALIBETOV-Yerba-Container-with-Spout-3-300x300.webp 300w, https:\/\/customizedwaterbottles.com\/wp-content\/uploads\/2025\/07\/BALIBETOV-Yerba-Container-with-Spout-3-600x600.webp 600w, https:\/\/customizedwaterbottles.com\/wp-content\/uploads\/2025\/07\/BALIBETOV-Yerba-Container-with-Spout-3-100x100.webp 100w\" sizes=\"(max-width: 688px) 100vw, 688px\" \/><\/p>\n<p>&nbsp;<\/p>\n<p>&nbsp;<\/p>\n<p>&nbsp;<\/p>\n<p>&nbsp;<\/p>\n<p>&nbsp;<\/p>","protected":false},"excerpt":{"rendered":"<h3><strong>Caracter\u00edsticas del producto:<\/strong><\/h3>\n<ul>\n<li>\n<p class=\"ds-markdown-paragraph\"><strong>Construcci\u00f3n de acero inoxidable de primera calidad:<\/strong>\u00a0Fabricado en acero inoxidable de calidad alimentaria, este recipiente para yerba resiste el \u00f3xido, la corrosi\u00f3n y las manchas. Garantiza una higiene duradera y preserva la integridad del sabor de la yerba mate, por lo que es ideal para uso comercial de gran volumen.<\/p>\n<\/li>\n<li>\n<p class=\"ds-markdown-paragraph\"><strong>Vertedor y tapa de precisi\u00f3n:<\/strong>\u00a0El pico y la tapa de vertido integrados y especialmente dise\u00f1ados ofrecen un control perfecto y un vertido limpio y sin ensuciar. Dispense f\u00e1cilmente yerba mate directamente en calabazas o tazas de mate sin derrames ni residuos.<\/p>\n<\/li>\n<li>\n<p class=\"ds-markdown-paragraph\"><strong>Llenado de tazas de mate sin esfuerzo:<\/strong>\u00a0Dise\u00f1ado espec\u00edficamente para llenar vasos de mate, el dise\u00f1o ergon\u00f3mico y la boquilla lisa permiten un porcionado r\u00e1pido, f\u00e1cil y preciso. Agilice el servicio en cafeter\u00edas, restaurantes o durante eventos.<\/p>\n<\/li>\n<li>\n<p class=\"ds-markdown-paragraph\"><strong>Frescura \u00f3ptima de la Yerba Mate:<\/strong>\u00a0La tapa de vertido segura y herm\u00e9tica sella eficazmente el envase, protegiendo la yerba mate a granel de la humedad, el aire y los contaminantes. Esto mantiene la frescura \u00f3ptima, aroma y sabor durante largos per\u00edodos.<\/p>\n<\/li>\n<li>\n<p class=\"ds-markdown-paragraph\"><strong>Durabilidad y valor de calidad comercial:<\/strong>\u00a0Fabricada para uso mayorista y frecuente, su robusto cuerpo de acero inoxidable resiste el manejo diario en entornos exigentes. Ofrece a las empresas un valor excepcional a largo plazo, fiabilidad y un aspecto profesional.<\/p>\n<\/li>\n<\/ul>\n<p><!--more--><\/p>\n<p><!--more--><\/p>\n<p><!--more--><\/p>\n<h3><strong>Servicios personalizados:<\/strong><\/h3>\n<ul>\n<li><strong>Logotipo y dise\u00f1o:<\/strong> Ifun Venta al por mayor Yerbero Contenedor de Yerba con Pico Contenedor de Acero Inoxidable Tapa Vertedora F\u00e1cil Llenado Taza Mate soporte personalizado su logotipo de marca. Podemos hacer su logotipo y dise\u00f1o con serigraf\u00eda, grabado l\u00e1ser, transferencia de calor, impresi\u00f3n 3D, impresi\u00f3n UV, etc.<\/li>\n<li><strong>Color:<\/strong> Los colores se pueden personalizar seg\u00fan el n\u00famero de color pantone, podemos hacerlo con acabado mate, pintura brillante, recubrimiento en polvo, etc.<\/li>\n<li><strong>Capacidad:<\/strong> Tenemos 8 oz de capacidad tambi\u00e9n podemos personalizar para usted.<\/li>\n<li><strong>Tapas: <\/strong>Disponemos de tapa con asa, tapa con pajita, tapa abatible, tapa de vaso para su elecci\u00f3n, el color se puede personalizar.<\/li>\n<li><strong>Paquete: <\/strong>Caja de color, caja blanca, caja de regalo, caja de cart\u00f3n marr\u00f3n, caja cil\u00edndrica, etc.<\/li>\n<\/ul>","protected":false},"featured_media":2835,"comment_status":"open","ping_status":"closed","template":"","meta":[],"product_brand":[],"product_cat":[28],"product_tag":[100,101,102],"class_list":{"0":"post-2827","1":"product","2":"type-product","3":"status-publish","4":"has-post-thumbnail","6":"product_cat-mate-cups","7":"product_tag-balibetov-yerbero-yerba-container-with-spout","8":"product_tag-yerba-container-with-spout","9":"product_tag-yerba-mate-container-with-spout","11":"first","12":"instock","13":"shipping-taxable","14":"product-type-simple"},"yoast_head":"<!-- This site is optimized with the Yoast SEO plugin v25.4 - https:\/\/yoast.com\/wordpress\/plugins\/seo\/ -->\n<title>Wholesale Yerbero Yerba Container with Spout Stainless Steel Container Pouring Lid Easy Filling Mate Cup 1081610M - iFun<\/title>\n<meta name=\"description\" content=\"Keep yerba mate ultra-fresh with IFUN&#039;s premium 304 stainless steel yerba container! Features a precision spout for easy pouring, large 900ml capacity &amp; gift-ready packaging. Airtight storage for mate, coffee &amp; dry foods. Satisfaction guaranteed\" \/>\n<meta name=\"robots\" content=\"index, follow, max-snippet:-1, max-image-preview:large, max-video-preview:-1\" \/>\n<link rel=\"canonical\" href=\"https:\/\/customizedwaterbottles.com\/es\/product\/ifun-premium-stainless-steel-yerba-container-with-spout\/\" \/>\n<meta property=\"og:locale\" content=\"es_ES\" \/>\n<meta property=\"og:type\" content=\"article\" \/>\n<meta property=\"og:title\" content=\"Wholesale Yerbero Yerba Container with Spout Stainless Steel Container Pouring Lid Easy Filling Mate Cup 1081610M - iFun\" \/>\n<meta property=\"og:description\" content=\"Keep yerba mate ultra-fresh with IFUN&#039;s premium 304 stainless steel yerba container! Features a precision spout for easy pouring, large 900ml capacity &amp; gift-ready packaging. Airtight storage for mate, coffee &amp; dry foods. Satisfaction guaranteed\" \/>\n<meta property=\"og:url\" content=\"https:\/\/customizedwaterbottles.com\/es\/product\/ifun-premium-stainless-steel-yerba-container-with-spout\/\" \/>\n<meta property=\"og:site_name\" content=\"iFun\" \/>\n<meta property=\"article:modified_time\" content=\"2025-07-12T10:13:00+00:00\" \/>\n<meta property=\"og:image\" content=\"https:\/\/customizedwaterbottles.com\/wp-content\/uploads\/2025\/07\/BALIBETOV-Yerba-Container-with-Spout-1-1.webp\" \/>\n\t<meta property=\"og:image:width\" content=\"640\" \/>\n\t<meta property=\"og:image:height\" content=\"640\" \/>\n\t<meta property=\"og:image:type\" content=\"image\/webp\" \/>\n<meta name=\"twitter:card\" content=\"summary_large_image\" \/>\n<meta name=\"twitter:label1\" content=\"Tiempo de lectura\" \/>\n\t<meta name=\"twitter:data1\" content=\"3 minutos\" \/>\n<script type=\"application\/ld+json\" class=\"yoast-schema-graph\">{\"@context\":\"https:\/\/schema.org\",\"@graph\":[{\"@type\":\"WebPage\",\"@id\":\"https:\/\/customizedwaterbottles.com\/product\/ifun-premium-stainless-steel-yerba-container-with-spout\/\",\"url\":\"https:\/\/customizedwaterbottles.com\/product\/ifun-premium-stainless-steel-yerba-container-with-spout\/\",\"name\":\"Wholesale Yerbero Yerba Container with Spout Stainless Steel Container Pouring Lid Easy Filling Mate Cup 1081610M - iFun\",\"isPartOf\":{\"@id\":\"https:\/\/customizedwaterbottles.com\/#website\"},\"primaryImageOfPage\":{\"@id\":\"https:\/\/customizedwaterbottles.com\/product\/ifun-premium-stainless-steel-yerba-container-with-spout\/#primaryimage\"},\"image\":{\"@id\":\"https:\/\/customizedwaterbottles.com\/product\/ifun-premium-stainless-steel-yerba-container-with-spout\/#primaryimage\"},\"thumbnailUrl\":\"https:\/\/customizedwaterbottles.com\/wp-content\/uploads\/2025\/07\/BALIBETOV-Yerba-Container-with-Spout-1-1.webp\",\"datePublished\":\"2025-07-12T08:51:22+00:00\",\"dateModified\":\"2025-07-12T10:13:00+00:00\",\"description\":\"Keep yerba mate ultra-fresh with IFUN's premium 304 stainless steel yerba container! Features a precision spout for easy pouring, large 900ml capacity & gift-ready packaging. Airtight storage for mate, coffee & dry foods. Satisfaction guaranteed\",\"breadcrumb\":{\"@id\":\"https:\/\/customizedwaterbottles.com\/product\/ifun-premium-stainless-steel-yerba-container-with-spout\/#breadcrumb\"},\"inLanguage\":\"es\",\"potentialAction\":[{\"@type\":\"ReadAction\",\"target\":[\"https:\/\/customizedwaterbottles.com\/product\/ifun-premium-stainless-steel-yerba-container-with-spout\/\"]}]},{\"@type\":\"ImageObject\",\"inLanguage\":\"es\",\"@id\":\"https:\/\/customizedwaterbottles.com\/product\/ifun-premium-stainless-steel-yerba-container-with-spout\/#primaryimage\",\"url\":\"https:\/\/customizedwaterbottles.com\/wp-content\/uploads\/2025\/07\/BALIBETOV-Yerba-Container-with-Spout-1-1.webp\",\"contentUrl\":\"https:\/\/customizedwaterbottles.com\/wp-content\/uploads\/2025\/07\/BALIBETOV-Yerba-Container-with-Spout-1-1.webp\",\"width\":640,\"height\":640},{\"@type\":\"BreadcrumbList\",\"@id\":\"https:\/\/customizedwaterbottles.com\/product\/ifun-premium-stainless-steel-yerba-container-with-spout\/#breadcrumb\",\"itemListElement\":[{\"@type\":\"ListItem\",\"position\":1,\"name\":\"Home\",\"item\":\"https:\/\/customizedwaterbottles.com\/\"},{\"@type\":\"ListItem\",\"position\":2,\"name\":\"Products\",\"item\":\"https:\/\/customizedwaterbottles.com\/wholesale-drinkware-manufacturer-water-bottles-tumblers\/\"},{\"@type\":\"ListItem\",\"position\":3,\"name\":\"Wholesale Yerbero Yerba Container with Spout Stainless Steel Container Pouring Lid Easy Filling Mate Cup 1081610M\"}]},{\"@type\":\"WebSite\",\"@id\":\"https:\/\/customizedwaterbottles.com\/#website\",\"url\":\"https:\/\/customizedwaterbottles.com\/\",\"name\":\"iFun\",\"description\":\"Water Bottles Stainless Steel Vacuum Flask\",\"potentialAction\":[{\"@type\":\"SearchAction\",\"target\":{\"@type\":\"EntryPoint\",\"urlTemplate\":\"https:\/\/customizedwaterbottles.com\/?s={search_term_string}\"},\"query-input\":{\"@type\":\"PropertyValueSpecification\",\"valueRequired\":true,\"valueName\":\"search_term_string\"}}],\"inLanguage\":\"es\"}]}<\/script>\n<!-- \/ Yoast SEO plugin. -->","yoast_head_json":{"title":"Wholesale Yerbero Yerba Container with Spout Stainless Steel Container Pouring Lid Easy Filling Mate Cup 1081610M - iFun","description":"Keep yerba mate ultra-fresh with IFUN's premium 304 stainless steel yerba container! Features a precision spout for easy pouring, large 900ml capacity & gift-ready packaging. Airtight storage for mate, coffee & dry foods. Satisfaction guaranteed","robots":{"index":"index","follow":"follow","max-snippet":"max-snippet:-1","max-image-preview":"max-image-preview:large","max-video-preview":"max-video-preview:-1"},"canonical":"https:\/\/customizedwaterbottles.com\/es\/product\/ifun-premium-stainless-steel-yerba-container-with-spout\/","og_locale":"es_ES","og_type":"article","og_title":"Wholesale Yerbero Yerba Container with Spout Stainless Steel Container Pouring Lid Easy Filling Mate Cup 1081610M - iFun","og_description":"Keep yerba mate ultra-fresh with IFUN's premium 304 stainless steel yerba container! Features a precision spout for easy pouring, large 900ml capacity & gift-ready packaging. Airtight storage for mate, coffee & dry foods. Satisfaction guaranteed","og_url":"https:\/\/customizedwaterbottles.com\/es\/product\/ifun-premium-stainless-steel-yerba-container-with-spout\/","og_site_name":"iFun","article_modified_time":"2025-07-12T10:13:00+00:00","og_image":[{"width":640,"height":640,"url":"https:\/\/customizedwaterbottles.com\/wp-content\/uploads\/2025\/07\/BALIBETOV-Yerba-Container-with-Spout-1-1.webp","type":"image\/webp"}],"twitter_card":"summary_large_image","twitter_misc":{"Tiempo de lectura":"3 minutos"},"schema":{"@context":"https:\/\/schema.org","@graph":[{"@type":"WebPage","@id":"https:\/\/customizedwaterbottles.com\/product\/ifun-premium-stainless-steel-yerba-container-with-spout\/","url":"https:\/\/customizedwaterbottles.com\/product\/ifun-premium-stainless-steel-yerba-container-with-spout\/","name":"Wholesale Yerbero Yerba Container with Spout Stainless Steel Container Pouring Lid Easy Filling Mate Cup 1081610M - iFun","isPartOf":{"@id":"https:\/\/customizedwaterbottles.com\/#website"},"primaryImageOfPage":{"@id":"https:\/\/customizedwaterbottles.com\/product\/ifun-premium-stainless-steel-yerba-container-with-spout\/#primaryimage"},"image":{"@id":"https:\/\/customizedwaterbottles.com\/product\/ifun-premium-stainless-steel-yerba-container-with-spout\/#primaryimage"},"thumbnailUrl":"https:\/\/customizedwaterbottles.com\/wp-content\/uploads\/2025\/07\/BALIBETOV-Yerba-Container-with-Spout-1-1.webp","datePublished":"2025-07-12T08:51:22+00:00","dateModified":"2025-07-12T10:13:00+00:00","description":"Keep yerba mate ultra-fresh with IFUN's premium 304 stainless steel yerba container! Features a precision spout for easy pouring, large 900ml capacity & gift-ready packaging. Airtight storage for mate, coffee & dry foods. Satisfaction guaranteed","breadcrumb":{"@id":"https:\/\/customizedwaterbottles.com\/product\/ifun-premium-stainless-steel-yerba-container-with-spout\/#breadcrumb"},"inLanguage":"es","potentialAction":[{"@type":"ReadAction","target":["https:\/\/customizedwaterbottles.com\/product\/ifun-premium-stainless-steel-yerba-container-with-spout\/"]}]},{"@type":"ImageObject","inLanguage":"es","@id":"https:\/\/customizedwaterbottles.com\/product\/ifun-premium-stainless-steel-yerba-container-with-spout\/#primaryimage","url":"https:\/\/customizedwaterbottles.com\/wp-content\/uploads\/2025\/07\/BALIBETOV-Yerba-Container-with-Spout-1-1.webp","contentUrl":"https:\/\/customizedwaterbottles.com\/wp-content\/uploads\/2025\/07\/BALIBETOV-Yerba-Container-with-Spout-1-1.webp","width":640,"height":640},{"@type":"BreadcrumbList","@id":"https:\/\/customizedwaterbottles.com\/product\/ifun-premium-stainless-steel-yerba-container-with-spout\/#breadcrumb","itemListElement":[{"@type":"ListItem","position":1,"name":"Home","item":"https:\/\/customizedwaterbottles.com\/"},{"@type":"ListItem","position":2,"name":"Products","item":"https:\/\/customizedwaterbottles.com\/wholesale-drinkware-manufacturer-water-bottles-tumblers\/"},{"@type":"ListItem","position":3,"name":"Wholesale Yerbero Yerba Container with Spout Stainless Steel Container Pouring Lid Easy Filling Mate Cup 1081610M"}]},{"@type":"WebSite","@id":"https:\/\/customizedwaterbottles.com\/#website","url":"https:\/\/customizedwaterbottles.com\/","name":"iFun","description":"Water Bottles Stainless Steel Vacuum Flask","potentialAction":[{"@type":"SearchAction","target":{"@type":"EntryPoint","urlTemplate":"https:\/\/customizedwaterbottles.com\/?s={search_term_string}"},"query-input":{"@type":"PropertyValueSpecification","valueRequired":true,"valueName":"search_term_string"}}],"inLanguage":"es"}]}},"_links":{"self":[{"href":"https:\/\/customizedwaterbottles.com\/es\/wp-json\/wp\/v2\/product\/2827","targetHints":{"allow":["GET"]}}],"collection":[{"href":"https:\/\/customizedwaterbottles.com\/es\/wp-json\/wp\/v2\/product"}],"about":[{"href":"https:\/\/customizedwaterbottles.com\/es\/wp-json\/wp\/v2\/types\/product"}],"replies":[{"embeddable":true,"href":"https:\/\/customizedwaterbottles.com\/es\/wp-json\/wp\/v2\/comments?post=2827"}],"wp:featuredmedia":[{"embeddable":true,"href":"https:\/\/customizedwaterbottles.com\/es\/wp-json\/wp\/v2\/media\/2835"}],"wp:attachment":[{"href":"https:\/\/customizedwaterbottles.com\/es\/wp-json\/wp\/v2\/media?parent=2827"}],"wp:term":[{"taxonomy":"product_brand","embeddable":true,"href":"https:\/\/customizedwaterbottles.com\/es\/wp-json\/wp\/v2\/product_brand?post=2827"},{"taxonomy":"product_cat","embeddable":true,"href":"https:\/\/customizedwaterbottles.com\/es\/wp-json\/wp\/v2\/product_cat?post=2827"},{"taxonomy":"product_tag","embeddable":true,"href":"https:\/\/customizedwaterbottles.com\/es\/wp-json\/wp\/v2\/product_tag?post=2827"}],"curies":[{"name":"wp","href":"https:\/\/api.w.org\/{rel}","templated":true}]}}