{"id":2857,"date":"2025-07-14T09:45:40","date_gmt":"2025-07-14T09:45:40","guid":{"rendered":"https:\/\/customizedwaterbottles.com\/?post_type=product&#038;p=2857"},"modified":"2025-07-15T07:47:59","modified_gmt":"2025-07-15T07:47:59","slug":"20oz-30oz-40oz-wholesale-stainless-steel-coffee-tumblers-with-portable-lid","status":"publish","type":"product","link":"https:\/\/customizedwaterbottles.com\/es\/product\/20oz-30oz-40oz-wholesale-stainless-steel-coffee-tumblers-with-portable-lid\/","title":{"rendered":"20oz 30oz 40oz al por mayor vasos de caf\u00e9 de acero inoxidable con tapa port\u00e1til 1081610T"},"content":{"rendered":"<table>\n<tbody>\n<tr>\n<td width=\"426\">Nombre del producto<\/td>\n<td width=\"426\">20oz 30oz 40oz Wholesale Stainless Steel Coffee Tumblers with Portable Lid<\/td>\n<\/tr>\n<tr>\n<td width=\"426\">Capacidad<\/td>\n<td width=\"426\">20oz 30oz 40oz<\/td>\n<\/tr>\n<tr>\n<td width=\"426\">Material<\/td>\n<td width=\"426\">Doble pared de acero inoxidable<\/td>\n<\/tr>\n<tr>\n<td width=\"426\">Color<\/td>\n<td width=\"426\">Pintura brillante, pintura mate, recubrimiento en polvo, etc.<\/td>\n<\/tr>\n<tr>\n<td width=\"426\">Logotipo<\/td>\n<td width=\"426\">Serigraf\u00eda, impresi\u00f3n por transferencia t\u00e9rmica, grabado por l\u00e1ser, transferencia por agua, etc.<\/td>\n<\/tr>\n<tr>\n<td width=\"426\">MOQ<\/td>\n<td width=\"426\">50 unidades<\/td>\n<\/tr>\n<tr>\n<td width=\"426\">Tiempo de muestreo<\/td>\n<td width=\"426\">3-7 d\u00edas para dise\u00f1os personalizados<\/td>\n<\/tr>\n<tr>\n<td width=\"426\">Certificaci\u00f3n<\/td>\n<td width=\"426\">FDA, LFGB<\/td>\n<\/tr>\n<tr>\n<td width=\"426\">Embalaje<\/td>\n<td width=\"426\">Caja blanca, caja de color o caja con dise\u00f1o personalizado<\/td>\n<\/tr>\n<tr>\n<td width=\"426\">Capacidad de producci\u00f3n<\/td>\n<td width=\"426\">500.000 unidades al mes<\/td>\n<\/tr>\n<tr>\n<td width=\"426\">Plazo de entrega<\/td>\n<td width=\"426\">25-35 d\u00edas para cantidades inferiores a 20.000 unidades<\/td>\n<\/tr>\n<\/tbody>\n<\/table>\n<h2><strong>Why Choose Ifun Customized Wholesale Travel Tumblers?<\/strong><\/h2>\n<p><span style=\"color: #000000;\"><strong>1.Control de temperatura durante todo el d\u00eda<\/strong><\/span><\/p>\n<p>El aislamiento al vac\u00edo de doble pared de Ifun mantiene la temperatura durante mucho m\u00e1s tiempo que las botellas normales. Tanto si est\u00e1s trabajando, estudiando, viajando o aventur\u00e1ndote al aire libre, disfruta de tus bebidas a la temperatura perfecta en cualquier momento.<\/p>\n<p><span style=\"color: #000000;\"><strong>2.Fabricado con materiales de primera calidad<\/strong><\/span><\/p>\n<p>Fabricado por dentro y por fuera con acero inoxidable 304 de alta calidad apto para uso alimentario, es seguro para todo tipo de bebidas, no tiene sabores extra\u00f1os y es muy resistente a golpes y ara\u00f1azos.<\/p>\n<p><span style=\"color: #000000;\"><strong>3.Dise\u00f1o \u00fanico de la tapa<\/strong><\/span><\/p>\n<p>Ifun botellas de agua viene con tapa a prueba de fugas, se puede tomar al aire libre para viajar no importa ir a cualquier parte sin preocupaciones.<\/p>\n<p><span style=\"color: #000000;\"><strong>4.Elecci\u00f3n de capacidad m\u00faltiple<\/strong><\/span><\/p>\n<p>With the capacity of 20oz, 30oz, 40oz, this tumbler is perfect for heavy drinkers, fitness lovers, or desk-bound professionals.<\/p>\n<p><span style=\"color: #000000;\"><strong>5.Exterior sin sudor<\/strong><\/span><\/p>\n<p>Nuestro termo con aislamiento al vac\u00edo no s\u00f3lo mantiene fr\u00edas las bebidas, sino que tambi\u00e9n mantiene seco el exterior. Ya no tendr\u00e1 que preocuparse de que la condensaci\u00f3n de las bebidas fr\u00edas le moje las manos o la mesa.<\/p>\n<p><span style=\"color: #000000;\"><strong>6. M\u00e1s de 15 a\u00f1os de experiencia en fabricaci\u00f3n<\/strong><\/span><\/p>\n<p>Ifun centrarse en productos drinkware m\u00e1s de 15years, nuestro producto incluye vaso de acero inoxidable, botellas de agua aisladas al vac\u00edo, tazas de viaje, tazas termo etc.. Tenemos equipos profesionales para asegurarse de que los productos de alta calidad.<\/p>\n<p><span style=\"color: #000000;\"><strong>7.Servicio OEM y ODM disponible<\/strong><\/span><\/p>\n<p>Como fabricante de botellas de acero inoxidable, Ifun ofrece servicios OEM y ODM a nuestros clientes. No importa colores, logotipos, envases o tama\u00f1os, tambi\u00e9n podemos personalizar para usted.<\/p>\n<p>&nbsp;<\/p>\n<p><img decoding=\"async\" class=\"alignnone size-medium wp-image-2865\" src=\"https:\/\/customizedwaterbottles.com\/wp-content\/uploads\/2025\/07\/thermal-tumbler-1.webp\" alt=\"\" width=\"800\" height=\"800\" srcset=\"https:\/\/customizedwaterbottles.com\/wp-content\/uploads\/2025\/07\/thermal-tumbler-1.webp 800w, https:\/\/customizedwaterbottles.com\/wp-content\/uploads\/2025\/07\/thermal-tumbler-1-768x768.webp 768w, https:\/\/customizedwaterbottles.com\/wp-content\/uploads\/2025\/07\/thermal-tumbler-1-300x300.webp 300w, https:\/\/customizedwaterbottles.com\/wp-content\/uploads\/2025\/07\/thermal-tumbler-1-600x600.webp 600w, https:\/\/customizedwaterbottles.com\/wp-content\/uploads\/2025\/07\/thermal-tumbler-1-100x100.webp 100w\" sizes=\"(max-width: 800px) 100vw, 800px\" \/> <img decoding=\"async\" class=\"alignnone size-medium wp-image-2866\" src=\"https:\/\/customizedwaterbottles.com\/wp-content\/uploads\/2025\/07\/thermal-tumbler-2-1.webp\" alt=\"\" width=\"1600\" height=\"1600\" srcset=\"https:\/\/customizedwaterbottles.com\/wp-content\/uploads\/2025\/07\/thermal-tumbler-2-1.webp 1600w, https:\/\/customizedwaterbottles.com\/wp-content\/uploads\/2025\/07\/thermal-tumbler-2-1-1024x1024.webp 1024w, https:\/\/customizedwaterbottles.com\/wp-content\/uploads\/2025\/07\/thermal-tumbler-2-1-768x768.webp 768w, https:\/\/customizedwaterbottles.com\/wp-content\/uploads\/2025\/07\/thermal-tumbler-2-1-1536x1536.webp 1536w, https:\/\/customizedwaterbottles.com\/wp-content\/uploads\/2025\/07\/thermal-tumbler-2-1-300x300.webp 300w, https:\/\/customizedwaterbottles.com\/wp-content\/uploads\/2025\/07\/thermal-tumbler-2-1-600x600.webp 600w, https:\/\/customizedwaterbottles.com\/wp-content\/uploads\/2025\/07\/thermal-tumbler-2-1-100x100.webp 100w\" sizes=\"(max-width: 1600px) 100vw, 1600px\" \/> <img decoding=\"async\" class=\"alignnone size-medium wp-image-2867\" src=\"https:\/\/customizedwaterbottles.com\/wp-content\/uploads\/2025\/07\/thermal-tumbler-3-1.webp\" alt=\"\" width=\"1600\" height=\"1600\" srcset=\"https:\/\/customizedwaterbottles.com\/wp-content\/uploads\/2025\/07\/thermal-tumbler-3-1.webp 1600w, https:\/\/customizedwaterbottles.com\/wp-content\/uploads\/2025\/07\/thermal-tumbler-3-1-1024x1024.webp 1024w, https:\/\/customizedwaterbottles.com\/wp-content\/uploads\/2025\/07\/thermal-tumbler-3-1-768x768.webp 768w, https:\/\/customizedwaterbottles.com\/wp-content\/uploads\/2025\/07\/thermal-tumbler-3-1-1536x1536.webp 1536w, https:\/\/customizedwaterbottles.com\/wp-content\/uploads\/2025\/07\/thermal-tumbler-3-1-300x300.webp 300w, https:\/\/customizedwaterbottles.com\/wp-content\/uploads\/2025\/07\/thermal-tumbler-3-1-600x600.webp 600w, https:\/\/customizedwaterbottles.com\/wp-content\/uploads\/2025\/07\/thermal-tumbler-3-1-100x100.webp 100w\" sizes=\"(max-width: 1600px) 100vw, 1600px\" \/> <img decoding=\"async\" class=\"alignnone size-medium wp-image-2868\" src=\"https:\/\/customizedwaterbottles.com\/wp-content\/uploads\/2025\/07\/thermal-tumbler-4.webp\" alt=\"\" width=\"1600\" height=\"1600\" srcset=\"https:\/\/customizedwaterbottles.com\/wp-content\/uploads\/2025\/07\/thermal-tumbler-4.webp 1600w, https:\/\/customizedwaterbottles.com\/wp-content\/uploads\/2025\/07\/thermal-tumbler-4-1024x1024.webp 1024w, https:\/\/customizedwaterbottles.com\/wp-content\/uploads\/2025\/07\/thermal-tumbler-4-768x768.webp 768w, https:\/\/customizedwaterbottles.com\/wp-content\/uploads\/2025\/07\/thermal-tumbler-4-1536x1536.webp 1536w, https:\/\/customizedwaterbottles.com\/wp-content\/uploads\/2025\/07\/thermal-tumbler-4-300x300.webp 300w, https:\/\/customizedwaterbottles.com\/wp-content\/uploads\/2025\/07\/thermal-tumbler-4-600x600.webp 600w, https:\/\/customizedwaterbottles.com\/wp-content\/uploads\/2025\/07\/thermal-tumbler-4-100x100.webp 100w\" sizes=\"(max-width: 1600px) 100vw, 1600px\" \/><\/p>","protected":false},"excerpt":{"rendered":"<h3><strong>Caracter\u00edsticas del producto:<\/strong><\/h3>\n<ul>\n<li><strong>Triple Capacity Options: <\/strong>Ifun coffee tumblers offers versatile size to meet your needs: 20oz for standard servings, 30oz for longer use, and 40oz for all-day hydration. Ideal for wholesale buyers catering to different customer preferences or usage scenarios.<\/li>\n<li><strong>Tecnolog\u00eda avanzada de aislamiento al vac\u00edo:<\/strong> Features double-wall construction with a vacuum-sealed layer. Effectively maintains beverage temperature\u2014keeping coffee hot for 12+ hours or iced drinks cold for 24+ hours\u2014while preventing exterior condensation.<\/li>\n<li><strong>Food-Grade 18\/8 Stainless Steel:<\/strong> Crafted from food-safe, rust-resistant 18\/8 stainless steel. Ensures durability against dents, corrosion, and flavor transfer, making it suitable for daily rugged use in any environment.<\/li>\n<li><strong>Portable Leak-Proof Lid: <\/strong>This coffee tumbler includes a 2 in 1 leakproof lid. Designed for on-the-go use, preventing spills in bags or cup holders while allowing easy sipping.<\/li>\n<li><strong>Sweat-Free &amp; Non-Slip Base Design: <\/strong>Vacuum insulation eliminates &#8220;sweating&#8221; to protect surfaces. Features a non-slip, scratch-resistant base ring for stability on desks, car consoles, or uneven surfaces.<\/li>\n<li><strong>Ergonomic Contoured Grip:<\/strong> Body designed with subtle tapering or textured finish for a comfortable, secure one-handed hold\u2014even with larger 30oz\/40oz sizes\u2014reducing fatigue during extended use.<\/li>\n<li><strong>Wholesale-Ready &amp; Customization-Friendly: <\/strong>Ifun thermal tumblers ships in bulk-efficient packaging for cost-effective sourcing. Plain stainless steel finish readily accommodates laser engraving, printing, or etching for custom branding, enhancing resale value.<\/li>\n<\/ul>\n<h3><strong>Servicios personalizados:<\/strong><\/h3>\n<ul>\n<li><strong>Logotipo y dise\u00f1o:<\/strong> Las botellas de acero inoxidable Ifun admiten el logotipo personalizado de su marca. Podemos hacer que su logotipo y el dise\u00f1o con serigraf\u00eda, grabado l\u00e1ser, transferencia de calor, impresi\u00f3n 3D, impresi\u00f3n UV, etc.<\/li>\n<li><strong>Color:<\/strong> Los colores se pueden personalizar seg\u00fan el n\u00famero de color pantone, podemos hacerlo con acabado mate, pintura brillante, recubrimiento en polvo, etc.<\/li>\n<li><strong>Capacidad:<\/strong> We have 20oz, 30oz, 40oz capacity, other capacity we can also custom for you.<\/li>\n<li><strong>Tapas: <\/strong>100% Tapa herm\u00e9tica BPA FREE, el color se puede personalizar.<\/li>\n<li><strong>Paquete: <\/strong>Caja de color, caja blanca, caja de regalo, caja de cart\u00f3n marr\u00f3n, caja cil\u00edndrica, etc.<\/li>\n<\/ul>","protected":false},"featured_media":2858,"comment_status":"open","ping_status":"closed","template":"","meta":[],"product_brand":[],"product_cat":[23],"product_tag":[103,105,104],"class_list":{"0":"post-2857","1":"product","2":"type-product","3":"status-publish","4":"has-post-thumbnail","6":"product_cat-insulated-tumblers-mugs","7":"product_tag-coffee-tumblers","8":"product_tag-oem-tumblers","9":"product_tag-promotional-tumblers","11":"first","12":"instock","13":"shipping-taxable","14":"product-type-simple"},"yoast_head":"<!-- This site is optimized with the Yoast SEO plugin v25.4 - https:\/\/yoast.com\/wordpress\/plugins\/seo\/ -->\n<title>20oz 30oz 40oz Wholesale Stainless Steel Coffee Tumblers<\/title>\n<meta name=\"description\" content=\"Durable stainless steel coffee tumbler, come with sip and spout 2 in 1 drinking lid, 100% leakage proof. It is portable for outdoor travelling.\" \/>\n<meta name=\"robots\" content=\"index, follow, max-snippet:-1, max-image-preview:large, max-video-preview:-1\" \/>\n<link rel=\"canonical\" href=\"https:\/\/customizedwaterbottles.com\/es\/product\/20oz-30oz-40oz-wholesale-stainless-steel-coffee-tumblers-with-portable-lid\/\" \/>\n<meta property=\"og:locale\" content=\"es_ES\" \/>\n<meta property=\"og:type\" content=\"article\" \/>\n<meta property=\"og:title\" content=\"20oz 30oz 40oz Wholesale Stainless Steel Coffee Tumblers\" \/>\n<meta property=\"og:description\" content=\"Durable stainless steel coffee tumbler, come with sip and spout 2 in 1 drinking lid, 100% leakage proof. It is portable for outdoor travelling.\" \/>\n<meta property=\"og:url\" content=\"https:\/\/customizedwaterbottles.com\/es\/product\/20oz-30oz-40oz-wholesale-stainless-steel-coffee-tumblers-with-portable-lid\/\" \/>\n<meta property=\"og:site_name\" content=\"iFun\" \/>\n<meta property=\"article:modified_time\" content=\"2025-07-15T07:47:59+00:00\" \/>\n<meta property=\"og:image\" content=\"https:\/\/customizedwaterbottles.com\/wp-content\/uploads\/2025\/07\/thermal-tumbler-8.webp\" \/>\n\t<meta property=\"og:image:width\" content=\"1280\" \/>\n\t<meta property=\"og:image:height\" content=\"1280\" \/>\n\t<meta property=\"og:image:type\" content=\"image\/webp\" \/>\n<meta name=\"twitter:card\" content=\"summary_large_image\" \/>\n<meta name=\"twitter:label1\" content=\"Tiempo de lectura\" \/>\n\t<meta name=\"twitter:data1\" content=\"3 minutos\" \/>\n<script type=\"application\/ld+json\" class=\"yoast-schema-graph\">{\"@context\":\"https:\/\/schema.org\",\"@graph\":[{\"@type\":\"WebPage\",\"@id\":\"https:\/\/customizedwaterbottles.com\/product\/20oz-30oz-40oz-wholesale-stainless-steel-coffee-tumblers-with-portable-lid\/\",\"url\":\"https:\/\/customizedwaterbottles.com\/product\/20oz-30oz-40oz-wholesale-stainless-steel-coffee-tumblers-with-portable-lid\/\",\"name\":\"20oz 30oz 40oz Wholesale Stainless Steel Coffee Tumblers\",\"isPartOf\":{\"@id\":\"https:\/\/customizedwaterbottles.com\/#website\"},\"primaryImageOfPage\":{\"@id\":\"https:\/\/customizedwaterbottles.com\/product\/20oz-30oz-40oz-wholesale-stainless-steel-coffee-tumblers-with-portable-lid\/#primaryimage\"},\"image\":{\"@id\":\"https:\/\/customizedwaterbottles.com\/product\/20oz-30oz-40oz-wholesale-stainless-steel-coffee-tumblers-with-portable-lid\/#primaryimage\"},\"thumbnailUrl\":\"https:\/\/customizedwaterbottles.com\/wp-content\/uploads\/2025\/07\/thermal-tumbler-8.webp\",\"datePublished\":\"2025-07-14T09:45:40+00:00\",\"dateModified\":\"2025-07-15T07:47:59+00:00\",\"description\":\"Durable stainless steel coffee tumbler, come with sip and spout 2 in 1 drinking lid, 100% leakage proof. It is portable for outdoor travelling.\",\"breadcrumb\":{\"@id\":\"https:\/\/customizedwaterbottles.com\/product\/20oz-30oz-40oz-wholesale-stainless-steel-coffee-tumblers-with-portable-lid\/#breadcrumb\"},\"inLanguage\":\"es\",\"potentialAction\":[{\"@type\":\"ReadAction\",\"target\":[\"https:\/\/customizedwaterbottles.com\/product\/20oz-30oz-40oz-wholesale-stainless-steel-coffee-tumblers-with-portable-lid\/\"]}]},{\"@type\":\"ImageObject\",\"inLanguage\":\"es\",\"@id\":\"https:\/\/customizedwaterbottles.com\/product\/20oz-30oz-40oz-wholesale-stainless-steel-coffee-tumblers-with-portable-lid\/#primaryimage\",\"url\":\"https:\/\/customizedwaterbottles.com\/wp-content\/uploads\/2025\/07\/thermal-tumbler-8.webp\",\"contentUrl\":\"https:\/\/customizedwaterbottles.com\/wp-content\/uploads\/2025\/07\/thermal-tumbler-8.webp\",\"width\":1280,\"height\":1280},{\"@type\":\"BreadcrumbList\",\"@id\":\"https:\/\/customizedwaterbottles.com\/product\/20oz-30oz-40oz-wholesale-stainless-steel-coffee-tumblers-with-portable-lid\/#breadcrumb\",\"itemListElement\":[{\"@type\":\"ListItem\",\"position\":1,\"name\":\"Home\",\"item\":\"https:\/\/customizedwaterbottles.com\/\"},{\"@type\":\"ListItem\",\"position\":2,\"name\":\"Products\",\"item\":\"https:\/\/customizedwaterbottles.com\/wholesale-drinkware-manufacturer-water-bottles-tumblers\/\"},{\"@type\":\"ListItem\",\"position\":3,\"name\":\"20oz 30oz 40oz Wholesale Stainless Steel Coffee Tumblers with Portable Lid 1081610T\"}]},{\"@type\":\"WebSite\",\"@id\":\"https:\/\/customizedwaterbottles.com\/#website\",\"url\":\"https:\/\/customizedwaterbottles.com\/\",\"name\":\"iFun\",\"description\":\"Water Bottles Stainless Steel Vacuum Flask\",\"potentialAction\":[{\"@type\":\"SearchAction\",\"target\":{\"@type\":\"EntryPoint\",\"urlTemplate\":\"https:\/\/customizedwaterbottles.com\/?s={search_term_string}\"},\"query-input\":{\"@type\":\"PropertyValueSpecification\",\"valueRequired\":true,\"valueName\":\"search_term_string\"}}],\"inLanguage\":\"es\"}]}<\/script>\n<!-- \/ Yoast SEO plugin. -->","yoast_head_json":{"title":"20oz 30oz 40oz Wholesale Stainless Steel Coffee Tumblers","description":"Durable stainless steel coffee tumbler, come with sip and spout 2 in 1 drinking lid, 100% leakage proof. It is portable for outdoor travelling.","robots":{"index":"index","follow":"follow","max-snippet":"max-snippet:-1","max-image-preview":"max-image-preview:large","max-video-preview":"max-video-preview:-1"},"canonical":"https:\/\/customizedwaterbottles.com\/es\/product\/20oz-30oz-40oz-wholesale-stainless-steel-coffee-tumblers-with-portable-lid\/","og_locale":"es_ES","og_type":"article","og_title":"20oz 30oz 40oz Wholesale Stainless Steel Coffee Tumblers","og_description":"Durable stainless steel coffee tumbler, come with sip and spout 2 in 1 drinking lid, 100% leakage proof. It is portable for outdoor travelling.","og_url":"https:\/\/customizedwaterbottles.com\/es\/product\/20oz-30oz-40oz-wholesale-stainless-steel-coffee-tumblers-with-portable-lid\/","og_site_name":"iFun","article_modified_time":"2025-07-15T07:47:59+00:00","og_image":[{"width":1280,"height":1280,"url":"https:\/\/customizedwaterbottles.com\/wp-content\/uploads\/2025\/07\/thermal-tumbler-8.webp","type":"image\/webp"}],"twitter_card":"summary_large_image","twitter_misc":{"Tiempo de lectura":"3 minutos"},"schema":{"@context":"https:\/\/schema.org","@graph":[{"@type":"WebPage","@id":"https:\/\/customizedwaterbottles.com\/product\/20oz-30oz-40oz-wholesale-stainless-steel-coffee-tumblers-with-portable-lid\/","url":"https:\/\/customizedwaterbottles.com\/product\/20oz-30oz-40oz-wholesale-stainless-steel-coffee-tumblers-with-portable-lid\/","name":"20oz 30oz 40oz Wholesale Stainless Steel Coffee Tumblers","isPartOf":{"@id":"https:\/\/customizedwaterbottles.com\/#website"},"primaryImageOfPage":{"@id":"https:\/\/customizedwaterbottles.com\/product\/20oz-30oz-40oz-wholesale-stainless-steel-coffee-tumblers-with-portable-lid\/#primaryimage"},"image":{"@id":"https:\/\/customizedwaterbottles.com\/product\/20oz-30oz-40oz-wholesale-stainless-steel-coffee-tumblers-with-portable-lid\/#primaryimage"},"thumbnailUrl":"https:\/\/customizedwaterbottles.com\/wp-content\/uploads\/2025\/07\/thermal-tumbler-8.webp","datePublished":"2025-07-14T09:45:40+00:00","dateModified":"2025-07-15T07:47:59+00:00","description":"Durable stainless steel coffee tumbler, come with sip and spout 2 in 1 drinking lid, 100% leakage proof. It is portable for outdoor travelling.","breadcrumb":{"@id":"https:\/\/customizedwaterbottles.com\/product\/20oz-30oz-40oz-wholesale-stainless-steel-coffee-tumblers-with-portable-lid\/#breadcrumb"},"inLanguage":"es","potentialAction":[{"@type":"ReadAction","target":["https:\/\/customizedwaterbottles.com\/product\/20oz-30oz-40oz-wholesale-stainless-steel-coffee-tumblers-with-portable-lid\/"]}]},{"@type":"ImageObject","inLanguage":"es","@id":"https:\/\/customizedwaterbottles.com\/product\/20oz-30oz-40oz-wholesale-stainless-steel-coffee-tumblers-with-portable-lid\/#primaryimage","url":"https:\/\/customizedwaterbottles.com\/wp-content\/uploads\/2025\/07\/thermal-tumbler-8.webp","contentUrl":"https:\/\/customizedwaterbottles.com\/wp-content\/uploads\/2025\/07\/thermal-tumbler-8.webp","width":1280,"height":1280},{"@type":"BreadcrumbList","@id":"https:\/\/customizedwaterbottles.com\/product\/20oz-30oz-40oz-wholesale-stainless-steel-coffee-tumblers-with-portable-lid\/#breadcrumb","itemListElement":[{"@type":"ListItem","position":1,"name":"Home","item":"https:\/\/customizedwaterbottles.com\/"},{"@type":"ListItem","position":2,"name":"Products","item":"https:\/\/customizedwaterbottles.com\/wholesale-drinkware-manufacturer-water-bottles-tumblers\/"},{"@type":"ListItem","position":3,"name":"20oz 30oz 40oz Wholesale Stainless Steel Coffee Tumblers with Portable Lid 1081610T"}]},{"@type":"WebSite","@id":"https:\/\/customizedwaterbottles.com\/#website","url":"https:\/\/customizedwaterbottles.com\/","name":"iFun","description":"Water Bottles Stainless Steel Vacuum Flask","potentialAction":[{"@type":"SearchAction","target":{"@type":"EntryPoint","urlTemplate":"https:\/\/customizedwaterbottles.com\/?s={search_term_string}"},"query-input":{"@type":"PropertyValueSpecification","valueRequired":true,"valueName":"search_term_string"}}],"inLanguage":"es"}]}},"_links":{"self":[{"href":"https:\/\/customizedwaterbottles.com\/es\/wp-json\/wp\/v2\/product\/2857","targetHints":{"allow":["GET"]}}],"collection":[{"href":"https:\/\/customizedwaterbottles.com\/es\/wp-json\/wp\/v2\/product"}],"about":[{"href":"https:\/\/customizedwaterbottles.com\/es\/wp-json\/wp\/v2\/types\/product"}],"replies":[{"embeddable":true,"href":"https:\/\/customizedwaterbottles.com\/es\/wp-json\/wp\/v2\/comments?post=2857"}],"wp:featuredmedia":[{"embeddable":true,"href":"https:\/\/customizedwaterbottles.com\/es\/wp-json\/wp\/v2\/media\/2858"}],"wp:attachment":[{"href":"https:\/\/customizedwaterbottles.com\/es\/wp-json\/wp\/v2\/media?parent=2857"}],"wp:term":[{"taxonomy":"product_brand","embeddable":true,"href":"https:\/\/customizedwaterbottles.com\/es\/wp-json\/wp\/v2\/product_brand?post=2857"},{"taxonomy":"product_cat","embeddable":true,"href":"https:\/\/customizedwaterbottles.com\/es\/wp-json\/wp\/v2\/product_cat?post=2857"},{"taxonomy":"product_tag","embeddable":true,"href":"https:\/\/customizedwaterbottles.com\/es\/wp-json\/wp\/v2\/product_tag?post=2857"}],"curies":[{"name":"wp","href":"https:\/\/api.w.org\/{rel}","templated":true}]}}