{"id":2869,"date":"2025-07-15T07:00:27","date_gmt":"2025-07-15T07:00:27","guid":{"rendered":"https:\/\/customizedwaterbottles.com\/?post_type=product&#038;p=2869"},"modified":"2025-07-15T08:02:00","modified_gmt":"2025-07-15T08:02:00","slug":"50oz-all-day-hydration-vacuum-insulated-simple-tumbler-with-handle","status":"publish","type":"product","link":"https:\/\/customizedwaterbottles.com\/es\/product\/50oz-all-day-hydration-vacuum-insulated-simple-tumbler-with-handle\/","title":{"rendered":"Vaso simple con asa y aislamiento al vac\u00edo para hidrataci\u00f3n durante todo el d\u00eda 1081611T"},"content":{"rendered":"<table>\n<tbody>\n<tr>\n<td width=\"426\">Nombre del producto<\/td>\n<td width=\"426\">50oz All Day Hydration Vacuum Insulated Simple Tumbler with Handle<\/td>\n<\/tr>\n<tr>\n<td width=\"426\">Capacidad<\/td>\n<td width=\"426\">50oz<\/td>\n<\/tr>\n<tr>\n<td width=\"426\">Material<\/td>\n<td width=\"426\">Doble pared de acero inoxidable<\/td>\n<\/tr>\n<tr>\n<td width=\"426\">Color<\/td>\n<td width=\"426\">Pintura brillante, pintura mate, recubrimiento en polvo, etc.<\/td>\n<\/tr>\n<tr>\n<td width=\"426\">Logotipo<\/td>\n<td width=\"426\">Serigraf\u00eda, impresi\u00f3n por transferencia t\u00e9rmica, grabado por l\u00e1ser, transferencia por agua, etc.<\/td>\n<\/tr>\n<tr>\n<td width=\"426\">MOQ<\/td>\n<td width=\"426\">50 unidades<\/td>\n<\/tr>\n<tr>\n<td width=\"426\">Tiempo de muestreo<\/td>\n<td width=\"426\">3-7 d\u00edas para dise\u00f1os personalizados<\/td>\n<\/tr>\n<tr>\n<td width=\"426\">Certificaci\u00f3n<\/td>\n<td width=\"426\">FDA, LFGB<\/td>\n<\/tr>\n<tr>\n<td width=\"426\">Embalaje<\/td>\n<td width=\"426\">Caja blanca, caja de color o caja con dise\u00f1o personalizado<\/td>\n<\/tr>\n<tr>\n<td width=\"426\">Capacidad de producci\u00f3n<\/td>\n<td width=\"426\">500.000 unidades al mes<\/td>\n<\/tr>\n<tr>\n<td width=\"426\">Plazo de entrega<\/td>\n<td width=\"426\">25-35 d\u00edas para cantidades inferiores a 20.000 unidades<\/td>\n<\/tr>\n<\/tbody>\n<\/table>\n<h2><strong>Why Choose Ifun 50oz Modern Coffee Tumblers?<\/strong><\/h2>\n<p><span style=\"color: #000000;\"><strong>1.Control de temperatura durante todo el d\u00eda<\/strong><\/span><\/p>\n<p>El aislamiento al vac\u00edo de doble pared de Ifun mantiene la temperatura durante mucho m\u00e1s tiempo que las botellas normales. Tanto si est\u00e1s trabajando, estudiando, viajando o aventur\u00e1ndote al aire libre, disfruta de tus bebidas a la temperatura perfecta en cualquier momento.<\/p>\n<p><span style=\"color: #000000;\"><strong>2.Fabricado con materiales de primera calidad<\/strong><\/span><\/p>\n<p>Fabricado por dentro y por fuera con acero inoxidable 304 de alta calidad apto para uso alimentario, es seguro para todo tipo de bebidas, no tiene sabores extra\u00f1os y es muy resistente a golpes y ara\u00f1azos.<\/p>\n<p><span style=\"color: #000000;\"><strong>3.Dise\u00f1o \u00fanico de la tapa<\/strong><\/span><\/p>\n<p>Ifun botellas de agua viene con tapa a prueba de fugas, se puede tomar al aire libre para viajar no importa ir a cualquier parte sin preocupaciones.<\/p>\n<p><span style=\"color: #000000;\"><strong>4.Elecci\u00f3n de capacidad m\u00faltiple<\/strong><\/span><\/p>\n<p>With the capacity of 20oz, 30oz, 40oz, this tumbler is perfect for heavy drinkers, fitness lovers, or desk-bound professionals.<\/p>\n<p><span style=\"color: #000000;\"><strong>5.Exterior sin sudor<\/strong><\/span><\/p>\n<p>Nuestro termo con aislamiento al vac\u00edo no s\u00f3lo mantiene fr\u00edas las bebidas, sino que tambi\u00e9n mantiene seco el exterior. Ya no tendr\u00e1 que preocuparse de que la condensaci\u00f3n de las bebidas fr\u00edas le moje las manos o la mesa.<\/p>\n<p><span style=\"color: #000000;\"><strong>6. M\u00e1s de 15 a\u00f1os de experiencia en fabricaci\u00f3n<\/strong><\/span><\/p>\n<p>Ifun centrarse en productos drinkware m\u00e1s de 15years, nuestro producto incluye vaso de acero inoxidable, botellas de agua aisladas al vac\u00edo, tazas de viaje, tazas termo etc.. Tenemos equipos profesionales para asegurarse de que los productos de alta calidad.<\/p>\n<p><span style=\"color: #000000;\"><strong>7.Servicio OEM y ODM disponible<\/strong><\/span><\/p>\n<p>Como fabricante de botellas de acero inoxidable, Ifun ofrece servicios OEM y ODM a nuestros clientes. No importa colores, logotipos, envases o tama\u00f1os, tambi\u00e9n podemos personalizar para usted.<\/p>\n<p><img decoding=\"async\" class=\"alignnone size-full wp-image-2889\" src=\"https:\/\/customizedwaterbottles.com\/wp-content\/uploads\/2025\/07\/50oz-tumbler-3.webp\" alt=\"\" width=\"1200\" height=\"1200\" srcset=\"https:\/\/customizedwaterbottles.com\/wp-content\/uploads\/2025\/07\/50oz-tumbler-3.webp 1200w, https:\/\/customizedwaterbottles.com\/wp-content\/uploads\/2025\/07\/50oz-tumbler-3-1024x1024.webp 1024w, https:\/\/customizedwaterbottles.com\/wp-content\/uploads\/2025\/07\/50oz-tumbler-3-768x768.webp 768w, https:\/\/customizedwaterbottles.com\/wp-content\/uploads\/2025\/07\/50oz-tumbler-3-300x300.webp 300w, https:\/\/customizedwaterbottles.com\/wp-content\/uploads\/2025\/07\/50oz-tumbler-3-600x600.webp 600w, https:\/\/customizedwaterbottles.com\/wp-content\/uploads\/2025\/07\/50oz-tumbler-3-100x100.webp 100w\" sizes=\"(max-width: 1200px) 100vw, 1200px\" \/> <img decoding=\"async\" class=\"alignnone size-medium wp-image-2890\" src=\"https:\/\/customizedwaterbottles.com\/wp-content\/uploads\/2025\/07\/50oz-tumbler-5.webp\" alt=\"\" width=\"800\" height=\"800\" srcset=\"https:\/\/customizedwaterbottles.com\/wp-content\/uploads\/2025\/07\/50oz-tumbler-5.webp 800w, https:\/\/customizedwaterbottles.com\/wp-content\/uploads\/2025\/07\/50oz-tumbler-5-768x768.webp 768w, https:\/\/customizedwaterbottles.com\/wp-content\/uploads\/2025\/07\/50oz-tumbler-5-300x300.webp 300w, https:\/\/customizedwaterbottles.com\/wp-content\/uploads\/2025\/07\/50oz-tumbler-5-600x600.webp 600w, https:\/\/customizedwaterbottles.com\/wp-content\/uploads\/2025\/07\/50oz-tumbler-5-100x100.webp 100w\" sizes=\"(max-width: 800px) 100vw, 800px\" \/> <img decoding=\"async\" class=\"alignnone size-medium wp-image-2892\" src=\"https:\/\/customizedwaterbottles.com\/wp-content\/uploads\/2025\/07\/50oz-tumbler-13.webp\" alt=\"\" width=\"800\" height=\"800\" srcset=\"https:\/\/customizedwaterbottles.com\/wp-content\/uploads\/2025\/07\/50oz-tumbler-13.webp 800w, https:\/\/customizedwaterbottles.com\/wp-content\/uploads\/2025\/07\/50oz-tumbler-13-768x768.webp 768w, https:\/\/customizedwaterbottles.com\/wp-content\/uploads\/2025\/07\/50oz-tumbler-13-300x300.webp 300w, https:\/\/customizedwaterbottles.com\/wp-content\/uploads\/2025\/07\/50oz-tumbler-13-600x600.webp 600w, https:\/\/customizedwaterbottles.com\/wp-content\/uploads\/2025\/07\/50oz-tumbler-13-100x100.webp 100w\" sizes=\"(max-width: 800px) 100vw, 800px\" \/> <img decoding=\"async\" class=\"alignnone size-medium wp-image-2893\" src=\"https:\/\/customizedwaterbottles.com\/wp-content\/uploads\/2025\/07\/50oz-tumbler-8.webp\" alt=\"\" width=\"1200\" height=\"1200\" srcset=\"https:\/\/customizedwaterbottles.com\/wp-content\/uploads\/2025\/07\/50oz-tumbler-8.webp 1200w, https:\/\/customizedwaterbottles.com\/wp-content\/uploads\/2025\/07\/50oz-tumbler-8-1024x1024.webp 1024w, https:\/\/customizedwaterbottles.com\/wp-content\/uploads\/2025\/07\/50oz-tumbler-8-768x768.webp 768w, https:\/\/customizedwaterbottles.com\/wp-content\/uploads\/2025\/07\/50oz-tumbler-8-300x300.webp 300w, https:\/\/customizedwaterbottles.com\/wp-content\/uploads\/2025\/07\/50oz-tumbler-8-600x600.webp 600w, https:\/\/customizedwaterbottles.com\/wp-content\/uploads\/2025\/07\/50oz-tumbler-8-100x100.webp 100w\" sizes=\"(max-width: 1200px) 100vw, 1200px\" \/> <img decoding=\"async\" class=\"alignnone size-medium wp-image-2894\" src=\"https:\/\/customizedwaterbottles.com\/wp-content\/uploads\/2025\/07\/50oz-tumbler-9.webp\" alt=\"\" width=\"1200\" height=\"1200\" srcset=\"https:\/\/customizedwaterbottles.com\/wp-content\/uploads\/2025\/07\/50oz-tumbler-9.webp 1200w, https:\/\/customizedwaterbottles.com\/wp-content\/uploads\/2025\/07\/50oz-tumbler-9-1024x1024.webp 1024w, https:\/\/customizedwaterbottles.com\/wp-content\/uploads\/2025\/07\/50oz-tumbler-9-768x768.webp 768w, https:\/\/customizedwaterbottles.com\/wp-content\/uploads\/2025\/07\/50oz-tumbler-9-300x300.webp 300w, https:\/\/customizedwaterbottles.com\/wp-content\/uploads\/2025\/07\/50oz-tumbler-9-600x600.webp 600w, https:\/\/customizedwaterbottles.com\/wp-content\/uploads\/2025\/07\/50oz-tumbler-9-100x100.webp 100w\" sizes=\"(max-width: 1200px) 100vw, 1200px\" \/><\/p>","protected":false},"excerpt":{"rendered":"<h3><strong>Caracter\u00edsticas del producto:<\/strong><\/h3>\n<ul>\n<li><strong>50oz (1.5L) Capacity: <\/strong>This capacity is designed to minimize the need for frequent refills throughout the day, truly supporting the &#8220;All Day Hydration&#8221; concept. Whether it&#8217;s water, iced coffee, juice, or an energy drink, it holds enough to last for extended periods at work, outdoors, or during travel.<\/li>\n<li><strong>Tecnolog\u00eda avanzada de aislamiento al vac\u00edo:<\/strong> The core technology involves a double-wall construction from the space between the inner and outer walls, creating a vacuum. This vacuum layer is a near-perfect insulator, drastically reducing heat transfer via conduction or convection. This is what enables exceptional temperature retention, keeping hot beverages hot and cold beverages icy cold for extended durations.<\/li>\n<li><strong>Exceptional Temperature Retention:<\/strong> Directly resulting from the vacuum insulation, this tumbler excels at maintaining temperatures. It keeps steaming beverages like coffee or tea hot for hours. Conversely, it keeps ice water, smoothies, or soda refreshingly cold all day long, resisting external heat and preventing rapid melting of ice. This ensures your drink tastes perfect hours.<\/li>\n<li><strong>Sweat-Free Exterior &amp; Condensation Prevention:<\/strong>The vacuum insulation not only keeps drinks hot\/cold but also prevents condensation from forming on the outer surface. Even when filled with ice-cold liquid on a humid day, the exterior remains completely dry.<\/li>\n<li><strong>Integrated Comfort-Grip Handle: <\/strong>A sturdy, ergonomic handle is securely attached to the tumbler body. This handle provides a comfortable and confident grip, making it much easier to carry the large, heavy tumbler.<\/li>\n<li><strong>Durable, Premium 18\/8 Stainless Steel Construction:<\/strong> The tumbler is constructed from high-quality 18\/8 stainless steel. This material is inherently resistant to rust, corrosion, and staining. It provides superior durability, protecting the tumbler from dents, scratches, and impacts during daily use.<\/li>\n<li><strong>Simple, User-Friendly &amp; Ergonomic Design: <\/strong>Ifun coffee tumbler focuses on essential functionality without unnecessary complexity. The combination of the large capacity, easy-grip handle, easy-sip lid, reliable, and comfortable everyday use.<\/li>\n<\/ul>\n<h3><strong>Servicios personalizados:<\/strong><\/h3>\n<ul>\n<li><strong>Logotipo y dise\u00f1o:<\/strong> Las botellas de acero inoxidable Ifun admiten el logotipo personalizado de su marca. Podemos hacer que su logotipo y el dise\u00f1o con serigraf\u00eda, grabado l\u00e1ser, transferencia de calor, impresi\u00f3n 3D, impresi\u00f3n UV, etc.<\/li>\n<li><strong>Color:<\/strong> Los colores se pueden personalizar seg\u00fan el n\u00famero de color pantone, podemos hacerlo con acabado mate, pintura brillante, recubrimiento en polvo, etc.<\/li>\n<li><strong>Capacidad:<\/strong> We have 50oz capacity, other capacity we can also custom for you.<\/li>\n<li><strong>Tapas: <\/strong>100% Tapa herm\u00e9tica BPA FREE, el color se puede personalizar.<\/li>\n<li><strong>Paquete: <\/strong>Caja de color, caja blanca, caja de regalo, caja de cart\u00f3n marr\u00f3n, caja cil\u00edndrica, etc.<\/li>\n<\/ul>","protected":false},"featured_media":2870,"comment_status":"open","ping_status":"closed","template":"","meta":[],"product_brand":[],"product_cat":[23],"product_tag":[108,106,107],"class_list":{"0":"post-2869","1":"product","2":"type-product","3":"status-publish","4":"has-post-thumbnail","6":"product_cat-insulated-tumblers-mugs","7":"product_tag-hydration-tumblers","8":"product_tag-sim-tumbler","9":"product_tag-simple-modern-coffee-cup","11":"first","12":"instock","13":"shipping-taxable","14":"product-type-simple"},"yoast_head":"<!-- This site is optimized with the Yoast SEO plugin v25.4 - https:\/\/yoast.com\/wordpress\/plugins\/seo\/ -->\n<title>50oz All Day Hydration Vacuum Insulated Simple Tumbler<\/title>\n<meta name=\"description\" content=\"50oz stainless steel thermal insulated tumbler, ergonomic handle with straw lid. It can meet your all day hydration needs, suitable for ice cubes adding.\" \/>\n<meta name=\"robots\" content=\"index, follow, max-snippet:-1, max-image-preview:large, max-video-preview:-1\" \/>\n<link rel=\"canonical\" href=\"https:\/\/customizedwaterbottles.com\/es\/product\/50oz-all-day-hydration-vacuum-insulated-simple-tumbler-with-handle\/\" \/>\n<meta property=\"og:locale\" content=\"es_ES\" \/>\n<meta property=\"og:type\" content=\"article\" \/>\n<meta property=\"og:title\" content=\"50oz All Day Hydration Vacuum Insulated Simple Tumbler\" \/>\n<meta property=\"og:description\" content=\"50oz stainless steel thermal insulated tumbler, ergonomic handle with straw lid. It can meet your all day hydration needs, suitable for ice cubes adding.\" \/>\n<meta property=\"og:url\" content=\"https:\/\/customizedwaterbottles.com\/es\/product\/50oz-all-day-hydration-vacuum-insulated-simple-tumbler-with-handle\/\" \/>\n<meta property=\"og:site_name\" content=\"iFun\" \/>\n<meta property=\"article:modified_time\" content=\"2025-07-15T08:02:00+00:00\" \/>\n<meta property=\"og:image\" content=\"https:\/\/customizedwaterbottles.com\/wp-content\/uploads\/2025\/07\/50oz-tumbler-4.webp\" \/>\n\t<meta property=\"og:image:width\" content=\"800\" \/>\n\t<meta property=\"og:image:height\" content=\"800\" \/>\n\t<meta property=\"og:image:type\" content=\"image\/webp\" \/>\n<meta name=\"twitter:card\" content=\"summary_large_image\" \/>\n<meta name=\"twitter:label1\" content=\"Tiempo de lectura\" \/>\n\t<meta name=\"twitter:data1\" content=\"3 minutos\" \/>\n<script type=\"application\/ld+json\" class=\"yoast-schema-graph\">{\"@context\":\"https:\/\/schema.org\",\"@graph\":[{\"@type\":\"WebPage\",\"@id\":\"https:\/\/customizedwaterbottles.com\/product\/50oz-all-day-hydration-vacuum-insulated-simple-tumbler-with-handle\/\",\"url\":\"https:\/\/customizedwaterbottles.com\/product\/50oz-all-day-hydration-vacuum-insulated-simple-tumbler-with-handle\/\",\"name\":\"50oz All Day Hydration Vacuum Insulated Simple Tumbler\",\"isPartOf\":{\"@id\":\"https:\/\/customizedwaterbottles.com\/#website\"},\"primaryImageOfPage\":{\"@id\":\"https:\/\/customizedwaterbottles.com\/product\/50oz-all-day-hydration-vacuum-insulated-simple-tumbler-with-handle\/#primaryimage\"},\"image\":{\"@id\":\"https:\/\/customizedwaterbottles.com\/product\/50oz-all-day-hydration-vacuum-insulated-simple-tumbler-with-handle\/#primaryimage\"},\"thumbnailUrl\":\"https:\/\/customizedwaterbottles.com\/wp-content\/uploads\/2025\/07\/50oz-tumbler-4.webp\",\"datePublished\":\"2025-07-15T07:00:27+00:00\",\"dateModified\":\"2025-07-15T08:02:00+00:00\",\"description\":\"50oz stainless steel thermal insulated tumbler, ergonomic handle with straw lid. It can meet your all day hydration needs, suitable for ice cubes adding.\",\"breadcrumb\":{\"@id\":\"https:\/\/customizedwaterbottles.com\/product\/50oz-all-day-hydration-vacuum-insulated-simple-tumbler-with-handle\/#breadcrumb\"},\"inLanguage\":\"es\",\"potentialAction\":[{\"@type\":\"ReadAction\",\"target\":[\"https:\/\/customizedwaterbottles.com\/product\/50oz-all-day-hydration-vacuum-insulated-simple-tumbler-with-handle\/\"]}]},{\"@type\":\"ImageObject\",\"inLanguage\":\"es\",\"@id\":\"https:\/\/customizedwaterbottles.com\/product\/50oz-all-day-hydration-vacuum-insulated-simple-tumbler-with-handle\/#primaryimage\",\"url\":\"https:\/\/customizedwaterbottles.com\/wp-content\/uploads\/2025\/07\/50oz-tumbler-4.webp\",\"contentUrl\":\"https:\/\/customizedwaterbottles.com\/wp-content\/uploads\/2025\/07\/50oz-tumbler-4.webp\",\"width\":800,\"height\":800},{\"@type\":\"BreadcrumbList\",\"@id\":\"https:\/\/customizedwaterbottles.com\/product\/50oz-all-day-hydration-vacuum-insulated-simple-tumbler-with-handle\/#breadcrumb\",\"itemListElement\":[{\"@type\":\"ListItem\",\"position\":1,\"name\":\"Home\",\"item\":\"https:\/\/customizedwaterbottles.com\/\"},{\"@type\":\"ListItem\",\"position\":2,\"name\":\"Products\",\"item\":\"https:\/\/customizedwaterbottles.com\/wholesale-drinkware-manufacturer-water-bottles-tumblers\/\"},{\"@type\":\"ListItem\",\"position\":3,\"name\":\"50oz All Day Hydration Vacuum Insulated Simple Tumbler with Handle 1081611T\"}]},{\"@type\":\"WebSite\",\"@id\":\"https:\/\/customizedwaterbottles.com\/#website\",\"url\":\"https:\/\/customizedwaterbottles.com\/\",\"name\":\"iFun\",\"description\":\"Water Bottles Stainless Steel Vacuum Flask\",\"potentialAction\":[{\"@type\":\"SearchAction\",\"target\":{\"@type\":\"EntryPoint\",\"urlTemplate\":\"https:\/\/customizedwaterbottles.com\/?s={search_term_string}\"},\"query-input\":{\"@type\":\"PropertyValueSpecification\",\"valueRequired\":true,\"valueName\":\"search_term_string\"}}],\"inLanguage\":\"es\"}]}<\/script>\n<!-- \/ Yoast SEO plugin. -->","yoast_head_json":{"title":"50oz All Day Hydration Vacuum Insulated Simple Tumbler","description":"50oz stainless steel thermal insulated tumbler, ergonomic handle with straw lid. It can meet your all day hydration needs, suitable for ice cubes adding.","robots":{"index":"index","follow":"follow","max-snippet":"max-snippet:-1","max-image-preview":"max-image-preview:large","max-video-preview":"max-video-preview:-1"},"canonical":"https:\/\/customizedwaterbottles.com\/es\/product\/50oz-all-day-hydration-vacuum-insulated-simple-tumbler-with-handle\/","og_locale":"es_ES","og_type":"article","og_title":"50oz All Day Hydration Vacuum Insulated Simple Tumbler","og_description":"50oz stainless steel thermal insulated tumbler, ergonomic handle with straw lid. It can meet your all day hydration needs, suitable for ice cubes adding.","og_url":"https:\/\/customizedwaterbottles.com\/es\/product\/50oz-all-day-hydration-vacuum-insulated-simple-tumbler-with-handle\/","og_site_name":"iFun","article_modified_time":"2025-07-15T08:02:00+00:00","og_image":[{"width":800,"height":800,"url":"https:\/\/customizedwaterbottles.com\/wp-content\/uploads\/2025\/07\/50oz-tumbler-4.webp","type":"image\/webp"}],"twitter_card":"summary_large_image","twitter_misc":{"Tiempo de lectura":"3 minutos"},"schema":{"@context":"https:\/\/schema.org","@graph":[{"@type":"WebPage","@id":"https:\/\/customizedwaterbottles.com\/product\/50oz-all-day-hydration-vacuum-insulated-simple-tumbler-with-handle\/","url":"https:\/\/customizedwaterbottles.com\/product\/50oz-all-day-hydration-vacuum-insulated-simple-tumbler-with-handle\/","name":"50oz All Day Hydration Vacuum Insulated Simple Tumbler","isPartOf":{"@id":"https:\/\/customizedwaterbottles.com\/#website"},"primaryImageOfPage":{"@id":"https:\/\/customizedwaterbottles.com\/product\/50oz-all-day-hydration-vacuum-insulated-simple-tumbler-with-handle\/#primaryimage"},"image":{"@id":"https:\/\/customizedwaterbottles.com\/product\/50oz-all-day-hydration-vacuum-insulated-simple-tumbler-with-handle\/#primaryimage"},"thumbnailUrl":"https:\/\/customizedwaterbottles.com\/wp-content\/uploads\/2025\/07\/50oz-tumbler-4.webp","datePublished":"2025-07-15T07:00:27+00:00","dateModified":"2025-07-15T08:02:00+00:00","description":"50oz stainless steel thermal insulated tumbler, ergonomic handle with straw lid. It can meet your all day hydration needs, suitable for ice cubes adding.","breadcrumb":{"@id":"https:\/\/customizedwaterbottles.com\/product\/50oz-all-day-hydration-vacuum-insulated-simple-tumbler-with-handle\/#breadcrumb"},"inLanguage":"es","potentialAction":[{"@type":"ReadAction","target":["https:\/\/customizedwaterbottles.com\/product\/50oz-all-day-hydration-vacuum-insulated-simple-tumbler-with-handle\/"]}]},{"@type":"ImageObject","inLanguage":"es","@id":"https:\/\/customizedwaterbottles.com\/product\/50oz-all-day-hydration-vacuum-insulated-simple-tumbler-with-handle\/#primaryimage","url":"https:\/\/customizedwaterbottles.com\/wp-content\/uploads\/2025\/07\/50oz-tumbler-4.webp","contentUrl":"https:\/\/customizedwaterbottles.com\/wp-content\/uploads\/2025\/07\/50oz-tumbler-4.webp","width":800,"height":800},{"@type":"BreadcrumbList","@id":"https:\/\/customizedwaterbottles.com\/product\/50oz-all-day-hydration-vacuum-insulated-simple-tumbler-with-handle\/#breadcrumb","itemListElement":[{"@type":"ListItem","position":1,"name":"Home","item":"https:\/\/customizedwaterbottles.com\/"},{"@type":"ListItem","position":2,"name":"Products","item":"https:\/\/customizedwaterbottles.com\/wholesale-drinkware-manufacturer-water-bottles-tumblers\/"},{"@type":"ListItem","position":3,"name":"50oz All Day Hydration Vacuum Insulated Simple Tumbler with Handle 1081611T"}]},{"@type":"WebSite","@id":"https:\/\/customizedwaterbottles.com\/#website","url":"https:\/\/customizedwaterbottles.com\/","name":"iFun","description":"Water Bottles Stainless Steel Vacuum Flask","potentialAction":[{"@type":"SearchAction","target":{"@type":"EntryPoint","urlTemplate":"https:\/\/customizedwaterbottles.com\/?s={search_term_string}"},"query-input":{"@type":"PropertyValueSpecification","valueRequired":true,"valueName":"search_term_string"}}],"inLanguage":"es"}]}},"_links":{"self":[{"href":"https:\/\/customizedwaterbottles.com\/es\/wp-json\/wp\/v2\/product\/2869","targetHints":{"allow":["GET"]}}],"collection":[{"href":"https:\/\/customizedwaterbottles.com\/es\/wp-json\/wp\/v2\/product"}],"about":[{"href":"https:\/\/customizedwaterbottles.com\/es\/wp-json\/wp\/v2\/types\/product"}],"replies":[{"embeddable":true,"href":"https:\/\/customizedwaterbottles.com\/es\/wp-json\/wp\/v2\/comments?post=2869"}],"wp:featuredmedia":[{"embeddable":true,"href":"https:\/\/customizedwaterbottles.com\/es\/wp-json\/wp\/v2\/media\/2870"}],"wp:attachment":[{"href":"https:\/\/customizedwaterbottles.com\/es\/wp-json\/wp\/v2\/media?parent=2869"}],"wp:term":[{"taxonomy":"product_brand","embeddable":true,"href":"https:\/\/customizedwaterbottles.com\/es\/wp-json\/wp\/v2\/product_brand?post=2869"},{"taxonomy":"product_cat","embeddable":true,"href":"https:\/\/customizedwaterbottles.com\/es\/wp-json\/wp\/v2\/product_cat?post=2869"},{"taxonomy":"product_tag","embeddable":true,"href":"https:\/\/customizedwaterbottles.com\/es\/wp-json\/wp\/v2\/product_tag?post=2869"}],"curies":[{"name":"wp","href":"https:\/\/api.w.org\/{rel}","templated":true}]}}