{"id":2897,"date":"2025-07-15T08:51:32","date_gmt":"2025-07-15T08:51:32","guid":{"rendered":"https:\/\/customizedwaterbottles.com\/?post_type=product&#038;p=2897"},"modified":"2025-07-15T09:14:25","modified_gmt":"2025-07-15T09:14:25","slug":"office-coffee-tumblers-durable-stainless-steel-304-inner-wall","status":"publish","type":"product","link":"https:\/\/customizedwaterbottles.com\/es\/product\/office-coffee-tumblers-durable-stainless-steel-304-inner-wall\/","title":{"rendered":"Vaso de Caf\u00e9 de Oficina Acero Inoxidable 304 Pared Interior 1081613T"},"content":{"rendered":"<table>\n<tbody>\n<tr>\n<td width=\"426\">Nombre del producto<\/td>\n<td width=\"426\">Office Coffee Tumblers Durable Stainless Steel 304 Inner Wall<\/td>\n<\/tr>\n<tr>\n<td width=\"426\">Capacidad<\/td>\n<td width=\"426\">350ml 500ml<\/td>\n<\/tr>\n<tr>\n<td width=\"426\">Material<\/td>\n<td width=\"426\">Doble pared de acero inoxidable<\/td>\n<\/tr>\n<tr>\n<td width=\"426\">Color<\/td>\n<td width=\"426\">Pintura brillante, pintura mate, recubrimiento en polvo, etc.<\/td>\n<\/tr>\n<tr>\n<td width=\"426\">Logotipo<\/td>\n<td width=\"426\">Serigraf\u00eda, impresi\u00f3n por transferencia t\u00e9rmica, grabado por l\u00e1ser, transferencia por agua, etc.<\/td>\n<\/tr>\n<tr>\n<td width=\"426\">MOQ<\/td>\n<td width=\"426\">50 unidades<\/td>\n<\/tr>\n<tr>\n<td width=\"426\">Tiempo de muestreo<\/td>\n<td width=\"426\">3-7 d\u00edas para dise\u00f1os personalizados<\/td>\n<\/tr>\n<tr>\n<td width=\"426\">Certificaci\u00f3n<\/td>\n<td width=\"426\">FDA, LFGB<\/td>\n<\/tr>\n<tr>\n<td width=\"426\">Embalaje<\/td>\n<td width=\"426\">Caja blanca, caja de color o caja con dise\u00f1o personalizado<\/td>\n<\/tr>\n<tr>\n<td width=\"426\">Capacidad de producci\u00f3n<\/td>\n<td width=\"426\">500.000 unidades al mes<\/td>\n<\/tr>\n<tr>\n<td width=\"426\">Plazo de entrega<\/td>\n<td width=\"426\">25-35 d\u00edas para cantidades inferiores a 20.000 unidades<\/td>\n<\/tr>\n<\/tbody>\n<\/table>\n<h2><strong>Why Choose Ifun Thermos Coffee Tumblers?<\/strong><\/h2>\n<p><span style=\"color: #000000;\"><strong>1.Control de temperatura durante todo el d\u00eda<\/strong><\/span><\/p>\n<p>El aislamiento al vac\u00edo de doble pared de Ifun mantiene la temperatura durante mucho m\u00e1s tiempo que las botellas normales. Tanto si est\u00e1s trabajando, estudiando, viajando o aventur\u00e1ndote al aire libre, disfruta de tus bebidas a la temperatura perfecta en cualquier momento.<\/p>\n<p><span style=\"color: #000000;\"><strong>2.Fabricado con materiales de primera calidad<\/strong><\/span><\/p>\n<p>Fabricado por dentro y por fuera con acero inoxidable 304 de alta calidad apto para uso alimentario, es seguro para todo tipo de bebidas, no tiene sabores extra\u00f1os y es muy resistente a golpes y ara\u00f1azos.<\/p>\n<p><span style=\"color: #000000;\"><strong>3.Dise\u00f1o \u00fanico de la tapa<\/strong><\/span><\/p>\n<p>Ifun botellas de agua viene con tapa a prueba de fugas, se puede tomar al aire libre para viajar no importa ir a cualquier parte sin preocupaciones.<\/p>\n<p><span style=\"color: #000000;\"><strong>4.Elecci\u00f3n de capacidad m\u00faltiple<\/strong><\/span><\/p>\n<p>With the capacity of 350ml and 500ml, this tumbler is perfect for heavy drinkers, fitness lovers, or desk-bound professionals.<\/p>\n<p><span style=\"color: #000000;\"><strong>5.Exterior sin sudor<\/strong><\/span><\/p>\n<p>Nuestro termo con aislamiento al vac\u00edo no s\u00f3lo mantiene fr\u00edas las bebidas, sino que tambi\u00e9n mantiene seco el exterior. Ya no tendr\u00e1 que preocuparse de que la condensaci\u00f3n de las bebidas fr\u00edas le moje las manos o la mesa.<\/p>\n<p><span style=\"color: #000000;\"><strong>6. M\u00e1s de 15 a\u00f1os de experiencia en fabricaci\u00f3n<\/strong><\/span><\/p>\n<p>Ifun centrarse en productos drinkware m\u00e1s de 15years, nuestro producto incluye vaso de acero inoxidable, botellas de agua aisladas al vac\u00edo, tazas de viaje, tazas termo etc.. Tenemos equipos profesionales para asegurarse de que los productos de alta calidad.<\/p>\n<p><span style=\"color: #000000;\"><strong>7.Servicio OEM y ODM disponible<\/strong><\/span><\/p>\n<p>Como fabricante de botellas de acero inoxidable, Ifun ofrece servicios OEM y ODM a nuestros clientes. No importa colores, logotipos, envases o tama\u00f1os, tambi\u00e9n podemos personalizar para usted.<\/p>\n<p><img decoding=\"async\" class=\"alignnone size-medium wp-image-2909\" src=\"https:\/\/customizedwaterbottles.com\/wp-content\/uploads\/2025\/07\/Metal-coffee-cups-9.webp\" alt=\"\" width=\"1000\" height=\"1000\" srcset=\"https:\/\/customizedwaterbottles.com\/wp-content\/uploads\/2025\/07\/Metal-coffee-cups-9.webp 1000w, https:\/\/customizedwaterbottles.com\/wp-content\/uploads\/2025\/07\/Metal-coffee-cups-9-768x768.webp 768w, https:\/\/customizedwaterbottles.com\/wp-content\/uploads\/2025\/07\/Metal-coffee-cups-9-300x300.webp 300w, https:\/\/customizedwaterbottles.com\/wp-content\/uploads\/2025\/07\/Metal-coffee-cups-9-600x600.webp 600w, https:\/\/customizedwaterbottles.com\/wp-content\/uploads\/2025\/07\/Metal-coffee-cups-9-100x100.webp 100w\" sizes=\"(max-width: 1000px) 100vw, 1000px\" \/><img decoding=\"async\" class=\"alignnone size-medium wp-image-2910\" src=\"https:\/\/customizedwaterbottles.com\/wp-content\/uploads\/2025\/07\/Metal-coffee-cups-10.webp\" alt=\"\" width=\"1000\" height=\"1000\" srcset=\"https:\/\/customizedwaterbottles.com\/wp-content\/uploads\/2025\/07\/Metal-coffee-cups-10.webp 1000w, https:\/\/customizedwaterbottles.com\/wp-content\/uploads\/2025\/07\/Metal-coffee-cups-10-768x768.webp 768w, https:\/\/customizedwaterbottles.com\/wp-content\/uploads\/2025\/07\/Metal-coffee-cups-10-300x300.webp 300w, https:\/\/customizedwaterbottles.com\/wp-content\/uploads\/2025\/07\/Metal-coffee-cups-10-600x600.webp 600w, https:\/\/customizedwaterbottles.com\/wp-content\/uploads\/2025\/07\/Metal-coffee-cups-10-100x100.webp 100w\" sizes=\"(max-width: 1000px) 100vw, 1000px\" \/><\/p>\n<p><img decoding=\"async\" class=\"alignnone size-medium wp-image-2906\" src=\"https:\/\/customizedwaterbottles.com\/wp-content\/uploads\/2025\/07\/Metal-coffee-cups-2.webp\" alt=\"\" width=\"1000\" height=\"1000\" srcset=\"https:\/\/customizedwaterbottles.com\/wp-content\/uploads\/2025\/07\/Metal-coffee-cups-2.webp 1000w, https:\/\/customizedwaterbottles.com\/wp-content\/uploads\/2025\/07\/Metal-coffee-cups-2-768x768.webp 768w, https:\/\/customizedwaterbottles.com\/wp-content\/uploads\/2025\/07\/Metal-coffee-cups-2-300x300.webp 300w, https:\/\/customizedwaterbottles.com\/wp-content\/uploads\/2025\/07\/Metal-coffee-cups-2-600x600.webp 600w, https:\/\/customizedwaterbottles.com\/wp-content\/uploads\/2025\/07\/Metal-coffee-cups-2-100x100.webp 100w\" sizes=\"(max-width: 1000px) 100vw, 1000px\" \/><\/p>\n<p><img decoding=\"async\" class=\"alignnone size-medium wp-image-2905\" src=\"https:\/\/customizedwaterbottles.com\/wp-content\/uploads\/2025\/07\/metal-coffee-cups-1.jpg\" alt=\"\" width=\"790\" height=\"462\" srcset=\"https:\/\/customizedwaterbottles.com\/wp-content\/uploads\/2025\/07\/metal-coffee-cups-1.jpg 790w, https:\/\/customizedwaterbottles.com\/wp-content\/uploads\/2025\/07\/metal-coffee-cups-1-768x449.jpg 768w, https:\/\/customizedwaterbottles.com\/wp-content\/uploads\/2025\/07\/metal-coffee-cups-1-600x351.jpg 600w\" sizes=\"(max-width: 790px) 100vw, 790px\" \/><\/p>\n<p><img decoding=\"async\" class=\"alignnone size-full wp-image-2908\" src=\"https:\/\/customizedwaterbottles.com\/wp-content\/uploads\/2025\/07\/metal-coffee-cups-4-scaled.jpg\" alt=\"\" width=\"2560\" height=\"1893\" srcset=\"https:\/\/customizedwaterbottles.com\/wp-content\/uploads\/2025\/07\/metal-coffee-cups-4-scaled.jpg 2560w, https:\/\/customizedwaterbottles.com\/wp-content\/uploads\/2025\/07\/metal-coffee-cups-4-1024x757.jpg 1024w, https:\/\/customizedwaterbottles.com\/wp-content\/uploads\/2025\/07\/metal-coffee-cups-4-768x568.jpg 768w, https:\/\/customizedwaterbottles.com\/wp-content\/uploads\/2025\/07\/metal-coffee-cups-4-1536x1136.jpg 1536w, https:\/\/customizedwaterbottles.com\/wp-content\/uploads\/2025\/07\/metal-coffee-cups-4-2048x1514.jpg 2048w, https:\/\/customizedwaterbottles.com\/wp-content\/uploads\/2025\/07\/metal-coffee-cups-4-600x444.jpg 600w\" sizes=\"(max-width: 2560px) 100vw, 2560px\" \/> \u00a0<img decoding=\"async\" class=\"alignnone size-medium wp-image-2907\" src=\"https:\/\/customizedwaterbottles.com\/wp-content\/uploads\/2025\/07\/metal-coffee-cups-3-scaled.jpg\" alt=\"\" width=\"2560\" height=\"1778\" srcset=\"https:\/\/customizedwaterbottles.com\/wp-content\/uploads\/2025\/07\/metal-coffee-cups-3-scaled.jpg 2560w, https:\/\/customizedwaterbottles.com\/wp-content\/uploads\/2025\/07\/metal-coffee-cups-3-1024x711.jpg 1024w, https:\/\/customizedwaterbottles.com\/wp-content\/uploads\/2025\/07\/metal-coffee-cups-3-768x533.jpg 768w, https:\/\/customizedwaterbottles.com\/wp-content\/uploads\/2025\/07\/metal-coffee-cups-3-1536x1067.jpg 1536w, https:\/\/customizedwaterbottles.com\/wp-content\/uploads\/2025\/07\/metal-coffee-cups-3-2048x1422.jpg 2048w, https:\/\/customizedwaterbottles.com\/wp-content\/uploads\/2025\/07\/metal-coffee-cups-3-600x417.jpg 600w\" sizes=\"(max-width: 2560px) 100vw, 2560px\" \/><\/p>","protected":false},"excerpt":{"rendered":"<h3><strong>Caracter\u00edsticas del producto:<\/strong><\/h3>\n<ul>\n<li><strong>304 Stainless Steel Interior:<\/strong>\u00a0Food-grade 304 steel inner wall resists corrosion, prevents flavor transfer, and ensures drink purity.<\/li>\n<li><strong>Vacuum Insulation:<\/strong> Double-wall vacuum insulation structure can prevent heat transfer for superior temperature retention.<\/li>\n<li><strong>Hot\/Cold Retention:<\/strong>\u00a0Effectively keeps coffee hot for hours and iced beverages cold for extended periods.<\/li>\n<li><strong>Rust &amp; Corrosion Resistant:<\/strong>\u00a0Durable 304 stainless steel construction withstands daily use and prevents rusting.<\/li>\n<li><strong>Exterior a prueba de sudor:<\/strong> Vacuum layer prevents condensation, keeping surfaces dry.<\/li>\n<li><strong>Mug-Style Design:<\/strong> Typically features a comfortable shape and size 350ml and 500ml, ideal for office coffee.<\/li>\n<li><strong>Impact Resistant:<\/strong>\u00a0Sturdy stainless steel body resists dents and damage from typical workplace handling.<\/li>\n<\/ul>\n<h3><strong>Servicios personalizados:<\/strong><\/h3>\n<ul>\n<li><strong>Logotipo y dise\u00f1o:<\/strong> Las botellas de acero inoxidable Ifun admiten el logotipo personalizado de su marca. Podemos hacer que su logotipo y el dise\u00f1o con serigraf\u00eda, grabado l\u00e1ser, transferencia de calor, impresi\u00f3n 3D, impresi\u00f3n UV, etc.<\/li>\n<li><strong>Color:<\/strong> Los colores se pueden personalizar seg\u00fan el n\u00famero de color pantone, podemos hacerlo con acabado mate, pintura brillante, recubrimiento en polvo, etc.<\/li>\n<li><strong>Capacidad:<\/strong> We have 350ml and 500ml capacity, other capacity we can also custom for you.<\/li>\n<li><strong>Tapas: <\/strong>100% Tapa herm\u00e9tica BPA FREE, el color se puede personalizar.<\/li>\n<li><strong>Paquete: <\/strong>Caja de color, caja blanca, caja de regalo, caja de cart\u00f3n marr\u00f3n, caja cil\u00edndrica, etc.<\/li>\n<\/ul>","protected":false},"featured_media":2898,"comment_status":"open","ping_status":"closed","template":"","meta":[],"product_brand":[],"product_cat":[23],"product_tag":[109,111,110],"class_list":{"0":"post-2897","1":"product","2":"type-product","3":"status-publish","4":"has-post-thumbnail","6":"product_cat-insulated-tumblers-mugs","7":"product_tag-coffee-cups","8":"product_tag-coffee-cups-with-handle","9":"product_tag-thermal-coffee-cups","11":"first","12":"instock","13":"shipping-taxable","14":"product-type-simple"},"yoast_head":"<!-- This site is optimized with the Yoast SEO plugin v25.4 - https:\/\/yoast.com\/wordpress\/plugins\/seo\/ -->\n<title>Office Coffee Tumblers Durable Stainless Steel 304 Inner Wall<\/title>\n<meta name=\"description\" content=\"office use stainless steeel vacuum cold coffee cups, multi colors in stock. 350ml and 500ml capacity for choice, convenient to clean.\" \/>\n<meta name=\"robots\" content=\"index, follow, max-snippet:-1, max-image-preview:large, max-video-preview:-1\" \/>\n<link rel=\"canonical\" href=\"https:\/\/customizedwaterbottles.com\/es\/product\/office-coffee-tumblers-durable-stainless-steel-304-inner-wall\/\" \/>\n<meta property=\"og:locale\" content=\"es_ES\" \/>\n<meta property=\"og:type\" content=\"article\" \/>\n<meta property=\"og:title\" content=\"Office Coffee Tumblers Durable Stainless Steel 304 Inner Wall\" \/>\n<meta property=\"og:description\" content=\"office use stainless steeel vacuum cold coffee cups, multi colors in stock. 350ml and 500ml capacity for choice, convenient to clean.\" \/>\n<meta property=\"og:url\" content=\"https:\/\/customizedwaterbottles.com\/es\/product\/office-coffee-tumblers-durable-stainless-steel-304-inner-wall\/\" \/>\n<meta property=\"og:site_name\" content=\"iFun\" \/>\n<meta property=\"article:modified_time\" content=\"2025-07-15T09:14:25+00:00\" \/>\n<meta property=\"og:image\" content=\"https:\/\/customizedwaterbottles.com\/wp-content\/uploads\/2025\/07\/Metal-coffee-cups-1.webp\" \/>\n\t<meta property=\"og:image:width\" content=\"1000\" \/>\n\t<meta property=\"og:image:height\" content=\"1000\" \/>\n\t<meta property=\"og:image:type\" content=\"image\/webp\" \/>\n<meta name=\"twitter:card\" content=\"summary_large_image\" \/>\n<meta name=\"twitter:label1\" content=\"Tiempo de lectura\" \/>\n\t<meta name=\"twitter:data1\" content=\"3 minutos\" \/>\n<script type=\"application\/ld+json\" class=\"yoast-schema-graph\">{\"@context\":\"https:\/\/schema.org\",\"@graph\":[{\"@type\":\"WebPage\",\"@id\":\"https:\/\/customizedwaterbottles.com\/product\/office-coffee-tumblers-durable-stainless-steel-304-inner-wall\/\",\"url\":\"https:\/\/customizedwaterbottles.com\/product\/office-coffee-tumblers-durable-stainless-steel-304-inner-wall\/\",\"name\":\"Office Coffee Tumblers Durable Stainless Steel 304 Inner Wall\",\"isPartOf\":{\"@id\":\"https:\/\/customizedwaterbottles.com\/#website\"},\"primaryImageOfPage\":{\"@id\":\"https:\/\/customizedwaterbottles.com\/product\/office-coffee-tumblers-durable-stainless-steel-304-inner-wall\/#primaryimage\"},\"image\":{\"@id\":\"https:\/\/customizedwaterbottles.com\/product\/office-coffee-tumblers-durable-stainless-steel-304-inner-wall\/#primaryimage\"},\"thumbnailUrl\":\"https:\/\/customizedwaterbottles.com\/wp-content\/uploads\/2025\/07\/Metal-coffee-cups-1.webp\",\"datePublished\":\"2025-07-15T08:51:32+00:00\",\"dateModified\":\"2025-07-15T09:14:25+00:00\",\"description\":\"office use stainless steeel vacuum cold coffee cups, multi colors in stock. 350ml and 500ml capacity for choice, convenient to clean.\",\"breadcrumb\":{\"@id\":\"https:\/\/customizedwaterbottles.com\/product\/office-coffee-tumblers-durable-stainless-steel-304-inner-wall\/#breadcrumb\"},\"inLanguage\":\"es\",\"potentialAction\":[{\"@type\":\"ReadAction\",\"target\":[\"https:\/\/customizedwaterbottles.com\/product\/office-coffee-tumblers-durable-stainless-steel-304-inner-wall\/\"]}]},{\"@type\":\"ImageObject\",\"inLanguage\":\"es\",\"@id\":\"https:\/\/customizedwaterbottles.com\/product\/office-coffee-tumblers-durable-stainless-steel-304-inner-wall\/#primaryimage\",\"url\":\"https:\/\/customizedwaterbottles.com\/wp-content\/uploads\/2025\/07\/Metal-coffee-cups-1.webp\",\"contentUrl\":\"https:\/\/customizedwaterbottles.com\/wp-content\/uploads\/2025\/07\/Metal-coffee-cups-1.webp\",\"width\":1000,\"height\":1000},{\"@type\":\"BreadcrumbList\",\"@id\":\"https:\/\/customizedwaterbottles.com\/product\/office-coffee-tumblers-durable-stainless-steel-304-inner-wall\/#breadcrumb\",\"itemListElement\":[{\"@type\":\"ListItem\",\"position\":1,\"name\":\"Home\",\"item\":\"https:\/\/customizedwaterbottles.com\/\"},{\"@type\":\"ListItem\",\"position\":2,\"name\":\"Products\",\"item\":\"https:\/\/customizedwaterbottles.com\/wholesale-drinkware-manufacturer-water-bottles-tumblers\/\"},{\"@type\":\"ListItem\",\"position\":3,\"name\":\"Office Coffee Tumblers Durable Stainless Steel 304 Inner Wall 1081613T\"}]},{\"@type\":\"WebSite\",\"@id\":\"https:\/\/customizedwaterbottles.com\/#website\",\"url\":\"https:\/\/customizedwaterbottles.com\/\",\"name\":\"iFun\",\"description\":\"Water Bottles Stainless Steel Vacuum Flask\",\"potentialAction\":[{\"@type\":\"SearchAction\",\"target\":{\"@type\":\"EntryPoint\",\"urlTemplate\":\"https:\/\/customizedwaterbottles.com\/?s={search_term_string}\"},\"query-input\":{\"@type\":\"PropertyValueSpecification\",\"valueRequired\":true,\"valueName\":\"search_term_string\"}}],\"inLanguage\":\"es\"}]}<\/script>\n<!-- \/ Yoast SEO plugin. -->","yoast_head_json":{"title":"Office Coffee Tumblers Durable Stainless Steel 304 Inner Wall","description":"office use stainless steeel vacuum cold coffee cups, multi colors in stock. 350ml and 500ml capacity for choice, convenient to clean.","robots":{"index":"index","follow":"follow","max-snippet":"max-snippet:-1","max-image-preview":"max-image-preview:large","max-video-preview":"max-video-preview:-1"},"canonical":"https:\/\/customizedwaterbottles.com\/es\/product\/office-coffee-tumblers-durable-stainless-steel-304-inner-wall\/","og_locale":"es_ES","og_type":"article","og_title":"Office Coffee Tumblers Durable Stainless Steel 304 Inner Wall","og_description":"office use stainless steeel vacuum cold coffee cups, multi colors in stock. 350ml and 500ml capacity for choice, convenient to clean.","og_url":"https:\/\/customizedwaterbottles.com\/es\/product\/office-coffee-tumblers-durable-stainless-steel-304-inner-wall\/","og_site_name":"iFun","article_modified_time":"2025-07-15T09:14:25+00:00","og_image":[{"width":1000,"height":1000,"url":"https:\/\/customizedwaterbottles.com\/wp-content\/uploads\/2025\/07\/Metal-coffee-cups-1.webp","type":"image\/webp"}],"twitter_card":"summary_large_image","twitter_misc":{"Tiempo de lectura":"3 minutos"},"schema":{"@context":"https:\/\/schema.org","@graph":[{"@type":"WebPage","@id":"https:\/\/customizedwaterbottles.com\/product\/office-coffee-tumblers-durable-stainless-steel-304-inner-wall\/","url":"https:\/\/customizedwaterbottles.com\/product\/office-coffee-tumblers-durable-stainless-steel-304-inner-wall\/","name":"Office Coffee Tumblers Durable Stainless Steel 304 Inner Wall","isPartOf":{"@id":"https:\/\/customizedwaterbottles.com\/#website"},"primaryImageOfPage":{"@id":"https:\/\/customizedwaterbottles.com\/product\/office-coffee-tumblers-durable-stainless-steel-304-inner-wall\/#primaryimage"},"image":{"@id":"https:\/\/customizedwaterbottles.com\/product\/office-coffee-tumblers-durable-stainless-steel-304-inner-wall\/#primaryimage"},"thumbnailUrl":"https:\/\/customizedwaterbottles.com\/wp-content\/uploads\/2025\/07\/Metal-coffee-cups-1.webp","datePublished":"2025-07-15T08:51:32+00:00","dateModified":"2025-07-15T09:14:25+00:00","description":"office use stainless steeel vacuum cold coffee cups, multi colors in stock. 350ml and 500ml capacity for choice, convenient to clean.","breadcrumb":{"@id":"https:\/\/customizedwaterbottles.com\/product\/office-coffee-tumblers-durable-stainless-steel-304-inner-wall\/#breadcrumb"},"inLanguage":"es","potentialAction":[{"@type":"ReadAction","target":["https:\/\/customizedwaterbottles.com\/product\/office-coffee-tumblers-durable-stainless-steel-304-inner-wall\/"]}]},{"@type":"ImageObject","inLanguage":"es","@id":"https:\/\/customizedwaterbottles.com\/product\/office-coffee-tumblers-durable-stainless-steel-304-inner-wall\/#primaryimage","url":"https:\/\/customizedwaterbottles.com\/wp-content\/uploads\/2025\/07\/Metal-coffee-cups-1.webp","contentUrl":"https:\/\/customizedwaterbottles.com\/wp-content\/uploads\/2025\/07\/Metal-coffee-cups-1.webp","width":1000,"height":1000},{"@type":"BreadcrumbList","@id":"https:\/\/customizedwaterbottles.com\/product\/office-coffee-tumblers-durable-stainless-steel-304-inner-wall\/#breadcrumb","itemListElement":[{"@type":"ListItem","position":1,"name":"Home","item":"https:\/\/customizedwaterbottles.com\/"},{"@type":"ListItem","position":2,"name":"Products","item":"https:\/\/customizedwaterbottles.com\/wholesale-drinkware-manufacturer-water-bottles-tumblers\/"},{"@type":"ListItem","position":3,"name":"Office Coffee Tumblers Durable Stainless Steel 304 Inner Wall 1081613T"}]},{"@type":"WebSite","@id":"https:\/\/customizedwaterbottles.com\/#website","url":"https:\/\/customizedwaterbottles.com\/","name":"iFun","description":"Water Bottles Stainless Steel Vacuum Flask","potentialAction":[{"@type":"SearchAction","target":{"@type":"EntryPoint","urlTemplate":"https:\/\/customizedwaterbottles.com\/?s={search_term_string}"},"query-input":{"@type":"PropertyValueSpecification","valueRequired":true,"valueName":"search_term_string"}}],"inLanguage":"es"}]}},"_links":{"self":[{"href":"https:\/\/customizedwaterbottles.com\/es\/wp-json\/wp\/v2\/product\/2897","targetHints":{"allow":["GET"]}}],"collection":[{"href":"https:\/\/customizedwaterbottles.com\/es\/wp-json\/wp\/v2\/product"}],"about":[{"href":"https:\/\/customizedwaterbottles.com\/es\/wp-json\/wp\/v2\/types\/product"}],"replies":[{"embeddable":true,"href":"https:\/\/customizedwaterbottles.com\/es\/wp-json\/wp\/v2\/comments?post=2897"}],"wp:featuredmedia":[{"embeddable":true,"href":"https:\/\/customizedwaterbottles.com\/es\/wp-json\/wp\/v2\/media\/2898"}],"wp:attachment":[{"href":"https:\/\/customizedwaterbottles.com\/es\/wp-json\/wp\/v2\/media?parent=2897"}],"wp:term":[{"taxonomy":"product_brand","embeddable":true,"href":"https:\/\/customizedwaterbottles.com\/es\/wp-json\/wp\/v2\/product_brand?post=2897"},{"taxonomy":"product_cat","embeddable":true,"href":"https:\/\/customizedwaterbottles.com\/es\/wp-json\/wp\/v2\/product_cat?post=2897"},{"taxonomy":"product_tag","embeddable":true,"href":"https:\/\/customizedwaterbottles.com\/es\/wp-json\/wp\/v2\/product_tag?post=2897"}],"curies":[{"name":"wp","href":"https:\/\/api.w.org\/{rel}","templated":true}]}}