{"id":2912,"date":"2025-07-16T03:20:01","date_gmt":"2025-07-16T03:20:01","guid":{"rendered":"https:\/\/customizedwaterbottles.com\/?post_type=product&#038;p=2912"},"modified":"2025-07-16T04:47:41","modified_gmt":"2025-07-16T04:47:41","slug":"classic-vacuum-insulated-500ml-coffee-cups-with-flip-up-lid","status":"publish","type":"product","link":"https:\/\/customizedwaterbottles.com\/es\/product\/classic-vacuum-insulated-500ml-coffee-cups-with-flip-up-lid\/","title":{"rendered":"Tazas de caf\u00e9 Classic aisladas al vac\u00edo de 500 ml con tapa abatible 1081614T"},"content":{"rendered":"<table>\n<tbody>\n<tr>\n<td width=\"426\">Nombre del producto<\/td>\n<td width=\"426\">Classic Vacuum Insulated 500ml Coffee Cups With Flip Up Lid<\/td>\n<\/tr>\n<tr>\n<td width=\"426\">Capacidad<\/td>\n<td width=\"426\">450ml<\/td>\n<\/tr>\n<tr>\n<td width=\"426\">Material<\/td>\n<td width=\"426\">Doble pared de acero inoxidable<\/td>\n<\/tr>\n<tr>\n<td width=\"426\">Color<\/td>\n<td width=\"426\">Pintura brillante, pintura mate, recubrimiento en polvo, etc.<\/td>\n<\/tr>\n<tr>\n<td width=\"426\">Logotipo<\/td>\n<td width=\"426\">Serigraf\u00eda, impresi\u00f3n por transferencia t\u00e9rmica, grabado por l\u00e1ser, transferencia por agua, etc.<\/td>\n<\/tr>\n<tr>\n<td width=\"426\">MOQ<\/td>\n<td width=\"426\">50 unidades<\/td>\n<\/tr>\n<tr>\n<td width=\"426\">Tiempo de muestreo<\/td>\n<td width=\"426\">3-7 d\u00edas para dise\u00f1os personalizados<\/td>\n<\/tr>\n<tr>\n<td width=\"426\">Certificaci\u00f3n<\/td>\n<td width=\"426\">FDA, LFGB<\/td>\n<\/tr>\n<tr>\n<td width=\"426\">Embalaje<\/td>\n<td width=\"426\">Caja blanca, caja de color o caja con dise\u00f1o personalizado<\/td>\n<\/tr>\n<tr>\n<td width=\"426\">Capacidad de producci\u00f3n<\/td>\n<td width=\"426\">500.000 unidades al mes<\/td>\n<\/tr>\n<tr>\n<td width=\"426\">Plazo de entrega<\/td>\n<td width=\"426\">25-35 d\u00edas para cantidades inferiores a 20.000 unidades<\/td>\n<\/tr>\n<\/tbody>\n<\/table>\n<h2><strong>Why Choose Ifun Thermos Coffee Cups?<\/strong><\/h2>\n<p><span style=\"color: #000000;\"><strong>1.Control de temperatura durante todo el d\u00eda<\/strong><\/span><\/p>\n<p>El aislamiento al vac\u00edo de doble pared de Ifun mantiene la temperatura durante mucho m\u00e1s tiempo que las botellas normales. Tanto si est\u00e1s trabajando, estudiando, viajando o aventur\u00e1ndote al aire libre, disfruta de tus bebidas a la temperatura perfecta en cualquier momento.<\/p>\n<p><span style=\"color: #000000;\"><strong>2.Fabricado con materiales de primera calidad<\/strong><\/span><\/p>\n<p>Fabricado por dentro y por fuera con acero inoxidable 304 de alta calidad apto para uso alimentario, es seguro para todo tipo de bebidas, no tiene sabores extra\u00f1os y es muy resistente a golpes y ara\u00f1azos.<\/p>\n<p><span style=\"color: #000000;\"><strong>3.Dise\u00f1o \u00fanico de la tapa<\/strong><\/span><\/p>\n<p>Ifun botellas de agua viene con tapa a prueba de fugas, se puede tomar al aire libre para viajar no importa ir a cualquier parte sin preocupaciones.<\/p>\n<p><span style=\"color: #000000;\"><strong>4.Elecci\u00f3n de capacidad m\u00faltiple<\/strong><\/span><\/p>\n<p>Con una capacidad de 450 ml, este vaso es perfecto para bebedores empedernidos, amantes del fitness o profesionales de oficina.<\/p>\n<p><span style=\"color: #000000;\"><strong>5.Exterior sin sudor<\/strong><\/span><\/p>\n<p>Nuestro termo con aislamiento al vac\u00edo no s\u00f3lo mantiene fr\u00edas las bebidas, sino que tambi\u00e9n mantiene seco el exterior. Ya no tendr\u00e1 que preocuparse de que la condensaci\u00f3n de las bebidas fr\u00edas le moje las manos o la mesa.<\/p>\n<p><span style=\"color: #000000;\"><strong>6. M\u00e1s de 15 a\u00f1os de experiencia en fabricaci\u00f3n<\/strong><\/span><\/p>\n<p>Ifun centrarse en productos drinkware m\u00e1s de 15years, nuestro producto incluye vaso de acero inoxidable, botellas de agua aisladas al vac\u00edo, tazas de viaje, tazas termo etc.. Tenemos equipos profesionales para asegurarse de que los productos de alta calidad.<\/p>\n<p><span style=\"color: #000000;\"><strong>7.Servicio OEM y ODM disponible<\/strong><\/span><\/p>\n<p>Como fabricante de botellas de acero inoxidable, Ifun ofrece servicios OEM y ODM a nuestros clientes. No importa colores, logotipos, envases o tama\u00f1os, tambi\u00e9n podemos personalizar para usted.<\/p>\n<p><img decoding=\"async\" class=\"alignnone size-medium wp-image-2921\" src=\"https:\/\/customizedwaterbottles.com\/wp-content\/uploads\/2025\/07\/coffee-cups-4.webp\" alt=\"\" width=\"790\" height=\"632\" srcset=\"https:\/\/customizedwaterbottles.com\/wp-content\/uploads\/2025\/07\/coffee-cups-4.webp 790w, https:\/\/customizedwaterbottles.com\/wp-content\/uploads\/2025\/07\/coffee-cups-4-768x614.webp 768w, https:\/\/customizedwaterbottles.com\/wp-content\/uploads\/2025\/07\/coffee-cups-4-600x480.webp 600w\" sizes=\"(max-width: 790px) 100vw, 790px\" \/> <img decoding=\"async\" class=\"alignnone size-medium wp-image-2922\" src=\"https:\/\/customizedwaterbottles.com\/wp-content\/uploads\/2025\/07\/coffee-cups-11.webp\" alt=\"\" width=\"1080\" height=\"1080\" srcset=\"https:\/\/customizedwaterbottles.com\/wp-content\/uploads\/2025\/07\/coffee-cups-11.webp 1080w, https:\/\/customizedwaterbottles.com\/wp-content\/uploads\/2025\/07\/coffee-cups-11-1024x1024.webp 1024w, https:\/\/customizedwaterbottles.com\/wp-content\/uploads\/2025\/07\/coffee-cups-11-768x768.webp 768w, https:\/\/customizedwaterbottles.com\/wp-content\/uploads\/2025\/07\/coffee-cups-11-300x300.webp 300w, https:\/\/customizedwaterbottles.com\/wp-content\/uploads\/2025\/07\/coffee-cups-11-600x600.webp 600w, https:\/\/customizedwaterbottles.com\/wp-content\/uploads\/2025\/07\/coffee-cups-11-100x100.webp 100w\" sizes=\"(max-width: 1080px) 100vw, 1080px\" \/> <img decoding=\"async\" class=\"alignnone size-medium wp-image-2923\" src=\"https:\/\/customizedwaterbottles.com\/wp-content\/uploads\/2025\/07\/coffee-cups-12.webp\" alt=\"\" width=\"1080\" height=\"1080\" srcset=\"https:\/\/customizedwaterbottles.com\/wp-content\/uploads\/2025\/07\/coffee-cups-12.webp 1080w, https:\/\/customizedwaterbottles.com\/wp-content\/uploads\/2025\/07\/coffee-cups-12-1024x1024.webp 1024w, https:\/\/customizedwaterbottles.com\/wp-content\/uploads\/2025\/07\/coffee-cups-12-768x768.webp 768w, https:\/\/customizedwaterbottles.com\/wp-content\/uploads\/2025\/07\/coffee-cups-12-300x300.webp 300w, https:\/\/customizedwaterbottles.com\/wp-content\/uploads\/2025\/07\/coffee-cups-12-600x600.webp 600w, https:\/\/customizedwaterbottles.com\/wp-content\/uploads\/2025\/07\/coffee-cups-12-100x100.webp 100w\" sizes=\"(max-width: 1080px) 100vw, 1080px\" \/> <img decoding=\"async\" class=\"alignnone size-medium wp-image-2924\" src=\"https:\/\/customizedwaterbottles.com\/wp-content\/uploads\/2025\/07\/coffee-cups-13.webp\" alt=\"\" width=\"1080\" height=\"1080\" srcset=\"https:\/\/customizedwaterbottles.com\/wp-content\/uploads\/2025\/07\/coffee-cups-13.webp 1080w, https:\/\/customizedwaterbottles.com\/wp-content\/uploads\/2025\/07\/coffee-cups-13-1024x1024.webp 1024w, https:\/\/customizedwaterbottles.com\/wp-content\/uploads\/2025\/07\/coffee-cups-13-768x768.webp 768w, https:\/\/customizedwaterbottles.com\/wp-content\/uploads\/2025\/07\/coffee-cups-13-300x300.webp 300w, https:\/\/customizedwaterbottles.com\/wp-content\/uploads\/2025\/07\/coffee-cups-13-600x600.webp 600w, https:\/\/customizedwaterbottles.com\/wp-content\/uploads\/2025\/07\/coffee-cups-13-100x100.webp 100w\" sizes=\"(max-width: 1080px) 100vw, 1080px\" \/> <img decoding=\"async\" class=\"alignnone size-medium wp-image-2925\" src=\"https:\/\/customizedwaterbottles.com\/wp-content\/uploads\/2025\/07\/coffee-cups-14.webp\" alt=\"\" width=\"1000\" height=\"1000\" srcset=\"https:\/\/customizedwaterbottles.com\/wp-content\/uploads\/2025\/07\/coffee-cups-14.webp 1000w, https:\/\/customizedwaterbottles.com\/wp-content\/uploads\/2025\/07\/coffee-cups-14-768x768.webp 768w, https:\/\/customizedwaterbottles.com\/wp-content\/uploads\/2025\/07\/coffee-cups-14-300x300.webp 300w, https:\/\/customizedwaterbottles.com\/wp-content\/uploads\/2025\/07\/coffee-cups-14-600x600.webp 600w, https:\/\/customizedwaterbottles.com\/wp-content\/uploads\/2025\/07\/coffee-cups-14-100x100.webp 100w\" sizes=\"(max-width: 1000px) 100vw, 1000px\" \/><img decoding=\"async\" class=\"alignnone size-medium wp-image-2920\" src=\"https:\/\/customizedwaterbottles.com\/wp-content\/uploads\/2025\/07\/coffee-cups-2.webp\" alt=\"\" width=\"750\" height=\"750\" srcset=\"https:\/\/customizedwaterbottles.com\/wp-content\/uploads\/2025\/07\/coffee-cups-2.webp 750w, https:\/\/customizedwaterbottles.com\/wp-content\/uploads\/2025\/07\/coffee-cups-2-300x300.webp 300w, https:\/\/customizedwaterbottles.com\/wp-content\/uploads\/2025\/07\/coffee-cups-2-600x600.webp 600w, https:\/\/customizedwaterbottles.com\/wp-content\/uploads\/2025\/07\/coffee-cups-2-100x100.webp 100w\" sizes=\"(max-width: 750px) 100vw, 750px\" \/><\/p>","protected":false},"excerpt":{"rendered":"<h3><strong>Caracter\u00edsticas del producto:<\/strong><\/h3>\n<ul>\n<li><strong>Retenci\u00f3n superior de la temperatura:<\/strong> Con tecnolog\u00eda de aislamiento al vac\u00edo de doble pared, que mantiene las bebidas calientes, como el caf\u00e9, calientes durante horas y las bebidas fr\u00edas tambi\u00e9n durante horas.<\/li>\n<li><strong>C\u00f3moda tapa abatible:<\/strong> Equipado con una tapa abatible f\u00e1cil de usar que se abre suavemente con una sola mano para beber y se cierra con seguridad para evitar fugas durante el viaje.<\/li>\n<li><strong>Capacidad de 500 ml:<\/strong> Ofrece un volumen considerable de 450 ml, perfecto para caf\u00e9, t\u00e9 u otra bebida, lo que reduce la necesidad de rellenarlo con frecuencia.<\/li>\n<li><strong>Dise\u00f1o a prueba de fugas:<\/strong> Dise\u00f1ado con una junta de silicona segura en el interior de la tapa, que garantiza un cierre herm\u00e9tico para evitar fugas y derrames cuando est\u00e1 cerrado, incluso cuando se vuelca.<\/li>\n<li><strong>Construcci\u00f3n duradera de acero inoxidable:<\/strong> Fabricado en acero inoxidable 18\/8 de alta calidad para uso alimentario, por lo que es resistente al \u00f3xido, la corrosi\u00f3n y las abolladuras, y no retiene sabores ni olores.<\/li>\n<li><strong>Exterior a prueba de sudor:<\/strong> La estructura de aislamiento al vac\u00edo evita que se forme condensaci\u00f3n en la pared exterior, manteniendo las manos secas y las superficies limpias, tanto si se sostiene una bebida fr\u00eda como una caliente.<\/li>\n<\/ul>\n<h3><strong>Servicios personalizados:<\/strong><\/h3>\n<ul>\n<li><strong>Logotipo y dise\u00f1o:<\/strong> Las botellas de acero inoxidable Ifun admiten el logotipo personalizado de su marca. Podemos hacer que su logotipo y el dise\u00f1o con serigraf\u00eda, grabado l\u00e1ser, transferencia de calor, impresi\u00f3n 3D, impresi\u00f3n UV, etc.<\/li>\n<li><strong>Color:<\/strong> Los colores se pueden personalizar seg\u00fan el n\u00famero de color pantone, podemos hacerlo con acabado mate, pintura brillante, recubrimiento en polvo, etc.<\/li>\n<li><strong>Capacidad:<\/strong> Tenemos 450 ml de capacidad, otra capacidad tambi\u00e9n podemos personalizar para usted.<\/li>\n<li><strong>Tapas: <\/strong>100% Tapa herm\u00e9tica BPA FREE, el color se puede personalizar.<\/li>\n<li><strong>Paquete: <\/strong>Caja de color, caja blanca, caja de regalo, caja de cart\u00f3n marr\u00f3n, caja cil\u00edndrica, etc.<\/li>\n<\/ul>","protected":false},"featured_media":2913,"comment_status":"open","ping_status":"closed","template":"","meta":[],"product_brand":[],"product_cat":[23],"product_tag":[112,113,114],"class_list":{"0":"post-2912","1":"product","2":"type-product","3":"status-publish","4":"has-post-thumbnail","6":"product_cat-insulated-tumblers-mugs","7":"product_tag-450ml-coffee-cups","8":"product_tag-stainless-steel-coffee-mugs","9":"product_tag-vacuum-bottles","11":"first","12":"instock","13":"shipping-taxable","14":"product-type-simple"},"yoast_head":"<!-- This site is optimized with the Yoast SEO plugin v25.4 - https:\/\/yoast.com\/wordpress\/plugins\/seo\/ -->\n<title>Classic Vacuum Insulated 500ml Coffee Cups With Flip Up Lid<\/title>\n<meta name=\"description\" content=\"Classic design coffee cups, double wall thermal insulation structure, which can keep drinks hot or cold for several hours. Flip up lid is very convenient.\" \/>\n<meta name=\"robots\" content=\"index, follow, max-snippet:-1, max-image-preview:large, max-video-preview:-1\" \/>\n<link rel=\"canonical\" href=\"https:\/\/customizedwaterbottles.com\/es\/product\/classic-vacuum-insulated-500ml-coffee-cups-with-flip-up-lid\/\" \/>\n<meta property=\"og:locale\" content=\"es_ES\" \/>\n<meta property=\"og:type\" content=\"article\" \/>\n<meta property=\"og:title\" content=\"Classic Vacuum Insulated 500ml Coffee Cups With Flip Up Lid\" \/>\n<meta property=\"og:description\" content=\"Classic design coffee cups, double wall thermal insulation structure, which can keep drinks hot or cold for several hours. Flip up lid is very convenient.\" \/>\n<meta property=\"og:url\" content=\"https:\/\/customizedwaterbottles.com\/es\/product\/classic-vacuum-insulated-500ml-coffee-cups-with-flip-up-lid\/\" \/>\n<meta property=\"og:site_name\" content=\"iFun\" \/>\n<meta property=\"article:modified_time\" content=\"2025-07-16T04:47:41+00:00\" \/>\n<meta property=\"og:image\" content=\"https:\/\/customizedwaterbottles.com\/wp-content\/uploads\/2025\/07\/coffee-cups-10.webp\" \/>\n\t<meta property=\"og:image:width\" content=\"1000\" \/>\n\t<meta property=\"og:image:height\" content=\"1000\" \/>\n\t<meta property=\"og:image:type\" content=\"image\/webp\" \/>\n<meta name=\"twitter:card\" content=\"summary_large_image\" \/>\n<meta name=\"twitter:label1\" content=\"Tiempo de lectura\" \/>\n\t<meta name=\"twitter:data1\" content=\"3 minutos\" \/>\n<script type=\"application\/ld+json\" class=\"yoast-schema-graph\">{\"@context\":\"https:\/\/schema.org\",\"@graph\":[{\"@type\":\"WebPage\",\"@id\":\"https:\/\/customizedwaterbottles.com\/product\/classic-vacuum-insulated-500ml-coffee-cups-with-flip-up-lid\/\",\"url\":\"https:\/\/customizedwaterbottles.com\/product\/classic-vacuum-insulated-500ml-coffee-cups-with-flip-up-lid\/\",\"name\":\"Classic Vacuum Insulated 500ml Coffee Cups With Flip Up Lid\",\"isPartOf\":{\"@id\":\"https:\/\/customizedwaterbottles.com\/#website\"},\"primaryImageOfPage\":{\"@id\":\"https:\/\/customizedwaterbottles.com\/product\/classic-vacuum-insulated-500ml-coffee-cups-with-flip-up-lid\/#primaryimage\"},\"image\":{\"@id\":\"https:\/\/customizedwaterbottles.com\/product\/classic-vacuum-insulated-500ml-coffee-cups-with-flip-up-lid\/#primaryimage\"},\"thumbnailUrl\":\"https:\/\/customizedwaterbottles.com\/wp-content\/uploads\/2025\/07\/coffee-cups-10.webp\",\"datePublished\":\"2025-07-16T03:20:01+00:00\",\"dateModified\":\"2025-07-16T04:47:41+00:00\",\"description\":\"Classic design coffee cups, double wall thermal insulation structure, which can keep drinks hot or cold for several hours. Flip up lid is very convenient.\",\"breadcrumb\":{\"@id\":\"https:\/\/customizedwaterbottles.com\/product\/classic-vacuum-insulated-500ml-coffee-cups-with-flip-up-lid\/#breadcrumb\"},\"inLanguage\":\"es\",\"potentialAction\":[{\"@type\":\"ReadAction\",\"target\":[\"https:\/\/customizedwaterbottles.com\/product\/classic-vacuum-insulated-500ml-coffee-cups-with-flip-up-lid\/\"]}]},{\"@type\":\"ImageObject\",\"inLanguage\":\"es\",\"@id\":\"https:\/\/customizedwaterbottles.com\/product\/classic-vacuum-insulated-500ml-coffee-cups-with-flip-up-lid\/#primaryimage\",\"url\":\"https:\/\/customizedwaterbottles.com\/wp-content\/uploads\/2025\/07\/coffee-cups-10.webp\",\"contentUrl\":\"https:\/\/customizedwaterbottles.com\/wp-content\/uploads\/2025\/07\/coffee-cups-10.webp\",\"width\":1000,\"height\":1000},{\"@type\":\"BreadcrumbList\",\"@id\":\"https:\/\/customizedwaterbottles.com\/product\/classic-vacuum-insulated-500ml-coffee-cups-with-flip-up-lid\/#breadcrumb\",\"itemListElement\":[{\"@type\":\"ListItem\",\"position\":1,\"name\":\"Home\",\"item\":\"https:\/\/customizedwaterbottles.com\/\"},{\"@type\":\"ListItem\",\"position\":2,\"name\":\"Products\",\"item\":\"https:\/\/customizedwaterbottles.com\/wholesale-drinkware-manufacturer-water-bottles-tumblers\/\"},{\"@type\":\"ListItem\",\"position\":3,\"name\":\"Classic Vacuum Insulated 500ml Coffee Cups With Flip Up Lid 1081614T\"}]},{\"@type\":\"WebSite\",\"@id\":\"https:\/\/customizedwaterbottles.com\/#website\",\"url\":\"https:\/\/customizedwaterbottles.com\/\",\"name\":\"iFun\",\"description\":\"Water Bottles Stainless Steel Vacuum Flask\",\"potentialAction\":[{\"@type\":\"SearchAction\",\"target\":{\"@type\":\"EntryPoint\",\"urlTemplate\":\"https:\/\/customizedwaterbottles.com\/?s={search_term_string}\"},\"query-input\":{\"@type\":\"PropertyValueSpecification\",\"valueRequired\":true,\"valueName\":\"search_term_string\"}}],\"inLanguage\":\"es\"}]}<\/script>\n<!-- \/ Yoast SEO plugin. -->","yoast_head_json":{"title":"Classic Vacuum Insulated 500ml Coffee Cups With Flip Up Lid","description":"Classic design coffee cups, double wall thermal insulation structure, which can keep drinks hot or cold for several hours. Flip up lid is very convenient.","robots":{"index":"index","follow":"follow","max-snippet":"max-snippet:-1","max-image-preview":"max-image-preview:large","max-video-preview":"max-video-preview:-1"},"canonical":"https:\/\/customizedwaterbottles.com\/es\/product\/classic-vacuum-insulated-500ml-coffee-cups-with-flip-up-lid\/","og_locale":"es_ES","og_type":"article","og_title":"Classic Vacuum Insulated 500ml Coffee Cups With Flip Up Lid","og_description":"Classic design coffee cups, double wall thermal insulation structure, which can keep drinks hot or cold for several hours. Flip up lid is very convenient.","og_url":"https:\/\/customizedwaterbottles.com\/es\/product\/classic-vacuum-insulated-500ml-coffee-cups-with-flip-up-lid\/","og_site_name":"iFun","article_modified_time":"2025-07-16T04:47:41+00:00","og_image":[{"width":1000,"height":1000,"url":"https:\/\/customizedwaterbottles.com\/wp-content\/uploads\/2025\/07\/coffee-cups-10.webp","type":"image\/webp"}],"twitter_card":"summary_large_image","twitter_misc":{"Tiempo de lectura":"3 minutos"},"schema":{"@context":"https:\/\/schema.org","@graph":[{"@type":"WebPage","@id":"https:\/\/customizedwaterbottles.com\/product\/classic-vacuum-insulated-500ml-coffee-cups-with-flip-up-lid\/","url":"https:\/\/customizedwaterbottles.com\/product\/classic-vacuum-insulated-500ml-coffee-cups-with-flip-up-lid\/","name":"Classic Vacuum Insulated 500ml Coffee Cups With Flip Up Lid","isPartOf":{"@id":"https:\/\/customizedwaterbottles.com\/#website"},"primaryImageOfPage":{"@id":"https:\/\/customizedwaterbottles.com\/product\/classic-vacuum-insulated-500ml-coffee-cups-with-flip-up-lid\/#primaryimage"},"image":{"@id":"https:\/\/customizedwaterbottles.com\/product\/classic-vacuum-insulated-500ml-coffee-cups-with-flip-up-lid\/#primaryimage"},"thumbnailUrl":"https:\/\/customizedwaterbottles.com\/wp-content\/uploads\/2025\/07\/coffee-cups-10.webp","datePublished":"2025-07-16T03:20:01+00:00","dateModified":"2025-07-16T04:47:41+00:00","description":"Classic design coffee cups, double wall thermal insulation structure, which can keep drinks hot or cold for several hours. Flip up lid is very convenient.","breadcrumb":{"@id":"https:\/\/customizedwaterbottles.com\/product\/classic-vacuum-insulated-500ml-coffee-cups-with-flip-up-lid\/#breadcrumb"},"inLanguage":"es","potentialAction":[{"@type":"ReadAction","target":["https:\/\/customizedwaterbottles.com\/product\/classic-vacuum-insulated-500ml-coffee-cups-with-flip-up-lid\/"]}]},{"@type":"ImageObject","inLanguage":"es","@id":"https:\/\/customizedwaterbottles.com\/product\/classic-vacuum-insulated-500ml-coffee-cups-with-flip-up-lid\/#primaryimage","url":"https:\/\/customizedwaterbottles.com\/wp-content\/uploads\/2025\/07\/coffee-cups-10.webp","contentUrl":"https:\/\/customizedwaterbottles.com\/wp-content\/uploads\/2025\/07\/coffee-cups-10.webp","width":1000,"height":1000},{"@type":"BreadcrumbList","@id":"https:\/\/customizedwaterbottles.com\/product\/classic-vacuum-insulated-500ml-coffee-cups-with-flip-up-lid\/#breadcrumb","itemListElement":[{"@type":"ListItem","position":1,"name":"Home","item":"https:\/\/customizedwaterbottles.com\/"},{"@type":"ListItem","position":2,"name":"Products","item":"https:\/\/customizedwaterbottles.com\/wholesale-drinkware-manufacturer-water-bottles-tumblers\/"},{"@type":"ListItem","position":3,"name":"Classic Vacuum Insulated 500ml Coffee Cups With Flip Up Lid 1081614T"}]},{"@type":"WebSite","@id":"https:\/\/customizedwaterbottles.com\/#website","url":"https:\/\/customizedwaterbottles.com\/","name":"iFun","description":"Water Bottles Stainless Steel Vacuum Flask","potentialAction":[{"@type":"SearchAction","target":{"@type":"EntryPoint","urlTemplate":"https:\/\/customizedwaterbottles.com\/?s={search_term_string}"},"query-input":{"@type":"PropertyValueSpecification","valueRequired":true,"valueName":"search_term_string"}}],"inLanguage":"es"}]}},"_links":{"self":[{"href":"https:\/\/customizedwaterbottles.com\/es\/wp-json\/wp\/v2\/product\/2912","targetHints":{"allow":["GET"]}}],"collection":[{"href":"https:\/\/customizedwaterbottles.com\/es\/wp-json\/wp\/v2\/product"}],"about":[{"href":"https:\/\/customizedwaterbottles.com\/es\/wp-json\/wp\/v2\/types\/product"}],"replies":[{"embeddable":true,"href":"https:\/\/customizedwaterbottles.com\/es\/wp-json\/wp\/v2\/comments?post=2912"}],"wp:featuredmedia":[{"embeddable":true,"href":"https:\/\/customizedwaterbottles.com\/es\/wp-json\/wp\/v2\/media\/2913"}],"wp:attachment":[{"href":"https:\/\/customizedwaterbottles.com\/es\/wp-json\/wp\/v2\/media?parent=2912"}],"wp:term":[{"taxonomy":"product_brand","embeddable":true,"href":"https:\/\/customizedwaterbottles.com\/es\/wp-json\/wp\/v2\/product_brand?post=2912"},{"taxonomy":"product_cat","embeddable":true,"href":"https:\/\/customizedwaterbottles.com\/es\/wp-json\/wp\/v2\/product_cat?post=2912"},{"taxonomy":"product_tag","embeddable":true,"href":"https:\/\/customizedwaterbottles.com\/es\/wp-json\/wp\/v2\/product_tag?post=2912"}],"curies":[{"name":"wp","href":"https:\/\/api.w.org\/{rel}","templated":true}]}}