{"id":2984,"date":"2025-07-17T02:56:17","date_gmt":"2025-07-17T02:56:17","guid":{"rendered":"https:\/\/customizedwaterbottles.com\/?post_type=product&#038;p=2984"},"modified":"2025-07-17T03:45:53","modified_gmt":"2025-07-17T03:45:53","slug":"kids-insulation-stainless-steel-tumbler-with-spill-resistant-flexible-straw","status":"publish","type":"product","link":"https:\/\/customizedwaterbottles.com\/es\/product\/kids-insulation-stainless-steel-tumbler-with-spill-resistant-flexible-straw\/","title":{"rendered":"Vaso de acero inoxidable aislante para ni\u00f1os con pajita flexible resistente a salpicaduras 1081612T"},"content":{"rendered":"<table>\n<tbody>\n<tr>\n<td width=\"426\">Nombre del producto<\/td>\n<td width=\"426\">Vaso de acero inoxidable con aislamiento para ni\u00f1os y pajita flexible resistente a salpicaduras<\/td>\n<\/tr>\n<tr>\n<td width=\"426\">Capacidad<\/td>\n<td width=\"426\">12 onzas<\/td>\n<\/tr>\n<tr>\n<td width=\"426\">Material<\/td>\n<td width=\"426\">Doble pared de acero inoxidable<\/td>\n<\/tr>\n<tr>\n<td width=\"426\">Color<\/td>\n<td width=\"426\">Pintura brillante, pintura mate, recubrimiento en polvo, etc.<\/td>\n<\/tr>\n<tr>\n<td width=\"426\">Logotipo<\/td>\n<td width=\"426\">Serigraf\u00eda, impresi\u00f3n por transferencia t\u00e9rmica, grabado por l\u00e1ser, transferencia por agua, etc.<\/td>\n<\/tr>\n<tr>\n<td width=\"426\">MOQ<\/td>\n<td width=\"426\">50 unidades<\/td>\n<\/tr>\n<tr>\n<td width=\"426\">Tiempo de muestreo<\/td>\n<td width=\"426\">3-7 d\u00edas para dise\u00f1os personalizados<\/td>\n<\/tr>\n<tr>\n<td width=\"426\">Certificaci\u00f3n<\/td>\n<td width=\"426\">FDA, LFGB<\/td>\n<\/tr>\n<tr>\n<td width=\"426\">Embalaje<\/td>\n<td width=\"426\">Caja blanca, caja de color o caja con dise\u00f1o personalizado<\/td>\n<\/tr>\n<tr>\n<td width=\"426\">Capacidad de producci\u00f3n<\/td>\n<td width=\"426\">500.000 unidades al mes<\/td>\n<\/tr>\n<tr>\n<td width=\"426\">Plazo de entrega<\/td>\n<td width=\"426\">25-35 d\u00edas para cantidades inferiores a 20.000 unidades<\/td>\n<\/tr>\n<\/tbody>\n<\/table>\n<h2><strong>\u00bfPor qu\u00e9 elegir el vaso de acero inoxidable aislante con pajita flexible resistente a salpicaduras Ifun Kids?<\/strong><\/h2>\n<p><span style=\"color: #000000;\"><strong>1.Control de temperatura durante todo el d\u00eda<\/strong><\/span><\/p>\n<p>El aislamiento al vac\u00edo de doble pared de Ifun mantiene la temperatura durante mucho m\u00e1s tiempo que las botellas normales. Tanto si est\u00e1s trabajando, estudiando, viajando o aventur\u00e1ndote al aire libre, disfruta de tus bebidas a la temperatura perfecta en cualquier momento.<\/p>\n<p><span style=\"color: #000000;\"><strong>2.Fabricado con materiales de primera calidad<\/strong><\/span><\/p>\n<p>Fabricado por dentro y por fuera con acero inoxidable 304 de alta calidad apto para uso alimentario, es seguro para todo tipo de bebidas, no tiene sabores extra\u00f1os y es muy resistente a golpes y ara\u00f1azos.<span class=\"a-list-item\">El acero inoxidable aislado mantiene las bebidas fr\u00edas durante el juego y las aventuras, mant\u00e9n la calma este tumblr no es para usar con l\u00edquidos calientes, carbonatados o perecederos.<\/span><\/p>\n<p><span style=\"color: #000000;\"><strong>3.Dise\u00f1o \u00fanico de la tapa<\/strong><\/span><\/p>\n<p>Vaso aislado de acero inoxidable de 12 onzas de Ifun, f\u00e1cil de beber y de limpiar<br \/>\nTapa resistente a salpicaduras para reducir el desorden y el estr\u00e9s; perfecto para casa, para beber en el asiento infantil y para relajarse en el portavasos del cochecito.<br \/>\nPajita extra\u00edble, reutilizable y f\u00e1cil de limpiar: Para quitar la junta de la pajita, retire la tapa, luego empuje la pajita a trav\u00e9s de la tapa desde la parte superior y l\u00edmpiela, \u00a1as\u00ed de f\u00e1cil!<\/p>\n<p><span style=\"color: #000000;\"><strong>4.Elecci\u00f3n de capacidad m\u00faltiple<\/strong><\/span><\/p>\n<p>Con una capacidad de 450 ml, este vaso es perfecto para bebedores empedernidos, amantes del fitness o profesionales de oficina.<\/p>\n<p><span style=\"color: #000000;\"><strong>5.Exterior sin sudor<\/strong><\/span><\/p>\n<p>Nuestro termo con aislamiento al vac\u00edo no s\u00f3lo mantiene fr\u00edas las bebidas, sino que tambi\u00e9n mantiene seco el exterior. Ya no tendr\u00e1 que preocuparse de que la condensaci\u00f3n de las bebidas fr\u00edas le moje las manos o la mesa.<\/p>\n<p><span style=\"color: #000000;\"><strong>6. M\u00e1s de 15 a\u00f1os de experiencia en fabricaci\u00f3n<\/strong><\/span><\/p>\n<p>Ifun centrarse en productos drinkware m\u00e1s de 15years, nuestro producto incluye vaso de acero inoxidable, botellas de agua aisladas al vac\u00edo, tazas de viaje, tazas termo etc.. Tenemos equipos profesionales para asegurarse de que los productos de alta calidad.<\/p>\n<p><span style=\"color: #000000;\"><strong>7.Servicio OEM y ODM disponible<\/strong><\/span><\/p>\n<p>Como fabricante de botellas de acero inoxidable, Ifun ofrece servicios OEM y ODM a nuestros clientes. No importa colores, logotipos, envases o tama\u00f1os, tambi\u00e9n podemos personalizar para usted.<\/p>\n<p><img decoding=\"async\" class=\"alignnone  wp-image-2987\" src=\"https:\/\/customizedwaterbottles.com\/wp-content\/uploads\/2025\/07\/owala-kids-tumbler-3.webp\" alt=\"\" width=\"799\" height=\"799\" srcset=\"https:\/\/customizedwaterbottles.com\/wp-content\/uploads\/2025\/07\/owala-kids-tumbler-3.webp 1200w, https:\/\/customizedwaterbottles.com\/wp-content\/uploads\/2025\/07\/owala-kids-tumbler-3-1024x1024.webp 1024w, https:\/\/customizedwaterbottles.com\/wp-content\/uploads\/2025\/07\/owala-kids-tumbler-3-768x768.webp 768w, https:\/\/customizedwaterbottles.com\/wp-content\/uploads\/2025\/07\/owala-kids-tumbler-3-300x300.webp 300w, https:\/\/customizedwaterbottles.com\/wp-content\/uploads\/2025\/07\/owala-kids-tumbler-3-600x600.webp 600w, https:\/\/customizedwaterbottles.com\/wp-content\/uploads\/2025\/07\/owala-kids-tumbler-3-100x100.webp 100w\" sizes=\"(max-width: 799px) 100vw, 799px\" \/><\/p>\n<p><img decoding=\"async\" class=\"alignnone size-medium wp-image-2986\" src=\"https:\/\/customizedwaterbottles.com\/wp-content\/uploads\/2025\/07\/owala-kids-tumbler-2.webp\" alt=\"\" width=\"800\" height=\"800\" srcset=\"https:\/\/customizedwaterbottles.com\/wp-content\/uploads\/2025\/07\/owala-kids-tumbler-2.webp 800w, https:\/\/customizedwaterbottles.com\/wp-content\/uploads\/2025\/07\/owala-kids-tumbler-2-768x768.webp 768w, https:\/\/customizedwaterbottles.com\/wp-content\/uploads\/2025\/07\/owala-kids-tumbler-2-300x300.webp 300w, https:\/\/customizedwaterbottles.com\/wp-content\/uploads\/2025\/07\/owala-kids-tumbler-2-600x600.webp 600w, https:\/\/customizedwaterbottles.com\/wp-content\/uploads\/2025\/07\/owala-kids-tumbler-2-100x100.webp 100w\" sizes=\"(max-width: 800px) 100vw, 800px\" \/> \u00a0<img decoding=\"async\" class=\"alignnone size-medium wp-image-2988\" src=\"https:\/\/customizedwaterbottles.com\/wp-content\/uploads\/2025\/07\/owala-kids-tumbler-4.webp\" alt=\"\" width=\"800\" height=\"800\" srcset=\"https:\/\/customizedwaterbottles.com\/wp-content\/uploads\/2025\/07\/owala-kids-tumbler-4.webp 800w, https:\/\/customizedwaterbottles.com\/wp-content\/uploads\/2025\/07\/owala-kids-tumbler-4-768x768.webp 768w, https:\/\/customizedwaterbottles.com\/wp-content\/uploads\/2025\/07\/owala-kids-tumbler-4-300x300.webp 300w, https:\/\/customizedwaterbottles.com\/wp-content\/uploads\/2025\/07\/owala-kids-tumbler-4-600x600.webp 600w, https:\/\/customizedwaterbottles.com\/wp-content\/uploads\/2025\/07\/owala-kids-tumbler-4-100x100.webp 100w\" sizes=\"(max-width: 800px) 100vw, 800px\" \/> <img decoding=\"async\" class=\"alignnone size-medium wp-image-2989\" src=\"https:\/\/customizedwaterbottles.com\/wp-content\/uploads\/2025\/07\/owala-kids-tumbler-5.webp\" alt=\"\" width=\"800\" height=\"800\" srcset=\"https:\/\/customizedwaterbottles.com\/wp-content\/uploads\/2025\/07\/owala-kids-tumbler-5.webp 800w, https:\/\/customizedwaterbottles.com\/wp-content\/uploads\/2025\/07\/owala-kids-tumbler-5-768x768.webp 768w, https:\/\/customizedwaterbottles.com\/wp-content\/uploads\/2025\/07\/owala-kids-tumbler-5-300x300.webp 300w, https:\/\/customizedwaterbottles.com\/wp-content\/uploads\/2025\/07\/owala-kids-tumbler-5-600x600.webp 600w, https:\/\/customizedwaterbottles.com\/wp-content\/uploads\/2025\/07\/owala-kids-tumbler-5-100x100.webp 100w\" sizes=\"(max-width: 800px) 100vw, 800px\" \/> <img decoding=\"async\" class=\"alignnone size-medium wp-image-2990\" src=\"https:\/\/customizedwaterbottles.com\/wp-content\/uploads\/2025\/07\/owala-kids-tumbler-6.webp\" alt=\"\" width=\"800\" height=\"800\" srcset=\"https:\/\/customizedwaterbottles.com\/wp-content\/uploads\/2025\/07\/owala-kids-tumbler-6.webp 800w, https:\/\/customizedwaterbottles.com\/wp-content\/uploads\/2025\/07\/owala-kids-tumbler-6-768x768.webp 768w, https:\/\/customizedwaterbottles.com\/wp-content\/uploads\/2025\/07\/owala-kids-tumbler-6-300x300.webp 300w, https:\/\/customizedwaterbottles.com\/wp-content\/uploads\/2025\/07\/owala-kids-tumbler-6-600x600.webp 600w, https:\/\/customizedwaterbottles.com\/wp-content\/uploads\/2025\/07\/owala-kids-tumbler-6-100x100.webp 100w\" sizes=\"(max-width: 800px) 100vw, 800px\" \/> <img decoding=\"async\" class=\"alignnone size-full wp-image-2985\" src=\"https:\/\/customizedwaterbottles.com\/wp-content\/uploads\/2025\/07\/owala-kids-tumbler-1.webp\" alt=\"\" width=\"800\" height=\"800\" srcset=\"https:\/\/customizedwaterbottles.com\/wp-content\/uploads\/2025\/07\/owala-kids-tumbler-1.webp 800w, https:\/\/customizedwaterbottles.com\/wp-content\/uploads\/2025\/07\/owala-kids-tumbler-1-768x768.webp 768w, https:\/\/customizedwaterbottles.com\/wp-content\/uploads\/2025\/07\/owala-kids-tumbler-1-300x300.webp 300w, https:\/\/customizedwaterbottles.com\/wp-content\/uploads\/2025\/07\/owala-kids-tumbler-1-600x600.webp 600w, https:\/\/customizedwaterbottles.com\/wp-content\/uploads\/2025\/07\/owala-kids-tumbler-1-100x100.webp 100w\" sizes=\"(max-width: 800px) 100vw, 800px\" \/><\/p>","protected":false},"excerpt":{"rendered":"<h3><strong>Caracter\u00edsticas del producto:<\/strong><\/h3>\n<ul>\n<li><strong>Retenci\u00f3n superior de la temperatura:<\/strong> Con tecnolog\u00eda de aislamiento al vac\u00edo de doble pared, que mantiene las bebidas calientes, como el caf\u00e9, calientes durante horas y las bebidas fr\u00edas tambi\u00e9n durante horas.<\/li>\n<li><strong>C\u00f3moda tapa abatible:<\/strong> Equipado con una tapa abatible f\u00e1cil de usar que se abre suavemente con una sola mano para beber y se cierra con seguridad para evitar fugas durante el viaje.<\/li>\n<li><strong>Capacidad de 500 ml:<\/strong> Ofrece un volumen considerable de 450 ml, perfecto para caf\u00e9, t\u00e9 u otra bebida, lo que reduce la necesidad de rellenarlo con frecuencia.<\/li>\n<li><strong>Dise\u00f1o a prueba de fugas:<\/strong> Dise\u00f1ado con una junta de silicona segura en el interior de la tapa, que garantiza un cierre herm\u00e9tico para evitar fugas y derrames cuando est\u00e1 cerrado, incluso cuando se vuelca.<\/li>\n<li><strong>Construcci\u00f3n duradera de acero inoxidable:<\/strong> Fabricado en acero inoxidable 18\/8 de alta calidad para uso alimentario, por lo que es resistente al \u00f3xido, la corrosi\u00f3n y las abolladuras, y no retiene sabores ni olores.<\/li>\n<li><strong>Exterior a prueba de sudor:<\/strong> La estructura de aislamiento al vac\u00edo evita que se forme condensaci\u00f3n en la pared exterior, manteniendo las manos secas y las superficies limpias, tanto si se sostiene una bebida fr\u00eda como una caliente.<\/li>\n<\/ul>\n<h3><strong>Servicios personalizados:<\/strong><\/h3>\n<ul>\n<li><strong>Logotipo y dise\u00f1o:<\/strong> Las botellas de acero inoxidable Ifun admiten el logotipo personalizado de su marca. Podemos hacer que su logotipo y el dise\u00f1o con serigraf\u00eda, grabado l\u00e1ser, transferencia de calor, impresi\u00f3n 3D, impresi\u00f3n UV, etc.<\/li>\n<li><strong>Color:<\/strong> Los colores se pueden personalizar seg\u00fan el n\u00famero de color pantone, podemos hacerlo con acabado mate, pintura brillante, recubrimiento en polvo, etc.<\/li>\n<li><strong>Capacidad:<\/strong> Tenemos 450 ml de capacidad, otra capacidad tambi\u00e9n podemos personalizar para usted.<\/li>\n<li><strong>Tapas: <\/strong>100% Tapa herm\u00e9tica BPA FREE, el color se puede personalizar.<\/li>\n<li><strong>Paquete: <\/strong>Caja de color, caja blanca, caja de regalo, caja de cart\u00f3n marr\u00f3n, caja cil\u00edndrica, etc.<\/li>\n<\/ul>","protected":false},"featured_media":2993,"comment_status":"open","ping_status":"closed","template":"","meta":[],"product_brand":[],"product_cat":[23,34],"product_tag":[116,117,115],"class_list":{"0":"post-2984","1":"product","2":"type-product","3":"status-publish","4":"has-post-thumbnail","6":"product_cat-insulated-tumblers-mugs","7":"product_cat-kids-drinkware","8":"product_tag-kids-insulation-stainless-steel-tumbler-with-spill-resistant-flexible-straw","9":"product_tag-kids-insulation-tumbler","10":"product_tag-kids-tumbler","12":"first","13":"instock","14":"shipping-taxable","15":"product-type-simple"},"yoast_head":"<!-- This site is optimized with the Yoast SEO plugin v25.4 - https:\/\/yoast.com\/wordpress\/plugins\/seo\/ -->\n<title>Kids Insulation Stainless Steel Tumbler with Spill Resistant Flexible Straw<\/title>\n<meta name=\"description\" content=\"12oz insulated stainless steel kids tumbler with spill-resistant flexible straw. Easy to clean, dishwasher safe &amp; perfect for travel. Keep drinks cold on the go!\" \/>\n<meta name=\"robots\" content=\"index, follow, max-snippet:-1, max-image-preview:large, max-video-preview:-1\" \/>\n<link rel=\"canonical\" href=\"https:\/\/customizedwaterbottles.com\/es\/product\/kids-insulation-stainless-steel-tumbler-with-spill-resistant-flexible-straw\/\" \/>\n<meta property=\"og:locale\" content=\"es_ES\" \/>\n<meta property=\"og:type\" content=\"article\" \/>\n<meta property=\"og:title\" content=\"Kids Insulation Stainless Steel Tumbler with Spill Resistant Flexible Straw\" \/>\n<meta property=\"og:description\" content=\"12oz insulated stainless steel kids tumbler with spill-resistant flexible straw. Easy to clean, dishwasher safe &amp; perfect for travel. Keep drinks cold on the go!\" \/>\n<meta property=\"og:url\" content=\"https:\/\/customizedwaterbottles.com\/es\/product\/kids-insulation-stainless-steel-tumbler-with-spill-resistant-flexible-straw\/\" \/>\n<meta property=\"og:site_name\" content=\"iFun\" \/>\n<meta property=\"article:modified_time\" content=\"2025-07-17T03:45:53+00:00\" \/>\n<meta property=\"og:image\" content=\"https:\/\/customizedwaterbottles.com\/wp-content\/uploads\/2025\/07\/owala-kids-tumbler-9.webp\" \/>\n\t<meta property=\"og:image:width\" content=\"1600\" \/>\n\t<meta property=\"og:image:height\" content=\"1600\" \/>\n\t<meta property=\"og:image:type\" content=\"image\/webp\" \/>\n<meta name=\"twitter:card\" content=\"summary_large_image\" \/>\n<meta name=\"twitter:label1\" content=\"Tiempo de lectura\" \/>\n\t<meta name=\"twitter:data1\" content=\"3 minutos\" \/>\n<script type=\"application\/ld+json\" class=\"yoast-schema-graph\">{\"@context\":\"https:\/\/schema.org\",\"@graph\":[{\"@type\":\"WebPage\",\"@id\":\"https:\/\/customizedwaterbottles.com\/product\/kids-insulation-stainless-steel-tumbler-with-spill-resistant-flexible-straw\/\",\"url\":\"https:\/\/customizedwaterbottles.com\/product\/kids-insulation-stainless-steel-tumbler-with-spill-resistant-flexible-straw\/\",\"name\":\"Kids Insulation Stainless Steel Tumbler with Spill Resistant Flexible Straw\",\"isPartOf\":{\"@id\":\"https:\/\/customizedwaterbottles.com\/#website\"},\"primaryImageOfPage\":{\"@id\":\"https:\/\/customizedwaterbottles.com\/product\/kids-insulation-stainless-steel-tumbler-with-spill-resistant-flexible-straw\/#primaryimage\"},\"image\":{\"@id\":\"https:\/\/customizedwaterbottles.com\/product\/kids-insulation-stainless-steel-tumbler-with-spill-resistant-flexible-straw\/#primaryimage\"},\"thumbnailUrl\":\"https:\/\/customizedwaterbottles.com\/wp-content\/uploads\/2025\/07\/owala-kids-tumbler-9.webp\",\"datePublished\":\"2025-07-17T02:56:17+00:00\",\"dateModified\":\"2025-07-17T03:45:53+00:00\",\"description\":\"12oz insulated stainless steel kids tumbler with spill-resistant flexible straw. Easy to clean, dishwasher safe & perfect for travel. Keep drinks cold on the go!\",\"breadcrumb\":{\"@id\":\"https:\/\/customizedwaterbottles.com\/product\/kids-insulation-stainless-steel-tumbler-with-spill-resistant-flexible-straw\/#breadcrumb\"},\"inLanguage\":\"es\",\"potentialAction\":[{\"@type\":\"ReadAction\",\"target\":[\"https:\/\/customizedwaterbottles.com\/product\/kids-insulation-stainless-steel-tumbler-with-spill-resistant-flexible-straw\/\"]}]},{\"@type\":\"ImageObject\",\"inLanguage\":\"es\",\"@id\":\"https:\/\/customizedwaterbottles.com\/product\/kids-insulation-stainless-steel-tumbler-with-spill-resistant-flexible-straw\/#primaryimage\",\"url\":\"https:\/\/customizedwaterbottles.com\/wp-content\/uploads\/2025\/07\/owala-kids-tumbler-9.webp\",\"contentUrl\":\"https:\/\/customizedwaterbottles.com\/wp-content\/uploads\/2025\/07\/owala-kids-tumbler-9.webp\",\"width\":1600,\"height\":1600},{\"@type\":\"BreadcrumbList\",\"@id\":\"https:\/\/customizedwaterbottles.com\/product\/kids-insulation-stainless-steel-tumbler-with-spill-resistant-flexible-straw\/#breadcrumb\",\"itemListElement\":[{\"@type\":\"ListItem\",\"position\":1,\"name\":\"Home\",\"item\":\"https:\/\/customizedwaterbottles.com\/\"},{\"@type\":\"ListItem\",\"position\":2,\"name\":\"Products\",\"item\":\"https:\/\/customizedwaterbottles.com\/wholesale-drinkware-manufacturer-water-bottles-tumblers\/\"},{\"@type\":\"ListItem\",\"position\":3,\"name\":\"Kids Insulation Stainless Steel Tumbler with Spill Resistant Flexible Straw 1081612T\"}]},{\"@type\":\"WebSite\",\"@id\":\"https:\/\/customizedwaterbottles.com\/#website\",\"url\":\"https:\/\/customizedwaterbottles.com\/\",\"name\":\"iFun\",\"description\":\"Water Bottles Stainless Steel Vacuum Flask\",\"potentialAction\":[{\"@type\":\"SearchAction\",\"target\":{\"@type\":\"EntryPoint\",\"urlTemplate\":\"https:\/\/customizedwaterbottles.com\/?s={search_term_string}\"},\"query-input\":{\"@type\":\"PropertyValueSpecification\",\"valueRequired\":true,\"valueName\":\"search_term_string\"}}],\"inLanguage\":\"es\"}]}<\/script>\n<!-- \/ Yoast SEO plugin. -->","yoast_head_json":{"title":"Kids Insulation Stainless Steel Tumbler with Spill Resistant Flexible Straw","description":"12oz insulated stainless steel kids tumbler with spill-resistant flexible straw. Easy to clean, dishwasher safe & perfect for travel. Keep drinks cold on the go!","robots":{"index":"index","follow":"follow","max-snippet":"max-snippet:-1","max-image-preview":"max-image-preview:large","max-video-preview":"max-video-preview:-1"},"canonical":"https:\/\/customizedwaterbottles.com\/es\/product\/kids-insulation-stainless-steel-tumbler-with-spill-resistant-flexible-straw\/","og_locale":"es_ES","og_type":"article","og_title":"Kids Insulation Stainless Steel Tumbler with Spill Resistant Flexible Straw","og_description":"12oz insulated stainless steel kids tumbler with spill-resistant flexible straw. Easy to clean, dishwasher safe & perfect for travel. Keep drinks cold on the go!","og_url":"https:\/\/customizedwaterbottles.com\/es\/product\/kids-insulation-stainless-steel-tumbler-with-spill-resistant-flexible-straw\/","og_site_name":"iFun","article_modified_time":"2025-07-17T03:45:53+00:00","og_image":[{"width":1600,"height":1600,"url":"https:\/\/customizedwaterbottles.com\/wp-content\/uploads\/2025\/07\/owala-kids-tumbler-9.webp","type":"image\/webp"}],"twitter_card":"summary_large_image","twitter_misc":{"Tiempo de lectura":"3 minutos"},"schema":{"@context":"https:\/\/schema.org","@graph":[{"@type":"WebPage","@id":"https:\/\/customizedwaterbottles.com\/product\/kids-insulation-stainless-steel-tumbler-with-spill-resistant-flexible-straw\/","url":"https:\/\/customizedwaterbottles.com\/product\/kids-insulation-stainless-steel-tumbler-with-spill-resistant-flexible-straw\/","name":"Kids Insulation Stainless Steel Tumbler with Spill Resistant Flexible Straw","isPartOf":{"@id":"https:\/\/customizedwaterbottles.com\/#website"},"primaryImageOfPage":{"@id":"https:\/\/customizedwaterbottles.com\/product\/kids-insulation-stainless-steel-tumbler-with-spill-resistant-flexible-straw\/#primaryimage"},"image":{"@id":"https:\/\/customizedwaterbottles.com\/product\/kids-insulation-stainless-steel-tumbler-with-spill-resistant-flexible-straw\/#primaryimage"},"thumbnailUrl":"https:\/\/customizedwaterbottles.com\/wp-content\/uploads\/2025\/07\/owala-kids-tumbler-9.webp","datePublished":"2025-07-17T02:56:17+00:00","dateModified":"2025-07-17T03:45:53+00:00","description":"12oz insulated stainless steel kids tumbler with spill-resistant flexible straw. Easy to clean, dishwasher safe & perfect for travel. Keep drinks cold on the go!","breadcrumb":{"@id":"https:\/\/customizedwaterbottles.com\/product\/kids-insulation-stainless-steel-tumbler-with-spill-resistant-flexible-straw\/#breadcrumb"},"inLanguage":"es","potentialAction":[{"@type":"ReadAction","target":["https:\/\/customizedwaterbottles.com\/product\/kids-insulation-stainless-steel-tumbler-with-spill-resistant-flexible-straw\/"]}]},{"@type":"ImageObject","inLanguage":"es","@id":"https:\/\/customizedwaterbottles.com\/product\/kids-insulation-stainless-steel-tumbler-with-spill-resistant-flexible-straw\/#primaryimage","url":"https:\/\/customizedwaterbottles.com\/wp-content\/uploads\/2025\/07\/owala-kids-tumbler-9.webp","contentUrl":"https:\/\/customizedwaterbottles.com\/wp-content\/uploads\/2025\/07\/owala-kids-tumbler-9.webp","width":1600,"height":1600},{"@type":"BreadcrumbList","@id":"https:\/\/customizedwaterbottles.com\/product\/kids-insulation-stainless-steel-tumbler-with-spill-resistant-flexible-straw\/#breadcrumb","itemListElement":[{"@type":"ListItem","position":1,"name":"Home","item":"https:\/\/customizedwaterbottles.com\/"},{"@type":"ListItem","position":2,"name":"Products","item":"https:\/\/customizedwaterbottles.com\/wholesale-drinkware-manufacturer-water-bottles-tumblers\/"},{"@type":"ListItem","position":3,"name":"Kids Insulation Stainless Steel Tumbler with Spill Resistant Flexible Straw 1081612T"}]},{"@type":"WebSite","@id":"https:\/\/customizedwaterbottles.com\/#website","url":"https:\/\/customizedwaterbottles.com\/","name":"iFun","description":"Water Bottles Stainless Steel Vacuum Flask","potentialAction":[{"@type":"SearchAction","target":{"@type":"EntryPoint","urlTemplate":"https:\/\/customizedwaterbottles.com\/?s={search_term_string}"},"query-input":{"@type":"PropertyValueSpecification","valueRequired":true,"valueName":"search_term_string"}}],"inLanguage":"es"}]}},"_links":{"self":[{"href":"https:\/\/customizedwaterbottles.com\/es\/wp-json\/wp\/v2\/product\/2984","targetHints":{"allow":["GET"]}}],"collection":[{"href":"https:\/\/customizedwaterbottles.com\/es\/wp-json\/wp\/v2\/product"}],"about":[{"href":"https:\/\/customizedwaterbottles.com\/es\/wp-json\/wp\/v2\/types\/product"}],"replies":[{"embeddable":true,"href":"https:\/\/customizedwaterbottles.com\/es\/wp-json\/wp\/v2\/comments?post=2984"}],"wp:featuredmedia":[{"embeddable":true,"href":"https:\/\/customizedwaterbottles.com\/es\/wp-json\/wp\/v2\/media\/2993"}],"wp:attachment":[{"href":"https:\/\/customizedwaterbottles.com\/es\/wp-json\/wp\/v2\/media?parent=2984"}],"wp:term":[{"taxonomy":"product_brand","embeddable":true,"href":"https:\/\/customizedwaterbottles.com\/es\/wp-json\/wp\/v2\/product_brand?post=2984"},{"taxonomy":"product_cat","embeddable":true,"href":"https:\/\/customizedwaterbottles.com\/es\/wp-json\/wp\/v2\/product_cat?post=2984"},{"taxonomy":"product_tag","embeddable":true,"href":"https:\/\/customizedwaterbottles.com\/es\/wp-json\/wp\/v2\/product_tag?post=2984"}],"curies":[{"name":"wp","href":"https:\/\/api.w.org\/{rel}","templated":true}]}}