{"id":3121,"date":"2025-07-19T08:42:03","date_gmt":"2025-07-19T08:42:03","guid":{"rendered":"https:\/\/customizedwaterbottles.com\/?post_type=product&#038;p=3121"},"modified":"2025-07-19T08:54:00","modified_gmt":"2025-07-19T08:54:00","slug":"classic-vacuum-bottle-bpa-free-insulated-wide-mouth-stainless-steel-thermos-with-leakproof-cup-lid","status":"publish","type":"product","link":"https:\/\/customizedwaterbottles.com\/es\/product\/classic-vacuum-bottle-bpa-free-insulated-wide-mouth-stainless-steel-thermos-with-leakproof-cup-lid\/","title":{"rendered":"Botella de vac\u00edo cl\u00e1sica Termo de acero inoxidable de boca ancha con aislamiento sin BPA y tapa a prueba de fugas 1081611W"},"content":{"rendered":"<table>\n<tbody>\n<tr>\n<td width=\"426\">Nombre del producto<\/td>\n<td width=\"426\">Classic Vacuum Bottle BPA-Free Insulated Wide Mouth Stainless Steel Thermos with Leakproof Cup Lid<\/td>\n<\/tr>\n<tr>\n<td width=\"426\">Capacidad<\/td>\n<td width=\"426\">750ml 1000ml 1300ml<\/td>\n<\/tr>\n<tr>\n<td width=\"426\">Material<\/td>\n<td width=\"426\">Doble pared de acero inoxidable<\/td>\n<\/tr>\n<tr>\n<td width=\"426\">Color<\/td>\n<td width=\"426\">Pintura brillante, pintura mate, recubrimiento en polvo, etc.<\/td>\n<\/tr>\n<tr>\n<td width=\"426\">Logotipo<\/td>\n<td width=\"426\">Serigraf\u00eda, impresi\u00f3n por transferencia t\u00e9rmica, grabado por l\u00e1ser, transferencia por agua, etc.<\/td>\n<\/tr>\n<tr>\n<td width=\"426\">MOQ<\/td>\n<td width=\"426\">50 unidades<\/td>\n<\/tr>\n<tr>\n<td width=\"426\">Tiempo de muestreo<\/td>\n<td width=\"426\">3-7 d\u00edas para dise\u00f1os personalizados<\/td>\n<\/tr>\n<tr>\n<td width=\"426\">Certificaci\u00f3n<\/td>\n<td width=\"426\">FDA, LFGB<\/td>\n<\/tr>\n<tr>\n<td width=\"426\">Embalaje<\/td>\n<td width=\"426\">Caja blanca, caja de color o caja con dise\u00f1o personalizado<\/td>\n<\/tr>\n<tr>\n<td width=\"426\">Capacidad de producci\u00f3n<\/td>\n<td width=\"426\">500.000 unidades al mes<\/td>\n<\/tr>\n<tr>\n<td width=\"426\">Plazo de entrega<\/td>\n<td width=\"426\">25-35 d\u00edas para cantidades inferiores a 20.000 unidades<\/td>\n<\/tr>\n<\/tbody>\n<\/table>\n<h2><strong>\u00bfPor qu\u00e9 elegir las botellas de acero inoxidable aisladas al vac\u00edo Ifun?<\/strong><\/h2>\n<p><strong>1.Control de temperatura durante todo el d\u00eda<\/strong><\/p>\n<p>El aislamiento al vac\u00edo de doble pared de Ifun mantiene la temperatura durante mucho m\u00e1s tiempo que las botellas normales. Tanto si est\u00e1s trabajando, estudiando, viajando o aventur\u00e1ndote al aire libre, disfruta de tus bebidas a la temperatura perfecta en cualquier momento.<\/p>\n<p><strong>2.Fabricado con materiales de primera calidad<\/strong><\/p>\n<p>Fabricado por dentro y por fuera con acero inoxidable 304 de alta calidad apto para uso alimentario, es seguro para todo tipo de bebidas, no tiene sabores extra\u00f1os y es muy resistente a golpes y ara\u00f1azos.<\/p>\n<p><strong>3.Dise\u00f1o \u00fanico<\/strong><\/p>\n<p>MULTI-PURPOSE LID: The Stanley thermos is designed with a leak-resistant lid, so you can put it in your backpack without worrying about any spills The wide mouth of the thermos helps with easy pouring into the lid that doubles as an eight-ounce cup. Thermos material: Stainless steel.<\/p>\n<p><span class=\"a-list-item\">Tapa giratoria protectora a prueba de fugas; c\u00f3modo asa para facilitar el transporte<\/span><\/p>\n<p><strong>4.Dos Capacidades, Menos Recargas<\/strong><\/p>\n<p>Con una capacidad de 18oz 24oz, \u00a1sacia la sed durante medio d\u00eda! Este termo es perfecto para bebedores empedernidos, amantes del fitness o profesionales de oficina. Ll\u00e9nelo una vez y mant\u00e9ngase hidratado sin tener que rellenarlo constantemente: c\u00f3modo y eficaz.<\/p>\n<p><strong>5.Exterior sin sudor<\/strong><\/p>\n<p>Nuestro termo con aislamiento al vac\u00edo no s\u00f3lo mantiene fr\u00edas las bebidas, sino que tambi\u00e9n mantiene seco el exterior. Ya no tendr\u00e1 que preocuparse de que la condensaci\u00f3n de las bebidas fr\u00edas le moje las manos o la mesa.<\/p>\n<p><strong>6. M\u00e1s de 15 a\u00f1os de experiencia en fabricaci\u00f3n<\/strong><\/p>\n<p>Ifun centrarse en productos drinkware m\u00e1s de 15years, nuestro producto incluye vaso de acero inoxidable, botellas de agua aisladas al vac\u00edo, tazas de viaje, tazas termo etc.. Tenemos equipos profesionales para asegurarse de que los productos de alta calidad.<\/p>\n<p>7.Servicio OEM y ODM disponible<\/p>\n<p>Como fabricante de botellas de acero inoxidable, Ifun ofrece servicios OEM y ODM a nuestros clientes. No importa colores, logotipos, envases o tama\u00f1os, tambi\u00e9n podemos personalizar para usted.<\/p>\n[post-link-list]\n<p><img decoding=\"async\" class=\"alignnone size-medium wp-image-3128\" src=\"https:\/\/customizedwaterbottles.com\/wp-content\/uploads\/2025\/07\/Stanley-Heritage-Classic-Vacuum-Bottle-with-Handle-1.1-qt-7.webp\" alt=\"\" width=\"800\" height=\"800\" srcset=\"https:\/\/customizedwaterbottles.com\/wp-content\/uploads\/2025\/07\/Stanley-Heritage-Classic-Vacuum-Bottle-with-Handle-1.1-qt-7.webp 800w, https:\/\/customizedwaterbottles.com\/wp-content\/uploads\/2025\/07\/Stanley-Heritage-Classic-Vacuum-Bottle-with-Handle-1.1-qt-7-768x768.webp 768w, https:\/\/customizedwaterbottles.com\/wp-content\/uploads\/2025\/07\/Stanley-Heritage-Classic-Vacuum-Bottle-with-Handle-1.1-qt-7-300x300.webp 300w, https:\/\/customizedwaterbottles.com\/wp-content\/uploads\/2025\/07\/Stanley-Heritage-Classic-Vacuum-Bottle-with-Handle-1.1-qt-7-600x600.webp 600w, https:\/\/customizedwaterbottles.com\/wp-content\/uploads\/2025\/07\/Stanley-Heritage-Classic-Vacuum-Bottle-with-Handle-1.1-qt-7-100x100.webp 100w\" sizes=\"(max-width: 800px) 100vw, 800px\" \/>\u00a0<img decoding=\"async\" class=\"alignnone size-medium wp-image-3123\" src=\"https:\/\/customizedwaterbottles.com\/wp-content\/uploads\/2025\/07\/Stanley-Heritage-Classic-Vacuum-Bottle-with-Handle-1.1-qt-2.webp\" alt=\"\" width=\"1426\" height=\"1500\" srcset=\"https:\/\/customizedwaterbottles.com\/wp-content\/uploads\/2025\/07\/Stanley-Heritage-Classic-Vacuum-Bottle-with-Handle-1.1-qt-2.webp 1426w, https:\/\/customizedwaterbottles.com\/wp-content\/uploads\/2025\/07\/Stanley-Heritage-Classic-Vacuum-Bottle-with-Handle-1.1-qt-2-973x1024.webp 973w, https:\/\/customizedwaterbottles.com\/wp-content\/uploads\/2025\/07\/Stanley-Heritage-Classic-Vacuum-Bottle-with-Handle-1.1-qt-2-768x808.webp 768w, https:\/\/customizedwaterbottles.com\/wp-content\/uploads\/2025\/07\/Stanley-Heritage-Classic-Vacuum-Bottle-with-Handle-1.1-qt-2-600x631.webp 600w\" sizes=\"(max-width: 1426px) 100vw, 1426px\" \/> <img decoding=\"async\" class=\"alignnone size-medium wp-image-3124\" src=\"https:\/\/customizedwaterbottles.com\/wp-content\/uploads\/2025\/07\/Stanley-Heritage-Classic-Vacuum-Bottle-with-Handle-1.1-qt-3.webp\" alt=\"\" width=\"1500\" height=\"1500\" srcset=\"https:\/\/customizedwaterbottles.com\/wp-content\/uploads\/2025\/07\/Stanley-Heritage-Classic-Vacuum-Bottle-with-Handle-1.1-qt-3.webp 1500w, https:\/\/customizedwaterbottles.com\/wp-content\/uploads\/2025\/07\/Stanley-Heritage-Classic-Vacuum-Bottle-with-Handle-1.1-qt-3-1024x1024.webp 1024w, https:\/\/customizedwaterbottles.com\/wp-content\/uploads\/2025\/07\/Stanley-Heritage-Classic-Vacuum-Bottle-with-Handle-1.1-qt-3-768x768.webp 768w, https:\/\/customizedwaterbottles.com\/wp-content\/uploads\/2025\/07\/Stanley-Heritage-Classic-Vacuum-Bottle-with-Handle-1.1-qt-3-300x300.webp 300w, https:\/\/customizedwaterbottles.com\/wp-content\/uploads\/2025\/07\/Stanley-Heritage-Classic-Vacuum-Bottle-with-Handle-1.1-qt-3-600x600.webp 600w, https:\/\/customizedwaterbottles.com\/wp-content\/uploads\/2025\/07\/Stanley-Heritage-Classic-Vacuum-Bottle-with-Handle-1.1-qt-3-100x100.webp 100w\" sizes=\"(max-width: 1500px) 100vw, 1500px\" \/> <img decoding=\"async\" class=\"alignnone size-medium wp-image-3125\" src=\"https:\/\/customizedwaterbottles.com\/wp-content\/uploads\/2025\/07\/Stanley-Heritage-Classic-Vacuum-Bottle-with-Handle-1.1-qt-4.webp\" alt=\"\" width=\"1161\" height=\"1200\" srcset=\"https:\/\/customizedwaterbottles.com\/wp-content\/uploads\/2025\/07\/Stanley-Heritage-Classic-Vacuum-Bottle-with-Handle-1.1-qt-4.webp 1161w, https:\/\/customizedwaterbottles.com\/wp-content\/uploads\/2025\/07\/Stanley-Heritage-Classic-Vacuum-Bottle-with-Handle-1.1-qt-4-991x1024.webp 991w, https:\/\/customizedwaterbottles.com\/wp-content\/uploads\/2025\/07\/Stanley-Heritage-Classic-Vacuum-Bottle-with-Handle-1.1-qt-4-768x794.webp 768w, https:\/\/customizedwaterbottles.com\/wp-content\/uploads\/2025\/07\/Stanley-Heritage-Classic-Vacuum-Bottle-with-Handle-1.1-qt-4-600x620.webp 600w\" sizes=\"(max-width: 1161px) 100vw, 1161px\" \/> <img decoding=\"async\" class=\"alignnone size-medium wp-image-3126\" src=\"https:\/\/customizedwaterbottles.com\/wp-content\/uploads\/2025\/07\/Stanley-Heritage-Classic-Vacuum-Bottle-with-Handle-1.1-qt-5.webp\" alt=\"\" width=\"1112\" height=\"1022\" srcset=\"https:\/\/customizedwaterbottles.com\/wp-content\/uploads\/2025\/07\/Stanley-Heritage-Classic-Vacuum-Bottle-with-Handle-1.1-qt-5.webp 1112w, https:\/\/customizedwaterbottles.com\/wp-content\/uploads\/2025\/07\/Stanley-Heritage-Classic-Vacuum-Bottle-with-Handle-1.1-qt-5-1024x941.webp 1024w, https:\/\/customizedwaterbottles.com\/wp-content\/uploads\/2025\/07\/Stanley-Heritage-Classic-Vacuum-Bottle-with-Handle-1.1-qt-5-768x706.webp 768w, https:\/\/customizedwaterbottles.com\/wp-content\/uploads\/2025\/07\/Stanley-Heritage-Classic-Vacuum-Bottle-with-Handle-1.1-qt-5-600x551.webp 600w\" sizes=\"(max-width: 1112px) 100vw, 1112px\" \/> <img decoding=\"async\" class=\"alignnone size-full wp-image-3122\" src=\"https:\/\/customizedwaterbottles.com\/wp-content\/uploads\/2025\/07\/Stanley-Heritage-Classic-Vacuum-Bottle-with-Handle-1.1-qt-1.webp\" alt=\"\" width=\"800\" height=\"800\" srcset=\"https:\/\/customizedwaterbottles.com\/wp-content\/uploads\/2025\/07\/Stanley-Heritage-Classic-Vacuum-Bottle-with-Handle-1.1-qt-1.webp 800w, https:\/\/customizedwaterbottles.com\/wp-content\/uploads\/2025\/07\/Stanley-Heritage-Classic-Vacuum-Bottle-with-Handle-1.1-qt-1-768x768.webp 768w, https:\/\/customizedwaterbottles.com\/wp-content\/uploads\/2025\/07\/Stanley-Heritage-Classic-Vacuum-Bottle-with-Handle-1.1-qt-1-300x300.webp 300w, https:\/\/customizedwaterbottles.com\/wp-content\/uploads\/2025\/07\/Stanley-Heritage-Classic-Vacuum-Bottle-with-Handle-1.1-qt-1-600x600.webp 600w, https:\/\/customizedwaterbottles.com\/wp-content\/uploads\/2025\/07\/Stanley-Heritage-Classic-Vacuum-Bottle-with-Handle-1.1-qt-1-100x100.webp 100w\" sizes=\"(max-width: 800px) 100vw, 800px\" \/><\/p>","protected":false},"excerpt":{"rendered":"<h3><strong>Caracter\u00edsticas del producto:<\/strong><\/h3>\n<ul>\n<li><strong>Construcci\u00f3n de acero inoxidable de grado alimentario 18\/8 de primera calidad: <\/strong>Botellas de agua Ifun fabricadas en acero inoxidable 18\/8 (304) de alta calidad y resistente a la corrosi\u00f3n. Esto garantiza una pureza absoluta. No contiene BPA, ftalatos ni sustancias t\u00f3xicas, lo que garantiza una hidrataci\u00f3n segura. El robusto material resiste abolladuras, ara\u00f1azos y los rigores de las aventuras al aire libre, superando con creces la duraci\u00f3n de las botellas de pl\u00e1stico o aluminio.<\/li>\n<li><strong>Aislamiento al vac\u00edo avanzado de doble pared: <\/strong>Termo Ifun con tecnolog\u00eda superior de sellado al vac\u00edo entre paredes dobles de acero inoxidable. Esto crea una barrera t\u00e9rmica casi perfecta, manteniendo las bebidas heladas durante m\u00e1s de 24 horas o calientes durante m\u00e1s de 12 horas.<\/li>\n<li><strong>Versatilidad inigualable en capacidad:<\/strong> Este termo puede satisfacer sus necesidades de hidrataci\u00f3n en cualquier actividad. Ofrecemos una amplia gama de tama\u00f1os, normalmente desde los compactos 12 oz ,16oz,18oz para carreras r\u00e1pidas o ni\u00f1os, pasando por los populares 22oz,25oz para excursiones de un d\u00eda y sesiones de gimnasio, hasta los 32oz,40oz o m\u00e1s grandes para expediciones prolongadas, mochileros, o para minimizar las recargas.<\/li>\n<li><strong>Dise\u00f1o de tapa intercambiable y funcional: <\/strong>Puede elegir libremente la tapa que mejor se adapte a su actividad. Las opciones suelen incluir: tapa abatible a prueba de fugas, tapa con pajita a rosca, tapa de boca ancha, tapa con asa, etc. Todas las tapas cuentan con mecanismos de cierre seguros y juntas de silicona fiables para garantizar un rendimiento a prueba de fugas en las mochilas.<\/li>\n<li><strong>Estructura duradera:<\/strong> El resistente cuerpo de acero inoxidable soporta ca\u00eddas, golpes y abrasiones que se producen en senderos, subidas o paseos en bicicleta. Es una inversi\u00f3n a largo plazo hecha para sobrevivir a innumerables aventuras.<\/li>\n<li><strong>Personalizaci\u00f3n de colores y logotipos:<\/strong> Haga que su botella sea \u00fanica o para la promoci\u00f3n de su marca. Puede elegir entre los n\u00fameros de color pantone para que coincidan con su estilo o los colores de su marca. Adem\u00e1s, ofrecemos personalizaci\u00f3n profesional de logotipos, como grabado por l\u00e1ser, serigraf\u00eda, impresi\u00f3n 3D, impresi\u00f3n UV, etc. Perfecto para regalos de empresa, art\u00edculos de equipo, eventos o art\u00edculos personalizados.<\/li>\n<li><strong>Dise\u00f1o port\u00e1til:<\/strong> Dispone de un lazo integrado o de un asa con bisagras para sujetarlo f\u00e1cilmente a mochilas, mosquetones o simplemente para transportarlo.<\/li>\n<li><strong>F\u00e1cil mantenimiento y resistencia a los olores:<\/strong> Las opciones de boca ancha permiten la limpieza a mano o en el lavavajillas. El acero inoxidable de alta calidad es naturalmente resistente a la retenci\u00f3n de sabores y olores de bebidas anteriores, lo que garantiza que cada bebida tenga un sabor fresco.<\/li>\n<\/ul>\n<h3><strong>Servicios personalizados:<\/strong><\/h3>\n<ul>\n<li><strong>Logotipo y dise\u00f1o:<\/strong> Los termos de acero inoxidable Ifun admiten el logotipo personalizado de su marca. Podemos hacer que su logotipo y el dise\u00f1o con serigraf\u00eda, grabado l\u00e1ser, transferencia de calor, impresi\u00f3n 3D, impresi\u00f3n UV, etc.<\/li>\n<li><strong>Color:<\/strong> Los colores se pueden personalizar seg\u00fan el n\u00famero de color pantone, podemos hacerlo con acabado mate, pintura brillante, recubrimiento en polvo, etc.<\/li>\n<li><strong>Capacidad:<\/strong> Tenemos 12oz,16oz,18oz,22oz,25oz,32oz,40oz, otra capacidad tambi\u00e9n podemos personalizar para usted.<\/li>\n<li><strong>Tapas: <\/strong>100% Tapa herm\u00e9tica BPA FREE, el color se puede personalizar.<\/li>\n<li><strong>Paquete: <\/strong>Caja de color, caja blanca, caja de regalo, caja de cart\u00f3n marr\u00f3n, caja cil\u00edndrica, etc.<\/li>\n<\/ul>","protected":false},"featured_media":3129,"comment_status":"open","ping_status":"closed","template":"","meta":[],"product_brand":[],"product_cat":[24],"product_tag":[125,124,127,123,126],"class_list":{"0":"post-3121","1":"product","2":"type-product","3":"status-publish","4":"has-post-thumbnail","6":"product_cat-water-bottles","7":"product_tag-classic-vacuum-bottle","8":"product_tag-insulated-stainless-steel-thermos","9":"product_tag-large-vacuum-flask-bottles","10":"product_tag-stanley-heritage-classic-vacuum-bottle-with-handle","11":"product_tag-widemouth-water-bottles","13":"first","14":"instock","15":"shipping-taxable","16":"product-type-simple"},"yoast_head":"<!-- This site is optimized with the Yoast SEO plugin v25.4 - https:\/\/yoast.com\/wordpress\/plugins\/seo\/ -->\n<title>Classic Vacuum Bottle BPA-Free Insulated Wide Mouth Stainless Steel Thermos with Leakproof Cup Lid 1081611W - iFun<\/title>\n<meta name=\"description\" content=\"1.1qt Classic Vacuum Bottle w\/Handle - Leakproof Cup Lid &amp; Wide Mouth. Hot\/Cold 24H Retention! Bulk Custom Thermos. Logo Printing &amp; Competitive Pricing!\" \/>\n<meta name=\"robots\" content=\"index, follow, max-snippet:-1, max-image-preview:large, max-video-preview:-1\" \/>\n<link rel=\"canonical\" href=\"https:\/\/customizedwaterbottles.com\/es\/product\/classic-vacuum-bottle-bpa-free-insulated-wide-mouth-stainless-steel-thermos-with-leakproof-cup-lid\/\" \/>\n<meta property=\"og:locale\" content=\"es_ES\" \/>\n<meta property=\"og:type\" content=\"article\" \/>\n<meta property=\"og:title\" content=\"Classic Vacuum Bottle BPA-Free Insulated Wide Mouth Stainless Steel Thermos with Leakproof Cup Lid 1081611W - iFun\" \/>\n<meta property=\"og:description\" content=\"1.1qt Classic Vacuum Bottle w\/Handle - Leakproof Cup Lid &amp; Wide Mouth. Hot\/Cold 24H Retention! Bulk Custom Thermos. Logo Printing &amp; Competitive Pricing!\" \/>\n<meta property=\"og:url\" content=\"https:\/\/customizedwaterbottles.com\/es\/product\/classic-vacuum-bottle-bpa-free-insulated-wide-mouth-stainless-steel-thermos-with-leakproof-cup-lid\/\" \/>\n<meta property=\"og:site_name\" content=\"iFun\" \/>\n<meta property=\"article:modified_time\" content=\"2025-07-19T08:54:00+00:00\" \/>\n<meta property=\"og:image\" content=\"https:\/\/customizedwaterbottles.com\/wp-content\/uploads\/2025\/07\/Stanley-Heritage-Classic-Vacuum-Bottle-with-Handle-1.1-qt.webp\" \/>\n\t<meta property=\"og:image:width\" content=\"800\" \/>\n\t<meta property=\"og:image:height\" content=\"800\" \/>\n\t<meta property=\"og:image:type\" content=\"image\/webp\" \/>\n<meta name=\"twitter:card\" content=\"summary_large_image\" \/>\n<meta name=\"twitter:label1\" content=\"Tiempo de lectura\" \/>\n\t<meta name=\"twitter:data1\" content=\"3 minutos\" \/>\n<script type=\"application\/ld+json\" class=\"yoast-schema-graph\">{\"@context\":\"https:\/\/schema.org\",\"@graph\":[{\"@type\":\"WebPage\",\"@id\":\"https:\/\/customizedwaterbottles.com\/product\/classic-vacuum-bottle-bpa-free-insulated-wide-mouth-stainless-steel-thermos-with-leakproof-cup-lid\/\",\"url\":\"https:\/\/customizedwaterbottles.com\/product\/classic-vacuum-bottle-bpa-free-insulated-wide-mouth-stainless-steel-thermos-with-leakproof-cup-lid\/\",\"name\":\"Classic Vacuum Bottle BPA-Free Insulated Wide Mouth Stainless Steel Thermos with Leakproof Cup Lid 1081611W - iFun\",\"isPartOf\":{\"@id\":\"https:\/\/customizedwaterbottles.com\/#website\"},\"primaryImageOfPage\":{\"@id\":\"https:\/\/customizedwaterbottles.com\/product\/classic-vacuum-bottle-bpa-free-insulated-wide-mouth-stainless-steel-thermos-with-leakproof-cup-lid\/#primaryimage\"},\"image\":{\"@id\":\"https:\/\/customizedwaterbottles.com\/product\/classic-vacuum-bottle-bpa-free-insulated-wide-mouth-stainless-steel-thermos-with-leakproof-cup-lid\/#primaryimage\"},\"thumbnailUrl\":\"https:\/\/customizedwaterbottles.com\/wp-content\/uploads\/2025\/07\/Stanley-Heritage-Classic-Vacuum-Bottle-with-Handle-1.1-qt.webp\",\"datePublished\":\"2025-07-19T08:42:03+00:00\",\"dateModified\":\"2025-07-19T08:54:00+00:00\",\"description\":\"1.1qt Classic Vacuum Bottle w\/Handle - Leakproof Cup Lid & Wide Mouth. Hot\/Cold 24H Retention! Bulk Custom Thermos. Logo Printing & Competitive Pricing!\",\"breadcrumb\":{\"@id\":\"https:\/\/customizedwaterbottles.com\/product\/classic-vacuum-bottle-bpa-free-insulated-wide-mouth-stainless-steel-thermos-with-leakproof-cup-lid\/#breadcrumb\"},\"inLanguage\":\"es\",\"potentialAction\":[{\"@type\":\"ReadAction\",\"target\":[\"https:\/\/customizedwaterbottles.com\/product\/classic-vacuum-bottle-bpa-free-insulated-wide-mouth-stainless-steel-thermos-with-leakproof-cup-lid\/\"]}]},{\"@type\":\"ImageObject\",\"inLanguage\":\"es\",\"@id\":\"https:\/\/customizedwaterbottles.com\/product\/classic-vacuum-bottle-bpa-free-insulated-wide-mouth-stainless-steel-thermos-with-leakproof-cup-lid\/#primaryimage\",\"url\":\"https:\/\/customizedwaterbottles.com\/wp-content\/uploads\/2025\/07\/Stanley-Heritage-Classic-Vacuum-Bottle-with-Handle-1.1-qt.webp\",\"contentUrl\":\"https:\/\/customizedwaterbottles.com\/wp-content\/uploads\/2025\/07\/Stanley-Heritage-Classic-Vacuum-Bottle-with-Handle-1.1-qt.webp\",\"width\":800,\"height\":800},{\"@type\":\"BreadcrumbList\",\"@id\":\"https:\/\/customizedwaterbottles.com\/product\/classic-vacuum-bottle-bpa-free-insulated-wide-mouth-stainless-steel-thermos-with-leakproof-cup-lid\/#breadcrumb\",\"itemListElement\":[{\"@type\":\"ListItem\",\"position\":1,\"name\":\"Home\",\"item\":\"https:\/\/customizedwaterbottles.com\/\"},{\"@type\":\"ListItem\",\"position\":2,\"name\":\"Products\",\"item\":\"https:\/\/customizedwaterbottles.com\/wholesale-drinkware-manufacturer-water-bottles-tumblers\/\"},{\"@type\":\"ListItem\",\"position\":3,\"name\":\"Classic Vacuum Bottle BPA-Free Insulated Wide Mouth Stainless Steel Thermos with Leakproof Cup Lid 1081611W\"}]},{\"@type\":\"WebSite\",\"@id\":\"https:\/\/customizedwaterbottles.com\/#website\",\"url\":\"https:\/\/customizedwaterbottles.com\/\",\"name\":\"iFun\",\"description\":\"Water Bottles Stainless Steel Vacuum Flask\",\"potentialAction\":[{\"@type\":\"SearchAction\",\"target\":{\"@type\":\"EntryPoint\",\"urlTemplate\":\"https:\/\/customizedwaterbottles.com\/?s={search_term_string}\"},\"query-input\":{\"@type\":\"PropertyValueSpecification\",\"valueRequired\":true,\"valueName\":\"search_term_string\"}}],\"inLanguage\":\"es\"}]}<\/script>\n<!-- \/ Yoast SEO plugin. -->","yoast_head_json":{"title":"Classic Vacuum Bottle BPA-Free Insulated Wide Mouth Stainless Steel Thermos with Leakproof Cup Lid 1081611W - iFun","description":"1.1qt Classic Vacuum Bottle w\/Handle - Leakproof Cup Lid & Wide Mouth. Hot\/Cold 24H Retention! Bulk Custom Thermos. Logo Printing & Competitive Pricing!","robots":{"index":"index","follow":"follow","max-snippet":"max-snippet:-1","max-image-preview":"max-image-preview:large","max-video-preview":"max-video-preview:-1"},"canonical":"https:\/\/customizedwaterbottles.com\/es\/product\/classic-vacuum-bottle-bpa-free-insulated-wide-mouth-stainless-steel-thermos-with-leakproof-cup-lid\/","og_locale":"es_ES","og_type":"article","og_title":"Classic Vacuum Bottle BPA-Free Insulated Wide Mouth Stainless Steel Thermos with Leakproof Cup Lid 1081611W - iFun","og_description":"1.1qt Classic Vacuum Bottle w\/Handle - Leakproof Cup Lid & Wide Mouth. Hot\/Cold 24H Retention! Bulk Custom Thermos. Logo Printing & Competitive Pricing!","og_url":"https:\/\/customizedwaterbottles.com\/es\/product\/classic-vacuum-bottle-bpa-free-insulated-wide-mouth-stainless-steel-thermos-with-leakproof-cup-lid\/","og_site_name":"iFun","article_modified_time":"2025-07-19T08:54:00+00:00","og_image":[{"width":800,"height":800,"url":"https:\/\/customizedwaterbottles.com\/wp-content\/uploads\/2025\/07\/Stanley-Heritage-Classic-Vacuum-Bottle-with-Handle-1.1-qt.webp","type":"image\/webp"}],"twitter_card":"summary_large_image","twitter_misc":{"Tiempo de lectura":"3 minutos"},"schema":{"@context":"https:\/\/schema.org","@graph":[{"@type":"WebPage","@id":"https:\/\/customizedwaterbottles.com\/product\/classic-vacuum-bottle-bpa-free-insulated-wide-mouth-stainless-steel-thermos-with-leakproof-cup-lid\/","url":"https:\/\/customizedwaterbottles.com\/product\/classic-vacuum-bottle-bpa-free-insulated-wide-mouth-stainless-steel-thermos-with-leakproof-cup-lid\/","name":"Classic Vacuum Bottle BPA-Free Insulated Wide Mouth Stainless Steel Thermos with Leakproof Cup Lid 1081611W - iFun","isPartOf":{"@id":"https:\/\/customizedwaterbottles.com\/#website"},"primaryImageOfPage":{"@id":"https:\/\/customizedwaterbottles.com\/product\/classic-vacuum-bottle-bpa-free-insulated-wide-mouth-stainless-steel-thermos-with-leakproof-cup-lid\/#primaryimage"},"image":{"@id":"https:\/\/customizedwaterbottles.com\/product\/classic-vacuum-bottle-bpa-free-insulated-wide-mouth-stainless-steel-thermos-with-leakproof-cup-lid\/#primaryimage"},"thumbnailUrl":"https:\/\/customizedwaterbottles.com\/wp-content\/uploads\/2025\/07\/Stanley-Heritage-Classic-Vacuum-Bottle-with-Handle-1.1-qt.webp","datePublished":"2025-07-19T08:42:03+00:00","dateModified":"2025-07-19T08:54:00+00:00","description":"1.1qt Classic Vacuum Bottle w\/Handle - Leakproof Cup Lid & Wide Mouth. Hot\/Cold 24H Retention! Bulk Custom Thermos. Logo Printing & Competitive Pricing!","breadcrumb":{"@id":"https:\/\/customizedwaterbottles.com\/product\/classic-vacuum-bottle-bpa-free-insulated-wide-mouth-stainless-steel-thermos-with-leakproof-cup-lid\/#breadcrumb"},"inLanguage":"es","potentialAction":[{"@type":"ReadAction","target":["https:\/\/customizedwaterbottles.com\/product\/classic-vacuum-bottle-bpa-free-insulated-wide-mouth-stainless-steel-thermos-with-leakproof-cup-lid\/"]}]},{"@type":"ImageObject","inLanguage":"es","@id":"https:\/\/customizedwaterbottles.com\/product\/classic-vacuum-bottle-bpa-free-insulated-wide-mouth-stainless-steel-thermos-with-leakproof-cup-lid\/#primaryimage","url":"https:\/\/customizedwaterbottles.com\/wp-content\/uploads\/2025\/07\/Stanley-Heritage-Classic-Vacuum-Bottle-with-Handle-1.1-qt.webp","contentUrl":"https:\/\/customizedwaterbottles.com\/wp-content\/uploads\/2025\/07\/Stanley-Heritage-Classic-Vacuum-Bottle-with-Handle-1.1-qt.webp","width":800,"height":800},{"@type":"BreadcrumbList","@id":"https:\/\/customizedwaterbottles.com\/product\/classic-vacuum-bottle-bpa-free-insulated-wide-mouth-stainless-steel-thermos-with-leakproof-cup-lid\/#breadcrumb","itemListElement":[{"@type":"ListItem","position":1,"name":"Home","item":"https:\/\/customizedwaterbottles.com\/"},{"@type":"ListItem","position":2,"name":"Products","item":"https:\/\/customizedwaterbottles.com\/wholesale-drinkware-manufacturer-water-bottles-tumblers\/"},{"@type":"ListItem","position":3,"name":"Classic Vacuum Bottle BPA-Free Insulated Wide Mouth Stainless Steel Thermos with Leakproof Cup Lid 1081611W"}]},{"@type":"WebSite","@id":"https:\/\/customizedwaterbottles.com\/#website","url":"https:\/\/customizedwaterbottles.com\/","name":"iFun","description":"Water Bottles Stainless Steel Vacuum Flask","potentialAction":[{"@type":"SearchAction","target":{"@type":"EntryPoint","urlTemplate":"https:\/\/customizedwaterbottles.com\/?s={search_term_string}"},"query-input":{"@type":"PropertyValueSpecification","valueRequired":true,"valueName":"search_term_string"}}],"inLanguage":"es"}]}},"_links":{"self":[{"href":"https:\/\/customizedwaterbottles.com\/es\/wp-json\/wp\/v2\/product\/3121","targetHints":{"allow":["GET"]}}],"collection":[{"href":"https:\/\/customizedwaterbottles.com\/es\/wp-json\/wp\/v2\/product"}],"about":[{"href":"https:\/\/customizedwaterbottles.com\/es\/wp-json\/wp\/v2\/types\/product"}],"replies":[{"embeddable":true,"href":"https:\/\/customizedwaterbottles.com\/es\/wp-json\/wp\/v2\/comments?post=3121"}],"wp:featuredmedia":[{"embeddable":true,"href":"https:\/\/customizedwaterbottles.com\/es\/wp-json\/wp\/v2\/media\/3129"}],"wp:attachment":[{"href":"https:\/\/customizedwaterbottles.com\/es\/wp-json\/wp\/v2\/media?parent=3121"}],"wp:term":[{"taxonomy":"product_brand","embeddable":true,"href":"https:\/\/customizedwaterbottles.com\/es\/wp-json\/wp\/v2\/product_brand?post=3121"},{"taxonomy":"product_cat","embeddable":true,"href":"https:\/\/customizedwaterbottles.com\/es\/wp-json\/wp\/v2\/product_cat?post=3121"},{"taxonomy":"product_tag","embeddable":true,"href":"https:\/\/customizedwaterbottles.com\/es\/wp-json\/wp\/v2\/product_tag?post=3121"}],"curies":[{"name":"wp","href":"https:\/\/api.w.org\/{rel}","templated":true}]}}