{"id":3419,"date":"2025-08-27T09:30:28","date_gmt":"2025-08-27T09:30:28","guid":{"rendered":"https:\/\/customizedwaterbottles.com\/?post_type=product&#038;p=3419"},"modified":"2025-08-28T07:56:45","modified_gmt":"2025-08-28T07:56:45","slug":"stainless-steel-hydra-insulated-flask-18oz-bike-bottle-with-portable-handle","status":"publish","type":"product","link":"https:\/\/customizedwaterbottles.com\/es\/product\/stainless-steel-hydra-insulated-flask-18oz-bike-bottle-with-portable-handle\/","title":{"rendered":"Frasco aislante Hydra de acero inoxidable Botella para bicicleta de 18oz con asa port\u00e1til 1081620W"},"content":{"rendered":"<p><strong>\u00a0 \u00a0 \u00a0 Nombre del producto\uff1a<\/strong>Frasco aislante Hydra de acero inoxidable Botella para bicicleta de 18 oz con asa port\u00e1til<strong><br \/>\n<\/strong><strong>\u00a0 \u00a0 \u00a0 Capacidad\uff1a<\/strong>12oz, 16oz, 18oz, 22oz, 25oz, 32oz, 40oz<br \/>\n<strong>\u00a0 \u00a0 \u00a0 Material\uff1a<\/strong>Acero inoxidable<br \/>\n<strong>\u00a0 \u00a0 \u00a0 Color\uff1a<\/strong>Pintura brillante, pintura mate, recubrimiento en polvo, etc.<br \/>\n<strong>\u00a0 \u00a0 \u00a0 Logotipo\uff1a<\/strong>Serigraf\u00eda, impresi\u00f3n por transferencia t\u00e9rmica, grabado por l\u00e1ser, transferencia por agua, etc.<br \/>\n<strong>\u00a0 \u00a0 \u00a0 MOQ\uff1a<\/strong>100 unidades<br \/>\n<strong>\u00a0 \u00a0 \u00a0 Tiempo de muestreo\uff1a<\/strong>3-7 d\u00edas para dise\u00f1os personalizados<br \/>\n<strong>\u00a0 \u00a0 \u00a0 Certificaci\u00f3n\uff1a<\/strong>FDA, LFGB<br \/>\n<strong>\u00a0 \u00a0 \u00a0 Embalaje<\/strong>\uff1aCaja blanca, caja de color o caja de dise\u00f1o personalizado.<br \/>\n<strong>\u00a0 \u00a0 \u00a0 Capacidad de producci\u00f3n\uff1a<\/strong>500.000 unidades al mes<br \/>\n<strong>\u00a0 \u00a0 \u00a0 Plazo de entrega\uff1a<\/strong>5-35 d\u00edas para cantidades inferiores a 20.000 unidades<\/p>\n<h2><strong>Por qu\u00e9 elegir Ifun Hydra Insulated Flask Bike Bottles\uff1f<\/strong><\/h2>\n<ol>\n<li><strong>Calidad y seguridad certificadas<\/strong><br \/>\nNuestros bidones, botellas de agua y vasos cumplen las normas internacionales (CE, FDA, CA65\/Prop65, LFGB), lo que garantiza productos sin BPA, duraderos y seguros para sus clientes.<\/li>\n<li><strong style=\"color: #555555;\">\u00a0Destaque con dise\u00f1os personalizados<br \/>\n<\/strong>Su marca merece una bebida \u00fanica que llame la atenci\u00f3n. Con los dise\u00f1os elegantes y personalizables de Anhui iFun, su botella de bid\u00f3n para bicicleta reflejar\u00e1 la identidad de su marca y le ayudar\u00e1 a destacar en un mercado competitivo.<\/li>\n<li><strong style=\"color: #555555;\">Riguroso control de calidad<br \/>\n<\/strong>La calidad est\u00e1 en el centro de nuestro proceso de fabricaci\u00f3n. Nuestro dedicado equipo de inspectores garantiza que cada botella de bicicleta con bid\u00f3n hidra\u00falico cumpla estrictas normas antes de llegar a sus clientes de todo el mundo.<\/li>\n<li><strong style=\"color: #555555;\">Proteger su marca y sus ideas<br \/>\n<\/strong>Respetamos la propiedad intelectual y la confidencialidad. Si es necesario, estaremos encantados de firmar acuerdos NDA o NNN para salvaguardar sus dise\u00f1os OEM\/ODM.<\/li>\n<li><strong style=\"color: #555555;\">Producci\u00f3n eficiente y automatizada<br \/>\n<\/strong>Especializados en la fabricaci\u00f3n de bebidas, aprovechamos las l\u00edneas de producci\u00f3n avanzadas y las tecnolog\u00edas de la Industria 4.0 para ofrecer productos rentables y de alta calidad con precios competitivos.<\/li>\n<li><strong style=\"color: #555555;\">Experiencia OEM\/ODM<br \/>\n<\/strong>Nuestros experimentados ingenieros, con m\u00e1s de 20 a\u00f1os de experiencia en la fabricaci\u00f3n de art\u00edculos de bebida, pueden transformar sus ideas en una botella para bicicleta con bid\u00f3n listo para el mercado, ayud\u00e1ndole a crear superventas.<\/li>\n<li><strong style=\"color: #555555;\">Servicios completos de personalizaci\u00f3n<br \/>\n<\/strong>Desde el moldeo hasta el envasado, ofrecemos una personalizaci\u00f3n integral para satisfacer las necesidades de su marca:<br \/>\n<strong style=\"color: #555555;\">Moldeo a medida<\/strong><span style=\"color: #555555;\"> - <\/span><a href=\"https:\/\/customizedwaterbottles.com\/es\/custom-water-bottle-mold-maker-bpa-free-vacuum-flask-oem\/\" target=\"_blank\" rel=\"noopener\">https:\/\/customizedwaterbottles.com\/custom-water-bottle-mold-maker-bpa-free-vacuum-flask-oem\/<\/a><br \/>\n<strong style=\"color: #555555;\">Decoraci\u00f3n a medida<\/strong><span style=\"color: #555555;\"> -<\/span><a href=\"https:\/\/customizedwaterbottles.com\/es\/graphic-design-water-bottles-custom-stainless-steel-oem\/\" target=\"_blank\" rel=\"noopener\"> https:\/\/customizedwaterbottles.com\/graphic-design-water-bottles-custom-stainless-steel-oem\/<\/a><br \/>\n<strong style=\"color: #555555;\">Logotipos y embalajes personalizados<\/strong><span style=\"color: #555555;\"> - <\/span><a href=\"https:\/\/customizedwaterbottles.com\/es\/wholesale-custom-packaging-for-water-bottles-tumblers\/\" target=\"_blank\" rel=\"noopener\">https:\/\/customizedwaterbottles.com\/wholesale-custom-packaging-for-water-bottles-tumblers\/<\/a><br \/>\n<strong style=\"color: #555555;\">Regalo personalizado<\/strong><span style=\"color: #555555;\"> - <\/span><a href=\"https:\/\/customizedwaterbottles.com\/es\/promotional-drinkware-for-businesses-custom-branded-gifts\/\" target=\"_blank\" rel=\"noopener\">https:\/\/customizedwaterbottles.com\/promotional-drinkware-for-businesses-custom-branded-gifts\/<\/a><\/li>\n<\/ol>\n[post-link-list]\n<p><img decoding=\"async\" class=\"alignnone size-medium wp-image-3392\" src=\"https:\/\/customizedwaterbottles.com\/wp-content\/uploads\/2025\/08\/hydro-flask-customized-10.jpg\" alt=\"\" width=\"800\" height=\"800\" srcset=\"https:\/\/customizedwaterbottles.com\/wp-content\/uploads\/2025\/08\/hydro-flask-customized-10.jpg 800w, https:\/\/customizedwaterbottles.com\/wp-content\/uploads\/2025\/08\/hydro-flask-customized-10-768x768.jpg 768w, https:\/\/customizedwaterbottles.com\/wp-content\/uploads\/2025\/08\/hydro-flask-customized-10-300x300.jpg 300w, https:\/\/customizedwaterbottles.com\/wp-content\/uploads\/2025\/08\/hydro-flask-customized-10-600x600.jpg 600w, https:\/\/customizedwaterbottles.com\/wp-content\/uploads\/2025\/08\/hydro-flask-customized-10-100x100.jpg 100w\" sizes=\"(max-width: 800px) 100vw, 800px\" \/><img decoding=\"async\" class=\"alignnone size-medium wp-image-3423\" src=\"https:\/\/customizedwaterbottles.com\/wp-content\/uploads\/2025\/08\/hydro-flask-bike-bottle-5.jpg\" alt=\"\" width=\"1920\" height=\"1920\" srcset=\"https:\/\/customizedwaterbottles.com\/wp-content\/uploads\/2025\/08\/hydro-flask-bike-bottle-5.jpg 1920w, https:\/\/customizedwaterbottles.com\/wp-content\/uploads\/2025\/08\/hydro-flask-bike-bottle-5-1024x1024.jpg 1024w, https:\/\/customizedwaterbottles.com\/wp-content\/uploads\/2025\/08\/hydro-flask-bike-bottle-5-768x768.jpg 768w, https:\/\/customizedwaterbottles.com\/wp-content\/uploads\/2025\/08\/hydro-flask-bike-bottle-5-1536x1536.jpg 1536w, https:\/\/customizedwaterbottles.com\/wp-content\/uploads\/2025\/08\/hydro-flask-bike-bottle-5-300x300.jpg 300w, https:\/\/customizedwaterbottles.com\/wp-content\/uploads\/2025\/08\/hydro-flask-bike-bottle-5-600x600.jpg 600w, https:\/\/customizedwaterbottles.com\/wp-content\/uploads\/2025\/08\/hydro-flask-bike-bottle-5-100x100.jpg 100w\" sizes=\"(max-width: 1920px) 100vw, 1920px\" \/> <img decoding=\"async\" class=\"alignnone size-medium wp-image-3424\" src=\"https:\/\/customizedwaterbottles.com\/wp-content\/uploads\/2025\/08\/hydro-flask-bike-bottle-6.jpg\" alt=\"\" width=\"1920\" height=\"1920\" srcset=\"https:\/\/customizedwaterbottles.com\/wp-content\/uploads\/2025\/08\/hydro-flask-bike-bottle-6.jpg 1920w, https:\/\/customizedwaterbottles.com\/wp-content\/uploads\/2025\/08\/hydro-flask-bike-bottle-6-1024x1024.jpg 1024w, https:\/\/customizedwaterbottles.com\/wp-content\/uploads\/2025\/08\/hydro-flask-bike-bottle-6-768x768.jpg 768w, https:\/\/customizedwaterbottles.com\/wp-content\/uploads\/2025\/08\/hydro-flask-bike-bottle-6-1536x1536.jpg 1536w, https:\/\/customizedwaterbottles.com\/wp-content\/uploads\/2025\/08\/hydro-flask-bike-bottle-6-300x300.jpg 300w, https:\/\/customizedwaterbottles.com\/wp-content\/uploads\/2025\/08\/hydro-flask-bike-bottle-6-600x600.jpg 600w, https:\/\/customizedwaterbottles.com\/wp-content\/uploads\/2025\/08\/hydro-flask-bike-bottle-6-100x100.jpg 100w\" sizes=\"(max-width: 1920px) 100vw, 1920px\" \/> <img decoding=\"async\" class=\"alignnone size-medium wp-image-3425\" src=\"https:\/\/customizedwaterbottles.com\/wp-content\/uploads\/2025\/08\/hydro-flask-bike-bottle-7.jpg\" alt=\"\" width=\"1920\" height=\"1920\" srcset=\"https:\/\/customizedwaterbottles.com\/wp-content\/uploads\/2025\/08\/hydro-flask-bike-bottle-7.jpg 1920w, https:\/\/customizedwaterbottles.com\/wp-content\/uploads\/2025\/08\/hydro-flask-bike-bottle-7-1024x1024.jpg 1024w, https:\/\/customizedwaterbottles.com\/wp-content\/uploads\/2025\/08\/hydro-flask-bike-bottle-7-768x768.jpg 768w, https:\/\/customizedwaterbottles.com\/wp-content\/uploads\/2025\/08\/hydro-flask-bike-bottle-7-1536x1536.jpg 1536w, https:\/\/customizedwaterbottles.com\/wp-content\/uploads\/2025\/08\/hydro-flask-bike-bottle-7-300x300.jpg 300w, https:\/\/customizedwaterbottles.com\/wp-content\/uploads\/2025\/08\/hydro-flask-bike-bottle-7-600x600.jpg 600w, https:\/\/customizedwaterbottles.com\/wp-content\/uploads\/2025\/08\/hydro-flask-bike-bottle-7-100x100.jpg 100w\" sizes=\"(max-width: 1920px) 100vw, 1920px\" \/> <img decoding=\"async\" class=\"alignnone size-medium wp-image-3426\" src=\"https:\/\/customizedwaterbottles.com\/wp-content\/uploads\/2025\/08\/hydro-flask-bike-bottle-9.jpg\" alt=\"\" width=\"800\" height=\"800\" srcset=\"https:\/\/customizedwaterbottles.com\/wp-content\/uploads\/2025\/08\/hydro-flask-bike-bottle-9.jpg 800w, https:\/\/customizedwaterbottles.com\/wp-content\/uploads\/2025\/08\/hydro-flask-bike-bottle-9-768x768.jpg 768w, https:\/\/customizedwaterbottles.com\/wp-content\/uploads\/2025\/08\/hydro-flask-bike-bottle-9-300x300.jpg 300w, https:\/\/customizedwaterbottles.com\/wp-content\/uploads\/2025\/08\/hydro-flask-bike-bottle-9-600x600.jpg 600w, https:\/\/customizedwaterbottles.com\/wp-content\/uploads\/2025\/08\/hydro-flask-bike-bottle-9-100x100.jpg 100w\" sizes=\"(max-width: 800px) 100vw, 800px\" \/><\/p>\n<p>&nbsp;<\/p>","protected":false},"excerpt":{"rendered":"<h3><strong>\u00a0 \u00a0 \u00a0 \u00a0Caracter\u00edsticas del producto:<\/strong><\/h3>\n<ul>\n<li><strong data-start=\"100\" data-end=\"143\">Tama\u00f1o apto para ni\u00f1os: <\/strong>La capacidad de 18 oz est\u00e1 perfectamente dise\u00f1ada para las necesidades diarias de hidrataci\u00f3n de los ni\u00f1os, lo que hace que la botella de bicicleta hydro flask sea ligera y f\u00e1cil de transportar sin a\u00f1adir carga adicional.<\/li>\n<li><strong data-start=\"346\" data-end=\"381\">Acero inoxidable duradero: <\/strong>Fabricada en acero inoxidable 18\/8 de calidad alimentaria, esta botella para bicicleta Hydro Flask es resistente al \u00f3xido, las abolladuras y la corrosi\u00f3n, lo que garantiza un uso prolongado.<\/li>\n<li><strong data-start=\"545\" data-end=\"581\">Tecnolog\u00eda de aislamiento al vac\u00edo: <\/strong>El aislamiento al vac\u00edo de doble pared mantiene las bebidas fr\u00edas hasta 12 horas y calientes hasta 6 horas, ideal tanto para el colegio como para actividades al aire libre.<\/li>\n<li><strong data-start=\"741\" data-end=\"768\">Dise\u00f1o personalizable: <\/strong>Disponibles para pedidos al por mayor con opciones de personalizaci\u00f3n total que incluyen colores, dise\u00f1os y logotipos, lo que permite a las marcas o centros escolares crear una identidad \u00fanica.<\/li>\n<li><strong data-start=\"947\" data-end=\"973\">Seguro para los ni\u00f1os: <\/strong>Los materiales sin BPA, no t\u00f3xicos e inodoros garantizan que cada sorbo sea seguro y saludable para los ni\u00f1os.<\/li>\n<li><strong data-start=\"1139\" data-end=\"1166\">Tapa a prueba de fugas: <\/strong>Equipado con una tapa a prueba de derrames, por lo que es seguro para mochilas y bolsas de viaje sin preocuparse por las fugas.<\/li>\n<li><strong data-start=\"1309\" data-end=\"1334\">Easy to Hold &amp; Carry: <\/strong>Dise\u00f1ada con un asa o zona de agarre adaptada a los ni\u00f1os, lo que hace que la botella para bicicleta Hydro Flask sea f\u00e1cil de sujetar y transportar c\u00f3modamente para manos peque\u00f1as.<\/li>\n<li><strong data-start=\"1453\" data-end=\"1483\">Apertura de boca ancha:<\/strong>El dise\u00f1o de boca ancha permite llenarla f\u00e1cilmente, a\u00f1adir cubitos de hielo y limpiarla sin esfuerzo, lo que facilita el mantenimiento a los padres.<br \/>\n<h3><strong><br \/>\nServicios personalizados:<\/strong><\/h3>\n<\/li>\n<li><strong>Logotipo y dise\u00f1o:<\/strong> Ifun hydro flask bike bottle support custom your brand logo. We can make your logo &amp; design with screen printing, laser engraved, heat transfer, 3D printing, UV printing etc.<\/li>\n<li><strong>Color:<\/strong> Los colores se pueden personalizar seg\u00fan el n\u00famero de color pantone, podemos hacerlo con acabado mate, pintura brillante, recubrimiento en polvo, etc.<\/li>\n<li><strong>Capacidad:<\/strong> Tenemos 12oz, 16oz, 18oz, 22oz, 25oz, 32oz, 40oz, otra capacidad que tambi\u00e9n podemos personalizar para usted.<\/li>\n<li><strong>Tapas: <\/strong>100% Tapa herm\u00e9tica BPA FREE, el color se puede personalizar.<\/li>\n<li><strong>Paquete: <\/strong>Caja de color, caja blanca, caja de regalo, caja de cart\u00f3n marr\u00f3n, caja cil\u00edndrica, etc.<\/li>\n<\/ul>","protected":false},"featured_media":3420,"comment_status":"open","ping_status":"closed","template":"","meta":[],"product_brand":[],"product_cat":[152,24],"product_tag":[186,184,185],"class_list":{"0":"post-3419","1":"product","2":"type-product","3":"status-publish","4":"has-post-thumbnail","6":"product_cat-custom-hydro-flask-manufacturer","7":"product_cat-water-bottles","8":"product_tag-custom-water-bottles","9":"product_tag-hydra-flask-bike-bottle","10":"product_tag-sports-insulated-bottle","12":"first","13":"instock","14":"shipping-taxable","15":"product-type-simple"},"yoast_head":"<!-- This site is optimized with the Yoast SEO plugin v25.4 - https:\/\/yoast.com\/wordpress\/plugins\/seo\/ -->\n<title>Stainless steel Hydra Insulated Flask 18oz Bike Bottle with Portable Handle<\/title>\n<meta name=\"description\" content=\"This wide mouth insulated water bottle with a handy handle. 18oz is suitable for daily use, we can custom it with your unique design.\" \/>\n<meta name=\"robots\" content=\"index, follow, max-snippet:-1, max-image-preview:large, max-video-preview:-1\" \/>\n<link rel=\"canonical\" href=\"https:\/\/customizedwaterbottles.com\/es\/product\/stainless-steel-hydra-insulated-flask-18oz-bike-bottle-with-portable-handle\/\" \/>\n<meta property=\"og:locale\" content=\"es_ES\" \/>\n<meta property=\"og:type\" content=\"article\" \/>\n<meta property=\"og:title\" content=\"Stainless steel Hydra Insulated Flask 18oz Bike Bottle with Portable Handle\" \/>\n<meta property=\"og:description\" content=\"This wide mouth insulated water bottle with a handy handle. 18oz is suitable for daily use, we can custom it with your unique design.\" \/>\n<meta property=\"og:url\" content=\"https:\/\/customizedwaterbottles.com\/es\/product\/stainless-steel-hydra-insulated-flask-18oz-bike-bottle-with-portable-handle\/\" \/>\n<meta property=\"og:site_name\" content=\"iFun\" \/>\n<meta property=\"article:modified_time\" content=\"2025-08-28T07:56:45+00:00\" \/>\n<meta property=\"og:image\" content=\"https:\/\/customizedwaterbottles.com\/wp-content\/uploads\/2025\/08\/hydro-flask-bike-bottle-1.jpg\" \/>\n\t<meta property=\"og:image:width\" content=\"800\" \/>\n\t<meta property=\"og:image:height\" content=\"800\" \/>\n\t<meta property=\"og:image:type\" content=\"image\/jpeg\" \/>\n<meta name=\"twitter:card\" content=\"summary_large_image\" \/>\n<meta name=\"twitter:label1\" content=\"Tiempo de lectura\" \/>\n\t<meta name=\"twitter:data1\" content=\"3 minutos\" \/>\n<script type=\"application\/ld+json\" class=\"yoast-schema-graph\">{\"@context\":\"https:\/\/schema.org\",\"@graph\":[{\"@type\":\"WebPage\",\"@id\":\"https:\/\/customizedwaterbottles.com\/product\/stainless-steel-hydra-insulated-flask-18oz-bike-bottle-with-portable-handle\/\",\"url\":\"https:\/\/customizedwaterbottles.com\/product\/stainless-steel-hydra-insulated-flask-18oz-bike-bottle-with-portable-handle\/\",\"name\":\"Stainless steel Hydra Insulated Flask 18oz Bike Bottle with Portable Handle\",\"isPartOf\":{\"@id\":\"https:\/\/customizedwaterbottles.com\/#website\"},\"primaryImageOfPage\":{\"@id\":\"https:\/\/customizedwaterbottles.com\/product\/stainless-steel-hydra-insulated-flask-18oz-bike-bottle-with-portable-handle\/#primaryimage\"},\"image\":{\"@id\":\"https:\/\/customizedwaterbottles.com\/product\/stainless-steel-hydra-insulated-flask-18oz-bike-bottle-with-portable-handle\/#primaryimage\"},\"thumbnailUrl\":\"https:\/\/customizedwaterbottles.com\/wp-content\/uploads\/2025\/08\/hydro-flask-bike-bottle-1.jpg\",\"datePublished\":\"2025-08-27T09:30:28+00:00\",\"dateModified\":\"2025-08-28T07:56:45+00:00\",\"description\":\"This wide mouth insulated water bottle with a handy handle. 18oz is suitable for daily use, we can custom it with your unique design.\",\"breadcrumb\":{\"@id\":\"https:\/\/customizedwaterbottles.com\/product\/stainless-steel-hydra-insulated-flask-18oz-bike-bottle-with-portable-handle\/#breadcrumb\"},\"inLanguage\":\"es\",\"potentialAction\":[{\"@type\":\"ReadAction\",\"target\":[\"https:\/\/customizedwaterbottles.com\/product\/stainless-steel-hydra-insulated-flask-18oz-bike-bottle-with-portable-handle\/\"]}]},{\"@type\":\"ImageObject\",\"inLanguage\":\"es\",\"@id\":\"https:\/\/customizedwaterbottles.com\/product\/stainless-steel-hydra-insulated-flask-18oz-bike-bottle-with-portable-handle\/#primaryimage\",\"url\":\"https:\/\/customizedwaterbottles.com\/wp-content\/uploads\/2025\/08\/hydro-flask-bike-bottle-1.jpg\",\"contentUrl\":\"https:\/\/customizedwaterbottles.com\/wp-content\/uploads\/2025\/08\/hydro-flask-bike-bottle-1.jpg\",\"width\":800,\"height\":800},{\"@type\":\"BreadcrumbList\",\"@id\":\"https:\/\/customizedwaterbottles.com\/product\/stainless-steel-hydra-insulated-flask-18oz-bike-bottle-with-portable-handle\/#breadcrumb\",\"itemListElement\":[{\"@type\":\"ListItem\",\"position\":1,\"name\":\"Home\",\"item\":\"https:\/\/customizedwaterbottles.com\/\"},{\"@type\":\"ListItem\",\"position\":2,\"name\":\"Products\",\"item\":\"https:\/\/customizedwaterbottles.com\/wholesale-drinkware-manufacturer-water-bottles-tumblers\/\"},{\"@type\":\"ListItem\",\"position\":3,\"name\":\"Stainless steel Hydra Insulated Flask 18oz Bike Bottle with Portable Handle 1081620W\"}]},{\"@type\":\"WebSite\",\"@id\":\"https:\/\/customizedwaterbottles.com\/#website\",\"url\":\"https:\/\/customizedwaterbottles.com\/\",\"name\":\"iFun\",\"description\":\"Water Bottles Stainless Steel Vacuum Flask\",\"potentialAction\":[{\"@type\":\"SearchAction\",\"target\":{\"@type\":\"EntryPoint\",\"urlTemplate\":\"https:\/\/customizedwaterbottles.com\/?s={search_term_string}\"},\"query-input\":{\"@type\":\"PropertyValueSpecification\",\"valueRequired\":true,\"valueName\":\"search_term_string\"}}],\"inLanguage\":\"es\"}]}<\/script>\n<!-- \/ Yoast SEO plugin. -->","yoast_head_json":{"title":"Stainless steel Hydra Insulated Flask 18oz Bike Bottle with Portable Handle","description":"This wide mouth insulated water bottle with a handy handle. 18oz is suitable for daily use, we can custom it with your unique design.","robots":{"index":"index","follow":"follow","max-snippet":"max-snippet:-1","max-image-preview":"max-image-preview:large","max-video-preview":"max-video-preview:-1"},"canonical":"https:\/\/customizedwaterbottles.com\/es\/product\/stainless-steel-hydra-insulated-flask-18oz-bike-bottle-with-portable-handle\/","og_locale":"es_ES","og_type":"article","og_title":"Stainless steel Hydra Insulated Flask 18oz Bike Bottle with Portable Handle","og_description":"This wide mouth insulated water bottle with a handy handle. 18oz is suitable for daily use, we can custom it with your unique design.","og_url":"https:\/\/customizedwaterbottles.com\/es\/product\/stainless-steel-hydra-insulated-flask-18oz-bike-bottle-with-portable-handle\/","og_site_name":"iFun","article_modified_time":"2025-08-28T07:56:45+00:00","og_image":[{"width":800,"height":800,"url":"https:\/\/customizedwaterbottles.com\/wp-content\/uploads\/2025\/08\/hydro-flask-bike-bottle-1.jpg","type":"image\/jpeg"}],"twitter_card":"summary_large_image","twitter_misc":{"Tiempo de lectura":"3 minutos"},"schema":{"@context":"https:\/\/schema.org","@graph":[{"@type":"WebPage","@id":"https:\/\/customizedwaterbottles.com\/product\/stainless-steel-hydra-insulated-flask-18oz-bike-bottle-with-portable-handle\/","url":"https:\/\/customizedwaterbottles.com\/product\/stainless-steel-hydra-insulated-flask-18oz-bike-bottle-with-portable-handle\/","name":"Stainless steel Hydra Insulated Flask 18oz Bike Bottle with Portable Handle","isPartOf":{"@id":"https:\/\/customizedwaterbottles.com\/#website"},"primaryImageOfPage":{"@id":"https:\/\/customizedwaterbottles.com\/product\/stainless-steel-hydra-insulated-flask-18oz-bike-bottle-with-portable-handle\/#primaryimage"},"image":{"@id":"https:\/\/customizedwaterbottles.com\/product\/stainless-steel-hydra-insulated-flask-18oz-bike-bottle-with-portable-handle\/#primaryimage"},"thumbnailUrl":"https:\/\/customizedwaterbottles.com\/wp-content\/uploads\/2025\/08\/hydro-flask-bike-bottle-1.jpg","datePublished":"2025-08-27T09:30:28+00:00","dateModified":"2025-08-28T07:56:45+00:00","description":"This wide mouth insulated water bottle with a handy handle. 18oz is suitable for daily use, we can custom it with your unique design.","breadcrumb":{"@id":"https:\/\/customizedwaterbottles.com\/product\/stainless-steel-hydra-insulated-flask-18oz-bike-bottle-with-portable-handle\/#breadcrumb"},"inLanguage":"es","potentialAction":[{"@type":"ReadAction","target":["https:\/\/customizedwaterbottles.com\/product\/stainless-steel-hydra-insulated-flask-18oz-bike-bottle-with-portable-handle\/"]}]},{"@type":"ImageObject","inLanguage":"es","@id":"https:\/\/customizedwaterbottles.com\/product\/stainless-steel-hydra-insulated-flask-18oz-bike-bottle-with-portable-handle\/#primaryimage","url":"https:\/\/customizedwaterbottles.com\/wp-content\/uploads\/2025\/08\/hydro-flask-bike-bottle-1.jpg","contentUrl":"https:\/\/customizedwaterbottles.com\/wp-content\/uploads\/2025\/08\/hydro-flask-bike-bottle-1.jpg","width":800,"height":800},{"@type":"BreadcrumbList","@id":"https:\/\/customizedwaterbottles.com\/product\/stainless-steel-hydra-insulated-flask-18oz-bike-bottle-with-portable-handle\/#breadcrumb","itemListElement":[{"@type":"ListItem","position":1,"name":"Home","item":"https:\/\/customizedwaterbottles.com\/"},{"@type":"ListItem","position":2,"name":"Products","item":"https:\/\/customizedwaterbottles.com\/wholesale-drinkware-manufacturer-water-bottles-tumblers\/"},{"@type":"ListItem","position":3,"name":"Stainless steel Hydra Insulated Flask 18oz Bike Bottle with Portable Handle 1081620W"}]},{"@type":"WebSite","@id":"https:\/\/customizedwaterbottles.com\/#website","url":"https:\/\/customizedwaterbottles.com\/","name":"iFun","description":"Water Bottles Stainless Steel Vacuum Flask","potentialAction":[{"@type":"SearchAction","target":{"@type":"EntryPoint","urlTemplate":"https:\/\/customizedwaterbottles.com\/?s={search_term_string}"},"query-input":{"@type":"PropertyValueSpecification","valueRequired":true,"valueName":"search_term_string"}}],"inLanguage":"es"}]}},"_links":{"self":[{"href":"https:\/\/customizedwaterbottles.com\/es\/wp-json\/wp\/v2\/product\/3419","targetHints":{"allow":["GET"]}}],"collection":[{"href":"https:\/\/customizedwaterbottles.com\/es\/wp-json\/wp\/v2\/product"}],"about":[{"href":"https:\/\/customizedwaterbottles.com\/es\/wp-json\/wp\/v2\/types\/product"}],"replies":[{"embeddable":true,"href":"https:\/\/customizedwaterbottles.com\/es\/wp-json\/wp\/v2\/comments?post=3419"}],"wp:featuredmedia":[{"embeddable":true,"href":"https:\/\/customizedwaterbottles.com\/es\/wp-json\/wp\/v2\/media\/3420"}],"wp:attachment":[{"href":"https:\/\/customizedwaterbottles.com\/es\/wp-json\/wp\/v2\/media?parent=3419"}],"wp:term":[{"taxonomy":"product_brand","embeddable":true,"href":"https:\/\/customizedwaterbottles.com\/es\/wp-json\/wp\/v2\/product_brand?post=3419"},{"taxonomy":"product_cat","embeddable":true,"href":"https:\/\/customizedwaterbottles.com\/es\/wp-json\/wp\/v2\/product_cat?post=3419"},{"taxonomy":"product_tag","embeddable":true,"href":"https:\/\/customizedwaterbottles.com\/es\/wp-json\/wp\/v2\/product_tag?post=3419"}],"curies":[{"name":"wp","href":"https:\/\/api.w.org\/{rel}","templated":true}]}}