{"id":3482,"date":"2025-08-29T06:40:42","date_gmt":"2025-08-29T06:40:42","guid":{"rendered":"https:\/\/customizedwaterbottles.com\/?post_type=product&#038;p=3482"},"modified":"2025-08-29T07:32:00","modified_gmt":"2025-08-29T07:32:00","slug":"owala-kids-tumbler","status":"publish","type":"product","link":"https:\/\/customizedwaterbottles.com\/es\/product\/owala-kids-tumbler\/","title":{"rendered":"Vaso de acero inoxidable de 12oz con pajita flexible resistente a salpicaduras 1081625T"},"content":{"rendered":"<p><strong>\u00a0 \u00a0 \u00a0 Nombre del producto\uff1a<\/strong>Stainless Steel 12oz kid Sippy Cup with Spill Resistant Flexible Straw<strong><br \/>\n<\/strong><strong>\u00a0 \u00a0 \u00a0 Capacidad\uff1a<\/strong>12 onzas<br \/>\n<strong>\u00a0 \u00a0 \u00a0 Accesorios\uff1a <\/strong>CON TAPA Y Pajita<strong><br \/>\nMaterial de la botella: <\/strong>Acero inoxidable 18\/8 de calidad alimentaria (acero inoxidable SUS304)<strong><br \/>\nMaterial de la tapa: <\/strong>SS + PP + Silicona<strong><br \/>\nColor\uff1a<\/strong>Pintura brillante, pintura mate, recubrimiento en polvo, etc.<strong>.<br \/>\nLogotipo\uff1a<\/strong>Logotipo personalizado Acceptabl. Serigraf\u00eda, impresi\u00f3n por transferencia t\u00e9rmica, grabado l\u00e1ser, transferencia de agua, etc.<strong><br \/>\nTipo \uff1a<\/strong>Taza<strong><br \/>\nArt\u00edculo\uff1a<\/strong>A prueba de derrames<strong><br \/>\nRendimiento del aislamiento: <\/strong>Conservaci\u00f3n en fr\u00edo hasta 24 horas\/ conservaci\u00f3n en caliente hasta 12 horas<strong><br \/>\nSin BPA: <\/strong>S\u00ed<strong><br \/>\nSin ftalatos: <\/strong>S\u00ed<strong><br \/>\nSin plomo:<\/strong> S\u00ed<strong><br \/>\nRespetuoso con el medio ambiente: <\/strong>S\u00ed<strong><br \/>\nOEM: <\/strong>Acogida<strong><br \/>\n<\/strong><strong>\u00a0 \u00a0 \u00a0 MOQ\uff1a<\/strong>300 unidades<br \/>\n<strong>\u00a0 \u00a0 \u00a0 Tiempo de muestreo\uff1a<\/strong>3-7 d\u00edas para dise\u00f1os personalizados<br \/>\n<strong>\u00a0 \u00a0 \u00a0 Certificaci\u00f3n\uff1a<\/strong>FDA, LFGB<br \/>\n<strong>\u00a0 \u00a0 \u00a0 Embalaje<\/strong>\uff1aCaja blanca, caja de color o caja de dise\u00f1o personalizado.<br \/>\n<strong>\u00a0 \u00a0 \u00a0 Capacidad de producci\u00f3n\uff1a<\/strong>500.000 unidades al mes<br \/>\n<strong>\u00a0 \u00a0 \u00a0 Plazo de entrega\uff1a<\/strong>5-35 d\u00edas para cantidades inferiores a 20.000 unidades<\/p>\n<h3><strong>Why Choose Ifun 12oz Kid Sippy Cup\uff1f<\/strong><\/h3>\n<ol>\n<li><strong>Calidad y seguridad certificadas<\/strong><br \/>\nNuestros vasos para sorber, tazas de viaje y vajillas cumplen las normas internacionales (CE, FDA, CA65\/Prop65, LFGB), lo que garantiza productos seguros, duraderos y sin BPA para sus clientes.<\/li>\n<li><strong style=\"color: #555555;\">\u00a0Destaque con dise\u00f1os personalizados<br \/>\n<\/strong>Su marca se merece unos vasos \u00fanicos que llamen la atenci\u00f3n. Con los dise\u00f1os elegantes y personalizables de Anhui iFun, sus vasos infantiles de 12 oz reflejar\u00e1n la identidad de su marca y le ayudar\u00e1n a destacar en un mercado competitivo.<\/li>\n<li><strong style=\"color: #555555;\">Riguroso control de calidad<br \/>\n<\/strong>La calidad est\u00e1 en el centro de nuestro proceso de fabricaci\u00f3n. Nuestro dedicado equipo de inspectores garantiza que cada Sippy Cup cumpla unas normas estrictas antes de llegar a sus clientes de todo el mundo.<\/li>\n<li><strong style=\"color: #555555;\">Proteger su marca y sus ideas<br \/>\n<\/strong>Respetamos la propiedad intelectual y la confidencialidad. Si es necesario, estaremos encantados de firmar acuerdos NDA o NNN para salvaguardar sus dise\u00f1os OEM\/ODM.<\/li>\n<li><strong style=\"color: #555555;\">Producci\u00f3n eficiente y automatizada<br \/>\n<\/strong>Especializados en la fabricaci\u00f3n de bebidas, aprovechamos las l\u00edneas de producci\u00f3n avanzadas y las tecnolog\u00edas de la Industria 4.0 para ofrecer productos rentables y de alta calidad con precios competitivos.<\/li>\n<li><strong style=\"color: #555555;\">Experiencia OEM\/ODM<br \/>\n<\/strong>Nuestros experimentados ingenieros, con m\u00e1s de 20 a\u00f1os de experiencia en la fabricaci\u00f3n de art\u00edculos de bebida, pueden transformar sus ideas en una botella para bicicleta con bid\u00f3n listo para el mercado, ayud\u00e1ndole a crear superventas.<\/li>\n<li><strong style=\"color: #555555;\">Servicios completos de personalizaci\u00f3n<br \/>\n<\/strong>Desde el moldeo hasta el envasado, ofrecemos una personalizaci\u00f3n integral para satisfacer las necesidades de su marca:<br \/>\n<strong style=\"color: #555555;\">Moldeo a medida<\/strong><span style=\"color: #555555;\"> - <\/span><a href=\"https:\/\/customizedwaterbottles.com\/es\/custom-water-bottle-mold-maker-bpa-free-vacuum-flask-oem\/\" target=\"_blank\" rel=\"noopener\">https:\/\/customizedwaterbottles.com\/custom-water-bottle-mold-maker-bpa-free-vacuum-flask-oem\/<\/a><br \/>\n<strong style=\"color: #555555;\">Decoraci\u00f3n a medida<\/strong><span style=\"color: #555555;\"> -<\/span><a href=\"https:\/\/customizedwaterbottles.com\/es\/graphic-design-water-bottles-custom-stainless-steel-oem\/\" target=\"_blank\" rel=\"noopener\"> https:\/\/customizedwaterbottles.com\/graphic-design-water-bottles-custom-stainless-steel-oem\/<\/a><br \/>\n<strong style=\"color: #555555;\">Logotipos y embalajes personalizados<\/strong><span style=\"color: #555555;\"> - <\/span><a href=\"https:\/\/customizedwaterbottles.com\/es\/wholesale-custom-packaging-for-water-bottles-tumblers\/\" target=\"_blank\" rel=\"noopener\">https:\/\/customizedwaterbottles.com\/wholesale-custom-packaging-for-water-bottles-tumblers\/<\/a><br \/>\n<strong style=\"color: #555555;\">Regalo personalizado<\/strong><span style=\"color: #555555;\"> - <\/span><a href=\"https:\/\/customizedwaterbottles.com\/es\/promotional-drinkware-for-businesses-custom-branded-gifts\/\" target=\"_blank\" rel=\"noopener\">https:\/\/customizedwaterbottles.com\/promotional-drinkware-for-businesses-custom-branded-gifts\/<\/a><\/li>\n<\/ol>\n[post-link-list]\n<p><img decoding=\"async\" class=\"alignnone  wp-image-3483\" src=\"https:\/\/customizedwaterbottles.com\/wp-content\/uploads\/2025\/08\/12oz-kid-Sippy-Cup.webp\" alt=\"tazas para ni\u00f1os\" width=\"260\" height=\"260\" srcset=\"https:\/\/customizedwaterbottles.com\/wp-content\/uploads\/2025\/08\/12oz-kid-Sippy-Cup.webp 1600w, https:\/\/customizedwaterbottles.com\/wp-content\/uploads\/2025\/08\/12oz-kid-Sippy-Cup-1024x1024.webp 1024w, https:\/\/customizedwaterbottles.com\/wp-content\/uploads\/2025\/08\/12oz-kid-Sippy-Cup-768x768.webp 768w, https:\/\/customizedwaterbottles.com\/wp-content\/uploads\/2025\/08\/12oz-kid-Sippy-Cup-1536x1536.webp 1536w, https:\/\/customizedwaterbottles.com\/wp-content\/uploads\/2025\/08\/12oz-kid-Sippy-Cup-300x300.webp 300w, https:\/\/customizedwaterbottles.com\/wp-content\/uploads\/2025\/08\/12oz-kid-Sippy-Cup-600x600.webp 600w, https:\/\/customizedwaterbottles.com\/wp-content\/uploads\/2025\/08\/12oz-kid-Sippy-Cup-100x100.webp 100w\" sizes=\"(max-width: 260px) 100vw, 260px\" \/>\u00a0<img decoding=\"async\" class=\"alignnone  wp-image-3487\" style=\"color: #333333;\" src=\"https:\/\/customizedwaterbottles.com\/wp-content\/uploads\/2025\/08\/owala-kids-tumbler.webp\" alt=\"vaso owala kids\" width=\"276\" height=\"276\" srcset=\"https:\/\/customizedwaterbottles.com\/wp-content\/uploads\/2025\/08\/owala-kids-tumbler.webp 800w, https:\/\/customizedwaterbottles.com\/wp-content\/uploads\/2025\/08\/owala-kids-tumbler-768x768.webp 768w, https:\/\/customizedwaterbottles.com\/wp-content\/uploads\/2025\/08\/owala-kids-tumbler-300x300.webp 300w, https:\/\/customizedwaterbottles.com\/wp-content\/uploads\/2025\/08\/owala-kids-tumbler-600x600.webp 600w, https:\/\/customizedwaterbottles.com\/wp-content\/uploads\/2025\/08\/owala-kids-tumbler-100x100.webp 100w\" sizes=\"(max-width: 276px) 100vw, 276px\" \/><img decoding=\"async\" class=\"alignnone  wp-image-3486\" style=\"color: #333333;\" src=\"https:\/\/customizedwaterbottles.com\/wp-content\/uploads\/2025\/08\/owala-sippy-cup.webp\" alt=\"owala sippy cup\" width=\"262\" height=\"262\" srcset=\"https:\/\/customizedwaterbottles.com\/wp-content\/uploads\/2025\/08\/owala-sippy-cup.webp 800w, https:\/\/customizedwaterbottles.com\/wp-content\/uploads\/2025\/08\/owala-sippy-cup-768x768.webp 768w, https:\/\/customizedwaterbottles.com\/wp-content\/uploads\/2025\/08\/owala-sippy-cup-300x300.webp 300w, https:\/\/customizedwaterbottles.com\/wp-content\/uploads\/2025\/08\/owala-sippy-cup-600x600.webp 600w, https:\/\/customizedwaterbottles.com\/wp-content\/uploads\/2025\/08\/owala-sippy-cup-100x100.webp 100w\" sizes=\"(max-width: 262px) 100vw, 262px\" \/><img decoding=\"async\" class=\"alignnone  wp-image-3484\" src=\"https:\/\/customizedwaterbottles.com\/wp-content\/uploads\/2025\/08\/owala-kids-tumbler-.webp\" alt=\"vaso owala kids\" width=\"268\" height=\"268\" srcset=\"https:\/\/customizedwaterbottles.com\/wp-content\/uploads\/2025\/08\/owala-kids-tumbler-.webp 1200w, https:\/\/customizedwaterbottles.com\/wp-content\/uploads\/2025\/08\/owala-kids-tumbler--1024x1024.webp 1024w, https:\/\/customizedwaterbottles.com\/wp-content\/uploads\/2025\/08\/owala-kids-tumbler--768x768.webp 768w, https:\/\/customizedwaterbottles.com\/wp-content\/uploads\/2025\/08\/owala-kids-tumbler--300x300.webp 300w, https:\/\/customizedwaterbottles.com\/wp-content\/uploads\/2025\/08\/owala-kids-tumbler--600x600.webp 600w, https:\/\/customizedwaterbottles.com\/wp-content\/uploads\/2025\/08\/owala-kids-tumbler--100x100.webp 100w\" sizes=\"(max-width: 268px) 100vw, 268px\" \/><img decoding=\"async\" class=\"alignnone  wp-image-3485\" src=\"https:\/\/customizedwaterbottles.com\/wp-content\/uploads\/2025\/08\/childrens-sippy-cups.webp\" alt=\"tazas para ni\u00f1os\" width=\"266\" height=\"266\" srcset=\"https:\/\/customizedwaterbottles.com\/wp-content\/uploads\/2025\/08\/childrens-sippy-cups.webp 1200w, https:\/\/customizedwaterbottles.com\/wp-content\/uploads\/2025\/08\/childrens-sippy-cups-1024x1024.webp 1024w, https:\/\/customizedwaterbottles.com\/wp-content\/uploads\/2025\/08\/childrens-sippy-cups-768x768.webp 768w, https:\/\/customizedwaterbottles.com\/wp-content\/uploads\/2025\/08\/childrens-sippy-cups-300x300.webp 300w, https:\/\/customizedwaterbottles.com\/wp-content\/uploads\/2025\/08\/childrens-sippy-cups-600x600.webp 600w, https:\/\/customizedwaterbottles.com\/wp-content\/uploads\/2025\/08\/childrens-sippy-cups-100x100.webp 100w\" sizes=\"(max-width: 266px) 100vw, 266px\" \/>\u00a0<img decoding=\"async\" class=\"alignnone  wp-image-3488\" src=\"https:\/\/customizedwaterbottles.com\/wp-content\/uploads\/2025\/08\/Sippy-Cup.webp\" alt=\"Sippy Cup\" width=\"268\" height=\"268\" srcset=\"https:\/\/customizedwaterbottles.com\/wp-content\/uploads\/2025\/08\/Sippy-Cup.webp 1200w, https:\/\/customizedwaterbottles.com\/wp-content\/uploads\/2025\/08\/Sippy-Cup-1024x1024.webp 1024w, https:\/\/customizedwaterbottles.com\/wp-content\/uploads\/2025\/08\/Sippy-Cup-768x768.webp 768w, https:\/\/customizedwaterbottles.com\/wp-content\/uploads\/2025\/08\/Sippy-Cup-300x300.webp 300w, https:\/\/customizedwaterbottles.com\/wp-content\/uploads\/2025\/08\/Sippy-Cup-600x600.webp 600w, https:\/\/customizedwaterbottles.com\/wp-content\/uploads\/2025\/08\/Sippy-Cup-100x100.webp 100w\" sizes=\"(max-width: 268px) 100vw, 268px\" \/><\/p>\n<p>&nbsp;<\/p>","protected":false},"excerpt":{"rendered":"<h3><strong>\u00a0 \u00a0 \u00a0 \u00a0Caracter\u00edsticas del producto:<\/strong><\/h3>\n<ul>\n<li><strong>Ideal para manos peque\u00f1as y grandes aventuras<\/strong><br \/>\nOur 12-ounce insulated stainless-steel sippy cup is perfectly sized for toddlers, offering a smooth, easy-to-sip experience and a hassle-free, easy-to-clean design for parents.<\/li>\n<li><strong>Resistente a salpicaduras para mayor tranquilidad<\/strong><br \/>\nLa tapa segura y resistente a los derrames minimiza el desorden y el estr\u00e9s, lo que hace que este vaso para ni\u00f1os sea perfecto para usar en casa, en el asiento elevador o en el portavasos del cochecito.<\/li>\n<li><strong>Pajita extra\u00edble f\u00e1cil de limpiar<\/strong><br \/>\nCuenta con una pajita extra\u00edble y reutilizable que es incre\u00edblemente f\u00e1cil de limpiar: basta con quitar la tapa, empujar la pajita desde la parte superior y enjuagar. As\u00ed de f\u00e1cil.<\/li>\n<li><strong>Mantiene las bebidas frescas y refrescantes<\/strong><br \/>\nLa estructura de acero inoxidable aislante mantiene las bebidas fr\u00edas durante los juegos y las aventuras. Nota: Este vaso est\u00e1 dise\u00f1ado para mantener fr\u00edas las bebidas y no debe utilizarse con l\u00edquidos calientes, carbonatados o perecederos.<\/li>\n<li><strong>Fabricado para resistir la vida de los ni\u00f1os peque\u00f1os<\/strong><br \/>\nFabricado con materiales resistentes que aguantan una o dos ca\u00eddas. Este vaso para sorber con pajita 100% no contiene BPA, plomo ni ftalatos. Para su cuidado, lava la taza a mano; la tapa se puede lavar en el lavavajillas.<\/p>\n<h3><strong>\u00a0Servicios personalizados:<\/strong><\/h3>\n<\/li>\n<li><strong>Logotipo y dise\u00f1o\uff1a<\/strong>Personalice las tazas para sorber de sus hijos con logotipos y dise\u00f1os mediante t\u00e9cnicas como la serigraf\u00eda, el grabado l\u00e1ser, la transferencia t\u00e9rmica, la impresi\u00f3n 3D o la impresi\u00f3n UV.<\/li>\n<li><strong>Opciones de color\uff1a<\/strong>Elija entre los colores Pantone con acabados mate, brillante o con recubrimiento en polvo para adaptarse a la identidad de su marca.<\/li>\n<li><strong>Capacidad Variedad\uff1b<\/strong>Disponible en 12 oz, con opciones de capacidades personalizadas para satisfacer necesidades espec\u00edficas.<\/li>\n<li><strong>Personalizaci\u00f3n de la tapa\uff1a<\/strong>Elija entre 100% Tapas sin BPA a prueba de fugas en colores personalizables.<\/li>\n<li><strong>Soluciones de envasado\uff1a<\/strong>Las opciones incluyen cajas de color, cajas blancas, cajas de regalo, cajas de cart\u00f3n marr\u00f3n y cajas cil\u00edndricas adaptadas a sus necesidades.<\/li>\n<\/ul>","protected":false},"featured_media":3483,"comment_status":"open","ping_status":"closed","template":"","meta":[],"product_brand":[],"product_cat":[23],"product_tag":[205,202,204,203],"class_list":{"0":"post-3482","1":"product","2":"type-product","3":"status-publish","4":"has-post-thumbnail","6":"product_cat-insulated-tumblers-mugs","7":"product_tag-12oz-kids-tumbler","8":"product_tag-childrens-sippy-cups","9":"product_tag-owala-kids-tumbler","10":"product_tag-owala-sippy-cups","12":"first","13":"instock","14":"shipping-taxable","15":"product-type-simple"},"yoast_head":"<!-- This site is optimized with the Yoast SEO plugin v25.4 - https:\/\/yoast.com\/wordpress\/plugins\/seo\/ -->\n<title>Wholesale Custom Logo Stainless Steel 12oz Kid Sippy Cup with Straw<\/title>\n<meta name=\"description\" content=\"China OEM Factory: Custom 12oz stainless steel sippy cups for kids. We make leak-proof straw tumblers with your logo. Bulk order &amp; wholesale pricing.\" \/>\n<meta name=\"robots\" content=\"index, follow, max-snippet:-1, max-image-preview:large, max-video-preview:-1\" \/>\n<link rel=\"canonical\" href=\"https:\/\/customizedwaterbottles.com\/es\/product\/owala-kids-tumbler\/\" \/>\n<meta property=\"og:locale\" content=\"es_ES\" \/>\n<meta property=\"og:type\" content=\"article\" \/>\n<meta property=\"og:title\" content=\"Wholesale Custom Logo Stainless Steel 12oz Kid Sippy Cup with Straw\" \/>\n<meta property=\"og:description\" content=\"China OEM Factory: Custom 12oz stainless steel sippy cups for kids. We make leak-proof straw tumblers with your logo. Bulk order &amp; wholesale pricing.\" \/>\n<meta property=\"og:url\" content=\"https:\/\/customizedwaterbottles.com\/es\/product\/owala-kids-tumbler\/\" \/>\n<meta property=\"og:site_name\" content=\"iFun\" \/>\n<meta property=\"article:modified_time\" content=\"2025-08-29T07:32:00+00:00\" \/>\n<meta property=\"og:image\" content=\"https:\/\/customizedwaterbottles.com\/wp-content\/uploads\/2025\/08\/12oz-kid-Sippy-Cup.webp\" \/>\n\t<meta property=\"og:image:width\" content=\"1600\" \/>\n\t<meta property=\"og:image:height\" content=\"1600\" \/>\n\t<meta property=\"og:image:type\" content=\"image\/webp\" \/>\n<meta name=\"twitter:card\" content=\"summary_large_image\" \/>\n<meta name=\"twitter:label1\" content=\"Tiempo de lectura\" \/>\n\t<meta name=\"twitter:data1\" content=\"3 minutos\" \/>\n<script type=\"application\/ld+json\" class=\"yoast-schema-graph\">{\"@context\":\"https:\/\/schema.org\",\"@graph\":[{\"@type\":\"WebPage\",\"@id\":\"https:\/\/customizedwaterbottles.com\/product\/owala-kids-tumbler\/\",\"url\":\"https:\/\/customizedwaterbottles.com\/product\/owala-kids-tumbler\/\",\"name\":\"Wholesale Custom Logo Stainless Steel 12oz Kid Sippy Cup with Straw\",\"isPartOf\":{\"@id\":\"https:\/\/customizedwaterbottles.com\/#website\"},\"primaryImageOfPage\":{\"@id\":\"https:\/\/customizedwaterbottles.com\/product\/owala-kids-tumbler\/#primaryimage\"},\"image\":{\"@id\":\"https:\/\/customizedwaterbottles.com\/product\/owala-kids-tumbler\/#primaryimage\"},\"thumbnailUrl\":\"https:\/\/customizedwaterbottles.com\/wp-content\/uploads\/2025\/08\/12oz-kid-Sippy-Cup.webp\",\"datePublished\":\"2025-08-29T06:40:42+00:00\",\"dateModified\":\"2025-08-29T07:32:00+00:00\",\"description\":\"China OEM Factory: Custom 12oz stainless steel sippy cups for kids. We make leak-proof straw tumblers with your logo. Bulk order & wholesale pricing.\",\"breadcrumb\":{\"@id\":\"https:\/\/customizedwaterbottles.com\/product\/owala-kids-tumbler\/#breadcrumb\"},\"inLanguage\":\"es\",\"potentialAction\":[{\"@type\":\"ReadAction\",\"target\":[\"https:\/\/customizedwaterbottles.com\/product\/owala-kids-tumbler\/\"]}]},{\"@type\":\"ImageObject\",\"inLanguage\":\"es\",\"@id\":\"https:\/\/customizedwaterbottles.com\/product\/owala-kids-tumbler\/#primaryimage\",\"url\":\"https:\/\/customizedwaterbottles.com\/wp-content\/uploads\/2025\/08\/12oz-kid-Sippy-Cup.webp\",\"contentUrl\":\"https:\/\/customizedwaterbottles.com\/wp-content\/uploads\/2025\/08\/12oz-kid-Sippy-Cup.webp\",\"width\":1600,\"height\":1600,\"caption\":\"children's sippy cups\"},{\"@type\":\"BreadcrumbList\",\"@id\":\"https:\/\/customizedwaterbottles.com\/product\/owala-kids-tumbler\/#breadcrumb\",\"itemListElement\":[{\"@type\":\"ListItem\",\"position\":1,\"name\":\"Home\",\"item\":\"https:\/\/customizedwaterbottles.com\/\"},{\"@type\":\"ListItem\",\"position\":2,\"name\":\"Products\",\"item\":\"https:\/\/customizedwaterbottles.com\/wholesale-drinkware-manufacturer-water-bottles-tumblers\/\"},{\"@type\":\"ListItem\",\"position\":3,\"name\":\"Stainless Steel 12oz Kid Sippy Cup with Spill Resistant Flexible Straw 1081625T\"}]},{\"@type\":\"WebSite\",\"@id\":\"https:\/\/customizedwaterbottles.com\/#website\",\"url\":\"https:\/\/customizedwaterbottles.com\/\",\"name\":\"iFun\",\"description\":\"Water Bottles Stainless Steel Vacuum Flask\",\"potentialAction\":[{\"@type\":\"SearchAction\",\"target\":{\"@type\":\"EntryPoint\",\"urlTemplate\":\"https:\/\/customizedwaterbottles.com\/?s={search_term_string}\"},\"query-input\":{\"@type\":\"PropertyValueSpecification\",\"valueRequired\":true,\"valueName\":\"search_term_string\"}}],\"inLanguage\":\"es\"}]}<\/script>\n<!-- \/ Yoast SEO plugin. -->","yoast_head_json":{"title":"Wholesale Custom Logo Stainless Steel 12oz Kid Sippy Cup with Straw","description":"China OEM Factory: Custom 12oz stainless steel sippy cups for kids. We make leak-proof straw tumblers with your logo. Bulk order & wholesale pricing.","robots":{"index":"index","follow":"follow","max-snippet":"max-snippet:-1","max-image-preview":"max-image-preview:large","max-video-preview":"max-video-preview:-1"},"canonical":"https:\/\/customizedwaterbottles.com\/es\/product\/owala-kids-tumbler\/","og_locale":"es_ES","og_type":"article","og_title":"Wholesale Custom Logo Stainless Steel 12oz Kid Sippy Cup with Straw","og_description":"China OEM Factory: Custom 12oz stainless steel sippy cups for kids. We make leak-proof straw tumblers with your logo. Bulk order & wholesale pricing.","og_url":"https:\/\/customizedwaterbottles.com\/es\/product\/owala-kids-tumbler\/","og_site_name":"iFun","article_modified_time":"2025-08-29T07:32:00+00:00","og_image":[{"width":1600,"height":1600,"url":"https:\/\/customizedwaterbottles.com\/wp-content\/uploads\/2025\/08\/12oz-kid-Sippy-Cup.webp","type":"image\/webp"}],"twitter_card":"summary_large_image","twitter_misc":{"Tiempo de lectura":"3 minutos"},"schema":{"@context":"https:\/\/schema.org","@graph":[{"@type":"WebPage","@id":"https:\/\/customizedwaterbottles.com\/product\/owala-kids-tumbler\/","url":"https:\/\/customizedwaterbottles.com\/product\/owala-kids-tumbler\/","name":"Wholesale Custom Logo Stainless Steel 12oz Kid Sippy Cup with Straw","isPartOf":{"@id":"https:\/\/customizedwaterbottles.com\/#website"},"primaryImageOfPage":{"@id":"https:\/\/customizedwaterbottles.com\/product\/owala-kids-tumbler\/#primaryimage"},"image":{"@id":"https:\/\/customizedwaterbottles.com\/product\/owala-kids-tumbler\/#primaryimage"},"thumbnailUrl":"https:\/\/customizedwaterbottles.com\/wp-content\/uploads\/2025\/08\/12oz-kid-Sippy-Cup.webp","datePublished":"2025-08-29T06:40:42+00:00","dateModified":"2025-08-29T07:32:00+00:00","description":"China OEM Factory: Custom 12oz stainless steel sippy cups for kids. We make leak-proof straw tumblers with your logo. Bulk order & wholesale pricing.","breadcrumb":{"@id":"https:\/\/customizedwaterbottles.com\/product\/owala-kids-tumbler\/#breadcrumb"},"inLanguage":"es","potentialAction":[{"@type":"ReadAction","target":["https:\/\/customizedwaterbottles.com\/product\/owala-kids-tumbler\/"]}]},{"@type":"ImageObject","inLanguage":"es","@id":"https:\/\/customizedwaterbottles.com\/product\/owala-kids-tumbler\/#primaryimage","url":"https:\/\/customizedwaterbottles.com\/wp-content\/uploads\/2025\/08\/12oz-kid-Sippy-Cup.webp","contentUrl":"https:\/\/customizedwaterbottles.com\/wp-content\/uploads\/2025\/08\/12oz-kid-Sippy-Cup.webp","width":1600,"height":1600,"caption":"children's sippy cups"},{"@type":"BreadcrumbList","@id":"https:\/\/customizedwaterbottles.com\/product\/owala-kids-tumbler\/#breadcrumb","itemListElement":[{"@type":"ListItem","position":1,"name":"Home","item":"https:\/\/customizedwaterbottles.com\/"},{"@type":"ListItem","position":2,"name":"Products","item":"https:\/\/customizedwaterbottles.com\/wholesale-drinkware-manufacturer-water-bottles-tumblers\/"},{"@type":"ListItem","position":3,"name":"Stainless Steel 12oz Kid Sippy Cup with Spill Resistant Flexible Straw 1081625T"}]},{"@type":"WebSite","@id":"https:\/\/customizedwaterbottles.com\/#website","url":"https:\/\/customizedwaterbottles.com\/","name":"iFun","description":"Water Bottles Stainless Steel Vacuum Flask","potentialAction":[{"@type":"SearchAction","target":{"@type":"EntryPoint","urlTemplate":"https:\/\/customizedwaterbottles.com\/?s={search_term_string}"},"query-input":{"@type":"PropertyValueSpecification","valueRequired":true,"valueName":"search_term_string"}}],"inLanguage":"es"}]}},"_links":{"self":[{"href":"https:\/\/customizedwaterbottles.com\/es\/wp-json\/wp\/v2\/product\/3482","targetHints":{"allow":["GET"]}}],"collection":[{"href":"https:\/\/customizedwaterbottles.com\/es\/wp-json\/wp\/v2\/product"}],"about":[{"href":"https:\/\/customizedwaterbottles.com\/es\/wp-json\/wp\/v2\/types\/product"}],"replies":[{"embeddable":true,"href":"https:\/\/customizedwaterbottles.com\/es\/wp-json\/wp\/v2\/comments?post=3482"}],"wp:featuredmedia":[{"embeddable":true,"href":"https:\/\/customizedwaterbottles.com\/es\/wp-json\/wp\/v2\/media\/3483"}],"wp:attachment":[{"href":"https:\/\/customizedwaterbottles.com\/es\/wp-json\/wp\/v2\/media?parent=3482"}],"wp:term":[{"taxonomy":"product_brand","embeddable":true,"href":"https:\/\/customizedwaterbottles.com\/es\/wp-json\/wp\/v2\/product_brand?post=3482"},{"taxonomy":"product_cat","embeddable":true,"href":"https:\/\/customizedwaterbottles.com\/es\/wp-json\/wp\/v2\/product_cat?post=3482"},{"taxonomy":"product_tag","embeddable":true,"href":"https:\/\/customizedwaterbottles.com\/es\/wp-json\/wp\/v2\/product_tag?post=3482"}],"curies":[{"name":"wp","href":"https:\/\/api.w.org\/{rel}","templated":true}]}}