{"id":3656,"date":"2025-09-09T07:35:32","date_gmt":"2025-09-09T07:35:32","guid":{"rendered":"https:\/\/customizedwaterbottles.com\/?post_type=product&#038;p=3656"},"modified":"2025-09-09T08:46:01","modified_gmt":"2025-09-09T08:46:01","slug":"wholesale-17oz-double-wall-stainless-steel-insulated-coffee-mug-with-lid-and-handle","status":"publish","type":"product","link":"https:\/\/customizedwaterbottles.com\/es\/product\/wholesale-17oz-double-wall-stainless-steel-insulated-coffee-mug-with-lid-and-handle\/","title":{"rendered":"Mayorista Taza de caf\u00e9 aislante de acero inoxidable de doble pared de 17oz con tapa y asa 1081630T"},"content":{"rendered":"<table>\n<tbody>\n<tr>\n<td width=\"426\">Nombre del producto<\/td>\n<td width=\"426\">Wholesale 17oz Double Wall Stainless Steel Insulated Coffee Mug With Lid and Handle<\/td>\n<\/tr>\n<tr>\n<td width=\"426\">Capacidad<\/td>\n<td width=\"426\">12oz 17oz<\/td>\n<\/tr>\n<tr>\n<td width=\"426\">Material<\/td>\n<td width=\"426\">Doble pared de acero inoxidable<\/td>\n<\/tr>\n<tr>\n<td width=\"426\">Color<\/td>\n<td width=\"426\">Pintura brillante, pintura mate, recubrimiento en polvo, etc.<\/td>\n<\/tr>\n<tr>\n<td width=\"426\">Logotipo<\/td>\n<td width=\"426\">Serigraf\u00eda, impresi\u00f3n por transferencia t\u00e9rmica, grabado por l\u00e1ser, transferencia por agua, etc.<\/td>\n<\/tr>\n<tr>\n<td width=\"426\">MOQ<\/td>\n<td width=\"426\">50 unidades<\/td>\n<\/tr>\n<tr>\n<td width=\"426\">Tiempo de muestreo<\/td>\n<td width=\"426\">3-7 d\u00edas para dise\u00f1os personalizados<\/td>\n<\/tr>\n<tr>\n<td width=\"426\">Certificaci\u00f3n<\/td>\n<td width=\"426\">FDA, LFGB<\/td>\n<\/tr>\n<tr>\n<td width=\"426\">Embalaje<\/td>\n<td width=\"426\">Caja blanca, caja de color o caja con dise\u00f1o personalizado<\/td>\n<\/tr>\n<tr>\n<td width=\"426\">Capacidad de producci\u00f3n<\/td>\n<td width=\"426\">500.000 unidades al mes<\/td>\n<\/tr>\n<tr>\n<td width=\"426\">Plazo de entrega<\/td>\n<td width=\"426\">25-35 d\u00edas para cantidades inferiores a 20.000 unidades<\/td>\n<\/tr>\n<\/tbody>\n<\/table>\n<h2><strong>Why Choose Our Coffee Tumbler?<\/strong><\/h2>\n<p data-start=\"268\" data-end=\"599\"><strong data-start=\"268\" data-end=\"302\"><span style=\"color: #000000;\">1. All-Day Temperature Control<\/span><\/strong><br data-start=\"302\" data-end=\"305\" \/>Ifun Wholesale 17oz Double Wall Stainless Steel Insulated Coffee Mug With Lid and Handle is here to hydrate more and refill less. The insulation keeps drinks cold and the durable handle takes it to the next level. The perfect size stainless steel tumbler bottle can go anywhere, even fitting most cupholders. Cold stays cold, and the flexible straw is easy to sip any which way.<\/p>\n<p data-start=\"601\" data-end=\"1020\"><strong data-start=\"601\" data-end=\"642\"><span style=\"color: #000000;\">2. Built Tough with Premium Material<\/span><\/strong><br data-start=\"642\" data-end=\"645\" \/>Wholesale 17oz Double Wall Stainless Steel Insulated Coffee Mug With Lid and Carry Handle Double-wall vacuum insulation, drinks stay the coldest and coolest for hours in this tumbler cup. Made inside and outside with high-quality, food-grade 304 stainless steel, it\u2019s safe for all beverages, with no weird tastes and extra resistance to dings and scratches. Our insulated stainless steel keeps drinks cold during playtime and adventures\u2014keep your cool with this owala 40 oz stainless steel straw tumbler. Note: not for use with hot, carbonated, or perishable liquids.<\/p>\n<p data-start=\"1022\" data-end=\"1424\"><strong data-start=\"1022\" data-end=\"1046\"><span style=\"color: #000000;\">3. Unique Lid Design\u00a0<\/span><\/strong><br data-start=\"1046\" data-end=\"1049\" \/>The Ifun Wholesale 17oz Double Wall Stainless Steel Insulated Coffee Mug is easy to sip and easy to clean. The flip sip lid on the insulated Travel CoffeeTumbler keeps drinks ready to sip.An ideal all-day tumbler, this handheld cup is perfect for cheer, sports, baseball, school, the pool and more.<\/p>\n<p data-start=\"1022\" data-end=\"1424\"><strong data-start=\"1022\" data-end=\"1046\"><span style=\"color: #000000;\">4. Fits Cupholders Insulated Coffee Mug With Handle &amp; Flip Lid<\/span><\/strong>The cupholder-friendly design means this insulated coffee mugs tumbler with handle fits simple and easily in most cupholders. Designed for seamless cupholder cohabitation, these cups are right at home on the open road, on the sidelines, at the gym, outdoor, indoor, at the beach, or wherever you need to set your sips.<\/p>\n<p data-start=\"1426\" data-end=\"1722\"><strong data-start=\"1022\" data-end=\"1046\"><span style=\"color: #000000;\">5. Multi Capacity Choice\u00a0<\/span><\/strong><br data-start=\"1454\" data-end=\"1457\" \/>With a generous capacity of 12oz 17oz, this tumbler is perfect for heavy drinkers, fitness lovers, or desk-bound professionals. Whether you choose the classic stainless version or the thermos coffee tumbler, you\u2019ll have a stylish and functional drink companion.<\/p>\n<p data-start=\"1724\" data-end=\"1965\"><strong data-start=\"1022\" data-end=\"1046\"><span style=\"color: #000000;\">6. Sweat-Free Exterior\u00a0<\/span><\/strong><br data-start=\"1750\" data-end=\"1753\" \/>Our vacuum insulation doesn\u2019t just keep drinks cold\u2014it keeps the outside dry too. No need to worry about condensation from cold drinks making your hands or table wet, even with the owala 40 oz free sip tumbler.<\/p>\n<p data-start=\"1967\" data-end=\"2304\"><strong data-start=\"1022\" data-end=\"1046\"><span style=\"color: #000000;\">7. 15+ Years Manufacturing Experience\u00a0<\/span><\/strong><br data-start=\"2008\" data-end=\"2011\" \/>Ifun has been focused on drinkware products for more than 15 years. Our product line includes stainless steel tumblers, vacuum insulated water bottles, travel mugs, thermos cups, and more. We have professional teams to ensure every custom owala tumbler\u00a0meets high-quality standards.<\/p>\n<p data-start=\"2306\" data-end=\"2643\"><strong data-start=\"1022\" data-end=\"1046\"><span style=\"color: #000000;\">8. OEM &amp; ODM Service Available<\/span><\/strong><br data-start=\"2340\" data-end=\"2343\" \/>As a stainless steel bottles manufacturer, Ifun provides OEM &amp; ODM services. Whether you need custom colors, logos, packages, or sizes, we can make it happen. From the Wholesale 17oz Double Wall Stainless Steel Insulated Coffee Mug With Lid and Handle, we help you create products tailored to your market.<\/p>\n<p><strong style=\"color: #555555;\">Moldeo a medida<\/strong><span style=\"color: #555555;\"> - <\/span><a href=\"https:\/\/customizedwaterbottles.com\/es\/custom-water-bottle-mold-maker-bpa-free-vacuum-flask-oem\/\" target=\"_blank\" rel=\"noopener\">https:\/\/customizedwaterbottles.com\/custom-water-bottle-mold-maker-bpa-free-vacuum-flask-oem\/<\/a><br \/>\n<strong style=\"color: #555555;\">Decoraci\u00f3n a medida<\/strong><span style=\"color: #555555;\"> -<\/span><a href=\"https:\/\/customizedwaterbottles.com\/es\/graphic-design-water-bottles-custom-stainless-steel-oem\/\" target=\"_blank\" rel=\"noopener\"> https:\/\/customizedwaterbottles.com\/graphic-design-water-bottles-custom-stainless-steel-oem\/<\/a><br \/>\n<strong style=\"color: #555555;\">Logotipos y embalajes personalizados<\/strong><span style=\"color: #555555;\"> - <\/span><a href=\"https:\/\/customizedwaterbottles.com\/es\/wholesale-custom-packaging-for-water-bottles-tumblers\/\" target=\"_blank\" rel=\"noopener\">https:\/\/customizedwaterbottles.com\/wholesale-custom-packaging-for-water-bottles-tumblers\/<\/a><br \/>\n<strong style=\"color: #555555;\">Regalo personalizado<\/strong><span style=\"color: #555555;\"> - <\/span><a href=\"https:\/\/customizedwaterbottles.com\/es\/promotional-drinkware-for-businesses-custom-branded-gifts\/\" target=\"_blank\" rel=\"noopener\">https:\/\/customizedwaterbottles.com\/promotional-drinkware-for-businesses-custom-branded-gifts\/<\/a><\/p>\n[post-link-list]\n<p><img decoding=\"async\" class=\"alignnone  wp-image-3663\" src=\"https:\/\/customizedwaterbottles.com\/wp-content\/uploads\/2025\/09\/Insulated-Coffee-Mug-With-Lid-and-Handle-8.webp\" alt=\"Insulated Coffee Mugs manufacturer\" width=\"759\" height=\"759\" srcset=\"https:\/\/customizedwaterbottles.com\/wp-content\/uploads\/2025\/09\/Insulated-Coffee-Mug-With-Lid-and-Handle-8.webp 1200w, https:\/\/customizedwaterbottles.com\/wp-content\/uploads\/2025\/09\/Insulated-Coffee-Mug-With-Lid-and-Handle-8-1024x1024.webp 1024w, https:\/\/customizedwaterbottles.com\/wp-content\/uploads\/2025\/09\/Insulated-Coffee-Mug-With-Lid-and-Handle-8-768x768.webp 768w, https:\/\/customizedwaterbottles.com\/wp-content\/uploads\/2025\/09\/Insulated-Coffee-Mug-With-Lid-and-Handle-8-300x300.webp 300w, https:\/\/customizedwaterbottles.com\/wp-content\/uploads\/2025\/09\/Insulated-Coffee-Mug-With-Lid-and-Handle-8-600x600.webp 600w, https:\/\/customizedwaterbottles.com\/wp-content\/uploads\/2025\/09\/Insulated-Coffee-Mug-With-Lid-and-Handle-8-100x100.webp 100w\" sizes=\"(max-width: 759px) 100vw, 759px\" \/><\/p>\n<p><img decoding=\"async\" class=\"alignnone size-full wp-image-3665\" src=\"https:\/\/customizedwaterbottles.com\/wp-content\/uploads\/2025\/09\/coffe-mug.webp\" alt=\"12oz 17oz Insulated Coffee Mugs With Handle And Flip Lid\" width=\"790\" height=\"462\" srcset=\"https:\/\/customizedwaterbottles.com\/wp-content\/uploads\/2025\/09\/coffe-mug.webp 790w, https:\/\/customizedwaterbottles.com\/wp-content\/uploads\/2025\/09\/coffe-mug-768x449.webp 768w, https:\/\/customizedwaterbottles.com\/wp-content\/uploads\/2025\/09\/coffe-mug-600x351.webp 600w\" sizes=\"(max-width: 790px) 100vw, 790px\" \/><\/p>\n<p><img decoding=\"async\" class=\"alignnone  wp-image-3662\" src=\"https:\/\/customizedwaterbottles.com\/wp-content\/uploads\/2025\/09\/Insulated-Coffee-Mug-With-Lid-and-Handle-7.webp\" alt=\"Insulated Mugs manufacturer\" width=\"739\" height=\"740\" srcset=\"https:\/\/customizedwaterbottles.com\/wp-content\/uploads\/2025\/09\/Insulated-Coffee-Mug-With-Lid-and-Handle-7.webp 761w, https:\/\/customizedwaterbottles.com\/wp-content\/uploads\/2025\/09\/Insulated-Coffee-Mug-With-Lid-and-Handle-7-300x300.webp 300w, https:\/\/customizedwaterbottles.com\/wp-content\/uploads\/2025\/09\/Insulated-Coffee-Mug-With-Lid-and-Handle-7-600x601.webp 600w, https:\/\/customizedwaterbottles.com\/wp-content\/uploads\/2025\/09\/Insulated-Coffee-Mug-With-Lid-and-Handle-7-100x100.webp 100w\" sizes=\"(max-width: 739px) 100vw, 739px\" \/><\/p>\n<p>&nbsp;<\/p>\n<p><img decoding=\"async\" class=\"alignnone size-medium wp-image-3404\" src=\"https:\/\/customizedwaterbottles.com\/wp-content\/uploads\/2025\/08\/\u4e3b\u56fe-77.webp\" alt=\"\" width=\"1000\" height=\"1000\" srcset=\"https:\/\/customizedwaterbottles.com\/wp-content\/uploads\/2025\/08\/\u4e3b\u56fe-77.webp 1000w, https:\/\/customizedwaterbottles.com\/wp-content\/uploads\/2025\/08\/\u4e3b\u56fe-77-768x768.webp 768w, https:\/\/customizedwaterbottles.com\/wp-content\/uploads\/2025\/08\/\u4e3b\u56fe-77-300x300.webp 300w, https:\/\/customizedwaterbottles.com\/wp-content\/uploads\/2025\/08\/\u4e3b\u56fe-77-600x600.webp 600w, https:\/\/customizedwaterbottles.com\/wp-content\/uploads\/2025\/08\/\u4e3b\u56fe-77-100x100.webp 100w\" sizes=\"(max-width: 1000px) 100vw, 1000px\" \/><\/p>","protected":false},"excerpt":{"rendered":"<h3><strong>Caracter\u00edsticas del producto:<\/strong><\/h3>\n<ul>\n<li><strong> Custom Wholesale 17oz Double Wall Stainless Steel Insulated Coffee Mug With Lid and Handle:<\/strong> Made of double vacuum insulation stainless steel coffee mug , Anti-wear fall, Rugged and durable. Electrolysis and drawing, easy to clean, with strong corrosion resistance.<\/li>\n<li><strong>Retenci\u00f3n superior de la temperatura <span class=\"a-list-item\">Ideal drinking temperature<\/span>:<\/strong><span class=\"a-list-item\">our Double-Wall Vacuum insulated thermal coffee mugs with lid and handle quality keeps your drinks cold for around 10 hours or hot for 6+ hours. The insulation also protects your hands from the temperature of beverage. The temperature of our hands does not affect that of the drinks.<\/span><\/li>\n<li><span class=\"a-list-item\"><strong>Wholesale 17oz Double Wall Stainless Steel Insulated Coffee Mug With Lid and Carry Handle :<\/strong>BPA free, Blu-ray PP plastic. The inside of the cover is a silicone seal ring, It has excellent sealing properties to prevent water leakage.<\/span><\/li>\n<li><span class=\"a-list-item\"><strong>\u00a0Wholesale Double Wall Insulated Vacuum Mug With Lid and Handle Keeping beverage hot and cold and Carry Handle <\/strong><\/span>Great for all kinds of hot and cold beverages, designed for coffee, beer, juice etc. Fit to car cup holders.<\/li>\n<li><strong>Styles Meets In Funcation:<\/strong>\u00a0 Available in multiple modern colors, the HydroJug Traveler isn\u2019t just a water bottle \u2013 it\u2019s a lifestyle accessory that keeps you hydrated in style.<\/li>\n<li><strong>Various Capacity:<\/strong> Offers a substantial 12oz 17oz volume, perfect for coffee, tea, or other beverage, reducing the need for frequent refills.<\/li>\n<li><strong>Construcci\u00f3n duradera de acero inoxidable:<\/strong> Fabricado en acero inoxidable 18\/8 de alta calidad para uso alimentario, por lo que es resistente al \u00f3xido, la corrosi\u00f3n y las abolladuras, y no retiene sabores ni olores.<\/li>\n<li><strong>Exterior a prueba de sudor:<\/strong> La estructura de aislamiento al vac\u00edo evita que se forme condensaci\u00f3n en la pared exterior, manteniendo las manos secas y las superficies limpias, tanto si se sostiene una bebida fr\u00eda como una caliente.<\/li>\n<\/ul>\n<h3><strong>Servicios personalizados:<\/strong><\/h3>\n<ul>\n<li><strong>Logotipo y dise\u00f1o:<\/strong> Las botellas de acero inoxidable Ifun admiten el logotipo personalizado de su marca. Podemos hacer que su logotipo y el dise\u00f1o con serigraf\u00eda, grabado l\u00e1ser, transferencia de calor, impresi\u00f3n 3D, impresi\u00f3n UV, etc.<\/li>\n<li><strong>Color:<\/strong> Los colores se pueden personalizar seg\u00fan el n\u00famero de color pantone, podemos hacerlo con acabado mate, pintura brillante, recubrimiento en polvo, etc.<\/li>\n<li><strong>Capacidad:<\/strong> We have12oz 17oz capacity, other capacity we can also custom for you.<\/li>\n<li><strong>Tapas: <\/strong>BPA FREE leakproof lid, the color can be customized.<\/li>\n<li><strong>Paquete: <\/strong>Caja de color, caja blanca, caja de regalo, caja de cart\u00f3n marr\u00f3n, caja cil\u00edndrica, etc.<\/li>\n<\/ul>","protected":false},"featured_media":3664,"comment_status":"open","ping_status":"closed","template":"","meta":[],"product_brand":[233,231,230,232],"product_cat":[22,23],"product_tag":[239,243,241,242,240],"class_list":{"0":"post-3656","1":"product","2":"type-product","3":"status-publish","4":"has-post-thumbnail","6":"product_brand-100-hydrojug-leak-proof-tumbler","7":"product_brand-40-oz-insulated-tumbler-with-handle-flip-straw","8":"product_brand-hydrojug-traveler-tumbler","9":"product_brand-hydrojug-tumbler-with-handle-flip-straw","10":"product_cat-new-drinkware-collection","11":"product_cat-insulated-tumblers-mugs","12":"product_tag-coffee-tumblers-manufacturer","13":"product_tag-insulated-coffee-tumbler","14":"product_tag-promotional-giveaway-tumblers","15":"product_tag-tumbler-cup-supplier","16":"product_tag-tumbler-wholesaler","18":"first","19":"instock","20":"shipping-taxable","21":"product-type-simple"},"yoast_head":"<!-- This site is optimized with the Yoast SEO plugin v25.4 - https:\/\/yoast.com\/wordpress\/plugins\/seo\/ -->\n<title>Insulated Coffee Mug With Lid and Handle<\/title>\n<meta name=\"description\" content=\"Manufacturer-Direct Wholesale Custom Stainless Steel Coffee Mugs.Vacuum Insulation with Lids And Handle, Logo Printing,Low MOQ. Get Free Samples!\" \/>\n<meta name=\"robots\" content=\"index, follow, max-snippet:-1, max-image-preview:large, max-video-preview:-1\" \/>\n<link rel=\"canonical\" href=\"https:\/\/customizedwaterbottles.com\/es\/product\/wholesale-17oz-double-wall-stainless-steel-insulated-coffee-mug-with-lid-and-handle\/\" \/>\n<meta property=\"og:locale\" content=\"es_ES\" \/>\n<meta property=\"og:type\" content=\"article\" \/>\n<meta property=\"og:title\" content=\"Insulated Coffee Mug With Lid and Handle\" \/>\n<meta property=\"og:description\" content=\"Manufacturer-Direct Wholesale Custom Stainless Steel Coffee Mugs.Vacuum Insulation with Lids And Handle, Logo Printing,Low MOQ. Get Free Samples!\" \/>\n<meta property=\"og:url\" content=\"https:\/\/customizedwaterbottles.com\/es\/product\/wholesale-17oz-double-wall-stainless-steel-insulated-coffee-mug-with-lid-and-handle\/\" \/>\n<meta property=\"og:site_name\" content=\"iFun\" \/>\n<meta property=\"article:modified_time\" content=\"2025-09-09T08:46:01+00:00\" \/>\n<meta property=\"og:image\" content=\"https:\/\/customizedwaterbottles.com\/wp-content\/uploads\/2025\/09\/Insulated-Coffee-Mug-With-Lid-and-Handle-1.webp\" \/>\n\t<meta property=\"og:image:width\" content=\"1200\" \/>\n\t<meta property=\"og:image:height\" content=\"1200\" \/>\n\t<meta property=\"og:image:type\" content=\"image\/webp\" \/>\n<meta name=\"twitter:card\" content=\"summary_large_image\" \/>\n<meta name=\"twitter:label1\" content=\"Tiempo de lectura\" \/>\n\t<meta name=\"twitter:data1\" content=\"4 minutos\" \/>\n<script type=\"application\/ld+json\" class=\"yoast-schema-graph\">{\"@context\":\"https:\/\/schema.org\",\"@graph\":[{\"@type\":\"WebPage\",\"@id\":\"https:\/\/customizedwaterbottles.com\/product\/wholesale-17oz-double-wall-stainless-steel-insulated-coffee-mug-with-lid-and-handle\/\",\"url\":\"https:\/\/customizedwaterbottles.com\/product\/wholesale-17oz-double-wall-stainless-steel-insulated-coffee-mug-with-lid-and-handle\/\",\"name\":\"Insulated Coffee Mug With Lid and Handle\",\"isPartOf\":{\"@id\":\"https:\/\/customizedwaterbottles.com\/#website\"},\"primaryImageOfPage\":{\"@id\":\"https:\/\/customizedwaterbottles.com\/product\/wholesale-17oz-double-wall-stainless-steel-insulated-coffee-mug-with-lid-and-handle\/#primaryimage\"},\"image\":{\"@id\":\"https:\/\/customizedwaterbottles.com\/product\/wholesale-17oz-double-wall-stainless-steel-insulated-coffee-mug-with-lid-and-handle\/#primaryimage\"},\"thumbnailUrl\":\"https:\/\/customizedwaterbottles.com\/wp-content\/uploads\/2025\/09\/Insulated-Coffee-Mug-With-Lid-and-Handle-1.webp\",\"datePublished\":\"2025-09-09T07:35:32+00:00\",\"dateModified\":\"2025-09-09T08:46:01+00:00\",\"description\":\"Manufacturer-Direct Wholesale Custom Stainless Steel Coffee Mugs.Vacuum Insulation with Lids And Handle, Logo Printing,Low MOQ. Get Free Samples!\",\"breadcrumb\":{\"@id\":\"https:\/\/customizedwaterbottles.com\/product\/wholesale-17oz-double-wall-stainless-steel-insulated-coffee-mug-with-lid-and-handle\/#breadcrumb\"},\"inLanguage\":\"es\",\"potentialAction\":[{\"@type\":\"ReadAction\",\"target\":[\"https:\/\/customizedwaterbottles.com\/product\/wholesale-17oz-double-wall-stainless-steel-insulated-coffee-mug-with-lid-and-handle\/\"]}]},{\"@type\":\"ImageObject\",\"inLanguage\":\"es\",\"@id\":\"https:\/\/customizedwaterbottles.com\/product\/wholesale-17oz-double-wall-stainless-steel-insulated-coffee-mug-with-lid-and-handle\/#primaryimage\",\"url\":\"https:\/\/customizedwaterbottles.com\/wp-content\/uploads\/2025\/09\/Insulated-Coffee-Mug-With-Lid-and-Handle-1.webp\",\"contentUrl\":\"https:\/\/customizedwaterbottles.com\/wp-content\/uploads\/2025\/09\/Insulated-Coffee-Mug-With-Lid-and-Handle-1.webp\",\"width\":1200,\"height\":1200,\"caption\":\"Stainless steel Coffee Mugs manufacturer\"},{\"@type\":\"BreadcrumbList\",\"@id\":\"https:\/\/customizedwaterbottles.com\/product\/wholesale-17oz-double-wall-stainless-steel-insulated-coffee-mug-with-lid-and-handle\/#breadcrumb\",\"itemListElement\":[{\"@type\":\"ListItem\",\"position\":1,\"name\":\"Home\",\"item\":\"https:\/\/customizedwaterbottles.com\/\"},{\"@type\":\"ListItem\",\"position\":2,\"name\":\"Products\",\"item\":\"https:\/\/customizedwaterbottles.com\/wholesale-drinkware-manufacturer-water-bottles-tumblers\/\"},{\"@type\":\"ListItem\",\"position\":3,\"name\":\"Wholesale 17oz Double Wall Stainless Steel Insulated Coffee Mug With Lid and Handle 1081630T\"}]},{\"@type\":\"WebSite\",\"@id\":\"https:\/\/customizedwaterbottles.com\/#website\",\"url\":\"https:\/\/customizedwaterbottles.com\/\",\"name\":\"iFun\",\"description\":\"Water Bottles Stainless Steel Vacuum Flask\",\"potentialAction\":[{\"@type\":\"SearchAction\",\"target\":{\"@type\":\"EntryPoint\",\"urlTemplate\":\"https:\/\/customizedwaterbottles.com\/?s={search_term_string}\"},\"query-input\":{\"@type\":\"PropertyValueSpecification\",\"valueRequired\":true,\"valueName\":\"search_term_string\"}}],\"inLanguage\":\"es\"}]}<\/script>\n<!-- \/ Yoast SEO plugin. -->","yoast_head_json":{"title":"Insulated Coffee Mug With Lid and Handle","description":"Manufacturer-Direct Wholesale Custom Stainless Steel Coffee Mugs.Vacuum Insulation with Lids And Handle, Logo Printing,Low MOQ. Get Free Samples!","robots":{"index":"index","follow":"follow","max-snippet":"max-snippet:-1","max-image-preview":"max-image-preview:large","max-video-preview":"max-video-preview:-1"},"canonical":"https:\/\/customizedwaterbottles.com\/es\/product\/wholesale-17oz-double-wall-stainless-steel-insulated-coffee-mug-with-lid-and-handle\/","og_locale":"es_ES","og_type":"article","og_title":"Insulated Coffee Mug With Lid and Handle","og_description":"Manufacturer-Direct Wholesale Custom Stainless Steel Coffee Mugs.Vacuum Insulation with Lids And Handle, Logo Printing,Low MOQ. Get Free Samples!","og_url":"https:\/\/customizedwaterbottles.com\/es\/product\/wholesale-17oz-double-wall-stainless-steel-insulated-coffee-mug-with-lid-and-handle\/","og_site_name":"iFun","article_modified_time":"2025-09-09T08:46:01+00:00","og_image":[{"width":1200,"height":1200,"url":"https:\/\/customizedwaterbottles.com\/wp-content\/uploads\/2025\/09\/Insulated-Coffee-Mug-With-Lid-and-Handle-1.webp","type":"image\/webp"}],"twitter_card":"summary_large_image","twitter_misc":{"Tiempo de lectura":"4 minutos"},"schema":{"@context":"https:\/\/schema.org","@graph":[{"@type":"WebPage","@id":"https:\/\/customizedwaterbottles.com\/product\/wholesale-17oz-double-wall-stainless-steel-insulated-coffee-mug-with-lid-and-handle\/","url":"https:\/\/customizedwaterbottles.com\/product\/wholesale-17oz-double-wall-stainless-steel-insulated-coffee-mug-with-lid-and-handle\/","name":"Insulated Coffee Mug With Lid and Handle","isPartOf":{"@id":"https:\/\/customizedwaterbottles.com\/#website"},"primaryImageOfPage":{"@id":"https:\/\/customizedwaterbottles.com\/product\/wholesale-17oz-double-wall-stainless-steel-insulated-coffee-mug-with-lid-and-handle\/#primaryimage"},"image":{"@id":"https:\/\/customizedwaterbottles.com\/product\/wholesale-17oz-double-wall-stainless-steel-insulated-coffee-mug-with-lid-and-handle\/#primaryimage"},"thumbnailUrl":"https:\/\/customizedwaterbottles.com\/wp-content\/uploads\/2025\/09\/Insulated-Coffee-Mug-With-Lid-and-Handle-1.webp","datePublished":"2025-09-09T07:35:32+00:00","dateModified":"2025-09-09T08:46:01+00:00","description":"Manufacturer-Direct Wholesale Custom Stainless Steel Coffee Mugs.Vacuum Insulation with Lids And Handle, Logo Printing,Low MOQ. Get Free Samples!","breadcrumb":{"@id":"https:\/\/customizedwaterbottles.com\/product\/wholesale-17oz-double-wall-stainless-steel-insulated-coffee-mug-with-lid-and-handle\/#breadcrumb"},"inLanguage":"es","potentialAction":[{"@type":"ReadAction","target":["https:\/\/customizedwaterbottles.com\/product\/wholesale-17oz-double-wall-stainless-steel-insulated-coffee-mug-with-lid-and-handle\/"]}]},{"@type":"ImageObject","inLanguage":"es","@id":"https:\/\/customizedwaterbottles.com\/product\/wholesale-17oz-double-wall-stainless-steel-insulated-coffee-mug-with-lid-and-handle\/#primaryimage","url":"https:\/\/customizedwaterbottles.com\/wp-content\/uploads\/2025\/09\/Insulated-Coffee-Mug-With-Lid-and-Handle-1.webp","contentUrl":"https:\/\/customizedwaterbottles.com\/wp-content\/uploads\/2025\/09\/Insulated-Coffee-Mug-With-Lid-and-Handle-1.webp","width":1200,"height":1200,"caption":"Stainless steel Coffee Mugs manufacturer"},{"@type":"BreadcrumbList","@id":"https:\/\/customizedwaterbottles.com\/product\/wholesale-17oz-double-wall-stainless-steel-insulated-coffee-mug-with-lid-and-handle\/#breadcrumb","itemListElement":[{"@type":"ListItem","position":1,"name":"Home","item":"https:\/\/customizedwaterbottles.com\/"},{"@type":"ListItem","position":2,"name":"Products","item":"https:\/\/customizedwaterbottles.com\/wholesale-drinkware-manufacturer-water-bottles-tumblers\/"},{"@type":"ListItem","position":3,"name":"Wholesale 17oz Double Wall Stainless Steel Insulated Coffee Mug With Lid and Handle 1081630T"}]},{"@type":"WebSite","@id":"https:\/\/customizedwaterbottles.com\/#website","url":"https:\/\/customizedwaterbottles.com\/","name":"iFun","description":"Water Bottles Stainless Steel Vacuum Flask","potentialAction":[{"@type":"SearchAction","target":{"@type":"EntryPoint","urlTemplate":"https:\/\/customizedwaterbottles.com\/?s={search_term_string}"},"query-input":{"@type":"PropertyValueSpecification","valueRequired":true,"valueName":"search_term_string"}}],"inLanguage":"es"}]}},"_links":{"self":[{"href":"https:\/\/customizedwaterbottles.com\/es\/wp-json\/wp\/v2\/product\/3656","targetHints":{"allow":["GET"]}}],"collection":[{"href":"https:\/\/customizedwaterbottles.com\/es\/wp-json\/wp\/v2\/product"}],"about":[{"href":"https:\/\/customizedwaterbottles.com\/es\/wp-json\/wp\/v2\/types\/product"}],"replies":[{"embeddable":true,"href":"https:\/\/customizedwaterbottles.com\/es\/wp-json\/wp\/v2\/comments?post=3656"}],"wp:featuredmedia":[{"embeddable":true,"href":"https:\/\/customizedwaterbottles.com\/es\/wp-json\/wp\/v2\/media\/3664"}],"wp:attachment":[{"href":"https:\/\/customizedwaterbottles.com\/es\/wp-json\/wp\/v2\/media?parent=3656"}],"wp:term":[{"taxonomy":"product_brand","embeddable":true,"href":"https:\/\/customizedwaterbottles.com\/es\/wp-json\/wp\/v2\/product_brand?post=3656"},{"taxonomy":"product_cat","embeddable":true,"href":"https:\/\/customizedwaterbottles.com\/es\/wp-json\/wp\/v2\/product_cat?post=3656"},{"taxonomy":"product_tag","embeddable":true,"href":"https:\/\/customizedwaterbottles.com\/es\/wp-json\/wp\/v2\/product_tag?post=3656"}],"curies":[{"name":"wp","href":"https:\/\/api.w.org\/{rel}","templated":true}]}}