{"id":3693,"date":"2025-09-11T07:59:55","date_gmt":"2025-09-11T07:59:55","guid":{"rendered":"https:\/\/customizedwaterbottles.com\/?post_type=product&#038;p=3693"},"modified":"2025-09-11T08:40:58","modified_gmt":"2025-09-11T08:40:58","slug":"leak-proof-tritan-bpa-free-sustain-water-bottle-32-oz-wide-mouth","status":"publish","type":"product","link":"https:\/\/customizedwaterbottles.com\/es\/product\/leak-proof-tritan-bpa-free-sustain-water-bottle-32-oz-wide-mouth\/","title":{"rendered":"Leak Proof Sustain 1L Botella de agua Tritan de boca ancha sin BPA 32 oz 10816001PB"},"content":{"rendered":"<p><strong>Product Name\uff1aLeak Proof Sustain 1L Wide Mouth Tritan Water Bottle BPA-Free 32 oz<\/strong><strong><br \/>\n<\/strong><strong>Capacidad\uff1a<\/strong>16oz\/ 32oz \uff081L\uff09<br \/>\n<strong>Accesorios\uff1a <\/strong>CON TAPA Y ASA<strong><br \/>\nMaterial de la botella: <\/strong>Trit\u00e1n sin BPA<strong><br \/>\nMaterial de la tapa: <\/strong>PP + Silicona<strong><br \/>\nColor\uff1a<\/strong>A medida o en stock<strong><br \/>\nLogotipo\uff1a<\/strong>Logotipo personalizado Acceptabl. Serigraf\u00eda, impresi\u00f3n por transferencia t\u00e9rmica, grabado l\u00e1ser, transferencia de agua, etc.<strong><br \/>\n<\/strong><strong>Tipo de botella\uff1a <\/strong>Boca ancha<strong><br \/>\nSin BPA: <\/strong>S\u00ed<strong><br \/>\nSin ftalatos: <\/strong>S\u00ed<strong><br \/>\nSin plomo:<\/strong> S\u00ed<strong><br \/>\nRespetuoso con el medio ambiente: <\/strong>S\u00ed<strong><br \/>\nOEM: <\/strong>Acogida<strong><br \/>\n<\/strong><strong>MOQ\uff1a<\/strong>300 unidades<br \/>\n<strong>Tiempo de muestreo\uff1a<\/strong>3-7 d\u00edas para dise\u00f1os personalizados<br \/>\n<strong>Certificaci\u00f3n\uff1a<\/strong>FDA, LFGB<br \/>\n<strong>Embalaje<\/strong>\uff1aCaja blanca, caja de color o caja de dise\u00f1o personalizado.<br \/>\n<strong>Capacidad de producci\u00f3n\uff1a<\/strong>500.000 unidades al mes<br \/>\n<strong>Plazo de entrega\uff1a<\/strong>5-25 d\u00edas para cantidades inferiores a 20.000 unidades<\/p>\n<h3><strong>Why Choose Ifun Tritan Water Bottle \uff1f<\/strong><\/h3>\n<ol>\n<li><strong>Calidad y seguridad certificadas<\/strong><br \/>\nNuestras botellas de agua Tritan cumplen las normas internacionales (CE, FDA, CA65\/Prop65, LFGB), lo que garantiza productos seguros, duraderos y sin BPA para sus clientes.<\/li>\n<li><strong style=\"color: #555555;\">\u00a0Destaque con dise\u00f1os personalizados<br \/>\n<\/strong>Su marca se merece una botella \u00fanica que llame la atenci\u00f3n. Con los dise\u00f1os elegantes y personalizables de Anhui iFun, su botella de agua Tritan reflejar\u00e1 la identidad de su marca y le ayudar\u00e1 a destacar en un mercado competitivo.<\/li>\n<li><strong style=\"color: #555555;\">Riguroso control de calidad<br \/>\n<\/strong>La calidad est\u00e1 en el coraz\u00f3n de nuestro proceso de fabricaci\u00f3n. Nuestro dedicado equipo de inspectores garantiza que cada Botella de Agua Tritan cumpla unas normas estrictas antes de llegar a sus clientes de todo el mundo.<\/li>\n<li><strong style=\"color: #555555;\">Proteger su marca y sus ideas<br \/>\n<\/strong>Respetamos la propiedad intelectual y la confidencialidad. Si es necesario, estaremos encantados de firmar acuerdos NDA o NNN para salvaguardar sus dise\u00f1os OEM\/ODM.<\/li>\n<li><strong style=\"color: #555555;\">Producci\u00f3n eficiente y automatizada<br \/>\n<\/strong>Especializados en la fabricaci\u00f3n de bebidas, aprovechamos las l\u00edneas de producci\u00f3n avanzadas y las tecnolog\u00edas de la Industria 4.0 para ofrecer productos rentables y de alta calidad con precios competitivos.<\/li>\n<li><strong style=\"color: #555555;\">Experiencia OEM\/ODM<br \/>\n<\/strong>Nuestros experimentados ingenieros, con m\u00e1s de 20 a\u00f1os de experiencia en la fabricaci\u00f3n de art\u00edculos de bebida, pueden transformar sus ideas en una botella para bicicleta con bid\u00f3n listo para el mercado, ayud\u00e1ndole a crear superventas.<\/li>\n<li><strong style=\"color: #555555;\">Servicios completos de personalizaci\u00f3n<br \/>\n<\/strong>Desde el moldeo hasta el envasado, ofrecemos una personalizaci\u00f3n integral para satisfacer las necesidades de su marca:<br \/>\n<strong style=\"color: #555555;\">Moldeo a medida<\/strong><span style=\"color: #555555;\"> - <\/span><a href=\"https:\/\/customizedwaterbottles.com\/es\/custom-water-bottle-mold-maker-bpa-free-vacuum-flask-oem\/\" target=\"_blank\" rel=\"noopener\">https:\/\/customizedwaterbottles.com\/custom-water-bottle-mold-maker-bpa-free-vacuum-flask-oem\/<\/a><br \/>\n<strong style=\"color: #555555;\">Decoraci\u00f3n a medida<\/strong><span style=\"color: #555555;\"> -<\/span><a href=\"https:\/\/customizedwaterbottles.com\/es\/graphic-design-water-bottles-custom-stainless-steel-oem\/\" target=\"_blank\" rel=\"noopener\"> https:\/\/customizedwaterbottles.com\/graphic-design-water-bottles-custom-stainless-steel-oem\/<\/a><br \/>\n<strong style=\"color: #555555;\">Logotipos y embalajes personalizados<\/strong><span style=\"color: #555555;\"> - <\/span><a href=\"https:\/\/customizedwaterbottles.com\/es\/wholesale-custom-packaging-for-water-bottles-tumblers\/\" target=\"_blank\" rel=\"noopener\">https:\/\/customizedwaterbottles.com\/wholesale-custom-packaging-for-water-bottles-tumblers\/<\/a><br \/>\n<strong style=\"color: #555555;\">Regalo personalizado<\/strong><span style=\"color: #555555;\"> - <\/span><a href=\"https:\/\/customizedwaterbottles.com\/es\/promotional-drinkware-for-businesses-custom-branded-gifts\/\" target=\"_blank\" rel=\"noopener\">https:\/\/customizedwaterbottles.com\/promotional-drinkware-for-businesses-custom-branded-gifts\/<\/a><\/li>\n<\/ol>\n[post-link-list]\n<p><img decoding=\"async\" class=\"alignnone  wp-image-3700\" src=\"https:\/\/customizedwaterbottles.com\/wp-content\/uploads\/2025\/09\/Nalgene-Tritan-BPA-Free-Water-Bottle.webp\" alt=\"Tritan BPA-Free Water Bottle\" width=\"500\" height=\"500\" srcset=\"https:\/\/customizedwaterbottles.com\/wp-content\/uploads\/2025\/09\/Nalgene-Tritan-BPA-Free-Water-Bottle.webp 1200w, https:\/\/customizedwaterbottles.com\/wp-content\/uploads\/2025\/09\/Nalgene-Tritan-BPA-Free-Water-Bottle-1024x1024.webp 1024w, https:\/\/customizedwaterbottles.com\/wp-content\/uploads\/2025\/09\/Nalgene-Tritan-BPA-Free-Water-Bottle-768x768.webp 768w, https:\/\/customizedwaterbottles.com\/wp-content\/uploads\/2025\/09\/Nalgene-Tritan-BPA-Free-Water-Bottle-300x300.webp 300w, https:\/\/customizedwaterbottles.com\/wp-content\/uploads\/2025\/09\/Nalgene-Tritan-BPA-Free-Water-Bottle-600x600.webp 600w, https:\/\/customizedwaterbottles.com\/wp-content\/uploads\/2025\/09\/Nalgene-Tritan-BPA-Free-Water-Bottle-100x100.webp 100w\" sizes=\"(max-width: 500px) 100vw, 500px\" \/> <img decoding=\"async\" class=\"alignnone  wp-image-3697\" src=\"https:\/\/customizedwaterbottles.com\/wp-content\/uploads\/2025\/09\/Nalgene-BPA-Free-Water-Bottle.webp\" alt=\"Botella de agua sin BPA\" width=\"441\" height=\"452\" \/> <img decoding=\"async\" class=\"alignnone  wp-image-3696\" src=\"https:\/\/customizedwaterbottles.com\/wp-content\/uploads\/2025\/09\/32oz-Wide-Mouth-Sustain-Water-Bottle.webp\" alt=\"\" width=\"503\" height=\"503\" srcset=\"https:\/\/customizedwaterbottles.com\/wp-content\/uploads\/2025\/09\/32oz-Wide-Mouth-Sustain-Water-Bottle.webp 900w, https:\/\/customizedwaterbottles.com\/wp-content\/uploads\/2025\/09\/32oz-Wide-Mouth-Sustain-Water-Bottle-768x768.webp 768w, https:\/\/customizedwaterbottles.com\/wp-content\/uploads\/2025\/09\/32oz-Wide-Mouth-Sustain-Water-Bottle-300x300.webp 300w, https:\/\/customizedwaterbottles.com\/wp-content\/uploads\/2025\/09\/32oz-Wide-Mouth-Sustain-Water-Bottle-600x600.webp 600w, https:\/\/customizedwaterbottles.com\/wp-content\/uploads\/2025\/09\/32oz-Wide-Mouth-Sustain-Water-Bottle-100x100.webp 100w\" sizes=\"(max-width: 503px) 100vw, 503px\" \/> <img decoding=\"async\" class=\"alignnone  wp-image-3695\" src=\"https:\/\/customizedwaterbottles.com\/wp-content\/uploads\/2025\/09\/32oz-Clear-Plastic-Water-Bottle-with-Handle.webp\" alt=\"32oz Clear Plastic Water Bottle with Handle\" width=\"494\" height=\"494\" srcset=\"https:\/\/customizedwaterbottles.com\/wp-content\/uploads\/2025\/09\/32oz-Clear-Plastic-Water-Bottle-with-Handle.webp 1000w, https:\/\/customizedwaterbottles.com\/wp-content\/uploads\/2025\/09\/32oz-Clear-Plastic-Water-Bottle-with-Handle-768x768.webp 768w, https:\/\/customizedwaterbottles.com\/wp-content\/uploads\/2025\/09\/32oz-Clear-Plastic-Water-Bottle-with-Handle-300x300.webp 300w, https:\/\/customizedwaterbottles.com\/wp-content\/uploads\/2025\/09\/32oz-Clear-Plastic-Water-Bottle-with-Handle-600x600.webp 600w, https:\/\/customizedwaterbottles.com\/wp-content\/uploads\/2025\/09\/32oz-Clear-Plastic-Water-Bottle-with-Handle-100x100.webp 100w\" sizes=\"(max-width: 494px) 100vw, 494px\" \/> <img decoding=\"async\" class=\"alignnone  wp-image-3701\" src=\"https:\/\/customizedwaterbottles.com\/wp-content\/uploads\/2025\/09\/Nalgene-Tritan-Water-Bottle.webp\" alt=\"Tritan Water Bottle\" width=\"474\" height=\"474\" srcset=\"https:\/\/customizedwaterbottles.com\/wp-content\/uploads\/2025\/09\/Nalgene-Tritan-Water-Bottle.webp 800w, https:\/\/customizedwaterbottles.com\/wp-content\/uploads\/2025\/09\/Nalgene-Tritan-Water-Bottle-768x768.webp 768w, https:\/\/customizedwaterbottles.com\/wp-content\/uploads\/2025\/09\/Nalgene-Tritan-Water-Bottle-300x300.webp 300w, https:\/\/customizedwaterbottles.com\/wp-content\/uploads\/2025\/09\/Nalgene-Tritan-Water-Bottle-600x600.webp 600w, https:\/\/customizedwaterbottles.com\/wp-content\/uploads\/2025\/09\/Nalgene-Tritan-Water-Bottle-100x100.webp 100w\" sizes=\"(max-width: 474px) 100vw, 474px\" \/><\/p>\n<p>&nbsp;<\/p>","protected":false},"excerpt":{"rendered":"<h3><strong>\u00a0 \u00a0 \u00a0 \u00a0Caracter\u00edsticas del producto:<\/strong><\/h3>\n<ul>\n<li><strong>Ideal for Active Lifestyles &amp; Everyday Use<\/strong><br \/>\nOur 1L wide mouth Tritan water bottle is perfectly designed for hydration on the go, offering a leak-proof experience and easy-to-clean convenience for busy professionals, fitness enthusiasts and outdoor adventurers.<\/li>\n<li><strong>Garant\u00eda a prueba de fugas<\/strong><br \/>\nThe secure, leak-proof lid minimizes spills and messes, making this water bottle perfect for use in the office, at the gym, during workouts, or while traveling.<\/li>\n<li><strong>Boca ancha para facilitar su uso<\/strong><br \/>\nCuenta con una amplia abertura que facilita enormemente la adici\u00f3n de cubitos de hielo, el vertido de bebidas y la limpieza. La abertura tambi\u00e9n se adapta a la mayor\u00eda de los filtros de agua para mayor comodidad.<\/li>\n<li><strong>Maintains Optimal Temperature<\/strong><br \/>\nThe durable Tritan construction keeps beverages at their ideal temperature during daily activities. Suitable for both cold and hot drinks (-40\u00b0F to 212\u00b0F).<\/li>\n<li><strong>Built to Withstand Active Use<\/strong><br \/>\nCrafted from premium BPA-free Tritan material that survives daily wear and tear. 100% free of BPA, BPS and phthalates. Dishwasher safe for easy cleaning.<\/li>\n<li>\n<h3><strong>\u00a0Servicios personalizados:<\/strong><\/h3>\n<\/li>\n<li><strong>Logotipo y dise\u00f1o:<\/strong> Personalice sus botellas de agua con logotipos y dise\u00f1os mediante t\u00e9cnicas como la serigraf\u00eda, el grabado l\u00e1ser, la transferencia t\u00e9rmica o la impresi\u00f3n UV.<\/li>\n<li><strong>Opciones de color:<\/strong> Elija entre colores Pantone con distintos acabados, como superficies mates, brillantes o texturizadas, para que se adapten a la identidad de su marca.<\/li>\n<li><strong>Variedad de capacidades:<\/strong> Available in 32oz (1L) 16oz, with options for custom capacities to meet specific market needs.<\/li>\n<li><strong>Personalizaci\u00f3n de la tapa:<\/strong> Elija entre 100% tapas sin BPA a prueba de fugas en colores y estilos personalizables.<\/li>\n<li><strong>Soluciones de envasado:<\/strong> M\u00faltiples opciones que incluyen cajas de colores, cajas de regalo, envases ecol\u00f3gicos y envases personalizados para minoristas adaptados a sus necesidades.<\/li>\n<\/ul>","protected":false},"featured_media":3694,"comment_status":"open","ping_status":"closed","template":"","meta":[],"product_brand":[],"product_cat":[36],"product_tag":[245,247,244,246],"class_list":{"0":"post-3693","1":"product","2":"type-product","3":"status-publish","4":"has-post-thumbnail","6":"product_cat-plastic-drinkware","7":"product_tag-32oz-wide-mouth-water-bottle","8":"product_tag-eastman-tritan","9":"product_tag-nalgene","10":"product_tag-sustain-water-bottle","12":"first","13":"instock","14":"shipping-taxable","15":"product-type-simple"},"yoast_head":"<!-- This site is optimized with the Yoast SEO plugin v25.4 - https:\/\/yoast.com\/wordpress\/plugins\/seo\/ -->\n<title>Customizable Leak Proof 1L Wide Mouth Tritan Water Bottle BPA-Free<\/title>\n<meta name=\"description\" content=\"15+ years crafting premium Wide Mouth Tritan Water Bottle: FDA-compliant, shatterproof, and perfect for gyms, schools, and promotions. Custom logos welcome.\" \/>\n<meta name=\"robots\" content=\"index, follow, max-snippet:-1, max-image-preview:large, max-video-preview:-1\" \/>\n<link rel=\"canonical\" href=\"https:\/\/customizedwaterbottles.com\/es\/product\/leak-proof-tritan-bpa-free-sustain-water-bottle-32-oz-wide-mouth\/\" \/>\n<meta property=\"og:locale\" content=\"es_ES\" \/>\n<meta property=\"og:type\" content=\"article\" \/>\n<meta property=\"og:title\" content=\"Customizable Leak Proof 1L Wide Mouth Tritan Water Bottle BPA-Free\" \/>\n<meta property=\"og:description\" content=\"15+ years crafting premium Wide Mouth Tritan Water Bottle: FDA-compliant, shatterproof, and perfect for gyms, schools, and promotions. Custom logos welcome.\" \/>\n<meta property=\"og:url\" content=\"https:\/\/customizedwaterbottles.com\/es\/product\/leak-proof-tritan-bpa-free-sustain-water-bottle-32-oz-wide-mouth\/\" \/>\n<meta property=\"og:site_name\" content=\"iFun\" \/>\n<meta property=\"article:modified_time\" content=\"2025-09-11T08:40:58+00:00\" \/>\n<meta property=\"og:image\" content=\"https:\/\/customizedwaterbottles.com\/wp-content\/uploads\/2025\/09\/1L-Wide-Mouth-Sustain-Water-Bottle.webp\" \/>\n\t<meta property=\"og:image:width\" content=\"640\" \/>\n\t<meta property=\"og:image:height\" content=\"640\" \/>\n\t<meta property=\"og:image:type\" content=\"image\/webp\" \/>\n<meta name=\"twitter:card\" content=\"summary_large_image\" \/>\n<meta name=\"twitter:label1\" content=\"Tiempo de lectura\" \/>\n\t<meta name=\"twitter:data1\" content=\"3 minutos\" \/>\n<script type=\"application\/ld+json\" class=\"yoast-schema-graph\">{\"@context\":\"https:\/\/schema.org\",\"@graph\":[{\"@type\":\"WebPage\",\"@id\":\"https:\/\/customizedwaterbottles.com\/product\/leak-proof-tritan-bpa-free-sustain-water-bottle-32-oz-wide-mouth\/\",\"url\":\"https:\/\/customizedwaterbottles.com\/product\/leak-proof-tritan-bpa-free-sustain-water-bottle-32-oz-wide-mouth\/\",\"name\":\"Customizable Leak Proof 1L Wide Mouth Tritan Water Bottle BPA-Free\",\"isPartOf\":{\"@id\":\"https:\/\/customizedwaterbottles.com\/#website\"},\"primaryImageOfPage\":{\"@id\":\"https:\/\/customizedwaterbottles.com\/product\/leak-proof-tritan-bpa-free-sustain-water-bottle-32-oz-wide-mouth\/#primaryimage\"},\"image\":{\"@id\":\"https:\/\/customizedwaterbottles.com\/product\/leak-proof-tritan-bpa-free-sustain-water-bottle-32-oz-wide-mouth\/#primaryimage\"},\"thumbnailUrl\":\"https:\/\/customizedwaterbottles.com\/wp-content\/uploads\/2025\/09\/1L-Wide-Mouth-Sustain-Water-Bottle.webp\",\"datePublished\":\"2025-09-11T07:59:55+00:00\",\"dateModified\":\"2025-09-11T08:40:58+00:00\",\"description\":\"15+ years crafting premium Wide Mouth Tritan Water Bottle: FDA-compliant, shatterproof, and perfect for gyms, schools, and promotions. Custom logos welcome.\",\"breadcrumb\":{\"@id\":\"https:\/\/customizedwaterbottles.com\/product\/leak-proof-tritan-bpa-free-sustain-water-bottle-32-oz-wide-mouth\/#breadcrumb\"},\"inLanguage\":\"es\",\"potentialAction\":[{\"@type\":\"ReadAction\",\"target\":[\"https:\/\/customizedwaterbottles.com\/product\/leak-proof-tritan-bpa-free-sustain-water-bottle-32-oz-wide-mouth\/\"]}]},{\"@type\":\"ImageObject\",\"inLanguage\":\"es\",\"@id\":\"https:\/\/customizedwaterbottles.com\/product\/leak-proof-tritan-bpa-free-sustain-water-bottle-32-oz-wide-mouth\/#primaryimage\",\"url\":\"https:\/\/customizedwaterbottles.com\/wp-content\/uploads\/2025\/09\/1L-Wide-Mouth-Sustain-Water-Bottle.webp\",\"contentUrl\":\"https:\/\/customizedwaterbottles.com\/wp-content\/uploads\/2025\/09\/1L-Wide-Mouth-Sustain-Water-Bottle.webp\",\"width\":640,\"height\":640,\"caption\":\"1L Wide Mouth Sustain Water Bottle\"},{\"@type\":\"BreadcrumbList\",\"@id\":\"https:\/\/customizedwaterbottles.com\/product\/leak-proof-tritan-bpa-free-sustain-water-bottle-32-oz-wide-mouth\/#breadcrumb\",\"itemListElement\":[{\"@type\":\"ListItem\",\"position\":1,\"name\":\"Home\",\"item\":\"https:\/\/customizedwaterbottles.com\/\"},{\"@type\":\"ListItem\",\"position\":2,\"name\":\"Products\",\"item\":\"https:\/\/customizedwaterbottles.com\/wholesale-drinkware-manufacturer-water-bottles-tumblers\/\"},{\"@type\":\"ListItem\",\"position\":3,\"name\":\"Leak Proof Sustain 1L Wide Mouth Tritan Water Bottle BPA-Free 32 oz 10816001PB\"}]},{\"@type\":\"WebSite\",\"@id\":\"https:\/\/customizedwaterbottles.com\/#website\",\"url\":\"https:\/\/customizedwaterbottles.com\/\",\"name\":\"iFun\",\"description\":\"Water Bottles Stainless Steel Vacuum Flask\",\"potentialAction\":[{\"@type\":\"SearchAction\",\"target\":{\"@type\":\"EntryPoint\",\"urlTemplate\":\"https:\/\/customizedwaterbottles.com\/?s={search_term_string}\"},\"query-input\":{\"@type\":\"PropertyValueSpecification\",\"valueRequired\":true,\"valueName\":\"search_term_string\"}}],\"inLanguage\":\"es\"}]}<\/script>\n<!-- \/ Yoast SEO plugin. -->","yoast_head_json":{"title":"Customizable Leak Proof 1L Wide Mouth Tritan Water Bottle BPA-Free","description":"15+ years crafting premium Wide Mouth Tritan Water Bottle: FDA-compliant, shatterproof, and perfect for gyms, schools, and promotions. Custom logos welcome.","robots":{"index":"index","follow":"follow","max-snippet":"max-snippet:-1","max-image-preview":"max-image-preview:large","max-video-preview":"max-video-preview:-1"},"canonical":"https:\/\/customizedwaterbottles.com\/es\/product\/leak-proof-tritan-bpa-free-sustain-water-bottle-32-oz-wide-mouth\/","og_locale":"es_ES","og_type":"article","og_title":"Customizable Leak Proof 1L Wide Mouth Tritan Water Bottle BPA-Free","og_description":"15+ years crafting premium Wide Mouth Tritan Water Bottle: FDA-compliant, shatterproof, and perfect for gyms, schools, and promotions. Custom logos welcome.","og_url":"https:\/\/customizedwaterbottles.com\/es\/product\/leak-proof-tritan-bpa-free-sustain-water-bottle-32-oz-wide-mouth\/","og_site_name":"iFun","article_modified_time":"2025-09-11T08:40:58+00:00","og_image":[{"width":640,"height":640,"url":"https:\/\/customizedwaterbottles.com\/wp-content\/uploads\/2025\/09\/1L-Wide-Mouth-Sustain-Water-Bottle.webp","type":"image\/webp"}],"twitter_card":"summary_large_image","twitter_misc":{"Tiempo de lectura":"3 minutos"},"schema":{"@context":"https:\/\/schema.org","@graph":[{"@type":"WebPage","@id":"https:\/\/customizedwaterbottles.com\/product\/leak-proof-tritan-bpa-free-sustain-water-bottle-32-oz-wide-mouth\/","url":"https:\/\/customizedwaterbottles.com\/product\/leak-proof-tritan-bpa-free-sustain-water-bottle-32-oz-wide-mouth\/","name":"Customizable Leak Proof 1L Wide Mouth Tritan Water Bottle BPA-Free","isPartOf":{"@id":"https:\/\/customizedwaterbottles.com\/#website"},"primaryImageOfPage":{"@id":"https:\/\/customizedwaterbottles.com\/product\/leak-proof-tritan-bpa-free-sustain-water-bottle-32-oz-wide-mouth\/#primaryimage"},"image":{"@id":"https:\/\/customizedwaterbottles.com\/product\/leak-proof-tritan-bpa-free-sustain-water-bottle-32-oz-wide-mouth\/#primaryimage"},"thumbnailUrl":"https:\/\/customizedwaterbottles.com\/wp-content\/uploads\/2025\/09\/1L-Wide-Mouth-Sustain-Water-Bottle.webp","datePublished":"2025-09-11T07:59:55+00:00","dateModified":"2025-09-11T08:40:58+00:00","description":"15+ years crafting premium Wide Mouth Tritan Water Bottle: FDA-compliant, shatterproof, and perfect for gyms, schools, and promotions. Custom logos welcome.","breadcrumb":{"@id":"https:\/\/customizedwaterbottles.com\/product\/leak-proof-tritan-bpa-free-sustain-water-bottle-32-oz-wide-mouth\/#breadcrumb"},"inLanguage":"es","potentialAction":[{"@type":"ReadAction","target":["https:\/\/customizedwaterbottles.com\/product\/leak-proof-tritan-bpa-free-sustain-water-bottle-32-oz-wide-mouth\/"]}]},{"@type":"ImageObject","inLanguage":"es","@id":"https:\/\/customizedwaterbottles.com\/product\/leak-proof-tritan-bpa-free-sustain-water-bottle-32-oz-wide-mouth\/#primaryimage","url":"https:\/\/customizedwaterbottles.com\/wp-content\/uploads\/2025\/09\/1L-Wide-Mouth-Sustain-Water-Bottle.webp","contentUrl":"https:\/\/customizedwaterbottles.com\/wp-content\/uploads\/2025\/09\/1L-Wide-Mouth-Sustain-Water-Bottle.webp","width":640,"height":640,"caption":"1L Wide Mouth Sustain Water Bottle"},{"@type":"BreadcrumbList","@id":"https:\/\/customizedwaterbottles.com\/product\/leak-proof-tritan-bpa-free-sustain-water-bottle-32-oz-wide-mouth\/#breadcrumb","itemListElement":[{"@type":"ListItem","position":1,"name":"Home","item":"https:\/\/customizedwaterbottles.com\/"},{"@type":"ListItem","position":2,"name":"Products","item":"https:\/\/customizedwaterbottles.com\/wholesale-drinkware-manufacturer-water-bottles-tumblers\/"},{"@type":"ListItem","position":3,"name":"Leak Proof Sustain 1L Wide Mouth Tritan Water Bottle BPA-Free 32 oz 10816001PB"}]},{"@type":"WebSite","@id":"https:\/\/customizedwaterbottles.com\/#website","url":"https:\/\/customizedwaterbottles.com\/","name":"iFun","description":"Water Bottles Stainless Steel Vacuum Flask","potentialAction":[{"@type":"SearchAction","target":{"@type":"EntryPoint","urlTemplate":"https:\/\/customizedwaterbottles.com\/?s={search_term_string}"},"query-input":{"@type":"PropertyValueSpecification","valueRequired":true,"valueName":"search_term_string"}}],"inLanguage":"es"}]}},"_links":{"self":[{"href":"https:\/\/customizedwaterbottles.com\/es\/wp-json\/wp\/v2\/product\/3693","targetHints":{"allow":["GET"]}}],"collection":[{"href":"https:\/\/customizedwaterbottles.com\/es\/wp-json\/wp\/v2\/product"}],"about":[{"href":"https:\/\/customizedwaterbottles.com\/es\/wp-json\/wp\/v2\/types\/product"}],"replies":[{"embeddable":true,"href":"https:\/\/customizedwaterbottles.com\/es\/wp-json\/wp\/v2\/comments?post=3693"}],"wp:featuredmedia":[{"embeddable":true,"href":"https:\/\/customizedwaterbottles.com\/es\/wp-json\/wp\/v2\/media\/3694"}],"wp:attachment":[{"href":"https:\/\/customizedwaterbottles.com\/es\/wp-json\/wp\/v2\/media?parent=3693"}],"wp:term":[{"taxonomy":"product_brand","embeddable":true,"href":"https:\/\/customizedwaterbottles.com\/es\/wp-json\/wp\/v2\/product_brand?post=3693"},{"taxonomy":"product_cat","embeddable":true,"href":"https:\/\/customizedwaterbottles.com\/es\/wp-json\/wp\/v2\/product_cat?post=3693"},{"taxonomy":"product_tag","embeddable":true,"href":"https:\/\/customizedwaterbottles.com\/es\/wp-json\/wp\/v2\/product_tag?post=3693"}],"curies":[{"name":"wp","href":"https:\/\/api.w.org\/{rel}","templated":true}]}}