{"id":3713,"date":"2025-09-12T07:05:32","date_gmt":"2025-09-12T07:05:32","guid":{"rendered":"https:\/\/customizedwaterbottles.com\/?post_type=product&#038;p=3713"},"modified":"2025-09-12T08:29:15","modified_gmt":"2025-09-12T08:29:15","slug":"autoseal-contigo-24-oz-water-bottle-with-locking-lid","status":"publish","type":"product","link":"https:\/\/customizedwaterbottles.com\/es\/product\/autoseal-contigo-24-oz-water-bottle-with-locking-lid\/","title":{"rendered":"AUTOSPOUT ASHLAND Botella de agua de pl\u00e1stico de 24OZ con tapa de cierre y asa de clip para buceo 10816003PB"},"content":{"rendered":"<p><strong>Nombre del producto\uff1a<\/strong>Botella de pl\u00e1stico para buceo AUTOSPOUT ASHLAND de 24OZ con tapa de cierre y asa de clip <strong><br \/>\n<\/strong><strong>Capacidad\uff1a<\/strong>24oz<br \/>\n<strong>Accesorios\uff1a<\/strong>Con tapa de cierre y asa de clip <strong><br \/>\nMaterial de la botella: <\/strong>Trit\u00e1n sin BPA<strong><br \/>\nMaterial de la tapa: <\/strong>PP + Silicona<strong><br \/>\nColor\uff1a<\/strong>A medida o en stock<strong><br \/>\nLogotipo\uff1a<\/strong>Logotipo personalizado Acceptabl. Serigraf\u00eda, impresi\u00f3n por transferencia t\u00e9rmica, grabado l\u00e1ser, transferencia de agua, etc.<strong><br \/>\n<\/strong><strong>Tipo de botella\uff1a<\/strong>AUTOSPOUT<strong><br \/>\nSin BPA: <\/strong>S\u00ed<strong><br \/>\nSin ftalatos: <\/strong>S\u00ed<strong><br \/>\nSin plomo:<\/strong> S\u00ed<strong><br \/>\nRespetuoso con el medio ambiente: <\/strong>S\u00ed<strong><br \/>\nOEM: <\/strong>Acogida<strong><br \/>\n<\/strong><strong>MOQ\uff1a<\/strong>300 unidades<br \/>\n<strong>Tiempo de muestreo\uff1a<\/strong>3-7 d\u00edas para dise\u00f1os personalizados<br \/>\n<strong>Certificaci\u00f3n\uff1a<\/strong>FDA, LFGB<br \/>\n<strong>Embalaje<\/strong>\uff1aCaja blanca, caja de color o caja de dise\u00f1o personalizado.<br \/>\n<strong>Capacidad de producci\u00f3n\uff1a<\/strong>500.000 unidades al mes<br \/>\n<strong>Plazo de entrega\uff1a<\/strong>5-25 d\u00edas para cantidades inferiores a 20.000 unidades<\/p>\n<h3><strong>Por qu\u00e9 elegir Ifun AUTOSPOUT pl\u00e1stico 24OZ botella de agua \uff1f<\/strong><\/h3>\n<ol>\n<li><strong>Calidad y seguridad certificadas<\/strong><br \/>\nNuestras botellas de agua Tritan cumplen las normas internacionales (CE, FDA, CA65\/Prop65, LFGB), lo que garantiza productos seguros, duraderos y sin BPA para sus clientes.<\/li>\n<li><strong style=\"color: #555555;\">\u00a0Destaque con dise\u00f1os personalizados<br \/>\n<\/strong>Su marca merece una bebida \u00fanica que llame la atenci\u00f3n. Con los dise\u00f1os elegantes y personalizables de Anhui iFun, su AUTOSPOUT Plastic 24OZ Water Bottle reflejar\u00e1 la identidad de su marca y le ayudar\u00e1 a destacar en un mercado competitivo.<\/li>\n<li><strong style=\"color: #555555;\">Riguroso control de calidad<br \/>\n<\/strong>La calidad est\u00e1 en el coraz\u00f3n de nuestro proceso de fabricaci\u00f3n. Nuestro dedicado equipo de inspectores garantiza que cada Botella de Agua Tritan cumpla unas normas estrictas antes de llegar a sus clientes de todo el mundo.<\/li>\n<li><strong style=\"color: #555555;\">Proteger su marca y sus ideas<br \/>\n<\/strong>Respetamos la propiedad intelectual y la confidencialidad. Si es necesario, estaremos encantados de firmar acuerdos NDA o NNN para salvaguardar sus dise\u00f1os OEM\/ODM.<\/li>\n<li><strong style=\"color: #555555;\">Producci\u00f3n eficiente y automatizada<br \/>\n<\/strong>Especializados en la fabricaci\u00f3n de bebidas, aprovechamos las l\u00edneas de producci\u00f3n avanzadas y las tecnolog\u00edas de la Industria 4.0 para ofrecer productos rentables y de alta calidad con precios competitivos.<\/li>\n<li><strong style=\"color: #555555;\">Experiencia OEM\/ODM<br \/>\n<\/strong>Nuestros experimentados ingenieros, con m\u00e1s de 20 a\u00f1os de experiencia en la fabricaci\u00f3n de art\u00edculos de bebida, pueden transformar sus ideas en una botella para bicicleta con bid\u00f3n listo para el mercado, ayud\u00e1ndole a crear superventas.<\/li>\n<li><strong style=\"color: #555555;\">Servicios completos de personalizaci\u00f3n<br \/>\n<\/strong>Desde el moldeo hasta el envasado, ofrecemos una personalizaci\u00f3n integral para satisfacer las necesidades de su marca:<br \/>\n<strong style=\"color: #555555;\">Moldeo a medida<\/strong><span style=\"color: #555555;\"> - <\/span><a href=\"https:\/\/customizedwaterbottles.com\/es\/custom-water-bottle-mold-maker-bpa-free-vacuum-flask-oem\/\" target=\"_blank\" rel=\"noopener\">https:\/\/customizedwaterbottles.com\/custom-water-bottle-mold-maker-bpa-free-vacuum-flask-oem\/<\/a><br \/>\n<strong style=\"color: #555555;\">Decoraci\u00f3n a medida<\/strong><span style=\"color: #555555;\"> -<\/span><a href=\"https:\/\/customizedwaterbottles.com\/es\/graphic-design-water-bottles-custom-stainless-steel-oem\/\" target=\"_blank\" rel=\"noopener\"> https:\/\/customizedwaterbottles.com\/graphic-design-water-bottles-custom-stainless-steel-oem\/<\/a><br \/>\n<strong style=\"color: #555555;\">Logotipos y embalajes personalizados<\/strong><span style=\"color: #555555;\"> - <\/span><a href=\"https:\/\/customizedwaterbottles.com\/es\/wholesale-custom-packaging-for-water-bottles-tumblers\/\" target=\"_blank\" rel=\"noopener\">https:\/\/customizedwaterbottles.com\/wholesale-custom-packaging-for-water-bottles-tumblers\/<\/a><br \/>\n<strong style=\"color: #555555;\">Regalo personalizado<\/strong><span style=\"color: #555555;\"> - <\/span><a href=\"https:\/\/customizedwaterbottles.com\/es\/promotional-drinkware-for-businesses-custom-branded-gifts\/\" target=\"_blank\" rel=\"noopener\">https:\/\/customizedwaterbottles.com\/promotional-drinkware-for-businesses-custom-branded-gifts\/<\/a><\/li>\n<\/ol>\n[post-link-list]\n<p><img decoding=\"async\" class=\"alignnone  wp-image-3732\" src=\"https:\/\/customizedwaterbottles.com\/wp-content\/uploads\/2025\/09\/Contigo-Autoseal-Cortland-Water-Bottle.webp\" alt=\"Botella de agua Autoseal Cortland 24oz\" width=\"233\" height=\"236\" srcset=\"https:\/\/customizedwaterbottles.com\/wp-content\/uploads\/2025\/09\/Contigo-Autoseal-Cortland-Water-Bottle.webp 808w, https:\/\/customizedwaterbottles.com\/wp-content\/uploads\/2025\/09\/Contigo-Autoseal-Cortland-Water-Bottle-768x776.webp 768w, https:\/\/customizedwaterbottles.com\/wp-content\/uploads\/2025\/09\/Contigo-Autoseal-Cortland-Water-Bottle-600x606.webp 600w, https:\/\/customizedwaterbottles.com\/wp-content\/uploads\/2025\/09\/Contigo-Autoseal-Cortland-Water-Bottle-100x100.webp 100w\" sizes=\"(max-width: 233px) 100vw, 233px\" \/> <img decoding=\"async\" class=\"alignnone  wp-image-3730\" src=\"https:\/\/customizedwaterbottles.com\/wp-content\/uploads\/2025\/09\/25oz-Black-Tritan-Sports-Water-Bottle-with-Clip-Handle.webp\" alt=\"\" width=\"226\" height=\"226\" srcset=\"https:\/\/customizedwaterbottles.com\/wp-content\/uploads\/2025\/09\/25oz-Black-Tritan-Sports-Water-Bottle-with-Clip-Handle.webp 790w, https:\/\/customizedwaterbottles.com\/wp-content\/uploads\/2025\/09\/25oz-Black-Tritan-Sports-Water-Bottle-with-Clip-Handle-768x768.webp 768w, https:\/\/customizedwaterbottles.com\/wp-content\/uploads\/2025\/09\/25oz-Black-Tritan-Sports-Water-Bottle-with-Clip-Handle-300x300.webp 300w, https:\/\/customizedwaterbottles.com\/wp-content\/uploads\/2025\/09\/25oz-Black-Tritan-Sports-Water-Bottle-with-Clip-Handle-600x600.webp 600w, https:\/\/customizedwaterbottles.com\/wp-content\/uploads\/2025\/09\/25oz-Black-Tritan-Sports-Water-Bottle-with-Clip-Handle-100x100.webp 100w\" sizes=\"(max-width: 226px) 100vw, 226px\" \/> <img decoding=\"async\" class=\"alignnone  wp-image-3733\" src=\"https:\/\/customizedwaterbottles.com\/wp-content\/uploads\/2025\/09\/Contigo-AUTOSPOUT-Ashland-Reusable-Water-Bottle.webp\" alt=\"\" width=\"225\" height=\"225\" srcset=\"https:\/\/customizedwaterbottles.com\/wp-content\/uploads\/2025\/09\/Contigo-AUTOSPOUT-Ashland-Reusable-Water-Bottle.webp 790w, https:\/\/customizedwaterbottles.com\/wp-content\/uploads\/2025\/09\/Contigo-AUTOSPOUT-Ashland-Reusable-Water-Bottle-768x768.webp 768w, https:\/\/customizedwaterbottles.com\/wp-content\/uploads\/2025\/09\/Contigo-AUTOSPOUT-Ashland-Reusable-Water-Bottle-300x300.webp 300w, https:\/\/customizedwaterbottles.com\/wp-content\/uploads\/2025\/09\/Contigo-AUTOSPOUT-Ashland-Reusable-Water-Bottle-600x600.webp 600w, https:\/\/customizedwaterbottles.com\/wp-content\/uploads\/2025\/09\/Contigo-AUTOSPOUT-Ashland-Reusable-Water-Bottle-100x100.webp 100w\" sizes=\"(max-width: 225px) 100vw, 225px\" \/> <img decoding=\"async\" class=\"alignnone size-full wp-image-3731\" src=\"https:\/\/customizedwaterbottles.com\/wp-content\/uploads\/2025\/09\/Clear-Bottles-with-Handle-Easy-Carried-Wide-Mouth-AUTOSPOUT-Leak-Proof-Locking-Button-Flip-Up-Lid.webp\" alt=\"\" width=\"790\" height=\"790\" srcset=\"https:\/\/customizedwaterbottles.com\/wp-content\/uploads\/2025\/09\/Clear-Bottles-with-Handle-Easy-Carried-Wide-Mouth-AUTOSPOUT-Leak-Proof-Locking-Button-Flip-Up-Lid.webp 790w, https:\/\/customizedwaterbottles.com\/wp-content\/uploads\/2025\/09\/Clear-Bottles-with-Handle-Easy-Carried-Wide-Mouth-AUTOSPOUT-Leak-Proof-Locking-Button-Flip-Up-Lid-768x768.webp 768w, https:\/\/customizedwaterbottles.com\/wp-content\/uploads\/2025\/09\/Clear-Bottles-with-Handle-Easy-Carried-Wide-Mouth-AUTOSPOUT-Leak-Proof-Locking-Button-Flip-Up-Lid-300x300.webp 300w, https:\/\/customizedwaterbottles.com\/wp-content\/uploads\/2025\/09\/Clear-Bottles-with-Handle-Easy-Carried-Wide-Mouth-AUTOSPOUT-Leak-Proof-Locking-Button-Flip-Up-Lid-600x600.webp 600w, https:\/\/customizedwaterbottles.com\/wp-content\/uploads\/2025\/09\/Clear-Bottles-with-Handle-Easy-Carried-Wide-Mouth-AUTOSPOUT-Leak-Proof-Locking-Button-Flip-Up-Lid-100x100.webp 100w\" sizes=\"(max-width: 790px) 100vw, 790px\" \/> <img decoding=\"async\" class=\"alignnone size-full wp-image-3736\" src=\"https:\/\/customizedwaterbottles.com\/wp-content\/uploads\/2025\/09\/Water-Bottle-With-Narrow-Straw-BPA-FREE-Clear-Bottles-With-Handle-One-Hand-Use-Easy-Carried.webp\" alt=\"\" width=\"790\" height=\"789\" srcset=\"https:\/\/customizedwaterbottles.com\/wp-content\/uploads\/2025\/09\/Water-Bottle-With-Narrow-Straw-BPA-FREE-Clear-Bottles-With-Handle-One-Hand-Use-Easy-Carried.webp 790w, https:\/\/customizedwaterbottles.com\/wp-content\/uploads\/2025\/09\/Water-Bottle-With-Narrow-Straw-BPA-FREE-Clear-Bottles-With-Handle-One-Hand-Use-Easy-Carried-768x767.webp 768w, https:\/\/customizedwaterbottles.com\/wp-content\/uploads\/2025\/09\/Water-Bottle-With-Narrow-Straw-BPA-FREE-Clear-Bottles-With-Handle-One-Hand-Use-Easy-Carried-300x300.webp 300w, https:\/\/customizedwaterbottles.com\/wp-content\/uploads\/2025\/09\/Water-Bottle-With-Narrow-Straw-BPA-FREE-Clear-Bottles-With-Handle-One-Hand-Use-Easy-Carried-600x599.webp 600w, https:\/\/customizedwaterbottles.com\/wp-content\/uploads\/2025\/09\/Water-Bottle-With-Narrow-Straw-BPA-FREE-Clear-Bottles-With-Handle-One-Hand-Use-Easy-Carried-100x100.webp 100w\" sizes=\"(max-width: 790px) 100vw, 790px\" \/> <img decoding=\"async\" class=\"alignnone size-full wp-image-3734\" src=\"https:\/\/customizedwaterbottles.com\/wp-content\/uploads\/2025\/09\/Flip-Up-Lid-Clear-Water-Bottle-With-Handle.webp\" alt=\"\" width=\"790\" height=\"790\" srcset=\"https:\/\/customizedwaterbottles.com\/wp-content\/uploads\/2025\/09\/Flip-Up-Lid-Clear-Water-Bottle-With-Handle.webp 790w, https:\/\/customizedwaterbottles.com\/wp-content\/uploads\/2025\/09\/Flip-Up-Lid-Clear-Water-Bottle-With-Handle-768x768.webp 768w, https:\/\/customizedwaterbottles.com\/wp-content\/uploads\/2025\/09\/Flip-Up-Lid-Clear-Water-Bottle-With-Handle-300x300.webp 300w, https:\/\/customizedwaterbottles.com\/wp-content\/uploads\/2025\/09\/Flip-Up-Lid-Clear-Water-Bottle-With-Handle-600x600.webp 600w, https:\/\/customizedwaterbottles.com\/wp-content\/uploads\/2025\/09\/Flip-Up-Lid-Clear-Water-Bottle-With-Handle-100x100.webp 100w\" sizes=\"(max-width: 790px) 100vw, 790px\" \/> <img decoding=\"async\" class=\"alignnone size-full wp-image-3735\" src=\"https:\/\/customizedwaterbottles.com\/wp-content\/uploads\/2025\/09\/H3185fdc3869f46648d8ed43d4b1d48464-\u62f7\u8d1d.webp\" alt=\"Tapa AutoSpout Contigo\" width=\"790\" height=\"824\" srcset=\"https:\/\/customizedwaterbottles.com\/wp-content\/uploads\/2025\/09\/H3185fdc3869f46648d8ed43d4b1d48464-\u62f7\u8d1d.webp 790w, https:\/\/customizedwaterbottles.com\/wp-content\/uploads\/2025\/09\/H3185fdc3869f46648d8ed43d4b1d48464-\u62f7\u8d1d-768x801.webp 768w, https:\/\/customizedwaterbottles.com\/wp-content\/uploads\/2025\/09\/H3185fdc3869f46648d8ed43d4b1d48464-\u62f7\u8d1d-600x626.webp 600w\" sizes=\"(max-width: 790px) 100vw, 790px\" \/><\/p>\n<p>&nbsp;<\/p>","protected":false},"excerpt":{"rendered":"<h3><strong>\u00a0 \u00a0 \u00a0 \u00a0Caracter\u00edsticas del producto:<\/strong><\/h3>\n<ul>\n<li><strong>DISE\u00d1O ORIENTADO AL ESTILO DE VIDA<\/strong><br \/>\nUna opci\u00f3n ideal para los consumidores con conciencia ecol\u00f3gica, esta botella de agua es reutilizable y rellenable, y ofrece una alternativa rentable y saludable al agua embotellada desechable. Su atractivo aspecto la hace adecuada para el uso diario o como regalo para diversas ocasiones, como inauguraci\u00f3n de una casa, bodas, vacaciones o cumplea\u00f1os.<\/li>\n<li><strong>USO CON UNA SOLA MANO SIN ESFUERZO\u00a0<\/strong><br \/>\nDise\u00f1ada con un c\u00f3modo mecanismo de pulsador, la botella permite un f\u00e1cil manejo con una sola mano, sin tapas desmontables o perdibles. La tapa abatible permite un acceso r\u00e1pido a las bebidas, ideal para usuarios activos. Un bot\u00f3n de bloqueo espec\u00edfico evita los derrames accidentales.<\/li>\n<li><strong>BEBIDA HIGI\u00c9NICA\u00a0<\/strong><br \/>\nLa tapa de la boquilla incorporada garantiza la limpieza cuando est\u00e1 cerrada. Fabricada con materiales inodoros e ins\u00edpidos, la botella no contiene BPA. Es f\u00e1cil de desmontar y limpiar, lo que la hace adecuada para el uso diario y las actividades al aire libre.<\/li>\n<li><strong>PORT\u00c1TIL Y ESTANCO<\/strong><br \/>\nDise\u00f1ada para evitar fugas, esta botella es perfecta para el estilo de vida activo. El asa de transporte adjunta se engancha f\u00e1cilmente a bolsas, mochilas o equipos, por lo que es conveniente para el senderismo, sesiones de gimnasio, viajes, desplazamientos y otras actividades. Se adapta a la mayor\u00eda de portavasos.<\/li>\n<li><strong>MAYOR DURABILIDAD Y AGARRE<\/strong><br \/>\nUna funda protectora de silicona ofrece absorci\u00f3n de impactos y antideslizamiento, mejorando el agarre y protegiendo contra impactos accidentales. Todos los componentes se pueden lavar en el lavavajillas para facilitar su limpieza y uso a largo plazo.<\/li>\n<\/ul>\n<p>&nbsp;<\/p>\n<h3 style=\"text-align: left;\"><strong>\u00a0 \u00a0 Servicios personalizados:<\/strong><\/h3>\n<ul>\n<li><strong>Logotipo y dise\u00f1o:<\/strong> Personalice sus botellas de agua con logotipos y dise\u00f1os mediante t\u00e9cnicas como la serigraf\u00eda, el grabado l\u00e1ser, la transferencia t\u00e9rmica o la impresi\u00f3n UV.<\/li>\n<li><strong>Opciones de color:<\/strong> Elija entre colores Pantone con distintos acabados, como superficies mates, brillantes o texturizadas, para que se adapten a la identidad de su marca.<\/li>\n<li><strong>Variedad de capacidades:<\/strong> Disponible en 16oz 24oz, con opciones de capacidades personalizadas para satisfacer las necesidades espec\u00edficas del mercado.<\/li>\n<li><strong>Personalizaci\u00f3n de la tapa:<\/strong> Elija entre 100% tapas sin BPA a prueba de fugas en colores y estilos personalizables.<\/li>\n<li><strong>Soluciones de envasado:<\/strong> M\u00faltiples opciones que incluyen cajas de colores, cajas de regalo, envases ecol\u00f3gicos y envases personalizados para minoristas adaptados a sus necesidades.<\/li>\n<\/ul>","protected":false},"featured_media":3732,"comment_status":"open","ping_status":"closed","template":"","meta":[],"product_brand":[],"product_cat":[36],"product_tag":[250],"class_list":{"0":"post-3713","1":"product","2":"type-product","3":"status-publish","4":"has-post-thumbnail","6":"product_cat-plastic-drinkware","7":"product_tag-contigo","9":"first","10":"instock","11":"shipping-taxable","12":"product-type-simple"},"yoast_head":"<!-- This site is optimized with the Yoast SEO plugin v25.4 - https:\/\/yoast.com\/wordpress\/plugins\/seo\/ -->\n<title>Custom Plastic 24OZ Water Bottle w\/ Locking Lid - Get Free Sample<\/title>\n<meta name=\"description\" content=\"OEM 24oz Water Bottle w\/ Locking Lid &amp; Silicone Sleeve | BPA-Free, Leak-Proof. Custom logo\/colors accepted. Factory direct pricing for bulk orders.\" \/>\n<meta name=\"robots\" content=\"index, follow, max-snippet:-1, max-image-preview:large, max-video-preview:-1\" \/>\n<link rel=\"canonical\" href=\"https:\/\/customizedwaterbottles.com\/es\/product\/autoseal-contigo-24-oz-water-bottle-with-locking-lid\/\" \/>\n<meta property=\"og:locale\" content=\"es_ES\" \/>\n<meta property=\"og:type\" content=\"article\" \/>\n<meta property=\"og:title\" content=\"Custom Plastic 24OZ Water Bottle w\/ Locking Lid - Get Free Sample\" \/>\n<meta property=\"og:description\" content=\"OEM 24oz Water Bottle w\/ Locking Lid &amp; Silicone Sleeve | BPA-Free, Leak-Proof. Custom logo\/colors accepted. Factory direct pricing for bulk orders.\" \/>\n<meta property=\"og:url\" content=\"https:\/\/customizedwaterbottles.com\/es\/product\/autoseal-contigo-24-oz-water-bottle-with-locking-lid\/\" \/>\n<meta property=\"og:site_name\" content=\"iFun\" \/>\n<meta property=\"article:modified_time\" content=\"2025-09-12T08:29:15+00:00\" \/>\n<meta property=\"og:image\" content=\"https:\/\/customizedwaterbottles.com\/wp-content\/uploads\/2025\/09\/Contigo-Autoseal-Cortland-Water-Bottle.webp\" \/>\n\t<meta property=\"og:image:width\" content=\"808\" \/>\n\t<meta property=\"og:image:height\" content=\"816\" \/>\n\t<meta property=\"og:image:type\" content=\"image\/webp\" \/>\n<meta name=\"twitter:card\" content=\"summary_large_image\" \/>\n<meta name=\"twitter:label1\" content=\"Tiempo de lectura\" \/>\n\t<meta name=\"twitter:data1\" content=\"3 minutos\" \/>\n<script type=\"application\/ld+json\" class=\"yoast-schema-graph\">{\"@context\":\"https:\/\/schema.org\",\"@graph\":[{\"@type\":\"WebPage\",\"@id\":\"https:\/\/customizedwaterbottles.com\/product\/autoseal-contigo-24-oz-water-bottle-with-locking-lid\/\",\"url\":\"https:\/\/customizedwaterbottles.com\/product\/autoseal-contigo-24-oz-water-bottle-with-locking-lid\/\",\"name\":\"Custom Plastic 24OZ Water Bottle w\/ Locking Lid - Get Free Sample\",\"isPartOf\":{\"@id\":\"https:\/\/customizedwaterbottles.com\/#website\"},\"primaryImageOfPage\":{\"@id\":\"https:\/\/customizedwaterbottles.com\/product\/autoseal-contigo-24-oz-water-bottle-with-locking-lid\/#primaryimage\"},\"image\":{\"@id\":\"https:\/\/customizedwaterbottles.com\/product\/autoseal-contigo-24-oz-water-bottle-with-locking-lid\/#primaryimage\"},\"thumbnailUrl\":\"https:\/\/customizedwaterbottles.com\/wp-content\/uploads\/2025\/09\/Contigo-Autoseal-Cortland-Water-Bottle.webp\",\"datePublished\":\"2025-09-12T07:05:32+00:00\",\"dateModified\":\"2025-09-12T08:29:15+00:00\",\"description\":\"OEM 24oz Water Bottle w\/ Locking Lid & Silicone Sleeve | BPA-Free, Leak-Proof. Custom logo\/colors accepted. Factory direct pricing for bulk orders.\",\"breadcrumb\":{\"@id\":\"https:\/\/customizedwaterbottles.com\/product\/autoseal-contigo-24-oz-water-bottle-with-locking-lid\/#breadcrumb\"},\"inLanguage\":\"es\",\"potentialAction\":[{\"@type\":\"ReadAction\",\"target\":[\"https:\/\/customizedwaterbottles.com\/product\/autoseal-contigo-24-oz-water-bottle-with-locking-lid\/\"]}]},{\"@type\":\"ImageObject\",\"inLanguage\":\"es\",\"@id\":\"https:\/\/customizedwaterbottles.com\/product\/autoseal-contigo-24-oz-water-bottle-with-locking-lid\/#primaryimage\",\"url\":\"https:\/\/customizedwaterbottles.com\/wp-content\/uploads\/2025\/09\/Contigo-Autoseal-Cortland-Water-Bottle.webp\",\"contentUrl\":\"https:\/\/customizedwaterbottles.com\/wp-content\/uploads\/2025\/09\/Contigo-Autoseal-Cortland-Water-Bottle.webp\",\"width\":808,\"height\":816,\"caption\":\"Autoseal Cortland 24oz Water Bottle\"},{\"@type\":\"BreadcrumbList\",\"@id\":\"https:\/\/customizedwaterbottles.com\/product\/autoseal-contigo-24-oz-water-bottle-with-locking-lid\/#breadcrumb\",\"itemListElement\":[{\"@type\":\"ListItem\",\"position\":1,\"name\":\"Home\",\"item\":\"https:\/\/customizedwaterbottles.com\/\"},{\"@type\":\"ListItem\",\"position\":2,\"name\":\"Products\",\"item\":\"https:\/\/customizedwaterbottles.com\/wholesale-drinkware-manufacturer-water-bottles-tumblers\/\"},{\"@type\":\"ListItem\",\"position\":3,\"name\":\"AUTOSPOUT ASHLAND Plastic 24OZ Water Bottle With Locking Lid Clip Handle Scuba 10816003PB\"}]},{\"@type\":\"WebSite\",\"@id\":\"https:\/\/customizedwaterbottles.com\/#website\",\"url\":\"https:\/\/customizedwaterbottles.com\/\",\"name\":\"iFun\",\"description\":\"Water Bottles Stainless Steel Vacuum Flask\",\"potentialAction\":[{\"@type\":\"SearchAction\",\"target\":{\"@type\":\"EntryPoint\",\"urlTemplate\":\"https:\/\/customizedwaterbottles.com\/?s={search_term_string}\"},\"query-input\":{\"@type\":\"PropertyValueSpecification\",\"valueRequired\":true,\"valueName\":\"search_term_string\"}}],\"inLanguage\":\"es\"}]}<\/script>\n<!-- \/ Yoast SEO plugin. -->","yoast_head_json":{"title":"Custom Plastic 24OZ Water Bottle w\/ Locking Lid - Get Free Sample","description":"OEM 24oz Water Bottle w\/ Locking Lid & Silicone Sleeve | BPA-Free, Leak-Proof. Custom logo\/colors accepted. Factory direct pricing for bulk orders.","robots":{"index":"index","follow":"follow","max-snippet":"max-snippet:-1","max-image-preview":"max-image-preview:large","max-video-preview":"max-video-preview:-1"},"canonical":"https:\/\/customizedwaterbottles.com\/es\/product\/autoseal-contigo-24-oz-water-bottle-with-locking-lid\/","og_locale":"es_ES","og_type":"article","og_title":"Custom Plastic 24OZ Water Bottle w\/ Locking Lid - Get Free Sample","og_description":"OEM 24oz Water Bottle w\/ Locking Lid & Silicone Sleeve | BPA-Free, Leak-Proof. Custom logo\/colors accepted. Factory direct pricing for bulk orders.","og_url":"https:\/\/customizedwaterbottles.com\/es\/product\/autoseal-contigo-24-oz-water-bottle-with-locking-lid\/","og_site_name":"iFun","article_modified_time":"2025-09-12T08:29:15+00:00","og_image":[{"width":808,"height":816,"url":"https:\/\/customizedwaterbottles.com\/wp-content\/uploads\/2025\/09\/Contigo-Autoseal-Cortland-Water-Bottle.webp","type":"image\/webp"}],"twitter_card":"summary_large_image","twitter_misc":{"Tiempo de lectura":"3 minutos"},"schema":{"@context":"https:\/\/schema.org","@graph":[{"@type":"WebPage","@id":"https:\/\/customizedwaterbottles.com\/product\/autoseal-contigo-24-oz-water-bottle-with-locking-lid\/","url":"https:\/\/customizedwaterbottles.com\/product\/autoseal-contigo-24-oz-water-bottle-with-locking-lid\/","name":"Custom Plastic 24OZ Water Bottle w\/ Locking Lid - Get Free Sample","isPartOf":{"@id":"https:\/\/customizedwaterbottles.com\/#website"},"primaryImageOfPage":{"@id":"https:\/\/customizedwaterbottles.com\/product\/autoseal-contigo-24-oz-water-bottle-with-locking-lid\/#primaryimage"},"image":{"@id":"https:\/\/customizedwaterbottles.com\/product\/autoseal-contigo-24-oz-water-bottle-with-locking-lid\/#primaryimage"},"thumbnailUrl":"https:\/\/customizedwaterbottles.com\/wp-content\/uploads\/2025\/09\/Contigo-Autoseal-Cortland-Water-Bottle.webp","datePublished":"2025-09-12T07:05:32+00:00","dateModified":"2025-09-12T08:29:15+00:00","description":"OEM 24oz Water Bottle w\/ Locking Lid & Silicone Sleeve | BPA-Free, Leak-Proof. Custom logo\/colors accepted. Factory direct pricing for bulk orders.","breadcrumb":{"@id":"https:\/\/customizedwaterbottles.com\/product\/autoseal-contigo-24-oz-water-bottle-with-locking-lid\/#breadcrumb"},"inLanguage":"es","potentialAction":[{"@type":"ReadAction","target":["https:\/\/customizedwaterbottles.com\/product\/autoseal-contigo-24-oz-water-bottle-with-locking-lid\/"]}]},{"@type":"ImageObject","inLanguage":"es","@id":"https:\/\/customizedwaterbottles.com\/product\/autoseal-contigo-24-oz-water-bottle-with-locking-lid\/#primaryimage","url":"https:\/\/customizedwaterbottles.com\/wp-content\/uploads\/2025\/09\/Contigo-Autoseal-Cortland-Water-Bottle.webp","contentUrl":"https:\/\/customizedwaterbottles.com\/wp-content\/uploads\/2025\/09\/Contigo-Autoseal-Cortland-Water-Bottle.webp","width":808,"height":816,"caption":"Autoseal Cortland 24oz Water Bottle"},{"@type":"BreadcrumbList","@id":"https:\/\/customizedwaterbottles.com\/product\/autoseal-contigo-24-oz-water-bottle-with-locking-lid\/#breadcrumb","itemListElement":[{"@type":"ListItem","position":1,"name":"Home","item":"https:\/\/customizedwaterbottles.com\/"},{"@type":"ListItem","position":2,"name":"Products","item":"https:\/\/customizedwaterbottles.com\/wholesale-drinkware-manufacturer-water-bottles-tumblers\/"},{"@type":"ListItem","position":3,"name":"AUTOSPOUT ASHLAND Plastic 24OZ Water Bottle With Locking Lid Clip Handle Scuba 10816003PB"}]},{"@type":"WebSite","@id":"https:\/\/customizedwaterbottles.com\/#website","url":"https:\/\/customizedwaterbottles.com\/","name":"iFun","description":"Water Bottles Stainless Steel Vacuum Flask","potentialAction":[{"@type":"SearchAction","target":{"@type":"EntryPoint","urlTemplate":"https:\/\/customizedwaterbottles.com\/?s={search_term_string}"},"query-input":{"@type":"PropertyValueSpecification","valueRequired":true,"valueName":"search_term_string"}}],"inLanguage":"es"}]}},"_links":{"self":[{"href":"https:\/\/customizedwaterbottles.com\/es\/wp-json\/wp\/v2\/product\/3713","targetHints":{"allow":["GET"]}}],"collection":[{"href":"https:\/\/customizedwaterbottles.com\/es\/wp-json\/wp\/v2\/product"}],"about":[{"href":"https:\/\/customizedwaterbottles.com\/es\/wp-json\/wp\/v2\/types\/product"}],"replies":[{"embeddable":true,"href":"https:\/\/customizedwaterbottles.com\/es\/wp-json\/wp\/v2\/comments?post=3713"}],"wp:featuredmedia":[{"embeddable":true,"href":"https:\/\/customizedwaterbottles.com\/es\/wp-json\/wp\/v2\/media\/3732"}],"wp:attachment":[{"href":"https:\/\/customizedwaterbottles.com\/es\/wp-json\/wp\/v2\/media?parent=3713"}],"wp:term":[{"taxonomy":"product_brand","embeddable":true,"href":"https:\/\/customizedwaterbottles.com\/es\/wp-json\/wp\/v2\/product_brand?post=3713"},{"taxonomy":"product_cat","embeddable":true,"href":"https:\/\/customizedwaterbottles.com\/es\/wp-json\/wp\/v2\/product_cat?post=3713"},{"taxonomy":"product_tag","embeddable":true,"href":"https:\/\/customizedwaterbottles.com\/es\/wp-json\/wp\/v2\/product_tag?post=3713"}],"curies":[{"name":"wp","href":"https:\/\/api.w.org\/{rel}","templated":true}]}}