{"id":3999,"date":"2025-10-28T07:51:33","date_gmt":"2025-10-28T07:51:33","guid":{"rendered":"https:\/\/customizedwaterbottles.com\/?post_type=product&#038;p=3999"},"modified":"2025-10-28T08:29:39","modified_gmt":"2025-10-28T08:29:39","slug":"custom-stainless-steel-wine-tumbler-goblet-with-detachable-stem","status":"publish","type":"product","link":"https:\/\/customizedwaterbottles.com\/es\/product\/custom-stainless-steel-wine-tumbler-goblet-with-detachable-stem\/","title":{"rendered":"Vaso de vino personalizado de acero inoxidable con tallo desmontable 1081636T"},"content":{"rendered":"<p><strong>\u00a0 \u00a0 \u00a0 <span style=\"color: #000000;\">Nombre del producto\uff1aVaso de vino personalizado de acero inoxidable con tallo desmontable<\/span><\/strong><span style=\"color: #000000;\"><strong><br \/>\n<\/strong><strong>\u00a0 \u00a0 \u00a0 Capacidad\uff1a<\/strong>14 onzas<strong><br \/>\n<\/strong><strong>\u00a0 \u00a0 \u00a0 Material\uff1a<\/strong>Acero inoxidable<\/span><br \/>\n<span style=\"color: #000000;\"><strong>\u00a0 \u00a0 \u00a0 Color\uff1a<\/strong>Pintura brillante, pintura mate, recubrimiento en polvo, etc.<\/span><br \/>\n<span style=\"color: #000000;\"><strong>\u00a0 \u00a0 \u00a0 Logotipo\uff1a<\/strong>Serigraf\u00eda, impresi\u00f3n por transferencia t\u00e9rmica, grabado por l\u00e1ser, transferencia por agua, etc.<\/span><br \/>\n<span style=\"color: #000000;\"><strong>\u00a0 \u00a0 \u00a0 MOQ\uff1a<\/strong>300 unidades<\/span><br \/>\n<span style=\"color: #000000;\"><strong>\u00a0 \u00a0 \u00a0 Tiempo de muestreo\uff1a<\/strong>3-7 d\u00edas para dise\u00f1os personalizados<\/span><br \/>\n<span style=\"color: #000000;\"><strong>\u00a0 \u00a0 \u00a0 Certificaci\u00f3n\uff1a<\/strong>FDA, LFGB<\/span><br \/>\n<span style=\"color: #000000;\"><strong>\u00a0 \u00a0 \u00a0 Embalaje<\/strong>\uff1aCaja blanca, caja de color o caja de dise\u00f1o personalizado.<\/span><br \/>\n<span style=\"color: #000000;\"><strong>\u00a0 \u00a0 \u00a0 Capacidad de producci\u00f3n\uff1a<\/strong>500.000 unidades al mes<\/span><br \/>\n<span style=\"color: #000000;\"><strong>\u00a0 \u00a0 \u00a0 Plazo de entrega\uff1a<\/strong>5-35 d\u00edas para cantidades inferiores a 20.000 unidades<\/span><\/p>\n<h2><strong>Por qu\u00e9 elegir Ifun vaso de vino de acero inoxidable\uff1f<\/strong><\/h2>\n<ol>\n<li><span style=\"color: #000000;\"><strong>Calidad y seguridad certificadas<\/strong><\/span><br \/>\n<span style=\"color: #000000;\">Nuestros vasos y vasos OEM cumplen las normas internacionales (CE, FDA, CA65\/Prop65, LFGB), lo que garantiza productos sin BPA, duraderos y seguros para sus clientes.<\/span><\/li>\n<li><span style=\"color: #000000;\"><strong>Destaque con dise\u00f1os personalizados<br \/>\n<\/strong>Su marca se merece unos vasos \u00fanicos que llamen la atenci\u00f3n. Con los dise\u00f1os elegantes y personalizables de Anhui iFun, su vaso OEM reflejar\u00e1 la identidad de su marca y le ayudar\u00e1 a destacar en un mercado competitivo.<\/span><\/li>\n<li><span style=\"color: #000000;\"><strong>Riguroso control de calidad<br \/>\n<\/strong>La calidad est\u00e1 en el centro de nuestro proceso de fabricaci\u00f3n. Nuestro dedicado equipo de inspectores garantiza que cada vaso herm\u00e9tico cumpla estrictas normas antes de llegar a sus clientes de todo el mundo.<\/span><\/li>\n<li><span style=\"color: #000000;\"><strong>Proteger su marca y sus ideas<br \/>\n<\/strong>Respetamos la propiedad intelectual y la confidencialidad. Si es necesario, estaremos encantados de firmar acuerdos NDA o NNN para salvaguardar sus dise\u00f1os OEM\/ODM.<\/span><\/li>\n<li><span style=\"color: #000000;\"><strong>Producci\u00f3n eficiente y automatizada<br \/>\n<\/strong>Especializados en la fabricaci\u00f3n de vasos, utilizamos l\u00edneas de producci\u00f3n avanzadas y tecnolog\u00edas de Industria 4.0 para ofrecer productos rentables y de alta calidad con precios competitivos.<\/span><\/li>\n<li><span style=\"color: #000000;\"><strong>Experiencia OEM\/ODM<br \/>\n<\/strong>Nuestros experimentados ingenieros, con m\u00e1s de 20 a\u00f1os de experiencia en la fabricaci\u00f3n de bebidas, pueden transformar sus ideas en vasos OEM listos para el mercado, ayud\u00e1ndole a crear superventas.<\/span><\/li>\n<li><span style=\"color: #000000;\"><strong>Servicios completos de personalizaci\u00f3n<br \/>\n<\/strong>Desde el moldeo hasta el envasado, ofrecemos una personalizaci\u00f3n integral para satisfacer las necesidades de su marca:<\/span><br \/>\n<strong style=\"color: #555555;\">Moldeo a medida<\/strong><span style=\"color: #555555;\"> - <\/span><a href=\"https:\/\/customizedwaterbottles.com\/es\/custom-water-bottle-mold-maker-bpa-free-vacuum-flask-oem\/\" target=\"_blank\" rel=\"noopener\">https:\/\/customizedwaterbottles.com\/custom-water-bottle-mold-maker-bpa-free-vacuum-flask-oem\/<\/a><br \/>\n<strong style=\"color: #555555;\">Decoraci\u00f3n a medida<\/strong><span style=\"color: #555555;\"> -<\/span><a href=\"https:\/\/customizedwaterbottles.com\/es\/graphic-design-water-bottles-custom-stainless-steel-oem\/\" target=\"_blank\" rel=\"noopener\"> https:\/\/customizedwaterbottles.com\/graphic-design-water-bottles-custom-stainless-steel-oem\/<\/a><br \/>\n<strong style=\"color: #555555;\">Logotipos y embalajes personalizados<\/strong><span style=\"color: #555555;\"> - <\/span><a href=\"https:\/\/customizedwaterbottles.com\/es\/wholesale-custom-packaging-for-water-bottles-tumblers\/\" target=\"_blank\" rel=\"noopener\">https:\/\/customizedwaterbottles.com\/wholesale-custom-packaging-for-water-bottles-tumblers\/<\/a><br \/>\n<strong style=\"color: #555555;\">Regalo personalizado<\/strong><span style=\"color: #555555;\"> - <\/span><a href=\"https:\/\/customizedwaterbottles.com\/es\/promotional-drinkware-for-businesses-custom-branded-gifts\/\" target=\"_blank\" rel=\"noopener\">https:\/\/customizedwaterbottles.com\/promotional-drinkware-for-businesses-custom-branded-gifts\/<\/a><\/li>\n<\/ol>\n[post-link-list]\n<p><img decoding=\"async\" class=\"alignnone  wp-image-4001\" src=\"https:\/\/customizedwaterbottles.com\/wp-content\/uploads\/2025\/10\/Insulated-Champagne-Glass.webp\" alt=\"Copa de champ\u00e1n aislada\" width=\"358\" height=\"358\" srcset=\"https:\/\/customizedwaterbottles.com\/wp-content\/uploads\/2025\/10\/Insulated-Champagne-Glass.webp 1200w, https:\/\/customizedwaterbottles.com\/wp-content\/uploads\/2025\/10\/Insulated-Champagne-Glass-1024x1024.webp 1024w, https:\/\/customizedwaterbottles.com\/wp-content\/uploads\/2025\/10\/Insulated-Champagne-Glass-768x768.webp 768w, https:\/\/customizedwaterbottles.com\/wp-content\/uploads\/2025\/10\/Insulated-Champagne-Glass-300x300.webp 300w, https:\/\/customizedwaterbottles.com\/wp-content\/uploads\/2025\/10\/Insulated-Champagne-Glass-600x600.webp 600w, https:\/\/customizedwaterbottles.com\/wp-content\/uploads\/2025\/10\/Insulated-Champagne-Glass-100x100.webp 100w\" sizes=\"(max-width: 358px) 100vw, 358px\" \/> <img decoding=\"async\" class=\"alignnone  wp-image-4012\" src=\"https:\/\/customizedwaterbottles.com\/wp-content\/uploads\/2025\/10\/GINGPROUS-1-Pack-Stainless-Steel-Wine-Tumbler.webp\" alt=\"Vaso de Vino de Acero Inoxidable GINGPROUS 1 Pack\" width=\"375\" height=\"375\" srcset=\"https:\/\/customizedwaterbottles.com\/wp-content\/uploads\/2025\/10\/GINGPROUS-1-Pack-Stainless-Steel-Wine-Tumbler.webp 1920w, https:\/\/customizedwaterbottles.com\/wp-content\/uploads\/2025\/10\/GINGPROUS-1-Pack-Stainless-Steel-Wine-Tumbler-1024x1024.webp 1024w, https:\/\/customizedwaterbottles.com\/wp-content\/uploads\/2025\/10\/GINGPROUS-1-Pack-Stainless-Steel-Wine-Tumbler-768x768.webp 768w, https:\/\/customizedwaterbottles.com\/wp-content\/uploads\/2025\/10\/GINGPROUS-1-Pack-Stainless-Steel-Wine-Tumbler-1536x1536.webp 1536w, https:\/\/customizedwaterbottles.com\/wp-content\/uploads\/2025\/10\/GINGPROUS-1-Pack-Stainless-Steel-Wine-Tumbler-300x300.webp 300w, https:\/\/customizedwaterbottles.com\/wp-content\/uploads\/2025\/10\/GINGPROUS-1-Pack-Stainless-Steel-Wine-Tumbler-600x600.webp 600w, https:\/\/customizedwaterbottles.com\/wp-content\/uploads\/2025\/10\/GINGPROUS-1-Pack-Stainless-Steel-Wine-Tumbler-100x100.webp 100w\" sizes=\"(max-width: 375px) 100vw, 375px\" \/> <img decoding=\"async\" class=\"alignnone  wp-image-4007\" src=\"https:\/\/customizedwaterbottles.com\/wp-content\/uploads\/2025\/10\/Stemglass-cocktail-glasses.webp\" alt=\"Copas de c\u00f3ctel Stemglass\" width=\"383\" height=\"383\" srcset=\"https:\/\/customizedwaterbottles.com\/wp-content\/uploads\/2025\/10\/Stemglass-cocktail-glasses.webp 1500w, https:\/\/customizedwaterbottles.com\/wp-content\/uploads\/2025\/10\/Stemglass-cocktail-glasses-1024x1024.webp 1024w, https:\/\/customizedwaterbottles.com\/wp-content\/uploads\/2025\/10\/Stemglass-cocktail-glasses-768x768.webp 768w, https:\/\/customizedwaterbottles.com\/wp-content\/uploads\/2025\/10\/Stemglass-cocktail-glasses-300x300.webp 300w, https:\/\/customizedwaterbottles.com\/wp-content\/uploads\/2025\/10\/Stemglass-cocktail-glasses-600x600.webp 600w, https:\/\/customizedwaterbottles.com\/wp-content\/uploads\/2025\/10\/Stemglass-cocktail-glasses-100x100.webp 100w\" sizes=\"(max-width: 383px) 100vw, 383px\" \/> <img decoding=\"async\" class=\"alignnone  wp-image-4006\" src=\"https:\/\/customizedwaterbottles.com\/wp-content\/uploads\/2025\/10\/Steel-Wine-Glasses.webp\" alt=\"Copas de vino de acero\" width=\"394\" height=\"394\" srcset=\"https:\/\/customizedwaterbottles.com\/wp-content\/uploads\/2025\/10\/Steel-Wine-Glasses.webp 1500w, https:\/\/customizedwaterbottles.com\/wp-content\/uploads\/2025\/10\/Steel-Wine-Glasses-1024x1024.webp 1024w, https:\/\/customizedwaterbottles.com\/wp-content\/uploads\/2025\/10\/Steel-Wine-Glasses-768x768.webp 768w, https:\/\/customizedwaterbottles.com\/wp-content\/uploads\/2025\/10\/Steel-Wine-Glasses-300x300.webp 300w, https:\/\/customizedwaterbottles.com\/wp-content\/uploads\/2025\/10\/Steel-Wine-Glasses-600x600.webp 600w, https:\/\/customizedwaterbottles.com\/wp-content\/uploads\/2025\/10\/Steel-Wine-Glasses-100x100.webp 100w\" sizes=\"(max-width: 394px) 100vw, 394px\" \/> <img decoding=\"async\" class=\"alignnone  wp-image-4005\" src=\"https:\/\/customizedwaterbottles.com\/wp-content\/uploads\/2025\/10\/large-capacity-stainless-steel-wine-glass-cup.webp\" alt=\"copa de vino de acero inoxidable de gran capacidad\" width=\"415\" height=\"415\" srcset=\"https:\/\/customizedwaterbottles.com\/wp-content\/uploads\/2025\/10\/large-capacity-stainless-steel-wine-glass-cup.webp 1500w, https:\/\/customizedwaterbottles.com\/wp-content\/uploads\/2025\/10\/large-capacity-stainless-steel-wine-glass-cup-1024x1024.webp 1024w, https:\/\/customizedwaterbottles.com\/wp-content\/uploads\/2025\/10\/large-capacity-stainless-steel-wine-glass-cup-768x768.webp 768w, https:\/\/customizedwaterbottles.com\/wp-content\/uploads\/2025\/10\/large-capacity-stainless-steel-wine-glass-cup-300x300.webp 300w, https:\/\/customizedwaterbottles.com\/wp-content\/uploads\/2025\/10\/large-capacity-stainless-steel-wine-glass-cup-600x600.webp 600w, https:\/\/customizedwaterbottles.com\/wp-content\/uploads\/2025\/10\/large-capacity-stainless-steel-wine-glass-cup-100x100.webp 100w\" sizes=\"(max-width: 415px) 100vw, 415px\" \/> <img decoding=\"async\" class=\"alignnone  wp-image-4008\" src=\"https:\/\/customizedwaterbottles.com\/wp-content\/uploads\/2025\/10\/Stainless-Steel-Wine-Cups.webp\" alt=\"Copas de vino de acero inoxidable\" width=\"368\" height=\"368\" srcset=\"https:\/\/customizedwaterbottles.com\/wp-content\/uploads\/2025\/10\/Stainless-Steel-Wine-Cups.webp 1500w, https:\/\/customizedwaterbottles.com\/wp-content\/uploads\/2025\/10\/Stainless-Steel-Wine-Cups-1024x1024.webp 1024w, https:\/\/customizedwaterbottles.com\/wp-content\/uploads\/2025\/10\/Stainless-Steel-Wine-Cups-768x768.webp 768w, https:\/\/customizedwaterbottles.com\/wp-content\/uploads\/2025\/10\/Stainless-Steel-Wine-Cups-300x300.webp 300w, https:\/\/customizedwaterbottles.com\/wp-content\/uploads\/2025\/10\/Stainless-Steel-Wine-Cups-600x600.webp 600w, https:\/\/customizedwaterbottles.com\/wp-content\/uploads\/2025\/10\/Stainless-Steel-Wine-Cups-100x100.webp 100w\" sizes=\"(max-width: 368px) 100vw, 368px\" \/><\/p>\n<p>&nbsp;<\/p>","protected":false},"excerpt":{"rendered":"<p><span style=\"color: #000000;\"><strong>\u00a0 \u00a0Caracter\u00edsticas del producto:<\/strong><\/span><\/p>\n<ul>\n<li><strong>Innovador dise\u00f1o bidireccional<\/strong><br \/>\nFabricada por iFun, esta copa de acero inoxidable de 14 oz cuenta con un exclusivo v\u00e1stago desmontable TwistLock, que ofrece dos formas de disfrutar de su bebida. Util\u00edzala como una cl\u00e1sica copa con pie para vino o c\u00f3cteles, o qu\u00edtale el pie para disfrutar de un elegante vaso sin pie. Perfecto para restaurantes, eventos o bares dom\u00e9sticos.<\/li>\n<li><strong>Construcci\u00f3n de acero inoxidable 304 de primera calidad<\/strong><br \/>\nFabricada en acero inoxidable 18\/8 de calidad alimentaria, la copa es duradera, resistente al \u00f3xido y est\u00e1 dise\u00f1ada para un uso prolongado. El acabado sin juntas garantiza un aspecto refinado que encaja con los est\u00e1ndares de hosteler\u00eda o comercio de primera calidad.<\/li>\n<li><strong>Triple aislamiento para retener la temperatura<\/strong><br \/>\nFabricado con un avanzado aislamiento al vac\u00edo y tecnolog\u00eda de triple capa, mantiene las bebidas calientes o fr\u00edas durante horas, conservando la temperatura perfecta para el vino, los c\u00f3cteles, el caf\u00e9 o el t\u00e9.<\/li>\n<li><strong>Seco, seguro y sin ara\u00f1azos<\/strong><br \/>\nEl exterior impermeable evita la condensaci\u00f3n, mientras que la suave base antideslizante protege mesas y superficies. Dise\u00f1ada para ofrecer comodidad, seguridad y practicidad en cualquier entorno.<\/li>\n<li><strong>Opciones de OEM y marcas personalizadas<\/strong><br \/>\nComo f\u00e1brica profesional de bebidas de acero inoxidable, iFun ofrece personalizaci\u00f3n OEM completa, incluido el grabado de logotipos con l\u00e1ser, el revestimiento de color y el dise\u00f1o de envases. Ideal para proyectos de marca, regalos promocionales y pedidos B2B al por mayor.<\/li>\n<li><strong>Perfecto para uso en empresas y eventos<\/strong><br \/>\nEstas elegantes y duraderas copas son excelentes opciones para bodas, catas de vino, servicios de hosteler\u00eda o regalos de aniversario: una forma elegante de elevar la presencia de su marca.<\/li>\n<\/ul>\n<p><span style=\"color: #000000;\"><strong>\u00a0Servicios personalizados:<\/strong><\/span><\/p>\n<p><span style=\"color: #000000;\"><strong>\u00a0Logotipo y dise\u00f1o:<\/strong> Ifun OEM de acero inoxidable Coke Can Cup personalizar su logotipo de la marca. Podemos hacer su insignia y dise\u00f1ar con la impresi\u00f3n de la pantalla, el laser grabado, la transferencia de calor, la impresi\u00f3n 3D, la impresi\u00f3n ULTRAVIOLETA etc.<\/span><\/p>\n<p><span style=\"color: #000000;\"><strong>\u00a0Color:<\/strong> Los colores se pueden personalizar seg\u00fan el n\u00famero de color pantone, podemos hacerlo con acabado mate, pintura brillante, recubrimiento en polvo, etc.<\/span><\/p>\n<p><span style=\"color: #000000;\"><strong>\u00a0Capacidad:<\/strong> Tenemos 14oz y otra capacidad que tambi\u00e9n podemos personalizar para usted.<\/span><\/p>\n<p><span style=\"color: #000000;\"><strong>\u00a0Tapas: <\/strong>100% Tapa herm\u00e9tica BPA FREE, el color se puede personalizar.<\/span><\/p>\n<p><span style=\"color: #000000;\"><strong>\u00a0Paquete: <\/strong>Caja de color, caja blanca, caja de regalo, caja de cart\u00f3n marr\u00f3n, caja cil\u00edndrica, etc.<\/span><\/p>","protected":false},"featured_media":4006,"comment_status":"open","ping_status":"closed","template":"","meta":[],"product_brand":[],"product_cat":[23],"product_tag":[],"class_list":{"0":"post-3999","1":"product","2":"type-product","3":"status-publish","4":"has-post-thumbnail","6":"product_cat-insulated-tumblers-mugs","8":"first","9":"instock","10":"shipping-taxable","11":"product-type-simple"},"yoast_head":"<!-- This site is optimized with the Yoast SEO plugin v25.4 - https:\/\/yoast.com\/wordpress\/plugins\/seo\/ -->\n<title>Stainless Steel Wine Tumbler Goblet with Detachable Stem<\/title>\n<meta name=\"description\" content=\"OEM stainless steel goblet with twist-off stem. Factory direct, durable, and customizable for branding, corporate gifts, and promotional use.\" \/>\n<meta name=\"robots\" content=\"index, follow, max-snippet:-1, max-image-preview:large, max-video-preview:-1\" \/>\n<link rel=\"canonical\" href=\"https:\/\/customizedwaterbottles.com\/es\/product\/custom-stainless-steel-wine-tumbler-goblet-with-detachable-stem\/\" \/>\n<meta property=\"og:locale\" content=\"es_ES\" \/>\n<meta property=\"og:type\" content=\"article\" \/>\n<meta property=\"og:title\" content=\"Stainless Steel Wine Tumbler Goblet with Detachable Stem\" \/>\n<meta property=\"og:description\" content=\"OEM stainless steel goblet with twist-off stem. Factory direct, durable, and customizable for branding, corporate gifts, and promotional use.\" \/>\n<meta property=\"og:url\" content=\"https:\/\/customizedwaterbottles.com\/es\/product\/custom-stainless-steel-wine-tumbler-goblet-with-detachable-stem\/\" \/>\n<meta property=\"og:site_name\" content=\"iFun\" \/>\n<meta property=\"article:modified_time\" content=\"2025-10-28T08:29:39+00:00\" \/>\n<meta property=\"og:image\" content=\"https:\/\/customizedwaterbottles.com\/wp-content\/uploads\/2025\/10\/Steel-Wine-Glasses.webp\" \/>\n\t<meta property=\"og:image:width\" content=\"1500\" \/>\n\t<meta property=\"og:image:height\" content=\"1500\" \/>\n\t<meta property=\"og:image:type\" content=\"image\/webp\" \/>\n<meta name=\"twitter:card\" content=\"summary_large_image\" \/>\n<meta name=\"twitter:label1\" content=\"Tiempo de lectura\" \/>\n\t<meta name=\"twitter:data1\" content=\"3 minutos\" \/>\n<script type=\"application\/ld+json\" class=\"yoast-schema-graph\">{\"@context\":\"https:\/\/schema.org\",\"@graph\":[{\"@type\":\"WebPage\",\"@id\":\"https:\/\/customizedwaterbottles.com\/product\/custom-stainless-steel-wine-tumbler-goblet-with-detachable-stem\/\",\"url\":\"https:\/\/customizedwaterbottles.com\/product\/custom-stainless-steel-wine-tumbler-goblet-with-detachable-stem\/\",\"name\":\"Stainless Steel Wine Tumbler Goblet with Detachable Stem\",\"isPartOf\":{\"@id\":\"https:\/\/customizedwaterbottles.com\/#website\"},\"primaryImageOfPage\":{\"@id\":\"https:\/\/customizedwaterbottles.com\/product\/custom-stainless-steel-wine-tumbler-goblet-with-detachable-stem\/#primaryimage\"},\"image\":{\"@id\":\"https:\/\/customizedwaterbottles.com\/product\/custom-stainless-steel-wine-tumbler-goblet-with-detachable-stem\/#primaryimage\"},\"thumbnailUrl\":\"https:\/\/customizedwaterbottles.com\/wp-content\/uploads\/2025\/10\/Steel-Wine-Glasses.webp\",\"datePublished\":\"2025-10-28T07:51:33+00:00\",\"dateModified\":\"2025-10-28T08:29:39+00:00\",\"description\":\"OEM stainless steel goblet with twist-off stem. Factory direct, durable, and customizable for branding, corporate gifts, and promotional use.\",\"breadcrumb\":{\"@id\":\"https:\/\/customizedwaterbottles.com\/product\/custom-stainless-steel-wine-tumbler-goblet-with-detachable-stem\/#breadcrumb\"},\"inLanguage\":\"es\",\"potentialAction\":[{\"@type\":\"ReadAction\",\"target\":[\"https:\/\/customizedwaterbottles.com\/product\/custom-stainless-steel-wine-tumbler-goblet-with-detachable-stem\/\"]}]},{\"@type\":\"ImageObject\",\"inLanguage\":\"es\",\"@id\":\"https:\/\/customizedwaterbottles.com\/product\/custom-stainless-steel-wine-tumbler-goblet-with-detachable-stem\/#primaryimage\",\"url\":\"https:\/\/customizedwaterbottles.com\/wp-content\/uploads\/2025\/10\/Steel-Wine-Glasses.webp\",\"contentUrl\":\"https:\/\/customizedwaterbottles.com\/wp-content\/uploads\/2025\/10\/Steel-Wine-Glasses.webp\",\"width\":1500,\"height\":1500,\"caption\":\"Steel Wine Glasses\"},{\"@type\":\"BreadcrumbList\",\"@id\":\"https:\/\/customizedwaterbottles.com\/product\/custom-stainless-steel-wine-tumbler-goblet-with-detachable-stem\/#breadcrumb\",\"itemListElement\":[{\"@type\":\"ListItem\",\"position\":1,\"name\":\"Home\",\"item\":\"https:\/\/customizedwaterbottles.com\/\"},{\"@type\":\"ListItem\",\"position\":2,\"name\":\"Products\",\"item\":\"https:\/\/customizedwaterbottles.com\/wholesale-drinkware-manufacturer-water-bottles-tumblers\/\"},{\"@type\":\"ListItem\",\"position\":3,\"name\":\"Custom Stainless Steel Wine Tumbler Goblet with Detachable Stem 1081636T\"}]},{\"@type\":\"WebSite\",\"@id\":\"https:\/\/customizedwaterbottles.com\/#website\",\"url\":\"https:\/\/customizedwaterbottles.com\/\",\"name\":\"iFun\",\"description\":\"Water Bottles Stainless Steel Vacuum Flask\",\"potentialAction\":[{\"@type\":\"SearchAction\",\"target\":{\"@type\":\"EntryPoint\",\"urlTemplate\":\"https:\/\/customizedwaterbottles.com\/?s={search_term_string}\"},\"query-input\":{\"@type\":\"PropertyValueSpecification\",\"valueRequired\":true,\"valueName\":\"search_term_string\"}}],\"inLanguage\":\"es\"}]}<\/script>\n<!-- \/ Yoast SEO plugin. -->","yoast_head_json":{"title":"Stainless Steel Wine Tumbler Goblet with Detachable Stem","description":"OEM stainless steel goblet with twist-off stem. Factory direct, durable, and customizable for branding, corporate gifts, and promotional use.","robots":{"index":"index","follow":"follow","max-snippet":"max-snippet:-1","max-image-preview":"max-image-preview:large","max-video-preview":"max-video-preview:-1"},"canonical":"https:\/\/customizedwaterbottles.com\/es\/product\/custom-stainless-steel-wine-tumbler-goblet-with-detachable-stem\/","og_locale":"es_ES","og_type":"article","og_title":"Stainless Steel Wine Tumbler Goblet with Detachable Stem","og_description":"OEM stainless steel goblet with twist-off stem. Factory direct, durable, and customizable for branding, corporate gifts, and promotional use.","og_url":"https:\/\/customizedwaterbottles.com\/es\/product\/custom-stainless-steel-wine-tumbler-goblet-with-detachable-stem\/","og_site_name":"iFun","article_modified_time":"2025-10-28T08:29:39+00:00","og_image":[{"width":1500,"height":1500,"url":"https:\/\/customizedwaterbottles.com\/wp-content\/uploads\/2025\/10\/Steel-Wine-Glasses.webp","type":"image\/webp"}],"twitter_card":"summary_large_image","twitter_misc":{"Tiempo de lectura":"3 minutos"},"schema":{"@context":"https:\/\/schema.org","@graph":[{"@type":"WebPage","@id":"https:\/\/customizedwaterbottles.com\/product\/custom-stainless-steel-wine-tumbler-goblet-with-detachable-stem\/","url":"https:\/\/customizedwaterbottles.com\/product\/custom-stainless-steel-wine-tumbler-goblet-with-detachable-stem\/","name":"Stainless Steel Wine Tumbler Goblet with Detachable Stem","isPartOf":{"@id":"https:\/\/customizedwaterbottles.com\/#website"},"primaryImageOfPage":{"@id":"https:\/\/customizedwaterbottles.com\/product\/custom-stainless-steel-wine-tumbler-goblet-with-detachable-stem\/#primaryimage"},"image":{"@id":"https:\/\/customizedwaterbottles.com\/product\/custom-stainless-steel-wine-tumbler-goblet-with-detachable-stem\/#primaryimage"},"thumbnailUrl":"https:\/\/customizedwaterbottles.com\/wp-content\/uploads\/2025\/10\/Steel-Wine-Glasses.webp","datePublished":"2025-10-28T07:51:33+00:00","dateModified":"2025-10-28T08:29:39+00:00","description":"OEM stainless steel goblet with twist-off stem. Factory direct, durable, and customizable for branding, corporate gifts, and promotional use.","breadcrumb":{"@id":"https:\/\/customizedwaterbottles.com\/product\/custom-stainless-steel-wine-tumbler-goblet-with-detachable-stem\/#breadcrumb"},"inLanguage":"es","potentialAction":[{"@type":"ReadAction","target":["https:\/\/customizedwaterbottles.com\/product\/custom-stainless-steel-wine-tumbler-goblet-with-detachable-stem\/"]}]},{"@type":"ImageObject","inLanguage":"es","@id":"https:\/\/customizedwaterbottles.com\/product\/custom-stainless-steel-wine-tumbler-goblet-with-detachable-stem\/#primaryimage","url":"https:\/\/customizedwaterbottles.com\/wp-content\/uploads\/2025\/10\/Steel-Wine-Glasses.webp","contentUrl":"https:\/\/customizedwaterbottles.com\/wp-content\/uploads\/2025\/10\/Steel-Wine-Glasses.webp","width":1500,"height":1500,"caption":"Steel Wine Glasses"},{"@type":"BreadcrumbList","@id":"https:\/\/customizedwaterbottles.com\/product\/custom-stainless-steel-wine-tumbler-goblet-with-detachable-stem\/#breadcrumb","itemListElement":[{"@type":"ListItem","position":1,"name":"Home","item":"https:\/\/customizedwaterbottles.com\/"},{"@type":"ListItem","position":2,"name":"Products","item":"https:\/\/customizedwaterbottles.com\/wholesale-drinkware-manufacturer-water-bottles-tumblers\/"},{"@type":"ListItem","position":3,"name":"Custom Stainless Steel Wine Tumbler Goblet with Detachable Stem 1081636T"}]},{"@type":"WebSite","@id":"https:\/\/customizedwaterbottles.com\/#website","url":"https:\/\/customizedwaterbottles.com\/","name":"iFun","description":"Water Bottles Stainless Steel Vacuum Flask","potentialAction":[{"@type":"SearchAction","target":{"@type":"EntryPoint","urlTemplate":"https:\/\/customizedwaterbottles.com\/?s={search_term_string}"},"query-input":{"@type":"PropertyValueSpecification","valueRequired":true,"valueName":"search_term_string"}}],"inLanguage":"es"}]}},"_links":{"self":[{"href":"https:\/\/customizedwaterbottles.com\/es\/wp-json\/wp\/v2\/product\/3999","targetHints":{"allow":["GET"]}}],"collection":[{"href":"https:\/\/customizedwaterbottles.com\/es\/wp-json\/wp\/v2\/product"}],"about":[{"href":"https:\/\/customizedwaterbottles.com\/es\/wp-json\/wp\/v2\/types\/product"}],"replies":[{"embeddable":true,"href":"https:\/\/customizedwaterbottles.com\/es\/wp-json\/wp\/v2\/comments?post=3999"}],"wp:featuredmedia":[{"embeddable":true,"href":"https:\/\/customizedwaterbottles.com\/es\/wp-json\/wp\/v2\/media\/4006"}],"wp:attachment":[{"href":"https:\/\/customizedwaterbottles.com\/es\/wp-json\/wp\/v2\/media?parent=3999"}],"wp:term":[{"taxonomy":"product_brand","embeddable":true,"href":"https:\/\/customizedwaterbottles.com\/es\/wp-json\/wp\/v2\/product_brand?post=3999"},{"taxonomy":"product_cat","embeddable":true,"href":"https:\/\/customizedwaterbottles.com\/es\/wp-json\/wp\/v2\/product_cat?post=3999"},{"taxonomy":"product_tag","embeddable":true,"href":"https:\/\/customizedwaterbottles.com\/es\/wp-json\/wp\/v2\/product_tag?post=3999"}],"curies":[{"name":"wp","href":"https:\/\/api.w.org\/{rel}","templated":true}]}}