{"id":4078,"date":"2025-11-07T06:43:44","date_gmt":"2025-11-07T06:43:44","guid":{"rendered":"https:\/\/customizedwaterbottles.com\/?post_type=product&#038;p=4078"},"modified":"2025-11-07T07:06:04","modified_gmt":"2025-11-07T07:06:04","slug":"yeti-18oz-rambler-bottle-with-chug-cap","status":"publish","type":"product","link":"https:\/\/customizedwaterbottles.com\/es\/product\/yeti-18oz-rambler-bottle-with-chug-cap\/","title":{"rendered":"Yeti Botella Rambler 18oz Con Tap\u00f3n Chug 1081631W"},"content":{"rendered":"<p><strong>\u00a0 \u00a0 \u00a0 Product Name\uff1aYeti 18oz Rambler Bottle With Chug Cap <\/strong><strong><br \/>\n<\/strong><strong>\u00a0 \u00a0 \u00a0 Capacity\uff1a18oz<\/strong><br \/>\n<strong>\u00a0 \u00a0 \u00a0 Material\uff1a<\/strong>Acero inoxidable<br \/>\n<strong>\u00a0 \u00a0 \u00a0 Color\uff1a<\/strong>Pintura brillante, pintura mate, recubrimiento en polvo, etc.<br \/>\n<strong>\u00a0 \u00a0 \u00a0 Logotipo\uff1a<\/strong>Serigraf\u00eda, impresi\u00f3n por transferencia t\u00e9rmica, grabado por l\u00e1ser, transferencia por agua, etc.<br \/>\n<strong>\u00a0 \u00a0 \u00a0 MOQ\uff1a<\/strong>100 unidades<br \/>\n<strong>\u00a0 \u00a0 \u00a0 Tiempo de muestreo\uff1a<\/strong>3-7 d\u00edas para dise\u00f1os personalizados<br \/>\n<strong>\u00a0 \u00a0 \u00a0 Certificaci\u00f3n\uff1a<\/strong>FDA, LFGB<br \/>\n<strong>\u00a0 \u00a0 \u00a0 Embalaje<\/strong>\uff1aCaja blanca, caja de color o caja de dise\u00f1o personalizado.<br \/>\n<strong>\u00a0 \u00a0 \u00a0 Capacidad de producci\u00f3n\uff1a<\/strong>500.000 unidades al mes<br \/>\n<strong>\u00a0 \u00a0 \u00a0 Plazo de entrega\uff1a<\/strong>5-35 d\u00edas para cantidades inferiores a 20.000 unidades<\/p>\n<h2><strong>Why ChooseYeti 18oz Rambler Bottle With Chug Cap <\/strong><strong>\uff1f<\/strong><\/h2>\n<ol>\n<li><strong>Calidad y seguridad certificadas<\/strong><br \/>\nOur narrow mouth vacuum insulated water bottles, and drinkware meet international standards (CE, FDA, CA65\/Prop65, LFGB), ensuring BPA-free, durable, nand safe products for your customers.<\/li>\n<li><strong style=\"color: #555555;\">\u00a0Destaque con dise\u00f1os personalizados<br \/>\n<\/strong>Your brand deserves unique drinkware that captures attention. With Anhui iFun\u2019s stylish and customizable designs, your hydro mini bottle will reflect your brand identity and help you stand out in a competitive market.<\/li>\n<li><strong style=\"color: #555555;\">Riguroso control de calidad<br \/>\n<\/strong>Quality is at the heart of our manufacturing process. Our dedicated team of inspectors ensures every hydro mini bottle meets strict standards before reaching your customers worldwide.<\/li>\n<li><strong style=\"color: #555555;\">Proteger su marca y sus ideas<br \/>\n<\/strong>Respetamos la propiedad intelectual y la confidencialidad. Si es necesario, estaremos encantados de firmar acuerdos NDA o NNN para salvaguardar sus dise\u00f1os OEM\/ODM.<\/li>\n<li><strong style=\"color: #555555;\">Producci\u00f3n eficiente y automatizada<br \/>\n<\/strong>Especializados en la fabricaci\u00f3n de vasos, utilizamos l\u00edneas de producci\u00f3n avanzadas y tecnolog\u00edas de Industria 4.0 para ofrecer productos rentables y de alta calidad con precios competitivos.<\/li>\n<li><strong style=\"color: #555555;\">Experiencia OEM\/ODM<br \/>\n<\/strong>Nuestros experimentados ingenieros, con m\u00e1s de 20 a\u00f1os de experiencia en la fabricaci\u00f3n de bebidas, pueden transformar sus ideas en minibotellas hidroel\u00e9ctricas listas para el mercado, ayud\u00e1ndole a crear superventas.<\/li>\n<li><strong style=\"color: #555555;\">Servicios completos de personalizaci\u00f3n<br \/>\n<\/strong>Desde el moldeo hasta el envasado, ofrecemos una personalizaci\u00f3n integral para satisfacer las necesidades de su marca:<br \/>\n<strong style=\"color: #555555;\">Moldeo a medida<\/strong><span style=\"color: #555555;\"> - <\/span><a href=\"https:\/\/customizedwaterbottles.com\/es\/custom-water-bottle-mold-maker-bpa-free-vacuum-flask-oem\/\" target=\"_blank\" rel=\"noopener\">https:\/\/customizedwaterbottles.com\/custom-water-bottle-mold-maker-bpa-free-vacuum-flask-oem\/<\/a><br \/>\n<strong style=\"color: #555555;\">Decoraci\u00f3n a medida<\/strong><span style=\"color: #555555;\"> -<\/span><a href=\"https:\/\/customizedwaterbottles.com\/es\/graphic-design-water-bottles-custom-stainless-steel-oem\/\" target=\"_blank\" rel=\"noopener\"> https:\/\/customizedwaterbottles.com\/graphic-design-water-bottles-custom-stainless-steel-oem\/<\/a><br \/>\n<strong style=\"color: #555555;\">Logotipos y embalajes personalizados<\/strong><span style=\"color: #555555;\"> - <\/span><a href=\"https:\/\/customizedwaterbottles.com\/es\/wholesale-custom-packaging-for-water-bottles-tumblers\/\" target=\"_blank\" rel=\"noopener\">https:\/\/customizedwaterbottles.com\/wholesale-custom-packaging-for-water-bottles-tumblers\/<\/a><br \/>\n<strong style=\"color: #555555;\">Regalo personalizado<\/strong><span style=\"color: #555555;\"> - <\/span><a href=\"https:\/\/customizedwaterbottles.com\/es\/promotional-drinkware-for-businesses-custom-branded-gifts\/\" target=\"_blank\" rel=\"noopener\">https:\/\/customizedwaterbottles.com\/promotional-drinkware-for-businesses-custom-branded-gifts\/<\/a><\/li>\n<\/ol>\n[post-link-list]\n<p><img decoding=\"async\" class=\"alignnone size-full wp-image-4080\" src=\"https:\/\/customizedwaterbottles.com\/wp-content\/uploads\/2025\/11\/yeti-18oz-rambler-bottle-with-straw-cap-1.webp\" alt=\"Yeti Water Bottle With Chug Cap\" width=\"1200\" height=\"1200\" srcset=\"https:\/\/customizedwaterbottles.com\/wp-content\/uploads\/2025\/11\/yeti-18oz-rambler-bottle-with-straw-cap-1.webp 1200w, https:\/\/customizedwaterbottles.com\/wp-content\/uploads\/2025\/11\/yeti-18oz-rambler-bottle-with-straw-cap-1-1024x1024.webp 1024w, https:\/\/customizedwaterbottles.com\/wp-content\/uploads\/2025\/11\/yeti-18oz-rambler-bottle-with-straw-cap-1-768x768.webp 768w, https:\/\/customizedwaterbottles.com\/wp-content\/uploads\/2025\/11\/yeti-18oz-rambler-bottle-with-straw-cap-1-300x300.webp 300w, https:\/\/customizedwaterbottles.com\/wp-content\/uploads\/2025\/11\/yeti-18oz-rambler-bottle-with-straw-cap-1-600x600.webp 600w, https:\/\/customizedwaterbottles.com\/wp-content\/uploads\/2025\/11\/yeti-18oz-rambler-bottle-with-straw-cap-1-100x100.webp 100w\" sizes=\"(max-width: 1200px) 100vw, 1200px\" \/> <img decoding=\"async\" class=\"alignnone size-full wp-image-4082\" src=\"https:\/\/customizedwaterbottles.com\/wp-content\/uploads\/2025\/11\/yeti-18oz-rambler-bottle-with-straw-cap-3.webp\" alt=\"Botella Yeti Rambler de 18oz con tap\u00f3n Chug\" width=\"800\" height=\"800\" srcset=\"https:\/\/customizedwaterbottles.com\/wp-content\/uploads\/2025\/11\/yeti-18oz-rambler-bottle-with-straw-cap-3.webp 800w, https:\/\/customizedwaterbottles.com\/wp-content\/uploads\/2025\/11\/yeti-18oz-rambler-bottle-with-straw-cap-3-768x768.webp 768w, https:\/\/customizedwaterbottles.com\/wp-content\/uploads\/2025\/11\/yeti-18oz-rambler-bottle-with-straw-cap-3-300x300.webp 300w, https:\/\/customizedwaterbottles.com\/wp-content\/uploads\/2025\/11\/yeti-18oz-rambler-bottle-with-straw-cap-3-600x600.webp 600w, https:\/\/customizedwaterbottles.com\/wp-content\/uploads\/2025\/11\/yeti-18oz-rambler-bottle-with-straw-cap-3-100x100.webp 100w\" sizes=\"(max-width: 800px) 100vw, 800px\" \/> <img decoding=\"async\" class=\"alignnone size-full wp-image-4089\" src=\"https:\/\/customizedwaterbottles.com\/wp-content\/uploads\/2025\/11\/yeti-18oz-rambler-bottle-with-straw-cap-10.webp\" alt=\"details about yeti water bottles\" width=\"800\" height=\"800\" srcset=\"https:\/\/customizedwaterbottles.com\/wp-content\/uploads\/2025\/11\/yeti-18oz-rambler-bottle-with-straw-cap-10.webp 800w, https:\/\/customizedwaterbottles.com\/wp-content\/uploads\/2025\/11\/yeti-18oz-rambler-bottle-with-straw-cap-10-768x768.webp 768w, https:\/\/customizedwaterbottles.com\/wp-content\/uploads\/2025\/11\/yeti-18oz-rambler-bottle-with-straw-cap-10-300x300.webp 300w, https:\/\/customizedwaterbottles.com\/wp-content\/uploads\/2025\/11\/yeti-18oz-rambler-bottle-with-straw-cap-10-600x600.webp 600w, https:\/\/customizedwaterbottles.com\/wp-content\/uploads\/2025\/11\/yeti-18oz-rambler-bottle-with-straw-cap-10-100x100.webp 100w\" sizes=\"(max-width: 800px) 100vw, 800px\" \/> <img decoding=\"async\" class=\"alignnone size-full wp-image-4092\" src=\"https:\/\/customizedwaterbottles.com\/wp-content\/uploads\/2025\/11\/yeti-18oz-rambler-bottle-with-straw-cap-13.webp\" alt=\"Botella de agua Yeti Rambler\" width=\"800\" height=\"800\" srcset=\"https:\/\/customizedwaterbottles.com\/wp-content\/uploads\/2025\/11\/yeti-18oz-rambler-bottle-with-straw-cap-13.webp 800w, https:\/\/customizedwaterbottles.com\/wp-content\/uploads\/2025\/11\/yeti-18oz-rambler-bottle-with-straw-cap-13-768x768.webp 768w, https:\/\/customizedwaterbottles.com\/wp-content\/uploads\/2025\/11\/yeti-18oz-rambler-bottle-with-straw-cap-13-300x300.webp 300w, https:\/\/customizedwaterbottles.com\/wp-content\/uploads\/2025\/11\/yeti-18oz-rambler-bottle-with-straw-cap-13-600x600.webp 600w, https:\/\/customizedwaterbottles.com\/wp-content\/uploads\/2025\/11\/yeti-18oz-rambler-bottle-with-straw-cap-13-100x100.webp 100w\" sizes=\"(max-width: 800px) 100vw, 800px\" \/> <img decoding=\"async\" class=\"alignnone size-full wp-image-4034\" src=\"https:\/\/customizedwaterbottles.com\/wp-content\/uploads\/2025\/10\/hydro-flask-china-manufacturer-.webp\" alt=\"\" width=\"800\" height=\"966\" srcset=\"https:\/\/customizedwaterbottles.com\/wp-content\/uploads\/2025\/10\/hydro-flask-china-manufacturer-.webp 800w, https:\/\/customizedwaterbottles.com\/wp-content\/uploads\/2025\/10\/hydro-flask-china-manufacturer--768x927.webp 768w, https:\/\/customizedwaterbottles.com\/wp-content\/uploads\/2025\/10\/hydro-flask-china-manufacturer--600x725.webp 600w\" sizes=\"(max-width: 800px) 100vw, 800px\" \/><img decoding=\"async\" class=\"alignnone size-full wp-image-3997\" src=\"https:\/\/customizedwaterbottles.com\/wp-content\/uploads\/2025\/10\/OEM-Water-Bottle-Production-Process.jpg\" alt=\"\" width=\"1700\" height=\"1700\" srcset=\"https:\/\/customizedwaterbottles.com\/wp-content\/uploads\/2025\/10\/OEM-Water-Bottle-Production-Process.jpg 1700w, https:\/\/customizedwaterbottles.com\/wp-content\/uploads\/2025\/10\/OEM-Water-Bottle-Production-Process-1024x1024.jpg 1024w, https:\/\/customizedwaterbottles.com\/wp-content\/uploads\/2025\/10\/OEM-Water-Bottle-Production-Process-768x768.jpg 768w, https:\/\/customizedwaterbottles.com\/wp-content\/uploads\/2025\/10\/OEM-Water-Bottle-Production-Process-1536x1536.jpg 1536w, https:\/\/customizedwaterbottles.com\/wp-content\/uploads\/2025\/10\/OEM-Water-Bottle-Production-Process-300x300.jpg 300w, https:\/\/customizedwaterbottles.com\/wp-content\/uploads\/2025\/10\/OEM-Water-Bottle-Production-Process-600x600.jpg 600w, https:\/\/customizedwaterbottles.com\/wp-content\/uploads\/2025\/10\/OEM-Water-Bottle-Production-Process-100x100.jpg 100w\" sizes=\"(max-width: 1700px) 100vw, 1700px\" \/><\/p>","protected":false},"excerpt":{"rendered":"<h3><strong>\u00a0 \u00a0 \u00a0 \u00a0Caracter\u00edsticas del producto:<\/strong><\/h3>\n<p class=\"ds-markdown-paragraph\"><strong>1. One-Handed Operation &amp; 100% Leakproof<\/strong><br \/>\nGet to drinking faster with the 100% Leakproof Chug Cap. A quick half-twist of the TripleHaul Handle is all it takes to open and lock, making it effortless to steal a sip on the move without any spills or slowdowns.<\/p>\n<p class=\"ds-markdown-paragraph\"><strong>2. Advanced Double-Wall Vacuum Insulation<\/strong><br \/>\nEquipped with double-wall vacuum insulation, this bottle keeps cold drinks refreshingly cold and hot drinks perfectly hot. The No-Sweat exterior ensures your hands stay dry and your surfaces remain condensation-free.<\/p>\n<p class=\"ds-markdown-paragraph\"><strong>3. Kitchen-Grade 18\/8 Stainless Steel<\/strong><br \/>\nConstructed from durable, kitchen-grade 18\/8 stainless steel, this bottle is built to last. It&#8217;s entirely resistant to rust and punctures, guaranteeing the purity of your drink&#8217;s taste and long-term durability.<\/p>\n<p class=\"ds-markdown-paragraph\"><strong>4. Top-Rack Dishwasher Safe<\/strong><br \/>\nDesigned for ultimate convenience, the bottle is top-rack dishwasher safe. We believe in high performance without the high maintenance, giving you more time to enjoy your drinks.<\/p>\n<p class=\"ds-markdown-paragraph\"><strong>5. Practical &amp; Cup-Holder Friendly<\/strong><br \/>\nWith compact dimensions of 9.5&#8243; high and a 3&#8243; diameter, this bottle is perfectly sized for your active life. It fits standard cup holders and is ideal for workouts, commuting, or daily adventures. (Note: The Chug Cap is not intended for hot beverages).<\/p>\n<h3><strong><br \/>\nServicios personalizados:<\/strong><\/h3>\n<ul>\n<li><strong>Logotipo y dise\u00f1o:<\/strong> Yeti 18oz Rambler Bottle With Chug Cap custom your brand logo. We can make your logo &amp; design with screen printing, laser engraved, heat transfer, 3D printing, UV printing etc.<\/li>\n<li><strong>Color:<\/strong> Los colores se pueden personalizar seg\u00fan el n\u00famero de color pantone, podemos hacerlo con acabado mate, pintura brillante, recubrimiento en polvo, etc.<\/li>\n<li><strong>Capacidad:<\/strong> We have 18oz, 22oz, 25oz, 32oz, 40oz, 64oz other capacity we can also custom for you.<\/li>\n<li><strong>Tapas: <\/strong>100% Tapa herm\u00e9tica BPA FREE, el color se puede personalizar.<\/li>\n<li><strong>Paquete: <\/strong>Caja de color, caja blanca, caja de regalo, caja de cart\u00f3n marr\u00f3n, caja cil\u00edndrica, etc.<\/li>\n<\/ul>","protected":false},"featured_media":4091,"comment_status":"open","ping_status":"closed","template":"","meta":[],"product_brand":[264],"product_cat":[24],"product_tag":[265,266],"class_list":{"0":"post-4078","1":"product","2":"type-product","3":"status-publish","4":"has-post-thumbnail","6":"product_brand-yeti-18oz-rambler-bottle-with-chug-cap","7":"product_cat-water-bottles","8":"product_tag-yeti-18oz-rambler-bottle-with-chug-cap","9":"product_tag-yeti-insulated-water-bottles","11":"first","12":"instock","13":"shipping-taxable","14":"product-type-simple"},"yoast_head":"<!-- This site is optimized with the Yoast SEO plugin v25.4 - https:\/\/yoast.com\/wordpress\/plugins\/seo\/ -->\n<title>Yeti 18oz Rambler Bottle With Chug Cap<\/title>\n<meta name=\"description\" content=\"Direct OEM Factory for Yeti 18oz Rambler Bottle With Chug Cap, We specialize in bulk orders with reliable insulation. Request your quote!\" \/>\n<meta name=\"robots\" content=\"index, follow, max-snippet:-1, max-image-preview:large, max-video-preview:-1\" \/>\n<link rel=\"canonical\" href=\"https:\/\/customizedwaterbottles.com\/es\/product\/yeti-18oz-rambler-bottle-with-chug-cap\/\" \/>\n<meta property=\"og:locale\" content=\"es_ES\" \/>\n<meta property=\"og:type\" content=\"article\" \/>\n<meta property=\"og:title\" content=\"Yeti 18oz Rambler Bottle With Chug Cap\" \/>\n<meta property=\"og:description\" content=\"Direct OEM Factory for Yeti 18oz Rambler Bottle With Chug Cap, We specialize in bulk orders with reliable insulation. Request your quote!\" \/>\n<meta property=\"og:url\" content=\"https:\/\/customizedwaterbottles.com\/es\/product\/yeti-18oz-rambler-bottle-with-chug-cap\/\" \/>\n<meta property=\"og:site_name\" content=\"iFun\" \/>\n<meta property=\"article:modified_time\" content=\"2025-11-07T07:06:04+00:00\" \/>\n<meta property=\"og:image\" content=\"https:\/\/customizedwaterbottles.com\/wp-content\/uploads\/2025\/11\/yeti-18oz-rambler-bottle-with-straw-cap-12.webp\" \/>\n\t<meta property=\"og:image:width\" content=\"800\" \/>\n\t<meta property=\"og:image:height\" content=\"800\" \/>\n\t<meta property=\"og:image:type\" content=\"image\/webp\" \/>\n<meta name=\"twitter:card\" content=\"summary_large_image\" \/>\n<meta name=\"twitter:label1\" content=\"Tiempo de lectura\" \/>\n\t<meta name=\"twitter:data1\" content=\"3 minutos\" \/>\n<script type=\"application\/ld+json\" class=\"yoast-schema-graph\">{\"@context\":\"https:\/\/schema.org\",\"@graph\":[{\"@type\":\"WebPage\",\"@id\":\"https:\/\/customizedwaterbottles.com\/product\/yeti-18oz-rambler-bottle-with-chug-cap\/\",\"url\":\"https:\/\/customizedwaterbottles.com\/product\/yeti-18oz-rambler-bottle-with-chug-cap\/\",\"name\":\"Yeti 18oz Rambler Bottle With Chug Cap\",\"isPartOf\":{\"@id\":\"https:\/\/customizedwaterbottles.com\/#website\"},\"primaryImageOfPage\":{\"@id\":\"https:\/\/customizedwaterbottles.com\/product\/yeti-18oz-rambler-bottle-with-chug-cap\/#primaryimage\"},\"image\":{\"@id\":\"https:\/\/customizedwaterbottles.com\/product\/yeti-18oz-rambler-bottle-with-chug-cap\/#primaryimage\"},\"thumbnailUrl\":\"https:\/\/customizedwaterbottles.com\/wp-content\/uploads\/2025\/11\/yeti-18oz-rambler-bottle-with-straw-cap-12.webp\",\"datePublished\":\"2025-11-07T06:43:44+00:00\",\"dateModified\":\"2025-11-07T07:06:04+00:00\",\"description\":\"Direct OEM Factory for Yeti 18oz Rambler Bottle With Chug Cap, We specialize in bulk orders with reliable insulation. Request your quote!\",\"breadcrumb\":{\"@id\":\"https:\/\/customizedwaterbottles.com\/product\/yeti-18oz-rambler-bottle-with-chug-cap\/#breadcrumb\"},\"inLanguage\":\"es\",\"potentialAction\":[{\"@type\":\"ReadAction\",\"target\":[\"https:\/\/customizedwaterbottles.com\/product\/yeti-18oz-rambler-bottle-with-chug-cap\/\"]}]},{\"@type\":\"ImageObject\",\"inLanguage\":\"es\",\"@id\":\"https:\/\/customizedwaterbottles.com\/product\/yeti-18oz-rambler-bottle-with-chug-cap\/#primaryimage\",\"url\":\"https:\/\/customizedwaterbottles.com\/wp-content\/uploads\/2025\/11\/yeti-18oz-rambler-bottle-with-straw-cap-12.webp\",\"contentUrl\":\"https:\/\/customizedwaterbottles.com\/wp-content\/uploads\/2025\/11\/yeti-18oz-rambler-bottle-with-straw-cap-12.webp\",\"width\":800,\"height\":800,\"caption\":\"Yeti Rambler water Bottle\"},{\"@type\":\"BreadcrumbList\",\"@id\":\"https:\/\/customizedwaterbottles.com\/product\/yeti-18oz-rambler-bottle-with-chug-cap\/#breadcrumb\",\"itemListElement\":[{\"@type\":\"ListItem\",\"position\":1,\"name\":\"Home\",\"item\":\"https:\/\/customizedwaterbottles.com\/\"},{\"@type\":\"ListItem\",\"position\":2,\"name\":\"Products\",\"item\":\"https:\/\/customizedwaterbottles.com\/wholesale-drinkware-manufacturer-water-bottles-tumblers\/\"},{\"@type\":\"ListItem\",\"position\":3,\"name\":\"Yeti 18oz Rambler Bottle With Chug Cap 1081631W\"}]},{\"@type\":\"WebSite\",\"@id\":\"https:\/\/customizedwaterbottles.com\/#website\",\"url\":\"https:\/\/customizedwaterbottles.com\/\",\"name\":\"iFun\",\"description\":\"Water Bottles Stainless Steel Vacuum Flask\",\"potentialAction\":[{\"@type\":\"SearchAction\",\"target\":{\"@type\":\"EntryPoint\",\"urlTemplate\":\"https:\/\/customizedwaterbottles.com\/?s={search_term_string}\"},\"query-input\":{\"@type\":\"PropertyValueSpecification\",\"valueRequired\":true,\"valueName\":\"search_term_string\"}}],\"inLanguage\":\"es\"}]}<\/script>\n<!-- \/ Yoast SEO plugin. -->","yoast_head_json":{"title":"Yeti 18oz Rambler Bottle With Chug Cap","description":"Direct OEM Factory for Yeti 18oz Rambler Bottle With Chug Cap, We specialize in bulk orders with reliable insulation. Request your quote!","robots":{"index":"index","follow":"follow","max-snippet":"max-snippet:-1","max-image-preview":"max-image-preview:large","max-video-preview":"max-video-preview:-1"},"canonical":"https:\/\/customizedwaterbottles.com\/es\/product\/yeti-18oz-rambler-bottle-with-chug-cap\/","og_locale":"es_ES","og_type":"article","og_title":"Yeti 18oz Rambler Bottle With Chug Cap","og_description":"Direct OEM Factory for Yeti 18oz Rambler Bottle With Chug Cap, We specialize in bulk orders with reliable insulation. Request your quote!","og_url":"https:\/\/customizedwaterbottles.com\/es\/product\/yeti-18oz-rambler-bottle-with-chug-cap\/","og_site_name":"iFun","article_modified_time":"2025-11-07T07:06:04+00:00","og_image":[{"width":800,"height":800,"url":"https:\/\/customizedwaterbottles.com\/wp-content\/uploads\/2025\/11\/yeti-18oz-rambler-bottle-with-straw-cap-12.webp","type":"image\/webp"}],"twitter_card":"summary_large_image","twitter_misc":{"Tiempo de lectura":"3 minutos"},"schema":{"@context":"https:\/\/schema.org","@graph":[{"@type":"WebPage","@id":"https:\/\/customizedwaterbottles.com\/product\/yeti-18oz-rambler-bottle-with-chug-cap\/","url":"https:\/\/customizedwaterbottles.com\/product\/yeti-18oz-rambler-bottle-with-chug-cap\/","name":"Yeti 18oz Rambler Bottle With Chug Cap","isPartOf":{"@id":"https:\/\/customizedwaterbottles.com\/#website"},"primaryImageOfPage":{"@id":"https:\/\/customizedwaterbottles.com\/product\/yeti-18oz-rambler-bottle-with-chug-cap\/#primaryimage"},"image":{"@id":"https:\/\/customizedwaterbottles.com\/product\/yeti-18oz-rambler-bottle-with-chug-cap\/#primaryimage"},"thumbnailUrl":"https:\/\/customizedwaterbottles.com\/wp-content\/uploads\/2025\/11\/yeti-18oz-rambler-bottle-with-straw-cap-12.webp","datePublished":"2025-11-07T06:43:44+00:00","dateModified":"2025-11-07T07:06:04+00:00","description":"Direct OEM Factory for Yeti 18oz Rambler Bottle With Chug Cap, We specialize in bulk orders with reliable insulation. Request your quote!","breadcrumb":{"@id":"https:\/\/customizedwaterbottles.com\/product\/yeti-18oz-rambler-bottle-with-chug-cap\/#breadcrumb"},"inLanguage":"es","potentialAction":[{"@type":"ReadAction","target":["https:\/\/customizedwaterbottles.com\/product\/yeti-18oz-rambler-bottle-with-chug-cap\/"]}]},{"@type":"ImageObject","inLanguage":"es","@id":"https:\/\/customizedwaterbottles.com\/product\/yeti-18oz-rambler-bottle-with-chug-cap\/#primaryimage","url":"https:\/\/customizedwaterbottles.com\/wp-content\/uploads\/2025\/11\/yeti-18oz-rambler-bottle-with-straw-cap-12.webp","contentUrl":"https:\/\/customizedwaterbottles.com\/wp-content\/uploads\/2025\/11\/yeti-18oz-rambler-bottle-with-straw-cap-12.webp","width":800,"height":800,"caption":"Yeti Rambler water Bottle"},{"@type":"BreadcrumbList","@id":"https:\/\/customizedwaterbottles.com\/product\/yeti-18oz-rambler-bottle-with-chug-cap\/#breadcrumb","itemListElement":[{"@type":"ListItem","position":1,"name":"Home","item":"https:\/\/customizedwaterbottles.com\/"},{"@type":"ListItem","position":2,"name":"Products","item":"https:\/\/customizedwaterbottles.com\/wholesale-drinkware-manufacturer-water-bottles-tumblers\/"},{"@type":"ListItem","position":3,"name":"Yeti 18oz Rambler Bottle With Chug Cap 1081631W"}]},{"@type":"WebSite","@id":"https:\/\/customizedwaterbottles.com\/#website","url":"https:\/\/customizedwaterbottles.com\/","name":"iFun","description":"Water Bottles Stainless Steel Vacuum Flask","potentialAction":[{"@type":"SearchAction","target":{"@type":"EntryPoint","urlTemplate":"https:\/\/customizedwaterbottles.com\/?s={search_term_string}"},"query-input":{"@type":"PropertyValueSpecification","valueRequired":true,"valueName":"search_term_string"}}],"inLanguage":"es"}]}},"_links":{"self":[{"href":"https:\/\/customizedwaterbottles.com\/es\/wp-json\/wp\/v2\/product\/4078","targetHints":{"allow":["GET"]}}],"collection":[{"href":"https:\/\/customizedwaterbottles.com\/es\/wp-json\/wp\/v2\/product"}],"about":[{"href":"https:\/\/customizedwaterbottles.com\/es\/wp-json\/wp\/v2\/types\/product"}],"replies":[{"embeddable":true,"href":"https:\/\/customizedwaterbottles.com\/es\/wp-json\/wp\/v2\/comments?post=4078"}],"wp:featuredmedia":[{"embeddable":true,"href":"https:\/\/customizedwaterbottles.com\/es\/wp-json\/wp\/v2\/media\/4091"}],"wp:attachment":[{"href":"https:\/\/customizedwaterbottles.com\/es\/wp-json\/wp\/v2\/media?parent=4078"}],"wp:term":[{"taxonomy":"product_brand","embeddable":true,"href":"https:\/\/customizedwaterbottles.com\/es\/wp-json\/wp\/v2\/product_brand?post=4078"},{"taxonomy":"product_cat","embeddable":true,"href":"https:\/\/customizedwaterbottles.com\/es\/wp-json\/wp\/v2\/product_cat?post=4078"},{"taxonomy":"product_tag","embeddable":true,"href":"https:\/\/customizedwaterbottles.com\/es\/wp-json\/wp\/v2\/product_tag?post=4078"}],"curies":[{"name":"wp","href":"https:\/\/api.w.org\/{rel}","templated":true}]}}