{"id":4107,"date":"2025-11-13T02:18:04","date_gmt":"2025-11-13T02:18:04","guid":{"rendered":"https:\/\/customizedwaterbottles.com\/?post_type=product&#038;p=4107"},"modified":"2025-11-13T03:42:12","modified_gmt":"2025-11-13T03:42:12","slug":"high-borosilicate-glass-protein-powder-shaker-bottles-with-silicone-sleeve","status":"publish","type":"product","link":"https:\/\/customizedwaterbottles.com\/es\/product\/high-borosilicate-glass-protein-powder-shaker-bottles-with-silicone-sleeve\/","title":{"rendered":"Frascos Agitadores de Prote\u00ednas en Polvo de Vidrio de Borosilicato con Funda de Silicona 1081601G"},"content":{"rendered":"<p><strong>\u00a0 \u00a0 \u00a0 Nombre de producto\uff1aBotellas de cristal de borosilicato altas de la coctelera del polvo de la prote\u00edna con la manga del silic\u00f3n.<\/strong><strong><br \/>\n<\/strong><strong>\u00a0 \u00a0 \u00a0 Capacidad\uff1a<\/strong><span style=\"color: #000000;\">400 ml, 500 ml, 600 ml, 700 ml, 1000 ml<\/span><br \/>\n<strong>\u00a0 \u00a0 \u00a0 Material\uff1a<\/strong>Vidrio de borosilicato de alta<br \/>\n<strong>\u00a0 \u00a0 \u00a0 Color\uff1a<\/strong>Personalizado seg\u00fan el n\u00famero de color Pantone<br \/>\n<strong>\u00a0 \u00a0 \u00a0 Logotipo\uff1a<\/strong>Serigraf\u00eda, impresi\u00f3n por transferencia t\u00e9rmica, transferencia por agua, etc.<br \/>\n<strong>\u00a0 \u00a0 \u00a0 MOQ\uff1a<\/strong>100 unidades<br \/>\n<strong>\u00a0 \u00a0 \u00a0 Tiempo de muestreo\uff1a<\/strong>3-7 d\u00edas para dise\u00f1os personalizados<br \/>\n<strong>\u00a0 \u00a0 \u00a0 Certificaci\u00f3n\uff1a<\/strong>FDA, LFGB<br \/>\n<strong>\u00a0 \u00a0 \u00a0 Embalaje<\/strong>\uff1aCaja blanca, caja de color o caja de dise\u00f1o personalizado.<br \/>\n<strong>\u00a0 \u00a0 \u00a0 Capacidad de producci\u00f3n\uff1a<\/strong>500.000 unidades al mes<br \/>\n<strong>\u00a0 \u00a0 \u00a0 Plazo de entrega\uff1a<\/strong>5-35 d\u00edas para cantidades inferiores a 20.000 unidades<\/p>\n<h2><strong>Por qu\u00e9 elegir los biberones de vidrio para prote\u00ednas de Ifun<\/strong><strong>\uff1f<\/strong><\/h2>\n<ol>\n<li><strong>Calidad y seguridad certificadas<\/strong><br \/>\nNuestros agitadores y vasos de cristal cumplen las normas internacionales (CE, FDA, CA65\/Prop65, LFGB), lo que garantiza productos sin BPA, duraderos y seguros para sus clientes.<\/li>\n<li><strong style=\"color: #555555;\">\u00a0Destaque con dise\u00f1os personalizados<br \/>\n<\/strong>Su marca merece una vajilla \u00fanica que llame la atenci\u00f3n. Con los dise\u00f1os elegantes y personalizables de Anhui iFun, sus botellas agitadoras de vidrio reflejar\u00e1n la identidad de su marca y le ayudar\u00e1n a destacar en un mercado competitivo.<\/li>\n<li><strong style=\"color: #555555;\">Riguroso control de calidad<br \/>\n<\/strong>La calidad est\u00e1 en el centro de nuestro proceso de fabricaci\u00f3n. Nuestro dedicado equipo de inspectores garantiza que cada botella agitadora de vidrio cumpla unas estrictas normas antes de llegar a sus clientes de todo el mundo.<\/li>\n<li><strong style=\"color: #555555;\">Proteger su marca y sus ideas<br \/>\n<\/strong>Respetamos la propiedad intelectual y la confidencialidad. Si es necesario, estaremos encantados de firmar acuerdos NDA o NNN para salvaguardar sus dise\u00f1os OEM\/ODM.<\/li>\n<li><strong style=\"color: #555555;\">Producci\u00f3n eficiente y automatizada<br \/>\n<\/strong>Especializados en la fabricaci\u00f3n de vasos, utilizamos l\u00edneas de producci\u00f3n avanzadas y tecnolog\u00edas de Industria 4.0 para ofrecer productos rentables y de alta calidad con precios competitivos.<\/li>\n<li><strong style=\"color: #555555;\">Experiencia OEM\/ODM<br \/>\n<\/strong>Nuestros experimentados ingenieros, con m\u00e1s de 20 a\u00f1os de experiencia en la fabricaci\u00f3n de bebidas, pueden transformar sus ideas en botellas agitadoras de vidrio listas para el mercado, ayud\u00e1ndole a crear superventas.<\/li>\n<li><strong style=\"color: #555555;\">Servicios completos de personalizaci\u00f3n<br \/>\n<\/strong>Desde el moldeo hasta el envasado, ofrecemos una personalizaci\u00f3n integral para satisfacer las necesidades de su marca:<br \/>\n<strong style=\"color: #555555;\">Moldeo a medida<\/strong><span style=\"color: #555555;\"> - <\/span><a href=\"https:\/\/customizedwaterbottles.com\/es\/custom-water-bottle-mold-maker-bpa-free-vacuum-flask-oem\/\" target=\"_blank\" rel=\"noopener\">https:\/\/customizedwaterbottles.com\/custom-water-bottle-mold-maker-bpa-free-vacuum-flask-oem\/<\/a><br \/>\n<strong style=\"color: #555555;\">Decoraci\u00f3n a medida<\/strong><span style=\"color: #555555;\"> -<\/span><a href=\"https:\/\/customizedwaterbottles.com\/es\/graphic-design-water-bottles-custom-stainless-steel-oem\/\" target=\"_blank\" rel=\"noopener\"> https:\/\/customizedwaterbottles.com\/graphic-design-water-bottles-custom-stainless-steel-oem\/<\/a><br \/>\n<strong style=\"color: #555555;\">Logotipos y embalajes personalizados<\/strong><span style=\"color: #555555;\"> - <\/span><a href=\"https:\/\/customizedwaterbottles.com\/es\/wholesale-custom-packaging-for-water-bottles-tumblers\/\" target=\"_blank\" rel=\"noopener\">https:\/\/customizedwaterbottles.com\/wholesale-custom-packaging-for-water-bottles-tumblers\/<\/a><br \/>\n<strong style=\"color: #555555;\">Regalo personalizado<\/strong><span style=\"color: #555555;\"> - <\/span><a href=\"https:\/\/customizedwaterbottles.com\/es\/promotional-drinkware-for-businesses-custom-branded-gifts\/\" target=\"_blank\" rel=\"noopener\">https:\/\/customizedwaterbottles.com\/promotional-drinkware-for-businesses-custom-branded-gifts\/<\/a><\/li>\n<\/ol>\n[post-link-list]\n<p><img decoding=\"async\" class=\"alignnone size-medium wp-image-4117\" src=\"https:\/\/customizedwaterbottles.com\/wp-content\/uploads\/2025\/11\/glass-shaker-bottles-6-1.webp\" alt=\"\" width=\"800\" height=\"800\" srcset=\"https:\/\/customizedwaterbottles.com\/wp-content\/uploads\/2025\/11\/glass-shaker-bottles-6-1.webp 800w, https:\/\/customizedwaterbottles.com\/wp-content\/uploads\/2025\/11\/glass-shaker-bottles-6-1-768x768.webp 768w, https:\/\/customizedwaterbottles.com\/wp-content\/uploads\/2025\/11\/glass-shaker-bottles-6-1-300x300.webp 300w, https:\/\/customizedwaterbottles.com\/wp-content\/uploads\/2025\/11\/glass-shaker-bottles-6-1-600x600.webp 600w, https:\/\/customizedwaterbottles.com\/wp-content\/uploads\/2025\/11\/glass-shaker-bottles-6-1-100x100.webp 100w\" sizes=\"(max-width: 800px) 100vw, 800px\" \/> <img decoding=\"async\" class=\"alignnone size-medium wp-image-4118\" src=\"https:\/\/customizedwaterbottles.com\/wp-content\/uploads\/2025\/11\/glass-shaker-bottles-7.webp\" alt=\"\" width=\"800\" height=\"800\" srcset=\"https:\/\/customizedwaterbottles.com\/wp-content\/uploads\/2025\/11\/glass-shaker-bottles-7.webp 800w, https:\/\/customizedwaterbottles.com\/wp-content\/uploads\/2025\/11\/glass-shaker-bottles-7-768x768.webp 768w, https:\/\/customizedwaterbottles.com\/wp-content\/uploads\/2025\/11\/glass-shaker-bottles-7-300x300.webp 300w, https:\/\/customizedwaterbottles.com\/wp-content\/uploads\/2025\/11\/glass-shaker-bottles-7-600x600.webp 600w, https:\/\/customizedwaterbottles.com\/wp-content\/uploads\/2025\/11\/glass-shaker-bottles-7-100x100.webp 100w\" sizes=\"(max-width: 800px) 100vw, 800px\" \/> <img decoding=\"async\" class=\"alignnone size-medium wp-image-4119\" src=\"https:\/\/customizedwaterbottles.com\/wp-content\/uploads\/2025\/11\/glass-shaker-bottles-8.webp\" alt=\"\" width=\"800\" height=\"800\" srcset=\"https:\/\/customizedwaterbottles.com\/wp-content\/uploads\/2025\/11\/glass-shaker-bottles-8.webp 800w, https:\/\/customizedwaterbottles.com\/wp-content\/uploads\/2025\/11\/glass-shaker-bottles-8-768x768.webp 768w, https:\/\/customizedwaterbottles.com\/wp-content\/uploads\/2025\/11\/glass-shaker-bottles-8-300x300.webp 300w, https:\/\/customizedwaterbottles.com\/wp-content\/uploads\/2025\/11\/glass-shaker-bottles-8-600x600.webp 600w, https:\/\/customizedwaterbottles.com\/wp-content\/uploads\/2025\/11\/glass-shaker-bottles-8-100x100.webp 100w\" sizes=\"(max-width: 800px) 100vw, 800px\" \/><\/p>\n<p><img decoding=\"async\" class=\"alignnone size-full wp-image-4034\" src=\"https:\/\/customizedwaterbottles.com\/wp-content\/uploads\/2025\/10\/hydro-flask-china-manufacturer-.webp\" alt=\"\" width=\"800\" height=\"966\" srcset=\"https:\/\/customizedwaterbottles.com\/wp-content\/uploads\/2025\/10\/hydro-flask-china-manufacturer-.webp 800w, https:\/\/customizedwaterbottles.com\/wp-content\/uploads\/2025\/10\/hydro-flask-china-manufacturer--768x927.webp 768w, https:\/\/customizedwaterbottles.com\/wp-content\/uploads\/2025\/10\/hydro-flask-china-manufacturer--600x725.webp 600w\" sizes=\"(max-width: 800px) 100vw, 800px\" \/><img decoding=\"async\" class=\"alignnone size-full wp-image-4120\" src=\"https:\/\/customizedwaterbottles.com\/wp-content\/uploads\/2025\/11\/custom-water-bottle-workshop.webp\" alt=\"\" width=\"1690\" height=\"1847\" srcset=\"https:\/\/customizedwaterbottles.com\/wp-content\/uploads\/2025\/11\/custom-water-bottle-workshop.webp 1690w, https:\/\/customizedwaterbottles.com\/wp-content\/uploads\/2025\/11\/custom-water-bottle-workshop-937x1024.webp 937w, https:\/\/customizedwaterbottles.com\/wp-content\/uploads\/2025\/11\/custom-water-bottle-workshop-768x839.webp 768w, https:\/\/customizedwaterbottles.com\/wp-content\/uploads\/2025\/11\/custom-water-bottle-workshop-1405x1536.webp 1405w, https:\/\/customizedwaterbottles.com\/wp-content\/uploads\/2025\/11\/custom-water-bottle-workshop-600x656.webp 600w\" sizes=\"(max-width: 1690px) 100vw, 1690px\" \/><\/p>","protected":false},"excerpt":{"rendered":"<h3><span style=\"color: #000000;\"><strong>Caracter\u00edsticas del producto:<\/strong><\/span><\/h3>\n<div class=\"dad65929\">\n<div class=\"_4f9bf79 d7dc56a8 _43c05b5\">\n<div class=\"ds-message _63c77b1\">\n<div class=\"ds-markdown\">\n<p class=\"ds-markdown-paragraph\"><span style=\"color: #000000;\"><strong>1. Material de vidrio de borosilicato de alta calidad<\/strong><\/span><br \/>\n<span style=\"color: #000000;\">Estas botellas agitadoras de vidrio est\u00e1n fabricadas con vidrio de borosilicato duradero, conocido por su gran resistencia al calor, al fr\u00edo y a los cambios bruscos de temperatura. A diferencia de las botellas de pl\u00e1stico, este material no desprende olores y es resistente a las manchas, por lo que sus bebidas siempre tendr\u00e1n un sabor fresco y puro.<\/span><\/p>\n<p class=\"ds-markdown-paragraph\"><span style=\"color: #000000;\"><strong>2. Dise\u00f1o de funda protectora de silicona<br data-start=\"494\" data-end=\"497\" \/><\/strong>Cada botella viene con una funda de silicona antideslizante y amortiguadora que proporciona agarre y protecci\u00f3n adicionales. La funda no solo aporta un aspecto elegante, sino que tambi\u00e9n evita grietas o ara\u00f1azos, por lo que estas botellas agitadoras de cristal son ideales tanto para el gimnasio como para el uso diario.<\/span><\/p>\n<p class=\"ds-markdown-paragraph\"><span style=\"color: #000000;\"><strong>3.Tapa herm\u00e9tica y segura<br data-start=\"792\" data-end=\"795\" \/><\/strong>La botella mezcladora tiene una tapa herm\u00e9tica sin BPA con un pico abatible para beber f\u00e1cilmente. Su dise\u00f1o a prueba de fugas garantiza que no se produzcan derrames en la bolsa del gimnasio o en el coche, ofreciendo una experiencia de hidrataci\u00f3n sin preocupaciones all\u00e1 donde vayas.<\/span><\/p>\n<p class=\"ds-markdown-paragraph\"><span style=\"color: #000000;\"><strong>4. F\u00e1cil de limpiar y apto para lavavajillas<\/strong><\/span><br \/>\n<span style=\"color: #000000;\">Fabricadas en vidrio de alta calidad y silicona alimentaria, estas botellas son f\u00e1ciles de limpiar a mano o en el lavavajillas. La superficie lisa de <em data-start=\"1205\" data-end=\"1227\" data-is-only-node=\"\">botellas agitadoras de cristal<\/em> evita la acumulaci\u00f3n de residuos de prote\u00ednas en polvo o batidos, manteniendo la higiene a largo plazo.<\/span><\/p>\n<p class=\"ds-markdown-paragraph\"><span style=\"color: #000000;\"><strong>5. Elecci\u00f3n ecol\u00f3gica y reutilizable<\/strong><\/span><br \/>\n<span style=\"color: #000000;\">Elegir botellas agitadoras de vidrio ayuda a reducir los residuos de pl\u00e1stico y contribuye a un estilo de vida sostenible. El dise\u00f1o reutilizable garantiza durabilidad y un uso prolongado, perfecto para los consumidores con conciencia ecol\u00f3gica que valoran tanto la funcionalidad como la responsabilidad medioambiental.<\/span><\/p>\n<\/div>\n<\/div>\n<div class=\"ds-flex _0a3d93b\">\n<div class=\"ds-flex _965abe9 _54866f7\">\n<div class=\"ds-icon-button db183363\" tabindex=\"-1\" role=\"button\" aria-disabled=\"false\">\n<div class=\"ds-icon\"><span style=\"color: #000000;\"><strong style=\"font-size: 20.16px;\">Servicios personalizados:<\/strong><\/span><\/div>\n<\/div>\n<\/div>\n<\/div>\n<\/div>\n<\/div>\n<ul>\n<li><span style=\"color: #000000;\"><strong>Logotipo y dise\u00f1o:<\/strong> Podemos realizar su logotipo y dise\u00f1o con serigraf\u00eda, transferencia t\u00e9rmica, impresi\u00f3n 3D, impresi\u00f3n UV, etc.<\/span><\/li>\n<li><span style=\"color: #000000;\"><strong>Color:<\/strong> Los colores pueden personalizarse seg\u00fan el n\u00famero de color pantone.<\/span><\/li>\n<li><span style=\"color: #000000;\"><strong>Capacidad:<\/strong> Tenemos 400ml, 500ml, 600ml, 700ml, 1000ml, otra capacidad tambi\u00e9n podemos personalizar para usted.<\/span><\/li>\n<li><span style=\"color: #000000;\"><strong>Tapas: <\/strong>100% Tapa herm\u00e9tica BPA FREE, el color se puede personalizar.<\/span><\/li>\n<li><span style=\"color: #000000;\"><strong>Paquete: <\/strong>Caja de color, caja blanca, caja de regalo, caja de cart\u00f3n marr\u00f3n, caja cil\u00edndrica, etc.<\/span><\/li>\n<\/ul>","protected":false},"featured_media":4108,"comment_status":"open","ping_status":"closed","template":"","meta":[],"product_brand":[267],"product_cat":[35,25],"product_tag":[252,270,51],"class_list":{"0":"post-4107","1":"product","2":"type-product","3":"status-publish","4":"has-post-thumbnail","6":"product_brand-large-capacity-vacuum-insulated-camping-kettle-ice-bucket-tumbler","7":"product_cat-glass-water-bottles","8":"product_cat-protein-shaker-bottles","9":"product_tag-blender-bottles","10":"product_tag-glass-bottles","11":"product_tag-protein-shaker-bottles","13":"first","14":"instock","15":"shipping-taxable","16":"product-type-simple"},"yoast_head":"<!-- This site is optimized with the Yoast SEO plugin v25.4 - https:\/\/yoast.com\/wordpress\/plugins\/seo\/ -->\n<title>High Borosilicate Glass Protein Powder Shaker Bottles With Silicone Sleeve<\/title>\n<meta name=\"description\" content=\"Customized high quality high borosilicate glass shaker bottles, fashion design with logo printed. Contact us for OEM services.\" \/>\n<meta name=\"robots\" content=\"index, follow, max-snippet:-1, max-image-preview:large, max-video-preview:-1\" \/>\n<link rel=\"canonical\" href=\"https:\/\/customizedwaterbottles.com\/es\/product\/high-borosilicate-glass-protein-powder-shaker-bottles-with-silicone-sleeve\/\" \/>\n<meta property=\"og:locale\" content=\"es_ES\" \/>\n<meta property=\"og:type\" content=\"article\" \/>\n<meta property=\"og:title\" content=\"High Borosilicate Glass Protein Powder Shaker Bottles With Silicone Sleeve\" \/>\n<meta property=\"og:description\" content=\"Customized high quality high borosilicate glass shaker bottles, fashion design with logo printed. Contact us for OEM services.\" \/>\n<meta property=\"og:url\" content=\"https:\/\/customizedwaterbottles.com\/es\/product\/high-borosilicate-glass-protein-powder-shaker-bottles-with-silicone-sleeve\/\" \/>\n<meta property=\"og:site_name\" content=\"iFun\" \/>\n<meta property=\"article:modified_time\" content=\"2025-11-13T03:42:12+00:00\" \/>\n<meta property=\"og:image\" content=\"https:\/\/customizedwaterbottles.com\/wp-content\/uploads\/2025\/11\/glass-shaker-bottles-1.webp\" \/>\n\t<meta property=\"og:image:width\" content=\"1200\" \/>\n\t<meta property=\"og:image:height\" content=\"1200\" \/>\n\t<meta property=\"og:image:type\" content=\"image\/webp\" \/>\n<meta name=\"twitter:card\" content=\"summary_large_image\" \/>\n<meta name=\"twitter:label1\" content=\"Tiempo de lectura\" \/>\n\t<meta name=\"twitter:data1\" content=\"3 minutos\" \/>\n<script type=\"application\/ld+json\" class=\"yoast-schema-graph\">{\"@context\":\"https:\/\/schema.org\",\"@graph\":[{\"@type\":\"WebPage\",\"@id\":\"https:\/\/customizedwaterbottles.com\/product\/high-borosilicate-glass-protein-powder-shaker-bottles-with-silicone-sleeve\/\",\"url\":\"https:\/\/customizedwaterbottles.com\/product\/high-borosilicate-glass-protein-powder-shaker-bottles-with-silicone-sleeve\/\",\"name\":\"High Borosilicate Glass Protein Powder Shaker Bottles With Silicone Sleeve\",\"isPartOf\":{\"@id\":\"https:\/\/customizedwaterbottles.com\/#website\"},\"primaryImageOfPage\":{\"@id\":\"https:\/\/customizedwaterbottles.com\/product\/high-borosilicate-glass-protein-powder-shaker-bottles-with-silicone-sleeve\/#primaryimage\"},\"image\":{\"@id\":\"https:\/\/customizedwaterbottles.com\/product\/high-borosilicate-glass-protein-powder-shaker-bottles-with-silicone-sleeve\/#primaryimage\"},\"thumbnailUrl\":\"https:\/\/customizedwaterbottles.com\/wp-content\/uploads\/2025\/11\/glass-shaker-bottles-1.webp\",\"datePublished\":\"2025-11-13T02:18:04+00:00\",\"dateModified\":\"2025-11-13T03:42:12+00:00\",\"description\":\"Customized high quality high borosilicate glass shaker bottles, fashion design with logo printed. Contact us for OEM services.\",\"breadcrumb\":{\"@id\":\"https:\/\/customizedwaterbottles.com\/product\/high-borosilicate-glass-protein-powder-shaker-bottles-with-silicone-sleeve\/#breadcrumb\"},\"inLanguage\":\"es\",\"potentialAction\":[{\"@type\":\"ReadAction\",\"target\":[\"https:\/\/customizedwaterbottles.com\/product\/high-borosilicate-glass-protein-powder-shaker-bottles-with-silicone-sleeve\/\"]}]},{\"@type\":\"ImageObject\",\"inLanguage\":\"es\",\"@id\":\"https:\/\/customizedwaterbottles.com\/product\/high-borosilicate-glass-protein-powder-shaker-bottles-with-silicone-sleeve\/#primaryimage\",\"url\":\"https:\/\/customizedwaterbottles.com\/wp-content\/uploads\/2025\/11\/glass-shaker-bottles-1.webp\",\"contentUrl\":\"https:\/\/customizedwaterbottles.com\/wp-content\/uploads\/2025\/11\/glass-shaker-bottles-1.webp\",\"width\":1200,\"height\":1200,\"caption\":\"glass shaker bottles\"},{\"@type\":\"BreadcrumbList\",\"@id\":\"https:\/\/customizedwaterbottles.com\/product\/high-borosilicate-glass-protein-powder-shaker-bottles-with-silicone-sleeve\/#breadcrumb\",\"itemListElement\":[{\"@type\":\"ListItem\",\"position\":1,\"name\":\"Home\",\"item\":\"https:\/\/customizedwaterbottles.com\/\"},{\"@type\":\"ListItem\",\"position\":2,\"name\":\"Products\",\"item\":\"https:\/\/customizedwaterbottles.com\/wholesale-drinkware-manufacturer-water-bottles-tumblers\/\"},{\"@type\":\"ListItem\",\"position\":3,\"name\":\"High Borosilicate Glass Protein Powder Shaker Bottles With Silicone Sleeve 1081601G\"}]},{\"@type\":\"WebSite\",\"@id\":\"https:\/\/customizedwaterbottles.com\/#website\",\"url\":\"https:\/\/customizedwaterbottles.com\/\",\"name\":\"iFun\",\"description\":\"Water Bottles Stainless Steel Vacuum Flask\",\"potentialAction\":[{\"@type\":\"SearchAction\",\"target\":{\"@type\":\"EntryPoint\",\"urlTemplate\":\"https:\/\/customizedwaterbottles.com\/?s={search_term_string}\"},\"query-input\":{\"@type\":\"PropertyValueSpecification\",\"valueRequired\":true,\"valueName\":\"search_term_string\"}}],\"inLanguage\":\"es\"}]}<\/script>\n<!-- \/ Yoast SEO plugin. -->","yoast_head_json":{"title":"High Borosilicate Glass Protein Powder Shaker Bottles With Silicone Sleeve","description":"Customized high quality high borosilicate glass shaker bottles, fashion design with logo printed. Contact us for OEM services.","robots":{"index":"index","follow":"follow","max-snippet":"max-snippet:-1","max-image-preview":"max-image-preview:large","max-video-preview":"max-video-preview:-1"},"canonical":"https:\/\/customizedwaterbottles.com\/es\/product\/high-borosilicate-glass-protein-powder-shaker-bottles-with-silicone-sleeve\/","og_locale":"es_ES","og_type":"article","og_title":"High Borosilicate Glass Protein Powder Shaker Bottles With Silicone Sleeve","og_description":"Customized high quality high borosilicate glass shaker bottles, fashion design with logo printed. Contact us for OEM services.","og_url":"https:\/\/customizedwaterbottles.com\/es\/product\/high-borosilicate-glass-protein-powder-shaker-bottles-with-silicone-sleeve\/","og_site_name":"iFun","article_modified_time":"2025-11-13T03:42:12+00:00","og_image":[{"width":1200,"height":1200,"url":"https:\/\/customizedwaterbottles.com\/wp-content\/uploads\/2025\/11\/glass-shaker-bottles-1.webp","type":"image\/webp"}],"twitter_card":"summary_large_image","twitter_misc":{"Tiempo de lectura":"3 minutos"},"schema":{"@context":"https:\/\/schema.org","@graph":[{"@type":"WebPage","@id":"https:\/\/customizedwaterbottles.com\/product\/high-borosilicate-glass-protein-powder-shaker-bottles-with-silicone-sleeve\/","url":"https:\/\/customizedwaterbottles.com\/product\/high-borosilicate-glass-protein-powder-shaker-bottles-with-silicone-sleeve\/","name":"High Borosilicate Glass Protein Powder Shaker Bottles With Silicone Sleeve","isPartOf":{"@id":"https:\/\/customizedwaterbottles.com\/#website"},"primaryImageOfPage":{"@id":"https:\/\/customizedwaterbottles.com\/product\/high-borosilicate-glass-protein-powder-shaker-bottles-with-silicone-sleeve\/#primaryimage"},"image":{"@id":"https:\/\/customizedwaterbottles.com\/product\/high-borosilicate-glass-protein-powder-shaker-bottles-with-silicone-sleeve\/#primaryimage"},"thumbnailUrl":"https:\/\/customizedwaterbottles.com\/wp-content\/uploads\/2025\/11\/glass-shaker-bottles-1.webp","datePublished":"2025-11-13T02:18:04+00:00","dateModified":"2025-11-13T03:42:12+00:00","description":"Customized high quality high borosilicate glass shaker bottles, fashion design with logo printed. Contact us for OEM services.","breadcrumb":{"@id":"https:\/\/customizedwaterbottles.com\/product\/high-borosilicate-glass-protein-powder-shaker-bottles-with-silicone-sleeve\/#breadcrumb"},"inLanguage":"es","potentialAction":[{"@type":"ReadAction","target":["https:\/\/customizedwaterbottles.com\/product\/high-borosilicate-glass-protein-powder-shaker-bottles-with-silicone-sleeve\/"]}]},{"@type":"ImageObject","inLanguage":"es","@id":"https:\/\/customizedwaterbottles.com\/product\/high-borosilicate-glass-protein-powder-shaker-bottles-with-silicone-sleeve\/#primaryimage","url":"https:\/\/customizedwaterbottles.com\/wp-content\/uploads\/2025\/11\/glass-shaker-bottles-1.webp","contentUrl":"https:\/\/customizedwaterbottles.com\/wp-content\/uploads\/2025\/11\/glass-shaker-bottles-1.webp","width":1200,"height":1200,"caption":"glass shaker bottles"},{"@type":"BreadcrumbList","@id":"https:\/\/customizedwaterbottles.com\/product\/high-borosilicate-glass-protein-powder-shaker-bottles-with-silicone-sleeve\/#breadcrumb","itemListElement":[{"@type":"ListItem","position":1,"name":"Home","item":"https:\/\/customizedwaterbottles.com\/"},{"@type":"ListItem","position":2,"name":"Products","item":"https:\/\/customizedwaterbottles.com\/wholesale-drinkware-manufacturer-water-bottles-tumblers\/"},{"@type":"ListItem","position":3,"name":"High Borosilicate Glass Protein Powder Shaker Bottles With Silicone Sleeve 1081601G"}]},{"@type":"WebSite","@id":"https:\/\/customizedwaterbottles.com\/#website","url":"https:\/\/customizedwaterbottles.com\/","name":"iFun","description":"Water Bottles Stainless Steel Vacuum Flask","potentialAction":[{"@type":"SearchAction","target":{"@type":"EntryPoint","urlTemplate":"https:\/\/customizedwaterbottles.com\/?s={search_term_string}"},"query-input":{"@type":"PropertyValueSpecification","valueRequired":true,"valueName":"search_term_string"}}],"inLanguage":"es"}]}},"_links":{"self":[{"href":"https:\/\/customizedwaterbottles.com\/es\/wp-json\/wp\/v2\/product\/4107","targetHints":{"allow":["GET"]}}],"collection":[{"href":"https:\/\/customizedwaterbottles.com\/es\/wp-json\/wp\/v2\/product"}],"about":[{"href":"https:\/\/customizedwaterbottles.com\/es\/wp-json\/wp\/v2\/types\/product"}],"replies":[{"embeddable":true,"href":"https:\/\/customizedwaterbottles.com\/es\/wp-json\/wp\/v2\/comments?post=4107"}],"wp:featuredmedia":[{"embeddable":true,"href":"https:\/\/customizedwaterbottles.com\/es\/wp-json\/wp\/v2\/media\/4108"}],"wp:attachment":[{"href":"https:\/\/customizedwaterbottles.com\/es\/wp-json\/wp\/v2\/media?parent=4107"}],"wp:term":[{"taxonomy":"product_brand","embeddable":true,"href":"https:\/\/customizedwaterbottles.com\/es\/wp-json\/wp\/v2\/product_brand?post=4107"},{"taxonomy":"product_cat","embeddable":true,"href":"https:\/\/customizedwaterbottles.com\/es\/wp-json\/wp\/v2\/product_cat?post=4107"},{"taxonomy":"product_tag","embeddable":true,"href":"https:\/\/customizedwaterbottles.com\/es\/wp-json\/wp\/v2\/product_tag?post=4107"}],"curies":[{"name":"wp","href":"https:\/\/api.w.org\/{rel}","templated":true}]}}