{"id":4131,"date":"2025-11-13T03:34:22","date_gmt":"2025-11-13T03:34:22","guid":{"rendered":"https:\/\/customizedwaterbottles.com\/?post_type=product&#038;p=4131"},"modified":"2025-11-13T05:42:52","modified_gmt":"2025-11-13T05:42:52","slug":"stylish-quality-customized-glass-water-bottles-with-motivational-marker","status":"publish","type":"product","link":"https:\/\/customizedwaterbottles.com\/es\/product\/stylish-quality-customized-glass-water-bottles-with-motivational-marker\/","title":{"rendered":"Botellas de agua de cristal personalizadas de alta calidad con marcador de motivaci\u00f3n 1081603G"},"content":{"rendered":"<p><span style=\"color: #000000;\"><strong>\u00a0 \u00a0 \u00a0 Nombre del producto\uff1a<\/strong>Botellas de agua de cristal personalizadas de calidad con marcador de motivaci\u00f3n<strong><br \/>\n<\/strong><strong>\u00a0 \u00a0 \u00a0 Capacidad\uff1a<\/strong>400 ml, 500 ml, 600 ml, 700 ml, 1000 ml<\/span><br \/>\n<span style=\"color: #000000;\"><strong>\u00a0 \u00a0 \u00a0 Material\uff1a<\/strong>Vidrio de borosilicato de alta<\/span><br \/>\n<span style=\"color: #000000;\"><strong>\u00a0 \u00a0 \u00a0 Color\uff1a<\/strong>Personalizado seg\u00fan el n\u00famero de color Pantone<\/span><br \/>\n<span style=\"color: #000000;\"><strong>\u00a0 \u00a0 \u00a0 Logotipo\uff1a<\/strong>Serigraf\u00eda, impresi\u00f3n por transferencia t\u00e9rmica, transferencia por agua, etc.<\/span><br \/>\n<span style=\"color: #000000;\"><strong>\u00a0 \u00a0 \u00a0 MOQ\uff1a<\/strong>100 unidades<\/span><br \/>\n<span style=\"color: #000000;\"><strong>\u00a0 \u00a0 \u00a0 Tiempo de muestreo\uff1a<\/strong>3-7 d\u00edas para dise\u00f1os personalizados<\/span><br \/>\n<span style=\"color: #000000;\"><strong>\u00a0 \u00a0 \u00a0 Certificaci\u00f3n\uff1a<\/strong>FDA, LFGB<\/span><br \/>\n<span style=\"color: #000000;\"><strong>\u00a0 \u00a0 \u00a0 Embalaje<\/strong>\uff1aCaja blanca, caja de color o caja de dise\u00f1o personalizado.<\/span><br \/>\n<span style=\"color: #000000;\"><strong>\u00a0 \u00a0 \u00a0 Capacidad de producci\u00f3n\uff1a<\/strong>500.000 unidades al mes<\/span><br \/>\n<span style=\"color: #000000;\"><strong>\u00a0 \u00a0 \u00a0 Plazo de entrega\uff1a<\/strong>5-35 d\u00edas para cantidades inferiores a 20.000 unidades<\/span><\/p>\n<h2><span style=\"color: #000000;\"><strong>Por qu\u00e9 elegir las botellas de vidrio Ifun<\/strong><strong>\uff1f<\/strong><\/span><\/h2>\n<ol>\n<li><span style=\"color: #000000;\"><strong>Calidad y seguridad certificadas<\/strong><\/span><br \/>\n<span style=\"color: #000000;\">Nuestras botellas de vidrio para agua y bebidas cumplen las normas internacionales (CE, FDA, CA65\/Prop65, LFGB), lo que garantiza productos sin BPA, duraderos y seguros para sus clientes.<\/span><\/li>\n<li><span style=\"color: #000000;\"><strong>\u00a0Destaque con dise\u00f1os personalizados<br \/>\n<\/strong>Su marca merece una vajilla \u00fanica que llame la atenci\u00f3n. Con los dise\u00f1os elegantes y personalizables de Anhui iFun, sus botellas de agua de vidrio reflejar\u00e1n la identidad de su marca y le ayudar\u00e1n a destacar en un mercado competitivo.<\/span><\/li>\n<li><span style=\"color: #000000;\"><strong>Riguroso control de calidad<br \/>\n<\/strong>La calidad est\u00e1 en el centro de nuestro proceso de fabricaci\u00f3n. Nuestro dedicado equipo de inspectores garantiza que todas las botellas de agua de vidrio cumplan estrictas normas antes de llegar a sus clientes de todo el mundo.<\/span><\/li>\n<li><span style=\"color: #000000;\"><strong>Proteger su marca y sus ideas<br \/>\n<\/strong>Respetamos la propiedad intelectual y la confidencialidad. Si es necesario, estaremos encantados de firmar acuerdos NDA o NNN para salvaguardar sus dise\u00f1os OEM\/ODM.<\/span><\/li>\n<li><span style=\"color: #000000;\"><strong>Producci\u00f3n eficiente y automatizada<br \/>\n<\/strong>Especializados en la fabricaci\u00f3n de vasos, utilizamos l\u00edneas de producci\u00f3n avanzadas y tecnolog\u00edas de Industria 4.0 para ofrecer productos rentables y de alta calidad con precios competitivos.<\/span><\/li>\n<li><span style=\"color: #000000;\"><strong>Experiencia OEM\/ODM<br \/>\n<\/strong>Nuestros experimentados ingenieros, con m\u00e1s de 20 a\u00f1os de experiencia en la fabricaci\u00f3n de bebidas, pueden transformar sus ideas en botellas de agua de vidrio listas para el mercado, ayud\u00e1ndole a crear superventas.<\/span><\/li>\n<li><span style=\"color: #000000;\"><strong>Servicios completos de personalizaci\u00f3n<br \/>\n<\/strong>Desde el moldeo hasta el envasado, ofrecemos una personalizaci\u00f3n integral para satisfacer las necesidades de su marca:<\/span><br \/>\n<span style=\"color: #000000;\"><strong>Moldeo a medida<\/strong> - <a style=\"color: #000000;\" href=\"https:\/\/customizedwaterbottles.com\/es\/custom-water-bottle-mold-maker-bpa-free-vacuum-flask-oem\/\" target=\"_blank\" rel=\"noopener\">https:\/\/customizedwaterbottles.com\/custom-water-bottle-mold-maker-bpa-free-vacuum-flask-oem\/<\/a><\/span><br \/>\n<span style=\"color: #000000;\"><strong>Decoraci\u00f3n a medida<\/strong> -<a style=\"color: #000000;\" href=\"https:\/\/customizedwaterbottles.com\/es\/graphic-design-water-bottles-custom-stainless-steel-oem\/\" target=\"_blank\" rel=\"noopener\"> https:\/\/customizedwaterbottles.com\/graphic-design-water-bottles-custom-stainless-steel-oem\/<\/a><\/span><br \/>\n<span style=\"color: #000000;\"><strong>Logotipos y embalajes personalizados<\/strong> - <a style=\"color: #000000;\" href=\"https:\/\/customizedwaterbottles.com\/es\/wholesale-custom-packaging-for-water-bottles-tumblers\/\" target=\"_blank\" rel=\"noopener\">https:\/\/customizedwaterbottles.com\/wholesale-custom-packaging-for-water-bottles-tumblers\/<\/a><\/span><br \/>\n<span style=\"color: #000000;\"><strong>Regalo personalizado<\/strong> - <a style=\"color: #000000;\" href=\"https:\/\/customizedwaterbottles.com\/es\/promotional-drinkware-for-businesses-custom-branded-gifts\/\" target=\"_blank\" rel=\"noopener\">https:\/\/customizedwaterbottles.com\/promotional-drinkware-for-businesses-custom-branded-gifts\/<\/a><\/span><\/li>\n<\/ol>\n<p><span style=\"color: #000000;\">[post-link-list]<\/span><\/p>\n<p><span style=\"color: #000000;\"><img decoding=\"async\" class=\"alignnone size-full wp-image-4034\" src=\"https:\/\/customizedwaterbottles.com\/wp-content\/uploads\/2025\/10\/hydro-flask-china-manufacturer-.webp\" alt=\"\" width=\"800\" height=\"966\" srcset=\"https:\/\/customizedwaterbottles.com\/wp-content\/uploads\/2025\/10\/hydro-flask-china-manufacturer-.webp 800w, https:\/\/customizedwaterbottles.com\/wp-content\/uploads\/2025\/10\/hydro-flask-china-manufacturer--768x927.webp 768w, https:\/\/customizedwaterbottles.com\/wp-content\/uploads\/2025\/10\/hydro-flask-china-manufacturer--600x725.webp 600w\" sizes=\"(max-width: 800px) 100vw, 800px\" \/><img decoding=\"async\" class=\"alignnone size-full wp-image-4120\" src=\"https:\/\/customizedwaterbottles.com\/wp-content\/uploads\/2025\/11\/custom-water-bottle-workshop.webp\" alt=\"\" width=\"1690\" height=\"1847\" srcset=\"https:\/\/customizedwaterbottles.com\/wp-content\/uploads\/2025\/11\/custom-water-bottle-workshop.webp 1690w, https:\/\/customizedwaterbottles.com\/wp-content\/uploads\/2025\/11\/custom-water-bottle-workshop-937x1024.webp 937w, https:\/\/customizedwaterbottles.com\/wp-content\/uploads\/2025\/11\/custom-water-bottle-workshop-768x839.webp 768w, https:\/\/customizedwaterbottles.com\/wp-content\/uploads\/2025\/11\/custom-water-bottle-workshop-1405x1536.webp 1405w, https:\/\/customizedwaterbottles.com\/wp-content\/uploads\/2025\/11\/custom-water-bottle-workshop-600x656.webp 600w\" sizes=\"(max-width: 1690px) 100vw, 1690px\" \/><\/span><\/p>","protected":false},"excerpt":{"rendered":"<h3><span style=\"color: #000000;\"><strong>Caracter\u00edsticas del producto:<\/strong><\/span><\/h3>\n<div class=\"dad65929\">\n<div class=\"_4f9bf79 d7dc56a8 _43c05b5\">\n<div class=\"ds-message _63c77b1\">\n<div class=\"ds-markdown\">\n<p class=\"ds-markdown-paragraph\"><span style=\"color: #000000;\"><strong>1. Material de vidrio de borosilicato de primera calidad<\/strong><\/span><br \/>\n<span style=\"color: #000000;\">Estas botellas de agua de vidrio est\u00e1n fabricadas con vidrio de borosilicato de alta calidad, conocido por su excelente durabilidad y resistencia t\u00e9rmica. Puede contener con seguridad tanto bebidas fr\u00edas como calientes sin agrietarse, garantizando una experiencia de bebida pura y limpia sin sabor ni olor a pl\u00e1stico.<\/span><\/p>\n<p class=\"ds-markdown-paragraph\"><span style=\"color: #000000;\"><strong>2. Dise\u00f1o motivador del marcador de tiempo<br data-start=\"494\" data-end=\"497\" \/><\/strong>La botella lleva un marcador de motivaci\u00f3n impreso en el lateral, que le ayudar\u00e1 a controlar su ingesta diaria de agua y a mantenerse hidratado durante todo el d\u00eda. Los recordatorios con la hora marcada fomentan h\u00e1bitos de consumo saludables y son ideales para entusiastas del fitness, oficinistas y estudiantes.<br \/>\n<\/span><\/p>\n<p class=\"ds-markdown-paragraph\"><span style=\"color: #000000;\"><strong>3. Aspecto elegante y personalizable<br data-start=\"792\" data-end=\"795\" \/><\/strong>Con un dise\u00f1o moderno y elegante, estas botellas de agua de cristal personalizadas pueden imprimirse o grabarse con su logotipo, nombre de marca o cita inspiradora. Perfectas para regalos promocionales, marcas minoristas o uso personal, combinan funcionalidad con estilo y ponen de moda la hidrataci\u00f3n.<br \/>\n<\/span><\/p>\n<p class=\"ds-markdown-paragraph\"><span style=\"color: #000000;\"><strong>4. Funda protectora de silicona<\/strong><\/span><br \/>\n<span style=\"color: #000000;\">Cada botella viene con una funda de silicona de alta calidad que proporciona un agarre c\u00f3modo y evita el deslizamiento. Tambi\u00e9n a\u00f1ade una capa adicional de protecci\u00f3n contra peque\u00f1os impactos, al tiempo que ofrece m\u00faltiples opciones de color para que coincida con su marca o preferencia personal.<\/span><\/p>\n<p class=\"ds-markdown-paragraph\"><span style=\"color: #000000;\"><strong>5. Dise\u00f1o a prueba de fugas y respetuoso con el medio ambiente<\/strong><\/span><br \/>\n<span style=\"color: #000000;\">Equipadas con una tapa segura sin BPA, estas botellas de agua de vidrio son totalmente estancas, ideales para llevar en el bolso durante los entrenamientos, los viajes o las horas de oficina. Reutilizables y respetuosas con el medio ambiente, ayudan a reducir los residuos de pl\u00e1stico de un solo uso y promueven un estilo de vida sostenible.<\/span><\/p>\n<\/div>\n<\/div>\n<div class=\"ds-flex _0a3d93b\">\n<div class=\"ds-flex _965abe9 _54866f7\">\n<div class=\"ds-icon-button db183363\" tabindex=\"-1\" role=\"button\" aria-disabled=\"false\">\n<div class=\"ds-icon\"><span style=\"color: #000000;\"><strong style=\"font-size: 20.16px;\">Servicios personalizados:<\/strong><\/span><\/div>\n<\/div>\n<\/div>\n<\/div>\n<\/div>\n<\/div>\n<ul>\n<li><span style=\"color: #000000;\"><strong>Logotipo y dise\u00f1o:<\/strong> Podemos realizar su logotipo y dise\u00f1o con serigraf\u00eda, transferencia t\u00e9rmica, impresi\u00f3n 3D, impresi\u00f3n UV, etc.<\/span><\/li>\n<li><span style=\"color: #000000;\"><strong>Color:<\/strong> Los colores pueden personalizarse seg\u00fan el n\u00famero de color pantone.<\/span><\/li>\n<li><span style=\"color: #000000;\"><strong>Capacidad:<\/strong> Tenemos 400ml, 500ml, 600ml, 700ml, 1000ml, otra capacidad tambi\u00e9n podemos personalizar para usted.<\/span><\/li>\n<li><span style=\"color: #000000;\"><strong>Tapas: <\/strong>100% Tapa herm\u00e9tica BPA FREE, el color se puede personalizar.<\/span><\/li>\n<li><span style=\"color: #000000;\"><strong>Paquete: <\/strong>Caja de color, caja blanca, caja de regalo, caja de cart\u00f3n marr\u00f3n, caja cil\u00edndrica, etc.<\/span><\/li>\n<\/ul>","protected":false},"featured_media":4132,"comment_status":"open","ping_status":"closed","template":"","meta":[],"product_brand":[267],"product_cat":[35],"product_tag":[272,270,271],"class_list":{"0":"post-4131","1":"product","2":"type-product","3":"status-publish","4":"has-post-thumbnail","6":"product_brand-large-capacity-vacuum-insulated-camping-kettle-ice-bucket-tumbler","7":"product_cat-glass-water-bottles","8":"product_tag-borosilicate-glass-bottles","9":"product_tag-glass-bottles","10":"product_tag-glass-tumblers","12":"first","13":"instock","14":"shipping-taxable","15":"product-type-simple"},"yoast_head":"<!-- This site is optimized with the Yoast SEO plugin v25.4 - https:\/\/yoast.com\/wordpress\/plugins\/seo\/ -->\n<title>Glass water bottlesStylish Quality Customized Glass Water bottles with Motivational Marker<\/title>\n<meta name=\"description\" content=\"Stay hydrated in style with our customized glass water bottles made from durable borosilicate glass. Featuring motivational time markers, a protective silicone sleeve, and a leakproof lid, these eco-friendly bottles are perfect for fitness, office, and everyday use. Ideal for branding, gifting, and sustainable living.\" \/>\n<meta name=\"robots\" content=\"index, follow, max-snippet:-1, max-image-preview:large, max-video-preview:-1\" \/>\n<link rel=\"canonical\" href=\"https:\/\/customizedwaterbottles.com\/es\/product\/stylish-quality-customized-glass-water-bottles-with-motivational-marker\/\" \/>\n<meta property=\"og:locale\" content=\"es_ES\" \/>\n<meta property=\"og:type\" content=\"article\" \/>\n<meta property=\"og:title\" content=\"Glass water bottlesStylish Quality Customized Glass Water bottles with Motivational Marker\" \/>\n<meta property=\"og:description\" content=\"Stay hydrated in style with our customized glass water bottles made from durable borosilicate glass. Featuring motivational time markers, a protective silicone sleeve, and a leakproof lid, these eco-friendly bottles are perfect for fitness, office, and everyday use. Ideal for branding, gifting, and sustainable living.\" \/>\n<meta property=\"og:url\" content=\"https:\/\/customizedwaterbottles.com\/es\/product\/stylish-quality-customized-glass-water-bottles-with-motivational-marker\/\" \/>\n<meta property=\"og:site_name\" content=\"iFun\" \/>\n<meta property=\"article:modified_time\" content=\"2025-11-13T05:42:52+00:00\" \/>\n<meta property=\"og:image\" content=\"https:\/\/customizedwaterbottles.com\/wp-content\/uploads\/2025\/11\/glass-water-bottles-1.jpg\" \/>\n\t<meta property=\"og:image:width\" content=\"1920\" \/>\n\t<meta property=\"og:image:height\" content=\"1920\" \/>\n\t<meta property=\"og:image:type\" content=\"image\/jpeg\" \/>\n<meta name=\"twitter:card\" content=\"summary_large_image\" \/>\n<meta name=\"twitter:label1\" content=\"Tiempo de lectura\" \/>\n\t<meta name=\"twitter:data1\" content=\"2 minutos\" \/>\n<script type=\"application\/ld+json\" class=\"yoast-schema-graph\">{\"@context\":\"https:\/\/schema.org\",\"@graph\":[{\"@type\":\"WebPage\",\"@id\":\"https:\/\/customizedwaterbottles.com\/product\/stylish-quality-customized-glass-water-bottles-with-motivational-marker\/\",\"url\":\"https:\/\/customizedwaterbottles.com\/product\/stylish-quality-customized-glass-water-bottles-with-motivational-marker\/\",\"name\":\"Glass water bottlesStylish Quality Customized Glass Water bottles with Motivational Marker\",\"isPartOf\":{\"@id\":\"https:\/\/customizedwaterbottles.com\/#website\"},\"primaryImageOfPage\":{\"@id\":\"https:\/\/customizedwaterbottles.com\/product\/stylish-quality-customized-glass-water-bottles-with-motivational-marker\/#primaryimage\"},\"image\":{\"@id\":\"https:\/\/customizedwaterbottles.com\/product\/stylish-quality-customized-glass-water-bottles-with-motivational-marker\/#primaryimage\"},\"thumbnailUrl\":\"https:\/\/customizedwaterbottles.com\/wp-content\/uploads\/2025\/11\/glass-water-bottles-1.jpg\",\"datePublished\":\"2025-11-13T03:34:22+00:00\",\"dateModified\":\"2025-11-13T05:42:52+00:00\",\"description\":\"Stay hydrated in style with our customized glass water bottles made from durable borosilicate glass. Featuring motivational time markers, a protective silicone sleeve, and a leakproof lid, these eco-friendly bottles are perfect for fitness, office, and everyday use. Ideal for branding, gifting, and sustainable living.\",\"breadcrumb\":{\"@id\":\"https:\/\/customizedwaterbottles.com\/product\/stylish-quality-customized-glass-water-bottles-with-motivational-marker\/#breadcrumb\"},\"inLanguage\":\"es\",\"potentialAction\":[{\"@type\":\"ReadAction\",\"target\":[\"https:\/\/customizedwaterbottles.com\/product\/stylish-quality-customized-glass-water-bottles-with-motivational-marker\/\"]}]},{\"@type\":\"ImageObject\",\"inLanguage\":\"es\",\"@id\":\"https:\/\/customizedwaterbottles.com\/product\/stylish-quality-customized-glass-water-bottles-with-motivational-marker\/#primaryimage\",\"url\":\"https:\/\/customizedwaterbottles.com\/wp-content\/uploads\/2025\/11\/glass-water-bottles-1.jpg\",\"contentUrl\":\"https:\/\/customizedwaterbottles.com\/wp-content\/uploads\/2025\/11\/glass-water-bottles-1.jpg\",\"width\":1920,\"height\":1920,\"caption\":\"glass water bottles\"},{\"@type\":\"BreadcrumbList\",\"@id\":\"https:\/\/customizedwaterbottles.com\/product\/stylish-quality-customized-glass-water-bottles-with-motivational-marker\/#breadcrumb\",\"itemListElement\":[{\"@type\":\"ListItem\",\"position\":1,\"name\":\"Home\",\"item\":\"https:\/\/customizedwaterbottles.com\/\"},{\"@type\":\"ListItem\",\"position\":2,\"name\":\"Products\",\"item\":\"https:\/\/customizedwaterbottles.com\/wholesale-drinkware-manufacturer-water-bottles-tumblers\/\"},{\"@type\":\"ListItem\",\"position\":3,\"name\":\"Stylish Quality Customized Glass Water bottles with Motivational Marker 1081603G\"}]},{\"@type\":\"WebSite\",\"@id\":\"https:\/\/customizedwaterbottles.com\/#website\",\"url\":\"https:\/\/customizedwaterbottles.com\/\",\"name\":\"iFun\",\"description\":\"Water Bottles Stainless Steel Vacuum Flask\",\"potentialAction\":[{\"@type\":\"SearchAction\",\"target\":{\"@type\":\"EntryPoint\",\"urlTemplate\":\"https:\/\/customizedwaterbottles.com\/?s={search_term_string}\"},\"query-input\":{\"@type\":\"PropertyValueSpecification\",\"valueRequired\":true,\"valueName\":\"search_term_string\"}}],\"inLanguage\":\"es\"}]}<\/script>\n<!-- \/ Yoast SEO plugin. -->","yoast_head_json":{"title":"Glass water bottlesStylish Quality Customized Glass Water bottles with Motivational Marker","description":"Stay hydrated in style with our customized glass water bottles made from durable borosilicate glass. Featuring motivational time markers, a protective silicone sleeve, and a leakproof lid, these eco-friendly bottles are perfect for fitness, office, and everyday use. Ideal for branding, gifting, and sustainable living.","robots":{"index":"index","follow":"follow","max-snippet":"max-snippet:-1","max-image-preview":"max-image-preview:large","max-video-preview":"max-video-preview:-1"},"canonical":"https:\/\/customizedwaterbottles.com\/es\/product\/stylish-quality-customized-glass-water-bottles-with-motivational-marker\/","og_locale":"es_ES","og_type":"article","og_title":"Glass water bottlesStylish Quality Customized Glass Water bottles with Motivational Marker","og_description":"Stay hydrated in style with our customized glass water bottles made from durable borosilicate glass. Featuring motivational time markers, a protective silicone sleeve, and a leakproof lid, these eco-friendly bottles are perfect for fitness, office, and everyday use. Ideal for branding, gifting, and sustainable living.","og_url":"https:\/\/customizedwaterbottles.com\/es\/product\/stylish-quality-customized-glass-water-bottles-with-motivational-marker\/","og_site_name":"iFun","article_modified_time":"2025-11-13T05:42:52+00:00","og_image":[{"width":1920,"height":1920,"url":"https:\/\/customizedwaterbottles.com\/wp-content\/uploads\/2025\/11\/glass-water-bottles-1.jpg","type":"image\/jpeg"}],"twitter_card":"summary_large_image","twitter_misc":{"Tiempo de lectura":"2 minutos"},"schema":{"@context":"https:\/\/schema.org","@graph":[{"@type":"WebPage","@id":"https:\/\/customizedwaterbottles.com\/product\/stylish-quality-customized-glass-water-bottles-with-motivational-marker\/","url":"https:\/\/customizedwaterbottles.com\/product\/stylish-quality-customized-glass-water-bottles-with-motivational-marker\/","name":"Glass water bottlesStylish Quality Customized Glass Water bottles with Motivational Marker","isPartOf":{"@id":"https:\/\/customizedwaterbottles.com\/#website"},"primaryImageOfPage":{"@id":"https:\/\/customizedwaterbottles.com\/product\/stylish-quality-customized-glass-water-bottles-with-motivational-marker\/#primaryimage"},"image":{"@id":"https:\/\/customizedwaterbottles.com\/product\/stylish-quality-customized-glass-water-bottles-with-motivational-marker\/#primaryimage"},"thumbnailUrl":"https:\/\/customizedwaterbottles.com\/wp-content\/uploads\/2025\/11\/glass-water-bottles-1.jpg","datePublished":"2025-11-13T03:34:22+00:00","dateModified":"2025-11-13T05:42:52+00:00","description":"Stay hydrated in style with our customized glass water bottles made from durable borosilicate glass. Featuring motivational time markers, a protective silicone sleeve, and a leakproof lid, these eco-friendly bottles are perfect for fitness, office, and everyday use. Ideal for branding, gifting, and sustainable living.","breadcrumb":{"@id":"https:\/\/customizedwaterbottles.com\/product\/stylish-quality-customized-glass-water-bottles-with-motivational-marker\/#breadcrumb"},"inLanguage":"es","potentialAction":[{"@type":"ReadAction","target":["https:\/\/customizedwaterbottles.com\/product\/stylish-quality-customized-glass-water-bottles-with-motivational-marker\/"]}]},{"@type":"ImageObject","inLanguage":"es","@id":"https:\/\/customizedwaterbottles.com\/product\/stylish-quality-customized-glass-water-bottles-with-motivational-marker\/#primaryimage","url":"https:\/\/customizedwaterbottles.com\/wp-content\/uploads\/2025\/11\/glass-water-bottles-1.jpg","contentUrl":"https:\/\/customizedwaterbottles.com\/wp-content\/uploads\/2025\/11\/glass-water-bottles-1.jpg","width":1920,"height":1920,"caption":"glass water bottles"},{"@type":"BreadcrumbList","@id":"https:\/\/customizedwaterbottles.com\/product\/stylish-quality-customized-glass-water-bottles-with-motivational-marker\/#breadcrumb","itemListElement":[{"@type":"ListItem","position":1,"name":"Home","item":"https:\/\/customizedwaterbottles.com\/"},{"@type":"ListItem","position":2,"name":"Products","item":"https:\/\/customizedwaterbottles.com\/wholesale-drinkware-manufacturer-water-bottles-tumblers\/"},{"@type":"ListItem","position":3,"name":"Stylish Quality Customized Glass Water bottles with Motivational Marker 1081603G"}]},{"@type":"WebSite","@id":"https:\/\/customizedwaterbottles.com\/#website","url":"https:\/\/customizedwaterbottles.com\/","name":"iFun","description":"Water Bottles Stainless Steel Vacuum Flask","potentialAction":[{"@type":"SearchAction","target":{"@type":"EntryPoint","urlTemplate":"https:\/\/customizedwaterbottles.com\/?s={search_term_string}"},"query-input":{"@type":"PropertyValueSpecification","valueRequired":true,"valueName":"search_term_string"}}],"inLanguage":"es"}]}},"_links":{"self":[{"href":"https:\/\/customizedwaterbottles.com\/es\/wp-json\/wp\/v2\/product\/4131","targetHints":{"allow":["GET"]}}],"collection":[{"href":"https:\/\/customizedwaterbottles.com\/es\/wp-json\/wp\/v2\/product"}],"about":[{"href":"https:\/\/customizedwaterbottles.com\/es\/wp-json\/wp\/v2\/types\/product"}],"replies":[{"embeddable":true,"href":"https:\/\/customizedwaterbottles.com\/es\/wp-json\/wp\/v2\/comments?post=4131"}],"wp:featuredmedia":[{"embeddable":true,"href":"https:\/\/customizedwaterbottles.com\/es\/wp-json\/wp\/v2\/media\/4132"}],"wp:attachment":[{"href":"https:\/\/customizedwaterbottles.com\/es\/wp-json\/wp\/v2\/media?parent=4131"}],"wp:term":[{"taxonomy":"product_brand","embeddable":true,"href":"https:\/\/customizedwaterbottles.com\/es\/wp-json\/wp\/v2\/product_brand?post=4131"},{"taxonomy":"product_cat","embeddable":true,"href":"https:\/\/customizedwaterbottles.com\/es\/wp-json\/wp\/v2\/product_cat?post=4131"},{"taxonomy":"product_tag","embeddable":true,"href":"https:\/\/customizedwaterbottles.com\/es\/wp-json\/wp\/v2\/product_tag?post=4131"}],"curies":[{"name":"wp","href":"https:\/\/api.w.org\/{rel}","templated":true}]}}