{"id":4292,"date":"2025-12-01T03:05:39","date_gmt":"2025-12-01T03:05:39","guid":{"rendered":"https:\/\/customizedwaterbottles.com\/?post_type=product&#038;p=4292"},"modified":"2025-12-01T03:14:15","modified_gmt":"2025-12-01T03:14:15","slug":"creative-design-silicone-collapsible-folding-sports-outdoor-travel-water-bottle","status":"publish","type":"product","link":"https:\/\/customizedwaterbottles.com\/es\/product\/creative-design-silicone-collapsible-folding-sports-outdoor-travel-water-bottle\/","title":{"rendered":"Botella de agua plegable de silicona de dise\u00f1o creativo para viajes al aire libre1081605FB"},"content":{"rendered":"<p><span style=\"color: #000000;\"><strong>\u00a0 \u00a0 \u00a0 Nombre del producto\uff1aBotellas de agua plegables de silicona sin BPA reutilizables con mosquet\u00f3n para gimnasio, viajes, camping, senderismo<\/strong><strong><br \/>\n<\/strong><strong>\u00a0 \u00a0 \u00a0 Capacidad\uff1a<\/strong>Botella de agua de viaje port\u00e1til a prueba de fugas de 24 oz\/ 700 ml<\/span><br \/>\n<span style=\"color: #000000;\"><strong>\u00a0 \u00a0 \u00a0 Color\uff1a<\/strong>Pintura brillante, pintura mate, recubrimiento en polvo, etc.<\/span><br \/>\n<span style=\"color: #000000;\"><strong>\u00a0 \u00a0 \u00a0 Logotipo\uff1a<\/strong>Serigraf\u00eda, impresi\u00f3n por transferencia t\u00e9rmica, grabado por l\u00e1ser, transferencia por agua, etc.<\/span><br \/>\n<span style=\"color: #000000;\"><strong>\u00a0 \u00a0 \u00a0 MOQ\uff1a<\/strong>200 unidades<\/span><br \/>\n<span style=\"color: #000000;\"><strong>\u00a0 \u00a0 \u00a0 Tiempo de muestreo\uff1a<\/strong>3-7 d\u00edas para dise\u00f1os personalizados<\/span><br \/>\n<span style=\"color: #000000;\"><strong>\u00a0 \u00a0 \u00a0 Certificaci\u00f3n\uff1a<\/strong>FDA, LFGB<\/span><br \/>\n<span style=\"color: #000000;\"><strong>\u00a0 \u00a0 \u00a0 Embalaje<\/strong>\uff1aCaja blanca, caja de color o caja de dise\u00f1o personalizado.<\/span><br \/>\n<span style=\"color: #000000;\"><strong>\u00a0 \u00a0 \u00a0 Capacidad de producci\u00f3n\uff1a<\/strong>500.000 unidades al mes<\/span><br \/>\n<span style=\"color: #000000;\"><strong>\u00a0 \u00a0 \u00a0 Plazo de entrega\uff1a<\/strong>5-35 d\u00edas para cantidades inferiores a 20.000 unidades<\/span><\/p>\n<h2><span style=\"color: #000000;\"><strong>Por qu\u00e9 elegir Creative Design Silicona plegable Deportes al aire libre Viaje Botella de agua \uff1f<\/strong><\/span><\/h2>\n<ol>\n<li><span style=\"color: #000000;\"><strong>Calidad y seguridad certificadas<\/strong><\/span><br \/>\n<span style=\"color: #000000;\">Nuestras botellas de agua plegables cumplen las normas internacionales (CE, FDA, CA65\/Prop65, LFGB), lo que garantiza productos sin BPA, duraderos y seguros para sus clientes.<\/span><\/li>\n<li><span style=\"color: #000000;\"><strong>\u00a0Destaque con dise\u00f1os personalizados<br \/>\n<\/strong>Su marca merece una vajilla \u00fanica que llame la atenci\u00f3n. Con los dise\u00f1os elegantes y personalizables de Anhui iFun, su termo LED Smart Coffee reflejar\u00e1 la identidad de su marca y le ayudar\u00e1 a destacar en un mercado competitivo.<\/span><\/li>\n<li><span style=\"color: #000000;\"><strong>Riguroso control de calidad<br \/>\n<\/strong>La calidad est\u00e1 en el centro de nuestro proceso de fabricaci\u00f3n. Nuestro dedicado equipo de inspectores garantiza que cada termo LED Smart Coffee cumpla estrictas normas antes de llegar a sus clientes de todo el mundo.<\/span><\/li>\n<li><span style=\"color: #000000;\"><strong>Proteger su marca y sus ideas<br \/>\n<\/strong>Respetamos la propiedad intelectual y la confidencialidad. Si es necesario, estaremos encantados de firmar acuerdos NDA o NNN para salvaguardar sus dise\u00f1os OEM\/ODM.<\/span><\/li>\n<li><span style=\"color: #000000;\"><strong>Producci\u00f3n eficiente y automatizada<br \/>\n<\/strong>Especializados en la fabricaci\u00f3n de vasos, utilizamos l\u00edneas de producci\u00f3n avanzadas y tecnolog\u00edas de Industria 4.0 para ofrecer productos rentables y de alta calidad con precios competitivos.<\/span><\/li>\n<li><span style=\"color: #000000;\"><strong>Experiencia OEM\/ODM<br \/>\n<\/strong>Nuestros experimentados ingenieros, con m\u00e1s de 20 a\u00f1os de experiencia en la fabricaci\u00f3n de bebidas, pueden transformar sus ideas en minibotellas hidroel\u00e9ctricas listas para el mercado, ayud\u00e1ndole a crear superventas.<\/span><\/li>\n<li><span style=\"color: #000000;\"><strong>Servicios completos de personalizaci\u00f3n<br \/>\n<\/strong>Desde el moldeo hasta el envasado, ofrecemos una personalizaci\u00f3n integral para satisfacer las necesidades de su marca:<\/span><br \/>\n<span style=\"color: #000000;\"><strong>Moldeo a medida<\/strong> - <a style=\"color: #000000;\" href=\"https:\/\/customizedwaterbottles.com\/es\/custom-water-bottle-mold-maker-bpa-free-vacuum-flask-oem\/\" target=\"_blank\" rel=\"noopener\">https:\/\/customizedwaterbottles.com\/custom-water-bottle-mold-maker-bpa-free-vacuum-flask-oem\/<\/a><\/span><br \/>\n<span style=\"color: #000000;\"><strong>Decoraci\u00f3n a medida<\/strong> -<a style=\"color: #000000;\" href=\"https:\/\/customizedwaterbottles.com\/es\/graphic-design-water-bottles-custom-stainless-steel-oem\/\" target=\"_blank\" rel=\"noopener\"> https:\/\/customizedwaterbottles.com\/graphic-design-water-bottles-custom-stainless-steel-oem\/<\/a><\/span><br \/>\n<span style=\"color: #000000;\"><strong>Logotipos y embalajes personalizados<\/strong> - <a style=\"color: #000000;\" href=\"https:\/\/customizedwaterbottles.com\/es\/wholesale-custom-packaging-for-water-bottles-tumblers\/\" target=\"_blank\" rel=\"noopener\">https:\/\/customizedwaterbottles.com\/wholesale-custom-packaging-for-water-bottles-tumblers\/<\/a><\/span><br \/>\n<span style=\"color: #000000;\"><strong>Regalo personalizado<\/strong> - <a style=\"color: #000000;\" href=\"https:\/\/customizedwaterbottles.com\/es\/promotional-drinkware-for-businesses-custom-branded-gifts\/\" target=\"_blank\" rel=\"noopener\">https:\/\/customizedwaterbottles.com\/promotional-drinkware-for-businesses-custom-branded-gifts\/<\/a><\/span><\/li>\n<\/ol>\n<p><span style=\"color: #000000;\">[post-link-list]<\/span><\/p>\n<p><span style=\"color: #000000;\">\u00a0\u00a0 \u00a0\u00a0<\/span><\/p>\n<p>&nbsp;<\/p>","protected":false},"excerpt":{"rendered":"<h3><span style=\"color: #000000;\"><strong>Caracter\u00edsticas del producto:<\/strong><\/span><\/h3>\n<ul>\n<li><strong>Botella de agua plegable de silicona de dise\u00f1o creativo para viajes deportivos al aire libre<\/strong> - Hidr\u00e1tese donde quiera, almacene donde quiera<br \/>\n\u00bfCansado de las voluminosas botellas de agua que ocupan espacio? Te presentamos nuestra botella de agua plegable de 17 oz, dise\u00f1ada para la vida en movimiento. Se reduce a s\u00f3lo 4,9 pulgadas, desliz\u00e1ndose f\u00e1cilmente en su bolsillo, bolso o bolsa. Con un peso de s\u00f3lo 140 g y un mosquet\u00f3n de aleaci\u00f3n de aluminio resistente, puede engancharla con seguridad a su mochila, bolsa de deporte o cintur\u00f3n. Tanto si vas al trabajo, de excursi\u00f3n o al gimnasio, hidratarte nunca ha sido tan c\u00f3modo.<\/li>\n<li><strong>Material seguro y ecol\u00f3gico<\/strong><br \/>\nFabricada con silicona alimentaria de alta calidad, nuestra botella plegable no contiene BPA, no es t\u00f3xica y es totalmente inodora. Es una opci\u00f3n segura para ti y tu familia, y una alternativa inteligente y sostenible a las botellas de pl\u00e1stico de un solo uso. Disfruta de tus bebidas con confianza, sabiendo que cada sorbo es puro y limpio.<\/li>\n<li><strong>Dise\u00f1o a prueba de fugas y limpieza sin complicaciones<\/strong><br \/>\nYa no tendr\u00e1s que preocuparte por los derrames. Equipada con una tapa de acero inoxidable y un fiable anillo de sellado de silicona, esta botella permanece cerrada de forma segura, incluso cuando la metes en una bolsa o rebota en el coche. La abertura de boca ancha facilita el llenado, el vertido y la limpieza, por lo que es ideal para estilos de vida activos y ajetreados.<\/li>\n<li><strong>Resistente para las aventuras cotidianas<\/strong><br \/>\nNo dejes que su dise\u00f1o flexible te enga\u00f1e: esta botella de agua plegable est\u00e1 hecha para durar. Resistente a ca\u00eddas, golpes y al uso diario, aguanta viajes, sesiones de gimnasio y actividades al aire libre sin agrietarse ni romperse. Olv\u00eddate de las botellas desechables e invierte en una botella reutilizable tan duradera como pr\u00e1ctica.\u00bfBuscas un regalo pensado y funcional? Esta botella de agua de silicona plegable es perfecta para cumplea\u00f1os, vacaciones o cualquier ocasi\u00f3n especial. Disponible en una gama de elegantes colores, es un accesorio elegante y pr\u00e1ctico para viajes, excursiones, acampadas, entrenamientos, ciclismo, running y mucho m\u00e1s. Regala hidrataci\u00f3n y estilo all\u00e1 donde te lleve el d\u00eda.<\/p>\n<p><img decoding=\"async\" class=\"alignnone size-full wp-image-4293\" src=\"https:\/\/customizedwaterbottles.com\/wp-content\/uploads\/2025\/12\/Creative-Design-Silicone-Collapsible-Folding-Sports-Outdoor-Travel-Water-Bottle-4.webp\" alt=\"Botella de agua plegable de silicona de dise\u00f1o creativo para viajes deportivos al aire libre\" width=\"2000\" height=\"2000\" srcset=\"https:\/\/customizedwaterbottles.com\/wp-content\/uploads\/2025\/12\/Creative-Design-Silicone-Collapsible-Folding-Sports-Outdoor-Travel-Water-Bottle-4.webp 2000w, https:\/\/customizedwaterbottles.com\/wp-content\/uploads\/2025\/12\/Creative-Design-Silicone-Collapsible-Folding-Sports-Outdoor-Travel-Water-Bottle-4-1024x1024.webp 1024w, https:\/\/customizedwaterbottles.com\/wp-content\/uploads\/2025\/12\/Creative-Design-Silicone-Collapsible-Folding-Sports-Outdoor-Travel-Water-Bottle-4-768x768.webp 768w, https:\/\/customizedwaterbottles.com\/wp-content\/uploads\/2025\/12\/Creative-Design-Silicone-Collapsible-Folding-Sports-Outdoor-Travel-Water-Bottle-4-1536x1536.webp 1536w, https:\/\/customizedwaterbottles.com\/wp-content\/uploads\/2025\/12\/Creative-Design-Silicone-Collapsible-Folding-Sports-Outdoor-Travel-Water-Bottle-4-300x300.webp 300w, https:\/\/customizedwaterbottles.com\/wp-content\/uploads\/2025\/12\/Creative-Design-Silicone-Collapsible-Folding-Sports-Outdoor-Travel-Water-Bottle-4-600x600.webp 600w, https:\/\/customizedwaterbottles.com\/wp-content\/uploads\/2025\/12\/Creative-Design-Silicone-Collapsible-Folding-Sports-Outdoor-Travel-Water-Bottle-4-100x100.webp 100w\" sizes=\"(max-width: 2000px) 100vw, 2000px\" \/> <img decoding=\"async\" class=\"alignnone size-full wp-image-4294\" src=\"https:\/\/customizedwaterbottles.com\/wp-content\/uploads\/2025\/12\/Creative-Design-Silicone-Collapsible-Folding-Sports-Outdoor-Travel-Water-Bottle-5.webp\" alt=\"Botella de agua plegable de silicona de dise\u00f1o creativo para viajes deportivos al aire libre\" width=\"800\" height=\"800\" srcset=\"https:\/\/customizedwaterbottles.com\/wp-content\/uploads\/2025\/12\/Creative-Design-Silicone-Collapsible-Folding-Sports-Outdoor-Travel-Water-Bottle-5.webp 800w, https:\/\/customizedwaterbottles.com\/wp-content\/uploads\/2025\/12\/Creative-Design-Silicone-Collapsible-Folding-Sports-Outdoor-Travel-Water-Bottle-5-768x768.webp 768w, https:\/\/customizedwaterbottles.com\/wp-content\/uploads\/2025\/12\/Creative-Design-Silicone-Collapsible-Folding-Sports-Outdoor-Travel-Water-Bottle-5-300x300.webp 300w, https:\/\/customizedwaterbottles.com\/wp-content\/uploads\/2025\/12\/Creative-Design-Silicone-Collapsible-Folding-Sports-Outdoor-Travel-Water-Bottle-5-600x600.webp 600w, https:\/\/customizedwaterbottles.com\/wp-content\/uploads\/2025\/12\/Creative-Design-Silicone-Collapsible-Folding-Sports-Outdoor-Travel-Water-Bottle-5-100x100.webp 100w\" sizes=\"(max-width: 800px) 100vw, 800px\" \/> \u00a0\u00a0<img decoding=\"async\" class=\"alignnone size-full wp-image-4297\" src=\"https:\/\/customizedwaterbottles.com\/wp-content\/uploads\/2025\/12\/Creative-Design-Silicone-Collapsible-Folding-Sports-Outdoor-Travel-Water-Bottle-1.webp\" alt=\"Botella de agua plegable de silicona de dise\u00f1o creativo para viajes deportivos al aire libre\" width=\"1000\" height=\"1000\" srcset=\"https:\/\/customizedwaterbottles.com\/wp-content\/uploads\/2025\/12\/Creative-Design-Silicone-Collapsible-Folding-Sports-Outdoor-Travel-Water-Bottle-1.webp 1000w, https:\/\/customizedwaterbottles.com\/wp-content\/uploads\/2025\/12\/Creative-Design-Silicone-Collapsible-Folding-Sports-Outdoor-Travel-Water-Bottle-1-768x768.webp 768w, https:\/\/customizedwaterbottles.com\/wp-content\/uploads\/2025\/12\/Creative-Design-Silicone-Collapsible-Folding-Sports-Outdoor-Travel-Water-Bottle-1-300x300.webp 300w, https:\/\/customizedwaterbottles.com\/wp-content\/uploads\/2025\/12\/Creative-Design-Silicone-Collapsible-Folding-Sports-Outdoor-Travel-Water-Bottle-1-600x600.webp 600w, https:\/\/customizedwaterbottles.com\/wp-content\/uploads\/2025\/12\/Creative-Design-Silicone-Collapsible-Folding-Sports-Outdoor-Travel-Water-Bottle-1-100x100.webp 100w\" sizes=\"(max-width: 1000px) 100vw, 1000px\" \/><\/li>\n<\/ul>\n<h3><span style=\"color: #000000;\"><strong>Servicios personalizados: \u00a0<\/strong><\/span><\/h3>\n<ul>\n<li><span style=\"color: #000000;\"><strong>Logotipo y dise\u00f1o:<\/strong> Ifun hidro mini botella personalizada su logotipo de la marca. Podemos hacer que su logotipo y el dise\u00f1o con serigraf\u00eda, grabado l\u00e1ser, transferencia de calor, impresi\u00f3n 3D, impresi\u00f3n UV, etc.<\/span><\/li>\n<li><span style=\"color: #000000;\"><strong>Color:<\/strong> Los colores se pueden personalizar seg\u00fan el n\u00famero de color pantone, podemos hacerlo con acabado mate, pintura brillante, recubrimiento en polvo, etc.<\/span><\/li>\n<li><span style=\"color: #000000;\"><strong>Capacidad:<\/strong> Tenemos 16oz otra capacidad tambi\u00e9n podemos personalizar para usted.<\/span><\/li>\n<li><span style=\"color: #000000;\"><strong>Tapas: <\/strong>100% Tapa herm\u00e9tica BPA FREE, el color se puede personalizar.<\/span><\/li>\n<li><span style=\"color: #000000;\"><strong>Paquete: <\/strong>Caja de color, caja blanca, caja de regalo, caja de cart\u00f3n marr\u00f3n, caja cil\u00edndrica, etc.<\/span><\/li>\n<\/ul>","protected":false},"featured_media":4298,"comment_status":"open","ping_status":"closed","template":"","meta":[],"product_brand":[],"product_cat":[276],"product_tag":[277],"class_list":{"0":"post-4292","1":"product","2":"type-product","3":"status-publish","4":"has-post-thumbnail","6":"product_cat-foldable-water-bottles","7":"product_tag-silicone-foldable-water-bottles","9":"first","10":"instock","11":"shipping-taxable","12":"product-type-simple"},"yoast_head":"<!-- This site is optimized with the Yoast SEO plugin v25.4 - https:\/\/yoast.com\/wordpress\/plugins\/seo\/ -->\n<title>Silicone Collapsible Folding Sports Outdoor Travel Water Bottle<\/title>\n<meta name=\"description\" content=\"Creative Design Silicone Collapsible Folding Water Bottle For Travel , leakproof sealing, lightweight \u2014ideal for OEM\/ODM brands Promotion Outdoor Products\" \/>\n<meta name=\"robots\" content=\"index, follow, max-snippet:-1, max-image-preview:large, max-video-preview:-1\" \/>\n<link rel=\"canonical\" href=\"https:\/\/customizedwaterbottles.com\/es\/product\/creative-design-silicone-collapsible-folding-sports-outdoor-travel-water-bottle\/\" \/>\n<meta property=\"og:locale\" content=\"es_ES\" \/>\n<meta property=\"og:type\" content=\"article\" \/>\n<meta property=\"og:title\" content=\"Silicone Collapsible Folding Sports Outdoor Travel Water Bottle\" \/>\n<meta property=\"og:description\" content=\"Creative Design Silicone Collapsible Folding Water Bottle For Travel , leakproof sealing, lightweight \u2014ideal for OEM\/ODM brands Promotion Outdoor Products\" \/>\n<meta property=\"og:url\" content=\"https:\/\/customizedwaterbottles.com\/es\/product\/creative-design-silicone-collapsible-folding-sports-outdoor-travel-water-bottle\/\" \/>\n<meta property=\"og:site_name\" content=\"iFun\" \/>\n<meta property=\"article:modified_time\" content=\"2025-12-01T03:14:15+00:00\" \/>\n<meta property=\"og:image\" content=\"https:\/\/customizedwaterbottles.com\/wp-content\/uploads\/2025\/12\/Creative-Design-Silicone-Collapsible-Folding-Sports-Outdoor-Travel-Water-Bottle-2.webp\" \/>\n\t<meta property=\"og:image:width\" content=\"1000\" \/>\n\t<meta property=\"og:image:height\" content=\"1000\" \/>\n\t<meta property=\"og:image:type\" content=\"image\/webp\" \/>\n<meta name=\"twitter:card\" content=\"summary_large_image\" \/>\n<meta name=\"twitter:label1\" content=\"Tiempo de lectura\" \/>\n\t<meta name=\"twitter:data1\" content=\"2 minutos\" \/>\n<script type=\"application\/ld+json\" class=\"yoast-schema-graph\">{\"@context\":\"https:\/\/schema.org\",\"@graph\":[{\"@type\":\"WebPage\",\"@id\":\"https:\/\/customizedwaterbottles.com\/product\/creative-design-silicone-collapsible-folding-sports-outdoor-travel-water-bottle\/\",\"url\":\"https:\/\/customizedwaterbottles.com\/product\/creative-design-silicone-collapsible-folding-sports-outdoor-travel-water-bottle\/\",\"name\":\"Silicone Collapsible Folding Sports Outdoor Travel Water Bottle\",\"isPartOf\":{\"@id\":\"https:\/\/customizedwaterbottles.com\/#website\"},\"primaryImageOfPage\":{\"@id\":\"https:\/\/customizedwaterbottles.com\/product\/creative-design-silicone-collapsible-folding-sports-outdoor-travel-water-bottle\/#primaryimage\"},\"image\":{\"@id\":\"https:\/\/customizedwaterbottles.com\/product\/creative-design-silicone-collapsible-folding-sports-outdoor-travel-water-bottle\/#primaryimage\"},\"thumbnailUrl\":\"https:\/\/customizedwaterbottles.com\/wp-content\/uploads\/2025\/12\/Creative-Design-Silicone-Collapsible-Folding-Sports-Outdoor-Travel-Water-Bottle-2.webp\",\"datePublished\":\"2025-12-01T03:05:39+00:00\",\"dateModified\":\"2025-12-01T03:14:15+00:00\",\"description\":\"Creative Design Silicone Collapsible Folding Water Bottle For Travel , leakproof sealing, lightweight \u2014ideal for OEM\/ODM brands Promotion Outdoor Products\",\"breadcrumb\":{\"@id\":\"https:\/\/customizedwaterbottles.com\/product\/creative-design-silicone-collapsible-folding-sports-outdoor-travel-water-bottle\/#breadcrumb\"},\"inLanguage\":\"es\",\"potentialAction\":[{\"@type\":\"ReadAction\",\"target\":[\"https:\/\/customizedwaterbottles.com\/product\/creative-design-silicone-collapsible-folding-sports-outdoor-travel-water-bottle\/\"]}]},{\"@type\":\"ImageObject\",\"inLanguage\":\"es\",\"@id\":\"https:\/\/customizedwaterbottles.com\/product\/creative-design-silicone-collapsible-folding-sports-outdoor-travel-water-bottle\/#primaryimage\",\"url\":\"https:\/\/customizedwaterbottles.com\/wp-content\/uploads\/2025\/12\/Creative-Design-Silicone-Collapsible-Folding-Sports-Outdoor-Travel-Water-Bottle-2.webp\",\"contentUrl\":\"https:\/\/customizedwaterbottles.com\/wp-content\/uploads\/2025\/12\/Creative-Design-Silicone-Collapsible-Folding-Sports-Outdoor-Travel-Water-Bottle-2.webp\",\"width\":1000,\"height\":1000,\"caption\":\"Creative Design Silicone Collapsible Folding Sports Outdoor Travel Water Bottle\"},{\"@type\":\"BreadcrumbList\",\"@id\":\"https:\/\/customizedwaterbottles.com\/product\/creative-design-silicone-collapsible-folding-sports-outdoor-travel-water-bottle\/#breadcrumb\",\"itemListElement\":[{\"@type\":\"ListItem\",\"position\":1,\"name\":\"Home\",\"item\":\"https:\/\/customizedwaterbottles.com\/\"},{\"@type\":\"ListItem\",\"position\":2,\"name\":\"Products\",\"item\":\"https:\/\/customizedwaterbottles.com\/wholesale-drinkware-manufacturer-water-bottles-tumblers\/\"},{\"@type\":\"ListItem\",\"position\":3,\"name\":\"Creative Design Silicone Collapsible Folding Sports Outdoor Travel Water Bottle1081605FB\"}]},{\"@type\":\"WebSite\",\"@id\":\"https:\/\/customizedwaterbottles.com\/#website\",\"url\":\"https:\/\/customizedwaterbottles.com\/\",\"name\":\"iFun\",\"description\":\"Water Bottles Stainless Steel Vacuum Flask\",\"potentialAction\":[{\"@type\":\"SearchAction\",\"target\":{\"@type\":\"EntryPoint\",\"urlTemplate\":\"https:\/\/customizedwaterbottles.com\/?s={search_term_string}\"},\"query-input\":{\"@type\":\"PropertyValueSpecification\",\"valueRequired\":true,\"valueName\":\"search_term_string\"}}],\"inLanguage\":\"es\"}]}<\/script>\n<!-- \/ Yoast SEO plugin. -->","yoast_head_json":{"title":"Silicone Collapsible Folding Sports Outdoor Travel Water Bottle","description":"Creative Design Silicone Collapsible Folding Water Bottle For Travel , leakproof sealing, lightweight \u2014ideal for OEM\/ODM brands Promotion Outdoor Products","robots":{"index":"index","follow":"follow","max-snippet":"max-snippet:-1","max-image-preview":"max-image-preview:large","max-video-preview":"max-video-preview:-1"},"canonical":"https:\/\/customizedwaterbottles.com\/es\/product\/creative-design-silicone-collapsible-folding-sports-outdoor-travel-water-bottle\/","og_locale":"es_ES","og_type":"article","og_title":"Silicone Collapsible Folding Sports Outdoor Travel Water Bottle","og_description":"Creative Design Silicone Collapsible Folding Water Bottle For Travel , leakproof sealing, lightweight \u2014ideal for OEM\/ODM brands Promotion Outdoor Products","og_url":"https:\/\/customizedwaterbottles.com\/es\/product\/creative-design-silicone-collapsible-folding-sports-outdoor-travel-water-bottle\/","og_site_name":"iFun","article_modified_time":"2025-12-01T03:14:15+00:00","og_image":[{"width":1000,"height":1000,"url":"https:\/\/customizedwaterbottles.com\/wp-content\/uploads\/2025\/12\/Creative-Design-Silicone-Collapsible-Folding-Sports-Outdoor-Travel-Water-Bottle-2.webp","type":"image\/webp"}],"twitter_card":"summary_large_image","twitter_misc":{"Tiempo de lectura":"2 minutos"},"schema":{"@context":"https:\/\/schema.org","@graph":[{"@type":"WebPage","@id":"https:\/\/customizedwaterbottles.com\/product\/creative-design-silicone-collapsible-folding-sports-outdoor-travel-water-bottle\/","url":"https:\/\/customizedwaterbottles.com\/product\/creative-design-silicone-collapsible-folding-sports-outdoor-travel-water-bottle\/","name":"Silicone Collapsible Folding Sports Outdoor Travel Water Bottle","isPartOf":{"@id":"https:\/\/customizedwaterbottles.com\/#website"},"primaryImageOfPage":{"@id":"https:\/\/customizedwaterbottles.com\/product\/creative-design-silicone-collapsible-folding-sports-outdoor-travel-water-bottle\/#primaryimage"},"image":{"@id":"https:\/\/customizedwaterbottles.com\/product\/creative-design-silicone-collapsible-folding-sports-outdoor-travel-water-bottle\/#primaryimage"},"thumbnailUrl":"https:\/\/customizedwaterbottles.com\/wp-content\/uploads\/2025\/12\/Creative-Design-Silicone-Collapsible-Folding-Sports-Outdoor-Travel-Water-Bottle-2.webp","datePublished":"2025-12-01T03:05:39+00:00","dateModified":"2025-12-01T03:14:15+00:00","description":"Creative Design Silicone Collapsible Folding Water Bottle For Travel , leakproof sealing, lightweight \u2014ideal for OEM\/ODM brands Promotion Outdoor Products","breadcrumb":{"@id":"https:\/\/customizedwaterbottles.com\/product\/creative-design-silicone-collapsible-folding-sports-outdoor-travel-water-bottle\/#breadcrumb"},"inLanguage":"es","potentialAction":[{"@type":"ReadAction","target":["https:\/\/customizedwaterbottles.com\/product\/creative-design-silicone-collapsible-folding-sports-outdoor-travel-water-bottle\/"]}]},{"@type":"ImageObject","inLanguage":"es","@id":"https:\/\/customizedwaterbottles.com\/product\/creative-design-silicone-collapsible-folding-sports-outdoor-travel-water-bottle\/#primaryimage","url":"https:\/\/customizedwaterbottles.com\/wp-content\/uploads\/2025\/12\/Creative-Design-Silicone-Collapsible-Folding-Sports-Outdoor-Travel-Water-Bottle-2.webp","contentUrl":"https:\/\/customizedwaterbottles.com\/wp-content\/uploads\/2025\/12\/Creative-Design-Silicone-Collapsible-Folding-Sports-Outdoor-Travel-Water-Bottle-2.webp","width":1000,"height":1000,"caption":"Creative Design Silicone Collapsible Folding Sports Outdoor Travel Water Bottle"},{"@type":"BreadcrumbList","@id":"https:\/\/customizedwaterbottles.com\/product\/creative-design-silicone-collapsible-folding-sports-outdoor-travel-water-bottle\/#breadcrumb","itemListElement":[{"@type":"ListItem","position":1,"name":"Home","item":"https:\/\/customizedwaterbottles.com\/"},{"@type":"ListItem","position":2,"name":"Products","item":"https:\/\/customizedwaterbottles.com\/wholesale-drinkware-manufacturer-water-bottles-tumblers\/"},{"@type":"ListItem","position":3,"name":"Creative Design Silicone Collapsible Folding Sports Outdoor Travel Water Bottle1081605FB"}]},{"@type":"WebSite","@id":"https:\/\/customizedwaterbottles.com\/#website","url":"https:\/\/customizedwaterbottles.com\/","name":"iFun","description":"Water Bottles Stainless Steel Vacuum Flask","potentialAction":[{"@type":"SearchAction","target":{"@type":"EntryPoint","urlTemplate":"https:\/\/customizedwaterbottles.com\/?s={search_term_string}"},"query-input":{"@type":"PropertyValueSpecification","valueRequired":true,"valueName":"search_term_string"}}],"inLanguage":"es"}]}},"_links":{"self":[{"href":"https:\/\/customizedwaterbottles.com\/es\/wp-json\/wp\/v2\/product\/4292","targetHints":{"allow":["GET"]}}],"collection":[{"href":"https:\/\/customizedwaterbottles.com\/es\/wp-json\/wp\/v2\/product"}],"about":[{"href":"https:\/\/customizedwaterbottles.com\/es\/wp-json\/wp\/v2\/types\/product"}],"replies":[{"embeddable":true,"href":"https:\/\/customizedwaterbottles.com\/es\/wp-json\/wp\/v2\/comments?post=4292"}],"wp:featuredmedia":[{"embeddable":true,"href":"https:\/\/customizedwaterbottles.com\/es\/wp-json\/wp\/v2\/media\/4298"}],"wp:attachment":[{"href":"https:\/\/customizedwaterbottles.com\/es\/wp-json\/wp\/v2\/media?parent=4292"}],"wp:term":[{"taxonomy":"product_brand","embeddable":true,"href":"https:\/\/customizedwaterbottles.com\/es\/wp-json\/wp\/v2\/product_brand?post=4292"},{"taxonomy":"product_cat","embeddable":true,"href":"https:\/\/customizedwaterbottles.com\/es\/wp-json\/wp\/v2\/product_cat?post=4292"},{"taxonomy":"product_tag","embeddable":true,"href":"https:\/\/customizedwaterbottles.com\/es\/wp-json\/wp\/v2\/product_tag?post=4292"}],"curies":[{"name":"wp","href":"https:\/\/api.w.org\/{rel}","templated":true}]}}