{"id":4514,"date":"2025-12-16T09:29:57","date_gmt":"2025-12-16T09:29:57","guid":{"rendered":"https:\/\/customizedwaterbottles.com\/?post_type=product&#038;p=4514"},"modified":"2025-12-17T08:37:46","modified_gmt":"2025-12-17T08:37:46","slug":"32-oz-insulated-double-walled-hospital-water-cup-with-straw-and-lid","status":"publish","type":"product","link":"https:\/\/customizedwaterbottles.com\/es\/product\/32-oz-insulated-double-walled-hospital-water-cup-with-straw-and-lid\/","title":{"rendered":"Vaso de agua aislado de doble pared con pajita y tapa 10816003PB"},"content":{"rendered":"<p><span style=\"color: #000000;\"><strong>\u00a0 \u00a0 \u00a0 Nombre del producto\uff1a32 oz aislado de doble pared Hospital taza de agua con pajita y tapa<\/strong><strong><br \/>\n<\/strong><strong>\u00a0 \u00a0 \u00a0 Capacidad\uff1a<\/strong>Hospital Port\u00e1til 32oz\/ 1000ml<strong>\u00a0<\/strong>Botella de agua de viaje<\/span><br \/>\n<span style=\"color: #000000;\"><strong>\u00a0 \u00a0 \u00a0 Color\uff1a<\/strong>Color y logotipo personalizados, etc.<\/span><br \/>\n<span style=\"color: #000000;\"><strong>\u00a0 \u00a0 \u00a0 Logotipo\uff1a<\/strong>Serigraf\u00eda, impresi\u00f3n por transferencia t\u00e9rmica, transferencia por agua, etc.<\/span><br \/>\n<span style=\"color: #000000;\"><strong>\u00a0 \u00a0 \u00a0 MOQ\uff1a<\/strong>200 unidades<\/span><br \/>\n<span style=\"color: #000000;\"><strong>\u00a0 \u00a0 \u00a0 Tiempo de muestreo\uff1a<\/strong>3-7 d\u00edas para dise\u00f1os personalizados<\/span><br \/>\n<span style=\"color: #000000;\"><strong>\u00a0 \u00a0 \u00a0 Certificaci\u00f3n\uff1a<\/strong>FDA, LFGB<\/span><br \/>\n<span style=\"color: #000000;\"><strong>\u00a0 \u00a0 \u00a0 Embalaje<\/strong>\uff1aCaja blanca, caja de color o caja de dise\u00f1o personalizado.<\/span><br \/>\n<span style=\"color: #000000;\"><strong>\u00a0 \u00a0 \u00a0 Capacidad de producci\u00f3n\uff1a<\/strong>500.000 unidades al mes<\/span><br \/>\n<span style=\"color: #000000;\"><strong>\u00a0 \u00a0 \u00a0 Plazo de entrega\uff1a<\/strong>5-35 d\u00edas para cantidades inferiores a 20.000 unidades<\/span><\/p>\n<h2><span style=\"color: #000000;\"><strong>Por qu\u00e9 elegir el vaso de agua para hospitales de dise\u00f1o creativo \uff1f<\/strong><\/span><\/h2>\n<ol>\n<li><span style=\"color: #000000;\"><strong>Calidad y seguridad certificadas<\/strong><\/span><br \/>\n<span style=\"color: #000000;\">Nuestras botellas de agua plegables cumplen las normas internacionales (CE, FDA, CA65\/Prop65, LFGB), lo que garantiza productos sin BPA, duraderos y seguros para sus clientes.<\/span><\/li>\n<li><span style=\"color: #000000;\"><strong>\u00a0Destaque con dise\u00f1os personalizados<br \/>\n<\/strong>Su marca merece una vajilla \u00fanica que llame la atenci\u00f3n. Con los dise\u00f1os elegantes y personalizables de Anhui iFun, su termo LED Smart Coffee reflejar\u00e1 la identidad de su marca y le ayudar\u00e1 a destacar en un mercado competitivo.<\/span><\/li>\n<li><span style=\"color: #000000;\"><strong>Riguroso control de calidad<br \/>\n<\/strong>La calidad est\u00e1 en el centro de nuestro proceso de fabricaci\u00f3n. Nuestro dedicado equipo de inspectores garantiza que cada termo LED Smart Coffee cumpla estrictas normas antes de llegar a sus clientes de todo el mundo.<\/span><\/li>\n<li><span style=\"color: #000000;\"><strong>Proteger su marca y sus ideas<br \/>\n<\/strong>Respetamos la propiedad intelectual y la confidencialidad. Si es necesario, estaremos encantados de firmar acuerdos NDA o NNN para salvaguardar sus dise\u00f1os OEM\/ODM.<\/span><\/li>\n<li><span style=\"color: #000000;\"><strong>Producci\u00f3n eficiente y automatizada<br \/>\n<\/strong>Especializados en la fabricaci\u00f3n de vasos, utilizamos l\u00edneas de producci\u00f3n avanzadas y tecnolog\u00edas de Industria 4.0 para ofrecer productos rentables y de alta calidad con precios competitivos.<\/span><\/li>\n<li><span style=\"color: #000000;\"><strong>Experiencia OEM\/ODM<br \/>\n<\/strong>Nuestros experimentados ingenieros, con m\u00e1s de 20 a\u00f1os de experiencia en la fabricaci\u00f3n de bebidas, pueden transformar sus ideas en minibotellas hidroel\u00e9ctricas listas para el mercado, ayud\u00e1ndole a crear superventas.<\/span><\/li>\n<li><span style=\"color: #000000;\"><strong>Servicios completos de personalizaci\u00f3n<br \/>\n<\/strong>Desde el moldeo hasta el envasado, ofrecemos una personalizaci\u00f3n integral para satisfacer las necesidades de su marca:<\/span><br \/>\n<span style=\"color: #000000;\"><strong>Moldeo a medida<\/strong> - <a style=\"color: #000000;\" href=\"https:\/\/customizedwaterbottles.com\/es\/custom-water-bottle-mold-maker-bpa-free-vacuum-flask-oem\/\" target=\"_blank\" rel=\"noopener\">https:\/\/customizedwaterbottles.com\/custom-water-bottle-mold-maker-bpa-free-vacuum-flask-oem\/<\/a><\/span><br \/>\n<span style=\"color: #000000;\"><strong>Decoraci\u00f3n a medida<\/strong> -<a style=\"color: #000000;\" href=\"https:\/\/customizedwaterbottles.com\/es\/graphic-design-water-bottles-custom-stainless-steel-oem\/\" target=\"_blank\" rel=\"noopener\"> https:\/\/customizedwaterbottles.com\/graphic-design-water-bottles-custom-stainless-steel-oem\/<\/a><\/span><br \/>\n<span style=\"color: #000000;\"><strong>Logotipos y embalajes personalizados<\/strong> - <a style=\"color: #000000;\" href=\"https:\/\/customizedwaterbottles.com\/es\/wholesale-custom-packaging-for-water-bottles-tumblers\/\" target=\"_blank\" rel=\"noopener\">https:\/\/customizedwaterbottles.com\/wholesale-custom-packaging-for-water-bottles-tumblers\/<\/a><\/span><br \/>\n<span style=\"color: #000000;\"><strong>Regalo personalizado<\/strong> - <a style=\"color: #000000;\" href=\"https:\/\/customizedwaterbottles.com\/es\/promotional-drinkware-for-businesses-custom-branded-gifts\/\" target=\"_blank\" rel=\"noopener\">https:\/\/customizedwaterbottles.com\/promotional-drinkware-for-businesses-custom-branded-gifts\/<\/a><\/span><\/li>\n<\/ol>\n<p><!--more--><\/p>\n<p><!--more--><\/p>\n<p><span style=\"color: #000000;\">[post-link-list]<\/span><\/p>\n<p><span style=\"color: #000000;\">\u00a0\u00a0 \u00a0\u00a0<\/span><\/p>\n<p>&nbsp;<\/p>","protected":false},"excerpt":{"rendered":"<h3><span style=\"color: #000000;\"><strong>Caracter\u00edsticas del producto:<\/strong><\/span><\/h3>\n<ul>\n<li><strong>Vaso de agua para hospitales de doble pared con pajita y tapa<\/strong><\/li>\n<li><strong> Cantidad suficiente y tama\u00f1o adecuado<\/strong>Experimente la comodidad con nuestro juego de 4 tazas de hospital aisladas de 32 oz con tapas y pajitas; Ideal para su uso diario y de sustituci\u00f3n, este paquete tambi\u00e9n ofrece la oportunidad de compartir con sus colegas o amigos; Cada taza, que mide alrededor de 4,3 x 7,7 pulgadas \/ 10,8 x 19,5 cm y tiene capacidad para 32 oz, est\u00e1 dise\u00f1ada para satisfacer sus necesidades de volumen sin esfuerzo<br \/>\n<strong>Durabilidad mejorada y dise\u00f1o ligero<\/strong>Olv\u00eddese de las sustituciones frecuentes: nuestra taza de hospital combina de forma \u00fanica material pl\u00e1stico, lo que garantiza que no s\u00f3lo sea resistente, sino tambi\u00e9n ligera para facilitar su uso; la taza tambi\u00e9n incorpora una tapa giratoria y una pajita plegable de 28,5 cm\/ 11,2 pulgadas con tapa para una mayor funcionalidad<br \/>\n<strong>Capacidad de aislamiento inigualable<\/strong>Aumenta el placer de tus bebidas con nuestra botella de agua hospitalaria graduada con pajita; gracias a su doble aislamiento, podr\u00e1s mantener tus bebidas fr\u00edas durante largos periodos de tiempo; este dise\u00f1o funcional te ayuda a disfrutar de tu bebida favorita a la temperatura que prefieras.<br \/>\n<strong>Pr\u00e1ctico y f\u00e1cil de limpiar:<\/strong> nuestra botella de agua de pl\u00e1stico con pajita es f\u00e1cil de usar y a\u00fan m\u00e1s f\u00e1cil de limpiar; se puede lavar en el lavavajillas, pero para un acabado impecable, recomendamos lavarla a mano de vez en cuando; la tapa se sella firmemente para garantizar que no se derrame nada, lo que convierte a este vaso en la opci\u00f3n ideal para cualquiera que necesite una soluci\u00f3n manejable y pr\u00e1ctica a la vez<br \/>\n<strong>Vers\u00e1til y pr\u00e1ctico para el seguimiento de la hidrataci\u00f3n:<\/strong> Ya sea junto a su mesilla de noche, en su mesa de trabajo o en cualquier otro lugar donde necesite una bebida refrescante, nuestro vaso de agua para hospitales es perfecto. Adem\u00e1s, con una escala clara en \u00e9l, se convierte en una herramienta \u00fatil para realizar un seguimiento de su ingesta de agua, ayud\u00e1ndole en su camino hacia una mejor hidrataci\u00f3n y, en \u00faltima instancia, una mejor salud.<\/li>\n<li><img decoding=\"async\" class=\"alignnone size-full wp-image-4521\" src=\"https:\/\/customizedwaterbottles.com\/wp-content\/uploads\/2025\/12\/32-oz-Hospital-Water-Cup-with-Straw-and-Lid-6.webp\" alt=\"Hospital Vasos de pl\u00e1stico para agua\" width=\"2000\" height=\"2000\" srcset=\"https:\/\/customizedwaterbottles.com\/wp-content\/uploads\/2025\/12\/32-oz-Hospital-Water-Cup-with-Straw-and-Lid-6.webp 2000w, https:\/\/customizedwaterbottles.com\/wp-content\/uploads\/2025\/12\/32-oz-Hospital-Water-Cup-with-Straw-and-Lid-6-1024x1024.webp 1024w, https:\/\/customizedwaterbottles.com\/wp-content\/uploads\/2025\/12\/32-oz-Hospital-Water-Cup-with-Straw-and-Lid-6-768x768.webp 768w, https:\/\/customizedwaterbottles.com\/wp-content\/uploads\/2025\/12\/32-oz-Hospital-Water-Cup-with-Straw-and-Lid-6-1536x1536.webp 1536w, https:\/\/customizedwaterbottles.com\/wp-content\/uploads\/2025\/12\/32-oz-Hospital-Water-Cup-with-Straw-and-Lid-6-12x12.webp 12w, https:\/\/customizedwaterbottles.com\/wp-content\/uploads\/2025\/12\/32-oz-Hospital-Water-Cup-with-Straw-and-Lid-6-300x300.webp 300w, https:\/\/customizedwaterbottles.com\/wp-content\/uploads\/2025\/12\/32-oz-Hospital-Water-Cup-with-Straw-and-Lid-6-600x600.webp 600w, https:\/\/customizedwaterbottles.com\/wp-content\/uploads\/2025\/12\/32-oz-Hospital-Water-Cup-with-Straw-and-Lid-6-100x100.webp 100w\" sizes=\"(max-width: 2000px) 100vw, 2000px\" \/><img decoding=\"async\" class=\"alignnone size-full wp-image-4516\" src=\"https:\/\/customizedwaterbottles.com\/wp-content\/uploads\/2025\/12\/32-oz-Hospital-Water-Cup-with-Straw-and-Lid-10.webp\" alt=\"Hospital Vasos de pl\u00e1stico para agua\" width=\"1492\" height=\"1500\" srcset=\"https:\/\/customizedwaterbottles.com\/wp-content\/uploads\/2025\/12\/32-oz-Hospital-Water-Cup-with-Straw-and-Lid-10.webp 1492w, https:\/\/customizedwaterbottles.com\/wp-content\/uploads\/2025\/12\/32-oz-Hospital-Water-Cup-with-Straw-and-Lid-10-1019x1024.webp 1019w, https:\/\/customizedwaterbottles.com\/wp-content\/uploads\/2025\/12\/32-oz-Hospital-Water-Cup-with-Straw-and-Lid-10-768x772.webp 768w, https:\/\/customizedwaterbottles.com\/wp-content\/uploads\/2025\/12\/32-oz-Hospital-Water-Cup-with-Straw-and-Lid-10-12x12.webp 12w, https:\/\/customizedwaterbottles.com\/wp-content\/uploads\/2025\/12\/32-oz-Hospital-Water-Cup-with-Straw-and-Lid-10-600x603.webp 600w, https:\/\/customizedwaterbottles.com\/wp-content\/uploads\/2025\/12\/32-oz-Hospital-Water-Cup-with-Straw-and-Lid-10-100x100.webp 100w\" sizes=\"(max-width: 1492px) 100vw, 1492px\" \/><\/li>\n<\/ul>\n<h3><span style=\"color: #000000;\"><strong>Servicios personalizados: \u00a0<\/strong><\/span><\/h3>\n<ul>\n<li><span style=\"color: #000000;\"><strong>Logotipo y dise\u00f1o:<\/strong> Ifun hidro mini botella personalizada su logotipo de la marca. Podemos hacer que su logotipo y el dise\u00f1o con serigraf\u00eda, grabado l\u00e1ser, transferencia de calor, impresi\u00f3n 3D, impresi\u00f3n UV, etc.<\/span><\/li>\n<li><span style=\"color: #000000;\"><strong>Color:<\/strong> Los colores se pueden personalizar seg\u00fan el n\u00famero de color pantone, podemos hacerlo con acabado mate, pintura brillante, recubrimiento en polvo, etc.<\/span><\/li>\n<li><span style=\"color: #000000;\"><strong>Capacidad:<\/strong> Tenemos 16oz otra capacidad tambi\u00e9n podemos personalizar para usted.<\/span><\/li>\n<li><span style=\"color: #000000;\"><strong>Tapas: <\/strong>100% Tapa herm\u00e9tica BPA FREE, el color se puede personalizar.<\/span><\/li>\n<li><span style=\"color: #000000;\"><strong>Paquete: <\/strong>Caja de color, caja blanca, caja de regalo, caja de cart\u00f3n marr\u00f3n, caja cil\u00edndrica, etc.<\/span><\/li>\n<\/ul>","protected":false},"featured_media":4520,"comment_status":"open","ping_status":"closed","template":"","meta":[],"product_brand":[],"product_cat":[288],"product_tag":[301],"class_list":{"0":"post-4514","1":"product","2":"type-product","3":"status-publish","4":"has-post-thumbnail","6":"product_cat-plastic-water-bottles","7":"product_tag-plastic-drinkware","9":"first","10":"instock","11":"shipping-taxable","12":"product-type-simple"},"yoast_head":"<!-- This site is optimized with the Yoast SEO plugin v25.4 - https:\/\/yoast.com\/wordpress\/plugins\/seo\/ -->\n<title>32 oz Insulated Double Walled Hospital Water Cup With Straw and Lid 10816003PB - iFun<\/title>\n<meta name=\"description\" content=\"Creative Design Hospital Water Cup with Handle and Straw \u2014ideal for OEM\/ODM brands Insulated Double Walled Elderly Plastic Drinking Hospital Carafe Mug\" \/>\n<meta name=\"robots\" content=\"index, follow, max-snippet:-1, max-image-preview:large, max-video-preview:-1\" \/>\n<link rel=\"canonical\" href=\"https:\/\/customizedwaterbottles.com\/es\/product\/32-oz-insulated-double-walled-hospital-water-cup-with-straw-and-lid\/\" \/>\n<meta property=\"og:locale\" content=\"es_ES\" \/>\n<meta property=\"og:type\" content=\"article\" \/>\n<meta property=\"og:title\" content=\"32 oz Insulated Double Walled Hospital Water Cup With Straw and Lid 10816003PB - iFun\" \/>\n<meta property=\"og:description\" content=\"Creative Design Hospital Water Cup with Handle and Straw \u2014ideal for OEM\/ODM brands Insulated Double Walled Elderly Plastic Drinking Hospital Carafe Mug\" \/>\n<meta property=\"og:url\" content=\"https:\/\/customizedwaterbottles.com\/es\/product\/32-oz-insulated-double-walled-hospital-water-cup-with-straw-and-lid\/\" \/>\n<meta property=\"og:site_name\" content=\"iFun\" \/>\n<meta property=\"article:modified_time\" content=\"2025-12-17T08:37:46+00:00\" \/>\n<meta property=\"og:image\" content=\"https:\/\/customizedwaterbottles.com\/wp-content\/uploads\/2025\/12\/32-oz-Hospital-Water-Cup-with-Straw-and-Lid-3.webp\" \/>\n\t<meta property=\"og:image:width\" content=\"2000\" \/>\n\t<meta property=\"og:image:height\" content=\"2000\" \/>\n\t<meta property=\"og:image:type\" content=\"image\/webp\" \/>\n<meta name=\"twitter:card\" content=\"summary_large_image\" \/>\n<meta name=\"twitter:label1\" content=\"Tiempo de lectura\" \/>\n\t<meta name=\"twitter:data1\" content=\"2 minutos\" \/>\n<script type=\"application\/ld+json\" class=\"yoast-schema-graph\">{\"@context\":\"https:\/\/schema.org\",\"@graph\":[{\"@type\":\"WebPage\",\"@id\":\"https:\/\/customizedwaterbottles.com\/product\/32-oz-insulated-double-walled-hospital-water-cup-with-straw-and-lid\/\",\"url\":\"https:\/\/customizedwaterbottles.com\/product\/32-oz-insulated-double-walled-hospital-water-cup-with-straw-and-lid\/\",\"name\":\"32 oz Insulated Double Walled Hospital Water Cup With Straw and Lid 10816003PB - iFun\",\"isPartOf\":{\"@id\":\"https:\/\/customizedwaterbottles.com\/#website\"},\"primaryImageOfPage\":{\"@id\":\"https:\/\/customizedwaterbottles.com\/product\/32-oz-insulated-double-walled-hospital-water-cup-with-straw-and-lid\/#primaryimage\"},\"image\":{\"@id\":\"https:\/\/customizedwaterbottles.com\/product\/32-oz-insulated-double-walled-hospital-water-cup-with-straw-and-lid\/#primaryimage\"},\"thumbnailUrl\":\"https:\/\/customizedwaterbottles.com\/wp-content\/uploads\/2025\/12\/32-oz-Hospital-Water-Cup-with-Straw-and-Lid-3.webp\",\"datePublished\":\"2025-12-16T09:29:57+00:00\",\"dateModified\":\"2025-12-17T08:37:46+00:00\",\"description\":\"Creative Design Hospital Water Cup with Handle and Straw \u2014ideal for OEM\/ODM brands Insulated Double Walled Elderly Plastic Drinking Hospital Carafe Mug\",\"breadcrumb\":{\"@id\":\"https:\/\/customizedwaterbottles.com\/product\/32-oz-insulated-double-walled-hospital-water-cup-with-straw-and-lid\/#breadcrumb\"},\"inLanguage\":\"es\",\"potentialAction\":[{\"@type\":\"ReadAction\",\"target\":[\"https:\/\/customizedwaterbottles.com\/product\/32-oz-insulated-double-walled-hospital-water-cup-with-straw-and-lid\/\"]}]},{\"@type\":\"ImageObject\",\"inLanguage\":\"es\",\"@id\":\"https:\/\/customizedwaterbottles.com\/product\/32-oz-insulated-double-walled-hospital-water-cup-with-straw-and-lid\/#primaryimage\",\"url\":\"https:\/\/customizedwaterbottles.com\/wp-content\/uploads\/2025\/12\/32-oz-Hospital-Water-Cup-with-Straw-and-Lid-3.webp\",\"contentUrl\":\"https:\/\/customizedwaterbottles.com\/wp-content\/uploads\/2025\/12\/32-oz-Hospital-Water-Cup-with-Straw-and-Lid-3.webp\",\"width\":2000,\"height\":2000,\"caption\":\"Hospital Plastic water cups\"},{\"@type\":\"BreadcrumbList\",\"@id\":\"https:\/\/customizedwaterbottles.com\/product\/32-oz-insulated-double-walled-hospital-water-cup-with-straw-and-lid\/#breadcrumb\",\"itemListElement\":[{\"@type\":\"ListItem\",\"position\":1,\"name\":\"Home\",\"item\":\"https:\/\/customizedwaterbottles.com\/\"},{\"@type\":\"ListItem\",\"position\":2,\"name\":\"Products\",\"item\":\"https:\/\/customizedwaterbottles.com\/wholesale-drinkware-manufacturer-water-bottles-tumblers\/\"},{\"@type\":\"ListItem\",\"position\":3,\"name\":\"32 oz Insulated Double Walled Hospital Water Cup With Straw and Lid 10816003PB\"}]},{\"@type\":\"WebSite\",\"@id\":\"https:\/\/customizedwaterbottles.com\/#website\",\"url\":\"https:\/\/customizedwaterbottles.com\/\",\"name\":\"iFun\",\"description\":\"Water Bottles Stainless Steel Vacuum Flask\",\"potentialAction\":[{\"@type\":\"SearchAction\",\"target\":{\"@type\":\"EntryPoint\",\"urlTemplate\":\"https:\/\/customizedwaterbottles.com\/?s={search_term_string}\"},\"query-input\":{\"@type\":\"PropertyValueSpecification\",\"valueRequired\":true,\"valueName\":\"search_term_string\"}}],\"inLanguage\":\"es\"}]}<\/script>\n<!-- \/ Yoast SEO plugin. -->","yoast_head_json":{"title":"32 oz Insulated Double Walled Hospital Water Cup With Straw and Lid 10816003PB - iFun","description":"Creative Design Hospital Water Cup with Handle and Straw \u2014ideal for OEM\/ODM brands Insulated Double Walled Elderly Plastic Drinking Hospital Carafe Mug","robots":{"index":"index","follow":"follow","max-snippet":"max-snippet:-1","max-image-preview":"max-image-preview:large","max-video-preview":"max-video-preview:-1"},"canonical":"https:\/\/customizedwaterbottles.com\/es\/product\/32-oz-insulated-double-walled-hospital-water-cup-with-straw-and-lid\/","og_locale":"es_ES","og_type":"article","og_title":"32 oz Insulated Double Walled Hospital Water Cup With Straw and Lid 10816003PB - iFun","og_description":"Creative Design Hospital Water Cup with Handle and Straw \u2014ideal for OEM\/ODM brands Insulated Double Walled Elderly Plastic Drinking Hospital Carafe Mug","og_url":"https:\/\/customizedwaterbottles.com\/es\/product\/32-oz-insulated-double-walled-hospital-water-cup-with-straw-and-lid\/","og_site_name":"iFun","article_modified_time":"2025-12-17T08:37:46+00:00","og_image":[{"width":2000,"height":2000,"url":"https:\/\/customizedwaterbottles.com\/wp-content\/uploads\/2025\/12\/32-oz-Hospital-Water-Cup-with-Straw-and-Lid-3.webp","type":"image\/webp"}],"twitter_card":"summary_large_image","twitter_misc":{"Tiempo de lectura":"2 minutos"},"schema":{"@context":"https:\/\/schema.org","@graph":[{"@type":"WebPage","@id":"https:\/\/customizedwaterbottles.com\/product\/32-oz-insulated-double-walled-hospital-water-cup-with-straw-and-lid\/","url":"https:\/\/customizedwaterbottles.com\/product\/32-oz-insulated-double-walled-hospital-water-cup-with-straw-and-lid\/","name":"32 oz Insulated Double Walled Hospital Water Cup With Straw and Lid 10816003PB - iFun","isPartOf":{"@id":"https:\/\/customizedwaterbottles.com\/#website"},"primaryImageOfPage":{"@id":"https:\/\/customizedwaterbottles.com\/product\/32-oz-insulated-double-walled-hospital-water-cup-with-straw-and-lid\/#primaryimage"},"image":{"@id":"https:\/\/customizedwaterbottles.com\/product\/32-oz-insulated-double-walled-hospital-water-cup-with-straw-and-lid\/#primaryimage"},"thumbnailUrl":"https:\/\/customizedwaterbottles.com\/wp-content\/uploads\/2025\/12\/32-oz-Hospital-Water-Cup-with-Straw-and-Lid-3.webp","datePublished":"2025-12-16T09:29:57+00:00","dateModified":"2025-12-17T08:37:46+00:00","description":"Creative Design Hospital Water Cup with Handle and Straw \u2014ideal for OEM\/ODM brands Insulated Double Walled Elderly Plastic Drinking Hospital Carafe Mug","breadcrumb":{"@id":"https:\/\/customizedwaterbottles.com\/product\/32-oz-insulated-double-walled-hospital-water-cup-with-straw-and-lid\/#breadcrumb"},"inLanguage":"es","potentialAction":[{"@type":"ReadAction","target":["https:\/\/customizedwaterbottles.com\/product\/32-oz-insulated-double-walled-hospital-water-cup-with-straw-and-lid\/"]}]},{"@type":"ImageObject","inLanguage":"es","@id":"https:\/\/customizedwaterbottles.com\/product\/32-oz-insulated-double-walled-hospital-water-cup-with-straw-and-lid\/#primaryimage","url":"https:\/\/customizedwaterbottles.com\/wp-content\/uploads\/2025\/12\/32-oz-Hospital-Water-Cup-with-Straw-and-Lid-3.webp","contentUrl":"https:\/\/customizedwaterbottles.com\/wp-content\/uploads\/2025\/12\/32-oz-Hospital-Water-Cup-with-Straw-and-Lid-3.webp","width":2000,"height":2000,"caption":"Hospital Plastic water cups"},{"@type":"BreadcrumbList","@id":"https:\/\/customizedwaterbottles.com\/product\/32-oz-insulated-double-walled-hospital-water-cup-with-straw-and-lid\/#breadcrumb","itemListElement":[{"@type":"ListItem","position":1,"name":"Home","item":"https:\/\/customizedwaterbottles.com\/"},{"@type":"ListItem","position":2,"name":"Products","item":"https:\/\/customizedwaterbottles.com\/wholesale-drinkware-manufacturer-water-bottles-tumblers\/"},{"@type":"ListItem","position":3,"name":"32 oz Insulated Double Walled Hospital Water Cup With Straw and Lid 10816003PB"}]},{"@type":"WebSite","@id":"https:\/\/customizedwaterbottles.com\/#website","url":"https:\/\/customizedwaterbottles.com\/","name":"iFun","description":"Water Bottles Stainless Steel Vacuum Flask","potentialAction":[{"@type":"SearchAction","target":{"@type":"EntryPoint","urlTemplate":"https:\/\/customizedwaterbottles.com\/?s={search_term_string}"},"query-input":{"@type":"PropertyValueSpecification","valueRequired":true,"valueName":"search_term_string"}}],"inLanguage":"es"}]}},"_links":{"self":[{"href":"https:\/\/customizedwaterbottles.com\/es\/wp-json\/wp\/v2\/product\/4514","targetHints":{"allow":["GET"]}}],"collection":[{"href":"https:\/\/customizedwaterbottles.com\/es\/wp-json\/wp\/v2\/product"}],"about":[{"href":"https:\/\/customizedwaterbottles.com\/es\/wp-json\/wp\/v2\/types\/product"}],"replies":[{"embeddable":true,"href":"https:\/\/customizedwaterbottles.com\/es\/wp-json\/wp\/v2\/comments?post=4514"}],"wp:featuredmedia":[{"embeddable":true,"href":"https:\/\/customizedwaterbottles.com\/es\/wp-json\/wp\/v2\/media\/4520"}],"wp:attachment":[{"href":"https:\/\/customizedwaterbottles.com\/es\/wp-json\/wp\/v2\/media?parent=4514"}],"wp:term":[{"taxonomy":"product_brand","embeddable":true,"href":"https:\/\/customizedwaterbottles.com\/es\/wp-json\/wp\/v2\/product_brand?post=4514"},{"taxonomy":"product_cat","embeddable":true,"href":"https:\/\/customizedwaterbottles.com\/es\/wp-json\/wp\/v2\/product_cat?post=4514"},{"taxonomy":"product_tag","embeddable":true,"href":"https:\/\/customizedwaterbottles.com\/es\/wp-json\/wp\/v2\/product_tag?post=4514"}],"curies":[{"name":"wp","href":"https:\/\/api.w.org\/{rel}","templated":true}]}}