{"id":4529,"date":"2025-12-17T03:13:38","date_gmt":"2025-12-17T03:13:38","guid":{"rendered":"https:\/\/customizedwaterbottles.com\/?post_type=product&#038;p=4529"},"modified":"2025-12-17T08:39:59","modified_gmt":"2025-12-17T08:39:59","slug":"customizable-logo-500ml-double-layer-plastic-sports-shaker-water-bottle","status":"publish","type":"product","link":"https:\/\/customizedwaterbottles.com\/es\/product\/customizable-logo-500ml-double-layer-plastic-sports-shaker-water-bottle\/","title":{"rendered":"Logotipo Personalizable 500ml Doble Capa de Pl\u00e1stico Deportes Shaker Botella de Agua1081661P"},"content":{"rendered":"<p><strong>Product Name\uff1aMilkshake Bottle, Sports Supplements Shakers, Protein Powder Nutrition Milkshake Mixing Shaker Cup with Wire Whisk Balls<\/strong><strong><br \/>\n<\/strong><strong>Capacidad\uff1a<\/strong>500ml 17oz<br \/>\n<strong>Accesorios\uff1a <\/strong>CON TAPA Y ASA<strong><br \/>\nMaterial de la botella: <\/strong>Trit\u00e1n sin BPA<strong><br \/>\nMaterial de la tapa: <\/strong>PP + Silicona<strong><br \/>\nColor\uff1a<\/strong>A medida o en stock<strong><br \/>\nLogotipo\uff1a<\/strong>Logotipo personalizado Acceptabl. Serigraf\u00eda, impresi\u00f3n por transferencia t\u00e9rmica, grabado l\u00e1ser, transferencia de agua, etc.<strong><br \/>\n<\/strong><strong>Tipo de botella\uff1a <\/strong>Boca ancha<strong><br \/>\nSin BPA: <\/strong>S\u00ed<strong><br \/>\nSin ftalatos: <\/strong>S\u00ed<strong><br \/>\nSin plomo:<\/strong> S\u00ed<strong><br \/>\nRespetuoso con el medio ambiente: <\/strong>S\u00ed<strong><br \/>\nOEM: <\/strong>Acogida<strong><br \/>\n<\/strong><strong>MOQ\uff1a<\/strong>300 unidades<br \/>\n<strong>Tiempo de muestreo\uff1a<\/strong>3-7 d\u00edas para dise\u00f1os personalizados<br \/>\n<strong>Certificaci\u00f3n\uff1a<\/strong>FDA, LFGB<br \/>\n<strong>Embalaje<\/strong>\uff1aCaja blanca, caja de color o caja de dise\u00f1o personalizado.<br \/>\n<strong>Capacidad de producci\u00f3n\uff1a<\/strong>500.000 unidades al mes<br \/>\n<strong>Plazo de entrega\uff1a<\/strong>5-25 d\u00edas para cantidades inferiores a 20.000 unidades<\/p>\n<h3><strong>Why Choose Ifun Tritan Water Bottle \uff1f<\/strong><\/h3>\n<ol>\n<li><strong>Calidad y seguridad certificadas<\/strong><br \/>\nNuestras botellas de agua Tritan cumplen las normas internacionales (CE, FDA, CA65\/Prop65, LFGB), lo que garantiza productos seguros, duraderos y sin BPA para sus clientes.<\/li>\n<li><strong style=\"color: #555555;\">\u00a0Destaque con dise\u00f1os personalizados<br \/>\n<\/strong>Su marca se merece una botella \u00fanica que llame la atenci\u00f3n. Con los dise\u00f1os elegantes y personalizables de Anhui iFun, su botella de agua Tritan reflejar\u00e1 la identidad de su marca y le ayudar\u00e1 a destacar en un mercado competitivo.<\/li>\n<li><strong style=\"color: #555555;\">Riguroso control de calidad<br \/>\n<\/strong>La calidad est\u00e1 en el coraz\u00f3n de nuestro proceso de fabricaci\u00f3n. Nuestro dedicado equipo de inspectores garantiza que cada Botella de Agua Tritan cumpla unas normas estrictas antes de llegar a sus clientes de todo el mundo.<\/li>\n<li><strong style=\"color: #555555;\">Proteger su marca y sus ideas<br \/>\n<\/strong>Respetamos la propiedad intelectual y la confidencialidad. Si es necesario, estaremos encantados de firmar acuerdos NDA o NNN para salvaguardar sus dise\u00f1os OEM\/ODM.<\/li>\n<li><strong style=\"color: #555555;\">Producci\u00f3n eficiente y automatizada<br \/>\n<\/strong>Especializados en la fabricaci\u00f3n de bebidas, aprovechamos las l\u00edneas de producci\u00f3n avanzadas y las tecnolog\u00edas de la Industria 4.0 para ofrecer productos rentables y de alta calidad con precios competitivos.<\/li>\n<li><strong style=\"color: #555555;\">Experiencia OEM\/ODM<br \/>\n<\/strong>Nuestros experimentados ingenieros, con m\u00e1s de 20 a\u00f1os de experiencia en la fabricaci\u00f3n de art\u00edculos de bebida, pueden transformar sus ideas en una botella para bicicleta con bid\u00f3n listo para el mercado, ayud\u00e1ndole a crear superventas.<\/li>\n<li><strong style=\"color: #555555;\">Servicios completos de personalizaci\u00f3n<br \/>\n<\/strong>Desde el moldeo hasta el envasado, ofrecemos una personalizaci\u00f3n integral para satisfacer las necesidades de su marca:<br \/>\n<strong style=\"color: #555555;\">Moldeo a medida<\/strong><span style=\"color: #555555;\"> - <\/span><a href=\"https:\/\/customizedwaterbottles.com\/es\/custom-water-bottle-mold-maker-bpa-free-vacuum-flask-oem\/\" target=\"_blank\" rel=\"noopener\">https:\/\/customizedwaterbottles.com\/custom-water-bottle-mold-maker-bpa-free-vacuum-flask-oem\/<\/a><br \/>\n<strong style=\"color: #555555;\">Decoraci\u00f3n a medida<\/strong><span style=\"color: #555555;\"> -<\/span><a href=\"https:\/\/customizedwaterbottles.com\/es\/graphic-design-water-bottles-custom-stainless-steel-oem\/\" target=\"_blank\" rel=\"noopener\"> https:\/\/customizedwaterbottles.com\/graphic-design-water-bottles-custom-stainless-steel-oem\/<\/a><br \/>\n<strong style=\"color: #555555;\">Logotipos y embalajes personalizados<\/strong><span style=\"color: #555555;\"> - <\/span><a href=\"https:\/\/customizedwaterbottles.com\/es\/wholesale-custom-packaging-for-water-bottles-tumblers\/\" target=\"_blank\" rel=\"noopener\">https:\/\/customizedwaterbottles.com\/wholesale-custom-packaging-for-water-bottles-tumblers\/<\/a><br \/>\n<strong style=\"color: #555555;\">Regalo personalizado<\/strong><span style=\"color: #555555;\"> - <\/span><a href=\"https:\/\/customizedwaterbottles.com\/es\/promotional-drinkware-for-businesses-custom-branded-gifts\/\" target=\"_blank\" rel=\"noopener\">https:\/\/customizedwaterbottles.com\/promotional-drinkware-for-businesses-custom-branded-gifts\/<\/a><\/li>\n<\/ol>\n[post-link-list]\n<p><img decoding=\"async\" class=\"alignnone size-full wp-image-4531\" src=\"https:\/\/customizedwaterbottles.com\/wp-content\/uploads\/2025\/12\/500ml-shaker-bottles-2.webp\" alt=\"Detials of Protein Shake Bottles\" width=\"800\" height=\"800\" srcset=\"https:\/\/customizedwaterbottles.com\/wp-content\/uploads\/2025\/12\/500ml-shaker-bottles-2.webp 800w, https:\/\/customizedwaterbottles.com\/wp-content\/uploads\/2025\/12\/500ml-shaker-bottles-2-768x768.webp 768w, https:\/\/customizedwaterbottles.com\/wp-content\/uploads\/2025\/12\/500ml-shaker-bottles-2-12x12.webp 12w, https:\/\/customizedwaterbottles.com\/wp-content\/uploads\/2025\/12\/500ml-shaker-bottles-2-300x300.webp 300w, https:\/\/customizedwaterbottles.com\/wp-content\/uploads\/2025\/12\/500ml-shaker-bottles-2-600x600.webp 600w, https:\/\/customizedwaterbottles.com\/wp-content\/uploads\/2025\/12\/500ml-shaker-bottles-2-100x100.webp 100w\" sizes=\"(max-width: 800px) 100vw, 800px\" \/> <img decoding=\"async\" class=\"alignnone size-full wp-image-4532\" src=\"https:\/\/customizedwaterbottles.com\/wp-content\/uploads\/2025\/12\/500ml-shaker-bottles-3.webp\" alt=\"OEM Fitness Protein Shake Bottles\" width=\"800\" height=\"800\" srcset=\"https:\/\/customizedwaterbottles.com\/wp-content\/uploads\/2025\/12\/500ml-shaker-bottles-3.webp 800w, https:\/\/customizedwaterbottles.com\/wp-content\/uploads\/2025\/12\/500ml-shaker-bottles-3-768x768.webp 768w, https:\/\/customizedwaterbottles.com\/wp-content\/uploads\/2025\/12\/500ml-shaker-bottles-3-12x12.webp 12w, https:\/\/customizedwaterbottles.com\/wp-content\/uploads\/2025\/12\/500ml-shaker-bottles-3-300x300.webp 300w, https:\/\/customizedwaterbottles.com\/wp-content\/uploads\/2025\/12\/500ml-shaker-bottles-3-600x600.webp 600w, https:\/\/customizedwaterbottles.com\/wp-content\/uploads\/2025\/12\/500ml-shaker-bottles-3-100x100.webp 100w\" sizes=\"(max-width: 800px) 100vw, 800px\" \/> <img decoding=\"async\" class=\"alignnone size-full wp-image-4533\" src=\"https:\/\/customizedwaterbottles.com\/wp-content\/uploads\/2025\/12\/popular-shaker-bottles-2.webp\" alt=\"Custom Protein Shake Bottles\" width=\"800\" height=\"800\" srcset=\"https:\/\/customizedwaterbottles.com\/wp-content\/uploads\/2025\/12\/popular-shaker-bottles-2.webp 800w, https:\/\/customizedwaterbottles.com\/wp-content\/uploads\/2025\/12\/popular-shaker-bottles-2-768x768.webp 768w, https:\/\/customizedwaterbottles.com\/wp-content\/uploads\/2025\/12\/popular-shaker-bottles-2-12x12.webp 12w, https:\/\/customizedwaterbottles.com\/wp-content\/uploads\/2025\/12\/popular-shaker-bottles-2-300x300.webp 300w, https:\/\/customizedwaterbottles.com\/wp-content\/uploads\/2025\/12\/popular-shaker-bottles-2-600x600.webp 600w, https:\/\/customizedwaterbottles.com\/wp-content\/uploads\/2025\/12\/popular-shaker-bottles-2-100x100.webp 100w\" sizes=\"(max-width: 800px) 100vw, 800px\" \/> <img decoding=\"async\" class=\"alignnone size-full wp-image-4534\" src=\"https:\/\/customizedwaterbottles.com\/wp-content\/uploads\/2025\/12\/popular-shaker-bottles-4.webp\" alt=\"Brand Protein Shake Bottles\" width=\"800\" height=\"800\" srcset=\"https:\/\/customizedwaterbottles.com\/wp-content\/uploads\/2025\/12\/popular-shaker-bottles-4.webp 800w, https:\/\/customizedwaterbottles.com\/wp-content\/uploads\/2025\/12\/popular-shaker-bottles-4-768x768.webp 768w, https:\/\/customizedwaterbottles.com\/wp-content\/uploads\/2025\/12\/popular-shaker-bottles-4-12x12.webp 12w, https:\/\/customizedwaterbottles.com\/wp-content\/uploads\/2025\/12\/popular-shaker-bottles-4-300x300.webp 300w, https:\/\/customizedwaterbottles.com\/wp-content\/uploads\/2025\/12\/popular-shaker-bottles-4-600x600.webp 600w, https:\/\/customizedwaterbottles.com\/wp-content\/uploads\/2025\/12\/popular-shaker-bottles-4-100x100.webp 100w\" sizes=\"(max-width: 800px) 100vw, 800px\" \/> \u00a0 \u00a0 \u00a0\u00a0<img decoding=\"async\" class=\"alignnone size-full wp-image-4541\" src=\"https:\/\/customizedwaterbottles.com\/wp-content\/uploads\/2025\/12\/shaker-bottles-7.webp\" alt=\"Batidos de prote\u00ednas\" width=\"800\" height=\"800\" srcset=\"https:\/\/customizedwaterbottles.com\/wp-content\/uploads\/2025\/12\/shaker-bottles-7.webp 800w, https:\/\/customizedwaterbottles.com\/wp-content\/uploads\/2025\/12\/shaker-bottles-7-768x768.webp 768w, https:\/\/customizedwaterbottles.com\/wp-content\/uploads\/2025\/12\/shaker-bottles-7-12x12.webp 12w, https:\/\/customizedwaterbottles.com\/wp-content\/uploads\/2025\/12\/shaker-bottles-7-300x300.webp 300w, https:\/\/customizedwaterbottles.com\/wp-content\/uploads\/2025\/12\/shaker-bottles-7-600x600.webp 600w, https:\/\/customizedwaterbottles.com\/wp-content\/uploads\/2025\/12\/shaker-bottles-7-100x100.webp 100w\" sizes=\"(max-width: 800px) 100vw, 800px\" \/><\/p>\n<p>&nbsp;<\/p>","protected":false},"excerpt":{"rendered":"<h3><strong>\u00a0 \u00a0 \u00a0 \u00a0Caracter\u00edsticas del producto:\u00a0 <span style=\"font-size: 80%;\">600ml Gym Fitness Sports Water Bottle \u2013 Portable, Leak-Proof &amp; Versatile<\/span><\/strong><\/h3>\n<ul>\n<li><strong>\u00a0Equilibrio perfecto entre portabilidad e hidrataci\u00f3n<\/strong><br \/>\nNuestra botella de agua deportiva para gimnasio de 500 ml ofrece el equilibrio ideal entre tama\u00f1o compacto e hidrataci\u00f3n suficiente. Dise\u00f1ada para caber perfectamente en la mayor\u00eda de portavasos y bolsas de deporte, ofrece comodidad sin un volumen innecesario, perfecta para entrenamientos, viajes y uso diario.<\/li>\n<li><strong>Garant\u00eda a prueba de fugas<\/strong><br \/>\nThe secure, leak-proof lid minimizes spills and messes, making this water bottle perfect for use in the office, at the gym, during workouts, or while traveling.<\/li>\n<li><strong>Ideal para batidos de prote\u00ednas y mezclas nutricionales<\/strong><br \/>\nLa botella Gym Fitness Essential est\u00e1 especialmente dise\u00f1ada para mezclar prote\u00ednas en polvo y batidos nutricionales con facilidad. Su dise\u00f1o compacto pero eficiente le permite mezclar r\u00e1pidamente sus suplementos favoritos, por lo que es un compa\u00f1ero esencial para el pre-entrenamiento, post-entrenamiento, o la nutrici\u00f3n sobre la marcha.<\/li>\n<li><strong>Boca ancha para facilitar su uso<\/strong><br \/>\nCuenta con una amplia abertura que facilita enormemente la adici\u00f3n de cubitos de hielo, el vertido de bebidas y la limpieza. La abertura tambi\u00e9n se adapta a la mayor\u00eda de los filtros de agua para mayor comodidad.<\/li>\n<li><strong>Pr\u00e1ctico y port\u00e1til para deportes y viajes<\/strong><br \/>\nLigera y f\u00e1cil de transportar, esta botella de agua port\u00e1til para fitness se adapta perfectamente a un estilo de vida activo. Ideal para sesiones de gimnasio, ciclismo, senderismo, yoga o uso en la oficina, est\u00e1 dise\u00f1ada para una hidrataci\u00f3n sin esfuerzo all\u00e1 donde vayas.<\/li>\n<li><strong>Dise\u00f1o ergon\u00f3mico para un agarre c\u00f3modo<\/strong><br \/>\nEsta botella de agua deportiva ergon\u00f3mica presenta una forma aerodin\u00e1mica que resulta f\u00e1cil de sujetar, transportar y beber en movimiento. Tanto si levantas pesas como si corres o vas al trabajo, su c\u00f3modo agarre garantiza un manejo sin esfuerzo durante cualquier actividad.<\/li>\n<li><strong>Dise\u00f1ado para estilos de vida activos\u00a0<\/strong><br \/>\nFabricado con material Tritan de primera calidad sin BPA que resiste el desgaste diario. 100% Sin BPA, BPS ni ftalatos. Con una capacidad de 500 ml, esta botella deportiva proporciona un amplio almacenamiento de l\u00edquido para mantenerte hidratado durante tus sesiones de fitness. Ofrece el punto intermedio perfecto: lo suficientemente grande como para alimentar el rendimiento, pero lo suficientemente port\u00e1til como para llevarla a diario.<\/li>\n<li class=\"a-spacing-mini\">\n<hr data-start=\"1473\" data-end=\"1476\" \/>\n<h3 data-start=\"1478\" data-end=\"1523\">Botella vers\u00e1til para m\u00faltiples bebidas<\/h3>\n<p data-start=\"1524\" data-end=\"1577\">En <strong data-start=\"1528\" data-end=\"1560\">vers\u00e1til botella de agua de 500 ml<\/strong> es adecuado para:<\/p>\n<ul data-start=\"1578\" data-end=\"1644\">\n<li data-start=\"1578\" data-end=\"1587\">\n<p data-start=\"1580\" data-end=\"1587\">Agua<\/p>\n<\/li>\n<li data-start=\"1588\" data-end=\"1606\">\n<p data-start=\"1590\" data-end=\"1606\">Batidos de prote\u00ednas<\/p>\n<\/li>\n<li data-start=\"1607\" data-end=\"1621\">\n<p data-start=\"1609\" data-end=\"1621\">Batidos<\/p>\n<\/li>\n<li data-start=\"1622\" data-end=\"1644\">\n<p data-start=\"1624\" data-end=\"1644\">Bebidas nutritivas<\/p>\n<\/li>\n<\/ul>\n<p data-start=\"1646\" data-end=\"1772\">Su adaptabilidad lo convierte en una soluci\u00f3n de hidrataci\u00f3n y nutrici\u00f3n todo en uno para los entrenamientos en el gimnasio, los deportes al aire libre y las rutinas diarias.<\/p>\n<\/li>\n<li>\n<h3><strong>\u00a0Servicios personalizados:<\/strong><\/h3>\n<\/li>\n<li><strong>Logotipo y dise\u00f1o:<\/strong> Personalice sus botellas de agua con logotipos y dise\u00f1os mediante t\u00e9cnicas como la serigraf\u00eda, el grabado l\u00e1ser, la transferencia t\u00e9rmica o la impresi\u00f3n UV.<\/li>\n<li><strong>Opciones de color:<\/strong> Elija entre colores Pantone con distintos acabados, como superficies mates, brillantes o texturizadas, para que se adapten a la identidad de su marca.<\/li>\n<li><strong>Variedad de capacidades:<\/strong> Available in 32oz (1L) 16oz, with options for custom capacities to meet specific market needs.<\/li>\n<li><strong>Personalizaci\u00f3n de la tapa:<\/strong> Elija entre 100% tapas sin BPA a prueba de fugas en colores y estilos personalizables.<\/li>\n<li><strong>Soluciones de envasado:<\/strong> M\u00faltiples opciones que incluyen cajas de colores, cajas de regalo, envases ecol\u00f3gicos y envases personalizados para minoristas adaptados a sus necesidades.<\/li>\n<\/ul>","protected":false},"featured_media":4530,"comment_status":"open","ping_status":"closed","template":"","meta":[],"product_brand":[],"product_cat":[36,25],"product_tag":[51],"class_list":{"0":"post-4529","1":"product","2":"type-product","3":"status-publish","4":"has-post-thumbnail","6":"product_cat-plastic-drinkware","7":"product_cat-protein-shaker-bottles","8":"product_tag-protein-shaker-bottles","10":"first","11":"instock","12":"shipping-taxable","13":"product-type-simple"},"yoast_head":"<!-- This site is optimized with the Yoast SEO plugin v25.4 - https:\/\/yoast.com\/wordpress\/plugins\/seo\/ -->\n<title>Cusrom 500ml Double Layer Plastic Sports Shaker Water Bottle<\/title>\n<meta name=\"description\" content=\"Stay hydrated on the go with this Custom 500ml gym fitness water bottle. Leak-proof, portable, and perfect for protein shakes, sports, and everyday workout\" \/>\n<meta name=\"robots\" content=\"index, follow, max-snippet:-1, max-image-preview:large, max-video-preview:-1\" \/>\n<link rel=\"canonical\" href=\"https:\/\/customizedwaterbottles.com\/es\/product\/customizable-logo-500ml-double-layer-plastic-sports-shaker-water-bottle\/\" \/>\n<meta property=\"og:locale\" content=\"es_ES\" \/>\n<meta property=\"og:type\" content=\"article\" \/>\n<meta property=\"og:title\" content=\"Cusrom 500ml Double Layer Plastic Sports Shaker Water Bottle\" \/>\n<meta property=\"og:description\" content=\"Stay hydrated on the go with this Custom 500ml gym fitness water bottle. Leak-proof, portable, and perfect for protein shakes, sports, and everyday workout\" \/>\n<meta property=\"og:url\" content=\"https:\/\/customizedwaterbottles.com\/es\/product\/customizable-logo-500ml-double-layer-plastic-sports-shaker-water-bottle\/\" \/>\n<meta property=\"og:site_name\" content=\"iFun\" \/>\n<meta property=\"article:modified_time\" content=\"2025-12-17T08:39:59+00:00\" \/>\n<meta property=\"og:image\" content=\"https:\/\/customizedwaterbottles.com\/wp-content\/uploads\/2025\/12\/shaker-bottles-8.webp\" \/>\n\t<meta property=\"og:image:width\" content=\"800\" \/>\n\t<meta property=\"og:image:height\" content=\"800\" \/>\n\t<meta property=\"og:image:type\" content=\"image\/webp\" \/>\n<meta name=\"twitter:card\" content=\"summary_large_image\" \/>\n<meta name=\"twitter:label1\" content=\"Tiempo de lectura\" \/>\n\t<meta name=\"twitter:data1\" content=\"3 minutos\" \/>\n<script type=\"application\/ld+json\" class=\"yoast-schema-graph\">{\"@context\":\"https:\/\/schema.org\",\"@graph\":[{\"@type\":\"WebPage\",\"@id\":\"https:\/\/customizedwaterbottles.com\/product\/customizable-logo-500ml-double-layer-plastic-sports-shaker-water-bottle\/\",\"url\":\"https:\/\/customizedwaterbottles.com\/product\/customizable-logo-500ml-double-layer-plastic-sports-shaker-water-bottle\/\",\"name\":\"Cusrom 500ml Double Layer Plastic Sports Shaker Water Bottle\",\"isPartOf\":{\"@id\":\"https:\/\/customizedwaterbottles.com\/#website\"},\"primaryImageOfPage\":{\"@id\":\"https:\/\/customizedwaterbottles.com\/product\/customizable-logo-500ml-double-layer-plastic-sports-shaker-water-bottle\/#primaryimage\"},\"image\":{\"@id\":\"https:\/\/customizedwaterbottles.com\/product\/customizable-logo-500ml-double-layer-plastic-sports-shaker-water-bottle\/#primaryimage\"},\"thumbnailUrl\":\"https:\/\/customizedwaterbottles.com\/wp-content\/uploads\/2025\/12\/shaker-bottles-8.webp\",\"datePublished\":\"2025-12-17T03:13:38+00:00\",\"dateModified\":\"2025-12-17T08:39:59+00:00\",\"description\":\"Stay hydrated on the go with this Custom 500ml gym fitness water bottle. Leak-proof, portable, and perfect for protein shakes, sports, and everyday workout\",\"breadcrumb\":{\"@id\":\"https:\/\/customizedwaterbottles.com\/product\/customizable-logo-500ml-double-layer-plastic-sports-shaker-water-bottle\/#breadcrumb\"},\"inLanguage\":\"es\",\"potentialAction\":[{\"@type\":\"ReadAction\",\"target\":[\"https:\/\/customizedwaterbottles.com\/product\/customizable-logo-500ml-double-layer-plastic-sports-shaker-water-bottle\/\"]}]},{\"@type\":\"ImageObject\",\"inLanguage\":\"es\",\"@id\":\"https:\/\/customizedwaterbottles.com\/product\/customizable-logo-500ml-double-layer-plastic-sports-shaker-water-bottle\/#primaryimage\",\"url\":\"https:\/\/customizedwaterbottles.com\/wp-content\/uploads\/2025\/12\/shaker-bottles-8.webp\",\"contentUrl\":\"https:\/\/customizedwaterbottles.com\/wp-content\/uploads\/2025\/12\/shaker-bottles-8.webp\",\"width\":800,\"height\":800},{\"@type\":\"BreadcrumbList\",\"@id\":\"https:\/\/customizedwaterbottles.com\/product\/customizable-logo-500ml-double-layer-plastic-sports-shaker-water-bottle\/#breadcrumb\",\"itemListElement\":[{\"@type\":\"ListItem\",\"position\":1,\"name\":\"Home\",\"item\":\"https:\/\/customizedwaterbottles.com\/\"},{\"@type\":\"ListItem\",\"position\":2,\"name\":\"Products\",\"item\":\"https:\/\/customizedwaterbottles.com\/wholesale-drinkware-manufacturer-water-bottles-tumblers\/\"},{\"@type\":\"ListItem\",\"position\":3,\"name\":\"Customizable Logo 500ml Double Layer Plastic Sports Shaker Water Bottle1081661P\"}]},{\"@type\":\"WebSite\",\"@id\":\"https:\/\/customizedwaterbottles.com\/#website\",\"url\":\"https:\/\/customizedwaterbottles.com\/\",\"name\":\"iFun\",\"description\":\"Water Bottles Stainless Steel Vacuum Flask\",\"potentialAction\":[{\"@type\":\"SearchAction\",\"target\":{\"@type\":\"EntryPoint\",\"urlTemplate\":\"https:\/\/customizedwaterbottles.com\/?s={search_term_string}\"},\"query-input\":{\"@type\":\"PropertyValueSpecification\",\"valueRequired\":true,\"valueName\":\"search_term_string\"}}],\"inLanguage\":\"es\"}]}<\/script>\n<!-- \/ Yoast SEO plugin. -->","yoast_head_json":{"title":"Cusrom 500ml Double Layer Plastic Sports Shaker Water Bottle","description":"Stay hydrated on the go with this Custom 500ml gym fitness water bottle. Leak-proof, portable, and perfect for protein shakes, sports, and everyday workout","robots":{"index":"index","follow":"follow","max-snippet":"max-snippet:-1","max-image-preview":"max-image-preview:large","max-video-preview":"max-video-preview:-1"},"canonical":"https:\/\/customizedwaterbottles.com\/es\/product\/customizable-logo-500ml-double-layer-plastic-sports-shaker-water-bottle\/","og_locale":"es_ES","og_type":"article","og_title":"Cusrom 500ml Double Layer Plastic Sports Shaker Water Bottle","og_description":"Stay hydrated on the go with this Custom 500ml gym fitness water bottle. Leak-proof, portable, and perfect for protein shakes, sports, and everyday workout","og_url":"https:\/\/customizedwaterbottles.com\/es\/product\/customizable-logo-500ml-double-layer-plastic-sports-shaker-water-bottle\/","og_site_name":"iFun","article_modified_time":"2025-12-17T08:39:59+00:00","og_image":[{"width":800,"height":800,"url":"https:\/\/customizedwaterbottles.com\/wp-content\/uploads\/2025\/12\/shaker-bottles-8.webp","type":"image\/webp"}],"twitter_card":"summary_large_image","twitter_misc":{"Tiempo de lectura":"3 minutos"},"schema":{"@context":"https:\/\/schema.org","@graph":[{"@type":"WebPage","@id":"https:\/\/customizedwaterbottles.com\/product\/customizable-logo-500ml-double-layer-plastic-sports-shaker-water-bottle\/","url":"https:\/\/customizedwaterbottles.com\/product\/customizable-logo-500ml-double-layer-plastic-sports-shaker-water-bottle\/","name":"Cusrom 500ml Double Layer Plastic Sports Shaker Water Bottle","isPartOf":{"@id":"https:\/\/customizedwaterbottles.com\/#website"},"primaryImageOfPage":{"@id":"https:\/\/customizedwaterbottles.com\/product\/customizable-logo-500ml-double-layer-plastic-sports-shaker-water-bottle\/#primaryimage"},"image":{"@id":"https:\/\/customizedwaterbottles.com\/product\/customizable-logo-500ml-double-layer-plastic-sports-shaker-water-bottle\/#primaryimage"},"thumbnailUrl":"https:\/\/customizedwaterbottles.com\/wp-content\/uploads\/2025\/12\/shaker-bottles-8.webp","datePublished":"2025-12-17T03:13:38+00:00","dateModified":"2025-12-17T08:39:59+00:00","description":"Stay hydrated on the go with this Custom 500ml gym fitness water bottle. Leak-proof, portable, and perfect for protein shakes, sports, and everyday workout","breadcrumb":{"@id":"https:\/\/customizedwaterbottles.com\/product\/customizable-logo-500ml-double-layer-plastic-sports-shaker-water-bottle\/#breadcrumb"},"inLanguage":"es","potentialAction":[{"@type":"ReadAction","target":["https:\/\/customizedwaterbottles.com\/product\/customizable-logo-500ml-double-layer-plastic-sports-shaker-water-bottle\/"]}]},{"@type":"ImageObject","inLanguage":"es","@id":"https:\/\/customizedwaterbottles.com\/product\/customizable-logo-500ml-double-layer-plastic-sports-shaker-water-bottle\/#primaryimage","url":"https:\/\/customizedwaterbottles.com\/wp-content\/uploads\/2025\/12\/shaker-bottles-8.webp","contentUrl":"https:\/\/customizedwaterbottles.com\/wp-content\/uploads\/2025\/12\/shaker-bottles-8.webp","width":800,"height":800},{"@type":"BreadcrumbList","@id":"https:\/\/customizedwaterbottles.com\/product\/customizable-logo-500ml-double-layer-plastic-sports-shaker-water-bottle\/#breadcrumb","itemListElement":[{"@type":"ListItem","position":1,"name":"Home","item":"https:\/\/customizedwaterbottles.com\/"},{"@type":"ListItem","position":2,"name":"Products","item":"https:\/\/customizedwaterbottles.com\/wholesale-drinkware-manufacturer-water-bottles-tumblers\/"},{"@type":"ListItem","position":3,"name":"Customizable Logo 500ml Double Layer Plastic Sports Shaker Water Bottle1081661P"}]},{"@type":"WebSite","@id":"https:\/\/customizedwaterbottles.com\/#website","url":"https:\/\/customizedwaterbottles.com\/","name":"iFun","description":"Water Bottles Stainless Steel Vacuum Flask","potentialAction":[{"@type":"SearchAction","target":{"@type":"EntryPoint","urlTemplate":"https:\/\/customizedwaterbottles.com\/?s={search_term_string}"},"query-input":{"@type":"PropertyValueSpecification","valueRequired":true,"valueName":"search_term_string"}}],"inLanguage":"es"}]}},"_links":{"self":[{"href":"https:\/\/customizedwaterbottles.com\/es\/wp-json\/wp\/v2\/product\/4529","targetHints":{"allow":["GET"]}}],"collection":[{"href":"https:\/\/customizedwaterbottles.com\/es\/wp-json\/wp\/v2\/product"}],"about":[{"href":"https:\/\/customizedwaterbottles.com\/es\/wp-json\/wp\/v2\/types\/product"}],"replies":[{"embeddable":true,"href":"https:\/\/customizedwaterbottles.com\/es\/wp-json\/wp\/v2\/comments?post=4529"}],"wp:featuredmedia":[{"embeddable":true,"href":"https:\/\/customizedwaterbottles.com\/es\/wp-json\/wp\/v2\/media\/4530"}],"wp:attachment":[{"href":"https:\/\/customizedwaterbottles.com\/es\/wp-json\/wp\/v2\/media?parent=4529"}],"wp:term":[{"taxonomy":"product_brand","embeddable":true,"href":"https:\/\/customizedwaterbottles.com\/es\/wp-json\/wp\/v2\/product_brand?post=4529"},{"taxonomy":"product_cat","embeddable":true,"href":"https:\/\/customizedwaterbottles.com\/es\/wp-json\/wp\/v2\/product_cat?post=4529"},{"taxonomy":"product_tag","embeddable":true,"href":"https:\/\/customizedwaterbottles.com\/es\/wp-json\/wp\/v2\/product_tag?post=4529"}],"curies":[{"name":"wp","href":"https:\/\/api.w.org\/{rel}","templated":true}]}}