{"id":4994,"date":"2026-01-09T06:20:00","date_gmt":"2026-01-09T06:20:00","guid":{"rendered":"https:\/\/customizedwaterbottles.com\/?post_type=product&#038;p=4994"},"modified":"2026-01-09T06:48:14","modified_gmt":"2026-01-09T06:48:14","slug":"brand-fifa-world-cup-2026-edition-32ozstainless-steel-sports-water-bottle","status":"publish","type":"product","link":"https:\/\/customizedwaterbottles.com\/es\/product\/brand-fifa-world-cup-2026-edition-32ozstainless-steel-sports-water-bottle\/","title":{"rendered":"Marca FIFA World Cup 2026 Edition 32oz Stainless Steel Sports Water Bottle 1081642W"},"content":{"rendered":"<p><span style=\"color: #000000;\"><strong>\u00a0 \u00a0 \u00a0 Product Name\uff1a Custom FIFA World Cup 2026 Water Bottles<\/strong><strong><br \/>\n<\/strong><strong>\u00a0 \u00a0 \u00a0 Capacidad\uff1a<\/strong>32oz<\/span><br \/>\n<span style=\"color: #000000;\"><strong>\u00a0 \u00a0 \u00a0 Color\uff1a<\/strong>Pintura brillante, pintura mate, recubrimiento en polvo, etc.<\/span><br \/>\n<span style=\"color: #000000;\"><strong>\u00a0 \u00a0 \u00a0 Logotipo\uff1a<\/strong>Serigraf\u00eda, impresi\u00f3n por transferencia t\u00e9rmica, grabado por l\u00e1ser, transferencia por agua, etc.<\/span><br \/>\n<span style=\"color: #000000;\"><strong>\u00a0 \u00a0 \u00a0 MOQ\uff1a<\/strong>500pcs<\/span><br \/>\n<span style=\"color: #000000;\"><strong>\u00a0 \u00a0 \u00a0 Tiempo de muestreo\uff1a<\/strong>3-7 d\u00edas para dise\u00f1os personalizados<\/span><br \/>\n<span style=\"color: #000000;\"><strong>\u00a0 \u00a0 \u00a0 Certificaci\u00f3n\uff1a<\/strong>FDA, LFGB<\/span><br \/>\n<span style=\"color: #000000;\"><strong>\u00a0 \u00a0 \u00a0 Embalaje<\/strong>\uff1aCaja blanca, caja de color o caja de dise\u00f1o personalizado.<\/span><br \/>\n<span style=\"color: #000000;\"><strong>\u00a0 \u00a0 \u00a0 Capacidad de producci\u00f3n\uff1a<\/strong>500.000 unidades al mes<\/span><br \/>\n<span style=\"color: #000000;\"><strong>\u00a0 \u00a0 \u00a0 Plazo de entrega\uff1a<\/strong>5-25 d\u00edas para cantidades inferiores a 20.000 unidades<\/span><\/p>\n<p><img decoding=\"async\" class=\"alignnone size-full wp-image-5000\" src=\"https:\/\/customizedwaterbottles.com\/wp-content\/uploads\/2026\/01\/Brand-FIFA-World-Cup-2026-Edition-32ozStainless-Steel-Sports-Water-Bottles-5.webp\" alt=\"Botellas de agua para el Mundial\" width=\"720\" height=\"720\" srcset=\"https:\/\/customizedwaterbottles.com\/wp-content\/uploads\/2026\/01\/Brand-FIFA-World-Cup-2026-Edition-32ozStainless-Steel-Sports-Water-Bottles-5.webp 720w, https:\/\/customizedwaterbottles.com\/wp-content\/uploads\/2026\/01\/Brand-FIFA-World-Cup-2026-Edition-32ozStainless-Steel-Sports-Water-Bottles-5-12x12.webp 12w, https:\/\/customizedwaterbottles.com\/wp-content\/uploads\/2026\/01\/Brand-FIFA-World-Cup-2026-Edition-32ozStainless-Steel-Sports-Water-Bottles-5-300x300.webp 300w, https:\/\/customizedwaterbottles.com\/wp-content\/uploads\/2026\/01\/Brand-FIFA-World-Cup-2026-Edition-32ozStainless-Steel-Sports-Water-Bottles-5-600x600.webp 600w, https:\/\/customizedwaterbottles.com\/wp-content\/uploads\/2026\/01\/Brand-FIFA-World-Cup-2026-Edition-32ozStainless-Steel-Sports-Water-Bottles-5-100x100.webp 100w\" sizes=\"(max-width: 720px) 100vw, 720px\" \/><\/p>\n<p><img decoding=\"async\" class=\"alignnone size-full wp-image-4999\" src=\"https:\/\/customizedwaterbottles.com\/wp-content\/uploads\/2026\/01\/Brand-FIFA-World-Cup-2026-Edition-32ozStainless-Steel-Sports-Water-Bottles-4.webp\" alt=\"Botellas de agua para el Mundial\" width=\"800\" height=\"800\" srcset=\"https:\/\/customizedwaterbottles.com\/wp-content\/uploads\/2026\/01\/Brand-FIFA-World-Cup-2026-Edition-32ozStainless-Steel-Sports-Water-Bottles-4.webp 800w, https:\/\/customizedwaterbottles.com\/wp-content\/uploads\/2026\/01\/Brand-FIFA-World-Cup-2026-Edition-32ozStainless-Steel-Sports-Water-Bottles-4-768x768.webp 768w, https:\/\/customizedwaterbottles.com\/wp-content\/uploads\/2026\/01\/Brand-FIFA-World-Cup-2026-Edition-32ozStainless-Steel-Sports-Water-Bottles-4-12x12.webp 12w, https:\/\/customizedwaterbottles.com\/wp-content\/uploads\/2026\/01\/Brand-FIFA-World-Cup-2026-Edition-32ozStainless-Steel-Sports-Water-Bottles-4-300x300.webp 300w, https:\/\/customizedwaterbottles.com\/wp-content\/uploads\/2026\/01\/Brand-FIFA-World-Cup-2026-Edition-32ozStainless-Steel-Sports-Water-Bottles-4-600x600.webp 600w, https:\/\/customizedwaterbottles.com\/wp-content\/uploads\/2026\/01\/Brand-FIFA-World-Cup-2026-Edition-32ozStainless-Steel-Sports-Water-Bottles-4-100x100.webp 100w\" sizes=\"(max-width: 800px) 100vw, 800px\" \/><img decoding=\"async\" class=\"alignnone size-full wp-image-4998\" src=\"https:\/\/customizedwaterbottles.com\/wp-content\/uploads\/2026\/01\/Brand-FIFA-World-Cup-2026-Edition-32ozStainless-Steel-Sports-Water-Bottles-3.webp\" alt=\"Botellas de agua para el Mundial\" width=\"1200\" height=\"1200\" srcset=\"https:\/\/customizedwaterbottles.com\/wp-content\/uploads\/2026\/01\/Brand-FIFA-World-Cup-2026-Edition-32ozStainless-Steel-Sports-Water-Bottles-3.webp 1200w, https:\/\/customizedwaterbottles.com\/wp-content\/uploads\/2026\/01\/Brand-FIFA-World-Cup-2026-Edition-32ozStainless-Steel-Sports-Water-Bottles-3-1024x1024.webp 1024w, https:\/\/customizedwaterbottles.com\/wp-content\/uploads\/2026\/01\/Brand-FIFA-World-Cup-2026-Edition-32ozStainless-Steel-Sports-Water-Bottles-3-768x768.webp 768w, https:\/\/customizedwaterbottles.com\/wp-content\/uploads\/2026\/01\/Brand-FIFA-World-Cup-2026-Edition-32ozStainless-Steel-Sports-Water-Bottles-3-12x12.webp 12w, https:\/\/customizedwaterbottles.com\/wp-content\/uploads\/2026\/01\/Brand-FIFA-World-Cup-2026-Edition-32ozStainless-Steel-Sports-Water-Bottles-3-300x300.webp 300w, https:\/\/customizedwaterbottles.com\/wp-content\/uploads\/2026\/01\/Brand-FIFA-World-Cup-2026-Edition-32ozStainless-Steel-Sports-Water-Bottles-3-600x600.webp 600w, https:\/\/customizedwaterbottles.com\/wp-content\/uploads\/2026\/01\/Brand-FIFA-World-Cup-2026-Edition-32ozStainless-Steel-Sports-Water-Bottles-3-100x100.webp 100w\" sizes=\"(max-width: 1200px) 100vw, 1200px\" \/><\/p>\n<p>&nbsp;<\/p>\n<h2><span style=\"color: #000000;\"><strong>Why Choose FIFA World Cup 2026 Soccer Fan Water Bottle\uff1f<\/strong><\/span><\/h2>\n<ol>\n<li><span style=\"color: #000000;\"><strong>Calidad y seguridad certificadas<\/strong><\/span><br \/>\n<span style=\"color: #000000;\">Our Autospout Water Bottle, water bottles, and drinkware meet international standards (CE, FDA, CA65\/Prop65, LFGB), ensuring BPA-free, durable, and safe products for your customers.<\/span><\/li>\n<li><span style=\"color: #000000;\"><strong>\u00a0Destaque con dise\u00f1os personalizados<br \/>\n<\/strong>Your brand deserves unique drinkware that captures attention. With Anhui iFun\u2019s stylish and customizable designs, your Metal Autospout Water Bottle will reflect your brand identity and help you stand out in a competitive market.<\/span><\/li>\n<li><span style=\"color: #000000;\"><strong>Riguroso control de calidad<br \/>\n<\/strong>Quality is at the heart of our manufacturing process. Our dedicated team of inspectors ensures every Metal Autospout Water Bottle meets strict standards before reaching your customers worldwide.<\/span><\/li>\n<li><span style=\"color: #000000;\"><strong>Proteger su marca y sus ideas<br \/>\n<\/strong>Respetamos la propiedad intelectual y la confidencialidad. Si es necesario, estaremos encantados de firmar acuerdos NDA o NNN para salvaguardar sus dise\u00f1os OEM\/ODM.<\/span><\/li>\n<li><span style=\"color: #000000;\"><strong>Producci\u00f3n eficiente y automatizada<br \/>\n<\/strong>Especializados en la fabricaci\u00f3n de vasos, utilizamos l\u00edneas de producci\u00f3n avanzadas y tecnolog\u00edas de Industria 4.0 para ofrecer productos rentables y de alta calidad con precios competitivos.<\/span><\/li>\n<li><span style=\"color: #000000;\"><strong>Experiencia OEM\/ODM<br \/>\n<\/strong>Nuestros experimentados ingenieros, con m\u00e1s de 20 a\u00f1os de experiencia en la fabricaci\u00f3n de bebidas, pueden transformar sus ideas en minibotellas hidroel\u00e9ctricas listas para el mercado, ayud\u00e1ndole a crear superventas.<\/span><\/li>\n<li><span style=\"color: #000000;\"><strong>Servicios completos de personalizaci\u00f3n<br \/>\n<\/strong>Desde el moldeo hasta el envasado, ofrecemos una personalizaci\u00f3n integral para satisfacer las necesidades de su marca:<\/span><br \/>\n<span style=\"color: #000000;\"><strong>Moldeo a medida<\/strong> - <a style=\"color: #000000;\" href=\"https:\/\/customizedwaterbottles.com\/es\/custom-water-bottle-mold-maker-bpa-free-vacuum-flask-oem\/\" target=\"_blank\" rel=\"noopener\">https:\/\/customizedwaterbottles.com\/custom-water-bottle-mold-maker-bpa-free-vacuum-flask-oem\/<\/a><\/span><br \/>\n<span style=\"color: #000000;\"><strong>Decoraci\u00f3n a medida<\/strong> -<a style=\"color: #000000;\" href=\"https:\/\/customizedwaterbottles.com\/es\/graphic-design-water-bottles-custom-stainless-steel-oem\/\" target=\"_blank\" rel=\"noopener\"> https:\/\/customizedwaterbottles.com\/graphic-design-water-bottles-custom-stainless-steel-oem\/<\/a><\/span><br \/>\n<span style=\"color: #000000;\"><strong>Logotipos y embalajes personalizados<\/strong> - <a style=\"color: #000000;\" href=\"https:\/\/customizedwaterbottles.com\/es\/wholesale-custom-packaging-for-water-bottles-tumblers\/\" target=\"_blank\" rel=\"noopener\">https:\/\/customizedwaterbottles.com\/wholesale-custom-packaging-for-water-bottles-tumblers\/<\/a><\/span><br \/>\n<span style=\"color: #000000;\"><strong>Regalo personalizado<\/strong> - <a style=\"color: #000000;\" href=\"https:\/\/customizedwaterbottles.com\/es\/promotional-drinkware-for-businesses-custom-branded-gifts\/\" target=\"_blank\" rel=\"noopener\">https:\/\/customizedwaterbottles.com\/promotional-drinkware-for-businesses-custom-branded-gifts\/<\/a><\/span><\/li>\n<\/ol>\n<p><span style=\"color: #000000;\">[post-link-list]<\/span><\/p>\n<p><span style=\"color: #000000;\">\u00a0\u00a0 \u00a0 \u00a0<\/span><\/p>","protected":false},"excerpt":{"rendered":"<h3><strong><span style=\"color: #000000;\">Caracter\u00edsticas del producto:<\/span><\/strong><\/h3>\n<p>Brand FIFA World Cup 2026 Edition 32ozStainless Steel Sports Water Bottle<\/p>\n<ul class=\"a-unordered-list a-vertical a-spacing-mini\">\n<li class=\"a-spacing-mini\"><span class=\"a-list-item\">Durable and Versatile: These water bottles are made from premium food grade stainless steel. Available with a straw lid or a chug lid, choose the one that suits your needs. Perfect as a gym water bottle, travel water bottle or for everyday use.<\/span><\/li>\n<li class=\"a-spacing-mini\"><span class=\"a-list-item\">Double Wall Insulation: Our 32 oz insulated water bottle keeps drinks cold for up to 24 hours and hot for up to 12 hours. Ideal for all seasons, it is the best water bottle for maintaining your drink&#8217;s temperature.<\/span><\/li>\n<li class=\"a-spacing-mini\"><span class=\"a-list-item\">Variety of Sizes: These water bottles come in three sizes to fit your needs: 26oz, 32oz, and 40oz. The 26oz size is cupholder friendly, making it an excellent travel companion. The 40 oz water bottle is perfect for those needing more hydration.<\/span><\/li>\n<li class=\"a-spacing-mini\"><span class=\"a-list-item\">Leak and Spill Proof: Insulated bottles designed with a leak proof and spill proof lid. Each bottle lid has an integrated carry handle for easy transportation. The water bottle with straw is a convenient option for active individuals.<\/span><\/li>\n<li class=\"a-spacing-mini\"><span class=\"a-list-item\">High Quality and Stylish: A high quality insulated bottle with a color matched lid and boot. Includes a protective rubber boot for durability. Choose our canteen water bottle for a combination of style and practicality.<\/span><\/li>\n<\/ul>\n<h3><strong>Servicios personalizados: \u00a0<\/strong><\/h3>\n<ul>\n<li><strong>Logotipo y dise\u00f1o:<\/strong> Ifun Custom FIFA World Cup 2026 Water Bottles custom your brand logo. We can make your logo &amp; design with screen printing, laser engraved, heat transfer, 3D printing, UV printing etc.<\/li>\n<li><strong>Color:<\/strong> Los colores se pueden personalizar seg\u00fan el n\u00famero de color pantone, podemos hacerlo con acabado mate, pintura brillante, recubrimiento en polvo, etc.<\/li>\n<li><strong>Capacidad:<\/strong> We have Brand 32oz sport water bottles for FIFT WORLD CUP other capacity we can also custom for you.<\/li>\n<li><strong>Tapas: <\/strong>100% Tapa herm\u00e9tica BPA FREE, el color se puede personalizar.<\/li>\n<li><strong>Paquete: <\/strong>Caja de color, caja blanca, caja de regalo, caja de cart\u00f3n marr\u00f3n, caja cil\u00edndrica, etc.<\/li>\n<\/ul>","protected":false},"featured_media":4996,"comment_status":"open","ping_status":"closed","template":"","meta":[],"product_brand":[],"product_cat":[24],"product_tag":[304],"class_list":{"0":"post-4994","1":"product","2":"type-product","3":"status-publish","4":"has-post-thumbnail","6":"product_cat-water-bottles","7":"product_tag-fifa-world-cup-2026-water-bottles","9":"first","10":"instock","11":"shipping-taxable","12":"product-type-simple"},"yoast_head":"<!-- This site is optimized with the Yoast SEO plugin v25.4 - https:\/\/yoast.com\/wordpress\/plugins\/seo\/ -->\n<title>FIFA World Cup 2026 Soccer Fan Water Bottle<\/title>\n<meta name=\"description\" content=\"Stay hydrated while cheering at the FIFA World Cup 2026. Discover the best soccer fan custom logo Brand BPA-free Stainless Steel Sports Water Bottle\" \/>\n<meta name=\"robots\" content=\"index, follow, max-snippet:-1, max-image-preview:large, max-video-preview:-1\" \/>\n<link rel=\"canonical\" href=\"https:\/\/customizedwaterbottles.com\/es\/product\/brand-fifa-world-cup-2026-edition-32ozstainless-steel-sports-water-bottle\/\" \/>\n<meta property=\"og:locale\" content=\"es_ES\" \/>\n<meta property=\"og:type\" content=\"article\" \/>\n<meta property=\"og:title\" content=\"FIFA World Cup 2026 Soccer Fan Water Bottle\" \/>\n<meta property=\"og:description\" content=\"Stay hydrated while cheering at the FIFA World Cup 2026. Discover the best soccer fan custom logo Brand BPA-free Stainless Steel Sports Water Bottle\" \/>\n<meta property=\"og:url\" content=\"https:\/\/customizedwaterbottles.com\/es\/product\/brand-fifa-world-cup-2026-edition-32ozstainless-steel-sports-water-bottle\/\" \/>\n<meta property=\"og:site_name\" content=\"iFun\" \/>\n<meta property=\"article:modified_time\" content=\"2026-01-09T06:48:14+00:00\" \/>\n<meta property=\"og:image\" content=\"https:\/\/customizedwaterbottles.com\/wp-content\/uploads\/2026\/01\/Brand-FIFA-World-Cup-2026-Edition-32ozStainless-Steel-Sports-Water-Bottles-1.webp\" \/>\n\t<meta property=\"og:image:width\" content=\"1200\" \/>\n\t<meta property=\"og:image:height\" content=\"896\" \/>\n\t<meta property=\"og:image:type\" content=\"image\/webp\" \/>\n<meta name=\"twitter:card\" content=\"summary_large_image\" \/>\n<meta name=\"twitter:label1\" content=\"Tiempo de lectura\" \/>\n\t<meta name=\"twitter:data1\" content=\"2 minutos\" \/>\n<script type=\"application\/ld+json\" class=\"yoast-schema-graph\">{\"@context\":\"https:\/\/schema.org\",\"@graph\":[{\"@type\":\"WebPage\",\"@id\":\"https:\/\/customizedwaterbottles.com\/product\/brand-fifa-world-cup-2026-edition-32ozstainless-steel-sports-water-bottle\/\",\"url\":\"https:\/\/customizedwaterbottles.com\/product\/brand-fifa-world-cup-2026-edition-32ozstainless-steel-sports-water-bottle\/\",\"name\":\"FIFA World Cup 2026 Soccer Fan Water Bottle\",\"isPartOf\":{\"@id\":\"https:\/\/customizedwaterbottles.com\/#website\"},\"primaryImageOfPage\":{\"@id\":\"https:\/\/customizedwaterbottles.com\/product\/brand-fifa-world-cup-2026-edition-32ozstainless-steel-sports-water-bottle\/#primaryimage\"},\"image\":{\"@id\":\"https:\/\/customizedwaterbottles.com\/product\/brand-fifa-world-cup-2026-edition-32ozstainless-steel-sports-water-bottle\/#primaryimage\"},\"thumbnailUrl\":\"https:\/\/customizedwaterbottles.com\/wp-content\/uploads\/2026\/01\/Brand-FIFA-World-Cup-2026-Edition-32ozStainless-Steel-Sports-Water-Bottles-1.webp\",\"datePublished\":\"2026-01-09T06:20:00+00:00\",\"dateModified\":\"2026-01-09T06:48:14+00:00\",\"description\":\"Stay hydrated while cheering at the FIFA World Cup 2026. Discover the best soccer fan custom logo Brand BPA-free Stainless Steel Sports Water Bottle\",\"breadcrumb\":{\"@id\":\"https:\/\/customizedwaterbottles.com\/product\/brand-fifa-world-cup-2026-edition-32ozstainless-steel-sports-water-bottle\/#breadcrumb\"},\"inLanguage\":\"es\",\"potentialAction\":[{\"@type\":\"ReadAction\",\"target\":[\"https:\/\/customizedwaterbottles.com\/product\/brand-fifa-world-cup-2026-edition-32ozstainless-steel-sports-water-bottle\/\"]}]},{\"@type\":\"ImageObject\",\"inLanguage\":\"es\",\"@id\":\"https:\/\/customizedwaterbottles.com\/product\/brand-fifa-world-cup-2026-edition-32ozstainless-steel-sports-water-bottle\/#primaryimage\",\"url\":\"https:\/\/customizedwaterbottles.com\/wp-content\/uploads\/2026\/01\/Brand-FIFA-World-Cup-2026-Edition-32ozStainless-Steel-Sports-Water-Bottles-1.webp\",\"contentUrl\":\"https:\/\/customizedwaterbottles.com\/wp-content\/uploads\/2026\/01\/Brand-FIFA-World-Cup-2026-Edition-32ozStainless-Steel-Sports-Water-Bottles-1.webp\",\"width\":1200,\"height\":896,\"caption\":\"World cup water bottles\"},{\"@type\":\"BreadcrumbList\",\"@id\":\"https:\/\/customizedwaterbottles.com\/product\/brand-fifa-world-cup-2026-edition-32ozstainless-steel-sports-water-bottle\/#breadcrumb\",\"itemListElement\":[{\"@type\":\"ListItem\",\"position\":1,\"name\":\"Home\",\"item\":\"https:\/\/customizedwaterbottles.com\/\"},{\"@type\":\"ListItem\",\"position\":2,\"name\":\"Products\",\"item\":\"https:\/\/customizedwaterbottles.com\/wholesale-drinkware-manufacturer-water-bottles-tumblers\/\"},{\"@type\":\"ListItem\",\"position\":3,\"name\":\"Brand FIFA World Cup 2026 Edition 32oz Stainless Steel Sports Water Bottle 1081642W\"}]},{\"@type\":\"WebSite\",\"@id\":\"https:\/\/customizedwaterbottles.com\/#website\",\"url\":\"https:\/\/customizedwaterbottles.com\/\",\"name\":\"iFun\",\"description\":\"Water Bottles Stainless Steel Vacuum Flask\",\"potentialAction\":[{\"@type\":\"SearchAction\",\"target\":{\"@type\":\"EntryPoint\",\"urlTemplate\":\"https:\/\/customizedwaterbottles.com\/?s={search_term_string}\"},\"query-input\":{\"@type\":\"PropertyValueSpecification\",\"valueRequired\":true,\"valueName\":\"search_term_string\"}}],\"inLanguage\":\"es\"}]}<\/script>\n<!-- \/ Yoast SEO plugin. -->","yoast_head_json":{"title":"FIFA World Cup 2026 Soccer Fan Water Bottle","description":"Stay hydrated while cheering at the FIFA World Cup 2026. Discover the best soccer fan custom logo Brand BPA-free Stainless Steel Sports Water Bottle","robots":{"index":"index","follow":"follow","max-snippet":"max-snippet:-1","max-image-preview":"max-image-preview:large","max-video-preview":"max-video-preview:-1"},"canonical":"https:\/\/customizedwaterbottles.com\/es\/product\/brand-fifa-world-cup-2026-edition-32ozstainless-steel-sports-water-bottle\/","og_locale":"es_ES","og_type":"article","og_title":"FIFA World Cup 2026 Soccer Fan Water Bottle","og_description":"Stay hydrated while cheering at the FIFA World Cup 2026. Discover the best soccer fan custom logo Brand BPA-free Stainless Steel Sports Water Bottle","og_url":"https:\/\/customizedwaterbottles.com\/es\/product\/brand-fifa-world-cup-2026-edition-32ozstainless-steel-sports-water-bottle\/","og_site_name":"iFun","article_modified_time":"2026-01-09T06:48:14+00:00","og_image":[{"width":1200,"height":896,"url":"https:\/\/customizedwaterbottles.com\/wp-content\/uploads\/2026\/01\/Brand-FIFA-World-Cup-2026-Edition-32ozStainless-Steel-Sports-Water-Bottles-1.webp","type":"image\/webp"}],"twitter_card":"summary_large_image","twitter_misc":{"Tiempo de lectura":"2 minutos"},"schema":{"@context":"https:\/\/schema.org","@graph":[{"@type":"WebPage","@id":"https:\/\/customizedwaterbottles.com\/product\/brand-fifa-world-cup-2026-edition-32ozstainless-steel-sports-water-bottle\/","url":"https:\/\/customizedwaterbottles.com\/product\/brand-fifa-world-cup-2026-edition-32ozstainless-steel-sports-water-bottle\/","name":"FIFA World Cup 2026 Soccer Fan Water Bottle","isPartOf":{"@id":"https:\/\/customizedwaterbottles.com\/#website"},"primaryImageOfPage":{"@id":"https:\/\/customizedwaterbottles.com\/product\/brand-fifa-world-cup-2026-edition-32ozstainless-steel-sports-water-bottle\/#primaryimage"},"image":{"@id":"https:\/\/customizedwaterbottles.com\/product\/brand-fifa-world-cup-2026-edition-32ozstainless-steel-sports-water-bottle\/#primaryimage"},"thumbnailUrl":"https:\/\/customizedwaterbottles.com\/wp-content\/uploads\/2026\/01\/Brand-FIFA-World-Cup-2026-Edition-32ozStainless-Steel-Sports-Water-Bottles-1.webp","datePublished":"2026-01-09T06:20:00+00:00","dateModified":"2026-01-09T06:48:14+00:00","description":"Stay hydrated while cheering at the FIFA World Cup 2026. Discover the best soccer fan custom logo Brand BPA-free Stainless Steel Sports Water Bottle","breadcrumb":{"@id":"https:\/\/customizedwaterbottles.com\/product\/brand-fifa-world-cup-2026-edition-32ozstainless-steel-sports-water-bottle\/#breadcrumb"},"inLanguage":"es","potentialAction":[{"@type":"ReadAction","target":["https:\/\/customizedwaterbottles.com\/product\/brand-fifa-world-cup-2026-edition-32ozstainless-steel-sports-water-bottle\/"]}]},{"@type":"ImageObject","inLanguage":"es","@id":"https:\/\/customizedwaterbottles.com\/product\/brand-fifa-world-cup-2026-edition-32ozstainless-steel-sports-water-bottle\/#primaryimage","url":"https:\/\/customizedwaterbottles.com\/wp-content\/uploads\/2026\/01\/Brand-FIFA-World-Cup-2026-Edition-32ozStainless-Steel-Sports-Water-Bottles-1.webp","contentUrl":"https:\/\/customizedwaterbottles.com\/wp-content\/uploads\/2026\/01\/Brand-FIFA-World-Cup-2026-Edition-32ozStainless-Steel-Sports-Water-Bottles-1.webp","width":1200,"height":896,"caption":"World cup water bottles"},{"@type":"BreadcrumbList","@id":"https:\/\/customizedwaterbottles.com\/product\/brand-fifa-world-cup-2026-edition-32ozstainless-steel-sports-water-bottle\/#breadcrumb","itemListElement":[{"@type":"ListItem","position":1,"name":"Home","item":"https:\/\/customizedwaterbottles.com\/"},{"@type":"ListItem","position":2,"name":"Products","item":"https:\/\/customizedwaterbottles.com\/wholesale-drinkware-manufacturer-water-bottles-tumblers\/"},{"@type":"ListItem","position":3,"name":"Brand FIFA World Cup 2026 Edition 32oz Stainless Steel Sports Water Bottle 1081642W"}]},{"@type":"WebSite","@id":"https:\/\/customizedwaterbottles.com\/#website","url":"https:\/\/customizedwaterbottles.com\/","name":"iFun","description":"Water Bottles Stainless Steel Vacuum Flask","potentialAction":[{"@type":"SearchAction","target":{"@type":"EntryPoint","urlTemplate":"https:\/\/customizedwaterbottles.com\/?s={search_term_string}"},"query-input":{"@type":"PropertyValueSpecification","valueRequired":true,"valueName":"search_term_string"}}],"inLanguage":"es"}]}},"_links":{"self":[{"href":"https:\/\/customizedwaterbottles.com\/es\/wp-json\/wp\/v2\/product\/4994","targetHints":{"allow":["GET"]}}],"collection":[{"href":"https:\/\/customizedwaterbottles.com\/es\/wp-json\/wp\/v2\/product"}],"about":[{"href":"https:\/\/customizedwaterbottles.com\/es\/wp-json\/wp\/v2\/types\/product"}],"replies":[{"embeddable":true,"href":"https:\/\/customizedwaterbottles.com\/es\/wp-json\/wp\/v2\/comments?post=4994"}],"wp:featuredmedia":[{"embeddable":true,"href":"https:\/\/customizedwaterbottles.com\/es\/wp-json\/wp\/v2\/media\/4996"}],"wp:attachment":[{"href":"https:\/\/customizedwaterbottles.com\/es\/wp-json\/wp\/v2\/media?parent=4994"}],"wp:term":[{"taxonomy":"product_brand","embeddable":true,"href":"https:\/\/customizedwaterbottles.com\/es\/wp-json\/wp\/v2\/product_brand?post=4994"},{"taxonomy":"product_cat","embeddable":true,"href":"https:\/\/customizedwaterbottles.com\/es\/wp-json\/wp\/v2\/product_cat?post=4994"},{"taxonomy":"product_tag","embeddable":true,"href":"https:\/\/customizedwaterbottles.com\/es\/wp-json\/wp\/v2\/product_tag?post=4994"}],"curies":[{"name":"wp","href":"https:\/\/api.w.org\/{rel}","templated":true}]}}