{"id":831,"date":"2025-06-19T09:18:34","date_gmt":"2025-06-19T09:18:34","guid":{"rendered":"https:\/\/customizedwaterbottles.com\/?post_type=product&#038;p=831"},"modified":"2025-06-19T09:45:18","modified_gmt":"2025-06-19T09:45:18","slug":"stainless-steel-insulated-customized-water-bottles-with-2-in-1-lid","status":"publish","type":"product","link":"https:\/\/customizedwaterbottles.com\/es\/product\/stainless-steel-insulated-customized-water-bottles-with-2-in-1-lid\/","title":{"rendered":"Botellas de agua personalizadas aisladas de acero inoxidable con tapa 2 en 1 1081602W"},"content":{"rendered":"<table>\n<tbody>\n<tr>\n<td width=\"426\">Nombre del producto<\/td>\n<td width=\"426\">Botellas de agua personalizadas aisladas de acero inoxidable con tapa 2 en 1<\/td>\n<\/tr>\n<tr>\n<td width=\"426\">Capacidad<\/td>\n<td width=\"426\">16oz, 19oz, 24oz, 32oz, 40oz<\/td>\n<\/tr>\n<tr>\n<td width=\"426\">Material<\/td>\n<td width=\"426\">Doble pared de acero inoxidable<\/td>\n<\/tr>\n<tr>\n<td width=\"426\">Color<\/td>\n<td width=\"426\">Pintura brillante, pintura mate, recubrimiento en polvo, etc.<\/td>\n<\/tr>\n<tr>\n<td width=\"426\">Logotipo<\/td>\n<td width=\"426\">Serigraf\u00eda, impresi\u00f3n por transferencia t\u00e9rmica, grabado por l\u00e1ser, transferencia por agua, etc.<\/td>\n<\/tr>\n<tr>\n<td width=\"426\">MOQ<\/td>\n<td width=\"426\">50 unidades<\/td>\n<\/tr>\n<tr>\n<td width=\"426\">Tiempo de muestreo<\/td>\n<td width=\"426\">3-7 d\u00edas para dise\u00f1os personalizados<\/td>\n<\/tr>\n<tr>\n<td width=\"426\">Certificaci\u00f3n<\/td>\n<td width=\"426\">FDA, LFGB<\/td>\n<\/tr>\n<tr>\n<td width=\"426\">Embalaje<\/td>\n<td width=\"426\">Caja blanca, caja de color o caja con dise\u00f1o personalizado<\/td>\n<\/tr>\n<tr>\n<td width=\"426\">Capacidad de producci\u00f3n<\/td>\n<td width=\"426\">500.000 unidades al mes<\/td>\n<\/tr>\n<tr>\n<td width=\"426\">Plazo de entrega<\/td>\n<td width=\"426\">25-35 d\u00edas para cantidades inferiores a 20.000 unidades<\/td>\n<\/tr>\n<\/tbody>\n<\/table>\n<h2><strong>\u00bfPor qu\u00e9 elegir las botellas de agua de acero inoxidable de gran capacidad Ifun?<\/strong><\/h2>\n<p><strong>1.Control de temperatura durante todo el d\u00eda<\/strong><\/p>\n<p>El aislamiento al vac\u00edo de doble pared de Ifun mantiene la temperatura durante mucho m\u00e1s tiempo que las botellas normales. Tanto si est\u00e1s trabajando, estudiando, viajando o aventur\u00e1ndote al aire libre, disfruta de tus bebidas a la temperatura perfecta en cualquier momento.<\/p>\n<p><strong>2.Fabricado con materiales de primera calidad<\/strong><\/p>\n<p>Fabricado por dentro y por fuera con acero inoxidable 304 de alta calidad apto para uso alimentario, es seguro para todo tipo de bebidas, no tiene sabores extra\u00f1os y es muy resistente a golpes y ara\u00f1azos.<\/p>\n<p><strong>3.Dise\u00f1o \u00fanico de la tapa<\/strong><\/p>\n<p>Las botellas de agua Ifun vienen con una tapa 2 en 1, boquilla dise\u00f1ada para beber en posici\u00f3n vertical a trav\u00e9s de la pajita incorporada o inclinarse hacia atr\u00e1s para beber desde la abertura de la boquilla.<\/p>\n<p><strong>4.Gran capacidad, menos recambios<\/strong><\/p>\n<p>Con una capacidad disponible de 16 oz, 19 oz, 24 oz, 32 oz, 40 oz, \u00a1sacia su sed durante medio d\u00eda o m\u00e1s! Este termo es perfecto para bebedores empedernidos, amantes del fitness o profesionales de oficina. Ll\u00e9nelo una vez y mant\u00e9ngase hidratado sin tener que rellenarlo constantemente: c\u00f3modo y eficaz.<\/p>\n<p><strong>5.Exterior sin sudor<\/strong><\/p>\n<p>Nuestro termo con aislamiento al vac\u00edo no s\u00f3lo mantiene fr\u00edas las bebidas, sino que tambi\u00e9n mantiene seco el exterior. Ya no tendr\u00e1 que preocuparse de que la condensaci\u00f3n de las bebidas fr\u00edas le moje las manos o la mesa.<\/p>\n<p><strong>6. M\u00e1s de 15 a\u00f1os de experiencia en fabricaci\u00f3n<\/strong><\/p>\n<p>Ifun centrarse en productos drinkware m\u00e1s de 15years, nuestro producto incluye vaso de acero inoxidable, botellas de agua aisladas al vac\u00edo, tazas de viaje, tazas termo etc.. Tenemos equipos profesionales para asegurarse de que los productos de alta calidad.<\/p>\n<p>7.Servicio OEM y ODM disponible<\/p>\n<p>Como fabricante de botellas de acero inoxidable, Ifun ofrece servicios OEM y ODM a nuestros clientes. No importa colores, logotipos, envases o tama\u00f1os, tambi\u00e9n podemos personalizar para usted.<\/p>\n<p><img decoding=\"async\" class=\"size-full wp-image-830\" src=\"https:\/\/customizedwaterbottles.com\/wp-content\/uploads\/2025\/06\/2-in-1-vacuum-insulated-bottles-7.webp\" alt=\"Termo aislante de acero inoxidable de 1l con asa y tapa 1081601w\" width=\"1200\" height=\"1200\" srcset=\"https:\/\/customizedwaterbottles.com\/wp-content\/uploads\/2025\/06\/2-in-1-vacuum-insulated-bottles-7.webp 1200w, https:\/\/customizedwaterbottles.com\/wp-content\/uploads\/2025\/06\/2-in-1-vacuum-insulated-bottles-7-1024x1024.webp 1024w, https:\/\/customizedwaterbottles.com\/wp-content\/uploads\/2025\/06\/2-in-1-vacuum-insulated-bottles-7-768x768.webp 768w, https:\/\/customizedwaterbottles.com\/wp-content\/uploads\/2025\/06\/2-in-1-vacuum-insulated-bottles-7-300x300.webp 300w, https:\/\/customizedwaterbottles.com\/wp-content\/uploads\/2025\/06\/2-in-1-vacuum-insulated-bottles-7-600x600.webp 600w, https:\/\/customizedwaterbottles.com\/wp-content\/uploads\/2025\/06\/2-in-1-vacuum-insulated-bottles-7-100x100.webp 100w\" sizes=\"(max-width: 1200px) 100vw, 1200px\" \/><\/p>\n<p><img decoding=\"async\" class=\"size-full wp-image-829\" src=\"https:\/\/customizedwaterbottles.com\/wp-content\/uploads\/2025\/06\/2-in-1-vacuum-insulated-bottles-6.webp\" alt=\"Termo aislante de acero inoxidable de 1l con asa y tapa 1081601w\" width=\"1280\" height=\"1280\" srcset=\"https:\/\/customizedwaterbottles.com\/wp-content\/uploads\/2025\/06\/2-in-1-vacuum-insulated-bottles-6.webp 1280w, https:\/\/customizedwaterbottles.com\/wp-content\/uploads\/2025\/06\/2-in-1-vacuum-insulated-bottles-6-1024x1024.webp 1024w, https:\/\/customizedwaterbottles.com\/wp-content\/uploads\/2025\/06\/2-in-1-vacuum-insulated-bottles-6-768x768.webp 768w, https:\/\/customizedwaterbottles.com\/wp-content\/uploads\/2025\/06\/2-in-1-vacuum-insulated-bottles-6-300x300.webp 300w, https:\/\/customizedwaterbottles.com\/wp-content\/uploads\/2025\/06\/2-in-1-vacuum-insulated-bottles-6-600x600.webp 600w, https:\/\/customizedwaterbottles.com\/wp-content\/uploads\/2025\/06\/2-in-1-vacuum-insulated-bottles-6-100x100.webp 100w\" sizes=\"(max-width: 1280px) 100vw, 1280px\" \/><\/p>\n<p><img decoding=\"async\" class=\"size-full wp-image-828\" src=\"https:\/\/customizedwaterbottles.com\/wp-content\/uploads\/2025\/06\/2-in-1-vacuum-insulated-bottles-4.webp\" alt=\"Termo aislante de acero inoxidable de 1l con asa y tapa 1081601w\" width=\"800\" height=\"800\" srcset=\"https:\/\/customizedwaterbottles.com\/wp-content\/uploads\/2025\/06\/2-in-1-vacuum-insulated-bottles-4.webp 800w, https:\/\/customizedwaterbottles.com\/wp-content\/uploads\/2025\/06\/2-in-1-vacuum-insulated-bottles-4-768x768.webp 768w, https:\/\/customizedwaterbottles.com\/wp-content\/uploads\/2025\/06\/2-in-1-vacuum-insulated-bottles-4-300x300.webp 300w, https:\/\/customizedwaterbottles.com\/wp-content\/uploads\/2025\/06\/2-in-1-vacuum-insulated-bottles-4-600x600.webp 600w, https:\/\/customizedwaterbottles.com\/wp-content\/uploads\/2025\/06\/2-in-1-vacuum-insulated-bottles-4-100x100.webp 100w\" sizes=\"(max-width: 800px) 100vw, 800px\" \/><\/p>\n<p><img decoding=\"async\" class=\"size-full wp-image-827\" src=\"https:\/\/customizedwaterbottles.com\/wp-content\/uploads\/2025\/06\/2-in-1-vacuum-insulated-bottles-2.webp\" alt=\"Termo aislante de acero inoxidable de 1l con asa y tapa 1081601w\" width=\"800\" height=\"800\" srcset=\"https:\/\/customizedwaterbottles.com\/wp-content\/uploads\/2025\/06\/2-in-1-vacuum-insulated-bottles-2.webp 800w, https:\/\/customizedwaterbottles.com\/wp-content\/uploads\/2025\/06\/2-in-1-vacuum-insulated-bottles-2-768x768.webp 768w, https:\/\/customizedwaterbottles.com\/wp-content\/uploads\/2025\/06\/2-in-1-vacuum-insulated-bottles-2-300x300.webp 300w, https:\/\/customizedwaterbottles.com\/wp-content\/uploads\/2025\/06\/2-in-1-vacuum-insulated-bottles-2-600x600.webp 600w, https:\/\/customizedwaterbottles.com\/wp-content\/uploads\/2025\/06\/2-in-1-vacuum-insulated-bottles-2-100x100.webp 100w\" sizes=\"(max-width: 800px) 100vw, 800px\" \/><\/p>","protected":false},"excerpt":{"rendered":"<h3><strong>Caracter\u00edsticas del producto:<\/strong><\/h3>\n<ul>\n<li><strong>Retenci\u00f3n superior de la temperatura: <\/strong>Las botellas de agua de acero inoxidable Ifun adoptan la avanzada tecnolog\u00eda de aislamiento al vac\u00edo de doble pared, que mantiene las bebidas calientes hasta 24 horas o las bebidas heladas fr\u00edas hasta 24 horas, garantizando sorbos perfectos durante todo el d\u00eda.<\/li>\n<li><strong>Dise\u00f1o de tapa \u00fanico:<\/strong> El dise\u00f1o 2 en 1 de iIfun te ofrece dos formas perfectas de beber al instante, sin necesidad de cambiar los tapones.<\/li>\n<li><strong>Tapa a prueba de fugas y derrames:<\/strong> Cuenta con una tapa de rosca de ingenier\u00eda de precisi\u00f3n con un sello de silicona de grado alimenticio. Esta botellas de agua evitar fugas, derrames o goteos, usted no necesita preocuparse cuando se viaja fuera.<\/li>\n<li><strong>Exterior a prueba de sudor:<\/strong>\u00a0La tecnolog\u00eda de aislamiento al vac\u00edo no s\u00f3lo mantiene la temperatura, sino que tambi\u00e9n garantiza que la superficie exterior permanezca sin condensaci\u00f3n. Se acabaron las manos, las bolsas y las superficies mojadas.<\/li>\n<li><strong>Apertura de boca ancha:<\/strong> Las botellas isot\u00e9rmicas Ifun se llenan f\u00e1cilmente con l\u00edquidos o cubitos de hielo, se limpian sin esfuerzo con la mano o con un cepillo y se puede beber c\u00f3modamente directamente de la botella.<\/li>\n<li><strong>Asa de transporte integrada y segura:<\/strong> Dispone de un asa de transporte de acero inoxidable resistente y ergon\u00f3mica que proporciona un agarre c\u00f3modo y fiable para facilitar su transporte.<\/li>\n<li><strong>Dise\u00f1o de f\u00e1cil limpieza:<\/strong> La boca ancha y el interior liso y no poroso de acero inoxidable 304 permiten una limpieza sin esfuerzo. Se lava f\u00e1cilmente a mano.<\/li>\n<li><strong>Disponible en varios tama\u00f1os:<\/strong>16oz, 19oz, 24oz, 32oz, 40oz o personalizado.<\/li>\n<\/ul>\n<h3><strong>Servicios personalizados:<\/strong><\/h3>\n<ul>\n<li><strong>Logotipo y dise\u00f1o:<\/strong> Los termos de acero inoxidable Ifun admiten el logotipo personalizado de su marca. Podemos hacer que su logotipo y el dise\u00f1o con serigraf\u00eda, grabado l\u00e1ser, transferencia de calor, impresi\u00f3n 3D, impresi\u00f3n UV, etc.<\/li>\n<li><strong>Color:<\/strong> Los colores se pueden personalizar seg\u00fan el n\u00famero de color pantone, podemos hacerlo con acabado mate, pintura brillante, recubrimiento en polvo, etc.<\/li>\n<li><strong>Capacidad:<\/strong> Tenemos 16oz, 19oz, 24oz, 32oz, 40oz, otra capacidad tambi\u00e9n podemos personalizar para usted.<\/li>\n<li><strong>Tapas: <\/strong>Disponemos de tapa con asa, tapa con pajita, tapa abatible, tapa de vaso para su elecci\u00f3n, el color se puede personalizar.<\/li>\n<li><strong>Paquete: <\/strong>Caja de color, caja blanca, caja de regalo, caja de cart\u00f3n marr\u00f3n, caja cil\u00edndrica, etc.<\/li>\n<\/ul>","protected":false},"featured_media":819,"comment_status":"open","ping_status":"closed","template":"","meta":[],"product_brand":[],"product_cat":[24],"product_tag":[48,49,47],"class_list":{"0":"post-831","1":"product","2":"type-product","3":"status-publish","4":"has-post-thumbnail","6":"product_cat-water-bottles","7":"product_tag-sports-water-bottles","8":"product_tag-stainless-steel-bottles","9":"product_tag-travel-water-bottles","11":"first","12":"instock","13":"shipping-taxable","14":"product-type-simple"},"yoast_head":"<!-- This site is optimized with the Yoast SEO plugin v25.4 - https:\/\/yoast.com\/wordpress\/plugins\/seo\/ -->\n<title>Stainless Steel Insulated Customized Water Bottles with 2 in 1 Lid 1081602W - iFun<\/title>\n<meta name=\"robots\" content=\"index, follow, max-snippet:-1, max-image-preview:large, max-video-preview:-1\" \/>\n<link rel=\"canonical\" href=\"https:\/\/customizedwaterbottles.com\/es\/product\/stainless-steel-insulated-customized-water-bottles-with-2-in-1-lid\/\" \/>\n<meta property=\"og:locale\" content=\"es_ES\" \/>\n<meta property=\"og:type\" content=\"article\" \/>\n<meta property=\"og:title\" content=\"Stainless Steel Insulated Customized Water Bottles with 2 in 1 Lid 1081602W - iFun\" \/>\n<meta property=\"og:description\" content=\"Product Features:   Superior Temperature Retention: Ifun stainless steel water bottles adopt advanced double-wall vacuum insulation technology, keeping beverages hot for up to 24 hours or icy drink cold for up to 24 hours, ensuring perfect sips all day long.  Unique lid design: Switch between a spill-free straw sip and a push-open chug in one leakproof lid. iIfun&#039;s 2-in-1 design gives you two perfect ways to drink\u2014instantly, without swapping caps.  Leak-Proof &amp; Spill-Resistant Lid: Features a precision-engineered screw-top lid with a food grade silicone seal. This water bottles prevent leaks, spills, or drips, you need not worry when travel outside.  Sweat-Proof Exterior:\u00a0The vacuum insulation technology not only maintains temperature but also ensures the exterior surface remains condensation-free. No more wet hands, bags, or surfaces.  Wide-Mouth Opening: Ifun insulated bottles easy filling with liquids or ice cubes, effortless cleaning by hand or brush, and convenient drinking directly from the flask.  Integrated, Secure Carry Handle: There is a sturdy, ergonomically designed stainless steel carry handle, providing a comfortable and reliable grip for easy portability on the go.  Easy-Clean Design: The wide mouth and smooth, non-porous 304 stainless steel interior allow for effortless cleaning. Hand wash easily.  Multi-sizes available:16oz, 19oz, 24oz, 32oz, 40oz or customized.  Custom Services:   Logo &amp; Design: Ifun stainless steel thermos bottles support custom your brand logo. We can make your logo &amp; design with screen printing, laser engraved, heat transfer, 3D printing, UV printing etc.  Color: The colors can be customized according to the pantone color number, we can do it with matte finish, glossy painting, powder coating etc.  Capacity: We have 16oz, 19oz, 24oz, 32oz, 40oz, other capacity we can also custom for you.  Lids: We have handle lid, straw lid, flip lid, cup lid for your choice, the color can be customized.  Package: Color box, white box, gift box, brown cardboard box, cylinder box etc.\" \/>\n<meta property=\"og:url\" content=\"https:\/\/customizedwaterbottles.com\/es\/product\/stainless-steel-insulated-customized-water-bottles-with-2-in-1-lid\/\" \/>\n<meta property=\"og:site_name\" content=\"iFun\" \/>\n<meta property=\"article:modified_time\" content=\"2025-06-19T09:45:18+00:00\" \/>\n<meta property=\"og:image\" content=\"https:\/\/customizedwaterbottles.com\/wp-content\/uploads\/2025\/06\/2-in-1-vacuum-insulated-bottles-1.webp\" \/>\n\t<meta property=\"og:image:width\" content=\"1200\" \/>\n\t<meta property=\"og:image:height\" content=\"1200\" \/>\n\t<meta property=\"og:image:type\" content=\"image\/webp\" \/>\n<meta name=\"twitter:card\" content=\"summary_large_image\" \/>\n<meta name=\"twitter:label1\" content=\"Tiempo de lectura\" \/>\n\t<meta name=\"twitter:data1\" content=\"2 minutos\" \/>\n<script type=\"application\/ld+json\" class=\"yoast-schema-graph\">{\"@context\":\"https:\/\/schema.org\",\"@graph\":[{\"@type\":\"WebPage\",\"@id\":\"https:\/\/customizedwaterbottles.com\/product\/stainless-steel-insulated-customized-water-bottles-with-2-in-1-lid\/\",\"url\":\"https:\/\/customizedwaterbottles.com\/product\/stainless-steel-insulated-customized-water-bottles-with-2-in-1-lid\/\",\"name\":\"Stainless Steel Insulated Customized Water Bottles with 2 in 1 Lid 1081602W - iFun\",\"isPartOf\":{\"@id\":\"https:\/\/customizedwaterbottles.com\/#website\"},\"primaryImageOfPage\":{\"@id\":\"https:\/\/customizedwaterbottles.com\/product\/stainless-steel-insulated-customized-water-bottles-with-2-in-1-lid\/#primaryimage\"},\"image\":{\"@id\":\"https:\/\/customizedwaterbottles.com\/product\/stainless-steel-insulated-customized-water-bottles-with-2-in-1-lid\/#primaryimage\"},\"thumbnailUrl\":\"https:\/\/customizedwaterbottles.com\/wp-content\/uploads\/2025\/06\/2-in-1-vacuum-insulated-bottles-1.webp\",\"datePublished\":\"2025-06-19T09:18:34+00:00\",\"dateModified\":\"2025-06-19T09:45:18+00:00\",\"breadcrumb\":{\"@id\":\"https:\/\/customizedwaterbottles.com\/product\/stainless-steel-insulated-customized-water-bottles-with-2-in-1-lid\/#breadcrumb\"},\"inLanguage\":\"es\",\"potentialAction\":[{\"@type\":\"ReadAction\",\"target\":[\"https:\/\/customizedwaterbottles.com\/product\/stainless-steel-insulated-customized-water-bottles-with-2-in-1-lid\/\"]}]},{\"@type\":\"ImageObject\",\"inLanguage\":\"es\",\"@id\":\"https:\/\/customizedwaterbottles.com\/product\/stainless-steel-insulated-customized-water-bottles-with-2-in-1-lid\/#primaryimage\",\"url\":\"https:\/\/customizedwaterbottles.com\/wp-content\/uploads\/2025\/06\/2-in-1-vacuum-insulated-bottles-1.webp\",\"contentUrl\":\"https:\/\/customizedwaterbottles.com\/wp-content\/uploads\/2025\/06\/2-in-1-vacuum-insulated-bottles-1.webp\",\"width\":1200,\"height\":1200,\"caption\":\"1l stainless steel insulated wholesale thermos flask with handle and lid 1081601w\"},{\"@type\":\"BreadcrumbList\",\"@id\":\"https:\/\/customizedwaterbottles.com\/product\/stainless-steel-insulated-customized-water-bottles-with-2-in-1-lid\/#breadcrumb\",\"itemListElement\":[{\"@type\":\"ListItem\",\"position\":1,\"name\":\"Home\",\"item\":\"https:\/\/customizedwaterbottles.com\/\"},{\"@type\":\"ListItem\",\"position\":2,\"name\":\"Products\",\"item\":\"https:\/\/customizedwaterbottles.com\/wholesale-drinkware-manufacturer-water-bottles-tumblers\/\"},{\"@type\":\"ListItem\",\"position\":3,\"name\":\"Stainless Steel Insulated Customized Water Bottles with 2 in 1 Lid 1081602W\"}]},{\"@type\":\"WebSite\",\"@id\":\"https:\/\/customizedwaterbottles.com\/#website\",\"url\":\"https:\/\/customizedwaterbottles.com\/\",\"name\":\"iFun\",\"description\":\"Water Bottles Stainless Steel Vacuum Flask\",\"potentialAction\":[{\"@type\":\"SearchAction\",\"target\":{\"@type\":\"EntryPoint\",\"urlTemplate\":\"https:\/\/customizedwaterbottles.com\/?s={search_term_string}\"},\"query-input\":{\"@type\":\"PropertyValueSpecification\",\"valueRequired\":true,\"valueName\":\"search_term_string\"}}],\"inLanguage\":\"es\"}]}<\/script>\n<!-- \/ Yoast SEO plugin. -->","yoast_head_json":{"title":"Stainless Steel Insulated Customized Water Bottles with 2 in 1 Lid 1081602W - iFun","robots":{"index":"index","follow":"follow","max-snippet":"max-snippet:-1","max-image-preview":"max-image-preview:large","max-video-preview":"max-video-preview:-1"},"canonical":"https:\/\/customizedwaterbottles.com\/es\/product\/stainless-steel-insulated-customized-water-bottles-with-2-in-1-lid\/","og_locale":"es_ES","og_type":"article","og_title":"Stainless Steel Insulated Customized Water Bottles with 2 in 1 Lid 1081602W - iFun","og_description":"Product Features:   Superior Temperature Retention: Ifun stainless steel water bottles adopt advanced double-wall vacuum insulation technology, keeping beverages hot for up to 24 hours or icy drink cold for up to 24 hours, ensuring perfect sips all day long.  Unique lid design: Switch between a spill-free straw sip and a push-open chug in one leakproof lid. iIfun's 2-in-1 design gives you two perfect ways to drink\u2014instantly, without swapping caps.  Leak-Proof &amp; Spill-Resistant Lid: Features a precision-engineered screw-top lid with a food grade silicone seal. This water bottles prevent leaks, spills, or drips, you need not worry when travel outside.  Sweat-Proof Exterior:\u00a0The vacuum insulation technology not only maintains temperature but also ensures the exterior surface remains condensation-free. No more wet hands, bags, or surfaces.  Wide-Mouth Opening: Ifun insulated bottles easy filling with liquids or ice cubes, effortless cleaning by hand or brush, and convenient drinking directly from the flask.  Integrated, Secure Carry Handle: There is a sturdy, ergonomically designed stainless steel carry handle, providing a comfortable and reliable grip for easy portability on the go.  Easy-Clean Design: The wide mouth and smooth, non-porous 304 stainless steel interior allow for effortless cleaning. Hand wash easily.  Multi-sizes available:16oz, 19oz, 24oz, 32oz, 40oz or customized.  Custom Services:   Logo &amp; Design: Ifun stainless steel thermos bottles support custom your brand logo. We can make your logo &amp; design with screen printing, laser engraved, heat transfer, 3D printing, UV printing etc.  Color: The colors can be customized according to the pantone color number, we can do it with matte finish, glossy painting, powder coating etc.  Capacity: We have 16oz, 19oz, 24oz, 32oz, 40oz, other capacity we can also custom for you.  Lids: We have handle lid, straw lid, flip lid, cup lid for your choice, the color can be customized.  Package: Color box, white box, gift box, brown cardboard box, cylinder box etc.","og_url":"https:\/\/customizedwaterbottles.com\/es\/product\/stainless-steel-insulated-customized-water-bottles-with-2-in-1-lid\/","og_site_name":"iFun","article_modified_time":"2025-06-19T09:45:18+00:00","og_image":[{"width":1200,"height":1200,"url":"https:\/\/customizedwaterbottles.com\/wp-content\/uploads\/2025\/06\/2-in-1-vacuum-insulated-bottles-1.webp","type":"image\/webp"}],"twitter_card":"summary_large_image","twitter_misc":{"Tiempo de lectura":"2 minutos"},"schema":{"@context":"https:\/\/schema.org","@graph":[{"@type":"WebPage","@id":"https:\/\/customizedwaterbottles.com\/product\/stainless-steel-insulated-customized-water-bottles-with-2-in-1-lid\/","url":"https:\/\/customizedwaterbottles.com\/product\/stainless-steel-insulated-customized-water-bottles-with-2-in-1-lid\/","name":"Stainless Steel Insulated Customized Water Bottles with 2 in 1 Lid 1081602W - iFun","isPartOf":{"@id":"https:\/\/customizedwaterbottles.com\/#website"},"primaryImageOfPage":{"@id":"https:\/\/customizedwaterbottles.com\/product\/stainless-steel-insulated-customized-water-bottles-with-2-in-1-lid\/#primaryimage"},"image":{"@id":"https:\/\/customizedwaterbottles.com\/product\/stainless-steel-insulated-customized-water-bottles-with-2-in-1-lid\/#primaryimage"},"thumbnailUrl":"https:\/\/customizedwaterbottles.com\/wp-content\/uploads\/2025\/06\/2-in-1-vacuum-insulated-bottles-1.webp","datePublished":"2025-06-19T09:18:34+00:00","dateModified":"2025-06-19T09:45:18+00:00","breadcrumb":{"@id":"https:\/\/customizedwaterbottles.com\/product\/stainless-steel-insulated-customized-water-bottles-with-2-in-1-lid\/#breadcrumb"},"inLanguage":"es","potentialAction":[{"@type":"ReadAction","target":["https:\/\/customizedwaterbottles.com\/product\/stainless-steel-insulated-customized-water-bottles-with-2-in-1-lid\/"]}]},{"@type":"ImageObject","inLanguage":"es","@id":"https:\/\/customizedwaterbottles.com\/product\/stainless-steel-insulated-customized-water-bottles-with-2-in-1-lid\/#primaryimage","url":"https:\/\/customizedwaterbottles.com\/wp-content\/uploads\/2025\/06\/2-in-1-vacuum-insulated-bottles-1.webp","contentUrl":"https:\/\/customizedwaterbottles.com\/wp-content\/uploads\/2025\/06\/2-in-1-vacuum-insulated-bottles-1.webp","width":1200,"height":1200,"caption":"1l stainless steel insulated wholesale thermos flask with handle and lid 1081601w"},{"@type":"BreadcrumbList","@id":"https:\/\/customizedwaterbottles.com\/product\/stainless-steel-insulated-customized-water-bottles-with-2-in-1-lid\/#breadcrumb","itemListElement":[{"@type":"ListItem","position":1,"name":"Home","item":"https:\/\/customizedwaterbottles.com\/"},{"@type":"ListItem","position":2,"name":"Products","item":"https:\/\/customizedwaterbottles.com\/wholesale-drinkware-manufacturer-water-bottles-tumblers\/"},{"@type":"ListItem","position":3,"name":"Stainless Steel Insulated Customized Water Bottles with 2 in 1 Lid 1081602W"}]},{"@type":"WebSite","@id":"https:\/\/customizedwaterbottles.com\/#website","url":"https:\/\/customizedwaterbottles.com\/","name":"iFun","description":"Water Bottles Stainless Steel Vacuum Flask","potentialAction":[{"@type":"SearchAction","target":{"@type":"EntryPoint","urlTemplate":"https:\/\/customizedwaterbottles.com\/?s={search_term_string}"},"query-input":{"@type":"PropertyValueSpecification","valueRequired":true,"valueName":"search_term_string"}}],"inLanguage":"es"}]}},"_links":{"self":[{"href":"https:\/\/customizedwaterbottles.com\/es\/wp-json\/wp\/v2\/product\/831","targetHints":{"allow":["GET"]}}],"collection":[{"href":"https:\/\/customizedwaterbottles.com\/es\/wp-json\/wp\/v2\/product"}],"about":[{"href":"https:\/\/customizedwaterbottles.com\/es\/wp-json\/wp\/v2\/types\/product"}],"replies":[{"embeddable":true,"href":"https:\/\/customizedwaterbottles.com\/es\/wp-json\/wp\/v2\/comments?post=831"}],"wp:featuredmedia":[{"embeddable":true,"href":"https:\/\/customizedwaterbottles.com\/es\/wp-json\/wp\/v2\/media\/819"}],"wp:attachment":[{"href":"https:\/\/customizedwaterbottles.com\/es\/wp-json\/wp\/v2\/media?parent=831"}],"wp:term":[{"taxonomy":"product_brand","embeddable":true,"href":"https:\/\/customizedwaterbottles.com\/es\/wp-json\/wp\/v2\/product_brand?post=831"},{"taxonomy":"product_cat","embeddable":true,"href":"https:\/\/customizedwaterbottles.com\/es\/wp-json\/wp\/v2\/product_cat?post=831"},{"taxonomy":"product_tag","embeddable":true,"href":"https:\/\/customizedwaterbottles.com\/es\/wp-json\/wp\/v2\/product_tag?post=831"}],"curies":[{"name":"wp","href":"https:\/\/api.w.org\/{rel}","templated":true}]}}