{"id":2180,"date":"2025-07-04T09:12:43","date_gmt":"2025-07-04T09:12:43","guid":{"rendered":"https:\/\/customizedwaterbottles.com\/?page_id=2180"},"modified":"2025-07-10T10:11:37","modified_gmt":"2025-07-10T10:11:37","slug":"bulk-drinkware-shipping-solutions-wholesale-supplier","status":"publish","type":"page","link":"https:\/\/customizedwaterbottles.com\/pt\/bulk-drinkware-shipping-solutions-wholesale-supplier\/","title":{"rendered":"Expedi\u00e7\u00e3o e log\u00edstica"},"content":{"rendered":"<section class=\"section dark\" id=\"section_1473564388\">\n\t\t<div class=\"section-bg fill\" >\n\t\t\t\t\t\t\t\t\t\n\t\t\t\n\n\t\t<\/div>\n\n\t\t\n\n\t\t<div class=\"section-content relative\">\n\t\t\t\n\n<div class=\"row row-full-width align-center\"  id=\"row-1896544444\">\n\n\n\t<div id=\"col-1508741294\" class=\"col b0 small-12 large-12\"  >\n\t\t\t\t<div class=\"col-inner text-center\"  >\n\t\t\t\n\t\t\t\n\n\t\t<div class=\"seopress_breadcrumbs\">\n\t\t\t\t\n\n<span><span><a href=\"https:\/\/customizedwaterbottles.com\/pt\/\">In\u00edcio<\/a><\/span><\/span>\n\t\t<\/div>\n\t\n\n\t\t<\/div>\n\t\t\t\t\t<\/div>\n\n\t\n\n<\/div>\n\n\t\t<\/div>\n\n\t\t\n<style>\n#section_1473564388 {\n  padding-top: 12px;\n  padding-bottom: 12px;\n  background-color: #0252b9;\n}\n<\/style>\n\t<\/section>\n\t\n\n\n\t<section class=\"section\" id=\"section_757499558\">\n\t\t<div class=\"section-bg fill\" >\n\t\t\t\t\t\t\t\t\t\n\t\t\t\n\n\t\t<\/div>\n\n\t\t\n\n\t\t<div class=\"section-content relative\">\n\t\t\t\n<div>\n<div class=\"row\"  id=\"row-1792842567\">\n\t<div id=\"col-451841477\" class=\"col b0 small-12 large-12\"  >\n\t\t\t\t<div class=\"col-inner\"  >\n\t\t\t\n\t\t\t\n\t<div id=\"text-384866445\" class=\"text\">\n\t\t\n<h2>Global Shipping &amp; Logistics Solutions<\/h2>\n\t\t\n<style>\n#text-384866445 {\n  font-size: 1rem;\n  text-align: left;\n}\n@media (min-width:550px) {\n  #text-384866445 {\n    font-size: 1rem;\n  }\n}\n@media (min-width:850px) {\n  #text-384866445 {\n    font-size: 1.2rem;\n  }\n}\n<\/style>\n\t<\/div>\n\t\n<p><strong><b>Comprehensive Delivery Options<\/b><\/strong><br \/>\nWe expertly ship vacuum insulated products worldwide, handling complex distributions to:<\/p>\n<div class=\"is-divider divider clearfix\" style=\"height:4px;background-color:rgb(35, 119, 248);\"><\/div>\n\t<div id=\"text-2796891384\" class=\"text list-checkmark\">\n\t\t\n<ul>\n<li><strong>Amazon FBA warehouses (global network)<\/strong><\/li>\n<li><strong>Retail distribution centers<\/strong><\/li>\n<li><strong>Residential\/office addresses<\/strong><\/li>\n<li><strong>Third-party logistics hubs<\/strong><\/li>\n<\/ul>\n\t\t\n<style>\n#text-2796891384 {\n  font-size: 0.75rem;\n  line-height: 1.35;\n}\n@media (min-width:550px) {\n  #text-2796891384 {\n    font-size: 0.9rem;\n  }\n}\n@media (min-width:850px) {\n  #text-2796891384 {\n    font-size: 1rem;\n  }\n}\n<\/style>\n\t<\/div>\n\t\n\t\t<\/div>\n\t\t\t\t\t<\/div>\n\n\t\n<\/div>\n\t\t<\/div>\n\n\t\t\n<style>\n#section_757499558 {\n  padding-top: 10px;\n  padding-bottom: 10px;\n}\n@media (min-width:550px) {\n  #section_757499558 {\n    padding-top: 30px;\n    padding-bottom: 30px;\n  }\n}\n@media (min-width:850px) {\n  #section_757499558 {\n    padding-top: 30px;\n    padding-bottom: 30px;\n  }\n}\n<\/style>\n\t<\/section>\n\t\n\n\t<section class=\"section\" id=\"section_440893015\">\n\t\t<div class=\"section-bg fill\" >\n\t\t\t\t\t\t\t\t\t\n\t\t\t\n\n\t\t<\/div>\n\n\t\t\n\n\t\t<div class=\"section-content relative\">\n\t\t\t\n<div class=\"row row-large align-middle\"  id=\"row-1306063384\">\n\n\t<div id=\"col-1679641278\" class=\"col b0 text medium-6 small-12 large-6\"  >\n\t\t\t\t<div class=\"col-inner\"  >\n\t\t\t\n\t\t\t\n\t<div class=\"img has-hover b0 x md-x lg-x y md-y lg-y\" id=\"image_577555275\">\n\t\t\t\t\t\t\t\t<div class=\"img-inner image-cover dark\" style=\"padding-top:56.25%;\">\n\t\t\t<img decoding=\"async\" width=\"900\" height=\"658\" src=\"https:\/\/customizedwaterbottles.com\/wp-content\/uploads\/2025\/07\/express-\u2013-ups-fedex-dhl-tnt.webp\" class=\"attachment-original size-original\" alt=\"express \u2013 ups, fedex, dhl, tnt\" srcset=\"https:\/\/customizedwaterbottles.com\/wp-content\/uploads\/2025\/07\/express-\u2013-ups-fedex-dhl-tnt.webp 900w, https:\/\/customizedwaterbottles.com\/wp-content\/uploads\/2025\/07\/express-\u2013-ups-fedex-dhl-tnt-768x561.webp 768w, https:\/\/customizedwaterbottles.com\/wp-content\/uploads\/2025\/07\/express-\u2013-ups-fedex-dhl-tnt-600x439.webp 600w\" sizes=\"(max-width: 900px) 100vw, 900px\" \/>\t\t\t\t\t\t\n\t\t\t\t\t<\/div>\n\t\t\t\t\t\t\t\t\n<style>\n#image_577555275 {\n  width: 100%;\n}\n<\/style>\n\t<\/div>\n\t\n\t\t<\/div>\n\t\t\t\t\t<\/div>\n\n\t\n\n\t<div id=\"col-1338780501\" class=\"col medium-6 small-12 large-6\"  >\n\t\t\t\t<div class=\"col-inner\"  >\n\t\t\t\n\t\t\t\n\t<div id=\"text-2109798410\" class=\"text\">\n\t\t\n<h2>Flexible Shipping Methods<\/h2>\n\t\t\n<style>\n#text-2109798410 {\n  font-size: 1.2rem;\n  text-align: left;\n}\n<\/style>\n\t<\/div>\n\t\n\t<div id=\"text-3105501574\" class=\"text\">\n\t\t\n<p>Partner with your preferred forwarder or choose our optimized solutions:<\/p>\n\t\t\n<style>\n#text-3105501574 {\n  font-size: 0.75rem;\n  text-align: left;\n}\n@media (min-width:550px) {\n  #text-3105501574 {\n    font-size: 1rem;\n  }\n}\n<\/style>\n\t<\/div>\n\t\n<div class=\"is-divider divider clearfix\" style=\"height:4px;background-color:rgb(35, 119, 248);\"><\/div>\n\t<div id=\"text-1060948835\" class=\"text list-checkmark\">\n\t\t\n<ul>\n<li><strong><b>Ocean\/Air Freight<\/b><\/strong>\u00a0\u2192 Port-to-port (all major global ports)<\/li>\n<li><strong><b>Door-to-Door Delivery<\/b><\/strong>\u00a0\u2192 Final destination delivery<\/li>\n<li><strong><b>Express Shipping<\/b><\/strong>\u00a0\u2192 DHL\/UPS\/FedEx priority service<\/li>\n<li><strong><b>FBA Direct<\/b><\/strong>\u00a0\u2192 Seamless Amazon fulfillment<\/li>\n<\/ul>\n\t\t\n<style>\n#text-1060948835 {\n  font-size: 0.75rem;\n  line-height: 1.35;\n}\n@media (min-width:550px) {\n  #text-1060948835 {\n    font-size: 0.9rem;\n  }\n}\n@media (min-width:850px) {\n  #text-1060948835 {\n    font-size: 1rem;\n  }\n}\n<\/style>\n\t<\/div>\n\t\n\t\t<\/div>\n\t\t\t\t\t<\/div>\n\n\t\n<\/div>\n\t\t<\/div>\n\n\t\t\n<style>\n#section_440893015 {\n  padding-top: 20px;\n  padding-bottom: 20px;\n  background-color: rgb(247, 247, 247);\n}\n@media (min-width:550px) {\n  #section_440893015 {\n    padding-top: 30px;\n    padding-bottom: 30px;\n  }\n}\n@media (min-width:850px) {\n  #section_440893015 {\n    padding-top: 30px;\n    padding-bottom: 30px;\n  }\n}\n<\/style>\n\t<\/section>\n\t\n\n\t<section class=\"section\" id=\"section_1904396632\">\n\t\t<div class=\"section-bg fill\" >\n\t\t\t\t\t\t\t\t\t\n\t\t\t\n\n\t\t<\/div>\n\n\t\t\n\n\t\t<div class=\"section-content relative\">\n\t\t\t\n<div class=\"row row-large align-middle\"  id=\"row-345186062\">\n\n\t<div id=\"col-858401500\" class=\"col medium-6 small-12 large-6\"  >\n\t\t\t\t<div class=\"col-inner\"  >\n\t\t\t\n\t\t\t\n\t<div id=\"text-3309206407\" class=\"text\">\n\t\t\n<h2>Amazon FBA Specialists<\/h2>\n\t\t\n<style>\n#text-3309206407 {\n  font-size: 1.2rem;\n  text-align: left;\n}\n<\/style>\n\t<\/div>\n\t\n\t<div id=\"text-853096868\" class=\"text\">\n\t\t\n<p>We streamline your supply chain with:<\/p>\n\t\t\n<style>\n#text-853096868 {\n  font-size: 0.75rem;\n  text-align: left;\n}\n@media (min-width:550px) {\n  #text-853096868 {\n    font-size: 1rem;\n  }\n}\n<\/style>\n\t<\/div>\n\t\n<div class=\"is-divider divider clearfix\" style=\"height:4px;background-color:rgb(35, 119, 248);\"><\/div>\n\t<div id=\"text-540475915\" class=\"text list-checkmark\">\n\t\t\n<ul>\n<li><strong><b>FNSKU Services<\/b><\/strong>: Sticker application or direct printing on packaging<\/li>\n<li><strong><b>Compliant Labeling<\/b><\/strong>: Carton &amp; pallet labels pre-shipment<\/li>\n<li><strong><b>Global FBA Experience<\/b><\/strong>: Proven delivery to all Amazon fulfillment centers<\/li>\n<li><strong><b>Cost Optimization<\/b><\/strong>: Save 15-30% vs. third-party fulfillment<\/li>\n<\/ul>\n\t\t\n<style>\n#text-540475915 {\n  font-size: 0.75rem;\n  line-height: 1;\n}\n@media (min-width:550px) {\n  #text-540475915 {\n    font-size: 0.9rem;\n  }\n}\n@media (min-width:850px) {\n  #text-540475915 {\n    font-size: 1rem;\n  }\n}\n<\/style>\n\t<\/div>\n\t\n<div class=\"is-divider divider clearfix\" style=\"max-width:100%;height:1px;background-color:rgba(0, 0, 0, 0.18);\"><\/div>\n\t<div id=\"text-3712016796\" class=\"text\">\n\t\t\n<p>Pro Tip: Combine ocean freight with final-mile express delivery for optimal cost-efficiency.<\/p>\n\t\t\n<style>\n#text-3712016796 {\n  font-size: 0.75rem;\n  text-align: left;\n}\n@media (min-width:550px) {\n  #text-3712016796 {\n    font-size: 1rem;\n  }\n}\n<\/style>\n\t<\/div>\n\t\n\t\t<\/div>\n\t\t\t\t\t<\/div>\n\n\t\n\n\t<div id=\"col-879236364\" class=\"col b0 medium-6 small-12 large-6\"  >\n\t\t\t\t<div class=\"col-inner\"  >\n\t\t\t\n\t\t\t\n\t<div class=\"img has-hover b0 x md-x lg-x y md-y lg-y\" id=\"image_217656107\">\n\t\t\t\t\t\t\t\t<div class=\"img-inner image-cover dark\" style=\"padding-top:56.25%;\">\n\t\t\t<img decoding=\"async\" width=\"900\" height=\"658\" src=\"https:\/\/customizedwaterbottles.com\/wp-content\/uploads\/2025\/07\/amazon-fba.webp\" class=\"attachment-large size-large\" alt=\"amazon fba\" srcset=\"https:\/\/customizedwaterbottles.com\/wp-content\/uploads\/2025\/07\/amazon-fba.webp 900w, https:\/\/customizedwaterbottles.com\/wp-content\/uploads\/2025\/07\/amazon-fba-768x561.webp 768w, https:\/\/customizedwaterbottles.com\/wp-content\/uploads\/2025\/07\/amazon-fba-600x439.webp 600w\" sizes=\"(max-width: 900px) 100vw, 900px\" \/>\t\t\t\t\t\t\n\t\t\t\t\t<\/div>\n\t\t\t\t\t\t\t\t\n<style>\n#image_217656107 {\n  width: 100%;\n}\n<\/style>\n\t<\/div>\n\t\n\t\t<\/div>\n\t\t\t\t\t<\/div>\n\n\t\n<\/div>\n\t\t<\/div>\n\n\t\t\n<style>\n#section_1904396632 {\n  padding-top: 20px;\n  padding-bottom: 20px;\n  background-color: rgb(255, 255, 255);\n}\n@media (min-width:550px) {\n  #section_1904396632 {\n    padding-top: 30px;\n    padding-bottom: 30px;\n  }\n}\n@media (min-width:850px) {\n  #section_1904396632 {\n    padding-top: 30px;\n    padding-bottom: 30px;\n  }\n}\n<\/style>\n\t<\/section>\n\t\n\n\t<section class=\"section\" id=\"section_1432697300\">\n\t\t<div class=\"section-bg fill\" >\n\t\t\t\t\t\t\t\t\t\n\t\t\t\n\n\t\t<\/div>\n\n\t\t\n\n\t\t<div class=\"section-content relative\">\n\t\t\t\n<div class=\"row row-large align-middle\"  id=\"row-774546508\">\n\n\t<div id=\"col-299247279\" class=\"col b0 text medium-6 small-12 large-6\"  >\n\t\t\t\t<div class=\"col-inner\"  >\n\t\t\t\n\t\t\t\n\t<div class=\"img has-hover b0 x md-x lg-x y md-y lg-y\" id=\"image_320264893\">\n\t\t\t\t\t\t\t\t<div class=\"img-inner image-cover dark\" style=\"padding-top:56.25%;\">\n\t\t\t<img decoding=\"async\" width=\"900\" height=\"658\" src=\"https:\/\/customizedwaterbottles.com\/wp-content\/uploads\/2025\/07\/ocean-freight-_-air-freight-.webp\" class=\"attachment-original size-original\" alt=\"ocean freight air freight\" srcset=\"https:\/\/customizedwaterbottles.com\/wp-content\/uploads\/2025\/07\/ocean-freight-_-air-freight-.webp 900w, https:\/\/customizedwaterbottles.com\/wp-content\/uploads\/2025\/07\/ocean-freight-_-air-freight--768x561.webp 768w, https:\/\/customizedwaterbottles.com\/wp-content\/uploads\/2025\/07\/ocean-freight-_-air-freight--600x439.webp 600w\" sizes=\"(max-width: 900px) 100vw, 900px\" \/>\t\t\t\t\t\t\n\t\t\t\t\t<\/div>\n\t\t\t\t\t\t\t\t\n<style>\n#image_320264893 {\n  width: 100%;\n}\n<\/style>\n\t<\/div>\n\t\n\t\t<\/div>\n\t\t\t\t\t<\/div>\n\n\t\n\n\t<div id=\"col-867707228\" class=\"col medium-6 small-12 large-6\"  >\n\t\t\t\t<div class=\"col-inner\"  >\n\t\t\t\n\t\t\t\n\t<div id=\"text-1614113527\" class=\"text\">\n\t\t\n<h2>Why Clients Trust Our Logistics<\/h2>\n\t\t\n<style>\n#text-1614113527 {\n  font-size: 1.2rem;\n  text-align: left;\n}\n<\/style>\n\t<\/div>\n\t\n<div class=\"is-divider divider clearfix\" style=\"height:4px;background-color:rgb(35, 119, 248);\"><\/div>\n\t<div id=\"text-3027584633\" class=\"text list-checkmark\">\n\t\t\n<ul>\n<li><strong>10+ years cross-border shipping experience<\/strong><\/li>\n<li><strong>Pre-shipment inspection to prevent FBA rejections<\/strong><\/li>\n<li><strong>Real-time tracking at every stage<\/strong><\/li>\n<\/ul>\n\t\t\n<style>\n#text-3027584633 {\n  font-size: 0.75rem;\n  line-height: 1;\n}\n@media (min-width:550px) {\n  #text-3027584633 {\n    font-size: 0.9rem;\n  }\n}\n@media (min-width:850px) {\n  #text-3027584633 {\n    font-size: 1rem;\n  }\n}\n<\/style>\n\t<\/div>\n\t\n\t\t<\/div>\n\t\t\t\t\t<\/div>\n\n\t\n<\/div>\n\t\t<\/div>\n\n\t\t\n<style>\n#section_1432697300 {\n  padding-top: 20px;\n  padding-bottom: 20px;\n  background-color: rgb(247, 247, 247);\n}\n@media (min-width:550px) {\n  #section_1432697300 {\n    padding-top: 30px;\n    padding-bottom: 30px;\n  }\n}\n@media (min-width:850px) {\n  #section_1432697300 {\n    padding-top: 30px;\n    padding-bottom: 30px;\n  }\n}\n<\/style>\n\t<\/section>\n\t\n<\/div>","protected":false},"excerpt":{"rendered":"","protected":false},"author":1,"featured_media":0,"parent":0,"menu_order":0,"comment_status":"closed","ping_status":"closed","template":"page-blank.php","meta":{"footnotes":""},"class_list":["post-2180","page","type-page","status-publish","hentry"],"yoast_head":"<!-- This site is optimized with the Yoast SEO plugin v25.4 - https:\/\/yoast.com\/wordpress\/plugins\/seo\/ -->\n<title>OEM Drinkware Delivery | Worldwide Logistics<\/title>\n<meta name=\"description\" content=\"Anhui iFun handles drinkware shipping worldwide: Ocean\/air freight, customs clearance &amp; door-to-door delivery for wholesale orders.\" \/>\n<meta name=\"robots\" content=\"index, follow, max-snippet:-1, max-image-preview:large, max-video-preview:-1\" \/>\n<link rel=\"canonical\" href=\"https:\/\/customizedwaterbottles.com\/pt\/bulk-drinkware-shipping-solutions-wholesale-supplier\/\" \/>\n<meta property=\"og:locale\" content=\"pt_PT\" \/>\n<meta property=\"og:type\" content=\"article\" \/>\n<meta property=\"og:title\" content=\"OEM Drinkware Delivery | Worldwide Logistics\" \/>\n<meta property=\"og:description\" content=\"Anhui iFun handles drinkware shipping worldwide: Ocean\/air freight, customs clearance &amp; door-to-door delivery for wholesale orders.\" \/>\n<meta property=\"og:url\" content=\"https:\/\/customizedwaterbottles.com\/pt\/bulk-drinkware-shipping-solutions-wholesale-supplier\/\" \/>\n<meta property=\"og:site_name\" content=\"iFun\" \/>\n<meta property=\"article:modified_time\" content=\"2025-07-10T10:11:37+00:00\" \/>\n<meta name=\"twitter:card\" content=\"summary_large_image\" \/>\n<meta name=\"twitter:label1\" content=\"Tempo estimado de leitura\" \/>\n\t<meta name=\"twitter:data1\" content=\"2 minutos\" \/>\n<script type=\"application\/ld+json\" class=\"yoast-schema-graph\">{\"@context\":\"https:\/\/schema.org\",\"@graph\":[{\"@type\":\"WebPage\",\"@id\":\"https:\/\/customizedwaterbottles.com\/bulk-drinkware-shipping-solutions-wholesale-supplier\/\",\"url\":\"https:\/\/customizedwaterbottles.com\/bulk-drinkware-shipping-solutions-wholesale-supplier\/\",\"name\":\"OEM Drinkware Delivery | Worldwide Logistics\",\"isPartOf\":{\"@id\":\"https:\/\/customizedwaterbottles.com\/#website\"},\"datePublished\":\"2025-07-04T09:12:43+00:00\",\"dateModified\":\"2025-07-10T10:11:37+00:00\",\"description\":\"Anhui iFun handles drinkware shipping worldwide: Ocean\/air freight, customs clearance & door-to-door delivery for wholesale orders.\",\"breadcrumb\":{\"@id\":\"https:\/\/customizedwaterbottles.com\/bulk-drinkware-shipping-solutions-wholesale-supplier\/#breadcrumb\"},\"inLanguage\":\"pt-PT\",\"potentialAction\":[{\"@type\":\"ReadAction\",\"target\":[\"https:\/\/customizedwaterbottles.com\/bulk-drinkware-shipping-solutions-wholesale-supplier\/\"]}]},{\"@type\":\"BreadcrumbList\",\"@id\":\"https:\/\/customizedwaterbottles.com\/bulk-drinkware-shipping-solutions-wholesale-supplier\/#breadcrumb\",\"itemListElement\":[{\"@type\":\"ListItem\",\"position\":1,\"name\":\"Home\",\"item\":\"https:\/\/customizedwaterbottles.com\/\"},{\"@type\":\"ListItem\",\"position\":2,\"name\":\"Shipping&amp;Logistics\"}]},{\"@type\":\"WebSite\",\"@id\":\"https:\/\/customizedwaterbottles.com\/#website\",\"url\":\"https:\/\/customizedwaterbottles.com\/\",\"name\":\"iFun\",\"description\":\"Water Bottles Stainless Steel Vacuum Flask\",\"potentialAction\":[{\"@type\":\"SearchAction\",\"target\":{\"@type\":\"EntryPoint\",\"urlTemplate\":\"https:\/\/customizedwaterbottles.com\/?s={search_term_string}\"},\"query-input\":{\"@type\":\"PropertyValueSpecification\",\"valueRequired\":true,\"valueName\":\"search_term_string\"}}],\"inLanguage\":\"pt-PT\"}]}<\/script>\n<!-- \/ Yoast SEO plugin. -->","yoast_head_json":{"title":"OEM Drinkware Delivery | Worldwide Logistics","description":"Anhui iFun handles drinkware shipping worldwide: Ocean\/air freight, customs clearance & door-to-door delivery for wholesale orders.","robots":{"index":"index","follow":"follow","max-snippet":"max-snippet:-1","max-image-preview":"max-image-preview:large","max-video-preview":"max-video-preview:-1"},"canonical":"https:\/\/customizedwaterbottles.com\/pt\/bulk-drinkware-shipping-solutions-wholesale-supplier\/","og_locale":"pt_PT","og_type":"article","og_title":"OEM Drinkware Delivery | Worldwide Logistics","og_description":"Anhui iFun handles drinkware shipping worldwide: Ocean\/air freight, customs clearance & door-to-door delivery for wholesale orders.","og_url":"https:\/\/customizedwaterbottles.com\/pt\/bulk-drinkware-shipping-solutions-wholesale-supplier\/","og_site_name":"iFun","article_modified_time":"2025-07-10T10:11:37+00:00","twitter_card":"summary_large_image","twitter_misc":{"Tempo estimado de leitura":"2 minutos"},"schema":{"@context":"https:\/\/schema.org","@graph":[{"@type":"WebPage","@id":"https:\/\/customizedwaterbottles.com\/bulk-drinkware-shipping-solutions-wholesale-supplier\/","url":"https:\/\/customizedwaterbottles.com\/bulk-drinkware-shipping-solutions-wholesale-supplier\/","name":"OEM Drinkware Delivery | Worldwide Logistics","isPartOf":{"@id":"https:\/\/customizedwaterbottles.com\/#website"},"datePublished":"2025-07-04T09:12:43+00:00","dateModified":"2025-07-10T10:11:37+00:00","description":"Anhui iFun handles drinkware shipping worldwide: Ocean\/air freight, customs clearance & door-to-door delivery for wholesale orders.","breadcrumb":{"@id":"https:\/\/customizedwaterbottles.com\/bulk-drinkware-shipping-solutions-wholesale-supplier\/#breadcrumb"},"inLanguage":"pt-PT","potentialAction":[{"@type":"ReadAction","target":["https:\/\/customizedwaterbottles.com\/bulk-drinkware-shipping-solutions-wholesale-supplier\/"]}]},{"@type":"BreadcrumbList","@id":"https:\/\/customizedwaterbottles.com\/bulk-drinkware-shipping-solutions-wholesale-supplier\/#breadcrumb","itemListElement":[{"@type":"ListItem","position":1,"name":"Home","item":"https:\/\/customizedwaterbottles.com\/"},{"@type":"ListItem","position":2,"name":"Shipping&amp;Logistics"}]},{"@type":"WebSite","@id":"https:\/\/customizedwaterbottles.com\/#website","url":"https:\/\/customizedwaterbottles.com\/","name":"iFun","description":"Water Bottles Stainless Steel Vacuum Flask","potentialAction":[{"@type":"SearchAction","target":{"@type":"EntryPoint","urlTemplate":"https:\/\/customizedwaterbottles.com\/?s={search_term_string}"},"query-input":{"@type":"PropertyValueSpecification","valueRequired":true,"valueName":"search_term_string"}}],"inLanguage":"pt-PT"}]}},"_links":{"self":[{"href":"https:\/\/customizedwaterbottles.com\/pt\/wp-json\/wp\/v2\/pages\/2180","targetHints":{"allow":["GET"]}}],"collection":[{"href":"https:\/\/customizedwaterbottles.com\/pt\/wp-json\/wp\/v2\/pages"}],"about":[{"href":"https:\/\/customizedwaterbottles.com\/pt\/wp-json\/wp\/v2\/types\/page"}],"author":[{"embeddable":true,"href":"https:\/\/customizedwaterbottles.com\/pt\/wp-json\/wp\/v2\/users\/1"}],"replies":[{"embeddable":true,"href":"https:\/\/customizedwaterbottles.com\/pt\/wp-json\/wp\/v2\/comments?post=2180"}],"version-history":[{"count":12,"href":"https:\/\/customizedwaterbottles.com\/pt\/wp-json\/wp\/v2\/pages\/2180\/revisions"}],"predecessor-version":[{"id":2693,"href":"https:\/\/customizedwaterbottles.com\/pt\/wp-json\/wp\/v2\/pages\/2180\/revisions\/2693"}],"wp:attachment":[{"href":"https:\/\/customizedwaterbottles.com\/pt\/wp-json\/wp\/v2\/media?parent=2180"}],"curies":[{"name":"wp","href":"https:\/\/api.w.org\/{rel}","templated":true}]}}