{"id":667,"date":"2025-06-11T00:54:19","date_gmt":"2025-06-11T00:54:19","guid":{"rendered":"https:\/\/customizedwaterbottles.com\/?page_id=667"},"modified":"2025-07-18T10:02:06","modified_gmt":"2025-07-18T10:02:06","slug":"contact-us-wholesale-custom-stainless-steel-water-bottle-owala-manufacturer","status":"publish","type":"page","link":"https:\/\/customizedwaterbottles.com\/pt\/contact-us-wholesale-custom-stainless-steel-water-bottle-owala-manufacturer\/","title":{"rendered":"Contactar-nos"},"content":{"rendered":"<section class=\"section dark\" id=\"section_2093793047\">\n\t\t<div class=\"section-bg fill\" >\n\t\t\t\t\t\t\t\t\t\n\t\t\t\n\n\t\t<\/div>\n\n\t\t\n\n\t\t<div class=\"section-content relative\">\n\t\t\t\n\n  <div class=\"banner has-hover\" id=\"banner-1470399500\">\n          <div class=\"banner-inner fill\">\n        <div class=\"banner-bg fill\" >\n            <img decoding=\"async\" width=\"2000\" height=\"941\" src=\"https:\/\/customizedwaterbottles.com\/wp-content\/uploads\/2025\/07\/contact-banner-bg.webp\" class=\"bg attachment-original size-original\" alt=\"Contacto banner bg\" \/>                        <div class=\"overlay\"><\/div>            \n                    <\/div>\n\t\t\n        <div class=\"banner-layers container\">\n            <div class=\"fill banner-link\"><\/div>            \n   <div id=\"text-box-1962282104\" class=\"text-box banner-layer x50 md-x50 lg-x50 y50 md-y50 lg-y65 res-text\">\n                                <div class=\"text-box-content text dark\">\n              \n              <div class=\"text-inner text-center\">\n                  \n\t<div id=\"text-4187409821\" class=\"text\">\n\t\t\n<h1><strong>Contactar-nos<\/strong><\/h1>\n\t\t\n<style>\n#text-4187409821 {\n  font-size: 0.75rem;\n}\n@media (min-width:550px) {\n  #text-4187409821 {\n    font-size: 1.4rem;\n  }\n}\n<\/style>\n\t<\/div>\n\t\n\t<div id=\"text-1767769643\" class=\"text\">\n\t\t\n<p>Entre em contacto connosco atrav\u00e9s de correio eletr\u00f3nico, formul\u00e1rio de inqu\u00e9rito ou telefonema. Teremos todo o gosto em responder a quaisquer perguntas ou pedidos de informa\u00e7\u00e3o no prazo de 24 horas. Oferecemos entregas porta-a-porta em todo o mundo.<br \/>\n\t\t\n<style>\n#text-1767769643 {\n  font-size: 0.75rem;\n}\n@media (min-width:550px) {\n  #text-1767769643 {\n    font-size: 1rem;\n  }\n}\n<\/style>\n\t<\/div>\n\t\n              <\/div>\n           <\/div>\n                            \n<style>\n#text-box-1962282104 {\n  width: 85%;\n}\n#text-box-1962282104 .text-box-content {\n  font-size: 100%;\n}\n@media (min-width:550px) {\n  #text-box-1962282104 {\n    width: 60%;\n  }\n}\n<\/style>\n    <\/div>\n \n   <div id=\"text-box-9584888\" class=\"text-box banner-layer x5 md-x50 lg-x50 y100 md-y100 lg-y95 res-text\">\n                                <div class=\"text-box-content text dark\">\n              \n              <div class=\"text-inner text-center\">\n                  \n\t<div id=\"text-1017611214\" class=\"text\">\n\t\t\n<span><span><a href=\"https:\/\/customizedwaterbottles.com\/pt\/\">In\u00edcio<\/a><\/span><\/span>\n\t\t\n<style>\n#text-1017611214 {\n  font-size: 0.75rem;\n}\n@media (min-width:550px) {\n  #text-1017611214 {\n    font-size: 1rem;\n  }\n}\n<\/style>\n\t<\/div>\n\t\n              <\/div>\n           <\/div>\n                            \n<style>\n#text-box-9584888 {\n  width: 85%;\n}\n#text-box-9584888 .text-box-content {\n  font-size: 100%;\n}\n@media (min-width:550px) {\n  #text-box-9584888 {\n    width: 60%;\n  }\n}\n<\/style>\n    <\/div>\n \n        <\/div>\n      <\/div>\n\n            \n<style>\n#banner-1470399500 {\n  padding-top: 258px;\n}\n#banner-1470399500 .overlay {\n  background-color: rgba(0, 0, 0, 0.308);\n}\n#banner-1470399500 .banner-bg img {\n  object-position: 7% 28%;\n}\n@media (min-width:550px) {\n  #banner-1470399500 {\n    padding-top: 550px;\n  }\n}\n<\/style>\n  <\/div>\n\n\n\t\t<\/div>\n\n\t\t\n<style>\n#section_2093793047 {\n  padding-top: 0px;\n  padding-bottom: 0px;\n}\n<\/style>\n\t<\/section>\n\t\n\n\t<section class=\"section full-page-contact-1\" id=\"section_1333695705\">\n\t\t<div class=\"section-bg fill\" >\n\t\t\t\t\t\t\t\t\t\n\t\t\t\n\n\t\t<\/div>\n\n\t\t\n\n\t\t<div class=\"section-content relative\">\n\t\t\t\n<div class=\"row row-large\"  id=\"row-940294228\">\n\n\t<div id=\"col-1603277208\" class=\"col medium-6 small-12 large-6\"  >\n\t\t\t\t<div class=\"col-inner\"  >\n\t\t\t\n\t\t\t\n\t<div id=\"text-2268376450\" class=\"text\">\n\t\t\n<h2>Anhui iFun Import&amp;Export Co., Ltd<\/h2>\n\t\t\n<style>\n#text-2268376450 {\n  color: #002454;\n}\n#text-2268376450 > * {\n  color: #002454;\n}\n<\/style>\n\t<\/div>\n\t\n<div class=\"row\"  id=\"row-1944661963\">\n\n\t<div id=\"col-2030852070\" class=\"col small-12 large-12\"  >\n\t\t\t\t<div class=\"col-inner\"  >\n\t\t\t\n\t\t\t\n\t<div id=\"text-2583789493\" class=\"text\">\n\t\t\n<p>Entre em contacto connosco atrav\u00e9s de correio eletr\u00f3nico, formul\u00e1rio de inqu\u00e9rito ou telefonema. Teremos todo o gosto em responder a quaisquer perguntas ou pedidos de informa\u00e7\u00e3o no prazo de 24 horas. Oferecemos servi\u00e7os a n\u00edvel mundial <strong>entrega porta-a-porta<\/strong>.<\/p>\n<p>Se tiver necessidades, n\u00e3o hesite em contactar-nos e convid\u00e1-lo-emos a visitar a nossa f\u00e1brica de produ\u00e7\u00e3o!<\/p>\n\t\t\n<style>\n#text-2583789493 {\n  font-size: 0.75rem;\n}\n@media (min-width:550px) {\n  #text-2583789493 {\n    font-size: 1rem;\n  }\n}\n<\/style>\n\t<\/div>\n\t\n<div class=\"is-divider divider clearfix\" style=\"max-width:100%;\"><\/div>\n\t<div id=\"gap-538205038\" class=\"gap-element clearfix\" style=\"display:block; height:auto;\">\n\t\t\n<style>\n#gap-538205038 {\n  padding-top: 20px;\n}\n<\/style>\n\t<\/div>\n\t\n\n\t\t<div class=\"icon-box featured-box link-color icon-box-left text-left\"  >\n\t\t\t\t\t<div class=\"icon-box-img\" style=\"width: 31px\">\n\t\t\t\t<div class=\"icon\">\n\t\t\t\t\t<div class=\"icon-inner\" >\n\t\t\t\t\t\t<img decoding=\"async\" src=\"https:\/\/customizedwaterbottles.com\/wp-content\/uploads\/2025\/06\/icon-mail.svg\" class=\"attachment-medium size-medium\" alt=\"\u00edcone do correio\" \/>\t\t\t\t\t<\/div>\n\t\t\t\t<\/div>\n\t\t\t<\/div>\n\t\t\t\t<div class=\"icon-box-text last-reset\">\n\t\t\t\t\t\t\t\t\t\n<p class=\"b0\">E-mail\uff1a<\/p>\n<h5><a href=\"mailto:info@customizedwaterbottles.com\">info@customizedwaterbottles.com<\/a><\/h5>\n\t\t<\/div>\n\t<\/div>\n\t\n\t\n\t\t<\/div>\n\t\t\t\t\t<\/div>\n\n\t\n\n\t<div id=\"col-1690736161\" class=\"col small-12 large-12\"  >\n\t\t\t\t<div class=\"col-inner\"  >\n\t\t\t\n\t\t\t\n\n\t\t<div class=\"icon-box featured-box link-color icon-box-left text-left\"  >\n\t\t\t\t\t<div class=\"icon-box-img\" style=\"width: 31px\">\n\t\t\t\t<div class=\"icon\">\n\t\t\t\t\t<div class=\"icon-inner\" >\n\t\t\t\t\t\t<img decoding=\"async\" src=\"https:\/\/customizedwaterbottles.com\/wp-content\/uploads\/2025\/06\/icon-tel.svg\" class=\"attachment-medium size-medium\" alt=\"\u00edcone tel\" \/>\t\t\t\t\t<\/div>\n\t\t\t\t<\/div>\n\t\t\t<\/div>\n\t\t\t\t<div class=\"icon-box-text last-reset\">\n\t\t\t\t\t\t\t\t\t\n<p class=\"b0\">TEL:<\/p>\n<h5><a href=\"tel:8618130060578\">+86 18130060578<\/a><\/h5>\n\t\t<\/div>\n\t<\/div>\n\t\n\t\n\t\t<\/div>\n\t\t\t\t\t<\/div>\n\n\t\n\n\t<div id=\"col-373903816\" class=\"col small-12 large-12\"  >\n\t\t\t\t<div class=\"col-inner\"  >\n\t\t\t\n\t\t\t\n\n\t\t<div class=\"icon-box featured-box icon-box-left text-left\"  >\n\t\t\t\t\t<div class=\"icon-box-img\" style=\"width: 31px\">\n\t\t\t\t<div class=\"icon\">\n\t\t\t\t\t<div class=\"icon-inner\" >\n\t\t\t\t\t\t<img decoding=\"async\" src=\"https:\/\/customizedwaterbottles.com\/wp-content\/uploads\/2025\/06\/icon-address.svg\" class=\"attachment-medium size-medium\" alt=\"endere\u00e7o do \u00edcone\" \/>\t\t\t\t\t<\/div>\n\t\t\t\t<\/div>\n\t\t\t<\/div>\n\t\t\t\t<div class=\"icon-box-text last-reset\">\n\t\t\t\t\t\t\t\t\t\n<p class=\"b0\">Escrit\u00f3rio:<\/p>\n<h5>Anhui iFun Import&amp;Export Co., Ltd<\/h5>\n<h5>No.9 QingHe Road ,Luyang District, Hefei City, Anhui, China<\/h5>\n\t\t<\/div>\n\t<\/div>\n\t\n\t\n\t\t<\/div>\n\t\t\t\t\t<\/div>\n\n\t\n<\/div>\n<div class=\"is-divider divider clearfix\" style=\"max-width:100%;\"><\/div>\n<div class=\"social-icons follow-icons\" ><span>Siga-nos<\/span><a href=\"https:\/\/www.facebook.com\/DrinkwareProducts\" target=\"_blank\" data-label=\"Facebook\" class=\"icon primary button circle facebook\" aria-label=\"Follow on Facebook\" rel=\"noopener nofollow\" ><i class=\"icon-facebook\" ><\/i><\/a><a href=\"https:\/\/www.linkedin.com\/company\/105293211\/admin\/dashboard\/\" data-label=\"LinkedIn\" target=\"_blank\" class=\"icon primary button circle linkedin\" aria-label=\"Follow on LinkedIn\" rel=\"noopener nofollow\" ><i class=\"icon-linkedin\" ><\/i><\/a><a href=\"https:\/\/www.youtube.com\/@iFUNHouseware\" data-label=\"YouTube\" target=\"_blank\" class=\"icon primary button circle youtube\" aria-label=\"Follow on YouTube\" rel=\"noopener nofollow\" ><i class=\"icon-youtube\" ><\/i><\/a><\/div>\n<div class=\"is-divider divider clearfix\" style=\"max-width:100%;\"><\/div>\n\t<div id=\"gap-934797021\" class=\"gap-element clearfix\" style=\"display:block; height:auto;\">\n\t\t\n<style>\n#gap-934797021 {\n  padding-top: 20px;\n}\n<\/style>\n\t<\/div>\n\t\n\t<div id=\"text-2447586570\" class=\"text\">\n\t\t\n<h2>Estamos aqui para ajudar<\/h2>\n\t\t\n<style>\n#text-2447586570 {\n  color: #002454;\n}\n#text-2447586570 > * {\n  color: #002454;\n}\n<\/style>\n\t<\/div>\n\t\n\t<div id=\"text-2475184785\" class=\"text\">\n\t\t\n<p>A IFUN \u00e9 um fabricante l\u00edder de garrafas e recipientes de \u00e1gua em a\u00e7o inoxid\u00e1vel. Ajudamos os propriet\u00e1rios de marcas, revendedores, vendedores da Amazon e grossistas a melhorar a sua marca e a aumentar as vendas. Temos uma vasta experi\u00eancia na personaliza\u00e7\u00e3o total de garrafas de \u00e1gua em a\u00e7o inoxid\u00e1vel isoladas, copos, canecas, ch\u00e1venas, refrigeradores de latas, recipientes para alimentos, tigelas para animais de estima\u00e7\u00e3o e outros recipientes de acordo com as necessidades dos nossos clientes.<\/p>\n\t\t\n<style>\n#text-2475184785 {\n  font-size: 0.75rem;\n}\n@media (min-width:550px) {\n  #text-2475184785 {\n    font-size: 1rem;\n  }\n}\n<\/style>\n\t<\/div>\n\t\n\t<div id=\"text-1850138129\" class=\"text\">\n\t\t\n<p>Contacte-nos e obter\u00e1:<\/p>\n<ul>\n<li>Amostras gr\u00e1tis<\/li>\n<li>Aconselhamento profissional sobre a personaliza\u00e7\u00e3o.<\/li>\n<li>Forte apoio \u00e0 engenharia de investiga\u00e7\u00e3o e desenvolvimento.<\/li>\n<\/ul>\n\t\t\n<style>\n#text-1850138129 {\n  font-size: 0.75rem;\n  line-height: 1.05;\n}\n@media (min-width:550px) {\n  #text-1850138129 {\n    font-size: 1rem;\n  }\n}\n<\/style>\n\t<\/div>\n\t\n\t\t<\/div>\n\t\t\t\t\t<\/div>\n\n\t\n\n\t<div id=\"col-701588314\" class=\"col medium-6 small-12 large-6\"  >\n\t\t\t\t<div class=\"col-inner box-shadow-5\" style=\"background-color:rgb(255,255,255);\" >\n\t\t\t\n\t\t\t\n\n<div class='fluentform ff-default fluentform_wrapper_1 ffs_default_wrap'><form data-form_id=\"1\" id=\"fluentform_1\" class=\"frm-fluent-form fluent_form_1 ff-el-form-top ff_form_instance_1_1 ff-form-loading ffs_default\" data-form_instance=\"ff_form_instance_1_1\" method=\"POST\" action=\"\" ><fieldset  style=\"border: none!important;margin: 0!important;padding: 0!important;background-color: transparent!important;box-shadow: none!important;outline: none!important; min-inline-size: 100%;\">\n                    <legend class=\"ff_screen_reader_title\" style=\"display: block; margin: 0!important;padding: 0!important;height: 0!important;text-indent: -999999px;width: 0!important;overflow:hidden;\">Formul\u00e1rio de contacto<\/legend><input type='hidden' name='__fluent_form_embded_post_id' value='667' \/><input type=\"hidden\" id=\"_fluentform_1_fluentformnonce\" name=\"_fluentform_1_fluentformnonce\" value=\"52b7cec112\" \/><input type=\"hidden\" name=\"_wp_http_referer\" value=\"\/pt\/wp-json\/wp\/v2\/pages\/667\" \/><div class='ff-el-group  ff-custom_html' tabindex='-1' data-name=\"custom_html-1_1\" ><h2>Contacte-nos hoje, entraremos em contacto consigo imediatamente<\/h2><\/div><div data-type=\"name-element\" data-name=\"names\" class=\"ff-field_container ff-name-field-wrapper\" ><div class='ff-t-container'><div class='ff-t-cell'><div class='ff-el-group'><div class=\"ff-el-input--label asterisk-right\"><label for='ff_1_names_first_name_' >Nome pr\u00f3prio<\/label><\/div><div class='ff-el-input--content'><input type=\"text\" name=\"names[first_name]\" id=\"ff_1_names_first_name_\" class=\"ff-el-form-control\" placeholder=\"Nome pr\u00f3prio\" aria-invalid=\"false\" aria-required=\"false\"><\/div><\/div><\/div><div class='ff-t-cell'><div class='ff-el-group'><div class=\"ff-el-input--label asterisk-right\"><label for='ff_1_names_last_name_' >Apelido<\/label><\/div><div class='ff-el-input--content'><input type=\"text\" name=\"names[last_name]\" id=\"ff_1_names_last_name_\" class=\"ff-el-form-control\" placeholder=\"Apelido\" aria-invalid=\"false\" aria-required=\"false\"><\/div><\/div><\/div><\/div><\/div><div data-name=\"ff_cn_id_1\"  class='ff-t-container ff-column-container ff_columns_total_1'><div class='ff-t-cell ff-t-column-1' style='flex-basis: 100%;'><div class='ff-el-group'><div class=\"ff-el-input--label ff-el-is-required asterisk-right\"><label for='ff_1_email' aria-label=\"Correio eletr\u00f3nico\">Correio eletr\u00f3nico<\/label><\/div><div class='ff-el-input--content'><input type=\"email\" name=\"email\" id=\"ff_1_email\" class=\"ff-el-form-control\" placeholder=\"Endere\u00e7o de correio eletr\u00f3nico\" data-name=\"email\"  aria-invalid=\"false\" aria-required=\"true\"><\/div><\/div><\/div><\/div><div class='ff-el-group'><div class=\"ff-el-input--label ff-el-is-required asterisk-right\"><label for='ff_1_phone' aria-label=\"Telefone\/Telem\u00f3vel\">Telefone\/Telem\u00f3vel<\/label><\/div><div class='ff-el-input--content'><input name=\"phone\" class=\"ff-el-form-control ff-el-phone ff_el_with_extended_validation\" type=\"tel\" placeholder=\"N\u00famero de telem\u00f3vel\" data-name=\"phone\" id=\"ff_1_phone\" inputmode=\"tel\"  aria-invalid='false' aria-required=\"true\"><\/div><\/div><div class='ff-el-group'><div class=\"ff-el-input--label ff-el-is-required asterisk-right\"><label for='ff_1_message' aria-label=\"A sua mensagem\">A sua mensagem<\/label><\/div><div class='ff-el-input--content'><textarea aria-invalid=\"false\" aria-required=\"true\" name=\"message\" id=\"ff_1_message\" class=\"ff-el-form-control\" placeholder=\"A sua mensagem\" rows=\"4\" cols=\"2\" data-name=\"message\" ><\/textarea><\/div><\/div><div class='ff-el-group'><div class=\"ff-el-input--label asterisk-right\"><label for='ff_1_file-upload_1' aria-label=\"Carregamento de ficheiros\">Carregamento de ficheiros<\/label><\/div><div class='ff-el-input--content'><label for='ff_1_file-upload_1' class='ff_file_upload_holder'><span class='ff_upload_btn ff-btn' tabindex='0'>Escolher ficheiro<\/span> <input type=\"file\" name=\"file-upload\" id=\"ff_1_file-upload_1\" class=\"ff-el-form-control  ff-screen-reader-element\" data-name=\"file-upload\" multiple=\"1\"  aria-invalid='false' aria-required=\"false\"><\/label><\/div><\/div><div class='ff-el-group' ><div class='ff-el-input--content'><div data-fluent_id='1' name='g-recaptcha-response'><div\n\t\tdata-sitekey='6LdV8pcrAAAAAGFgTEyDuP-ugXxrXIeztj6sIJhT'\n\t\tid='fluentform-recaptcha-1-1'\n\t\tclass='ff-el-recaptcha g-recaptcha'\n\t\tdata-callback='fluentFormrecaptchaSuccessCallback'><\/div><\/div><\/div><\/div><div class='ff-el-group ff-text-left ff_submit_btn_wrapper'><button type=\"submit\" class=\"ff-btn ff-btn-submit ff-btn-md ff_btn_style\" >Enviar<\/button><\/div><\/fieldset><input type=\"hidden\" name=\"trp-form-language\" value=\"pt\"\/><\/form><div id='fluentform_1_errors' class='ff-errors-in-stack ff_form_instance_1_1 ff-form-loading_errors ff_form_instance_1_1_errors'><\/div><\/div>        <script type=\"text\/javascript\">\n            window.fluent_form_ff_form_instance_1_1 = {\"id\":\"1\",\"settings\":{\"layout\":{\"labelPlacement\":\"top\",\"helpMessagePlacement\":\"with_label\",\"errorMessagePlacement\":\"inline\",\"cssClassName\":\"\",\"asteriskPlacement\":\"asterisk-right\"},\"restrictions\":{\"denyEmptySubmission\":{\"enabled\":false}}},\"form_instance\":\"ff_form_instance_1_1\",\"form_id_selector\":\"fluentform_1\",\"rules\":{\"names[first_name]\":{\"required\":{\"value\":false,\"message\":\"This field is required\",\"global\":false,\"global_message\":\"This field is required\"}},\"names[middle_name]\":{\"required\":{\"value\":false,\"message\":\"This field is required\",\"global\":false,\"global_message\":\"This field is required\"}},\"names[last_name]\":{\"required\":{\"value\":false,\"message\":\"This field is required\",\"global\":false,\"global_message\":\"This field is required\"}},\"email\":{\"required\":{\"value\":true,\"message\":\"This field is required\",\"global\":false,\"global_message\":\"This field is required\"},\"email\":{\"value\":true,\"message\":\"This field must contain a valid email\",\"global\":false,\"global_message\":\"This field must contain a valid email\"}},\"phone\":{\"required\":{\"value\":true,\"global\":true,\"message\":\"This field is required\",\"global_message\":\"This field is required\"},\"valid_phone_number\":{\"value\":true,\"global\":true,\"message\":\"Phone number is not valid\",\"global_message\":\"Phone number is not valid\"}},\"message\":{\"required\":{\"value\":true,\"message\":\"This field is required\",\"global\":false,\"global_message\":\"This field is required\"}},\"file-upload\":{\"required\":{\"value\":false,\"message\":\"This field is required\",\"global_message\":\"This field is required\",\"global\":true},\"max_file_size\":{\"value\":1048576,\"_valueFrom\":\"MB\",\"message\":\"Validation fails for maximum file size\",\"global_message\":\"Validation fails for maximum file size\",\"global\":true},\"max_file_count\":{\"value\":1,\"message\":\"Validation fails for maximum file count\",\"global_message\":\"Validation fails for maximum file count\",\"global\":true},\"allowed_file_types\":{\"value\":[],\"message\":\"Invalid file type\",\"global_message\":\"Invalid file type\",\"global\":true}},\"g-recaptcha-response\":[]},\"debounce_time\":300};\n                    <\/script>\n        \n\n\n\t\t<\/div>\n\t\t\t\t\n<style>\n#col-701588314 > .col-inner {\n  padding: 30px 30px 30px 30px;\n  border-radius: 12px;\n}\n<\/style>\n\t<\/div>\n\n\t\n<\/div>\n\t\t<\/div>\n\n\t\t\n<style>\n#section_1333695705 {\n  padding-top: 30px;\n  padding-bottom: 30px;\n  background-color: rgb(247, 247, 247);\n}\n@media (min-width:550px) {\n  #section_1333695705 {\n    padding-top: 60px;\n    padding-bottom: 60px;\n  }\n}\n@media (min-width:850px) {\n  #section_1333695705 {\n    padding-top: 90px;\n    padding-bottom: 90px;\n  }\n}\n<\/style>\n\t<\/section>","protected":false},"excerpt":{"rendered":"","protected":false},"author":1,"featured_media":0,"parent":0,"menu_order":0,"comment_status":"closed","ping_status":"closed","template":"page-blank.php","meta":{"footnotes":""},"class_list":["post-667","page","type-page","status-publish","hentry"],"yoast_head":"<!-- This site is optimized with the Yoast SEO plugin v25.4 - https:\/\/yoast.com\/wordpress\/plugins\/seo\/ -->\n<title>OEM Water Bottle Solutions | iFun Factory Contact<\/title>\n<meta name=\"description\" content=\"Speak directly with iFun&#039;s team about custom water bottles. OEM\/ODM services, bulk pricing &amp; sample requests. Reply within 24H.\" \/>\n<meta name=\"robots\" content=\"index, follow, max-snippet:-1, max-image-preview:large, max-video-preview:-1\" \/>\n<link rel=\"canonical\" href=\"https:\/\/customizedwaterbottles.com\/pt\/contact-us-wholesale-custom-stainless-steel-water-bottle-owala-manufacturer\/\" \/>\n<meta property=\"og:locale\" content=\"pt_PT\" \/>\n<meta property=\"og:type\" content=\"article\" \/>\n<meta property=\"og:title\" content=\"OEM Water Bottle Solutions | iFun Factory Contact\" \/>\n<meta property=\"og:description\" content=\"Speak directly with iFun&#039;s team about custom water bottles. OEM\/ODM services, bulk pricing &amp; sample requests. Reply within 24H.\" \/>\n<meta property=\"og:url\" content=\"https:\/\/customizedwaterbottles.com\/pt\/contact-us-wholesale-custom-stainless-steel-water-bottle-owala-manufacturer\/\" \/>\n<meta property=\"og:site_name\" content=\"iFun\" \/>\n<meta property=\"article:modified_time\" content=\"2025-07-18T10:02:06+00:00\" \/>\n<meta name=\"twitter:card\" content=\"summary_large_image\" \/>\n<meta name=\"twitter:label1\" content=\"Tempo estimado de leitura\" \/>\n\t<meta name=\"twitter:data1\" content=\"2 minutos\" \/>\n<script type=\"application\/ld+json\" class=\"yoast-schema-graph\">{\"@context\":\"https:\/\/schema.org\",\"@graph\":[{\"@type\":\"WebPage\",\"@id\":\"https:\/\/customizedwaterbottles.com\/contact-us-wholesale-custom-stainless-steel-water-bottle-owala-manufacturer\/\",\"url\":\"https:\/\/customizedwaterbottles.com\/contact-us-wholesale-custom-stainless-steel-water-bottle-owala-manufacturer\/\",\"name\":\"OEM Water Bottle Solutions | iFun Factory Contact\",\"isPartOf\":{\"@id\":\"https:\/\/customizedwaterbottles.com\/#website\"},\"datePublished\":\"2025-06-11T00:54:19+00:00\",\"dateModified\":\"2025-07-18T10:02:06+00:00\",\"description\":\"Speak directly with iFun's team about custom water bottles. OEM\/ODM services, bulk pricing & sample requests. Reply within 24H.\",\"breadcrumb\":{\"@id\":\"https:\/\/customizedwaterbottles.com\/contact-us-wholesale-custom-stainless-steel-water-bottle-owala-manufacturer\/#breadcrumb\"},\"inLanguage\":\"pt-PT\",\"potentialAction\":[{\"@type\":\"ReadAction\",\"target\":[\"https:\/\/customizedwaterbottles.com\/contact-us-wholesale-custom-stainless-steel-water-bottle-owala-manufacturer\/\"]}]},{\"@type\":\"BreadcrumbList\",\"@id\":\"https:\/\/customizedwaterbottles.com\/contact-us-wholesale-custom-stainless-steel-water-bottle-owala-manufacturer\/#breadcrumb\",\"itemListElement\":[{\"@type\":\"ListItem\",\"position\":1,\"name\":\"Home\",\"item\":\"https:\/\/customizedwaterbottles.com\/\"},{\"@type\":\"ListItem\",\"position\":2,\"name\":\"Contact Us\"}]},{\"@type\":\"WebSite\",\"@id\":\"https:\/\/customizedwaterbottles.com\/#website\",\"url\":\"https:\/\/customizedwaterbottles.com\/\",\"name\":\"iFun\",\"description\":\"Water Bottles Stainless Steel Vacuum Flask\",\"potentialAction\":[{\"@type\":\"SearchAction\",\"target\":{\"@type\":\"EntryPoint\",\"urlTemplate\":\"https:\/\/customizedwaterbottles.com\/?s={search_term_string}\"},\"query-input\":{\"@type\":\"PropertyValueSpecification\",\"valueRequired\":true,\"valueName\":\"search_term_string\"}}],\"inLanguage\":\"pt-PT\"}]}<\/script>\n<!-- \/ Yoast SEO plugin. -->","yoast_head_json":{"title":"OEM Water Bottle Solutions | iFun Factory Contact","description":"Speak directly with iFun's team about custom water bottles. OEM\/ODM services, bulk pricing & sample requests. Reply within 24H.","robots":{"index":"index","follow":"follow","max-snippet":"max-snippet:-1","max-image-preview":"max-image-preview:large","max-video-preview":"max-video-preview:-1"},"canonical":"https:\/\/customizedwaterbottles.com\/pt\/contact-us-wholesale-custom-stainless-steel-water-bottle-owala-manufacturer\/","og_locale":"pt_PT","og_type":"article","og_title":"OEM Water Bottle Solutions | iFun Factory Contact","og_description":"Speak directly with iFun's team about custom water bottles. OEM\/ODM services, bulk pricing & sample requests. Reply within 24H.","og_url":"https:\/\/customizedwaterbottles.com\/pt\/contact-us-wholesale-custom-stainless-steel-water-bottle-owala-manufacturer\/","og_site_name":"iFun","article_modified_time":"2025-07-18T10:02:06+00:00","twitter_card":"summary_large_image","twitter_misc":{"Tempo estimado de leitura":"2 minutos"},"schema":{"@context":"https:\/\/schema.org","@graph":[{"@type":"WebPage","@id":"https:\/\/customizedwaterbottles.com\/contact-us-wholesale-custom-stainless-steel-water-bottle-owala-manufacturer\/","url":"https:\/\/customizedwaterbottles.com\/contact-us-wholesale-custom-stainless-steel-water-bottle-owala-manufacturer\/","name":"OEM Water Bottle Solutions | iFun Factory Contact","isPartOf":{"@id":"https:\/\/customizedwaterbottles.com\/#website"},"datePublished":"2025-06-11T00:54:19+00:00","dateModified":"2025-07-18T10:02:06+00:00","description":"Speak directly with iFun's team about custom water bottles. OEM\/ODM services, bulk pricing & sample requests. Reply within 24H.","breadcrumb":{"@id":"https:\/\/customizedwaterbottles.com\/contact-us-wholesale-custom-stainless-steel-water-bottle-owala-manufacturer\/#breadcrumb"},"inLanguage":"pt-PT","potentialAction":[{"@type":"ReadAction","target":["https:\/\/customizedwaterbottles.com\/contact-us-wholesale-custom-stainless-steel-water-bottle-owala-manufacturer\/"]}]},{"@type":"BreadcrumbList","@id":"https:\/\/customizedwaterbottles.com\/contact-us-wholesale-custom-stainless-steel-water-bottle-owala-manufacturer\/#breadcrumb","itemListElement":[{"@type":"ListItem","position":1,"name":"Home","item":"https:\/\/customizedwaterbottles.com\/"},{"@type":"ListItem","position":2,"name":"Contact Us"}]},{"@type":"WebSite","@id":"https:\/\/customizedwaterbottles.com\/#website","url":"https:\/\/customizedwaterbottles.com\/","name":"iFun","description":"Water Bottles Stainless Steel Vacuum Flask","potentialAction":[{"@type":"SearchAction","target":{"@type":"EntryPoint","urlTemplate":"https:\/\/customizedwaterbottles.com\/?s={search_term_string}"},"query-input":{"@type":"PropertyValueSpecification","valueRequired":true,"valueName":"search_term_string"}}],"inLanguage":"pt-PT"}]}},"_links":{"self":[{"href":"https:\/\/customizedwaterbottles.com\/pt\/wp-json\/wp\/v2\/pages\/667","targetHints":{"allow":["GET"]}}],"collection":[{"href":"https:\/\/customizedwaterbottles.com\/pt\/wp-json\/wp\/v2\/pages"}],"about":[{"href":"https:\/\/customizedwaterbottles.com\/pt\/wp-json\/wp\/v2\/types\/page"}],"author":[{"embeddable":true,"href":"https:\/\/customizedwaterbottles.com\/pt\/wp-json\/wp\/v2\/users\/1"}],"replies":[{"embeddable":true,"href":"https:\/\/customizedwaterbottles.com\/pt\/wp-json\/wp\/v2\/comments?post=667"}],"version-history":[{"count":18,"href":"https:\/\/customizedwaterbottles.com\/pt\/wp-json\/wp\/v2\/pages\/667\/revisions"}],"predecessor-version":[{"id":3082,"href":"https:\/\/customizedwaterbottles.com\/pt\/wp-json\/wp\/v2\/pages\/667\/revisions\/3082"}],"wp:attachment":[{"href":"https:\/\/customizedwaterbottles.com\/pt\/wp-json\/wp\/v2\/media?parent=667"}],"curies":[{"name":"wp","href":"https:\/\/api.w.org\/{rel}","templated":true}]}}