{"id":1809,"date":"2025-07-02T04:02:56","date_gmt":"2025-07-02T04:02:56","guid":{"rendered":"https:\/\/customizedwaterbottles.com\/?post_type=product&#038;p=1809"},"modified":"2025-07-18T08:39:38","modified_gmt":"2025-07-18T08:39:38","slug":"double-walled-insulated-stainless-steel-sports-fitness-water-bottle-protein-shaker-with-stirring-ball","status":"publish","type":"product","link":"https:\/\/customizedwaterbottles.com\/pt\/product\/double-walled-insulated-stainless-steel-sports-fitness-water-bottle-protein-shaker-with-stirring-ball\/","title":{"rendered":"550ML 750ML Garrafa de \u00e1gua para desportos de fitness de parede dupla isolada em a\u00e7o inoxid\u00e1vel Agitador de prote\u00ednas com esfera agitadora 1081605P"},"content":{"rendered":"<table>\n<tbody>\n<tr>\n<td width=\"426\">Nome do produto<\/td>\n<td width=\"426\">\u00a0Double Walled Insulated Stainless Steel Sports Fitness Water Bottle Protein Shaker with Stirring Ball<\/td>\n<\/tr>\n<tr>\n<td width=\"426\">Capacidade<\/td>\n<td width=\"426\">550ML 750ML<\/td>\n<\/tr>\n<tr>\n<td width=\"426\">Material<\/td>\n<td width=\"426\">Parede dupla em a\u00e7o inoxid\u00e1vel<\/td>\n<\/tr>\n<tr>\n<td width=\"426\">Cor<\/td>\n<td width=\"426\">Pintura brilhante, pintura mate, revestimento a p\u00f3, etc.<\/td>\n<\/tr>\n<tr>\n<td width=\"426\">Log\u00f3tipo<\/td>\n<td width=\"426\">Impress\u00e3o serigr\u00e1fica, impress\u00e3o por transfer\u00eancia t\u00e9rmica, grava\u00e7\u00e3o a laser, transfer\u00eancia de \u00e1gua, etc.<\/td>\n<\/tr>\n<tr>\n<td width=\"426\">MOQ<\/td>\n<td width=\"426\">50 unidades<\/td>\n<\/tr>\n<tr>\n<td width=\"426\">Tempo de amostragem<\/td>\n<td width=\"426\">3- 7 dias para a conce\u00e7\u00e3o personalizada<\/td>\n<\/tr>\n<tr>\n<td width=\"426\">Certifica\u00e7\u00e3o<\/td>\n<td width=\"426\">FDA, LFGB<\/td>\n<\/tr>\n<tr>\n<td width=\"426\">Embalagem<\/td>\n<td width=\"426\">Caixa branca, caixa a cores ou caixa com design personalizado<\/td>\n<\/tr>\n<tr>\n<td width=\"426\">Capacidade de produ\u00e7\u00e3o<\/td>\n<td width=\"426\">500.000 unidades por m\u00eas<\/td>\n<\/tr>\n<tr>\n<td width=\"426\">Prazo de entrega<\/td>\n<td width=\"426\">25- 35 dias para quantidades inferiores a 20.000 unidades<\/td>\n<\/tr>\n<\/tbody>\n<\/table>\n<h2><strong>Porqu\u00ea escolher a Garrafa Agitadora de Prote\u00ednas de A\u00e7o Inoxid\u00e1vel Ifun?<\/strong><\/h2>\n<p><strong>1. Constru\u00e7\u00e3o em a\u00e7o inoxid\u00e1vel 304 de alta qualidade<\/strong><\/p>\n<p>O frasco agitador de prote\u00ednas Ifun \u00e9 fabricado em a\u00e7o inoxid\u00e1vel 304 de qualidade alimentar, garantindo durabilidade, limpeza f\u00e1cil e desempenho duradouro. A tampa 100% sem BPA garante uma experi\u00eancia de consumo segura e saud\u00e1vel, sem qu\u00edmicos nocivos.<\/p>\n<p><strong>2. Diswash safe Shaker bottle and lid can be washed in a dishwasher. It\u2019s dishwasher safe making clean-up so much easier and less hassle. &#8211;\u00a0<\/strong><\/p>\n<p>Esta garrafa shaker melhorada possui um compartimento de arruma\u00e7\u00e3o incorporado, perfeito para guardar prote\u00ednas em p\u00f3, leite em p\u00f3 para beb\u00e9s, suplementos, sementes ou snacks. Mantenha os seus produtos essenciais organizados e prontos a misturar em qualquer altura e em qualquer lugar - ideal para entusiastas do fitness, viajantes e profissionais ocupados.<\/p>\n<p><strong>3. Design \u00e0 prova de fugas\u00a0<\/strong><\/p>\n<p>Ifun Shaker Bottle It is proven that a twist-on cap is at least two times more secure than a flip-top cap against spilling and leaking and the lid won\u2019t burst open when dropped. No more accidental leaking\/spilling leaving a mess and ruining your day. Our exclusive patented twist-on cap can be used for hot beverages because the inside air pressure can be released\/ \u2018gas off\u2019 through the sides of the twist-on cap while opening it slowly whereas flip-top can\u2019t withhold shaking hot drinks.<\/p>\n<p><strong>4. mistura sem esfor\u00e7o com batedor de arame e medi\u00e7\u00f5es claras<\/strong><\/p>\n<p>Com uma generosa capacidade de 800 ml, esta garrafa shaker inclui uma bola de a\u00e7o inoxid\u00e1vel integrada para batidos suaves e sem grumos. As marcas de medi\u00e7\u00e3o transparentes no exterior permitem-lhe controlar facilmente a sua ingest\u00e3o de l\u00edquidos, tornando-a perfeita para batidos de prote\u00ednas, bebidas pr\u00e9-treino e muito mais.<\/p>\n<p><strong>5. Exterior sem suor<\/strong><\/p>\n<p>O nosso frasco de v\u00e1cuo isolado a v\u00e1cuo n\u00e3o s\u00f3 mant\u00e9m as bebidas frias, como tamb\u00e9m mant\u00e9m o exterior seco. N\u00e3o precisa de se preocupar com a condensa\u00e7\u00e3o das bebidas frias que molha as suas m\u00e3os ou a mesa.<\/p>\n<p><strong>Mais de 6,15 anos de experi\u00eancia no sector do fabrico<\/strong><\/p>\n<p>Ifun concentra-se em produtos de bebidas h\u00e1 mais de 15 anos, os nossos produtos incluem copos de a\u00e7o inoxid\u00e1vel, garrafas de \u00e1gua com isolamento a v\u00e1cuo, canecas de viagem, copos t\u00e9rmicos, etc. Temos equipas profissionais para garantir produtos de alta qualidade.<\/p>\n<p>&nbsp;<\/p>\n<p><img decoding=\"async\" class=\"size-full wp-image-1846\" src=\"https:\/\/customizedwaterbottles.com\/wp-content\/uploads\/2025\/07\/550ml-750ml-stainless-steel-protein-shaker-bottles-1.webp\" alt=\"550ml 750ml parede dupla isolada em a\u00e7o inoxid\u00e1vel garrafa de \u00e1gua para desportos de fitness agitador de prote\u00ednas com bola de agita\u00e7\u00e3o 1081605p\" width=\"800\" height=\"800\" srcset=\"https:\/\/customizedwaterbottles.com\/wp-content\/uploads\/2025\/07\/550ml-750ml-stainless-steel-protein-shaker-bottles-1.webp 800w, https:\/\/customizedwaterbottles.com\/wp-content\/uploads\/2025\/07\/550ml-750ml-stainless-steel-protein-shaker-bottles-1-768x768.webp 768w, https:\/\/customizedwaterbottles.com\/wp-content\/uploads\/2025\/07\/550ml-750ml-stainless-steel-protein-shaker-bottles-1-300x300.webp 300w, https:\/\/customizedwaterbottles.com\/wp-content\/uploads\/2025\/07\/550ml-750ml-stainless-steel-protein-shaker-bottles-1-600x600.webp 600w, https:\/\/customizedwaterbottles.com\/wp-content\/uploads\/2025\/07\/550ml-750ml-stainless-steel-protein-shaker-bottles-1-100x100.webp 100w\" sizes=\"(max-width: 800px) 100vw, 800px\" \/><\/p>\n<p><img decoding=\"async\" class=\"size-full wp-image-1850\" src=\"https:\/\/customizedwaterbottles.com\/wp-content\/uploads\/2025\/07\/550ml-750ml-stainless-steel-protein-shaker-bottles-6-1.webp\" alt=\"550ml 750ml parede dupla isolada em a\u00e7o inoxid\u00e1vel garrafa de \u00e1gua para desportos de fitness agitador de prote\u00ednas com bola de agita\u00e7\u00e3o 1081605p\" width=\"800\" height=\"800\" srcset=\"https:\/\/customizedwaterbottles.com\/wp-content\/uploads\/2025\/07\/550ml-750ml-stainless-steel-protein-shaker-bottles-6-1.webp 800w, https:\/\/customizedwaterbottles.com\/wp-content\/uploads\/2025\/07\/550ml-750ml-stainless-steel-protein-shaker-bottles-6-1-768x768.webp 768w, https:\/\/customizedwaterbottles.com\/wp-content\/uploads\/2025\/07\/550ml-750ml-stainless-steel-protein-shaker-bottles-6-1-300x300.webp 300w, https:\/\/customizedwaterbottles.com\/wp-content\/uploads\/2025\/07\/550ml-750ml-stainless-steel-protein-shaker-bottles-6-1-600x600.webp 600w, https:\/\/customizedwaterbottles.com\/wp-content\/uploads\/2025\/07\/550ml-750ml-stainless-steel-protein-shaker-bottles-6-1-100x100.webp 100w\" sizes=\"(max-width: 800px) 100vw, 800px\" \/><\/p>\n<p><img decoding=\"async\" class=\"size-full wp-image-1847\" src=\"https:\/\/customizedwaterbottles.com\/wp-content\/uploads\/2025\/07\/550ml-750ml-stainless-steel-protein-shaker-bottles-5-1.webp\" alt=\"550ml 750ml parede dupla isolada em a\u00e7o inoxid\u00e1vel garrafa de \u00e1gua para desportos de fitness agitador de prote\u00ednas com bola de agita\u00e7\u00e3o 1081605p\" width=\"750\" height=\"750\" srcset=\"https:\/\/customizedwaterbottles.com\/wp-content\/uploads\/2025\/07\/550ml-750ml-stainless-steel-protein-shaker-bottles-5-1.webp 750w, https:\/\/customizedwaterbottles.com\/wp-content\/uploads\/2025\/07\/550ml-750ml-stainless-steel-protein-shaker-bottles-5-1-300x300.webp 300w, https:\/\/customizedwaterbottles.com\/wp-content\/uploads\/2025\/07\/550ml-750ml-stainless-steel-protein-shaker-bottles-5-1-600x600.webp 600w, https:\/\/customizedwaterbottles.com\/wp-content\/uploads\/2025\/07\/550ml-750ml-stainless-steel-protein-shaker-bottles-5-1-100x100.webp 100w\" sizes=\"(max-width: 750px) 100vw, 750px\" \/><\/p>\n<p><img decoding=\"async\" class=\"size-full wp-image-1848\" src=\"https:\/\/customizedwaterbottles.com\/wp-content\/uploads\/2025\/07\/550ml-750ml-stainless-steel-protein-shaker-bottles-8-1.webp\" alt=\"550ml 750ml parede dupla isolada em a\u00e7o inoxid\u00e1vel garrafa de \u00e1gua para desportos de fitness agitador de prote\u00ednas com bola de agita\u00e7\u00e3o 1081605p\" width=\"800\" height=\"800\" srcset=\"https:\/\/customizedwaterbottles.com\/wp-content\/uploads\/2025\/07\/550ml-750ml-stainless-steel-protein-shaker-bottles-8-1.webp 800w, https:\/\/customizedwaterbottles.com\/wp-content\/uploads\/2025\/07\/550ml-750ml-stainless-steel-protein-shaker-bottles-8-1-768x768.webp 768w, https:\/\/customizedwaterbottles.com\/wp-content\/uploads\/2025\/07\/550ml-750ml-stainless-steel-protein-shaker-bottles-8-1-300x300.webp 300w, https:\/\/customizedwaterbottles.com\/wp-content\/uploads\/2025\/07\/550ml-750ml-stainless-steel-protein-shaker-bottles-8-1-600x600.webp 600w, https:\/\/customizedwaterbottles.com\/wp-content\/uploads\/2025\/07\/550ml-750ml-stainless-steel-protein-shaker-bottles-8-1-100x100.webp 100w\" sizes=\"(max-width: 800px) 100vw, 800px\" \/><\/p>\n<p><img decoding=\"async\" class=\"size-full wp-image-1849\" src=\"https:\/\/customizedwaterbottles.com\/wp-content\/uploads\/2025\/07\/550ml-750ml-stainless-steel-protein-shaker-bottles-9.webp\" alt=\"550ml 750ml parede dupla isolada em a\u00e7o inoxid\u00e1vel garrafa de \u00e1gua para desportos de fitness agitador de prote\u00ednas com bola de agita\u00e7\u00e3o 1081605p\" width=\"800\" height=\"800\" srcset=\"https:\/\/customizedwaterbottles.com\/wp-content\/uploads\/2025\/07\/550ml-750ml-stainless-steel-protein-shaker-bottles-9.webp 800w, https:\/\/customizedwaterbottles.com\/wp-content\/uploads\/2025\/07\/550ml-750ml-stainless-steel-protein-shaker-bottles-9-768x768.webp 768w, https:\/\/customizedwaterbottles.com\/wp-content\/uploads\/2025\/07\/550ml-750ml-stainless-steel-protein-shaker-bottles-9-300x300.webp 300w, https:\/\/customizedwaterbottles.com\/wp-content\/uploads\/2025\/07\/550ml-750ml-stainless-steel-protein-shaker-bottles-9-600x600.webp 600w, https:\/\/customizedwaterbottles.com\/wp-content\/uploads\/2025\/07\/550ml-750ml-stainless-steel-protein-shaker-bottles-9-100x100.webp 100w\" sizes=\"(max-width: 800px) 100vw, 800px\" \/><\/p>","protected":false},"excerpt":{"rendered":"<h3><strong>Carater\u00edsticas do produto:<\/strong><\/h3>\n<ul>\n<li><strong>The ultimate insulated water bottle for hot and cold:<\/strong> Ifun stainless steel water bottle uses double-layer vacuum insulation to keep your favorite drinks for 12 hours or 24 hours for cold drinks. Vacuum insulation reduces temperature transfer and prevents hand burns. The ideal bottle for everyday use.<\/li>\n<li><strong>Advanced mixing technology: :<\/strong> Say goodbye to clumpy, uneven shakes! Our premium protein shaker bottle features state-of-the-art mixing technology, including a removable stainless steel mixing grid and a silent shaking design that delivers smooth, lump-free shakes every time. Whether you&#8217;re blending whey protein, meal replacements, or supplements, enjoy a perfectly mixed drink with zero hassle.<\/li>\n<li><strong>Tampa \u00e0 prova de fugas e resistente a derrames:<\/strong> Possui uma tampa de rosca de engenharia de precis\u00e3o com um selo de silicone de qualidade alimentar. Este frasco de v\u00e1cuo evita fugas, derrames ou pingos, n\u00e3o precisa de se preocupar quando viaja para o exterior.<\/li>\n<li><strong>Exterior \u00e0 prova de suor:<\/strong>\u00a0A tecnologia de isolamento a v\u00e1cuo n\u00e3o s\u00f3 mant\u00e9m a temperatura como tamb\u00e9m garante que a superf\u00edcie exterior se mant\u00e9m livre de condensa\u00e7\u00e3o. N\u00e3o h\u00e1 mais m\u00e3os, sacos ou superf\u00edcies molhadas.<\/li>\n<li><strong>Abertura de boca larga:<\/strong> O frasco isolado Ifun enche-se facilmente com l\u00edquidos ou cubos de gelo, limpa-se sem esfor\u00e7o com a m\u00e3o ou com uma escova e \u00e9 conveniente beber diretamente do frasco.<\/li>\n<li><strong>Pega de transporte integrada e segura:<\/strong> Existe uma pega de transporte em a\u00e7o inoxid\u00e1vel robusta e ergonomicamente concebida, perfeitamente ligada \u00e0 tampa, que proporciona uma ader\u00eancia confort\u00e1vel e fi\u00e1vel para uma f\u00e1cil portabilidade em viagem.<\/li>\n<li><strong>Design f\u00e1cil de limpar:<\/strong> A boca larga e o interior liso e n\u00e3o poroso em a\u00e7o inoxid\u00e1vel 304 permitem uma limpeza sem esfor\u00e7o. Lava-se facilmente \u00e0 m\u00e3o.<\/li>\n<li><strong>V\u00e1rios tamanhos dispon\u00edveis:<\/strong>550ml, 750ml or customized.<\/li>\n<\/ul>\n<h3><strong>Servi\u00e7os personalizados:<\/strong><\/h3>\n<ul>\n<li><strong>Log\u00f3tipo e design:<\/strong> O frasco t\u00e9rmico de a\u00e7o inoxid\u00e1vel Ifun suporta o log\u00f3tipo personalizado da sua marca. Podemos fazer o seu log\u00f3tipo e design com serigrafia, grava\u00e7\u00e3o a laser, transfer\u00eancia de calor, impress\u00e3o 3D, impress\u00e3o UV, etc.<\/li>\n<li><strong>Cor:<\/strong> As cores podem ser personalizadas de acordo com o n\u00famero de cor pantone, podemos faz\u00ea-lo com acabamento mate, pintura brilhante, revestimento em p\u00f3, etc.<\/li>\n<li><strong>Capacidade:<\/strong> We have 550ml, 750ml, other capacity we can also custom for you.<\/li>\n<li><strong>Tampas: <\/strong>Temos tampa de pega, tampa de palha, tampa flip, tampa de copo para a sua escolha, a cor pode ser personalizada.<\/li>\n<li><strong>Embalagem: <\/strong>Caixa de cor, caixa branca, caixa de oferta, caixa de cart\u00e3o castanho, caixa cil\u00edndrica, etc.<\/li>\n<\/ul>","protected":false},"featured_media":1838,"comment_status":"open","ping_status":"closed","template":"","meta":[],"product_brand":[],"product_cat":[25],"product_tag":[61,60,59],"class_list":{"0":"post-1809","1":"product","2":"type-product","3":"status-publish","4":"has-post-thumbnail","6":"product_cat-protein-shaker-bottles","7":"product_tag-bpa-free-20-oz-shaker-bottles","8":"product_tag-insulated-shaker-bottles","9":"product_tag-stainless-steel-protein-shaker-bottle","11":"first","12":"instock","13":"shipping-taxable","14":"product-type-simple"},"yoast_head":"<!-- This site is optimized with the Yoast SEO plugin v25.4 - https:\/\/yoast.com\/wordpress\/plugins\/seo\/ -->\n<title>550ML 750ML Double Walled Insulated Stainless Steel Sports Fitness Water Bottle Protein Shaker with Stirring Ball 1081605P - iFun<\/title>\n<meta name=\"description\" content=\"Looking for Supplier of double-walled-insulated-stainless-steel-sports-fitness-water-bottle-protein-shaker-with-stirring-ball\" \/>\n<meta name=\"robots\" content=\"index, follow, max-snippet:-1, max-image-preview:large, max-video-preview:-1\" \/>\n<link rel=\"canonical\" href=\"https:\/\/customizedwaterbottles.com\/pt\/product\/double-walled-insulated-stainless-steel-sports-fitness-water-bottle-protein-shaker-with-stirring-ball\/\" \/>\n<meta property=\"og:locale\" content=\"pt_PT\" \/>\n<meta property=\"og:type\" content=\"article\" \/>\n<meta property=\"og:title\" content=\"550ML 750ML Double Walled Insulated Stainless Steel Sports Fitness Water Bottle Protein Shaker with Stirring Ball 1081605P - iFun\" \/>\n<meta property=\"og:description\" content=\"Looking for Supplier of double-walled-insulated-stainless-steel-sports-fitness-water-bottle-protein-shaker-with-stirring-ball\" \/>\n<meta property=\"og:url\" content=\"https:\/\/customizedwaterbottles.com\/pt\/product\/double-walled-insulated-stainless-steel-sports-fitness-water-bottle-protein-shaker-with-stirring-ball\/\" \/>\n<meta property=\"og:site_name\" content=\"iFun\" \/>\n<meta property=\"article:modified_time\" content=\"2025-07-18T08:39:38+00:00\" \/>\n<meta property=\"og:image\" content=\"https:\/\/customizedwaterbottles.com\/wp-content\/uploads\/2025\/07\/550ml-750ml-stainless-steel-shaker-bottles.webp\" \/>\n\t<meta property=\"og:image:width\" content=\"800\" \/>\n\t<meta property=\"og:image:height\" content=\"800\" \/>\n\t<meta property=\"og:image:type\" content=\"image\/webp\" \/>\n<meta name=\"twitter:card\" content=\"summary_large_image\" \/>\n<meta name=\"twitter:label1\" content=\"Tempo estimado de leitura\" \/>\n\t<meta name=\"twitter:data1\" content=\"3 minutos\" \/>\n<script type=\"application\/ld+json\" class=\"yoast-schema-graph\">{\"@context\":\"https:\/\/schema.org\",\"@graph\":[{\"@type\":\"WebPage\",\"@id\":\"https:\/\/customizedwaterbottles.com\/product\/double-walled-insulated-stainless-steel-sports-fitness-water-bottle-protein-shaker-with-stirring-ball\/\",\"url\":\"https:\/\/customizedwaterbottles.com\/product\/double-walled-insulated-stainless-steel-sports-fitness-water-bottle-protein-shaker-with-stirring-ball\/\",\"name\":\"550ML 750ML Double Walled Insulated Stainless Steel Sports Fitness Water Bottle Protein Shaker with Stirring Ball 1081605P - iFun\",\"isPartOf\":{\"@id\":\"https:\/\/customizedwaterbottles.com\/#website\"},\"primaryImageOfPage\":{\"@id\":\"https:\/\/customizedwaterbottles.com\/product\/double-walled-insulated-stainless-steel-sports-fitness-water-bottle-protein-shaker-with-stirring-ball\/#primaryimage\"},\"image\":{\"@id\":\"https:\/\/customizedwaterbottles.com\/product\/double-walled-insulated-stainless-steel-sports-fitness-water-bottle-protein-shaker-with-stirring-ball\/#primaryimage\"},\"thumbnailUrl\":\"https:\/\/customizedwaterbottles.com\/wp-content\/uploads\/2025\/07\/550ml-750ml-stainless-steel-shaker-bottles.webp\",\"datePublished\":\"2025-07-02T04:02:56+00:00\",\"dateModified\":\"2025-07-18T08:39:38+00:00\",\"description\":\"Looking for Supplier of double-walled-insulated-stainless-steel-sports-fitness-water-bottle-protein-shaker-with-stirring-ball\",\"breadcrumb\":{\"@id\":\"https:\/\/customizedwaterbottles.com\/product\/double-walled-insulated-stainless-steel-sports-fitness-water-bottle-protein-shaker-with-stirring-ball\/#breadcrumb\"},\"inLanguage\":\"pt-PT\",\"potentialAction\":[{\"@type\":\"ReadAction\",\"target\":[\"https:\/\/customizedwaterbottles.com\/product\/double-walled-insulated-stainless-steel-sports-fitness-water-bottle-protein-shaker-with-stirring-ball\/\"]}]},{\"@type\":\"ImageObject\",\"inLanguage\":\"pt-PT\",\"@id\":\"https:\/\/customizedwaterbottles.com\/product\/double-walled-insulated-stainless-steel-sports-fitness-water-bottle-protein-shaker-with-stirring-ball\/#primaryimage\",\"url\":\"https:\/\/customizedwaterbottles.com\/wp-content\/uploads\/2025\/07\/550ml-750ml-stainless-steel-shaker-bottles.webp\",\"contentUrl\":\"https:\/\/customizedwaterbottles.com\/wp-content\/uploads\/2025\/07\/550ml-750ml-stainless-steel-shaker-bottles.webp\",\"width\":800,\"height\":800,\"caption\":\"550ml 750ml double walled insulated stainless steel sports fitness water bottle protein shaker with stirring ball 1081605p\"},{\"@type\":\"BreadcrumbList\",\"@id\":\"https:\/\/customizedwaterbottles.com\/product\/double-walled-insulated-stainless-steel-sports-fitness-water-bottle-protein-shaker-with-stirring-ball\/#breadcrumb\",\"itemListElement\":[{\"@type\":\"ListItem\",\"position\":1,\"name\":\"Home\",\"item\":\"https:\/\/customizedwaterbottles.com\/\"},{\"@type\":\"ListItem\",\"position\":2,\"name\":\"Products\",\"item\":\"https:\/\/customizedwaterbottles.com\/wholesale-drinkware-manufacturer-water-bottles-tumblers\/\"},{\"@type\":\"ListItem\",\"position\":3,\"name\":\"550ML 750ML Double Walled Insulated Stainless Steel Sports Fitness Water Bottle Protein Shaker with Stirring Ball 1081605P\"}]},{\"@type\":\"WebSite\",\"@id\":\"https:\/\/customizedwaterbottles.com\/#website\",\"url\":\"https:\/\/customizedwaterbottles.com\/\",\"name\":\"iFun\",\"description\":\"Water Bottles Stainless Steel Vacuum Flask\",\"potentialAction\":[{\"@type\":\"SearchAction\",\"target\":{\"@type\":\"EntryPoint\",\"urlTemplate\":\"https:\/\/customizedwaterbottles.com\/?s={search_term_string}\"},\"query-input\":{\"@type\":\"PropertyValueSpecification\",\"valueRequired\":true,\"valueName\":\"search_term_string\"}}],\"inLanguage\":\"pt-PT\"}]}<\/script>\n<!-- \/ Yoast SEO plugin. -->","yoast_head_json":{"title":"550ML 750ML Double Walled Insulated Stainless Steel Sports Fitness Water Bottle Protein Shaker with Stirring Ball 1081605P - iFun","description":"Looking for Supplier of double-walled-insulated-stainless-steel-sports-fitness-water-bottle-protein-shaker-with-stirring-ball","robots":{"index":"index","follow":"follow","max-snippet":"max-snippet:-1","max-image-preview":"max-image-preview:large","max-video-preview":"max-video-preview:-1"},"canonical":"https:\/\/customizedwaterbottles.com\/pt\/product\/double-walled-insulated-stainless-steel-sports-fitness-water-bottle-protein-shaker-with-stirring-ball\/","og_locale":"pt_PT","og_type":"article","og_title":"550ML 750ML Double Walled Insulated Stainless Steel Sports Fitness Water Bottle Protein Shaker with Stirring Ball 1081605P - iFun","og_description":"Looking for Supplier of double-walled-insulated-stainless-steel-sports-fitness-water-bottle-protein-shaker-with-stirring-ball","og_url":"https:\/\/customizedwaterbottles.com\/pt\/product\/double-walled-insulated-stainless-steel-sports-fitness-water-bottle-protein-shaker-with-stirring-ball\/","og_site_name":"iFun","article_modified_time":"2025-07-18T08:39:38+00:00","og_image":[{"width":800,"height":800,"url":"https:\/\/customizedwaterbottles.com\/wp-content\/uploads\/2025\/07\/550ml-750ml-stainless-steel-shaker-bottles.webp","type":"image\/webp"}],"twitter_card":"summary_large_image","twitter_misc":{"Tempo estimado de leitura":"3 minutos"},"schema":{"@context":"https:\/\/schema.org","@graph":[{"@type":"WebPage","@id":"https:\/\/customizedwaterbottles.com\/product\/double-walled-insulated-stainless-steel-sports-fitness-water-bottle-protein-shaker-with-stirring-ball\/","url":"https:\/\/customizedwaterbottles.com\/product\/double-walled-insulated-stainless-steel-sports-fitness-water-bottle-protein-shaker-with-stirring-ball\/","name":"550ML 750ML Double Walled Insulated Stainless Steel Sports Fitness Water Bottle Protein Shaker with Stirring Ball 1081605P - iFun","isPartOf":{"@id":"https:\/\/customizedwaterbottles.com\/#website"},"primaryImageOfPage":{"@id":"https:\/\/customizedwaterbottles.com\/product\/double-walled-insulated-stainless-steel-sports-fitness-water-bottle-protein-shaker-with-stirring-ball\/#primaryimage"},"image":{"@id":"https:\/\/customizedwaterbottles.com\/product\/double-walled-insulated-stainless-steel-sports-fitness-water-bottle-protein-shaker-with-stirring-ball\/#primaryimage"},"thumbnailUrl":"https:\/\/customizedwaterbottles.com\/wp-content\/uploads\/2025\/07\/550ml-750ml-stainless-steel-shaker-bottles.webp","datePublished":"2025-07-02T04:02:56+00:00","dateModified":"2025-07-18T08:39:38+00:00","description":"Looking for Supplier of double-walled-insulated-stainless-steel-sports-fitness-water-bottle-protein-shaker-with-stirring-ball","breadcrumb":{"@id":"https:\/\/customizedwaterbottles.com\/product\/double-walled-insulated-stainless-steel-sports-fitness-water-bottle-protein-shaker-with-stirring-ball\/#breadcrumb"},"inLanguage":"pt-PT","potentialAction":[{"@type":"ReadAction","target":["https:\/\/customizedwaterbottles.com\/product\/double-walled-insulated-stainless-steel-sports-fitness-water-bottle-protein-shaker-with-stirring-ball\/"]}]},{"@type":"ImageObject","inLanguage":"pt-PT","@id":"https:\/\/customizedwaterbottles.com\/product\/double-walled-insulated-stainless-steel-sports-fitness-water-bottle-protein-shaker-with-stirring-ball\/#primaryimage","url":"https:\/\/customizedwaterbottles.com\/wp-content\/uploads\/2025\/07\/550ml-750ml-stainless-steel-shaker-bottles.webp","contentUrl":"https:\/\/customizedwaterbottles.com\/wp-content\/uploads\/2025\/07\/550ml-750ml-stainless-steel-shaker-bottles.webp","width":800,"height":800,"caption":"550ml 750ml double walled insulated stainless steel sports fitness water bottle protein shaker with stirring ball 1081605p"},{"@type":"BreadcrumbList","@id":"https:\/\/customizedwaterbottles.com\/product\/double-walled-insulated-stainless-steel-sports-fitness-water-bottle-protein-shaker-with-stirring-ball\/#breadcrumb","itemListElement":[{"@type":"ListItem","position":1,"name":"Home","item":"https:\/\/customizedwaterbottles.com\/"},{"@type":"ListItem","position":2,"name":"Products","item":"https:\/\/customizedwaterbottles.com\/wholesale-drinkware-manufacturer-water-bottles-tumblers\/"},{"@type":"ListItem","position":3,"name":"550ML 750ML Double Walled Insulated Stainless Steel Sports Fitness Water Bottle Protein Shaker with Stirring Ball 1081605P"}]},{"@type":"WebSite","@id":"https:\/\/customizedwaterbottles.com\/#website","url":"https:\/\/customizedwaterbottles.com\/","name":"iFun","description":"Water Bottles Stainless Steel Vacuum Flask","potentialAction":[{"@type":"SearchAction","target":{"@type":"EntryPoint","urlTemplate":"https:\/\/customizedwaterbottles.com\/?s={search_term_string}"},"query-input":{"@type":"PropertyValueSpecification","valueRequired":true,"valueName":"search_term_string"}}],"inLanguage":"pt-PT"}]}},"_links":{"self":[{"href":"https:\/\/customizedwaterbottles.com\/pt\/wp-json\/wp\/v2\/product\/1809","targetHints":{"allow":["GET"]}}],"collection":[{"href":"https:\/\/customizedwaterbottles.com\/pt\/wp-json\/wp\/v2\/product"}],"about":[{"href":"https:\/\/customizedwaterbottles.com\/pt\/wp-json\/wp\/v2\/types\/product"}],"replies":[{"embeddable":true,"href":"https:\/\/customizedwaterbottles.com\/pt\/wp-json\/wp\/v2\/comments?post=1809"}],"wp:featuredmedia":[{"embeddable":true,"href":"https:\/\/customizedwaterbottles.com\/pt\/wp-json\/wp\/v2\/media\/1838"}],"wp:attachment":[{"href":"https:\/\/customizedwaterbottles.com\/pt\/wp-json\/wp\/v2\/media?parent=1809"}],"wp:term":[{"taxonomy":"product_brand","embeddable":true,"href":"https:\/\/customizedwaterbottles.com\/pt\/wp-json\/wp\/v2\/product_brand?post=1809"},{"taxonomy":"product_cat","embeddable":true,"href":"https:\/\/customizedwaterbottles.com\/pt\/wp-json\/wp\/v2\/product_cat?post=1809"},{"taxonomy":"product_tag","embeddable":true,"href":"https:\/\/customizedwaterbottles.com\/pt\/wp-json\/wp\/v2\/product_tag?post=1809"}],"curies":[{"name":"wp","href":"https:\/\/api.w.org\/{rel}","templated":true}]}}