{"id":2480,"date":"2025-07-07T13:54:19","date_gmt":"2025-07-07T13:54:19","guid":{"rendered":"https:\/\/customizedwaterbottles.com\/?post_type=product&#038;p=2480"},"modified":"2025-07-11T03:45:12","modified_gmt":"2025-07-11T03:45:12","slug":"wholesale-stainless-steel-40oz-tumbler-with-handle-and-straw-lid","status":"publish","type":"product","link":"https:\/\/customizedwaterbottles.com\/pt\/product\/wholesale-stainless-steel-40oz-tumbler-with-handle-and-straw-lid\/","title":{"rendered":"Copo de 40 oz em a\u00e7o inoxid\u00e1vel por grosso com pega e tampa de palha 1081605T"},"content":{"rendered":"<table>\n<tbody>\n<tr>\n<td width=\"426\">Nome do produto<\/td>\n<td width=\"426\">Wholesale Stainless Steel 40oz Tumbler With Handle and Straw Lid<\/td>\n<\/tr>\n<tr>\n<td width=\"426\">Capacidade<\/td>\n<td width=\"426\">14oz 20oz 30oz 40oz<\/td>\n<\/tr>\n<tr>\n<td width=\"426\">Material<\/td>\n<td width=\"426\">Parede dupla em a\u00e7o inoxid\u00e1vel<\/td>\n<\/tr>\n<tr>\n<td width=\"426\">Cor<\/td>\n<td width=\"426\">Pintura brilhante, pintura mate, revestimento em p\u00f3, etc.<\/td>\n<\/tr>\n<tr>\n<td width=\"426\">Log\u00f3tipo<\/td>\n<td width=\"426\">Impress\u00e3o serigr\u00e1fica, impress\u00e3o por transfer\u00eancia t\u00e9rmica, grava\u00e7\u00e3o a laser, transfer\u00eancia de \u00e1gua, etc.<\/td>\n<\/tr>\n<tr>\n<td width=\"426\">MOQ<\/td>\n<td width=\"426\">50 unidades<\/td>\n<\/tr>\n<tr>\n<td width=\"426\">Tempo de amostragem<\/td>\n<td width=\"426\">3-7 dias para design personalizado<\/td>\n<\/tr>\n<tr>\n<td width=\"426\">Certifica\u00e7\u00e3o<\/td>\n<td width=\"426\">FDA, LFGB<\/td>\n<\/tr>\n<tr>\n<td width=\"426\">Embalagem<\/td>\n<td width=\"426\">Caixa branca, caixa de cor ou caixa com desenho personalizado<\/td>\n<\/tr>\n<tr>\n<td width=\"426\">Capacidade de produ\u00e7\u00e3o<\/td>\n<td width=\"426\">500.000 unidades por m\u00eas<\/td>\n<\/tr>\n<tr>\n<td width=\"426\">Prazo de entrega<\/td>\n<td width=\"426\">25-35dias para quantidades inferiores a 20.000pcs<\/td>\n<\/tr>\n<\/tbody>\n<\/table>\n<h2><strong>Why Choose Ifun 40oz Customized Insulated Tumblers?<\/strong><\/h2>\n<p><span style=\"color: #000000;\"><strong>1. controlo da temperatura durante todo o dia<\/strong><\/span><\/p>\n<p>O isolamento a v\u00e1cuo de parede dupla da Ifun mant\u00e9m a temperatura durante muito mais tempo do que as garrafas normais. Quer esteja a trabalhar, a estudar, a viajar ou a aventurar-se ao ar livre, desfrute das suas bebidas \u00e0 temperatura perfeita em qualquer altura.<\/p>\n<p><span style=\"color: #000000;\"><strong>2. constru\u00e7\u00e3o robusta com materiais de qualidade superior<\/strong><\/span><\/p>\n<p>Fabricado no interior e no exterior com a\u00e7o inoxid\u00e1vel 304 de qualidade alimentar e de alta qualidade, \u00e9 seguro para todas as bebidas, n\u00e3o tem sabores estranhos e \u00e9 extremamente resistente a amolgadelas e riscos.<\/p>\n<p><span style=\"color: #000000;\"><strong>3. design \u00fanico da tampa<\/strong><\/span><\/p>\n<p>As garrafas de \u00e1gua Ifun v\u00eam com uma tampa \u00e0 prova de fugas, pode lev\u00e1-las para o exterior para viajar, n\u00e3o importa onde for, sem preocupa\u00e7\u00f5es.<\/p>\n<p><span style=\"color: #000000;\"><strong>4. escolha de capacidade m\u00faltipla<\/strong><\/span><\/p>\n<p>With the capacity of 14oz, 20oz, 30oz, 40oz, this tumbler is perfect for heavy drinkers, fitness lovers, or desk-bound professionals.<\/p>\n<p><span style=\"color: #000000;\"><strong>5. exterior sem suor<\/strong><\/span><\/p>\n<p>O nosso frasco de v\u00e1cuo com isolamento a v\u00e1cuo n\u00e3o s\u00f3 mant\u00e9m as bebidas frias, como tamb\u00e9m mant\u00e9m o exterior seco. N\u00e3o precisa de se preocupar com a condensa\u00e7\u00e3o das bebidas frias que molha as suas m\u00e3os ou a mesa.<\/p>\n<p><span style=\"color: #000000;\"><strong>6.15anos+ de experi\u00eancia de fabrico<\/strong><\/span><\/p>\n<p>Ifun concentra-se em produtos de bebidas h\u00e1 mais de 15 anos, nosso produto inclui copo de a\u00e7o inoxid\u00e1vel, garrafas de \u00e1gua isoladas a v\u00e1cuo, canecas de viagem, copos t\u00e9rmicos etc. Temos equipas profissionais para garantir que os produtos s\u00e3o de alta qualidade.<\/p>\n<p><span style=\"color: #000000;\"><strong>7. servi\u00e7o OEM e ODM dispon\u00edvel<\/strong><\/span><\/p>\n<p>Como fabricante de garrafas de a\u00e7o inoxid\u00e1vel, a Ifun fornece servi\u00e7os OEM e ODM aos nossos clientes. Independentemente das cores, log\u00f3tipos, embalagens ou tamanhos, tamb\u00e9m podemos personalizar para si.<\/p>\n<p><img decoding=\"async\" class=\"size-medium wp-image-2488\" src=\"https:\/\/customizedwaterbottles.com\/wp-content\/uploads\/2025\/07\/40oz-tumbler-9.webp\" alt=\"copo de a\u00e7o inoxid\u00e1vel de 40 oz por atacado com pega e tampa de palha 1081605t\" width=\"800\" height=\"800\" srcset=\"https:\/\/customizedwaterbottles.com\/wp-content\/uploads\/2025\/07\/40oz-tumbler-9.webp 800w, https:\/\/customizedwaterbottles.com\/wp-content\/uploads\/2025\/07\/40oz-tumbler-9-768x768.webp 768w, https:\/\/customizedwaterbottles.com\/wp-content\/uploads\/2025\/07\/40oz-tumbler-9-300x300.webp 300w, https:\/\/customizedwaterbottles.com\/wp-content\/uploads\/2025\/07\/40oz-tumbler-9-600x600.webp 600w, https:\/\/customizedwaterbottles.com\/wp-content\/uploads\/2025\/07\/40oz-tumbler-9-100x100.webp 100w\" sizes=\"(max-width: 800px) 100vw, 800px\" \/><\/p>\n<p><img decoding=\"async\" class=\"size-medium wp-image-2489\" src=\"https:\/\/customizedwaterbottles.com\/wp-content\/uploads\/2025\/07\/40oz-tumbler-10.webp\" alt=\"copo de a\u00e7o inoxid\u00e1vel de 40 oz por atacado com pega e tampa de palha 1081605t\" width=\"800\" height=\"800\" srcset=\"https:\/\/customizedwaterbottles.com\/wp-content\/uploads\/2025\/07\/40oz-tumbler-10.webp 800w, https:\/\/customizedwaterbottles.com\/wp-content\/uploads\/2025\/07\/40oz-tumbler-10-768x768.webp 768w, https:\/\/customizedwaterbottles.com\/wp-content\/uploads\/2025\/07\/40oz-tumbler-10-300x300.webp 300w, https:\/\/customizedwaterbottles.com\/wp-content\/uploads\/2025\/07\/40oz-tumbler-10-600x600.webp 600w, https:\/\/customizedwaterbottles.com\/wp-content\/uploads\/2025\/07\/40oz-tumbler-10-100x100.webp 100w\" sizes=\"(max-width: 800px) 100vw, 800px\" \/><\/p>\n<p><img decoding=\"async\" class=\"size-medium wp-image-2490\" src=\"https:\/\/customizedwaterbottles.com\/wp-content\/uploads\/2025\/07\/40oz-tumbler-11.webp\" alt=\"copo de a\u00e7o inoxid\u00e1vel de 40 oz por atacado com pega e tampa de palha 1081605t\" width=\"800\" height=\"800\" srcset=\"https:\/\/customizedwaterbottles.com\/wp-content\/uploads\/2025\/07\/40oz-tumbler-11.webp 800w, https:\/\/customizedwaterbottles.com\/wp-content\/uploads\/2025\/07\/40oz-tumbler-11-768x768.webp 768w, https:\/\/customizedwaterbottles.com\/wp-content\/uploads\/2025\/07\/40oz-tumbler-11-300x300.webp 300w, https:\/\/customizedwaterbottles.com\/wp-content\/uploads\/2025\/07\/40oz-tumbler-11-600x600.webp 600w, https:\/\/customizedwaterbottles.com\/wp-content\/uploads\/2025\/07\/40oz-tumbler-11-100x100.webp 100w\" sizes=\"(max-width: 800px) 100vw, 800px\" \/><\/p>","protected":false},"excerpt":{"rendered":"<h3><strong>Carater\u00edsticas do produto:<\/strong><\/h3>\n<ul>\n<li><strong>40oz Large Capacity: <\/strong>Ifun 40oz tumbler engineered for all-day hydration without refills. Ideal for long commutes, road trips, or worksite use.<\/li>\n<li><strong>2-in-1 Handle &amp; Straw Lid: <\/strong>Features an oversized, ergonomic handle integrated with a screw-on lid. You can enjoy the drinks directly or sip it from the straw lid.<\/li>\n<li><strong>Isolamento a v\u00e1cuo de parede dupla: <\/strong>Advanced insulation maintains ice retention and hot drinks for hours\u00a0\u2013 outperforms competitors in extreme car temperatures.<\/li>\n<li><strong>Shock-Absorbing Anti-Tip Base: <\/strong>Reinforced, tapered base with non-slip silicone ring fits 95% of car cup holders. Weighted design prevents wobbling on sharp turns.<\/li>\n<li><strong>High-Grade Durability: <\/strong>Crafted from 304 stainless steel with scratch-resistant powder coating.<\/li>\n<\/ul>\n<h3><strong>Servi\u00e7os personalizados:<\/strong><\/h3>\n<ul>\n<li><strong>Log\u00f3tipo e design:<\/strong> As garrafas de a\u00e7o inoxid\u00e1vel Ifun suportam o log\u00f3tipo personalizado da sua marca. Podemos fazer o seu log\u00f3tipo e design com serigrafia, grava\u00e7\u00e3o a laser, transfer\u00eancia de calor, impress\u00e3o 3D, impress\u00e3o UV, etc.<\/li>\n<li><strong>Cor:<\/strong> As cores podem ser personalizadas de acordo com o n\u00famero de cor pantone, podemos faz\u00ea-lo com acabamento mate, pintura brilhante, revestimento em p\u00f3, etc.<\/li>\n<li><strong>Capacidade:<\/strong> We have 14oz 20oz 30oz 40oz, other capacity we can also custom for you.<\/li>\n<li><strong>Tampas: <\/strong>100% Tampa estanque BPA FREE, a cor pode ser personalizada.<\/li>\n<li><strong>Embalagem: <\/strong>Caixa de cor, caixa branca, caixa de oferta, caixa de cart\u00e3o castanho, caixa cil\u00edndrica, etc.<\/li>\n<\/ul>","protected":false},"featured_media":2481,"comment_status":"open","ping_status":"closed","template":"","meta":[],"product_brand":[],"product_cat":[23],"product_tag":[81,82,80],"class_list":{"0":"post-2480","1":"product","2":"type-product","3":"status-publish","4":"has-post-thumbnail","6":"product_cat-insulated-tumblers-mugs","7":"product_tag-40oz-adventure-tumbler","8":"product_tag-40oz-vacuum-tumblers","9":"product_tag-quencher-tumbler","11":"first","12":"instock","13":"shipping-taxable","14":"product-type-simple"},"yoast_head":"<!-- This site is optimized with the Yoast SEO plugin v25.4 - https:\/\/yoast.com\/wordpress\/plugins\/seo\/ -->\n<title>Wholesale Stainless Steel 40oz Tumbler With Handle and Straw Lid 1081605T - iFun<\/title>\n<meta name=\"description\" content=\"Hot selling 40oz stainless steel vacuum insulated tumbler, durable material, ergonomic handle, straw lid design. Portable design for outdoor travelling.\" \/>\n<meta name=\"robots\" content=\"index, follow, max-snippet:-1, max-image-preview:large, max-video-preview:-1\" \/>\n<link rel=\"canonical\" href=\"https:\/\/customizedwaterbottles.com\/pt\/product\/wholesale-stainless-steel-40oz-tumbler-with-handle-and-straw-lid\/\" \/>\n<meta property=\"og:locale\" content=\"pt_PT\" \/>\n<meta property=\"og:type\" content=\"article\" \/>\n<meta property=\"og:title\" content=\"Wholesale Stainless Steel 40oz Tumbler With Handle and Straw Lid 1081605T - iFun\" \/>\n<meta property=\"og:description\" content=\"Hot selling 40oz stainless steel vacuum insulated tumbler, durable material, ergonomic handle, straw lid design. Portable design for outdoor travelling.\" \/>\n<meta property=\"og:url\" content=\"https:\/\/customizedwaterbottles.com\/pt\/product\/wholesale-stainless-steel-40oz-tumbler-with-handle-and-straw-lid\/\" \/>\n<meta property=\"og:site_name\" content=\"iFun\" \/>\n<meta property=\"article:modified_time\" content=\"2025-07-11T03:45:12+00:00\" \/>\n<meta property=\"og:image\" content=\"https:\/\/customizedwaterbottles.com\/wp-content\/uploads\/2025\/07\/40oz-tumbler-1-scaled.webp\" \/>\n\t<meta property=\"og:image:width\" content=\"2560\" \/>\n\t<meta property=\"og:image:height\" content=\"2560\" \/>\n\t<meta property=\"og:image:type\" content=\"image\/webp\" \/>\n<meta name=\"twitter:card\" content=\"summary_large_image\" \/>\n<meta name=\"twitter:label1\" content=\"Tempo estimado de leitura\" \/>\n\t<meta name=\"twitter:data1\" content=\"3 minutos\" \/>\n<script type=\"application\/ld+json\" class=\"yoast-schema-graph\">{\"@context\":\"https:\/\/schema.org\",\"@graph\":[{\"@type\":\"WebPage\",\"@id\":\"https:\/\/customizedwaterbottles.com\/product\/wholesale-stainless-steel-40oz-tumbler-with-handle-and-straw-lid\/\",\"url\":\"https:\/\/customizedwaterbottles.com\/product\/wholesale-stainless-steel-40oz-tumbler-with-handle-and-straw-lid\/\",\"name\":\"Wholesale Stainless Steel 40oz Tumbler With Handle and Straw Lid 1081605T - iFun\",\"isPartOf\":{\"@id\":\"https:\/\/customizedwaterbottles.com\/#website\"},\"primaryImageOfPage\":{\"@id\":\"https:\/\/customizedwaterbottles.com\/product\/wholesale-stainless-steel-40oz-tumbler-with-handle-and-straw-lid\/#primaryimage\"},\"image\":{\"@id\":\"https:\/\/customizedwaterbottles.com\/product\/wholesale-stainless-steel-40oz-tumbler-with-handle-and-straw-lid\/#primaryimage\"},\"thumbnailUrl\":\"https:\/\/customizedwaterbottles.com\/wp-content\/uploads\/2025\/07\/40oz-tumbler-1-scaled.webp\",\"datePublished\":\"2025-07-07T13:54:19+00:00\",\"dateModified\":\"2025-07-11T03:45:12+00:00\",\"description\":\"Hot selling 40oz stainless steel vacuum insulated tumbler, durable material, ergonomic handle, straw lid design. Portable design for outdoor travelling.\",\"breadcrumb\":{\"@id\":\"https:\/\/customizedwaterbottles.com\/product\/wholesale-stainless-steel-40oz-tumbler-with-handle-and-straw-lid\/#breadcrumb\"},\"inLanguage\":\"pt-PT\",\"potentialAction\":[{\"@type\":\"ReadAction\",\"target\":[\"https:\/\/customizedwaterbottles.com\/product\/wholesale-stainless-steel-40oz-tumbler-with-handle-and-straw-lid\/\"]}]},{\"@type\":\"ImageObject\",\"inLanguage\":\"pt-PT\",\"@id\":\"https:\/\/customizedwaterbottles.com\/product\/wholesale-stainless-steel-40oz-tumbler-with-handle-and-straw-lid\/#primaryimage\",\"url\":\"https:\/\/customizedwaterbottles.com\/wp-content\/uploads\/2025\/07\/40oz-tumbler-1-scaled.webp\",\"contentUrl\":\"https:\/\/customizedwaterbottles.com\/wp-content\/uploads\/2025\/07\/40oz-tumbler-1-scaled.webp\",\"width\":2560,\"height\":2560,\"caption\":\"wholesale stainless steel 40oz tumbler with handle and straw lid 1081605t\"},{\"@type\":\"BreadcrumbList\",\"@id\":\"https:\/\/customizedwaterbottles.com\/product\/wholesale-stainless-steel-40oz-tumbler-with-handle-and-straw-lid\/#breadcrumb\",\"itemListElement\":[{\"@type\":\"ListItem\",\"position\":1,\"name\":\"Home\",\"item\":\"https:\/\/customizedwaterbottles.com\/\"},{\"@type\":\"ListItem\",\"position\":2,\"name\":\"Products\",\"item\":\"https:\/\/customizedwaterbottles.com\/wholesale-drinkware-manufacturer-water-bottles-tumblers\/\"},{\"@type\":\"ListItem\",\"position\":3,\"name\":\"Wholesale Stainless Steel 40oz Tumbler With Handle and Straw Lid 1081605T\"}]},{\"@type\":\"WebSite\",\"@id\":\"https:\/\/customizedwaterbottles.com\/#website\",\"url\":\"https:\/\/customizedwaterbottles.com\/\",\"name\":\"iFun\",\"description\":\"Water Bottles Stainless Steel Vacuum Flask\",\"potentialAction\":[{\"@type\":\"SearchAction\",\"target\":{\"@type\":\"EntryPoint\",\"urlTemplate\":\"https:\/\/customizedwaterbottles.com\/?s={search_term_string}\"},\"query-input\":{\"@type\":\"PropertyValueSpecification\",\"valueRequired\":true,\"valueName\":\"search_term_string\"}}],\"inLanguage\":\"pt-PT\"}]}<\/script>\n<!-- \/ Yoast SEO plugin. -->","yoast_head_json":{"title":"Wholesale Stainless Steel 40oz Tumbler With Handle and Straw Lid 1081605T - iFun","description":"Hot selling 40oz stainless steel vacuum insulated tumbler, durable material, ergonomic handle, straw lid design. Portable design for outdoor travelling.","robots":{"index":"index","follow":"follow","max-snippet":"max-snippet:-1","max-image-preview":"max-image-preview:large","max-video-preview":"max-video-preview:-1"},"canonical":"https:\/\/customizedwaterbottles.com\/pt\/product\/wholesale-stainless-steel-40oz-tumbler-with-handle-and-straw-lid\/","og_locale":"pt_PT","og_type":"article","og_title":"Wholesale Stainless Steel 40oz Tumbler With Handle and Straw Lid 1081605T - iFun","og_description":"Hot selling 40oz stainless steel vacuum insulated tumbler, durable material, ergonomic handle, straw lid design. Portable design for outdoor travelling.","og_url":"https:\/\/customizedwaterbottles.com\/pt\/product\/wholesale-stainless-steel-40oz-tumbler-with-handle-and-straw-lid\/","og_site_name":"iFun","article_modified_time":"2025-07-11T03:45:12+00:00","og_image":[{"width":2560,"height":2560,"url":"https:\/\/customizedwaterbottles.com\/wp-content\/uploads\/2025\/07\/40oz-tumbler-1-scaled.webp","type":"image\/webp"}],"twitter_card":"summary_large_image","twitter_misc":{"Tempo estimado de leitura":"3 minutos"},"schema":{"@context":"https:\/\/schema.org","@graph":[{"@type":"WebPage","@id":"https:\/\/customizedwaterbottles.com\/product\/wholesale-stainless-steel-40oz-tumbler-with-handle-and-straw-lid\/","url":"https:\/\/customizedwaterbottles.com\/product\/wholesale-stainless-steel-40oz-tumbler-with-handle-and-straw-lid\/","name":"Wholesale Stainless Steel 40oz Tumbler With Handle and Straw Lid 1081605T - iFun","isPartOf":{"@id":"https:\/\/customizedwaterbottles.com\/#website"},"primaryImageOfPage":{"@id":"https:\/\/customizedwaterbottles.com\/product\/wholesale-stainless-steel-40oz-tumbler-with-handle-and-straw-lid\/#primaryimage"},"image":{"@id":"https:\/\/customizedwaterbottles.com\/product\/wholesale-stainless-steel-40oz-tumbler-with-handle-and-straw-lid\/#primaryimage"},"thumbnailUrl":"https:\/\/customizedwaterbottles.com\/wp-content\/uploads\/2025\/07\/40oz-tumbler-1-scaled.webp","datePublished":"2025-07-07T13:54:19+00:00","dateModified":"2025-07-11T03:45:12+00:00","description":"Hot selling 40oz stainless steel vacuum insulated tumbler, durable material, ergonomic handle, straw lid design. Portable design for outdoor travelling.","breadcrumb":{"@id":"https:\/\/customizedwaterbottles.com\/product\/wholesale-stainless-steel-40oz-tumbler-with-handle-and-straw-lid\/#breadcrumb"},"inLanguage":"pt-PT","potentialAction":[{"@type":"ReadAction","target":["https:\/\/customizedwaterbottles.com\/product\/wholesale-stainless-steel-40oz-tumbler-with-handle-and-straw-lid\/"]}]},{"@type":"ImageObject","inLanguage":"pt-PT","@id":"https:\/\/customizedwaterbottles.com\/product\/wholesale-stainless-steel-40oz-tumbler-with-handle-and-straw-lid\/#primaryimage","url":"https:\/\/customizedwaterbottles.com\/wp-content\/uploads\/2025\/07\/40oz-tumbler-1-scaled.webp","contentUrl":"https:\/\/customizedwaterbottles.com\/wp-content\/uploads\/2025\/07\/40oz-tumbler-1-scaled.webp","width":2560,"height":2560,"caption":"wholesale stainless steel 40oz tumbler with handle and straw lid 1081605t"},{"@type":"BreadcrumbList","@id":"https:\/\/customizedwaterbottles.com\/product\/wholesale-stainless-steel-40oz-tumbler-with-handle-and-straw-lid\/#breadcrumb","itemListElement":[{"@type":"ListItem","position":1,"name":"Home","item":"https:\/\/customizedwaterbottles.com\/"},{"@type":"ListItem","position":2,"name":"Products","item":"https:\/\/customizedwaterbottles.com\/wholesale-drinkware-manufacturer-water-bottles-tumblers\/"},{"@type":"ListItem","position":3,"name":"Wholesale Stainless Steel 40oz Tumbler With Handle and Straw Lid 1081605T"}]},{"@type":"WebSite","@id":"https:\/\/customizedwaterbottles.com\/#website","url":"https:\/\/customizedwaterbottles.com\/","name":"iFun","description":"Water Bottles Stainless Steel Vacuum Flask","potentialAction":[{"@type":"SearchAction","target":{"@type":"EntryPoint","urlTemplate":"https:\/\/customizedwaterbottles.com\/?s={search_term_string}"},"query-input":{"@type":"PropertyValueSpecification","valueRequired":true,"valueName":"search_term_string"}}],"inLanguage":"pt-PT"}]}},"_links":{"self":[{"href":"https:\/\/customizedwaterbottles.com\/pt\/wp-json\/wp\/v2\/product\/2480","targetHints":{"allow":["GET"]}}],"collection":[{"href":"https:\/\/customizedwaterbottles.com\/pt\/wp-json\/wp\/v2\/product"}],"about":[{"href":"https:\/\/customizedwaterbottles.com\/pt\/wp-json\/wp\/v2\/types\/product"}],"replies":[{"embeddable":true,"href":"https:\/\/customizedwaterbottles.com\/pt\/wp-json\/wp\/v2\/comments?post=2480"}],"wp:featuredmedia":[{"embeddable":true,"href":"https:\/\/customizedwaterbottles.com\/pt\/wp-json\/wp\/v2\/media\/2481"}],"wp:attachment":[{"href":"https:\/\/customizedwaterbottles.com\/pt\/wp-json\/wp\/v2\/media?parent=2480"}],"wp:term":[{"taxonomy":"product_brand","embeddable":true,"href":"https:\/\/customizedwaterbottles.com\/pt\/wp-json\/wp\/v2\/product_brand?post=2480"},{"taxonomy":"product_cat","embeddable":true,"href":"https:\/\/customizedwaterbottles.com\/pt\/wp-json\/wp\/v2\/product_cat?post=2480"},{"taxonomy":"product_tag","embeddable":true,"href":"https:\/\/customizedwaterbottles.com\/pt\/wp-json\/wp\/v2\/product_tag?post=2480"}],"curies":[{"name":"wp","href":"https:\/\/api.w.org\/{rel}","templated":true}]}}