{"id":2547,"date":"2025-07-08T07:30:01","date_gmt":"2025-07-08T07:30:01","guid":{"rendered":"https:\/\/customizedwaterbottles.com\/?post_type=product&#038;p=2547"},"modified":"2025-07-11T03:48:50","modified_gmt":"2025-07-11T03:48:50","slug":"100-leakproof-stainless-steel-40oz-tumblers-with-customized-logo","status":"publish","type":"product","link":"https:\/\/customizedwaterbottles.com\/pt\/product\/100-leakproof-stainless-steel-40oz-tumblers-with-customized-logo\/","title":{"rendered":"100% Copos de 40 oz em a\u00e7o inoxid\u00e1vel \u00e0 prova de fugas com log\u00f3tipo personalizado 1081607T"},"content":{"rendered":"<table>\n<tbody>\n<tr>\n<td width=\"426\">Nome do produto<\/td>\n<td width=\"426\">100% Leakproof Stainless Steel 40oz Tumblers with Customized Logo<\/td>\n<\/tr>\n<tr>\n<td width=\"426\">Capacidade<\/td>\n<td width=\"426\">40 oz<\/td>\n<\/tr>\n<tr>\n<td width=\"426\">Material<\/td>\n<td width=\"426\">Parede dupla em a\u00e7o inoxid\u00e1vel<\/td>\n<\/tr>\n<tr>\n<td width=\"426\">Cor<\/td>\n<td width=\"426\">Pintura brilhante, pintura mate, revestimento em p\u00f3, etc.<\/td>\n<\/tr>\n<tr>\n<td width=\"426\">Log\u00f3tipo<\/td>\n<td width=\"426\">Impress\u00e3o serigr\u00e1fica, impress\u00e3o por transfer\u00eancia t\u00e9rmica, grava\u00e7\u00e3o a laser, transfer\u00eancia de \u00e1gua, etc.<\/td>\n<\/tr>\n<tr>\n<td width=\"426\">MOQ<\/td>\n<td width=\"426\">50 unidades<\/td>\n<\/tr>\n<tr>\n<td width=\"426\">Tempo de amostragem<\/td>\n<td width=\"426\">3-7 dias para design personalizado<\/td>\n<\/tr>\n<tr>\n<td width=\"426\">Certifica\u00e7\u00e3o<\/td>\n<td width=\"426\">FDA, LFGB<\/td>\n<\/tr>\n<tr>\n<td width=\"426\">Embalagem<\/td>\n<td width=\"426\">Caixa branca, caixa de cor ou caixa com desenho personalizado<\/td>\n<\/tr>\n<tr>\n<td width=\"426\">Capacidade de produ\u00e7\u00e3o<\/td>\n<td width=\"426\">500.000 unidades por m\u00eas<\/td>\n<\/tr>\n<tr>\n<td width=\"426\">Prazo de entrega<\/td>\n<td width=\"426\">25-35dias para quantidades inferiores a 20.000pcs<\/td>\n<\/tr>\n<\/tbody>\n<\/table>\n<h2><strong>Why Choose Ifun 40oz Insulated Coffee Tumblers?<\/strong><\/h2>\n<p><span style=\"color: #000000;\"><strong>1. controlo da temperatura durante todo o dia<\/strong><\/span><\/p>\n<p>O isolamento a v\u00e1cuo de parede dupla da Ifun mant\u00e9m a temperatura durante muito mais tempo do que as garrafas normais. Quer esteja a trabalhar, a estudar, a viajar ou a aventurar-se ao ar livre, desfrute das suas bebidas \u00e0 temperatura perfeita em qualquer altura.<\/p>\n<p><span style=\"color: #000000;\"><strong>2. constru\u00e7\u00e3o robusta com materiais de qualidade superior<\/strong><\/span><\/p>\n<p>Fabricado no interior e no exterior com a\u00e7o inoxid\u00e1vel 304 de qualidade alimentar e de alta qualidade, \u00e9 seguro para todas as bebidas, n\u00e3o tem sabores estranhos e \u00e9 extremamente resistente a amolgadelas e riscos.<\/p>\n<p><span style=\"color: #000000;\"><strong>3. design \u00fanico da tampa<\/strong><\/span><\/p>\n<p>As garrafas de \u00e1gua Ifun v\u00eam com uma tampa \u00e0 prova de fugas, pode lev\u00e1-las para o exterior para viajar, n\u00e3o importa onde for, sem preocupa\u00e7\u00f5es.<\/p>\n<p><span style=\"color: #000000;\"><strong>4. escolha de capacidade m\u00faltipla<\/strong><\/span><\/p>\n<p>Com uma capacidade de 40 oz, este copo \u00e9 perfeito para quem bebe muito, para os amantes da boa forma f\u00edsica ou para os profissionais que trabalham \u00e0 secret\u00e1ria.<\/p>\n<p><span style=\"color: #000000;\"><strong>5. exterior sem suor<\/strong><\/span><\/p>\n<p>O nosso frasco de v\u00e1cuo com isolamento a v\u00e1cuo n\u00e3o s\u00f3 mant\u00e9m as bebidas frias, como tamb\u00e9m mant\u00e9m o exterior seco. N\u00e3o precisa de se preocupar com a condensa\u00e7\u00e3o das bebidas frias que molha as suas m\u00e3os ou a mesa.<\/p>\n<p><span style=\"color: #000000;\"><strong>6.15anos+ de experi\u00eancia de fabrico<\/strong><\/span><\/p>\n<p>Ifun concentra-se em produtos de bebidas h\u00e1 mais de 15 anos, nosso produto inclui copo de a\u00e7o inoxid\u00e1vel, garrafas de \u00e1gua isoladas a v\u00e1cuo, canecas de viagem, copos t\u00e9rmicos etc. Temos equipas profissionais para garantir que os produtos s\u00e3o de alta qualidade.<\/p>\n<p><span style=\"color: #000000;\"><strong>7. servi\u00e7o OEM e ODM dispon\u00edvel<\/strong><\/span><\/p>\n<p>Como fabricante de garrafas de a\u00e7o inoxid\u00e1vel, a Ifun fornece servi\u00e7os OEM e ODM aos nossos clientes. Independentemente das cores, log\u00f3tipos, embalagens ou tamanhos, tamb\u00e9m podemos personalizar para si.<\/p>\n<p><img decoding=\"async\" class=\"alignnone size-full wp-image-2567\" src=\"https:\/\/customizedwaterbottles.com\/wp-content\/uploads\/2025\/07\/tumbler-with-2-in-1-lid-13.webp\" alt=\"\" width=\"1200\" height=\"1200\" srcset=\"https:\/\/customizedwaterbottles.com\/wp-content\/uploads\/2025\/07\/tumbler-with-2-in-1-lid-13.webp 1200w, https:\/\/customizedwaterbottles.com\/wp-content\/uploads\/2025\/07\/tumbler-with-2-in-1-lid-13-1024x1024.webp 1024w, https:\/\/customizedwaterbottles.com\/wp-content\/uploads\/2025\/07\/tumbler-with-2-in-1-lid-13-768x768.webp 768w, https:\/\/customizedwaterbottles.com\/wp-content\/uploads\/2025\/07\/tumbler-with-2-in-1-lid-13-300x300.webp 300w, https:\/\/customizedwaterbottles.com\/wp-content\/uploads\/2025\/07\/tumbler-with-2-in-1-lid-13-600x600.webp 600w, https:\/\/customizedwaterbottles.com\/wp-content\/uploads\/2025\/07\/tumbler-with-2-in-1-lid-13-100x100.webp 100w\" sizes=\"(max-width: 1200px) 100vw, 1200px\" \/> <img decoding=\"async\" class=\"alignnone size-medium wp-image-2568\" src=\"https:\/\/customizedwaterbottles.com\/wp-content\/uploads\/2025\/07\/tumbler-with-2-in-1-lid-2.webp\" alt=\"\" width=\"1200\" height=\"1200\" srcset=\"https:\/\/customizedwaterbottles.com\/wp-content\/uploads\/2025\/07\/tumbler-with-2-in-1-lid-2.webp 1200w, https:\/\/customizedwaterbottles.com\/wp-content\/uploads\/2025\/07\/tumbler-with-2-in-1-lid-2-1024x1024.webp 1024w, https:\/\/customizedwaterbottles.com\/wp-content\/uploads\/2025\/07\/tumbler-with-2-in-1-lid-2-768x768.webp 768w, https:\/\/customizedwaterbottles.com\/wp-content\/uploads\/2025\/07\/tumbler-with-2-in-1-lid-2-300x300.webp 300w, https:\/\/customizedwaterbottles.com\/wp-content\/uploads\/2025\/07\/tumbler-with-2-in-1-lid-2-600x600.webp 600w, https:\/\/customizedwaterbottles.com\/wp-content\/uploads\/2025\/07\/tumbler-with-2-in-1-lid-2-100x100.webp 100w\" sizes=\"(max-width: 1200px) 100vw, 1200px\" \/> <img decoding=\"async\" class=\"alignnone size-medium wp-image-2569\" src=\"https:\/\/customizedwaterbottles.com\/wp-content\/uploads\/2025\/07\/tumbler-with-2-in-1-lid-4.webp\" alt=\"\" width=\"1200\" height=\"1200\" srcset=\"https:\/\/customizedwaterbottles.com\/wp-content\/uploads\/2025\/07\/tumbler-with-2-in-1-lid-4.webp 1200w, https:\/\/customizedwaterbottles.com\/wp-content\/uploads\/2025\/07\/tumbler-with-2-in-1-lid-4-1024x1024.webp 1024w, https:\/\/customizedwaterbottles.com\/wp-content\/uploads\/2025\/07\/tumbler-with-2-in-1-lid-4-768x768.webp 768w, https:\/\/customizedwaterbottles.com\/wp-content\/uploads\/2025\/07\/tumbler-with-2-in-1-lid-4-300x300.webp 300w, https:\/\/customizedwaterbottles.com\/wp-content\/uploads\/2025\/07\/tumbler-with-2-in-1-lid-4-600x600.webp 600w, https:\/\/customizedwaterbottles.com\/wp-content\/uploads\/2025\/07\/tumbler-with-2-in-1-lid-4-100x100.webp 100w\" sizes=\"(max-width: 1200px) 100vw, 1200px\" \/> <img decoding=\"async\" class=\"alignnone size-medium wp-image-2570\" src=\"https:\/\/customizedwaterbottles.com\/wp-content\/uploads\/2025\/07\/tumbler-with-2-in-1-lid-5.webp\" alt=\"\" width=\"1200\" height=\"1200\" srcset=\"https:\/\/customizedwaterbottles.com\/wp-content\/uploads\/2025\/07\/tumbler-with-2-in-1-lid-5.webp 1200w, https:\/\/customizedwaterbottles.com\/wp-content\/uploads\/2025\/07\/tumbler-with-2-in-1-lid-5-1024x1024.webp 1024w, https:\/\/customizedwaterbottles.com\/wp-content\/uploads\/2025\/07\/tumbler-with-2-in-1-lid-5-768x768.webp 768w, https:\/\/customizedwaterbottles.com\/wp-content\/uploads\/2025\/07\/tumbler-with-2-in-1-lid-5-300x300.webp 300w, https:\/\/customizedwaterbottles.com\/wp-content\/uploads\/2025\/07\/tumbler-with-2-in-1-lid-5-600x600.webp 600w, https:\/\/customizedwaterbottles.com\/wp-content\/uploads\/2025\/07\/tumbler-with-2-in-1-lid-5-100x100.webp 100w\" sizes=\"(max-width: 1200px) 100vw, 1200px\" \/> <img decoding=\"async\" class=\"alignnone size-medium wp-image-2571\" src=\"https:\/\/customizedwaterbottles.com\/wp-content\/uploads\/2025\/07\/tumbler-with-2-in-1-lid-6.webp\" alt=\"\" width=\"1200\" height=\"1200\" srcset=\"https:\/\/customizedwaterbottles.com\/wp-content\/uploads\/2025\/07\/tumbler-with-2-in-1-lid-6.webp 1200w, https:\/\/customizedwaterbottles.com\/wp-content\/uploads\/2025\/07\/tumbler-with-2-in-1-lid-6-1024x1024.webp 1024w, https:\/\/customizedwaterbottles.com\/wp-content\/uploads\/2025\/07\/tumbler-with-2-in-1-lid-6-768x768.webp 768w, https:\/\/customizedwaterbottles.com\/wp-content\/uploads\/2025\/07\/tumbler-with-2-in-1-lid-6-300x300.webp 300w, https:\/\/customizedwaterbottles.com\/wp-content\/uploads\/2025\/07\/tumbler-with-2-in-1-lid-6-600x600.webp 600w, https:\/\/customizedwaterbottles.com\/wp-content\/uploads\/2025\/07\/tumbler-with-2-in-1-lid-6-100x100.webp 100w\" sizes=\"(max-width: 1200px) 100vw, 1200px\" \/><\/p>","protected":false},"excerpt":{"rendered":"<h3><strong>Carater\u00edsticas do produto:<\/strong><\/h3>\n<ul>\n<li><strong>Large 40oz Capacity:<\/strong> Perfectly sized for long drives, workdays, or outdoor adventures. This tumbler can keep enough drink to keep you hydrated for hours without constant refills.<\/li>\n<li><strong>Premium Food-Grade 304 Stainless Steel Construction:<\/strong> The 40oz tumbler ensures durability, rust resistance, and most importantly, <strong>prevents flavor transfer<\/strong>, keeping your beverages tasting pure \u2013 whether it&#8217;s water, coffee, tea, or smoothies.<\/li>\n<li><strong>Unique 2-in-1 Flip Lid Design:<\/strong> Seamlessly switch between two convenient drinking modes: Smooth Sip Straw: Integrated, durable straw for easy, spill-resistant sipping \u2013 ideal while driving; Wide-Mouth Chug Lid:\u00a0Flip open the cover for larger gulps, adding ice easily, or quick cleaning.<\/li>\n<li><strong>Isolamento a v\u00e1cuo avan\u00e7ado de parede dupla:<\/strong>\u00a0Engineered to maintain your drink&#8217;s temperature for hours. Keeps\u00a0cold drinks icy cold for up to 24+ hours\u00a0and\u00a0hot beverages piping hot for up to 12+ hours.<\/li>\n<li><strong>Leak-Proof &amp; Spill-Resistant Design:<\/strong> Features a secure sealing within the 2-in-1 lid, specifically designed to prevent leaks and spills, even when put it in a car cup holder or tipped over.<\/li>\n<li><strong>Car Cup Holder Compatible Base:<\/strong>\u00a0Features a tapered,\u00a0standard-sized base designed to fit securely in most car cup holders, keeping your tumbler stable and accessible while driving.<\/li>\n<li><strong>Exterior \u00e0 prova de suor:<\/strong> The condensation-free design ensures the outer surface stays dry, protecting your car&#8217;s interior, desk, or bag from moisture.<\/li>\n<\/ul>\n<h3><strong>Servi\u00e7os personalizados:<\/strong><\/h3>\n<ul>\n<li><strong>Log\u00f3tipo e design:<\/strong> As garrafas de a\u00e7o inoxid\u00e1vel Ifun suportam o log\u00f3tipo personalizado da sua marca. Podemos fazer o seu log\u00f3tipo e design com serigrafia, grava\u00e7\u00e3o a laser, transfer\u00eancia de calor, impress\u00e3o 3D, impress\u00e3o UV, etc.<\/li>\n<li><strong>Cor:<\/strong> As cores podem ser personalizadas de acordo com o n\u00famero de cor pantone, podemos faz\u00ea-lo com acabamento mate, pintura brilhante, revestimento em p\u00f3, etc.<\/li>\n<li><strong>Capacidade:<\/strong> Temos capacidade de 40oz, outras capacidades tamb\u00e9m podemos personalizar para si.<\/li>\n<li><strong>Tampas: <\/strong>100% Tampa estanque BPA FREE, a cor pode ser personalizada.<\/li>\n<li><strong>Embalagem: <\/strong>Caixa de cor, caixa branca, caixa de oferta, caixa de cart\u00e3o castanho, caixa cil\u00edndrica, etc.<\/li>\n<\/ul>","protected":false},"featured_media":2551,"comment_status":"open","ping_status":"closed","template":"","meta":[],"product_brand":[],"product_cat":[23],"product_tag":[83,85,84],"class_list":{"0":"post-2547","1":"product","2":"type-product","3":"status-publish","4":"has-post-thumbnail","6":"product_cat-insulated-tumblers-mugs","7":"product_tag-40oz-tumbler","8":"product_tag-leakproof-tumbler","9":"product_tag-tumbler-with-handle","11":"first","12":"instock","13":"shipping-taxable","14":"product-type-simple"},"yoast_head":"<!-- This site is optimized with the Yoast SEO plugin v25.4 - https:\/\/yoast.com\/wordpress\/plugins\/seo\/ -->\n<title>100% Leakproof Stainless Steel 40oz Tumblers with Customized Logo<\/title>\n<meta name=\"description\" content=\"Cup holder friendly stainless steel thermal insulated tumbler with foldable straw lid, easy for sipping, easy for ice cubes adding and cleaning.\" \/>\n<meta name=\"robots\" content=\"index, follow, max-snippet:-1, max-image-preview:large, max-video-preview:-1\" \/>\n<link rel=\"canonical\" href=\"https:\/\/customizedwaterbottles.com\/pt\/product\/100-leakproof-stainless-steel-40oz-tumblers-with-customized-logo\/\" \/>\n<meta property=\"og:locale\" content=\"pt_PT\" \/>\n<meta property=\"og:type\" content=\"article\" \/>\n<meta property=\"og:title\" content=\"100% Leakproof Stainless Steel 40oz Tumblers with Customized Logo\" \/>\n<meta property=\"og:description\" content=\"Cup holder friendly stainless steel thermal insulated tumbler with foldable straw lid, easy for sipping, easy for ice cubes adding and cleaning.\" \/>\n<meta property=\"og:url\" content=\"https:\/\/customizedwaterbottles.com\/pt\/product\/100-leakproof-stainless-steel-40oz-tumblers-with-customized-logo\/\" \/>\n<meta property=\"og:site_name\" content=\"iFun\" \/>\n<meta property=\"article:modified_time\" content=\"2025-07-11T03:48:50+00:00\" \/>\n<meta property=\"og:image\" content=\"https:\/\/customizedwaterbottles.com\/wp-content\/uploads\/2025\/07\/tumbler-with-2-in-1-lid-1.webp\" \/>\n\t<meta property=\"og:image:width\" content=\"800\" \/>\n\t<meta property=\"og:image:height\" content=\"800\" \/>\n\t<meta property=\"og:image:type\" content=\"image\/webp\" \/>\n<meta name=\"twitter:card\" content=\"summary_large_image\" \/>\n<meta name=\"twitter:label1\" content=\"Tempo estimado de leitura\" \/>\n\t<meta name=\"twitter:data1\" content=\"3 minutos\" \/>\n<script type=\"application\/ld+json\" class=\"yoast-schema-graph\">{\"@context\":\"https:\/\/schema.org\",\"@graph\":[{\"@type\":\"WebPage\",\"@id\":\"https:\/\/customizedwaterbottles.com\/product\/100-leakproof-stainless-steel-40oz-tumblers-with-customized-logo\/\",\"url\":\"https:\/\/customizedwaterbottles.com\/product\/100-leakproof-stainless-steel-40oz-tumblers-with-customized-logo\/\",\"name\":\"100% Leakproof Stainless Steel 40oz Tumblers with Customized Logo\",\"isPartOf\":{\"@id\":\"https:\/\/customizedwaterbottles.com\/#website\"},\"primaryImageOfPage\":{\"@id\":\"https:\/\/customizedwaterbottles.com\/product\/100-leakproof-stainless-steel-40oz-tumblers-with-customized-logo\/#primaryimage\"},\"image\":{\"@id\":\"https:\/\/customizedwaterbottles.com\/product\/100-leakproof-stainless-steel-40oz-tumblers-with-customized-logo\/#primaryimage\"},\"thumbnailUrl\":\"https:\/\/customizedwaterbottles.com\/wp-content\/uploads\/2025\/07\/tumbler-with-2-in-1-lid-1.webp\",\"datePublished\":\"2025-07-08T07:30:01+00:00\",\"dateModified\":\"2025-07-11T03:48:50+00:00\",\"description\":\"Cup holder friendly stainless steel thermal insulated tumbler with foldable straw lid, easy for sipping, easy for ice cubes adding and cleaning.\",\"breadcrumb\":{\"@id\":\"https:\/\/customizedwaterbottles.com\/product\/100-leakproof-stainless-steel-40oz-tumblers-with-customized-logo\/#breadcrumb\"},\"inLanguage\":\"pt-PT\",\"potentialAction\":[{\"@type\":\"ReadAction\",\"target\":[\"https:\/\/customizedwaterbottles.com\/product\/100-leakproof-stainless-steel-40oz-tumblers-with-customized-logo\/\"]}]},{\"@type\":\"ImageObject\",\"inLanguage\":\"pt-PT\",\"@id\":\"https:\/\/customizedwaterbottles.com\/product\/100-leakproof-stainless-steel-40oz-tumblers-with-customized-logo\/#primaryimage\",\"url\":\"https:\/\/customizedwaterbottles.com\/wp-content\/uploads\/2025\/07\/tumbler-with-2-in-1-lid-1.webp\",\"contentUrl\":\"https:\/\/customizedwaterbottles.com\/wp-content\/uploads\/2025\/07\/tumbler-with-2-in-1-lid-1.webp\",\"width\":800,\"height\":800},{\"@type\":\"BreadcrumbList\",\"@id\":\"https:\/\/customizedwaterbottles.com\/product\/100-leakproof-stainless-steel-40oz-tumblers-with-customized-logo\/#breadcrumb\",\"itemListElement\":[{\"@type\":\"ListItem\",\"position\":1,\"name\":\"Home\",\"item\":\"https:\/\/customizedwaterbottles.com\/\"},{\"@type\":\"ListItem\",\"position\":2,\"name\":\"Products\",\"item\":\"https:\/\/customizedwaterbottles.com\/wholesale-drinkware-manufacturer-water-bottles-tumblers\/\"},{\"@type\":\"ListItem\",\"position\":3,\"name\":\"100% Leakproof Stainless Steel 40oz Tumblers with Customized Logo 1081607T\"}]},{\"@type\":\"WebSite\",\"@id\":\"https:\/\/customizedwaterbottles.com\/#website\",\"url\":\"https:\/\/customizedwaterbottles.com\/\",\"name\":\"iFun\",\"description\":\"Water Bottles Stainless Steel Vacuum Flask\",\"potentialAction\":[{\"@type\":\"SearchAction\",\"target\":{\"@type\":\"EntryPoint\",\"urlTemplate\":\"https:\/\/customizedwaterbottles.com\/?s={search_term_string}\"},\"query-input\":{\"@type\":\"PropertyValueSpecification\",\"valueRequired\":true,\"valueName\":\"search_term_string\"}}],\"inLanguage\":\"pt-PT\"}]}<\/script>\n<!-- \/ Yoast SEO plugin. -->","yoast_head_json":{"title":"100% Leakproof Stainless Steel 40oz Tumblers with Customized Logo","description":"Cup holder friendly stainless steel thermal insulated tumbler with foldable straw lid, easy for sipping, easy for ice cubes adding and cleaning.","robots":{"index":"index","follow":"follow","max-snippet":"max-snippet:-1","max-image-preview":"max-image-preview:large","max-video-preview":"max-video-preview:-1"},"canonical":"https:\/\/customizedwaterbottles.com\/pt\/product\/100-leakproof-stainless-steel-40oz-tumblers-with-customized-logo\/","og_locale":"pt_PT","og_type":"article","og_title":"100% Leakproof Stainless Steel 40oz Tumblers with Customized Logo","og_description":"Cup holder friendly stainless steel thermal insulated tumbler with foldable straw lid, easy for sipping, easy for ice cubes adding and cleaning.","og_url":"https:\/\/customizedwaterbottles.com\/pt\/product\/100-leakproof-stainless-steel-40oz-tumblers-with-customized-logo\/","og_site_name":"iFun","article_modified_time":"2025-07-11T03:48:50+00:00","og_image":[{"width":800,"height":800,"url":"https:\/\/customizedwaterbottles.com\/wp-content\/uploads\/2025\/07\/tumbler-with-2-in-1-lid-1.webp","type":"image\/webp"}],"twitter_card":"summary_large_image","twitter_misc":{"Tempo estimado de leitura":"3 minutos"},"schema":{"@context":"https:\/\/schema.org","@graph":[{"@type":"WebPage","@id":"https:\/\/customizedwaterbottles.com\/product\/100-leakproof-stainless-steel-40oz-tumblers-with-customized-logo\/","url":"https:\/\/customizedwaterbottles.com\/product\/100-leakproof-stainless-steel-40oz-tumblers-with-customized-logo\/","name":"100% Leakproof Stainless Steel 40oz Tumblers with Customized Logo","isPartOf":{"@id":"https:\/\/customizedwaterbottles.com\/#website"},"primaryImageOfPage":{"@id":"https:\/\/customizedwaterbottles.com\/product\/100-leakproof-stainless-steel-40oz-tumblers-with-customized-logo\/#primaryimage"},"image":{"@id":"https:\/\/customizedwaterbottles.com\/product\/100-leakproof-stainless-steel-40oz-tumblers-with-customized-logo\/#primaryimage"},"thumbnailUrl":"https:\/\/customizedwaterbottles.com\/wp-content\/uploads\/2025\/07\/tumbler-with-2-in-1-lid-1.webp","datePublished":"2025-07-08T07:30:01+00:00","dateModified":"2025-07-11T03:48:50+00:00","description":"Cup holder friendly stainless steel thermal insulated tumbler with foldable straw lid, easy for sipping, easy for ice cubes adding and cleaning.","breadcrumb":{"@id":"https:\/\/customizedwaterbottles.com\/product\/100-leakproof-stainless-steel-40oz-tumblers-with-customized-logo\/#breadcrumb"},"inLanguage":"pt-PT","potentialAction":[{"@type":"ReadAction","target":["https:\/\/customizedwaterbottles.com\/product\/100-leakproof-stainless-steel-40oz-tumblers-with-customized-logo\/"]}]},{"@type":"ImageObject","inLanguage":"pt-PT","@id":"https:\/\/customizedwaterbottles.com\/product\/100-leakproof-stainless-steel-40oz-tumblers-with-customized-logo\/#primaryimage","url":"https:\/\/customizedwaterbottles.com\/wp-content\/uploads\/2025\/07\/tumbler-with-2-in-1-lid-1.webp","contentUrl":"https:\/\/customizedwaterbottles.com\/wp-content\/uploads\/2025\/07\/tumbler-with-2-in-1-lid-1.webp","width":800,"height":800},{"@type":"BreadcrumbList","@id":"https:\/\/customizedwaterbottles.com\/product\/100-leakproof-stainless-steel-40oz-tumblers-with-customized-logo\/#breadcrumb","itemListElement":[{"@type":"ListItem","position":1,"name":"Home","item":"https:\/\/customizedwaterbottles.com\/"},{"@type":"ListItem","position":2,"name":"Products","item":"https:\/\/customizedwaterbottles.com\/wholesale-drinkware-manufacturer-water-bottles-tumblers\/"},{"@type":"ListItem","position":3,"name":"100% Leakproof Stainless Steel 40oz Tumblers with Customized Logo 1081607T"}]},{"@type":"WebSite","@id":"https:\/\/customizedwaterbottles.com\/#website","url":"https:\/\/customizedwaterbottles.com\/","name":"iFun","description":"Water Bottles Stainless Steel Vacuum Flask","potentialAction":[{"@type":"SearchAction","target":{"@type":"EntryPoint","urlTemplate":"https:\/\/customizedwaterbottles.com\/?s={search_term_string}"},"query-input":{"@type":"PropertyValueSpecification","valueRequired":true,"valueName":"search_term_string"}}],"inLanguage":"pt-PT"}]}},"_links":{"self":[{"href":"https:\/\/customizedwaterbottles.com\/pt\/wp-json\/wp\/v2\/product\/2547","targetHints":{"allow":["GET"]}}],"collection":[{"href":"https:\/\/customizedwaterbottles.com\/pt\/wp-json\/wp\/v2\/product"}],"about":[{"href":"https:\/\/customizedwaterbottles.com\/pt\/wp-json\/wp\/v2\/types\/product"}],"replies":[{"embeddable":true,"href":"https:\/\/customizedwaterbottles.com\/pt\/wp-json\/wp\/v2\/comments?post=2547"}],"wp:featuredmedia":[{"embeddable":true,"href":"https:\/\/customizedwaterbottles.com\/pt\/wp-json\/wp\/v2\/media\/2551"}],"wp:attachment":[{"href":"https:\/\/customizedwaterbottles.com\/pt\/wp-json\/wp\/v2\/media?parent=2547"}],"wp:term":[{"taxonomy":"product_brand","embeddable":true,"href":"https:\/\/customizedwaterbottles.com\/pt\/wp-json\/wp\/v2\/product_brand?post=2547"},{"taxonomy":"product_cat","embeddable":true,"href":"https:\/\/customizedwaterbottles.com\/pt\/wp-json\/wp\/v2\/product_cat?post=2547"},{"taxonomy":"product_tag","embeddable":true,"href":"https:\/\/customizedwaterbottles.com\/pt\/wp-json\/wp\/v2\/product_tag?post=2547"}],"curies":[{"name":"wp","href":"https:\/\/api.w.org\/{rel}","templated":true}]}}