{"id":2616,"date":"2025-07-08T09:45:48","date_gmt":"2025-07-08T09:45:48","guid":{"rendered":"https:\/\/customizedwaterbottles.com\/?post_type=product&#038;p=2616"},"modified":"2025-07-11T06:21:29","modified_gmt":"2025-07-11T06:21:29","slug":"1l-yerba-mate-gourd-tea-cup-set","status":"publish","type":"product","link":"https:\/\/customizedwaterbottles.com\/pt\/product\/1l-yerba-mate-gourd-tea-cup-set\/","title":{"rendered":"Conjunto de garrafa de \u00e1gua de a\u00e7o inoxid\u00e1vel de 1L e copos de 260 ml 1081603M"},"content":{"rendered":"<table>\n<tbody>\n<tr>\n<td width=\"426\">Nome do produto<\/td>\n<td width=\"426\">Custom Logo Wholesale Yerba Mate Natural Gourd\/Tea Cup Set Brown Original Traditional 8oz Mate Cup<\/td>\n<\/tr>\n<tr>\n<td width=\"426\">Capacidade<\/td>\n<td width=\"426\">8oz<\/td>\n<\/tr>\n<tr>\n<td width=\"426\">Material<\/td>\n<td width=\"426\">Parede dupla em a\u00e7o inoxid\u00e1vel<\/td>\n<\/tr>\n<tr>\n<td width=\"426\">Cor<\/td>\n<td width=\"426\">Pintura brilhante, pintura mate, revestimento a p\u00f3, etc.<\/td>\n<\/tr>\n<tr>\n<td width=\"426\">Log\u00f3tipo<\/td>\n<td width=\"426\">Impress\u00e3o serigr\u00e1fica, impress\u00e3o por transfer\u00eancia t\u00e9rmica, grava\u00e7\u00e3o a laser, transfer\u00eancia de \u00e1gua, etc.<\/td>\n<\/tr>\n<tr>\n<td width=\"426\">MOQ<\/td>\n<td width=\"426\">50 unidades<\/td>\n<\/tr>\n<tr>\n<td width=\"426\">Tempo de amostragem<\/td>\n<td width=\"426\">3- 7 dias para a conce\u00e7\u00e3o personalizada<\/td>\n<\/tr>\n<tr>\n<td width=\"426\">Certifica\u00e7\u00e3o<\/td>\n<td width=\"426\">FDA, LFGB<\/td>\n<\/tr>\n<tr>\n<td width=\"426\">Embalagem<\/td>\n<td width=\"426\">Caixa branca, caixa a cores ou caixa com design personalizado<\/td>\n<\/tr>\n<tr>\n<td width=\"426\">Capacidade de produ\u00e7\u00e3o<\/td>\n<td width=\"426\">500.000 unidades por m\u00eas<\/td>\n<\/tr>\n<tr>\n<td width=\"426\">Prazo de entrega<\/td>\n<td width=\"426\">25- 35 dias para quantidades inferiores a 20.000 unidades<\/td>\n<\/tr>\n<\/tbody>\n<\/table>\n<h2><strong>Why choose Custom Wholesale Yerba Mate Natural Gourd\/Tea Cup Set Brown Original Traditional 8oz Mate Cup ?<\/strong><\/h2>\n<p><strong>1. Constru\u00e7\u00e3o em a\u00e7o inoxid\u00e1vel 304 de alta qualidade<\/strong><\/p>\n<p>Ifun Stainless Steel Mate Tea Cups is crafted from food-grade 304 stainless steel, ensuring durability, easy cleaning, and long-lasting performance. The 100% BPA-free lid guarantees a safe and healthy drinking experience, free from harmful chemicals.<\/p>\n<p><strong>2. Diswash safe It\u2019s dishwasher safe making clean-up so much easier and less hassle.\u00a0<\/strong><\/p>\n<p>This upgraded wide mouth features Large Capacity 64oz Vacuum Insulated Stainless Steel Tumbler Mate Tea Cups With Lid And Handle<\/p>\n<p><strong>3. Design \u00e0 prova de fugas\u00a0<\/strong><\/p>\n<p>Ifun Large Capacity 64oz Vacuum Insulated Stainless Steel Tumbler Mate Tea Cups With Lid And Handle a flip-top cap against spilling and leaking and the lid won\u2019t burst open when dropped.<\/p>\n<p><strong>4.<\/strong><strong>weat-Free Exterior<\/strong><\/p>\n<p>O nosso frasco de v\u00e1cuo isolado a v\u00e1cuo n\u00e3o s\u00f3 mant\u00e9m as bebidas frias, como tamb\u00e9m mant\u00e9m o exterior seco. N\u00e3o precisa de se preocupar com a condensa\u00e7\u00e3o das bebidas frias que molha as suas m\u00e3os ou a mesa.<\/p>\n<p><strong>Mais de 6,15 anos de experi\u00eancia no sector do fabrico<\/strong><\/p>\n<p>Ifun concentra-se em produtos de bebidas h\u00e1 mais de 15 anos, os nossos produtos incluem copos de a\u00e7o inoxid\u00e1vel, garrafas de \u00e1gua com isolamento a v\u00e1cuo, canecas de viagem, copos t\u00e9rmicos, etc. Temos equipas profissionais para garantir produtos de alta qualidade.<\/p>\n<p>&nbsp;<\/p>\n<p><img decoding=\"async\" class=\"alignnone wp-image-2619\" src=\"https:\/\/customizedwaterbottles.com\/wp-content\/uploads\/2025\/07\/Termo-De-Agua-Friocalor-1-L-Mate-260-Ml-Con-Bombilla-Azul-1.webp\" alt=\"\" width=\"802\" height=\"802\" srcset=\"https:\/\/customizedwaterbottles.com\/wp-content\/uploads\/2025\/07\/Termo-De-Agua-Friocalor-1-L-Mate-260-Ml-Con-Bombilla-Azul-1.webp 1200w, https:\/\/customizedwaterbottles.com\/wp-content\/uploads\/2025\/07\/Termo-De-Agua-Friocalor-1-L-Mate-260-Ml-Con-Bombilla-Azul-1-1024x1024.webp 1024w, https:\/\/customizedwaterbottles.com\/wp-content\/uploads\/2025\/07\/Termo-De-Agua-Friocalor-1-L-Mate-260-Ml-Con-Bombilla-Azul-1-768x768.webp 768w, https:\/\/customizedwaterbottles.com\/wp-content\/uploads\/2025\/07\/Termo-De-Agua-Friocalor-1-L-Mate-260-Ml-Con-Bombilla-Azul-1-300x300.webp 300w, https:\/\/customizedwaterbottles.com\/wp-content\/uploads\/2025\/07\/Termo-De-Agua-Friocalor-1-L-Mate-260-Ml-Con-Bombilla-Azul-1-600x600.webp 600w, https:\/\/customizedwaterbottles.com\/wp-content\/uploads\/2025\/07\/Termo-De-Agua-Friocalor-1-L-Mate-260-Ml-Con-Bombilla-Azul-1-100x100.webp 100w\" sizes=\"(max-width: 802px) 100vw, 802px\" \/> \u00a0\u00a0<img decoding=\"async\" class=\"alignnone wp-image-2622\" src=\"https:\/\/customizedwaterbottles.com\/wp-content\/uploads\/2025\/07\/Termo-De-Agua-Friocalor-1-L-Mate-260-Ml-Con-Bombilla-Azul-4.webp\" alt=\"\" width=\"824\" height=\"824\" srcset=\"https:\/\/customizedwaterbottles.com\/wp-content\/uploads\/2025\/07\/Termo-De-Agua-Friocalor-1-L-Mate-260-Ml-Con-Bombilla-Azul-4.webp 1920w, https:\/\/customizedwaterbottles.com\/wp-content\/uploads\/2025\/07\/Termo-De-Agua-Friocalor-1-L-Mate-260-Ml-Con-Bombilla-Azul-4-1024x1024.webp 1024w, https:\/\/customizedwaterbottles.com\/wp-content\/uploads\/2025\/07\/Termo-De-Agua-Friocalor-1-L-Mate-260-Ml-Con-Bombilla-Azul-4-768x768.webp 768w, https:\/\/customizedwaterbottles.com\/wp-content\/uploads\/2025\/07\/Termo-De-Agua-Friocalor-1-L-Mate-260-Ml-Con-Bombilla-Azul-4-1536x1536.webp 1536w, https:\/\/customizedwaterbottles.com\/wp-content\/uploads\/2025\/07\/Termo-De-Agua-Friocalor-1-L-Mate-260-Ml-Con-Bombilla-Azul-4-300x300.webp 300w, https:\/\/customizedwaterbottles.com\/wp-content\/uploads\/2025\/07\/Termo-De-Agua-Friocalor-1-L-Mate-260-Ml-Con-Bombilla-Azul-4-600x600.webp 600w, https:\/\/customizedwaterbottles.com\/wp-content\/uploads\/2025\/07\/Termo-De-Agua-Friocalor-1-L-Mate-260-Ml-Con-Bombilla-Azul-4-100x100.webp 100w\" sizes=\"(max-width: 824px) 100vw, 824px\" \/> <img decoding=\"async\" class=\"alignnone wp-image-2623\" src=\"https:\/\/customizedwaterbottles.com\/wp-content\/uploads\/2025\/07\/Termo-De-Agua-Friocalor-1-L-Mate-260-Ml-Con-Bombilla-Azul-6.webp\" alt=\"\" width=\"835\" height=\"835\" srcset=\"https:\/\/customizedwaterbottles.com\/wp-content\/uploads\/2025\/07\/Termo-De-Agua-Friocalor-1-L-Mate-260-Ml-Con-Bombilla-Azul-6.webp 1920w, https:\/\/customizedwaterbottles.com\/wp-content\/uploads\/2025\/07\/Termo-De-Agua-Friocalor-1-L-Mate-260-Ml-Con-Bombilla-Azul-6-1024x1024.webp 1024w, https:\/\/customizedwaterbottles.com\/wp-content\/uploads\/2025\/07\/Termo-De-Agua-Friocalor-1-L-Mate-260-Ml-Con-Bombilla-Azul-6-768x768.webp 768w, https:\/\/customizedwaterbottles.com\/wp-content\/uploads\/2025\/07\/Termo-De-Agua-Friocalor-1-L-Mate-260-Ml-Con-Bombilla-Azul-6-1536x1536.webp 1536w, https:\/\/customizedwaterbottles.com\/wp-content\/uploads\/2025\/07\/Termo-De-Agua-Friocalor-1-L-Mate-260-Ml-Con-Bombilla-Azul-6-300x300.webp 300w, https:\/\/customizedwaterbottles.com\/wp-content\/uploads\/2025\/07\/Termo-De-Agua-Friocalor-1-L-Mate-260-Ml-Con-Bombilla-Azul-6-600x600.webp 600w, https:\/\/customizedwaterbottles.com\/wp-content\/uploads\/2025\/07\/Termo-De-Agua-Friocalor-1-L-Mate-260-Ml-Con-Bombilla-Azul-6-100x100.webp 100w\" sizes=\"(max-width: 835px) 100vw, 835px\" \/> <img decoding=\"async\" class=\"alignnone wp-image-2624\" src=\"https:\/\/customizedwaterbottles.com\/wp-content\/uploads\/2025\/07\/Termo-De-Agua-Friocalor-1-L-Mate-260-Ml-Con-Bombilla-Azul-7.webp\" alt=\"\" width=\"848\" height=\"848\" srcset=\"https:\/\/customizedwaterbottles.com\/wp-content\/uploads\/2025\/07\/Termo-De-Agua-Friocalor-1-L-Mate-260-Ml-Con-Bombilla-Azul-7.webp 1920w, https:\/\/customizedwaterbottles.com\/wp-content\/uploads\/2025\/07\/Termo-De-Agua-Friocalor-1-L-Mate-260-Ml-Con-Bombilla-Azul-7-1024x1024.webp 1024w, https:\/\/customizedwaterbottles.com\/wp-content\/uploads\/2025\/07\/Termo-De-Agua-Friocalor-1-L-Mate-260-Ml-Con-Bombilla-Azul-7-768x768.webp 768w, https:\/\/customizedwaterbottles.com\/wp-content\/uploads\/2025\/07\/Termo-De-Agua-Friocalor-1-L-Mate-260-Ml-Con-Bombilla-Azul-7-1536x1536.webp 1536w, https:\/\/customizedwaterbottles.com\/wp-content\/uploads\/2025\/07\/Termo-De-Agua-Friocalor-1-L-Mate-260-Ml-Con-Bombilla-Azul-7-300x300.webp 300w, https:\/\/customizedwaterbottles.com\/wp-content\/uploads\/2025\/07\/Termo-De-Agua-Friocalor-1-L-Mate-260-Ml-Con-Bombilla-Azul-7-600x600.webp 600w, https:\/\/customizedwaterbottles.com\/wp-content\/uploads\/2025\/07\/Termo-De-Agua-Friocalor-1-L-Mate-260-Ml-Con-Bombilla-Azul-7-100x100.webp 100w\" sizes=\"(max-width: 848px) 100vw, 848px\" \/> <img decoding=\"async\" class=\"alignnone size-full wp-image-2620\" src=\"https:\/\/customizedwaterbottles.com\/wp-content\/uploads\/2025\/07\/Termo-De-Agua-Friocalor-1-L-Mate-260-Ml-Con-Bombilla-Azul-2.webp\" alt=\"\" width=\"800\" height=\"800\" srcset=\"https:\/\/customizedwaterbottles.com\/wp-content\/uploads\/2025\/07\/Termo-De-Agua-Friocalor-1-L-Mate-260-Ml-Con-Bombilla-Azul-2.webp 800w, https:\/\/customizedwaterbottles.com\/wp-content\/uploads\/2025\/07\/Termo-De-Agua-Friocalor-1-L-Mate-260-Ml-Con-Bombilla-Azul-2-768x768.webp 768w, https:\/\/customizedwaterbottles.com\/wp-content\/uploads\/2025\/07\/Termo-De-Agua-Friocalor-1-L-Mate-260-Ml-Con-Bombilla-Azul-2-300x300.webp 300w, https:\/\/customizedwaterbottles.com\/wp-content\/uploads\/2025\/07\/Termo-De-Agua-Friocalor-1-L-Mate-260-Ml-Con-Bombilla-Azul-2-600x600.webp 600w, https:\/\/customizedwaterbottles.com\/wp-content\/uploads\/2025\/07\/Termo-De-Agua-Friocalor-1-L-Mate-260-Ml-Con-Bombilla-Azul-2-100x100.webp 100w\" sizes=\"(max-width: 800px) 100vw, 800px\" \/><\/p>\n<p>&nbsp;<\/p>\n<p>&nbsp;<\/p>\n<p>&nbsp;<\/p>","protected":false},"excerpt":{"rendered":"<h3><strong>Carater\u00edsticas do produto:<\/strong><\/h3>\n<ul>\n<li><strong>The ultimate insulated mate cups for hot and cold:<\/strong> Ifun Yerba Mate Natural Gourd\/Tea Cup Set Original Traditional 8oz Mate Cup uses double-layer vacuum insulation to keep your favorite drinks for 12 hours or 24 hours for cold drinks. Vacuum insulation reduces temperature transfer and prevents hand burns. The ideal bottle for everyday use.<\/li>\n<li><strong>Tampa \u00e0 prova de fugas e resistente a derrames:<\/strong> Possui uma tampa de rosca de engenharia de precis\u00e3o com um selo de silicone de qualidade alimentar. Este frasco de v\u00e1cuo evita fugas, derrames ou pingos, n\u00e3o precisa de se preocupar quando viaja para o exterior.<\/li>\n<li><strong>Exterior \u00e0 prova de suor:<\/strong>\u00a0A tecnologia de isolamento a v\u00e1cuo n\u00e3o s\u00f3 mant\u00e9m a temperatura como tamb\u00e9m garante que a superf\u00edcie exterior se mant\u00e9m livre de condensa\u00e7\u00e3o. N\u00e3o h\u00e1 mais m\u00e3os, sacos ou superf\u00edcies molhadas.<\/li>\n<li><strong>Abertura de boca larga:<\/strong> O frasco isolado Ifun enche-se facilmente com l\u00edquidos ou cubos de gelo, limpa-se sem esfor\u00e7o com a m\u00e3o ou com uma escova e \u00e9 conveniente beber diretamente do frasco.<\/li>\n<li><strong>Pega de transporte integrada e segura:<\/strong> Existe uma pega de transporte em a\u00e7o inoxid\u00e1vel robusta e ergonomicamente concebida, perfeitamente ligada \u00e0 tampa, que proporciona uma ader\u00eancia confort\u00e1vel e fi\u00e1vel para uma f\u00e1cil portabilidade em viagem.<\/li>\n<li><strong>Design f\u00e1cil de limpar:<\/strong> A boca larga e o interior liso e n\u00e3o poroso em a\u00e7o inoxid\u00e1vel 304 permitem uma limpeza sem esfor\u00e7o. Lava-se facilmente \u00e0 m\u00e3o.<\/li>\n<li><strong>V\u00e1rios tamanhos dispon\u00edveis: <\/strong>550ml, 750ml or customized.<\/li>\n<\/ul>\n<h3><strong>Servi\u00e7os personalizados:<\/strong><\/h3>\n<ul>\n<li><strong>Log\u00f3tipo e design:<\/strong> Ifun Custom Logo Wholesale Vacuum Insulated Stainless Steel Tumbler Mate Tea Cups With Lid And Handle support custom your brand logo. We can make your logo &amp; design with screen printing, laser engraved, heat transfer, 3D printing, UV printing etc.<\/li>\n<li><strong>Cor:<\/strong> As cores podem ser personalizadas de acordo com o n\u00famero de cor pantone, podemos faz\u00ea-lo com acabamento mate, pintura brilhante, revestimento em p\u00f3, etc.<\/li>\n<li><strong>Capacidade:<\/strong> We have 1000ml, 1200ml, other capacity themos mate bottles we can also custom for you.<\/li>\n<li><strong>Tampas: <\/strong>Temos tampa de pega, tampa de palha, tampa flip, tampa de copo para a sua escolha, a cor pode ser personalizada.<\/li>\n<li><strong>Embalagem: <\/strong>Caixa de cor, caixa branca, caixa de oferta, caixa de cart\u00e3o castanho, caixa cil\u00edndrica, etc.<\/li>\n<\/ul>","protected":false},"featured_media":2738,"comment_status":"open","ping_status":"closed","template":"","meta":[],"product_brand":[],"product_cat":[28],"product_tag":[90,86,89,87],"class_list":{"0":"post-2616","1":"product","2":"type-product","3":"status-publish","4":"has-post-thumbnail","6":"product_cat-mate-cups","7":"product_tag-custom-wholesale-yerba-mate-natural-gourd","8":"product_tag-mate-cups-set","9":"product_tag-traditional-8oz-mate-cup","10":"product_tag-yerba-mate-cup-set","12":"first","13":"instock","14":"shipping-taxable","15":"product-type-simple"},"yoast_head":"<!-- This site is optimized with the Yoast SEO plugin v25.4 - https:\/\/yoast.com\/wordpress\/plugins\/seo\/ -->\n<title>Wholesale 1L Stainless Steel Water Bottle And 260ml Mate Cups Set 1081603M - iFun<\/title>\n<meta name=\"description\" content=\"Discover Wholesale 1L Yerba Mate Gourd &amp; Tea Cup Set, featuring authentic traditional design and high-quality craftsmanship. Perfect for yerba mate enthusiasts, Ideal for wholesale purchase and gift-giving.\" \/>\n<meta name=\"robots\" content=\"index, follow, max-snippet:-1, max-image-preview:large, max-video-preview:-1\" \/>\n<link rel=\"canonical\" href=\"https:\/\/customizedwaterbottles.com\/pt\/product\/1l-yerba-mate-gourd-tea-cup-set\/\" \/>\n<meta property=\"og:locale\" content=\"pt_PT\" \/>\n<meta property=\"og:type\" content=\"article\" \/>\n<meta property=\"og:title\" content=\"Wholesale 1L Stainless Steel Water Bottle And 260ml Mate Cups Set 1081603M - iFun\" \/>\n<meta property=\"og:description\" content=\"Discover Wholesale 1L Yerba Mate Gourd &amp; Tea Cup Set, featuring authentic traditional design and high-quality craftsmanship. Perfect for yerba mate enthusiasts, Ideal for wholesale purchase and gift-giving.\" \/>\n<meta property=\"og:url\" content=\"https:\/\/customizedwaterbottles.com\/pt\/product\/1l-yerba-mate-gourd-tea-cup-set\/\" \/>\n<meta property=\"og:site_name\" content=\"iFun\" \/>\n<meta property=\"article:modified_time\" content=\"2025-07-11T06:21:29+00:00\" \/>\n<meta property=\"og:image\" content=\"https:\/\/customizedwaterbottles.com\/wp-content\/uploads\/2025\/07\/thermos-mate-bottles-set.webp\" \/>\n\t<meta property=\"og:image:width\" content=\"800\" \/>\n\t<meta property=\"og:image:height\" content=\"800\" \/>\n\t<meta property=\"og:image:type\" content=\"image\/webp\" \/>\n<meta name=\"twitter:card\" content=\"summary_large_image\" \/>\n<meta name=\"twitter:label1\" content=\"Tempo estimado de leitura\" \/>\n\t<meta name=\"twitter:data1\" content=\"3 minutos\" \/>\n<script type=\"application\/ld+json\" class=\"yoast-schema-graph\">{\"@context\":\"https:\/\/schema.org\",\"@graph\":[{\"@type\":\"WebPage\",\"@id\":\"https:\/\/customizedwaterbottles.com\/product\/1l-yerba-mate-gourd-tea-cup-set\/\",\"url\":\"https:\/\/customizedwaterbottles.com\/product\/1l-yerba-mate-gourd-tea-cup-set\/\",\"name\":\"Wholesale 1L Stainless Steel Water Bottle And 260ml Mate Cups Set 1081603M - iFun\",\"isPartOf\":{\"@id\":\"https:\/\/customizedwaterbottles.com\/#website\"},\"primaryImageOfPage\":{\"@id\":\"https:\/\/customizedwaterbottles.com\/product\/1l-yerba-mate-gourd-tea-cup-set\/#primaryimage\"},\"image\":{\"@id\":\"https:\/\/customizedwaterbottles.com\/product\/1l-yerba-mate-gourd-tea-cup-set\/#primaryimage\"},\"thumbnailUrl\":\"https:\/\/customizedwaterbottles.com\/wp-content\/uploads\/2025\/07\/thermos-mate-bottles-set.webp\",\"datePublished\":\"2025-07-08T09:45:48+00:00\",\"dateModified\":\"2025-07-11T06:21:29+00:00\",\"description\":\"Discover Wholesale 1L Yerba Mate Gourd & Tea Cup Set, featuring authentic traditional design and high-quality craftsmanship. Perfect for yerba mate enthusiasts, Ideal for wholesale purchase and gift-giving.\",\"breadcrumb\":{\"@id\":\"https:\/\/customizedwaterbottles.com\/product\/1l-yerba-mate-gourd-tea-cup-set\/#breadcrumb\"},\"inLanguage\":\"pt-PT\",\"potentialAction\":[{\"@type\":\"ReadAction\",\"target\":[\"https:\/\/customizedwaterbottles.com\/product\/1l-yerba-mate-gourd-tea-cup-set\/\"]}]},{\"@type\":\"ImageObject\",\"inLanguage\":\"pt-PT\",\"@id\":\"https:\/\/customizedwaterbottles.com\/product\/1l-yerba-mate-gourd-tea-cup-set\/#primaryimage\",\"url\":\"https:\/\/customizedwaterbottles.com\/wp-content\/uploads\/2025\/07\/thermos-mate-bottles-set.webp\",\"contentUrl\":\"https:\/\/customizedwaterbottles.com\/wp-content\/uploads\/2025\/07\/thermos-mate-bottles-set.webp\",\"width\":800,\"height\":800},{\"@type\":\"BreadcrumbList\",\"@id\":\"https:\/\/customizedwaterbottles.com\/product\/1l-yerba-mate-gourd-tea-cup-set\/#breadcrumb\",\"itemListElement\":[{\"@type\":\"ListItem\",\"position\":1,\"name\":\"Home\",\"item\":\"https:\/\/customizedwaterbottles.com\/\"},{\"@type\":\"ListItem\",\"position\":2,\"name\":\"Products\",\"item\":\"https:\/\/customizedwaterbottles.com\/wholesale-drinkware-manufacturer-water-bottles-tumblers\/\"},{\"@type\":\"ListItem\",\"position\":3,\"name\":\"Wholesale 1L Stainless Steel Water Bottle And 260ml Mate Cups Set 1081603M\"}]},{\"@type\":\"WebSite\",\"@id\":\"https:\/\/customizedwaterbottles.com\/#website\",\"url\":\"https:\/\/customizedwaterbottles.com\/\",\"name\":\"iFun\",\"description\":\"Water Bottles Stainless Steel Vacuum Flask\",\"potentialAction\":[{\"@type\":\"SearchAction\",\"target\":{\"@type\":\"EntryPoint\",\"urlTemplate\":\"https:\/\/customizedwaterbottles.com\/?s={search_term_string}\"},\"query-input\":{\"@type\":\"PropertyValueSpecification\",\"valueRequired\":true,\"valueName\":\"search_term_string\"}}],\"inLanguage\":\"pt-PT\"}]}<\/script>\n<!-- \/ Yoast SEO plugin. -->","yoast_head_json":{"title":"Wholesale 1L Stainless Steel Water Bottle And 260ml Mate Cups Set 1081603M - iFun","description":"Discover Wholesale 1L Yerba Mate Gourd & Tea Cup Set, featuring authentic traditional design and high-quality craftsmanship. Perfect for yerba mate enthusiasts, Ideal for wholesale purchase and gift-giving.","robots":{"index":"index","follow":"follow","max-snippet":"max-snippet:-1","max-image-preview":"max-image-preview:large","max-video-preview":"max-video-preview:-1"},"canonical":"https:\/\/customizedwaterbottles.com\/pt\/product\/1l-yerba-mate-gourd-tea-cup-set\/","og_locale":"pt_PT","og_type":"article","og_title":"Wholesale 1L Stainless Steel Water Bottle And 260ml Mate Cups Set 1081603M - iFun","og_description":"Discover Wholesale 1L Yerba Mate Gourd & Tea Cup Set, featuring authentic traditional design and high-quality craftsmanship. Perfect for yerba mate enthusiasts, Ideal for wholesale purchase and gift-giving.","og_url":"https:\/\/customizedwaterbottles.com\/pt\/product\/1l-yerba-mate-gourd-tea-cup-set\/","og_site_name":"iFun","article_modified_time":"2025-07-11T06:21:29+00:00","og_image":[{"width":800,"height":800,"url":"https:\/\/customizedwaterbottles.com\/wp-content\/uploads\/2025\/07\/thermos-mate-bottles-set.webp","type":"image\/webp"}],"twitter_card":"summary_large_image","twitter_misc":{"Tempo estimado de leitura":"3 minutos"},"schema":{"@context":"https:\/\/schema.org","@graph":[{"@type":"WebPage","@id":"https:\/\/customizedwaterbottles.com\/product\/1l-yerba-mate-gourd-tea-cup-set\/","url":"https:\/\/customizedwaterbottles.com\/product\/1l-yerba-mate-gourd-tea-cup-set\/","name":"Wholesale 1L Stainless Steel Water Bottle And 260ml Mate Cups Set 1081603M - iFun","isPartOf":{"@id":"https:\/\/customizedwaterbottles.com\/#website"},"primaryImageOfPage":{"@id":"https:\/\/customizedwaterbottles.com\/product\/1l-yerba-mate-gourd-tea-cup-set\/#primaryimage"},"image":{"@id":"https:\/\/customizedwaterbottles.com\/product\/1l-yerba-mate-gourd-tea-cup-set\/#primaryimage"},"thumbnailUrl":"https:\/\/customizedwaterbottles.com\/wp-content\/uploads\/2025\/07\/thermos-mate-bottles-set.webp","datePublished":"2025-07-08T09:45:48+00:00","dateModified":"2025-07-11T06:21:29+00:00","description":"Discover Wholesale 1L Yerba Mate Gourd & Tea Cup Set, featuring authentic traditional design and high-quality craftsmanship. Perfect for yerba mate enthusiasts, Ideal for wholesale purchase and gift-giving.","breadcrumb":{"@id":"https:\/\/customizedwaterbottles.com\/product\/1l-yerba-mate-gourd-tea-cup-set\/#breadcrumb"},"inLanguage":"pt-PT","potentialAction":[{"@type":"ReadAction","target":["https:\/\/customizedwaterbottles.com\/product\/1l-yerba-mate-gourd-tea-cup-set\/"]}]},{"@type":"ImageObject","inLanguage":"pt-PT","@id":"https:\/\/customizedwaterbottles.com\/product\/1l-yerba-mate-gourd-tea-cup-set\/#primaryimage","url":"https:\/\/customizedwaterbottles.com\/wp-content\/uploads\/2025\/07\/thermos-mate-bottles-set.webp","contentUrl":"https:\/\/customizedwaterbottles.com\/wp-content\/uploads\/2025\/07\/thermos-mate-bottles-set.webp","width":800,"height":800},{"@type":"BreadcrumbList","@id":"https:\/\/customizedwaterbottles.com\/product\/1l-yerba-mate-gourd-tea-cup-set\/#breadcrumb","itemListElement":[{"@type":"ListItem","position":1,"name":"Home","item":"https:\/\/customizedwaterbottles.com\/"},{"@type":"ListItem","position":2,"name":"Products","item":"https:\/\/customizedwaterbottles.com\/wholesale-drinkware-manufacturer-water-bottles-tumblers\/"},{"@type":"ListItem","position":3,"name":"Wholesale 1L Stainless Steel Water Bottle And 260ml Mate Cups Set 1081603M"}]},{"@type":"WebSite","@id":"https:\/\/customizedwaterbottles.com\/#website","url":"https:\/\/customizedwaterbottles.com\/","name":"iFun","description":"Water Bottles Stainless Steel Vacuum Flask","potentialAction":[{"@type":"SearchAction","target":{"@type":"EntryPoint","urlTemplate":"https:\/\/customizedwaterbottles.com\/?s={search_term_string}"},"query-input":{"@type":"PropertyValueSpecification","valueRequired":true,"valueName":"search_term_string"}}],"inLanguage":"pt-PT"}]}},"_links":{"self":[{"href":"https:\/\/customizedwaterbottles.com\/pt\/wp-json\/wp\/v2\/product\/2616","targetHints":{"allow":["GET"]}}],"collection":[{"href":"https:\/\/customizedwaterbottles.com\/pt\/wp-json\/wp\/v2\/product"}],"about":[{"href":"https:\/\/customizedwaterbottles.com\/pt\/wp-json\/wp\/v2\/types\/product"}],"replies":[{"embeddable":true,"href":"https:\/\/customizedwaterbottles.com\/pt\/wp-json\/wp\/v2\/comments?post=2616"}],"wp:featuredmedia":[{"embeddable":true,"href":"https:\/\/customizedwaterbottles.com\/pt\/wp-json\/wp\/v2\/media\/2738"}],"wp:attachment":[{"href":"https:\/\/customizedwaterbottles.com\/pt\/wp-json\/wp\/v2\/media?parent=2616"}],"wp:term":[{"taxonomy":"product_brand","embeddable":true,"href":"https:\/\/customizedwaterbottles.com\/pt\/wp-json\/wp\/v2\/product_brand?post=2616"},{"taxonomy":"product_cat","embeddable":true,"href":"https:\/\/customizedwaterbottles.com\/pt\/wp-json\/wp\/v2\/product_cat?post=2616"},{"taxonomy":"product_tag","embeddable":true,"href":"https:\/\/customizedwaterbottles.com\/pt\/wp-json\/wp\/v2\/product_tag?post=2616"}],"curies":[{"name":"wp","href":"https:\/\/api.w.org\/{rel}","templated":true}]}}